{"id":955,"date":"2023-10-18T23:35:05","date_gmt":"2023-10-18T23:35:05","guid":{"rendered":"https:\/\/dev.objektmobiliar.ch\/?page_id=955"},"modified":"2025-11-23T10:55:24","modified_gmt":"2025-11-23T10:55:24","slug":"chaise-longue-relax-nappy","status":"publish","type":"page","link":"https:\/\/objektmobiliar.ch\/fr\/moebel\/personal-und-bueromoebel\/relaxliege-nappy\/","title":{"rendered":"Nappy Chaise longue"},"content":{"rendered":"<div class=\"lazyblock-produkt-detail-ozg-Z1Ut3oJ wp-block-lazyblock-produkt-detail-ozg\"><section class=\"sct\">\r\n      <div class=\"cnt\">\r\n        <div class=\"elmnt-product-desc\">\r\n          <div class=\"product-desc-box\"><img decoding=\"async\" src=\"https:\/\/objektmobiliar.ch\/wp-content\/uploads\/2025\/07\/Ruhe-und-Relaxliege-fuer-Personal.jpg\" loading=\"lazy\" alt=\"\" class=\"product-desc-img\"><\/div>\r\n          <div class=\"product-desc-txt\">\r\n            <h1 class=\"txt-product-headline\">Relaxliege Nappy<\/h1>\r\n            <h2 class=\"txt-product-subline\">DIE ULTIMATIVE RUHELIEGE F\u00dcR DAS PERSONAL.<\/h2>\r\n            <div class=\"w-richtext\">\r\n              <p>Die Ruhe- und Relaxliege Nappy ist die ideale Erg\u00e4nzung f\u00fcr Ihre Personalr\u00e4ume, denn Sie bietet eine einfache M\u00f6glichkeit, kurze Pausen effektiv zur Regeneration zu nutzen. Gezielte Erholungsphasen sind entscheidend f\u00fcr das Wohlbefinden und die Leistungsf\u00e4higkeit Ihrer Mitarbeitenden. Dies tr\u00e4gt zur Stressreduktion bei und kann die Motivation und Zufriedenheit des Teams nachhaltig st\u00e4rken.<\/p>\n<p><strong>\u00dcbrigens:<\/strong> Wie bei allen unserem M\u00f6beln k\u00f6nnen Sie auch bei der Ruhe- und Relaxliege Nappy das Bezugsmaterial sowie dessen Farbe(n) selbst nach Wunsch w\u00e4hlen. Fragen Sie die verschiedenen Optionen gleich bei uns an.<\/p>\r\n            <\/div>\r\n            <a onclick=\"splite_loader();\" class=\"btn\">Jetzt anfragen<\/a>\r\n          <\/div>\r\n        <\/div>\r\n      <\/div>\r\n    <\/section><\/div>\n\n<div class=\"lazyblock-produkt-slider-ozg-VaPqc wp-block-lazyblock-produkt-slider-ozg\"><section class=\"sct\">\r\n  <div class=\"cnt semi\">\r\n    <div class=\"intro-txt\">\r\n        <h2>Modelle und Ausf\u00fchrungen<\/h2>\r\n    <\/div>\r\n    \r\n    <div class=\"elmnt-similar-products\">\r\n      <div class=\"similar-product\"><img decoding=\"async\" src=\"https:\/\/objektmobiliar.ch\/wp-content\/uploads\/2023\/10\/liege-orange-schoko-polster.jpg\" loading=\"eager\" alt=\"Relaxliege Nappy, Art.-Nr. 220-0800\/S\" class=\"similar-product-img\">\r\n        <div class=\"center\">\r\n          <div class=\"w-richtext\">\r\n            <p><strong>Relaxliege Nappy,<br><\/strong>Art.-Nr. 220-0800\/S<\/p>\r\n          <\/div>\r\n          \r\n        <\/div>\r\n      <\/div>\r\n      <div class=\"similar-product\"><img decoding=\"async\" src=\"https:\/\/objektmobiliar.ch\/wp-content\/uploads\/2023\/10\/sand-kiwi-2.jpg\" loading=\"eager\" alt=\"Relaxliege Nappy, Art.-Nr. 220-0800\/S\" class=\"similar-product-img\">\r\n        <div class=\"center\">\r\n          <div class=\"w-richtext\">\r\n            <p><strong>Relaxliege Nappy,<br><\/strong>Art.-Nr. 220-0800\/S<\/p>\r\n          <\/div>\r\n          \r\n        <\/div>\r\n      <\/div>\r\n      <div class=\"similar-product\"><img decoding=\"async\" src=\"https:\/\/objektmobiliar.ch\/wp-content\/uploads\/2023\/10\/rosso-dunkelgrau-2.jpg\" loading=\"eager\" alt=\"Relaxliege Nappy, Art.-Nr. 220-0800\/S\" class=\"similar-product-img\">\r\n        <div class=\"center\">\r\n          <div class=\"w-richtext\">\r\n            <p><strong>Relaxliege Nappy,<br><\/strong>Art.-Nr. 220-0800\/S<\/p>\r\n          <\/div>\r\n          \r\n        <\/div>\r\n      <\/div>\r\n      <div class=\"similar-product\"><img decoding=\"async\" src=\"https:\/\/objektmobiliar.ch\/wp-content\/uploads\/2023\/10\/liege-orange-schoko-vorne.jpg\" loading=\"eager\" alt=\"Relaxliege Nappy, Art.-Nr. 220-0800\/S\" class=\"similar-product-img\">\r\n        <div class=\"center\">\r\n          <div class=\"w-richtext\">\r\n            <p><strong>Relaxliege Nappy,<br><\/strong>Art.-Nr. 220-0800\/S<\/p>\r\n          <\/div>\r\n          \r\n        <\/div>\r\n      <\/div>\r\n    <\/div>\r\n  <\/div>\r\n  \r\n  <div class=\"cnt narrow\">\r\n    <div class=\"similar-products-nav-pos\">\r\n      <div class=\"w-embed\">\r\n        \r\n      <\/div>\r\n    <\/div>\r\n  <\/div>\r\n<\/section><\/div>\n\n<div class=\"lazyblock-text-modul-ozg-Z1dtoEF wp-block-lazyblock-text-modul-ozg\"><section class=\"sct\">\r\n      <div class=\"cnt narrow\">\r\n        <div class=\"w-richtext\">\r\n            <h2>Details zur Ruhe- &amp; Relaxliege Nappy<\/h2>\n<ul>\n<li>Nappy ist eine 3-teilige Liege bestehend aus Unterteil, Liegeteil und Kopfkissen<\/li>\n<li>Die Ruheliege ist vollumpolstert f\u00fcr einen angenehmen Liegekomfort<\/li>\n<li>Das Liegeteil kann von Hand stufenlos winkelverstellt werden<\/li>\n<li>Die sanfte Wiegenform bietet dem K\u00f6rper die ideale Position f\u00fcr entspannte Ruhephasen<\/li>\n<li>Das bequeme Kopfkissen ist inklusive<\/li>\n<li>Bezugsmaterialien und deren Farben sind frei w\u00e4hlbar aus einem grossen Sortiment \u2013 fragen Sie jederzeit gerne bei uns an<\/li>\n<\/ul>\r\n        <\/div>\r\n            <div class=\"center\"><a onclick=\"splite_loader();\" class=\"btn\" >Produkt anfragen<\/a><\/div>\r\n      <\/div>\r\n    <\/section><\/div>\n\n<div class=\"lazyblock-bildergalerie-lightbox-ozg-1aacpn wp-block-lazyblock-bildergalerie-lightbox-ozg\"><section class=\"sct\">\r\n  <div class=\"cnt semi\">\r\n    <div class=\"introtxt\">\r\n    <div class=\"w-richtext\">\r\n        <h2>Bildergalerie zur Ruhe- &amp; Relaxliege Nappy<\/h2>\r\n    <\/div>\r\n    <\/div>\r\n  \r\n    <div class=\"elmnt-imggallery\">\r\n      <a href=\"#\" class=\"imggallery-link w-inline-block w-lightbox\">\r\n        <img decoding=\"async\" src=\"https:\/\/objektmobiliar.ch\/wp-content\/uploads\/2024\/05\/045_260A6885_komp.jpg\" loading=\"lazy\" alt=\"Farbkonzept Pflegeeinrichtung mit passender Relax Liege Nappy\" class=\"imggallery-img\">\r\n        <script type=\"application\/json\" class=\"w-json\">\r\n            {\r\n              \"items\": [{\r\n\r\n                \"url\": \"https:\/\/objektmobiliar.ch\/wp-content\/uploads\/2024\/05\/045_260A6885_komp.jpg\",\r\n                \"caption\": \"\",\r\n                \"type\": \"image\"\r\n              }],\r\n              \"group\": \"relaxliege\"\r\n            }\r\n          <\/script>\r\n      <\/a>\r\n      <a href=\"#\" class=\"imggallery-link w-inline-block w-lightbox\">\r\n        <img decoding=\"async\" src=\"https:\/\/objektmobiliar.ch\/wp-content\/uploads\/2023\/10\/d85_3139.jpg\" loading=\"lazy\" alt=\"Relaxliege Nappy, Art.-Nr. 220-0800\/S\" class=\"imggallery-img\">\r\n        <script type=\"application\/json\" class=\"w-json\">\r\n            {\r\n              \"items\": [{\r\n\r\n                \"url\": \"https:\/\/objektmobiliar.ch\/wp-content\/uploads\/2023\/10\/d85_3139.jpg\",\r\n                \"caption\": \"Relaxliege Nappy, Art.-Nr. 220-0800\/S\",\r\n                \"type\": \"image\"\r\n              }],\r\n              \"group\": \"relaxliege\"\r\n            }\r\n          <\/script>\r\n      <\/a>\r\n      <a href=\"#\" class=\"imggallery-link w-inline-block w-lightbox\">\r\n        <img decoding=\"async\" src=\"https:\/\/objektmobiliar.ch\/wp-content\/uploads\/2023\/10\/d85_3254.jpg\" loading=\"lazy\" alt=\"Relaxliege Nappy, Art.-Nr. 220-0800\/S\" class=\"imggallery-img\">\r\n        <script type=\"application\/json\" class=\"w-json\">\r\n            {\r\n              \"items\": [{\r\n\r\n                \"url\": \"https:\/\/objektmobiliar.ch\/wp-content\/uploads\/2023\/10\/d85_3254.jpg\",\r\n                \"caption\": \"Relaxliege Nappy, Art.-Nr. 220-0800\/S\",\r\n                \"type\": \"image\"\r\n              }],\r\n              \"group\": \"relaxliege\"\r\n            }\r\n          <\/script>\r\n      <\/a>\r\n      <a href=\"#\" class=\"imggallery-link w-inline-block w-lightbox\">\r\n        <img decoding=\"async\" src=\"https:\/\/objektmobiliar.ch\/wp-content\/uploads\/2023\/10\/powernapping.jpg\" loading=\"lazy\" alt=\"Nappy Relaxliege\" class=\"imggallery-img\">\r\n        <script type=\"application\/json\" class=\"w-json\">\r\n            {\r\n              \"items\": [{\r\n\r\n                \"url\": \"https:\/\/objektmobiliar.ch\/wp-content\/uploads\/2023\/10\/powernapping.jpg\",\r\n                \"caption\": \"\",\r\n                \"type\": \"image\"\r\n              }],\r\n              \"group\": \"relaxliege\"\r\n            }\r\n          <\/script>\r\n      <\/a>\r\n    <\/div>\r\n    \r\n  <\/div>\r\n<\/section><\/div>\n\n<div class=\"lazyblock-teaser-modul-ozg-hLYVB wp-block-lazyblock-teaser-modul-ozg\"><section class=\"sct\">\r\n  <div class=\"cnt narrow\">\r\n    <div class=\"w-richtext\">\r\n        <h2>Weitere Personalm\u00f6bel von OZG Objektmobiliar<\/h2>\r\n    <\/div>\r\n    <div class=\"box-pageteaser\">\r\n      \r\n      <a href=\"https:\/\/objektmobiliar.ch\/garderoben-und-umkleiden\/\" class=\"elmnt-pageteaser link w-inline-block\" style=\"background-color: \">\r\n        <div class=\"pageteaser-imgcnt\"><img decoding=\"async\" src=\"https:\/\/objektmobiliar.ch\/wp-content\/uploads\/2025\/07\/Objektmobiliar-Garderoben-Moebel.jpg\" loading=\"lazy\" alt=\"\" class=\"pageteaser-img\"><\/div>\r\n        <div class=\"pageteaser-type\">\r\n          <div class=\"txt-pageteaser w-richtext\">\r\n            <h4>M\u00f6bel f\u00fcr Garderoben &amp; Umkleiden<\/h4>\n<p>Damit sich Ihre Mitarbeitenden rundum wohlf\u00fchlen und privaten Gegenst\u00e4nde sicher aufbewahrt wissen, bieten wir Ihnen einen grosse Auswahl praxistauglicher M\u00f6bel f\u00fcr Garderoben und Umkleiden.<\/p>\r\n          <\/div>\r\n        <\/div>\r\n        <div class=\"btn pageteaser\">Mehr erfahren<\/div><\/a>\r\n      <a href=\"https:\/\/objektmobiliar.ch\/moebel\/personal-und-bueromoebel\/moebel-fuer-bueroraeume\/\" class=\"elmnt-pageteaser link w-inline-block\" style=\"background-color: \">\r\n        <div class=\"pageteaser-imgcnt\"><img decoding=\"async\" src=\"https:\/\/objektmobiliar.ch\/wp-content\/uploads\/2025\/11\/Personalraeume-Bueroraeume-einrichten-mit-OZG.jpg\" loading=\"lazy\" alt=\"Personalraeume-Bueroraeume-einrichten-mit-OZG\" class=\"pageteaser-img\"><\/div>\r\n        <div class=\"pageteaser-type\">\r\n          <div class=\"txt-pageteaser w-richtext\">\r\n            <h4>M\u00f6bel f\u00fcr B\u00fcror\u00e4ume<\/h4>\n<p>Ob f\u00fcr B\u00fcros, Meeting R\u00e4ume oder Pause- und Aufenthaltsbereiche: Wir bieten viele verschiedene L\u00f6sungen und eine dynamische Herangehensweise an Ihr Projekt. So finden wir gemeinsam &#8230;<\/p>\r\n          <\/div>\r\n        <\/div>\r\n        <div class=\"btn pageteaser\">Mehr erfahren<\/div><\/a>\r\n      \r\n    <\/div>\r\n    <div class=\"center\">\r\n    <\/div>\r\n  <\/div>\r\n<\/section><\/div><style class=\"advgb-styles-renderer\">\r\n            .similar-products-nav li {\r\n              overflow: hidden;\r\n              margin: 0px !important;\r\n              flex-grow: 0 !important;\r\n              flex-shrink: 1 !important;\r\n              flex-basis: 12.5% !important;\r\n              border-style: solid;\r\n              border-width: 2px;\r\n              border-color: transparent;\r\n              border-radius: 8px;\r\n              transition-property: border-color;\r\n              transition-duration: 600ms;\r\n              transition-timing-function: ease;\r\n              cursor: pointer;\r\n            }\r\n            .similar-products-nav li.slick-active {\r\n              border-color: #dde7ef;\r\n            }\r\n            @media screen and (max-width:767px) {\r\n              .similar-products-nav li {\r\n                flex-basis: auto !important;\r\n                border-radius: 8px;\r\n                padding-top: 8px;\r\n                padding-right: 16px;\r\n                padding-bottom: 6px;\r\n                padding-left: 16px;\r\n              }\r\n              .similar-products-nav li.slick-active {\r\n                background-color: #dde7ef;\r\n                transition-property: background-color, border-color;\r\n                transition-duration: 600ms, 200ms;\r\n                transition-timing-function: ease, ease;\r\n                color: #426b8a;\r\n              }\r\n            }\r\n          <\/style>","protected":false},"excerpt":{"rendered":"<p>Des \u00e9tudes significatives ont prouv\u00e9 qu'en seulement 20 minutes de powernapping par jour, la courbe de performance peut \u00eatre consid\u00e9rablement am\u00e9lior\u00e9e.<\/p>","protected":false},"author":2,"featured_media":951,"parent":921,"menu_order":0,"comment_status":"closed","ping_status":"closed","template":"","meta":{"advgb_blocks_editor_width":"","advgb_blocks_columns_visual_guide":"","footnotes":""},"class_list":["post-955","page","type-page","status-publish","has-post-thumbnail","hentry"],"yoast_head":"<!-- This site is optimized with the Yoast SEO plugin v27.4 - https:\/\/yoast.com\/product\/yoast-seo-wordpress\/ -->\n<title>Ruhe- &amp; Relaxliege Nappy - OZG Objektmobiliar<\/title>\n<meta name=\"description\" content=\"Die Ruhe- und Relaxliege Nappy ist ideal f\u00fcr Personalr\u00e4ume, denn Sie erm\u00f6glicht Ihren Mitarbeitenden entspannte Pause und Regenerationszeit.\" \/>\n<meta name=\"robots\" content=\"index, follow, max-snippet:-1, max-image-preview:large, max-video-preview:-1\" \/>\n<link rel=\"canonical\" href=\"https:\/\/objektmobiliar.ch\/fr\/meubles\/personnel-et-mobilier-de-bureau\/chaise-longue-relax-nappy\/\" \/>\n<meta property=\"og:locale\" content=\"fr_FR\" \/>\n<meta property=\"og:type\" content=\"article\" \/>\n<meta property=\"og:title\" content=\"Ruhe- &amp; Relaxliege Nappy - OZG Objektmobiliar\" \/>\n<meta property=\"og:description\" content=\"Die Ruhe- und Relaxliege Nappy ist ideal f\u00fcr Personalr\u00e4ume, denn Sie erm\u00f6glicht Ihren Mitarbeitenden entspannte Pause und Regenerationszeit.\" \/>\n<meta property=\"og:url\" content=\"https:\/\/objektmobiliar.ch\/fr\/meubles\/personnel-et-mobilier-de-bureau\/chaise-longue-relax-nappy\/\" \/>\n<meta property=\"og:site_name\" content=\"OZG HEALTHCARE\" \/>\n<meta property=\"article:modified_time\" content=\"2025-11-23T10:55:24+00:00\" \/>\n<meta property=\"og:image\" content=\"https:\/\/objektmobiliar.ch\/wp-content\/uploads\/2023\/10\/d85_3254.jpg\" \/>\n\t<meta property=\"og:image:width\" content=\"1200\" \/>\n\t<meta property=\"og:image:height\" content=\"800\" \/>\n\t<meta property=\"og:image:type\" content=\"image\/jpeg\" \/>\n<meta name=\"twitter:card\" content=\"summary_large_image\" \/>\n<meta name=\"twitter:label1\" content=\"Dur\u00e9e de lecture estim\u00e9e\" \/>\n\t<meta name=\"twitter:data1\" content=\"4 minutes\" \/>\n<script type=\"application\/ld+json\" class=\"yoast-schema-graph\">{\"@context\":\"https:\\\/\\\/schema.org\",\"@graph\":[{\"@type\":\"WebPage\",\"@id\":\"https:\\\/\\\/objektmobiliar.ch\\\/moebel\\\/personal-und-bueromoebel\\\/relaxliege-nappy\\\/\",\"url\":\"https:\\\/\\\/objektmobiliar.ch\\\/moebel\\\/personal-und-bueromoebel\\\/relaxliege-nappy\\\/\",\"name\":\"Ruhe- & Relaxliege Nappy - OZG Objektmobiliar\",\"isPartOf\":{\"@id\":\"https:\\\/\\\/objektmobiliar.ch\\\/#website\"},\"primaryImageOfPage\":{\"@id\":\"https:\\\/\\\/objektmobiliar.ch\\\/moebel\\\/personal-und-bueromoebel\\\/relaxliege-nappy\\\/#primaryimage\"},\"image\":{\"@id\":\"https:\\\/\\\/objektmobiliar.ch\\\/moebel\\\/personal-und-bueromoebel\\\/relaxliege-nappy\\\/#primaryimage\"},\"thumbnailUrl\":\"https:\\\/\\\/objektmobiliar.ch\\\/wp-content\\\/uploads\\\/2023\\\/10\\\/d85_3254.jpg\",\"datePublished\":\"2023-10-18T23:35:05+00:00\",\"dateModified\":\"2025-11-23T10:55:24+00:00\",\"description\":\"Die Ruhe- und Relaxliege Nappy ist ideal f\u00fcr Personalr\u00e4ume, denn Sie erm\u00f6glicht Ihren Mitarbeitenden entspannte Pause und Regenerationszeit.\",\"breadcrumb\":{\"@id\":\"https:\\\/\\\/objektmobiliar.ch\\\/moebel\\\/personal-und-bueromoebel\\\/relaxliege-nappy\\\/#breadcrumb\"},\"inLanguage\":\"fr-FR\",\"potentialAction\":[{\"@type\":\"ReadAction\",\"target\":[\"https:\\\/\\\/objektmobiliar.ch\\\/moebel\\\/personal-und-bueromoebel\\\/relaxliege-nappy\\\/\"]}]},{\"@type\":\"ImageObject\",\"inLanguage\":\"fr-FR\",\"@id\":\"https:\\\/\\\/objektmobiliar.ch\\\/moebel\\\/personal-und-bueromoebel\\\/relaxliege-nappy\\\/#primaryimage\",\"url\":\"https:\\\/\\\/objektmobiliar.ch\\\/wp-content\\\/uploads\\\/2023\\\/10\\\/d85_3254.jpg\",\"contentUrl\":\"https:\\\/\\\/objektmobiliar.ch\\\/wp-content\\\/uploads\\\/2023\\\/10\\\/d85_3254.jpg\",\"width\":1200,\"height\":800,\"caption\":\"Relaxliege Nappy, Art.-Nr. 220-0800\\\/S\"},{\"@type\":\"BreadcrumbList\",\"@id\":\"https:\\\/\\\/objektmobiliar.ch\\\/moebel\\\/personal-und-bueromoebel\\\/relaxliege-nappy\\\/#breadcrumb\",\"itemListElement\":[{\"@type\":\"ListItem\",\"position\":1,\"name\":\"Startseite\",\"item\":\"https:\\\/\\\/objektmobiliar.ch\\\/\"},{\"@type\":\"ListItem\",\"position\":2,\"name\":\"M\u00f6bel\",\"item\":\"https:\\\/\\\/objektmobiliar.ch\\\/moebel\\\/\"},{\"@type\":\"ListItem\",\"position\":3,\"name\":\"Personal- &#038; B\u00fcrom\u00f6bel\",\"item\":\"https:\\\/\\\/objektmobiliar.ch\\\/moebel\\\/personal-und-bueromoebel\\\/\"},{\"@type\":\"ListItem\",\"position\":4,\"name\":\"Nappy Relaxliege\"}]},{\"@type\":\"WebSite\",\"@id\":\"https:\\\/\\\/objektmobiliar.ch\\\/#website\",\"url\":\"https:\\\/\\\/objektmobiliar.ch\\\/\",\"name\":\"OZG HEALTHCARE\",\"description\":\"Objektmobiliar f\u00fcr Pflege, B\u00fcro, Praxis &amp; Hotellerie\",\"potentialAction\":[{\"@type\":\"SearchAction\",\"target\":{\"@type\":\"EntryPoint\",\"urlTemplate\":\"https:\\\/\\\/objektmobiliar.ch\\\/?s={search_term_string}\"},\"query-input\":{\"@type\":\"PropertyValueSpecification\",\"valueRequired\":true,\"valueName\":\"search_term_string\"}}],\"inLanguage\":\"fr-FR\"}]}<\/script>\n<!-- \/ Yoast SEO plugin. -->","yoast_head_json":{"title":"Chaise longue de repos et de relaxation Nappy - Mobilier pour collectivit\u00e9s OZG","description":"La chaise longue de repos et de relaxation Nappy est id\u00e9ale pour les locaux du personnel, car elle permet \u00e0 vos collaborateurs de faire des pauses relaxantes et de se r\u00e9g\u00e9n\u00e9rer.","robots":{"index":"index","follow":"follow","max-snippet":"max-snippet:-1","max-image-preview":"max-image-preview:large","max-video-preview":"max-video-preview:-1"},"canonical":"https:\/\/objektmobiliar.ch\/fr\/meubles\/personnel-et-mobilier-de-bureau\/chaise-longue-relax-nappy\/","og_locale":"fr_FR","og_type":"article","og_title":"Ruhe- & Relaxliege Nappy - OZG Objektmobiliar","og_description":"Die Ruhe- und Relaxliege Nappy ist ideal f\u00fcr Personalr\u00e4ume, denn Sie erm\u00f6glicht Ihren Mitarbeitenden entspannte Pause und Regenerationszeit.","og_url":"https:\/\/objektmobiliar.ch\/fr\/meubles\/personnel-et-mobilier-de-bureau\/chaise-longue-relax-nappy\/","og_site_name":"OZG HEALTHCARE","article_modified_time":"2025-11-23T10:55:24+00:00","og_image":[{"width":1200,"height":800,"url":"https:\/\/objektmobiliar.ch\/wp-content\/uploads\/2023\/10\/d85_3254.jpg","type":"image\/jpeg"}],"twitter_card":"summary_large_image","twitter_misc":{"Dur\u00e9e de lecture estim\u00e9e":"4 minutes"},"schema":{"@context":"https:\/\/schema.org","@graph":[{"@type":"WebPage","@id":"https:\/\/objektmobiliar.ch\/moebel\/personal-und-bueromoebel\/relaxliege-nappy\/","url":"https:\/\/objektmobiliar.ch\/moebel\/personal-und-bueromoebel\/relaxliege-nappy\/","name":"Chaise longue de repos et de relaxation Nappy - Mobilier pour collectivit\u00e9s OZG","isPartOf":{"@id":"https:\/\/objektmobiliar.ch\/#website"},"primaryImageOfPage":{"@id":"https:\/\/objektmobiliar.ch\/moebel\/personal-und-bueromoebel\/relaxliege-nappy\/#primaryimage"},"image":{"@id":"https:\/\/objektmobiliar.ch\/moebel\/personal-und-bueromoebel\/relaxliege-nappy\/#primaryimage"},"thumbnailUrl":"https:\/\/objektmobiliar.ch\/wp-content\/uploads\/2023\/10\/d85_3254.jpg","datePublished":"2023-10-18T23:35:05+00:00","dateModified":"2025-11-23T10:55:24+00:00","description":"La chaise longue de repos et de relaxation Nappy est id\u00e9ale pour les locaux du personnel, car elle permet \u00e0 vos collaborateurs de faire des pauses relaxantes et de se r\u00e9g\u00e9n\u00e9rer.","breadcrumb":{"@id":"https:\/\/objektmobiliar.ch\/moebel\/personal-und-bueromoebel\/relaxliege-nappy\/#breadcrumb"},"inLanguage":"fr-FR","potentialAction":[{"@type":"ReadAction","target":["https:\/\/objektmobiliar.ch\/moebel\/personal-und-bueromoebel\/relaxliege-nappy\/"]}]},{"@type":"ImageObject","inLanguage":"fr-FR","@id":"https:\/\/objektmobiliar.ch\/moebel\/personal-und-bueromoebel\/relaxliege-nappy\/#primaryimage","url":"https:\/\/objektmobiliar.ch\/wp-content\/uploads\/2023\/10\/d85_3254.jpg","contentUrl":"https:\/\/objektmobiliar.ch\/wp-content\/uploads\/2023\/10\/d85_3254.jpg","width":1200,"height":800,"caption":"Relaxliege Nappy, Art.-Nr. 220-0800\/S"},{"@type":"BreadcrumbList","@id":"https:\/\/objektmobiliar.ch\/moebel\/personal-und-bueromoebel\/relaxliege-nappy\/#breadcrumb","itemListElement":[{"@type":"ListItem","position":1,"name":"Startseite","item":"https:\/\/objektmobiliar.ch\/"},{"@type":"ListItem","position":2,"name":"M\u00f6bel","item":"https:\/\/objektmobiliar.ch\/moebel\/"},{"@type":"ListItem","position":3,"name":"Personal- &#038; B\u00fcrom\u00f6bel","item":"https:\/\/objektmobiliar.ch\/moebel\/personal-und-bueromoebel\/"},{"@type":"ListItem","position":4,"name":"Nappy Relaxliege"}]},{"@type":"WebSite","@id":"https:\/\/objektmobiliar.ch\/#website","url":"https:\/\/objektmobiliar.ch\/","name":"OZG HEALTHCARE","description":"Mobilier de collectivit\u00e9 pour les soins, les bureaux, les cabinets m\u00e9dicaux et l'h\u00f4tellerie","potentialAction":[{"@type":"SearchAction","target":{"@type":"EntryPoint","urlTemplate":"https:\/\/objektmobiliar.ch\/?s={search_term_string}"},"query-input":{"@type":"PropertyValueSpecification","valueRequired":true,"valueName":"search_term_string"}}],"inLanguage":"fr-FR"}]}},"coauthors":[],"author_meta":{"author_link":"https:\/\/objektmobiliar.ch\/fr\/author\/alex\/","display_name":"Alex"},"relative_dates":{"created":"Publi\u00e9 2 ans il y a","modified":"Mis \u00e0 jour 5 mois il y a"},"absolute_dates":{"created":"Publi\u00e9 le octobre 18, 2023","modified":"Mise \u00e0 jour le novembre 23, 2025"},"absolute_dates_time":{"created":"Publi\u00e9 le octobre 18, 2023 11:35 pm","modified":"Mise \u00e0 jour le novembre 23, 2025 10:55 am"},"featured_img_caption":"","featured_img":"https:\/\/objektmobiliar.ch\/wp-content\/uploads\/2023\/10\/d85_3254-825x510.jpg","series_order":"","_links":{"self":[{"href":"https:\/\/objektmobiliar.ch\/fr\/wp-json\/wp\/v2\/pages\/955","targetHints":{"allow":["GET"]}}],"collection":[{"href":"https:\/\/objektmobiliar.ch\/fr\/wp-json\/wp\/v2\/pages"}],"about":[{"href":"https:\/\/objektmobiliar.ch\/fr\/wp-json\/wp\/v2\/types\/page"}],"author":[{"embeddable":true,"href":"https:\/\/objektmobiliar.ch\/fr\/wp-json\/wp\/v2\/users\/2"}],"replies":[{"embeddable":true,"href":"https:\/\/objektmobiliar.ch\/fr\/wp-json\/wp\/v2\/comments?post=955"}],"version-history":[{"count":19,"href":"https:\/\/objektmobiliar.ch\/fr\/wp-json\/wp\/v2\/pages\/955\/revisions"}],"predecessor-version":[{"id":5734,"href":"https:\/\/objektmobiliar.ch\/fr\/wp-json\/wp\/v2\/pages\/955\/revisions\/5734"}],"up":[{"embeddable":true,"href":"https:\/\/objektmobiliar.ch\/fr\/wp-json\/wp\/v2\/pages\/921"}],"wp:featuredmedia":[{"embeddable":true,"href":"https:\/\/objektmobiliar.ch\/fr\/wp-json\/wp\/v2\/media\/951"}],"wp:attachment":[{"href":"https:\/\/objektmobiliar.ch\/fr\/wp-json\/wp\/v2\/media?parent=955"}],"curies":[{"name":"wp","href":"https:\/\/api.w.org\/{rel}","templated":true}]}}