{"id":809,"date":"2023-10-17T19:58:32","date_gmt":"2023-10-17T19:58:32","guid":{"rendered":"https:\/\/dev.objektmobiliar.ch\/?page_id=809"},"modified":"2023-10-31T12:57:51","modified_gmt":"2023-10-31T12:57:51","slug":"meuble-de-rangement","status":"publish","type":"page","link":"https:\/\/objektmobiliar.ch\/fr\/moebel\/schrankmoebel\/","title":{"rendered":"Meubles de rangement"},"content":{"rendered":"<div class=\"lazyblock-bildslider-fullsize-ozg-ZOeYAV wp-block-lazyblock-bildslider-fullsize-ozg\"><section class=\"sct nopadding\">\r\n      <div data-delay=\"9000\" data-animation=\"fade\" class=\"elmnt-homeslider w-slider\" data-autoplay=\"true\" data-easing=\"linear\" data-hide-arrows=\"false\" data-disable-swipe=\"true\" data-autoplay-limit=\"0\" data-nav-spacing=\"3\" data-duration=\"2000\" data-infinite=\"true\">\r\n        \r\n      <div class=\"visual-homeslider\" style=\"background-image: linear-gradient(235deg, #7d868d 10%, #416b89 90%);\"><\/div>\r\n        \r\n       <div class=\"w-slider-mask\">\r\n          <div class=\"homeslider-slide w-slide\">\r\n            <div class=\"homeslider-img\"><img decoding=\"async\" src=\"https:\/\/objektmobiliar.ch\/wp-content\/uploads\/2023\/10\/schraenke-header.jpg\" loading=\"eager\" alt=\"\"><\/div>\r\n          <\/div>\r\n        <\/div>\r\n        <div class=\"hidden w-slider-arrow-left\">\r\n          <div class=\"w-icon-slider-left\"><\/div>\r\n        <\/div>\r\n        <div class=\"hidden w-slider-arrow-right\">\r\n          <div class=\"w-icon-slider-right\"><\/div>\r\n        <\/div>\r\n        <div class=\"hidden w-slider-nav\"><\/div>\r\n      <\/div>\r\n    <\/section><\/div>\n\n<div class=\"lazyblock-text-modul-ozg-15Lfmc wp-block-lazyblock-text-modul-ozg\"><section class=\"sct\">\r\n      <div class=\"cnt narrow\">\r\n        <div class=\"w-richtext\">\r\n            <h1>Meubles de rangement<\/h1>\n<p>L'ordre et le syst\u00e8me sont la cl\u00e9 d'un travail bien organis\u00e9 et d'un sentiment d'espace agr\u00e9able. Nos meubles de rangement se distinguent par une finition de qualit\u00e9 et un grand confort d'utilisation.<\/p>\r\n        <\/div>\r\n      <\/div>\r\n    <\/section><\/div>\n\n<div class=\"lazyblock-produkt-navigation-ozg-Z1hY8Nt wp-block-lazyblock-produkt-navigation-ozg\"><section class=\"sct\">\r\n  <div class=\"cnt\">\r\n    <div class=\"w-richtext\">\r\n        \r\n    <\/div>\r\n    <div class=\"box-pageteaser prodnav\">\r\n      \r\n      <a href=\"https:\/\/objektmobiliar.ch\/fr\/meubles\/meuble-de-rangement\/armoires-medicales\/\" class=\"elmnt-prodnav w-inline-block\">\r\n        <div class=\"prodnav-imgcnt\"><img decoding=\"async\" src=\"https:\/\/objektmobiliar.ch\/wp-content\/uploads\/2023\/10\/medischraenke.jpg\" loading=\"lazy\" alt=\"Armoires m\u00e9dicales OZG\" class=\"pageteaser-img\"><\/div>\r\n        <div class=\"pagenav-type\">\r\n          <p class=\"txt-pagenav prodnav\">Armoires \u00e0 pharmacie<\/p>\r\n          <div class=\"btn prodnav\">En savoir plus<\/div>\r\n        <\/div>\r\n      <\/a>\r\n      <a href=\"https:\/\/objektmobiliar.ch\/fr\/meubles\/meuble-de-rangement\/armoires-de-nuit\/\" class=\"elmnt-prodnav w-inline-block\">\r\n        <div class=\"prodnav-imgcnt\"><img decoding=\"async\" src=\"https:\/\/objektmobiliar.ch\/wp-content\/uploads\/2023\/10\/nachtschraenke.jpg\" loading=\"lazy\" alt=\"Tables de chevet\" class=\"pageteaser-img\"><\/div>\r\n        <div class=\"pagenav-type\">\r\n          <p class=\"txt-pagenav prodnav\">Tables de chevet<\/p>\r\n          <div class=\"btn prodnav\">En savoir plus<\/div>\r\n        <\/div>\r\n      <\/a>\r\n      <a href=\"https:\/\/objektmobiliar.ch\/fr\/meubles\/meuble-de-rangement\/sideboards\/\" class=\"elmnt-prodnav w-inline-block\">\r\n        <div class=\"prodnav-imgcnt\"><img decoding=\"async\" src=\"https:\/\/objektmobiliar.ch\/wp-content\/uploads\/2023\/10\/sideboards-3.jpg\" loading=\"lazy\" alt=\"\" class=\"pageteaser-img\"><\/div>\r\n        <div class=\"pagenav-type\">\r\n          <p class=\"txt-pagenav prodnav\">Sideboards<\/p>\r\n          <div class=\"btn prodnav\">En savoir plus<\/div>\r\n        <\/div>\r\n      <\/a>\r\n      <a href=\"https:\/\/objektmobiliar.ch\/fr\/meubles\/meuble-de-rangement\/armoires-a-vetements\/\" class=\"elmnt-prodnav w-inline-block\">\r\n        <div class=\"prodnav-imgcnt\"><img decoding=\"async\" src=\"https:\/\/objektmobiliar.ch\/wp-content\/uploads\/2023\/10\/kleiderschraenke-1.jpg\" loading=\"lazy\" alt=\"\" class=\"pageteaser-img\"><\/div>\r\n        <div class=\"pagenav-type\">\r\n          <p class=\"txt-pagenav prodnav\">Armoires \u00e0 v\u00eatements<\/p>\r\n          <div class=\"btn prodnav\">En savoir plus<\/div>\r\n        <\/div>\r\n      <\/a>\r\n      \r\n    <\/div>\r\n    <div class=\"center\">\r\n    <\/div>\r\n  <\/div>\r\n<\/section><\/div>\n\n<div class=\"lazyblock-text-modul-ozg-Z15Gad wp-block-lazyblock-text-modul-ozg\"><section class=\"sct\">\r\n      <div class=\"cnt narrow\">\r\n        <div class=\"w-richtext\">\r\n            <h2>Meubles de rangement modernes et fonctionnels<\/h2>\n<p>En tant que fabricant de mobilier de collectivit\u00e9 haut de gamme, nous proposons \u00e0 nos clients un grand choix de meubles de rangement qui savent convaincre tant par leur aspect que par leur qualit\u00e9 et leur fonctionnalit\u00e9.<\/p>\n<h2>Fonctionnalit\u00e9 avec syst\u00e8me<\/h2>\n<p>Qu'il s'agisse d'une armoire \u00e0 v\u00eatements, d'une armoire de stockage ou d'un sideboard, nos meubles de rangement sont des produits de qualit\u00e9 et leur \u00e9quipement est individuel, de sorte que chaque armoire \u00e0 v\u00eatements et chaque armoire de stockage r\u00e9pond \u00e0 vos besoins.<br \/>Nos meubles de rangement sont sp\u00e9cialement con\u00e7us pour garantir un maximum d'ordre. Que vous ayez besoin de tiroirs individuels, d'une \u00e9tag\u00e8re s\u00e9par\u00e9e ou d'une armoire tr\u00e8s \u00e9troite, nous vous proposons des meubles de rangement adapt\u00e9s.<\/p>\n<p>Nos meubles de rangement sont fabriqu\u00e9s de mani\u00e8re robuste, ce qui garantit une longue dur\u00e9e de vie \u00e0 chaque meuble de rangement. Ils sont donc parfaitement adapt\u00e9s \u00e0 une utilisation dans le domaine des soins et dans les bureaux et entrep\u00f4ts.<\/p>\r\n        <\/div>\r\n      <\/div>\r\n    <\/section><\/div>","protected":false},"excerpt":{"rendered":"<p>L'ordre et le syst\u00e8me sont la cl\u00e9 d'un travail bien organis\u00e9 et d'un sentiment d'espace agr\u00e9able. Nos meubles de rangement se distinguent par une finition de qualit\u00e9 et un grand confort d'utilisation.<\/p>","protected":false},"author":2,"featured_media":1391,"parent":207,"menu_order":0,"comment_status":"closed","ping_status":"closed","template":"","meta":{"advgb_blocks_editor_width":"","advgb_blocks_columns_visual_guide":"","footnotes":""},"class_list":["post-809","page","type-page","status-publish","has-post-thumbnail","hentry"],"yoast_head":"<!-- This site is optimized with the Yoast SEO plugin v27.4 - https:\/\/yoast.com\/product\/yoast-seo-wordpress\/ -->\n<title>Schrankm\u00f6bel - OZG HEALTHCARE<\/title>\n<meta name=\"robots\" content=\"index, follow, max-snippet:-1, max-image-preview:large, max-video-preview:-1\" \/>\n<link rel=\"canonical\" href=\"https:\/\/objektmobiliar.ch\/fr\/meubles\/meuble-de-rangement\/\" \/>\n<meta property=\"og:locale\" content=\"fr_FR\" \/>\n<meta property=\"og:type\" content=\"article\" \/>\n<meta property=\"og:title\" content=\"Schrankm\u00f6bel - OZG HEALTHCARE\" \/>\n<meta property=\"og:description\" content=\"Ordnung und System ist der Schl\u00fcssel zu einem geregelten Arbeitsablauf und einem angenehmen Raumgef\u00fchl. Unsere Schrankm\u00f6bel zeichnen sich die eine hochwertige Verarbeitung und hohen Nutzungskomfort aus.\" \/>\n<meta property=\"og:url\" content=\"https:\/\/objektmobiliar.ch\/fr\/meubles\/meuble-de-rangement\/\" \/>\n<meta property=\"og:site_name\" content=\"OZG HEALTHCARE\" \/>\n<meta property=\"article:modified_time\" content=\"2023-10-31T12:57:51+00:00\" \/>\n<meta property=\"og:image\" content=\"https:\/\/objektmobiliar.ch\/wp-content\/uploads\/2023\/10\/schraenke-header.jpg\" \/>\n\t<meta property=\"og:image:width\" content=\"2400\" \/>\n\t<meta property=\"og:image:height\" content=\"998\" \/>\n\t<meta property=\"og:image:type\" content=\"image\/jpeg\" \/>\n<meta name=\"twitter:card\" content=\"summary_large_image\" \/>\n<script type=\"application\/ld+json\" class=\"yoast-schema-graph\">{\"@context\":\"https:\\\/\\\/schema.org\",\"@graph\":[{\"@type\":\"WebPage\",\"@id\":\"https:\\\/\\\/objektmobiliar.ch\\\/moebel\\\/schrankmoebel\\\/\",\"url\":\"https:\\\/\\\/objektmobiliar.ch\\\/moebel\\\/schrankmoebel\\\/\",\"name\":\"Schrankm\u00f6bel - OZG HEALTHCARE\",\"isPartOf\":{\"@id\":\"https:\\\/\\\/objektmobiliar.ch\\\/#website\"},\"primaryImageOfPage\":{\"@id\":\"https:\\\/\\\/objektmobiliar.ch\\\/moebel\\\/schrankmoebel\\\/#primaryimage\"},\"image\":{\"@id\":\"https:\\\/\\\/objektmobiliar.ch\\\/moebel\\\/schrankmoebel\\\/#primaryimage\"},\"thumbnailUrl\":\"https:\\\/\\\/objektmobiliar.ch\\\/wp-content\\\/uploads\\\/2023\\\/10\\\/schraenke-header.jpg\",\"datePublished\":\"2023-10-17T19:58:32+00:00\",\"dateModified\":\"2023-10-31T12:57:51+00:00\",\"breadcrumb\":{\"@id\":\"https:\\\/\\\/objektmobiliar.ch\\\/moebel\\\/schrankmoebel\\\/#breadcrumb\"},\"inLanguage\":\"fr-FR\",\"potentialAction\":[{\"@type\":\"ReadAction\",\"target\":[\"https:\\\/\\\/objektmobiliar.ch\\\/moebel\\\/schrankmoebel\\\/\"]}]},{\"@type\":\"ImageObject\",\"inLanguage\":\"fr-FR\",\"@id\":\"https:\\\/\\\/objektmobiliar.ch\\\/moebel\\\/schrankmoebel\\\/#primaryimage\",\"url\":\"https:\\\/\\\/objektmobiliar.ch\\\/wp-content\\\/uploads\\\/2023\\\/10\\\/schraenke-header.jpg\",\"contentUrl\":\"https:\\\/\\\/objektmobiliar.ch\\\/wp-content\\\/uploads\\\/2023\\\/10\\\/schraenke-header.jpg\",\"width\":2400,\"height\":998},{\"@type\":\"BreadcrumbList\",\"@id\":\"https:\\\/\\\/objektmobiliar.ch\\\/moebel\\\/schrankmoebel\\\/#breadcrumb\",\"itemListElement\":[{\"@type\":\"ListItem\",\"position\":1,\"name\":\"Startseite\",\"item\":\"https:\\\/\\\/objektmobiliar.ch\\\/\"},{\"@type\":\"ListItem\",\"position\":2,\"name\":\"M\u00f6bel\",\"item\":\"https:\\\/\\\/objektmobiliar.ch\\\/moebel\\\/\"},{\"@type\":\"ListItem\",\"position\":3,\"name\":\"Schrankm\u00f6bel\"}]},{\"@type\":\"WebSite\",\"@id\":\"https:\\\/\\\/objektmobiliar.ch\\\/#website\",\"url\":\"https:\\\/\\\/objektmobiliar.ch\\\/\",\"name\":\"OZG HEALTHCARE\",\"description\":\"Objektmobiliar f\u00fcr Pflege, B\u00fcro, Praxis &amp; Hotellerie\",\"potentialAction\":[{\"@type\":\"SearchAction\",\"target\":{\"@type\":\"EntryPoint\",\"urlTemplate\":\"https:\\\/\\\/objektmobiliar.ch\\\/?s={search_term_string}\"},\"query-input\":{\"@type\":\"PropertyValueSpecification\",\"valueRequired\":true,\"valueName\":\"search_term_string\"}}],\"inLanguage\":\"fr-FR\"}]}<\/script>\n<!-- \/ Yoast SEO plugin. -->","yoast_head_json":{"title":"Meubles de rangement - OZG HEALTHCARE","robots":{"index":"index","follow":"follow","max-snippet":"max-snippet:-1","max-image-preview":"max-image-preview:large","max-video-preview":"max-video-preview:-1"},"canonical":"https:\/\/objektmobiliar.ch\/fr\/meubles\/meuble-de-rangement\/","og_locale":"fr_FR","og_type":"article","og_title":"Schrankm\u00f6bel - OZG HEALTHCARE","og_description":"Ordnung und System ist der Schl\u00fcssel zu einem geregelten Arbeitsablauf und einem angenehmen Raumgef\u00fchl. Unsere Schrankm\u00f6bel zeichnen sich die eine hochwertige Verarbeitung und hohen Nutzungskomfort aus.","og_url":"https:\/\/objektmobiliar.ch\/fr\/meubles\/meuble-de-rangement\/","og_site_name":"OZG HEALTHCARE","article_modified_time":"2023-10-31T12:57:51+00:00","og_image":[{"width":2400,"height":998,"url":"https:\/\/objektmobiliar.ch\/wp-content\/uploads\/2023\/10\/schraenke-header.jpg","type":"image\/jpeg"}],"twitter_card":"summary_large_image","schema":{"@context":"https:\/\/schema.org","@graph":[{"@type":"WebPage","@id":"https:\/\/objektmobiliar.ch\/moebel\/schrankmoebel\/","url":"https:\/\/objektmobiliar.ch\/moebel\/schrankmoebel\/","name":"Meubles de rangement - OZG HEALTHCARE","isPartOf":{"@id":"https:\/\/objektmobiliar.ch\/#website"},"primaryImageOfPage":{"@id":"https:\/\/objektmobiliar.ch\/moebel\/schrankmoebel\/#primaryimage"},"image":{"@id":"https:\/\/objektmobiliar.ch\/moebel\/schrankmoebel\/#primaryimage"},"thumbnailUrl":"https:\/\/objektmobiliar.ch\/wp-content\/uploads\/2023\/10\/schraenke-header.jpg","datePublished":"2023-10-17T19:58:32+00:00","dateModified":"2023-10-31T12:57:51+00:00","breadcrumb":{"@id":"https:\/\/objektmobiliar.ch\/moebel\/schrankmoebel\/#breadcrumb"},"inLanguage":"fr-FR","potentialAction":[{"@type":"ReadAction","target":["https:\/\/objektmobiliar.ch\/moebel\/schrankmoebel\/"]}]},{"@type":"ImageObject","inLanguage":"fr-FR","@id":"https:\/\/objektmobiliar.ch\/moebel\/schrankmoebel\/#primaryimage","url":"https:\/\/objektmobiliar.ch\/wp-content\/uploads\/2023\/10\/schraenke-header.jpg","contentUrl":"https:\/\/objektmobiliar.ch\/wp-content\/uploads\/2023\/10\/schraenke-header.jpg","width":2400,"height":998},{"@type":"BreadcrumbList","@id":"https:\/\/objektmobiliar.ch\/moebel\/schrankmoebel\/#breadcrumb","itemListElement":[{"@type":"ListItem","position":1,"name":"Startseite","item":"https:\/\/objektmobiliar.ch\/"},{"@type":"ListItem","position":2,"name":"M\u00f6bel","item":"https:\/\/objektmobiliar.ch\/moebel\/"},{"@type":"ListItem","position":3,"name":"Schrankm\u00f6bel"}]},{"@type":"WebSite","@id":"https:\/\/objektmobiliar.ch\/#website","url":"https:\/\/objektmobiliar.ch\/","name":"OZG HEALTHCARE","description":"Mobilier de collectivit\u00e9 pour les soins, les bureaux, les cabinets m\u00e9dicaux et l'h\u00f4tellerie","potentialAction":[{"@type":"SearchAction","target":{"@type":"EntryPoint","urlTemplate":"https:\/\/objektmobiliar.ch\/?s={search_term_string}"},"query-input":{"@type":"PropertyValueSpecification","valueRequired":true,"valueName":"search_term_string"}}],"inLanguage":"fr-FR"}]}},"coauthors":[],"author_meta":{"author_link":"https:\/\/objektmobiliar.ch\/fr\/author\/alex\/","display_name":"Alex"},"relative_dates":{"created":"Publi\u00e9 3 ans il y a","modified":"Mis \u00e0 jour 2 ans il y a"},"absolute_dates":{"created":"Publi\u00e9 le octobre 17, 2023","modified":"Mise \u00e0 jour le octobre 31, 2023"},"absolute_dates_time":{"created":"Publi\u00e9 le octobre 17, 2023 7:58 pm","modified":"Mise \u00e0 jour le octobre 31, 2023 12:57 pm"},"featured_img_caption":"","featured_img":"https:\/\/objektmobiliar.ch\/wp-content\/uploads\/2023\/10\/schraenke-header-825x510.jpg","series_order":"","_links":{"self":[{"href":"https:\/\/objektmobiliar.ch\/fr\/wp-json\/wp\/v2\/pages\/809","targetHints":{"allow":["GET"]}}],"collection":[{"href":"https:\/\/objektmobiliar.ch\/fr\/wp-json\/wp\/v2\/pages"}],"about":[{"href":"https:\/\/objektmobiliar.ch\/fr\/wp-json\/wp\/v2\/types\/page"}],"author":[{"embeddable":true,"href":"https:\/\/objektmobiliar.ch\/fr\/wp-json\/wp\/v2\/users\/2"}],"replies":[{"embeddable":true,"href":"https:\/\/objektmobiliar.ch\/fr\/wp-json\/wp\/v2\/comments?post=809"}],"version-history":[{"count":4,"href":"https:\/\/objektmobiliar.ch\/fr\/wp-json\/wp\/v2\/pages\/809\/revisions"}],"predecessor-version":[{"id":1500,"href":"https:\/\/objektmobiliar.ch\/fr\/wp-json\/wp\/v2\/pages\/809\/revisions\/1500"}],"up":[{"embeddable":true,"href":"https:\/\/objektmobiliar.ch\/fr\/wp-json\/wp\/v2\/pages\/207"}],"wp:featuredmedia":[{"embeddable":true,"href":"https:\/\/objektmobiliar.ch\/fr\/wp-json\/wp\/v2\/media\/1391"}],"wp:attachment":[{"href":"https:\/\/objektmobiliar.ch\/fr\/wp-json\/wp\/v2\/media?parent=809"}],"curies":[{"name":"wp","href":"https:\/\/api.w.org\/{rel}","templated":true}]}}