{"id":786,"date":"2023-10-17T19:08:53","date_gmt":"2023-10-17T19:08:53","guid":{"rendered":"https:\/\/dev.objektmobiliar.ch\/?page_id=786"},"modified":"2026-01-27T14:14:25","modified_gmt":"2026-01-27T14:14:25","slug":"chaise-alu-terrasse-balcon","status":"publish","type":"page","link":"https:\/\/objektmobiliar.ch\/fr\/moebel\/outdoor-moebel-pflegeheime\/alu-stuhl-terrasse-balkon\/","title":{"rendered":"Lorana Chaise &amp; Chaise longue"},"content":{"rendered":"<div class=\"lazyblock-produkt-detail-ozg-Bcz2t wp-block-lazyblock-produkt-detail-ozg\"><section class=\"sct\">\r\n      <div class=\"cnt\">\r\n        <div class=\"elmnt-product-desc\">\r\n          <div class=\"product-desc-box\"><img decoding=\"async\" src=\"https:\/\/objektmobiliar.ch\/wp-content\/uploads\/2023\/10\/lorana-stuhl.jpg\" loading=\"lazy\" alt=\"\" class=\"product-desc-img\"><\/div>\r\n          <div class=\"product-desc-txt\">\r\n            <h1 class=\"txt-product-headline\">Gartenm\u00f6bel Serie Lorana<\/h1>\r\n            <h2 class=\"txt-product-subline\">Gartenm\u00f6bel f\u00fcr Pflegeheime<\/h2>\r\n            <div class=\"w-richtext\">\r\n              <p>Der leichten Alu Gartenm\u00f6bel der Serie Lorana f\u00fcr Terrasse oder Balkon besitzen eine pflegeleichte, objektbew\u00e4hrte Bespannung in erstklassiger Verarbeitung. Das Gestell ist komplett verschweisst und mit Stapelschutz versehen. Der Gartenstuhl der Serie ist wahlweise mit oder ohne Armlehne erh\u00e4ltlich.<\/p>\n<p><strong>Alu-Gestell Farben:<\/strong><br \/>Blaugrau, Schilfgr\u00fcn, Rubinrot, Kupfer, Zitronengelb, Weiss, Silber, Champagne, Grau Metallic, Carbon<\/p>\n<p><strong>Bespannung Farben:<\/strong><br \/>Carbon, Coralle, Crema, Grau, Hellgrau, Honig, Kupfer, Olive, Rubinrot, Schwarz, Taupe, Weiss, Zitronengelb<\/p>\r\n            <\/div>\r\n            <a onclick=\"splite_loader();\" class=\"btn\">Produkt anfragen<\/a>\r\n          <\/div>\r\n        <\/div>\r\n      <\/div>\r\n    <\/section><\/div>\n\n<div class=\"lazyblock-text-modul-ozg-Z27BSCS wp-block-lazyblock-text-modul-ozg\"><section class=\"sct\">\r\n      <div class=\"cnt narrow\">\r\n        <div class=\"w-richtext\">\r\n            <p><strong>Farben Bespannung:<\/strong><\/p>\n<p><img loading=\"lazy\" decoding=\"async\" class=\"alignnone size-full wp-image-5769\" src=\"https:\/\/objektmobiliar.ch\/wp-content\/uploads\/2026\/01\/Bespannung-Lorana.png\" alt=\"\" width=\"1365\" height=\"161\" srcset=\"https:\/\/objektmobiliar.ch\/wp-content\/uploads\/2026\/01\/Bespannung-Lorana.png 1365w, https:\/\/objektmobiliar.ch\/wp-content\/uploads\/2026\/01\/Bespannung-Lorana-800x94.png 800w, https:\/\/objektmobiliar.ch\/wp-content\/uploads\/2026\/01\/Bespannung-Lorana-768x91.png 768w, https:\/\/objektmobiliar.ch\/wp-content\/uploads\/2026\/01\/Bespannung-Lorana-18x2.png 18w\" sizes=\"auto, (max-width: 1365px) 100vw, 1365px\" \/><\/p>\n<p><strong>Farben Gestell:<\/strong><\/p>\n<p><img loading=\"lazy\" decoding=\"async\" class=\"alignnone size-full wp-image-5771\" src=\"https:\/\/objektmobiliar.ch\/wp-content\/uploads\/2026\/01\/Gestell-Lorana.png\" alt=\"\" width=\"1367\" height=\"153\" srcset=\"https:\/\/objektmobiliar.ch\/wp-content\/uploads\/2026\/01\/Gestell-Lorana.png 1367w, https:\/\/objektmobiliar.ch\/wp-content\/uploads\/2026\/01\/Gestell-Lorana-800x90.png 800w, https:\/\/objektmobiliar.ch\/wp-content\/uploads\/2026\/01\/Gestell-Lorana-768x86.png 768w, https:\/\/objektmobiliar.ch\/wp-content\/uploads\/2026\/01\/Gestell-Lorana-18x2.png 18w\" sizes=\"auto, (max-width: 1367px) 100vw, 1367px\" \/><\/p>\r\n        <\/div>\r\n      <\/div>\r\n    <\/section><\/div>\n\n<div class=\"lazyblock-produkt-slider-ozg-Z1K04do wp-block-lazyblock-produkt-slider-ozg\"><section class=\"sct\">\r\n  <div class=\"cnt semi\">\r\n    <div class=\"intro-txt\">\r\n        <h2>Modelle und Ausf\u00fchrungen<\/h2>\r\n    <\/div>\r\n    \r\n    <div class=\"elmnt-similar-products\">\r\n      <div class=\"similar-product\"><img decoding=\"async\" src=\"https:\/\/objektmobiliar.ch\/wp-content\/uploads\/2025\/03\/Gartenstuhl-mit-Armlehnen-Lorana.jpg\" loading=\"eager\" alt=\"\" class=\"similar-product-img\">\r\n        <div class=\"center\">\r\n          <div class=\"w-richtext\">\r\n            <p>Art.-Nr. 251-0004\/S<br>Mit Armlehnen<\/p>\r\n          <\/div>\r\n          \r\n        <\/div>\r\n      <\/div>\r\n      <div class=\"similar-product\"><img decoding=\"async\" src=\"https:\/\/objektmobiliar.ch\/wp-content\/uploads\/2025\/03\/Gartenstuhl-ohne-Armlehnen-Lorana.jpg\" loading=\"eager\" alt=\"\" class=\"similar-product-img\">\r\n        <div class=\"center\">\r\n          <div class=\"w-richtext\">\r\n            <p>Art.-Nr. 251-0006\/S<br>Ohne Armlehnen<\/p>\r\n          <\/div>\r\n          \r\n        <\/div>\r\n      <\/div>\r\n      <div class=\"similar-product\"><img decoding=\"async\" src=\"https:\/\/objektmobiliar.ch\/wp-content\/uploads\/2025\/03\/Gartensitzbank-Zweisitzer-Gartenbank-Lorana-1.jpg\" loading=\"eager\" alt=\"\" class=\"similar-product-img\">\r\n        <div class=\"center\">\r\n          <div class=\"w-richtext\">\r\n            <p>251-0011\/S<br>Gartenbank 2er<\/p>\r\n          <\/div>\r\n          \r\n        <\/div>\r\n      <\/div>\r\n      <div class=\"similar-product\"><img decoding=\"async\" src=\"https:\/\/objektmobiliar.ch\/wp-content\/uploads\/2025\/03\/Gartenstuhl-Barhocker-Lorana-Hellgrau.jpg\" loading=\"eager\" alt=\"\" class=\"similar-product-img\">\r\n        <div class=\"center\">\r\n          <div class=\"w-richtext\">\r\n            <p>251-0023\/S<br>Garten Barhocker<\/p>\r\n          <\/div>\r\n          \r\n        <\/div>\r\n      <\/div>\r\n      <div class=\"similar-product\"><img decoding=\"async\" src=\"https:\/\/objektmobiliar.ch\/wp-content\/uploads\/2025\/03\/Gartenstuhl-Barhocker-Lorana-Bordeaux.jpg\" loading=\"eager\" alt=\"\" class=\"similar-product-img\">\r\n        <div class=\"center\">\r\n          <div class=\"w-richtext\">\r\n            <p>251-0023\/S<br>Garten Barhocker<\/p>\r\n          <\/div>\r\n          \r\n        <\/div>\r\n      <\/div>\r\n    <\/div>\r\n  <\/div>\r\n  \r\n  <div class=\"cnt narrow\">\r\n    <div class=\"similar-products-nav-pos\">\r\n      <div class=\"w-embed\">\r\n        \r\n      <\/div>\r\n    <\/div>\r\n  <\/div>\r\n<\/section><\/div>\n\n\n<div class=\"wp-block-group\"><div class=\"wp-block-group__inner-container is-layout-constrained wp-block-group-is-layout-constrained\"><section class=\"sct\">\r\n      <div class=\"cnt narrow\">\r\n        <div class=\"introtxt\">\r\n        <div class=\"w-richtext\">\r\n            <h2>Produktbeschreibung<\/h2>\r\n        <\/div>\r\n        <\/div>\r\n        \r\n          \n\n\n<figure class=\"wp-block-table is-style-regular\"><table><thead><tr><th>Art. Nr.<\/th><th>Beschreibung<\/th><th>Abmessung<\/th><\/tr><\/thead><tbody><tr><td>251-0006\/S<\/td><td>Lorana Gartenstuhl, ohne Armlehnen<\/td><td>H 88cm, B 53cm, T 62cm, SH 45cm<\/td><\/tr><tr><td>251-0004\/S<\/td><td>Lorana Gartenstuhl, mit Armlehnen<\/td><td>H 88cm, B 56cm, T 62cm, SH 45cm<\/td><\/tr><tr><td>251-0007\/S<\/td><td>Lorana Gartenstuhl Plus, mit Armlehnen<\/td><td>H 91cm, B 56cm, T 62cm, SH 48cm<\/td><\/tr><tr><td>251-0011\/S<\/td><td>Lorana 2er Sitzbank, mit Armlehnen<\/td><td>H 88cm, B 130cm, T 62cm, SH 45cm<\/td><\/tr><tr><td>251-0023\/S<\/td><td>Lorana Garten Barhocker, ohne Armlehnen<\/td><td>H 106cm, B 47cm, T 52cm, SH 78cm<\/td><\/tr><\/tbody><\/table><\/figure>\n\n\n<\/div><\/section><\/div><\/div>\n\n\n<div class=\"lazyblock-bildergalerie-lightbox-ozg-2eaBqL wp-block-lazyblock-bildergalerie-lightbox-ozg\"><section class=\"sct\">\r\n  <div class=\"cnt semi\">\r\n    <div class=\"introtxt\">\r\n    <div class=\"w-richtext\">\r\n        \r\n    <\/div>\r\n    <\/div>\r\n  \r\n    <div class=\"elmnt-imggallery\">\r\n      <a href=\"#\" class=\"imggallery-link w-inline-block w-lightbox\">\r\n        <img decoding=\"async\" src=\"https:\/\/objektmobiliar.ch\/wp-content\/uploads\/2025\/01\/007_MS1_8613-scaled.jpg\" loading=\"lazy\" alt=\"\" class=\"imggallery-img\">\r\n        <script type=\"application\/json\" class=\"w-json\">\r\n            {\r\n              \"items\": [{\r\n\r\n                \"url\": \"https:\/\/objektmobiliar.ch\/wp-content\/uploads\/2025\/01\/007_MS1_8613-scaled.jpg\",\r\n                \"caption\": \"\",\r\n                \"type\": \"image\"\r\n              }],\r\n              \"group\": \"\"\r\n            }\r\n          <\/script>\r\n      <\/a>\r\n      <a href=\"#\" class=\"imggallery-link w-inline-block w-lightbox\">\r\n        <img decoding=\"async\" src=\"https:\/\/objektmobiliar.ch\/wp-content\/uploads\/2025\/01\/011_MS1_8630-scaled.jpg\" loading=\"lazy\" alt=\"\" class=\"imggallery-img\">\r\n        <script type=\"application\/json\" class=\"w-json\">\r\n            {\r\n              \"items\": [{\r\n\r\n                \"url\": \"https:\/\/objektmobiliar.ch\/wp-content\/uploads\/2025\/01\/011_MS1_8630-scaled.jpg\",\r\n                \"caption\": \"\",\r\n                \"type\": \"image\"\r\n              }],\r\n              \"group\": \"\"\r\n            }\r\n          <\/script>\r\n      <\/a>\r\n      <a href=\"#\" class=\"imggallery-link w-inline-block w-lightbox\">\r\n        <img decoding=\"async\" src=\"https:\/\/objektmobiliar.ch\/wp-content\/uploads\/2025\/03\/Gartenbank-mit-zwei-Sitzen.jpg\" loading=\"lazy\" alt=\"\" class=\"imggallery-img\">\r\n        <script type=\"application\/json\" class=\"w-json\">\r\n            {\r\n              \"items\": [{\r\n\r\n                \"url\": \"https:\/\/objektmobiliar.ch\/wp-content\/uploads\/2025\/03\/Gartenbank-mit-zwei-Sitzen.jpg\",\r\n                \"caption\": \"\",\r\n                \"type\": \"image\"\r\n              }],\r\n              \"group\": \"\"\r\n            }\r\n          <\/script>\r\n      <\/a>\r\n      <a href=\"#\" class=\"imggallery-link w-inline-block w-lightbox\">\r\n        <img decoding=\"async\" src=\"https:\/\/objektmobiliar.ch\/wp-content\/uploads\/2025\/03\/Leichter-Gartenstuhl-Lorana-Aussenbereich.jpg\" loading=\"lazy\" alt=\"\" class=\"imggallery-img\">\r\n        <script type=\"application\/json\" class=\"w-json\">\r\n            {\r\n              \"items\": [{\r\n\r\n                \"url\": \"https:\/\/objektmobiliar.ch\/wp-content\/uploads\/2025\/03\/Leichter-Gartenstuhl-Lorana-Aussenbereich.jpg\",\r\n                \"caption\": \"\",\r\n                \"type\": \"image\"\r\n              }],\r\n              \"group\": \"\"\r\n            }\r\n          <\/script>\r\n      <\/a>\r\n      <a href=\"#\" class=\"imggallery-link w-inline-block w-lightbox\">\r\n        <img decoding=\"async\" src=\"https:\/\/objektmobiliar.ch\/wp-content\/uploads\/2025\/03\/Gartenstuhl-Barhocker-Lorana-Carbon.jpg\" loading=\"lazy\" alt=\"\" class=\"imggallery-img\">\r\n        <script type=\"application\/json\" class=\"w-json\">\r\n            {\r\n              \"items\": [{\r\n\r\n                \"url\": \"https:\/\/objektmobiliar.ch\/wp-content\/uploads\/2025\/03\/Gartenstuhl-Barhocker-Lorana-Carbon.jpg\",\r\n                \"caption\": \"\",\r\n                \"type\": \"image\"\r\n              }],\r\n              \"group\": \"\"\r\n            }\r\n          <\/script>\r\n      <\/a>\r\n    <\/div>\r\n    \r\n  <\/div>\r\n<\/section><\/div>\n\n<div class=\"lazyblock-text-modul-ozg-Z1wBU5y wp-block-lazyblock-text-modul-ozg\"><section class=\"sct\">\r\n      <div class=\"cnt narrow\">\r\n        <div class=\"w-richtext\">\r\n            <h2>Farben f\u00fcr Gestelle und Bespannungen:<\/h2>\n<p><strong>Das Alu-Gestell ist in folgenden Farben erh\u00e4ltlich:<\/strong> <br \/>Blaugrau, Schilfgr\u00fcn, Rubinrot, Kupfer, Zitronengelb, Weiss, Silber, Champagne, Grau Metallic, Carbon<\/p>\n<p><strong>Die Bespannung ist in folgenden Farben erh\u00e4ltlich:<\/strong> <br \/>Bordeaux, Kupfer, Rubinrot, Coralle, Kirschrot, Zitronengelb, Honig, Olive<\/p>\n<p>&nbsp;<\/p>\n<h3>Lorana Alu-Stuhl f\u00fcr Terrasse oder Balkon<\/h3>\n<p>Der leichte Stuhl eignet sich ideal f\u00fcr Aussenbereiche. Er besitzt eine praktische Griffleiste an der R\u00fcckenlehne und ist wahlweise ohne oder mit abgerundeten Armlehnen erh\u00e4ltlich. Die Variante mit Armlehnen bietet vor allem Personen h\u00f6heren Alters oder mit eingeschr\u00e4nkter Mobilit\u00e4t zus\u00e4tzlichen Halt und Sicherheit. Der Stuhl Lorana ist zudem komplett verschweisst und mit Stapelschutz versehen.<\/p>\n<p>Da das Gestell aus Aluminium gefertigt ist, sind alle Lorana Modelle echte Leichtgewichte, die sich einfach und unkompliziert umplatzieren lassen. Die Bespannung in erstklassiger Verarbeitung ist aus einem robusten Material gefertigt, dass sich ideal f\u00fcr die hohe Beanspruchung in Pflegeeinrichtungen eignet. Sie ist leicht zu reinigen und zeichnet sich durch ihre wetterfesten Eigenschaften aus. So h\u00e4lt Lorana auch schlechter Witterung in Aussenbereichen stand und kann durch seine Langlebigkeit \u00fcberzeugen. Weiterer Pluspunkt: Die Stuhlmodelle der Serie Lorana sind stapelbar und k\u00f6nnen somit bei Nichtgebrauch platzsparend aufbewahrt werden.<\/p>\n<h3>Weitere Outdoor St\u00fchle und Tische<\/h3>\n<p>Sie sind auf der Suche nach weiteren M\u00f6beln f\u00fcr Ihre Terrassen, Balkone oder G\u00e4rten? In unserem Sortiment finden Sie eine grosse Auswahl an <a href=\"https:\/\/objektmobiliar.ch\/moebel\/outdoor-moebel-pflegeheime\/\" target=\"_blank\" rel=\"noopener\">Outdoor St\u00fchlen und Tischen<\/a>.<\/p>\r\n        <\/div>\r\n            <div ><a href=\"https:\/\/objektmobiliar.ch\/moebel\/outdoor-moebel-pflegeheime\/\" class=\"btn\" target=\"_blank\">Weitere Outdoor M\u00f6bel<\/a><\/div>\r\n      <\/div>\r\n    <\/section><\/div><style class=\"advgb-styles-renderer\">\r\n            .similar-products-nav li {\r\n              overflow: hidden;\r\n              margin: 0px !important;\r\n              flex-grow: 0 !important;\r\n              flex-shrink: 1 !important;\r\n              flex-basis: 12.5% !important;\r\n              border-style: solid;\r\n              border-width: 2px;\r\n              border-color: transparent;\r\n              border-radius: 8px;\r\n              transition-property: border-color;\r\n              transition-duration: 600ms;\r\n              transition-timing-function: ease;\r\n              cursor: pointer;\r\n            }\r\n            .similar-products-nav li.slick-active {\r\n              border-color: #dde7ef;\r\n            }\r\n            @media screen and (max-width:767px) {\r\n              .similar-products-nav li {\r\n                flex-basis: auto !important;\r\n                border-radius: 8px;\r\n                padding-top: 8px;\r\n                padding-right: 16px;\r\n                padding-bottom: 6px;\r\n                padding-left: 16px;\r\n              }\r\n              .similar-products-nav li.slick-active {\r\n                background-color: #dde7ef;\r\n                transition-property: background-color, border-color;\r\n                transition-duration: 600ms, 200ms;\r\n                transition-timing-function: ease, ease;\r\n                color: #426b8a;\r\n              }\r\n            }\r\n          <\/style>","protected":false},"excerpt":{"rendered":"<p>Alu-Stuhl mit pflegeleichter, objektbew\u00e4hrter Bespannung in erstklassiger Verarbeitung f\u00fcr den Innen- und Aussenbereich. Der Stuhl ist komplett verschweisst und mit Stapelschutz versehen.<\/p>","protected":false},"author":2,"featured_media":789,"parent":749,"menu_order":0,"comment_status":"closed","ping_status":"closed","template":"","meta":{"advgb_blocks_editor_width":"","advgb_blocks_columns_visual_guide":"","footnotes":""},"class_list":["post-786","page","type-page","status-publish","has-post-thumbnail","hentry"],"yoast_head":"<!-- This site is optimized with the Yoast SEO plugin v27.4 - https:\/\/yoast.com\/product\/yoast-seo-wordpress\/ -->\n<title>Alu-Stuhl f\u00fcr Terrasse oder Balkon bei OZG kaufen<\/title>\n<meta name=\"description\" content=\"Alu-Stuhl f\u00fcr Terrasse oder Balkon mit oder ohne Armlehnen und pflegeleichter, objektbew\u00e4hrter Bespannung in erstklassiger Verarbeitung.\" \/>\n<meta name=\"robots\" content=\"index, follow, max-snippet:-1, max-image-preview:large, max-video-preview:-1\" \/>\n<link rel=\"canonical\" href=\"https:\/\/objektmobiliar.ch\/fr\/meubles\/meubles-dexterieur-maisons-de-retraite\/chaise-alu-terrasse-balcon\/\" \/>\n<meta property=\"og:locale\" content=\"fr_FR\" \/>\n<meta property=\"og:type\" content=\"article\" \/>\n<meta property=\"og:title\" content=\"Alu-Stuhl f\u00fcr Terrasse oder Balkon bei OZG kaufen\" \/>\n<meta property=\"og:description\" content=\"Alu-Stuhl f\u00fcr Terrasse oder Balkon mit oder ohne Armlehnen und pflegeleichter, objektbew\u00e4hrter Bespannung in erstklassiger Verarbeitung.\" \/>\n<meta property=\"og:url\" content=\"https:\/\/objektmobiliar.ch\/fr\/meubles\/meubles-dexterieur-maisons-de-retraite\/chaise-alu-terrasse-balcon\/\" \/>\n<meta property=\"og:site_name\" content=\"OZG HEALTHCARE\" \/>\n<meta property=\"article:modified_time\" content=\"2026-01-27T14:14:25+00:00\" \/>\n<meta property=\"og:image\" content=\"https:\/\/objektmobiliar.ch\/wp-content\/uploads\/2023\/10\/lorana-stuhl.jpg\" \/>\n\t<meta property=\"og:image:width\" content=\"1000\" \/>\n\t<meta property=\"og:image:height\" content=\"1000\" \/>\n\t<meta property=\"og:image:type\" content=\"image\/jpeg\" \/>\n<meta name=\"twitter:card\" content=\"summary_large_image\" \/>\n<meta name=\"twitter:label1\" content=\"Dur\u00e9e de lecture estim\u00e9e\" \/>\n\t<meta name=\"twitter:data1\" content=\"5 minutes\" \/>\n<script type=\"application\/ld+json\" class=\"yoast-schema-graph\">{\"@context\":\"https:\\\/\\\/schema.org\",\"@graph\":[{\"@type\":\"WebPage\",\"@id\":\"https:\\\/\\\/objektmobiliar.ch\\\/moebel\\\/outdoor-moebel-pflegeheime\\\/alu-stuhl-terrasse-balkon\\\/\",\"url\":\"https:\\\/\\\/objektmobiliar.ch\\\/moebel\\\/outdoor-moebel-pflegeheime\\\/alu-stuhl-terrasse-balkon\\\/\",\"name\":\"Alu-Stuhl f\u00fcr Terrasse oder Balkon bei OZG kaufen\",\"isPartOf\":{\"@id\":\"https:\\\/\\\/objektmobiliar.ch\\\/#website\"},\"primaryImageOfPage\":{\"@id\":\"https:\\\/\\\/objektmobiliar.ch\\\/moebel\\\/outdoor-moebel-pflegeheime\\\/alu-stuhl-terrasse-balkon\\\/#primaryimage\"},\"image\":{\"@id\":\"https:\\\/\\\/objektmobiliar.ch\\\/moebel\\\/outdoor-moebel-pflegeheime\\\/alu-stuhl-terrasse-balkon\\\/#primaryimage\"},\"thumbnailUrl\":\"https:\\\/\\\/objektmobiliar.ch\\\/wp-content\\\/uploads\\\/2023\\\/10\\\/lorana-stuhl.jpg\",\"datePublished\":\"2023-10-17T19:08:53+00:00\",\"dateModified\":\"2026-01-27T14:14:25+00:00\",\"description\":\"Alu-Stuhl f\u00fcr Terrasse oder Balkon mit oder ohne Armlehnen und pflegeleichter, objektbew\u00e4hrter Bespannung in erstklassiger Verarbeitung.\",\"breadcrumb\":{\"@id\":\"https:\\\/\\\/objektmobiliar.ch\\\/moebel\\\/outdoor-moebel-pflegeheime\\\/alu-stuhl-terrasse-balkon\\\/#breadcrumb\"},\"inLanguage\":\"fr-FR\",\"potentialAction\":[{\"@type\":\"ReadAction\",\"target\":[\"https:\\\/\\\/objektmobiliar.ch\\\/moebel\\\/outdoor-moebel-pflegeheime\\\/alu-stuhl-terrasse-balkon\\\/\"]}]},{\"@type\":\"ImageObject\",\"inLanguage\":\"fr-FR\",\"@id\":\"https:\\\/\\\/objektmobiliar.ch\\\/moebel\\\/outdoor-moebel-pflegeheime\\\/alu-stuhl-terrasse-balkon\\\/#primaryimage\",\"url\":\"https:\\\/\\\/objektmobiliar.ch\\\/wp-content\\\/uploads\\\/2023\\\/10\\\/lorana-stuhl.jpg\",\"contentUrl\":\"https:\\\/\\\/objektmobiliar.ch\\\/wp-content\\\/uploads\\\/2023\\\/10\\\/lorana-stuhl.jpg\",\"width\":1000,\"height\":1000,\"caption\":\"Gartenm\u00f6bel f\u00fcr Pflegeheime\"},{\"@type\":\"BreadcrumbList\",\"@id\":\"https:\\\/\\\/objektmobiliar.ch\\\/moebel\\\/outdoor-moebel-pflegeheime\\\/alu-stuhl-terrasse-balkon\\\/#breadcrumb\",\"itemListElement\":[{\"@type\":\"ListItem\",\"position\":1,\"name\":\"Startseite\",\"item\":\"https:\\\/\\\/objektmobiliar.ch\\\/\"},{\"@type\":\"ListItem\",\"position\":2,\"name\":\"M\u00f6bel\",\"item\":\"https:\\\/\\\/objektmobiliar.ch\\\/moebel\\\/\"},{\"@type\":\"ListItem\",\"position\":3,\"name\":\"Gartenm\u00f6bel\",\"item\":\"https:\\\/\\\/objektmobiliar.ch\\\/moebel\\\/outdoor-moebel-pflegeheime\\\/\"},{\"@type\":\"ListItem\",\"position\":4,\"name\":\"Lorana Stuhl &amp; Liege\"}]},{\"@type\":\"WebSite\",\"@id\":\"https:\\\/\\\/objektmobiliar.ch\\\/#website\",\"url\":\"https:\\\/\\\/objektmobiliar.ch\\\/\",\"name\":\"OZG HEALTHCARE\",\"description\":\"Objektmobiliar f\u00fcr Pflege, B\u00fcro, Praxis &amp; Hotellerie\",\"potentialAction\":[{\"@type\":\"SearchAction\",\"target\":{\"@type\":\"EntryPoint\",\"urlTemplate\":\"https:\\\/\\\/objektmobiliar.ch\\\/?s={search_term_string}\"},\"query-input\":{\"@type\":\"PropertyValueSpecification\",\"valueRequired\":true,\"valueName\":\"search_term_string\"}}],\"inLanguage\":\"fr-FR\"}]}<\/script>\n<!-- \/ Yoast SEO plugin. -->","yoast_head_json":{"title":"Acheter une chaise en aluminium pour terrasse ou balcon chez OZG","description":"Chaise en aluminium pour la terrasse ou le balcon avec ou sans accoudoirs et rev\u00eatement facile \u00e0 entretenir, \u00e9prouv\u00e9 par l'objet, avec une finition de premi\u00e8re qualit\u00e9.","robots":{"index":"index","follow":"follow","max-snippet":"max-snippet:-1","max-image-preview":"max-image-preview:large","max-video-preview":"max-video-preview:-1"},"canonical":"https:\/\/objektmobiliar.ch\/fr\/meubles\/meubles-dexterieur-maisons-de-retraite\/chaise-alu-terrasse-balcon\/","og_locale":"fr_FR","og_type":"article","og_title":"Alu-Stuhl f\u00fcr Terrasse oder Balkon bei OZG kaufen","og_description":"Alu-Stuhl f\u00fcr Terrasse oder Balkon mit oder ohne Armlehnen und pflegeleichter, objektbew\u00e4hrter Bespannung in erstklassiger Verarbeitung.","og_url":"https:\/\/objektmobiliar.ch\/fr\/meubles\/meubles-dexterieur-maisons-de-retraite\/chaise-alu-terrasse-balcon\/","og_site_name":"OZG HEALTHCARE","article_modified_time":"2026-01-27T14:14:25+00:00","og_image":[{"width":1000,"height":1000,"url":"https:\/\/objektmobiliar.ch\/wp-content\/uploads\/2023\/10\/lorana-stuhl.jpg","type":"image\/jpeg"}],"twitter_card":"summary_large_image","twitter_misc":{"Dur\u00e9e de lecture estim\u00e9e":"5 minutes"},"schema":{"@context":"https:\/\/schema.org","@graph":[{"@type":"WebPage","@id":"https:\/\/objektmobiliar.ch\/moebel\/outdoor-moebel-pflegeheime\/alu-stuhl-terrasse-balkon\/","url":"https:\/\/objektmobiliar.ch\/moebel\/outdoor-moebel-pflegeheime\/alu-stuhl-terrasse-balkon\/","name":"Acheter une chaise en aluminium pour terrasse ou balcon chez OZG","isPartOf":{"@id":"https:\/\/objektmobiliar.ch\/#website"},"primaryImageOfPage":{"@id":"https:\/\/objektmobiliar.ch\/moebel\/outdoor-moebel-pflegeheime\/alu-stuhl-terrasse-balkon\/#primaryimage"},"image":{"@id":"https:\/\/objektmobiliar.ch\/moebel\/outdoor-moebel-pflegeheime\/alu-stuhl-terrasse-balkon\/#primaryimage"},"thumbnailUrl":"https:\/\/objektmobiliar.ch\/wp-content\/uploads\/2023\/10\/lorana-stuhl.jpg","datePublished":"2023-10-17T19:08:53+00:00","dateModified":"2026-01-27T14:14:25+00:00","description":"Chaise en aluminium pour la terrasse ou le balcon avec ou sans accoudoirs et rev\u00eatement facile \u00e0 entretenir, \u00e9prouv\u00e9 par l'objet, avec une finition de premi\u00e8re qualit\u00e9.","breadcrumb":{"@id":"https:\/\/objektmobiliar.ch\/moebel\/outdoor-moebel-pflegeheime\/alu-stuhl-terrasse-balkon\/#breadcrumb"},"inLanguage":"fr-FR","potentialAction":[{"@type":"ReadAction","target":["https:\/\/objektmobiliar.ch\/moebel\/outdoor-moebel-pflegeheime\/alu-stuhl-terrasse-balkon\/"]}]},{"@type":"ImageObject","inLanguage":"fr-FR","@id":"https:\/\/objektmobiliar.ch\/moebel\/outdoor-moebel-pflegeheime\/alu-stuhl-terrasse-balkon\/#primaryimage","url":"https:\/\/objektmobiliar.ch\/wp-content\/uploads\/2023\/10\/lorana-stuhl.jpg","contentUrl":"https:\/\/objektmobiliar.ch\/wp-content\/uploads\/2023\/10\/lorana-stuhl.jpg","width":1000,"height":1000,"caption":"Gartenm\u00f6bel f\u00fcr Pflegeheime"},{"@type":"BreadcrumbList","@id":"https:\/\/objektmobiliar.ch\/moebel\/outdoor-moebel-pflegeheime\/alu-stuhl-terrasse-balkon\/#breadcrumb","itemListElement":[{"@type":"ListItem","position":1,"name":"Startseite","item":"https:\/\/objektmobiliar.ch\/"},{"@type":"ListItem","position":2,"name":"M\u00f6bel","item":"https:\/\/objektmobiliar.ch\/moebel\/"},{"@type":"ListItem","position":3,"name":"Gartenm\u00f6bel","item":"https:\/\/objektmobiliar.ch\/moebel\/outdoor-moebel-pflegeheime\/"},{"@type":"ListItem","position":4,"name":"Lorana Stuhl &amp; Liege"}]},{"@type":"WebSite","@id":"https:\/\/objektmobiliar.ch\/#website","url":"https:\/\/objektmobiliar.ch\/","name":"OZG HEALTHCARE","description":"Mobilier de collectivit\u00e9 pour les soins, les bureaux, les cabinets m\u00e9dicaux et l'h\u00f4tellerie","potentialAction":[{"@type":"SearchAction","target":{"@type":"EntryPoint","urlTemplate":"https:\/\/objektmobiliar.ch\/?s={search_term_string}"},"query-input":{"@type":"PropertyValueSpecification","valueRequired":true,"valueName":"search_term_string"}}],"inLanguage":"fr-FR"}]}},"coauthors":[],"author_meta":{"author_link":"https:\/\/objektmobiliar.ch\/fr\/author\/alex\/","display_name":"Alex"},"relative_dates":{"created":"Publi\u00e9 3 ans il y a","modified":"Mis \u00e0 jour 3 mois il y a"},"absolute_dates":{"created":"Publi\u00e9 le octobre 17, 2023","modified":"Mise \u00e0 jour le janvier 27, 2026"},"absolute_dates_time":{"created":"Publi\u00e9 le octobre 17, 2023 7:08 pm","modified":"Mise \u00e0 jour le janvier 27, 2026 2:14 pm"},"featured_img_caption":"","featured_img":"https:\/\/objektmobiliar.ch\/wp-content\/uploads\/2023\/10\/lorana-stuhl-825x510.jpg","series_order":"","_links":{"self":[{"href":"https:\/\/objektmobiliar.ch\/fr\/wp-json\/wp\/v2\/pages\/786","targetHints":{"allow":["GET"]}}],"collection":[{"href":"https:\/\/objektmobiliar.ch\/fr\/wp-json\/wp\/v2\/pages"}],"about":[{"href":"https:\/\/objektmobiliar.ch\/fr\/wp-json\/wp\/v2\/types\/page"}],"author":[{"embeddable":true,"href":"https:\/\/objektmobiliar.ch\/fr\/wp-json\/wp\/v2\/users\/2"}],"replies":[{"embeddable":true,"href":"https:\/\/objektmobiliar.ch\/fr\/wp-json\/wp\/v2\/comments?post=786"}],"version-history":[{"count":33,"href":"https:\/\/objektmobiliar.ch\/fr\/wp-json\/wp\/v2\/pages\/786\/revisions"}],"predecessor-version":[{"id":5772,"href":"https:\/\/objektmobiliar.ch\/fr\/wp-json\/wp\/v2\/pages\/786\/revisions\/5772"}],"up":[{"embeddable":true,"href":"https:\/\/objektmobiliar.ch\/fr\/wp-json\/wp\/v2\/pages\/749"}],"wp:featuredmedia":[{"embeddable":true,"href":"https:\/\/objektmobiliar.ch\/fr\/wp-json\/wp\/v2\/media\/789"}],"wp:attachment":[{"href":"https:\/\/objektmobiliar.ch\/fr\/wp-json\/wp\/v2\/media?parent=786"}],"curies":[{"name":"wp","href":"https:\/\/api.w.org\/{rel}","templated":true}]}}