{"id":776,"date":"2023-10-17T18:57:13","date_gmt":"2023-10-17T18:57:13","guid":{"rendered":"https:\/\/dev.objektmobiliar.ch\/?page_id=776"},"modified":"2026-01-28T10:34:57","modified_gmt":"2026-01-28T10:34:57","slug":"chaise-de-jardin-en-rotin-synthetique","status":"publish","type":"page","link":"https:\/\/objektmobiliar.ch\/fr\/moebel\/outdoor-moebel-pflegeheime\/gartenstuhl-aus-kunst-rattan\/","title":{"rendered":"Ibiza"},"content":{"rendered":"<div class=\"lazyblock-produkt-detail-ozg-ZngIF2 wp-block-lazyblock-produkt-detail-ozg\"><section class=\"sct\">\r\n      <div class=\"cnt\">\r\n        <div class=\"elmnt-product-desc\">\r\n          <div class=\"product-desc-box\"><img decoding=\"async\" src=\"https:\/\/objektmobiliar.ch\/wp-content\/uploads\/2023\/10\/ibiza-02.jpg\" loading=\"lazy\" alt=\"\" class=\"product-desc-img\"><\/div>\r\n          <div class=\"product-desc-txt\">\r\n            <h1 class=\"txt-product-headline\">Ibiza<\/h1>\r\n            <h2 class=\"txt-product-subline\">Gartenstuhl aus Kunst-Rattan<\/h2>\r\n            <div class=\"w-richtext\">\r\n              <p>Der Gartenstuhl aus Kunst-Rattan der Serie IBIZA bringt einen Hauch von Urlaubsfeeling auf Ihre Terrassen, Balkone, G\u00e4rten und Aussenbereiche. Sehr witterungsbest\u00e4ndig und einfach zu pflegen. Der Stuhl ist erh\u00e4ltlich mit offenen, schmalen Armlehnen oder komplett ohne Armlehnen. Er ist leicht im Gewicht und somit gut umzustellen. Er ist ausserdem platzsparend stapelbar.<\/p>\n<p><strong>Farben:<\/strong> Anthrazit, Braun oder Weiss<\/p>\r\n            <\/div>\r\n            <a onclick=\"splite_loader();\" class=\"btn\">Produkt anfragen<\/a>\r\n          <\/div>\r\n        <\/div>\r\n      <\/div>\r\n    <\/section><\/div>\n\n<div class=\"lazyblock-produkt-slider-ozg-2qLIkV wp-block-lazyblock-produkt-slider-ozg\"><section class=\"sct\">\r\n  <div class=\"cnt semi\">\r\n    <div class=\"intro-txt\">\r\n        <h2>Modelle und Ausf\u00fchrungen<\/h2>\r\n    <\/div>\r\n    \r\n    <div class=\"elmnt-similar-products\">\r\n      <div class=\"similar-product\"><img decoding=\"async\" src=\"https:\/\/objektmobiliar.ch\/wp-content\/uploads\/2023\/10\/ibiza-02.jpg\" loading=\"eager\" alt=\"Der pflegeleichte Rattanstuhl f\u00fcr Altenheime\" class=\"similar-product-img\">\r\n        <div class=\"center\">\r\n          <div class=\"w-richtext\">\r\n            <p><strong>Art.-Nr. 251-0002\/S:<\/strong><br>Anthrazit<\/p>\r\n          <\/div>\r\n          \r\n        <\/div>\r\n      <\/div>\r\n      <div class=\"similar-product\"><img decoding=\"async\" src=\"https:\/\/objektmobiliar.ch\/wp-content\/uploads\/2023\/10\/ibiza-03.jpg\" loading=\"eager\" alt=\"Stuhl Ibiza\" class=\"similar-product-img\">\r\n        <div class=\"center\">\r\n          <div class=\"w-richtext\">\r\n            <p><strong>Art.-Nr. 251-0002\/S:<br><\/strong>Weiss<\/p>\r\n          <\/div>\r\n          \r\n        <\/div>\r\n      <\/div>\r\n      <div class=\"similar-product\"><img decoding=\"async\" src=\"https:\/\/objektmobiliar.ch\/wp-content\/uploads\/2025\/03\/Gartenstuhl-aus-Kunst-Rattan.jpg\" loading=\"eager\" alt=\"\" class=\"similar-product-img\">\r\n        <div class=\"center\">\r\n          <div class=\"w-richtext\">\r\n            <p><strong>Art.-Nr. 251-0003\/S:<\/strong><br>ohne Armlehnen<\/p>\r\n          <\/div>\r\n          \r\n        <\/div>\r\n      <\/div>\r\n    <\/div>\r\n  <\/div>\r\n  \r\n  <div class=\"cnt narrow\">\r\n    <div class=\"similar-products-nav-pos\">\r\n      <div class=\"w-embed\">\r\n        \r\n      <\/div>\r\n    <\/div>\r\n  <\/div>\r\n<\/section><\/div>\n\n<div class=\"lazyblock-text-modul-ozg-ZW6JTd wp-block-lazyblock-text-modul-ozg\"><section class=\"sct\">\r\n      <div class=\"cnt narrow\">\r\n        <div class=\"w-richtext\">\r\n            <p><img loading=\"lazy\" decoding=\"async\" class=\"alignnone size-full wp-image-5792\" src=\"https:\/\/objektmobiliar.ch\/wp-content\/uploads\/2026\/01\/OZG-Kunstrattan-Farben-Gartenmoebel.jpg\" alt=\"\" width=\"1166\" height=\"350\" srcset=\"https:\/\/objektmobiliar.ch\/wp-content\/uploads\/2026\/01\/OZG-Kunstrattan-Farben-Gartenmoebel.jpg 1166w, https:\/\/objektmobiliar.ch\/wp-content\/uploads\/2026\/01\/OZG-Kunstrattan-Farben-Gartenmoebel-800x240.jpg 800w, https:\/\/objektmobiliar.ch\/wp-content\/uploads\/2026\/01\/OZG-Kunstrattan-Farben-Gartenmoebel-768x231.jpg 768w, https:\/\/objektmobiliar.ch\/wp-content\/uploads\/2026\/01\/OZG-Kunstrattan-Farben-Gartenmoebel-18x5.jpg 18w\" sizes=\"auto, (max-width: 1166px) 100vw, 1166px\" \/><\/p>\n<p><strong>Stuhl Ibiza<\/strong><br \/>Kunst-Rattan in verschiedenen Farben erh\u00e4ltlich<\/p>\r\n        <\/div>\r\n      <\/div>\r\n    <\/section><\/div>\n\n\n<div class=\"wp-block-group\"><div class=\"wp-block-group__inner-container is-layout-constrained wp-block-group-is-layout-constrained\"><section class=\"sct\">\r\n      <div class=\"cnt narrow\">\r\n        <div class=\"introtxt\">\r\n        <div class=\"w-richtext\">\r\n            <h2>Produktbeschreibung<\/h2>\r\n        <\/div>\r\n        <\/div>\r\n        \r\n          \n\n\n<figure class=\"wp-block-table is-style-regular\"><table><thead><tr><th>Art. Nr.<\/th><th>Beschreibung<\/th><th>Abmessung<\/th><\/tr><\/thead><tbody><tr><td>251-0002\/S<\/td><td>Stuhl Ibiza, mit Armlehnen<\/td><td>H 87cm, B 58cm, T 59cm, SH 46cm<\/td><\/tr><tr><td>251-0003\/S<\/td><td>Stuhl Ibiza, ohne Armlehnen<\/td><td>H 87cm, B 45cm, T&nbsp;52cm, SH&nbsp;46cm<\/td><\/tr><\/tbody><\/table><\/figure>\n\n\n<\/div><\/section><\/div><\/div>\n\n\n<div class=\"lazyblock-bildergalerie-lightbox-ozg-2bd4BS wp-block-lazyblock-bildergalerie-lightbox-ozg\"><section class=\"sct\">\r\n  <div class=\"cnt semi\">\r\n    <div class=\"introtxt\">\r\n    <div class=\"w-richtext\">\r\n        <h2>Referenzen f\u00fcr unseren Gartenstuhl aus Kunst-Rattan<\/h2>\r\n    <\/div>\r\n    <\/div>\r\n  \r\n    <div class=\"elmnt-imggallery\">\r\n      <a href=\"#\" class=\"imggallery-link w-inline-block w-lightbox\">\r\n        <img decoding=\"async\" src=\"https:\/\/objektmobiliar.ch\/wp-content\/uploads\/2023\/10\/079_ibiza_orlando_140.jpg\" loading=\"lazy\" alt=\"Stuhl Ibiza\" class=\"imggallery-img\">\r\n        <script type=\"application\/json\" class=\"w-json\">\r\n            {\r\n              \"items\": [{\r\n\r\n                \"url\": \"https:\/\/objektmobiliar.ch\/wp-content\/uploads\/2023\/10\/079_ibiza_orlando_140.jpg\",\r\n                \"caption\": \"\",\r\n                \"type\": \"image\"\r\n              }],\r\n              \"group\": \"\"\r\n            }\r\n          <\/script>\r\n      <\/a>\r\n      <a href=\"#\" class=\"imggallery-link w-inline-block w-lightbox\">\r\n        <img decoding=\"async\" src=\"https:\/\/objektmobiliar.ch\/wp-content\/uploads\/2023\/10\/ibiza-1.jpg\" loading=\"lazy\" alt=\"Stuhl Ibiza\" class=\"imggallery-img\">\r\n        <script type=\"application\/json\" class=\"w-json\">\r\n            {\r\n              \"items\": [{\r\n\r\n                \"url\": \"https:\/\/objektmobiliar.ch\/wp-content\/uploads\/2023\/10\/ibiza-1.jpg\",\r\n                \"caption\": \"\",\r\n                \"type\": \"image\"\r\n              }],\r\n              \"group\": \"\"\r\n            }\r\n          <\/script>\r\n      <\/a>\r\n    <\/div>\r\n    \r\n  <\/div>\r\n<\/section><\/div>\n\n<div class=\"lazyblock-text-modul-ozg-EqaXl wp-block-lazyblock-text-modul-ozg\"><section class=\"sct\">\r\n      <div class=\"cnt narrow\">\r\n        <div class=\"w-richtext\">\r\n            <h3>IBIZA \u2013 Gartenstuhl aus Kunst-Rattan<\/h3>\n<p>F\u00fcr Balearen-Feeling und einen Hauch von Urlaubsatmosph\u00e4re auf Terrassen und Balkonen sorgt dieser attraktive Gartenstuhl aus Kunst-Rattan. Er zeichnet sich durch ein leichtes, luftiges Design aus mit schlanken Beinen, einem R\u00fcckenausschnitt und schmalen offenen Armlehnen. Diese sorgen f\u00fcr mehr Halt und Sicherheit vor allem f\u00fcr Personen h\u00f6heren Alters oder mit eingeschr\u00e4nkter Mobilit\u00e4t. Das Mobell Ibiza ist in drei verschiedenen <strong>Farben erh\u00e4ltlich<\/strong>: Anthrazit, Braun oder Weiss.<\/p>\n<h3>Vielseitig und Wetterbest\u00e4ndig<\/h3>\n<p>Gefertigt ist der Stuhl Ibiza aus Kunstrattan. Dieses Material ist sehr witterungsbest\u00e4ndig und h\u00e4lt auch schlechten Wetterverh\u00e4ltnissen im Aussenbereich stand. Zudem ist das Material schmutzabweissend, was den Pflegeaufwand minimiert und die Langlebigkeit des Stuhls erh\u00f6ht. Da Kunst-Rattan ein leichtes Material ist, z\u00e4hlt der Stuhl Ibiza zu unseren Leichtgewichten und l\u00e4sst sich ganz einfach umplatzieren. Der Stuhl ist zudem stapelbar und kann bei Nichtgebrauch ohne grossen Aufwand platzsparend eingelagert werden.<\/p>\n<h3>Weitere Outdoor M\u00f6bel von OZG<\/h3>\n<p>Sie sind auf der Suche nach weiteren M\u00f6beln f\u00fcr Ihre Terrassen, Balkone oder G\u00e4rten? In unserem Sortiment finden Sie eine grosse Auswahl an\u00a0<a href=\"https:\/\/objektmobiliar.ch\/moebel\/outdoor-moebel-pflegeheime\/\" target=\"_blank\" rel=\"noopener\">Outdoor St\u00fchlen und Tischen<\/a>.<\/p>\r\n        <\/div>\r\n            <div ><a href=\"https:\/\/objektmobiliar.ch\/moebel\/outdoor-moebel-pflegeheime\/\" class=\"btn\" target=\"_blank\">Mehr erfahren<\/a><\/div>\r\n      <\/div>\r\n    <\/section><\/div><style class=\"advgb-styles-renderer\">\r\n            .similar-products-nav li {\r\n              overflow: hidden;\r\n              margin: 0px !important;\r\n              flex-grow: 0 !important;\r\n              flex-shrink: 1 !important;\r\n              flex-basis: 12.5% !important;\r\n              border-style: solid;\r\n              border-width: 2px;\r\n              border-color: transparent;\r\n              border-radius: 8px;\r\n              transition-property: border-color;\r\n              transition-duration: 600ms;\r\n              transition-timing-function: ease;\r\n              cursor: pointer;\r\n            }\r\n            .similar-products-nav li.slick-active {\r\n              border-color: #dde7ef;\r\n            }\r\n            @media screen and (max-width:767px) {\r\n              .similar-products-nav li {\r\n                flex-basis: auto !important;\r\n                border-radius: 8px;\r\n                padding-top: 8px;\r\n                padding-right: 16px;\r\n                padding-bottom: 6px;\r\n                padding-left: 16px;\r\n              }\r\n              .similar-products-nav li.slick-active {\r\n                background-color: #dde7ef;\r\n                transition-property: background-color, border-color;\r\n                transition-duration: 600ms, 200ms;\r\n                transition-timing-function: ease, ease;\r\n                color: #426b8a;\r\n              }\r\n            }\r\n          <\/style>","protected":false},"excerpt":{"rendered":"<p>Verleihen Sie ihren Innen- und Aussenbereichen das Gef\u00fchl der Balearen und setzen Sie charmante Designakzente. Kunstrattan ist f\u00fcr den Innen- und Aussenbereich geeignet.<\/p>","protected":false},"author":2,"featured_media":779,"parent":749,"menu_order":0,"comment_status":"closed","ping_status":"closed","template":"","meta":{"advgb_blocks_editor_width":"","advgb_blocks_columns_visual_guide":"","footnotes":""},"class_list":["post-776","page","type-page","status-publish","has-post-thumbnail","hentry"],"yoast_head":"<!-- This site is optimized with the Yoast SEO plugin v27.4 - https:\/\/yoast.com\/product\/yoast-seo-wordpress\/ -->\n<title>Gartenstuhl aus Kunst-Rattan bei OZG kaufen<\/title>\n<meta name=\"description\" content=\"Der pflegeleichte Gartenstuhl aus Kunst-Rattan in Anthrazit, Braun, Weiss. Leicht im Gewicht, sehr witterungsfest und platzsparend stapelbar.\" \/>\n<meta name=\"robots\" content=\"index, follow, max-snippet:-1, max-image-preview:large, max-video-preview:-1\" \/>\n<link rel=\"canonical\" href=\"https:\/\/objektmobiliar.ch\/fr\/meubles\/meubles-dexterieur-maisons-de-retraite\/chaise-de-jardin-en-rotin-synthetique\/\" \/>\n<meta property=\"og:locale\" content=\"fr_FR\" \/>\n<meta property=\"og:type\" content=\"article\" \/>\n<meta property=\"og:title\" content=\"Gartenstuhl aus Kunst-Rattan bei OZG kaufen\" \/>\n<meta property=\"og:description\" content=\"Der pflegeleichte Gartenstuhl aus Kunst-Rattan in Anthrazit, Braun, Weiss. Leicht im Gewicht, sehr witterungsfest und platzsparend stapelbar.\" \/>\n<meta property=\"og:url\" content=\"https:\/\/objektmobiliar.ch\/fr\/meubles\/meubles-dexterieur-maisons-de-retraite\/chaise-de-jardin-en-rotin-synthetique\/\" \/>\n<meta property=\"og:site_name\" content=\"OZG HEALTHCARE\" \/>\n<meta property=\"article:modified_time\" content=\"2026-01-28T10:34:57+00:00\" \/>\n<meta property=\"og:image\" content=\"https:\/\/objektmobiliar.ch\/wp-content\/uploads\/2023\/10\/ibiza.jpg\" \/>\n\t<meta property=\"og:image:width\" content=\"1000\" \/>\n\t<meta property=\"og:image:height\" content=\"1000\" \/>\n\t<meta property=\"og:image:type\" content=\"image\/jpeg\" \/>\n<meta name=\"twitter:card\" content=\"summary_large_image\" \/>\n<meta name=\"twitter:label1\" content=\"Dur\u00e9e de lecture estim\u00e9e\" \/>\n\t<meta name=\"twitter:data1\" content=\"4 minutes\" \/>\n<script type=\"application\/ld+json\" class=\"yoast-schema-graph\">{\"@context\":\"https:\\\/\\\/schema.org\",\"@graph\":[{\"@type\":\"WebPage\",\"@id\":\"https:\\\/\\\/objektmobiliar.ch\\\/moebel\\\/outdoor-moebel-pflegeheime\\\/gartenstuhl-aus-kunst-rattan\\\/\",\"url\":\"https:\\\/\\\/objektmobiliar.ch\\\/moebel\\\/outdoor-moebel-pflegeheime\\\/gartenstuhl-aus-kunst-rattan\\\/\",\"name\":\"Gartenstuhl aus Kunst-Rattan bei OZG kaufen\",\"isPartOf\":{\"@id\":\"https:\\\/\\\/objektmobiliar.ch\\\/#website\"},\"primaryImageOfPage\":{\"@id\":\"https:\\\/\\\/objektmobiliar.ch\\\/moebel\\\/outdoor-moebel-pflegeheime\\\/gartenstuhl-aus-kunst-rattan\\\/#primaryimage\"},\"image\":{\"@id\":\"https:\\\/\\\/objektmobiliar.ch\\\/moebel\\\/outdoor-moebel-pflegeheime\\\/gartenstuhl-aus-kunst-rattan\\\/#primaryimage\"},\"thumbnailUrl\":\"https:\\\/\\\/objektmobiliar.ch\\\/wp-content\\\/uploads\\\/2023\\\/10\\\/ibiza.jpg\",\"datePublished\":\"2023-10-17T18:57:13+00:00\",\"dateModified\":\"2026-01-28T10:34:57+00:00\",\"description\":\"Der pflegeleichte Gartenstuhl aus Kunst-Rattan in Anthrazit, Braun, Weiss. Leicht im Gewicht, sehr witterungsfest und platzsparend stapelbar.\",\"breadcrumb\":{\"@id\":\"https:\\\/\\\/objektmobiliar.ch\\\/moebel\\\/outdoor-moebel-pflegeheime\\\/gartenstuhl-aus-kunst-rattan\\\/#breadcrumb\"},\"inLanguage\":\"fr-FR\",\"potentialAction\":[{\"@type\":\"ReadAction\",\"target\":[\"https:\\\/\\\/objektmobiliar.ch\\\/moebel\\\/outdoor-moebel-pflegeheime\\\/gartenstuhl-aus-kunst-rattan\\\/\"]}]},{\"@type\":\"ImageObject\",\"inLanguage\":\"fr-FR\",\"@id\":\"https:\\\/\\\/objektmobiliar.ch\\\/moebel\\\/outdoor-moebel-pflegeheime\\\/gartenstuhl-aus-kunst-rattan\\\/#primaryimage\",\"url\":\"https:\\\/\\\/objektmobiliar.ch\\\/wp-content\\\/uploads\\\/2023\\\/10\\\/ibiza.jpg\",\"contentUrl\":\"https:\\\/\\\/objektmobiliar.ch\\\/wp-content\\\/uploads\\\/2023\\\/10\\\/ibiza.jpg\",\"width\":1000,\"height\":1000,\"caption\":\"Stuhl Ibiza\"},{\"@type\":\"BreadcrumbList\",\"@id\":\"https:\\\/\\\/objektmobiliar.ch\\\/moebel\\\/outdoor-moebel-pflegeheime\\\/gartenstuhl-aus-kunst-rattan\\\/#breadcrumb\",\"itemListElement\":[{\"@type\":\"ListItem\",\"position\":1,\"name\":\"Startseite\",\"item\":\"https:\\\/\\\/objektmobiliar.ch\\\/\"},{\"@type\":\"ListItem\",\"position\":2,\"name\":\"M\u00f6bel\",\"item\":\"https:\\\/\\\/objektmobiliar.ch\\\/moebel\\\/\"},{\"@type\":\"ListItem\",\"position\":3,\"name\":\"Gartenm\u00f6bel\",\"item\":\"https:\\\/\\\/objektmobiliar.ch\\\/moebel\\\/outdoor-moebel-pflegeheime\\\/\"},{\"@type\":\"ListItem\",\"position\":4,\"name\":\"Ibiza\"}]},{\"@type\":\"WebSite\",\"@id\":\"https:\\\/\\\/objektmobiliar.ch\\\/#website\",\"url\":\"https:\\\/\\\/objektmobiliar.ch\\\/\",\"name\":\"OZG HEALTHCARE\",\"description\":\"Objektmobiliar f\u00fcr Pflege, B\u00fcro, Praxis &amp; Hotellerie\",\"potentialAction\":[{\"@type\":\"SearchAction\",\"target\":{\"@type\":\"EntryPoint\",\"urlTemplate\":\"https:\\\/\\\/objektmobiliar.ch\\\/?s={search_term_string}\"},\"query-input\":{\"@type\":\"PropertyValueSpecification\",\"valueRequired\":true,\"valueName\":\"search_term_string\"}}],\"inLanguage\":\"fr-FR\"}]}<\/script>\n<!-- \/ Yoast SEO plugin. -->","yoast_head_json":{"title":"Acheter une chaise de jardin en rotin synth\u00e9tique chez OZG","description":"La chaise de jardin en rotin synth\u00e9tique, facile \u00e0 entretenir, en anthracite, marron, blanc. L\u00e9g\u00e8re, tr\u00e8s r\u00e9sistante aux intemp\u00e9ries et empilable pour un gain de place.","robots":{"index":"index","follow":"follow","max-snippet":"max-snippet:-1","max-image-preview":"max-image-preview:large","max-video-preview":"max-video-preview:-1"},"canonical":"https:\/\/objektmobiliar.ch\/fr\/meubles\/meubles-dexterieur-maisons-de-retraite\/chaise-de-jardin-en-rotin-synthetique\/","og_locale":"fr_FR","og_type":"article","og_title":"Gartenstuhl aus Kunst-Rattan bei OZG kaufen","og_description":"Der pflegeleichte Gartenstuhl aus Kunst-Rattan in Anthrazit, Braun, Weiss. Leicht im Gewicht, sehr witterungsfest und platzsparend stapelbar.","og_url":"https:\/\/objektmobiliar.ch\/fr\/meubles\/meubles-dexterieur-maisons-de-retraite\/chaise-de-jardin-en-rotin-synthetique\/","og_site_name":"OZG HEALTHCARE","article_modified_time":"2026-01-28T10:34:57+00:00","og_image":[{"width":1000,"height":1000,"url":"https:\/\/objektmobiliar.ch\/wp-content\/uploads\/2023\/10\/ibiza.jpg","type":"image\/jpeg"}],"twitter_card":"summary_large_image","twitter_misc":{"Dur\u00e9e de lecture estim\u00e9e":"4 minutes"},"schema":{"@context":"https:\/\/schema.org","@graph":[{"@type":"WebPage","@id":"https:\/\/objektmobiliar.ch\/moebel\/outdoor-moebel-pflegeheime\/gartenstuhl-aus-kunst-rattan\/","url":"https:\/\/objektmobiliar.ch\/moebel\/outdoor-moebel-pflegeheime\/gartenstuhl-aus-kunst-rattan\/","name":"Acheter une chaise de jardin en rotin synth\u00e9tique chez OZG","isPartOf":{"@id":"https:\/\/objektmobiliar.ch\/#website"},"primaryImageOfPage":{"@id":"https:\/\/objektmobiliar.ch\/moebel\/outdoor-moebel-pflegeheime\/gartenstuhl-aus-kunst-rattan\/#primaryimage"},"image":{"@id":"https:\/\/objektmobiliar.ch\/moebel\/outdoor-moebel-pflegeheime\/gartenstuhl-aus-kunst-rattan\/#primaryimage"},"thumbnailUrl":"https:\/\/objektmobiliar.ch\/wp-content\/uploads\/2023\/10\/ibiza.jpg","datePublished":"2023-10-17T18:57:13+00:00","dateModified":"2026-01-28T10:34:57+00:00","description":"La chaise de jardin en rotin synth\u00e9tique, facile \u00e0 entretenir, en anthracite, marron, blanc. L\u00e9g\u00e8re, tr\u00e8s r\u00e9sistante aux intemp\u00e9ries et empilable pour un gain de place.","breadcrumb":{"@id":"https:\/\/objektmobiliar.ch\/moebel\/outdoor-moebel-pflegeheime\/gartenstuhl-aus-kunst-rattan\/#breadcrumb"},"inLanguage":"fr-FR","potentialAction":[{"@type":"ReadAction","target":["https:\/\/objektmobiliar.ch\/moebel\/outdoor-moebel-pflegeheime\/gartenstuhl-aus-kunst-rattan\/"]}]},{"@type":"ImageObject","inLanguage":"fr-FR","@id":"https:\/\/objektmobiliar.ch\/moebel\/outdoor-moebel-pflegeheime\/gartenstuhl-aus-kunst-rattan\/#primaryimage","url":"https:\/\/objektmobiliar.ch\/wp-content\/uploads\/2023\/10\/ibiza.jpg","contentUrl":"https:\/\/objektmobiliar.ch\/wp-content\/uploads\/2023\/10\/ibiza.jpg","width":1000,"height":1000,"caption":"Stuhl Ibiza"},{"@type":"BreadcrumbList","@id":"https:\/\/objektmobiliar.ch\/moebel\/outdoor-moebel-pflegeheime\/gartenstuhl-aus-kunst-rattan\/#breadcrumb","itemListElement":[{"@type":"ListItem","position":1,"name":"Startseite","item":"https:\/\/objektmobiliar.ch\/"},{"@type":"ListItem","position":2,"name":"M\u00f6bel","item":"https:\/\/objektmobiliar.ch\/moebel\/"},{"@type":"ListItem","position":3,"name":"Gartenm\u00f6bel","item":"https:\/\/objektmobiliar.ch\/moebel\/outdoor-moebel-pflegeheime\/"},{"@type":"ListItem","position":4,"name":"Ibiza"}]},{"@type":"WebSite","@id":"https:\/\/objektmobiliar.ch\/#website","url":"https:\/\/objektmobiliar.ch\/","name":"OZG HEALTHCARE","description":"Mobilier de collectivit\u00e9 pour les soins, les bureaux, les cabinets m\u00e9dicaux et l'h\u00f4tellerie","potentialAction":[{"@type":"SearchAction","target":{"@type":"EntryPoint","urlTemplate":"https:\/\/objektmobiliar.ch\/?s={search_term_string}"},"query-input":{"@type":"PropertyValueSpecification","valueRequired":true,"valueName":"search_term_string"}}],"inLanguage":"fr-FR"}]}},"coauthors":[],"author_meta":{"author_link":"https:\/\/objektmobiliar.ch\/fr\/author\/alex\/","display_name":"Alex"},"relative_dates":{"created":"Publi\u00e9 3 ans il y a","modified":"Mis \u00e0 jour 3 mois il y a"},"absolute_dates":{"created":"Publi\u00e9 le octobre 17, 2023","modified":"Mise \u00e0 jour le janvier 28, 2026"},"absolute_dates_time":{"created":"Publi\u00e9 le octobre 17, 2023 6:57 pm","modified":"Mise \u00e0 jour le janvier 28, 2026 10:34 am"},"featured_img_caption":"","featured_img":"https:\/\/objektmobiliar.ch\/wp-content\/uploads\/2023\/10\/ibiza-825x510.jpg","series_order":"","_links":{"self":[{"href":"https:\/\/objektmobiliar.ch\/fr\/wp-json\/wp\/v2\/pages\/776","targetHints":{"allow":["GET"]}}],"collection":[{"href":"https:\/\/objektmobiliar.ch\/fr\/wp-json\/wp\/v2\/pages"}],"about":[{"href":"https:\/\/objektmobiliar.ch\/fr\/wp-json\/wp\/v2\/types\/page"}],"author":[{"embeddable":true,"href":"https:\/\/objektmobiliar.ch\/fr\/wp-json\/wp\/v2\/users\/2"}],"replies":[{"embeddable":true,"href":"https:\/\/objektmobiliar.ch\/fr\/wp-json\/wp\/v2\/comments?post=776"}],"version-history":[{"count":20,"href":"https:\/\/objektmobiliar.ch\/fr\/wp-json\/wp\/v2\/pages\/776\/revisions"}],"predecessor-version":[{"id":5793,"href":"https:\/\/objektmobiliar.ch\/fr\/wp-json\/wp\/v2\/pages\/776\/revisions\/5793"}],"up":[{"embeddable":true,"href":"https:\/\/objektmobiliar.ch\/fr\/wp-json\/wp\/v2\/pages\/749"}],"wp:featuredmedia":[{"embeddable":true,"href":"https:\/\/objektmobiliar.ch\/fr\/wp-json\/wp\/v2\/media\/779"}],"wp:attachment":[{"href":"https:\/\/objektmobiliar.ch\/fr\/wp-json\/wp\/v2\/media?parent=776"}],"curies":[{"name":"wp","href":"https:\/\/api.w.org\/{rel}","templated":true}]}}