{"id":760,"date":"2023-10-17T18:22:18","date_gmt":"2023-10-17T18:22:18","guid":{"rendered":"https:\/\/dev.objektmobiliar.ch\/?page_id=760"},"modified":"2026-01-29T07:47:26","modified_gmt":"2026-01-29T07:47:26","slug":"table-dexterieur-style-bistrot","status":"publish","type":"page","link":"https:\/\/objektmobiliar.ch\/fr\/moebel\/outdoor-moebel-pflegeheime\/outdoor-tisch-im-bistro-stil\/","title":{"rendered":"Montana Table"},"content":{"rendered":"<div class=\"lazyblock-produkt-detail-ozg-19UsH4 wp-block-lazyblock-produkt-detail-ozg\"><section class=\"sct\">\r\n      <div class=\"cnt\">\r\n        <div class=\"elmnt-product-desc\">\r\n          <div class=\"product-desc-box\"><img decoding=\"async\" src=\"https:\/\/objektmobiliar.ch\/wp-content\/uploads\/2023\/10\/montana-tisch.jpg\" loading=\"lazy\" alt=\"\" class=\"product-desc-img\"><\/div>\r\n          <div class=\"product-desc-txt\">\r\n            <h1 class=\"txt-product-headline\">Tisch Montana<\/h1>\r\n            <h2 class=\"txt-product-subline\">Outdoor Tisch im Bistro-Stil<\/h2>\r\n            <div class=\"w-richtext\">\r\n              <p>Montana ist der ideale Outdoor Tisch im Bistro-Stil f\u00fcr Terrassen, Balkone und G\u00e4rten von Pflegeeinrichtungen. Mit seiner praktischen Mittels\u00e4ule und einer robusten Tischplatte in Schwebeoptik verleiht er Ihren Aussensitzbereichen einen besonderen Charme. Fragen Sie uns gerne an f\u00fcr Modelle, Ausf\u00fchrungen und Dekore oder teilen Sie uns Ihre W\u00fcnsche mit.<\/p>\n<p><strong>Tischplatten Dekore:<\/strong><\/p>\n<p><img loading=\"lazy\" decoding=\"async\" class=\"alignnone size-full wp-image-5810\" src=\"https:\/\/objektmobiliar.ch\/wp-content\/uploads\/2026\/01\/Tischplatte-Dekor-Montana.jpg\" alt=\"\" width=\"667\" height=\"300\" srcset=\"https:\/\/objektmobiliar.ch\/wp-content\/uploads\/2026\/01\/Tischplatte-Dekor-Montana.jpg 667w, https:\/\/objektmobiliar.ch\/wp-content\/uploads\/2026\/01\/Tischplatte-Dekor-Montana-18x8.jpg 18w\" sizes=\"auto, (max-width: 667px) 100vw, 667px\" \/><\/p>\r\n            <\/div>\r\n            <a onclick=\"splite_loader();\" class=\"btn\">Produkt anfragen<\/a>\r\n          <\/div>\r\n        <\/div>\r\n      <\/div>\r\n    <\/section><\/div>\n\n<div class=\"lazyblock-produkt-slider-ozg-Z1oHPMn wp-block-lazyblock-produkt-slider-ozg\"><section class=\"sct\">\r\n  <div class=\"cnt semi\">\r\n    <div class=\"intro-txt\">\r\n        <h2>Modelle und Ausf\u00fchrungen<\/h2>\r\n    <\/div>\r\n    \r\n    <div class=\"elmnt-similar-products\">\r\n      <div class=\"similar-product\"><img decoding=\"async\" src=\"https:\/\/objektmobiliar.ch\/wp-content\/uploads\/2025\/03\/Outdoor-Bistro-Tisch-mit-Mittelsaeule.jpg\" loading=\"eager\" alt=\"\" class=\"similar-product-img\">\r\n        <div class=\"center\">\r\n          <div class=\"w-richtext\">\r\n            <p><strong>Art.-Nr. 211-1421\/S<\/strong><br>Outdoor Tisch quadratisch<\/p>\r\n          <\/div>\r\n          \r\n        <\/div>\r\n      <\/div>\r\n      <div class=\"similar-product\"><img decoding=\"async\" src=\"https:\/\/objektmobiliar.ch\/wp-content\/uploads\/2025\/03\/Outdoor-Tisch-marmoriert-mit-Mittelsaeule.jpg\" loading=\"eager\" alt=\"\" class=\"similar-product-img\">\r\n        <div class=\"center\">\r\n          <div class=\"w-richtext\">\r\n            <p><strong>Art.-Nr. 211-1421\/S<\/strong><br>Outdoor Tisch quadratisch<\/p>\r\n          <\/div>\r\n          \r\n        <\/div>\r\n      <\/div>\r\n      <div class=\"similar-product\"><img decoding=\"async\" src=\"https:\/\/objektmobiliar.ch\/wp-content\/uploads\/2025\/03\/Outdoor-Tisch-im-Bistro-Stil-rechteckig.jpg\" loading=\"eager\" alt=\"\" class=\"similar-product-img\">\r\n        <div class=\"center\">\r\n          <div class=\"w-richtext\">\r\n            <p><strong>Art.-Nr. 211-1420\/S<br><\/strong>Outdoor Tisch rechteckig<\/p>\r\n          <\/div>\r\n          \r\n        <\/div>\r\n      <\/div>\r\n      <div class=\"similar-product\"><img decoding=\"async\" src=\"https:\/\/objektmobiliar.ch\/wp-content\/uploads\/2025\/03\/Outdoor-Bistro-Tisch-rund-Mittelsaeule.jpg\" loading=\"eager\" alt=\"\" class=\"similar-product-img\">\r\n        <div class=\"center\">\r\n          <div class=\"w-richtext\">\r\n            <p><strong>Art.-Nr. 211-1422\/S<\/strong><br>Outdoor Tisch rund<\/p>\r\n          <\/div>\r\n          \r\n        <\/div>\r\n      <\/div>\r\n      <div class=\"similar-product\"><img decoding=\"async\" src=\"https:\/\/objektmobiliar.ch\/wp-content\/uploads\/2026\/01\/Gartentisch-Montana-dunkel.jpg\" loading=\"eager\" alt=\"\" class=\"similar-product-img\">\r\n        <div class=\"center\">\r\n          <div class=\"w-richtext\">\r\n            <p><strong>Art.-Nr. 211-1420\/S<br><\/strong>Outdoor Tisch rechteckig<\/p>\r\n          <\/div>\r\n          \r\n        <\/div>\r\n      <\/div>\r\n      <div class=\"similar-product\"><img decoding=\"async\" src=\"https:\/\/objektmobiliar.ch\/wp-content\/uploads\/2026\/01\/Gartentisch-Montana-klappbar.jpg\" loading=\"eager\" alt=\"\" class=\"similar-product-img\">\r\n        <div class=\"center\">\r\n          <div class=\"w-richtext\">\r\n            <p><strong>Art.-Nr. 211-1420\/S<br><\/strong>Outdoor Tisch klappbar<\/p>\r\n          <\/div>\r\n          \r\n        <\/div>\r\n      <\/div>\r\n    <\/div>\r\n  <\/div>\r\n  \r\n  <div class=\"cnt narrow\">\r\n    <div class=\"similar-products-nav-pos\">\r\n      <div class=\"w-embed\">\r\n        \r\n      <\/div>\r\n    <\/div>\r\n  <\/div>\r\n<\/section><\/div>\n\n\n<div class=\"wp-block-group\"><div class=\"wp-block-group__inner-container is-layout-constrained wp-block-group-is-layout-constrained\"><section class=\"sct\">\r\n      <div class=\"cnt narrow\">\r\n        <div class=\"introtxt\">\r\n        <div class=\"w-richtext\">\r\n            <h2>Produktbeschreibung<\/h2>\r\n        <\/div>\r\n        <\/div>\r\n        \r\n          \n\n\n<figure class=\"wp-block-table is-style-regular\"><table><thead><tr><th>Art. Nr.<\/th><th>Beschreibung<\/th><th>Abmessung<\/th><\/tr><\/thead><tbody><tr><td>211-1421\/S<\/td><td>Tisch Montana, quadratisch<\/td><td>80 x 80 cm<\/td><\/tr><tr><td>211-1420\/S<\/td><td>Tisch Montana, rechteckig<\/td><td>140 x 80 cm<\/td><\/tr><tr><td>211-1423\/S<\/td><td>Tisch Montana, rechteckig<\/td><td>120 x 80 cm<\/td><\/tr><tr><td>211-1422\/S<\/td><td>Tisch Montana, rund<\/td><td>\u00d8 70 cm<\/td><\/tr><tr><td>211-1424\/S<\/td><td>Tisch Montana, rund<\/td><td>\u00d8 80 cm<\/td><\/tr><tr><td>211-1425\/S<\/td><td>Beistelltisch Montana, quadratisch<\/td><td>45 x 45 x H 41 cm<\/td><\/tr><\/tbody><\/table><\/figure>\n\n\n<\/div><\/section><\/div><\/div>\n\n\n<div class=\"lazyblock-bildergalerie-lightbox-ozg-hyLqz wp-block-lazyblock-bildergalerie-lightbox-ozg\"><section class=\"sct\">\r\n  <div class=\"cnt semi\">\r\n    <div class=\"introtxt\">\r\n    <div class=\"w-richtext\">\r\n        <h2>Referenzen Outdoor Tisch im Bistro-Stil<\/h2>\r\n    <\/div>\r\n    <\/div>\r\n  \r\n    <div class=\"elmnt-imggallery\">\r\n      <a href=\"#\" class=\"imggallery-link w-inline-block w-lightbox\">\r\n        <img decoding=\"async\" src=\"https:\/\/objektmobiliar.ch\/wp-content\/uploads\/2023\/10\/montana-1.jpg\" loading=\"lazy\" alt=\"Tisch Montana\" class=\"imggallery-img\">\r\n        <script type=\"application\/json\" class=\"w-json\">\r\n            {\r\n              \"items\": [{\r\n\r\n                \"url\": \"https:\/\/objektmobiliar.ch\/wp-content\/uploads\/2023\/10\/montana-1.jpg\",\r\n                \"caption\": \"\",\r\n                \"type\": \"image\"\r\n              }],\r\n              \"group\": \"\"\r\n            }\r\n          <\/script>\r\n      <\/a>\r\n      <a href=\"#\" class=\"imggallery-link w-inline-block w-lightbox\">\r\n        <img decoding=\"async\" src=\"https:\/\/objektmobiliar.ch\/wp-content\/uploads\/2023\/10\/montana-2.jpg\" loading=\"lazy\" alt=\"Tisch Montana\" class=\"imggallery-img\">\r\n        <script type=\"application\/json\" class=\"w-json\">\r\n            {\r\n              \"items\": [{\r\n\r\n                \"url\": \"https:\/\/objektmobiliar.ch\/wp-content\/uploads\/2023\/10\/montana-2.jpg\",\r\n                \"caption\": \"\",\r\n                \"type\": \"image\"\r\n              }],\r\n              \"group\": \"\"\r\n            }\r\n          <\/script>\r\n      <\/a>\r\n    <\/div>\r\n    \r\n  <\/div>\r\n<\/section><\/div>\n\n<div class=\"lazyblock-text-modul-ozg-2VCPH wp-block-lazyblock-text-modul-ozg\"><section class=\"sct\">\r\n      <div class=\"cnt narrow\">\r\n        <div class=\"w-richtext\">\r\n            <h2><strong>Outdoor Tisch im Bistro-Stil<\/strong><\/h2>\n<p>Der puristische Outdoor Tisch im Bistro-Stil mit &#8220;schwebender&#8221; Tischplatte und Mittels\u00e4ule erg\u00e4nzt Ihr Mobiliar im Aussenbereich optimal. Egal ob Terrasse oder Balkon: Verleihen Sie Ihren Sitzbereichen im Freien mit Montana einen besonderen Charme wie in Bella Italia. Die Serie umfasst mehrere Modelle &#8211; quadratisch oder rund mit Mittels\u00e4ule bzw. rechteckig mit zwei T-F\u00fcssen. Fragen Sie uns f\u00fcr Sonderanfertigungen gerne jederzeit an.\u00a0<\/p>\n<h3>Rundum sicher und standfest<\/h3>\n<p>Das Tischgestell ist in verschiedenen Lackierungen erh\u00e4ltlich, z.B. in Silber oder Grau-Metallic (siehe Abbildungen). Abgerundete Ecken verhindern Verletzungsgefahr. Rutschfeste Verstellgleiter sorgen f\u00fcr einen sicheren Stand des Tisches im Aussenbereich. Somit steht der Tisch sicher und stabil auf verschiedenen Untergr\u00fcnden.<\/p>\n<h3>Schwebende, wetterfeste Tischplatte<\/h3>\n<p>Als Outdoor Tisch im Bistro-Stil besitzt Montana eine extrem witterungsbest\u00e4ndige teco.STAR Tischplatte, mit einer hohen Widerstandsf\u00e4higkeit gegen Verkratzen. Sie weisst eine hohe UV-Best\u00e4ndigkeit auf, ist lichtecht und zeichnet sich durch eine lange Lebensdauer aus. Ausserdem erm\u00f6glicht das Material eine einfache Reinigung durch handels\u00fcbliche Reinigungsmittel. Auf Scheuerpulver sollte dabei verzichtet werden. Zudem ist Sie in diversen Dekoren erh\u00e4ltlich, z.B. teco.schiefer, teco.eiche, teco.beton uvm. Fragen Sie uns an f\u00fcr die verschiedenen Dekore. Die Tischplatte ist dank Einhand-Kippmechanik klappbar, f\u00fcr eine platzsparende Lagerung des Tisches.<\/p>\n<h3>Weitere Outdoor M\u00f6bel f\u00fcr Sie<\/h3>\n<p>Suchen Sie noch weitere Outdoor M\u00f6bel f\u00fcr Ihre Terrassen, Balkone, G\u00e4rten? Auf unserer Seiten warten weitere attraktive\u00a0<a href=\"https:\/\/objektmobiliar.ch\/moebel\/outdoor-moebel-pflegeheime\/\">Outdoor Tische und St\u00fchle<\/a>.<\/p>\r\n        <\/div>\r\n            <div ><a href=\"https:\/\/objektmobiliar.ch\/moebel\/outdoor-moebel-pflegeheime\/\" class=\"btn\" target=\"_blank\">Weitere Outdoor M\u00f6bel<\/a><\/div>\r\n      <\/div>\r\n    <\/section><\/div>\n\n\n<p><\/p>\n<style class=\"advgb-styles-renderer\">\r\n            .similar-products-nav li {\r\n              overflow: hidden;\r\n              margin: 0px !important;\r\n              flex-grow: 0 !important;\r\n              flex-shrink: 1 !important;\r\n              flex-basis: 12.5% !important;\r\n              border-style: solid;\r\n              border-width: 2px;\r\n              border-color: transparent;\r\n              border-radius: 8px;\r\n              transition-property: border-color;\r\n              transition-duration: 600ms;\r\n              transition-timing-function: ease;\r\n              cursor: pointer;\r\n            }\r\n            .similar-products-nav li.slick-active {\r\n              border-color: #dde7ef;\r\n            }\r\n            @media screen and (max-width:767px) {\r\n              .similar-products-nav li {\r\n                flex-basis: auto !important;\r\n                border-radius: 8px;\r\n                padding-top: 8px;\r\n                padding-right: 16px;\r\n                padding-bottom: 6px;\r\n                padding-left: 16px;\r\n              }\r\n              .similar-products-nav li.slick-active {\r\n                background-color: #dde7ef;\r\n                transition-property: background-color, border-color;\r\n                transition-duration: 600ms, 200ms;\r\n                transition-timing-function: ease, ease;\r\n                color: #426b8a;\r\n              }\r\n            }\r\n          <\/style>","protected":false},"excerpt":{"rendered":"<p>Vielseitiges, rollstuhlunterfahrbares Tischsystem mit Teco. STARPlatte in Schwebeoptik. Perfekt passend zu unseren modernen Sesseln und St\u00fchlen. Nur in der Ausf\u00fchrung mit den Gestellfarben Silber und Grau-Metallic mit Platte teco.schiefer oder teco.eiche erh\u00e4ltlich.<\/p>","protected":false},"author":2,"featured_media":761,"parent":749,"menu_order":0,"comment_status":"closed","ping_status":"closed","template":"","meta":{"advgb_blocks_editor_width":"","advgb_blocks_columns_visual_guide":"","footnotes":""},"class_list":["post-760","page","type-page","status-publish","has-post-thumbnail","hentry"],"yoast_head":"<!-- This site is optimized with the Yoast SEO plugin v27.4 - https:\/\/yoast.com\/product\/yoast-seo-wordpress\/ -->\n<title>Outdoor Tisch im Bistro-Stil bei OZG kaufen<\/title>\n<meta name=\"description\" content=\"Montana ist der ideale Outdoor Tisch im Bistro-Stil f\u00fcr Terrassen, Balkone, G\u00e4rten und andere Aussenbereiche von Pflegeeinrichtungen.\" \/>\n<meta name=\"robots\" content=\"index, follow, max-snippet:-1, max-image-preview:large, max-video-preview:-1\" \/>\n<link rel=\"canonical\" href=\"https:\/\/objektmobiliar.ch\/fr\/meubles\/meubles-dexterieur-maisons-de-retraite\/table-dexterieur-style-bistrot\/\" \/>\n<meta property=\"og:locale\" content=\"fr_FR\" \/>\n<meta property=\"og:type\" content=\"article\" \/>\n<meta property=\"og:title\" content=\"Outdoor Tisch im Bistro-Stil bei OZG kaufen\" \/>\n<meta property=\"og:description\" content=\"Montana ist der ideale Outdoor Tisch im Bistro-Stil f\u00fcr Terrassen, Balkone, G\u00e4rten und andere Aussenbereiche von Pflegeeinrichtungen.\" \/>\n<meta property=\"og:url\" content=\"https:\/\/objektmobiliar.ch\/fr\/meubles\/meubles-dexterieur-maisons-de-retraite\/table-dexterieur-style-bistrot\/\" \/>\n<meta property=\"og:site_name\" content=\"OZG HEALTHCARE\" \/>\n<meta property=\"article:modified_time\" content=\"2026-01-29T07:47:26+00:00\" \/>\n<meta property=\"og:image\" content=\"https:\/\/objektmobiliar.ch\/wp-content\/uploads\/2023\/10\/montana-tisch.jpg\" \/>\n\t<meta property=\"og:image:width\" content=\"1000\" \/>\n\t<meta property=\"og:image:height\" content=\"1000\" \/>\n\t<meta property=\"og:image:type\" content=\"image\/jpeg\" \/>\n<meta name=\"twitter:card\" content=\"summary_large_image\" \/>\n<meta name=\"twitter:label1\" content=\"Dur\u00e9e de lecture estim\u00e9e\" \/>\n\t<meta name=\"twitter:data1\" content=\"5 minutes\" \/>\n<script type=\"application\/ld+json\" class=\"yoast-schema-graph\">{\"@context\":\"https:\\\/\\\/schema.org\",\"@graph\":[{\"@type\":\"WebPage\",\"@id\":\"https:\\\/\\\/objektmobiliar.ch\\\/moebel\\\/outdoor-moebel-pflegeheime\\\/outdoor-tisch-im-bistro-stil\\\/\",\"url\":\"https:\\\/\\\/objektmobiliar.ch\\\/moebel\\\/outdoor-moebel-pflegeheime\\\/outdoor-tisch-im-bistro-stil\\\/\",\"name\":\"Outdoor Tisch im Bistro-Stil bei OZG kaufen\",\"isPartOf\":{\"@id\":\"https:\\\/\\\/objektmobiliar.ch\\\/#website\"},\"primaryImageOfPage\":{\"@id\":\"https:\\\/\\\/objektmobiliar.ch\\\/moebel\\\/outdoor-moebel-pflegeheime\\\/outdoor-tisch-im-bistro-stil\\\/#primaryimage\"},\"image\":{\"@id\":\"https:\\\/\\\/objektmobiliar.ch\\\/moebel\\\/outdoor-moebel-pflegeheime\\\/outdoor-tisch-im-bistro-stil\\\/#primaryimage\"},\"thumbnailUrl\":\"https:\\\/\\\/objektmobiliar.ch\\\/wp-content\\\/uploads\\\/2023\\\/10\\\/montana-tisch.jpg\",\"datePublished\":\"2023-10-17T18:22:18+00:00\",\"dateModified\":\"2026-01-29T07:47:26+00:00\",\"description\":\"Montana ist der ideale Outdoor Tisch im Bistro-Stil f\u00fcr Terrassen, Balkone, G\u00e4rten und andere Aussenbereiche von Pflegeeinrichtungen.\",\"breadcrumb\":{\"@id\":\"https:\\\/\\\/objektmobiliar.ch\\\/moebel\\\/outdoor-moebel-pflegeheime\\\/outdoor-tisch-im-bistro-stil\\\/#breadcrumb\"},\"inLanguage\":\"fr-FR\",\"potentialAction\":[{\"@type\":\"ReadAction\",\"target\":[\"https:\\\/\\\/objektmobiliar.ch\\\/moebel\\\/outdoor-moebel-pflegeheime\\\/outdoor-tisch-im-bistro-stil\\\/\"]}]},{\"@type\":\"ImageObject\",\"inLanguage\":\"fr-FR\",\"@id\":\"https:\\\/\\\/objektmobiliar.ch\\\/moebel\\\/outdoor-moebel-pflegeheime\\\/outdoor-tisch-im-bistro-stil\\\/#primaryimage\",\"url\":\"https:\\\/\\\/objektmobiliar.ch\\\/wp-content\\\/uploads\\\/2023\\\/10\\\/montana-tisch.jpg\",\"contentUrl\":\"https:\\\/\\\/objektmobiliar.ch\\\/wp-content\\\/uploads\\\/2023\\\/10\\\/montana-tisch.jpg\",\"width\":1000,\"height\":1000,\"caption\":\"Bistro- und Restauranttisch f\u00fcr Altersheime\"},{\"@type\":\"BreadcrumbList\",\"@id\":\"https:\\\/\\\/objektmobiliar.ch\\\/moebel\\\/outdoor-moebel-pflegeheime\\\/outdoor-tisch-im-bistro-stil\\\/#breadcrumb\",\"itemListElement\":[{\"@type\":\"ListItem\",\"position\":1,\"name\":\"Startseite\",\"item\":\"https:\\\/\\\/objektmobiliar.ch\\\/\"},{\"@type\":\"ListItem\",\"position\":2,\"name\":\"M\u00f6bel\",\"item\":\"https:\\\/\\\/objektmobiliar.ch\\\/moebel\\\/\"},{\"@type\":\"ListItem\",\"position\":3,\"name\":\"Gartenm\u00f6bel\",\"item\":\"https:\\\/\\\/objektmobiliar.ch\\\/moebel\\\/outdoor-moebel-pflegeheime\\\/\"},{\"@type\":\"ListItem\",\"position\":4,\"name\":\"Montana Tisch\"}]},{\"@type\":\"WebSite\",\"@id\":\"https:\\\/\\\/objektmobiliar.ch\\\/#website\",\"url\":\"https:\\\/\\\/objektmobiliar.ch\\\/\",\"name\":\"OZG HEALTHCARE\",\"description\":\"Objektmobiliar f\u00fcr Pflege, B\u00fcro, Praxis &amp; Hotellerie\",\"potentialAction\":[{\"@type\":\"SearchAction\",\"target\":{\"@type\":\"EntryPoint\",\"urlTemplate\":\"https:\\\/\\\/objektmobiliar.ch\\\/?s={search_term_string}\"},\"query-input\":{\"@type\":\"PropertyValueSpecification\",\"valueRequired\":true,\"valueName\":\"search_term_string\"}}],\"inLanguage\":\"fr-FR\"}]}<\/script>\n<!-- \/ Yoast SEO plugin. -->","yoast_head_json":{"title":"Acheter une table d'ext\u00e9rieur style bistrot chez OZG","description":"Montana est la table d'ext\u00e9rieur de style bistrot id\u00e9ale pour les terrasses, les balcons, les jardins et autres espaces ext\u00e9rieurs des \u00e9tablissements de soins.","robots":{"index":"index","follow":"follow","max-snippet":"max-snippet:-1","max-image-preview":"max-image-preview:large","max-video-preview":"max-video-preview:-1"},"canonical":"https:\/\/objektmobiliar.ch\/fr\/meubles\/meubles-dexterieur-maisons-de-retraite\/table-dexterieur-style-bistrot\/","og_locale":"fr_FR","og_type":"article","og_title":"Outdoor Tisch im Bistro-Stil bei OZG kaufen","og_description":"Montana ist der ideale Outdoor Tisch im Bistro-Stil f\u00fcr Terrassen, Balkone, G\u00e4rten und andere Aussenbereiche von Pflegeeinrichtungen.","og_url":"https:\/\/objektmobiliar.ch\/fr\/meubles\/meubles-dexterieur-maisons-de-retraite\/table-dexterieur-style-bistrot\/","og_site_name":"OZG HEALTHCARE","article_modified_time":"2026-01-29T07:47:26+00:00","og_image":[{"width":1000,"height":1000,"url":"https:\/\/objektmobiliar.ch\/wp-content\/uploads\/2023\/10\/montana-tisch.jpg","type":"image\/jpeg"}],"twitter_card":"summary_large_image","twitter_misc":{"Dur\u00e9e de lecture estim\u00e9e":"5 minutes"},"schema":{"@context":"https:\/\/schema.org","@graph":[{"@type":"WebPage","@id":"https:\/\/objektmobiliar.ch\/moebel\/outdoor-moebel-pflegeheime\/outdoor-tisch-im-bistro-stil\/","url":"https:\/\/objektmobiliar.ch\/moebel\/outdoor-moebel-pflegeheime\/outdoor-tisch-im-bistro-stil\/","name":"Acheter une table d'ext\u00e9rieur style bistrot chez OZG","isPartOf":{"@id":"https:\/\/objektmobiliar.ch\/#website"},"primaryImageOfPage":{"@id":"https:\/\/objektmobiliar.ch\/moebel\/outdoor-moebel-pflegeheime\/outdoor-tisch-im-bistro-stil\/#primaryimage"},"image":{"@id":"https:\/\/objektmobiliar.ch\/moebel\/outdoor-moebel-pflegeheime\/outdoor-tisch-im-bistro-stil\/#primaryimage"},"thumbnailUrl":"https:\/\/objektmobiliar.ch\/wp-content\/uploads\/2023\/10\/montana-tisch.jpg","datePublished":"2023-10-17T18:22:18+00:00","dateModified":"2026-01-29T07:47:26+00:00","description":"Montana est la table d'ext\u00e9rieur de style bistrot id\u00e9ale pour les terrasses, les balcons, les jardins et autres espaces ext\u00e9rieurs des \u00e9tablissements de soins.","breadcrumb":{"@id":"https:\/\/objektmobiliar.ch\/moebel\/outdoor-moebel-pflegeheime\/outdoor-tisch-im-bistro-stil\/#breadcrumb"},"inLanguage":"fr-FR","potentialAction":[{"@type":"ReadAction","target":["https:\/\/objektmobiliar.ch\/moebel\/outdoor-moebel-pflegeheime\/outdoor-tisch-im-bistro-stil\/"]}]},{"@type":"ImageObject","inLanguage":"fr-FR","@id":"https:\/\/objektmobiliar.ch\/moebel\/outdoor-moebel-pflegeheime\/outdoor-tisch-im-bistro-stil\/#primaryimage","url":"https:\/\/objektmobiliar.ch\/wp-content\/uploads\/2023\/10\/montana-tisch.jpg","contentUrl":"https:\/\/objektmobiliar.ch\/wp-content\/uploads\/2023\/10\/montana-tisch.jpg","width":1000,"height":1000,"caption":"Bistro- und Restauranttisch f\u00fcr Altersheime"},{"@type":"BreadcrumbList","@id":"https:\/\/objektmobiliar.ch\/moebel\/outdoor-moebel-pflegeheime\/outdoor-tisch-im-bistro-stil\/#breadcrumb","itemListElement":[{"@type":"ListItem","position":1,"name":"Startseite","item":"https:\/\/objektmobiliar.ch\/"},{"@type":"ListItem","position":2,"name":"M\u00f6bel","item":"https:\/\/objektmobiliar.ch\/moebel\/"},{"@type":"ListItem","position":3,"name":"Gartenm\u00f6bel","item":"https:\/\/objektmobiliar.ch\/moebel\/outdoor-moebel-pflegeheime\/"},{"@type":"ListItem","position":4,"name":"Montana Tisch"}]},{"@type":"WebSite","@id":"https:\/\/objektmobiliar.ch\/#website","url":"https:\/\/objektmobiliar.ch\/","name":"OZG HEALTHCARE","description":"Mobilier de collectivit\u00e9 pour les soins, les bureaux, les cabinets m\u00e9dicaux et l'h\u00f4tellerie","potentialAction":[{"@type":"SearchAction","target":{"@type":"EntryPoint","urlTemplate":"https:\/\/objektmobiliar.ch\/?s={search_term_string}"},"query-input":{"@type":"PropertyValueSpecification","valueRequired":true,"valueName":"search_term_string"}}],"inLanguage":"fr-FR"}]}},"coauthors":[],"author_meta":{"author_link":"https:\/\/objektmobiliar.ch\/fr\/author\/alex\/","display_name":"Alex"},"relative_dates":{"created":"Publi\u00e9 3 ans il y a","modified":"Mis \u00e0 jour 3 mois il y a"},"absolute_dates":{"created":"Publi\u00e9 le octobre 17, 2023","modified":"Mise \u00e0 jour le janvier 29, 2026"},"absolute_dates_time":{"created":"Publi\u00e9 le octobre 17, 2023 6:22 pm","modified":"Mise \u00e0 jour le janvier 29, 2026 7:47 am"},"featured_img_caption":"","featured_img":"https:\/\/objektmobiliar.ch\/wp-content\/uploads\/2023\/10\/montana-tisch-825x510.jpg","series_order":"","_links":{"self":[{"href":"https:\/\/objektmobiliar.ch\/fr\/wp-json\/wp\/v2\/pages\/760","targetHints":{"allow":["GET"]}}],"collection":[{"href":"https:\/\/objektmobiliar.ch\/fr\/wp-json\/wp\/v2\/pages"}],"about":[{"href":"https:\/\/objektmobiliar.ch\/fr\/wp-json\/wp\/v2\/types\/page"}],"author":[{"embeddable":true,"href":"https:\/\/objektmobiliar.ch\/fr\/wp-json\/wp\/v2\/users\/2"}],"replies":[{"embeddable":true,"href":"https:\/\/objektmobiliar.ch\/fr\/wp-json\/wp\/v2\/comments?post=760"}],"version-history":[{"count":12,"href":"https:\/\/objektmobiliar.ch\/fr\/wp-json\/wp\/v2\/pages\/760\/revisions"}],"predecessor-version":[{"id":5811,"href":"https:\/\/objektmobiliar.ch\/fr\/wp-json\/wp\/v2\/pages\/760\/revisions\/5811"}],"up":[{"embeddable":true,"href":"https:\/\/objektmobiliar.ch\/fr\/wp-json\/wp\/v2\/pages\/749"}],"wp:featuredmedia":[{"embeddable":true,"href":"https:\/\/objektmobiliar.ch\/fr\/wp-json\/wp\/v2\/media\/761"}],"wp:attachment":[{"href":"https:\/\/objektmobiliar.ch\/fr\/wp-json\/wp\/v2\/media?parent=760"}],"curies":[{"name":"wp","href":"https:\/\/api.w.org\/{rel}","templated":true}]}}