{"id":751,"date":"2023-10-17T18:00:58","date_gmt":"2023-10-17T18:00:58","guid":{"rendered":"https:\/\/dev.objektmobiliar.ch\/?page_id=751"},"modified":"2026-01-29T07:23:47","modified_gmt":"2026-01-29T07:23:47","slug":"table-dexterieur-facile-a-entretenir","status":"publish","type":"page","link":"https:\/\/objektmobiliar.ch\/fr\/moebel\/outdoor-moebel-pflegeheime\/pflegeleichter-outdoor-tisch\/","title":{"rendered":"Beda"},"content":{"rendered":"<div class=\"lazyblock-produkt-detail-ozg-ZqYJ0p wp-block-lazyblock-produkt-detail-ozg\"><section class=\"sct\">\r\n      <div class=\"cnt\">\r\n        <div class=\"elmnt-product-desc\">\r\n          <div class=\"product-desc-box\"><img decoding=\"async\" src=\"https:\/\/objektmobiliar.ch\/wp-content\/uploads\/2025\/03\/Pflegeleichter-Outdoor-Tisch-Beda.jpg\" loading=\"lazy\" alt=\"\" class=\"product-desc-img\"><\/div>\r\n          <div class=\"product-desc-txt\">\r\n            <h1 class=\"txt-product-headline\">Table Beda<\/h1>\r\n            <h2 class=\"txt-product-subline\">Id\u00e9al pour les terrasses, les balcons, les jardins<\/h2>\r\n            <div class=\"w-richtext\">\r\n              <p>Beda ist ein pflegeleichter Outdoor Tisch f\u00fcr Altersheime, Pflegeeinrichtungen und Seniorenresidenzen. Seine robuste Stahlkonstruktion verleiht ihm Stand selbst auf unebenen Untergr\u00fcnden. Die wetterfeste teco.STAR Tischplatte ist besonders langlebig und in diversen Dekoren erh\u00e4ltlich.\u00a0<\/p>\n<p><strong>Tischplatten Dekore:<\/strong><\/p>\n<p><img loading=\"lazy\" decoding=\"async\" class=\"alignnone size-full wp-image-5802\" src=\"https:\/\/objektmobiliar.ch\/wp-content\/uploads\/2026\/01\/Tischplatten-Dekore.jpg\" alt=\"\" width=\"667\" height=\"161\" srcset=\"https:\/\/objektmobiliar.ch\/wp-content\/uploads\/2026\/01\/Tischplatten-Dekore.jpg 667w, https:\/\/objektmobiliar.ch\/wp-content\/uploads\/2026\/01\/Tischplatten-Dekore-18x4.jpg 18w\" sizes=\"auto, (max-width: 667px) 100vw, 667px\" \/><\/p>\r\n            <\/div>\r\n            <a onclick=\"splite_loader();\" class=\"btn\">Demander un produit<\/a>\r\n          <\/div>\r\n        <\/div>\r\n      <\/div>\r\n    <\/section><\/div>\n\n<div class=\"lazyblock-produkt-slider-ozg-ZQS713 wp-block-lazyblock-produkt-slider-ozg\"><section class=\"sct\">\r\n  <div class=\"cnt semi\">\r\n    <div class=\"intro-txt\">\r\n        <h2>Mod\u00e8les et versions<\/h2>\r\n    <\/div>\r\n    \r\n    <div class=\"elmnt-similar-products\">\r\n      <div class=\"similar-product\"><img decoding=\"async\" src=\"https:\/\/objektmobiliar.ch\/wp-content\/uploads\/2025\/03\/Pflegeleichter-Outdoor-Tisch-quadratisch.jpg\" loading=\"eager\" alt=\"\" class=\"similar-product-img\">\r\n        <div class=\"center\">\r\n          <div class=\"w-richtext\">\r\n            <p><strong>R\u00e9f. 252-0021\/S :<\/strong><br>90 x 90 cm, pieds de table ronds<\/p>\r\n          <\/div>\r\n          \r\n        <\/div>\r\n      <\/div>\r\n      <div class=\"similar-product\"><img decoding=\"async\" src=\"https:\/\/objektmobiliar.ch\/wp-content\/uploads\/2025\/03\/Pflegeleichter-Outdoor-Tisch-quadratisch-2.jpg\" loading=\"eager\" alt=\"\" class=\"similar-product-img\">\r\n        <div class=\"center\">\r\n          <div class=\"w-richtext\">\r\n            <p><strong>R\u00e9f. 252-0021\/S :<\/strong><br>90 x 90 cm, pieds de table carr\u00e9s<\/p>\r\n          <\/div>\r\n          \r\n        <\/div>\r\n      <\/div>\r\n      <div class=\"similar-product\"><img decoding=\"async\" src=\"https:\/\/objektmobiliar.ch\/wp-content\/uploads\/2023\/10\/beda-tisch-detail.jpg\" loading=\"eager\" alt=\"Table Beda\" class=\"similar-product-img\">\r\n        <div class=\"center\">\r\n          <div class=\"w-richtext\">\r\n            <p><strong>Table Beda<\/strong><br>Pieds de table angulaires<\/p>\r\n          <\/div>\r\n          \r\n        <\/div>\r\n      <\/div>\r\n      <div class=\"similar-product\"><img decoding=\"async\" src=\"https:\/\/objektmobiliar.ch\/wp-content\/uploads\/2025\/03\/Pflegeleichter-Outdoor-Tisch-runde-Tischbeine.jpg\" loading=\"eager\" alt=\"\" class=\"similar-product-img\">\r\n        <div class=\"center\">\r\n          <div class=\"w-richtext\">\r\n            <p><strong>Table Beda<\/strong><br>Pieds de table ronds<\/p>\r\n          <\/div>\r\n          \r\n        <\/div>\r\n      <\/div>\r\n      <div class=\"similar-product\"><img decoding=\"async\" src=\"https:\/\/objektmobiliar.ch\/wp-content\/uploads\/2025\/03\/Pflegeleichter-Outdoor-Tisch-rechteckig.jpg\" loading=\"eager\" alt=\"\" class=\"similar-product-img\">\r\n        <div class=\"center\">\r\n          <div class=\"w-richtext\">\r\n            <p><strong>R\u00e9f. 252-0020\/S :<\/strong><br>160 x 90 cm, pieds de table carr\u00e9s<\/p>\r\n          <\/div>\r\n          \r\n        <\/div>\r\n      <\/div>\r\n      <div class=\"similar-product\"><img decoding=\"async\" src=\"https:\/\/objektmobiliar.ch\/wp-content\/uploads\/2025\/03\/Pflegeleichter-Outdoor-Tisch-rechteckig-2.jpg\" loading=\"eager\" alt=\"\" class=\"similar-product-img\">\r\n        <div class=\"center\">\r\n          <div class=\"w-richtext\">\r\n            <p><strong>R\u00e9f. 252-0020\/S :<\/strong><br>160 x 90 cm, pieds de table carr\u00e9s<\/p>\r\n          <\/div>\r\n          \r\n        <\/div>\r\n      <\/div>\r\n      <div class=\"similar-product\"><img decoding=\"async\" src=\"https:\/\/objektmobiliar.ch\/wp-content\/uploads\/2025\/03\/Pflegeleichter-Outdoor-Tisch-rechteckig-3.jpg\" loading=\"eager\" alt=\"\" class=\"similar-product-img\">\r\n        <div class=\"center\">\r\n          <div class=\"w-richtext\">\r\n            <p><strong>R\u00e9f. 252-0020\/S :<\/strong><br>160 x 90 cm, pieds de table ronds<\/p>\r\n          <\/div>\r\n          \r\n        <\/div>\r\n      <\/div>\r\n    <\/div>\r\n  <\/div>\r\n  \r\n  <div class=\"cnt narrow\">\r\n    <div class=\"similar-products-nav-pos\">\r\n      <div class=\"w-embed\">\r\n        \r\n      <\/div>\r\n    <\/div>\r\n  <\/div>\r\n<\/section><\/div>\n\n\n<div class=\"wp-block-group\"><div class=\"wp-block-group__inner-container is-layout-constrained wp-block-group-is-layout-constrained\"><section class=\"sct\">\r\n      <div class=\"cnt narrow\">\r\n        <div class=\"introtxt\">\r\n        <div class=\"w-richtext\">\r\n            <h2>Description du produit<\/h2>\r\n        <\/div>\r\n        <\/div>\r\n        \r\n          \n\n\n<figure class=\"wp-block-table is-style-regular\"><table><thead><tr><th>Art. No.<\/th><th>Description<\/th><th>Dimensions<\/th><\/tr><\/thead><tbody><tr><td>252-0021\/S<\/td><td>Table Beda, carr\u00e9e<\/td><td>90\u00d790 cm<\/td><\/tr><tr><td>252-0020\/S<\/td><td>Table Beda, rectangulaire<\/td><td>160\u00d790 cm<\/td><\/tr><\/tbody><\/table><\/figure>\n\n\n<\/div><\/section><\/div><\/div>\n\n\n<div class=\"lazyblock-bildergalerie-lightbox-ozg-Zc0itf wp-block-lazyblock-bildergalerie-lightbox-ozg\"><section class=\"sct\">\r\n  <div class=\"cnt semi\">\r\n    <div class=\"introtxt\">\r\n    <div class=\"w-richtext\">\r\n        \r\n    <\/div>\r\n    <\/div>\r\n  \r\n    <div class=\"elmnt-imggallery\">\r\n      <div class=\"imggallery-thumb\">\r\n        <img decoding=\"async\" src=\"https:\/\/objektmobiliar.ch\/wp-content\/uploads\/2023\/10\/d85_1170.jpg\" loading=\"lazy\" alt=\"Table Beda\" class=\"imggallery-img\">\r\n        <\/div>\r\n      <div class=\"imggallery-thumb\">\r\n        <img decoding=\"async\" src=\"https:\/\/objektmobiliar.ch\/wp-content\/uploads\/2023\/10\/d85_1198.jpg\" loading=\"lazy\" alt=\"Table Beda\" class=\"imggallery-img\">\r\n        <\/div>\r\n      <div class=\"imggallery-thumb\">\r\n        <img decoding=\"async\" src=\"https:\/\/objektmobiliar.ch\/wp-content\/uploads\/2023\/10\/bern.png\" loading=\"lazy\" alt=\"Table Beda\" class=\"imggallery-img\">\r\n        <\/div>\r\n    <\/div>\r\n    \r\n  <\/div>\r\n<\/section><\/div>\n\n<div class=\"lazyblock-text-modul-ozg-ZkB2xg wp-block-lazyblock-text-modul-ozg\"><section class=\"sct\">\r\n      <div class=\"cnt narrow\">\r\n        <div class=\"w-richtext\">\r\n            <h2>Table d'ext\u00e9rieur facile \u00e0 entretenir pour les maisons de retraite<\/h2>\n<p>Id\u00e9ale pour les terrasses, les balcons, les jardins - Beda est une table d'ext\u00e9rieur facile \u00e0 entretenir pour les maisons de retraite, les r\u00e9sidences pour personnes \u00e2g\u00e9es et autres \u00e9tablissements de soins du syst\u00e8me de sant\u00e9. Les tables de la s\u00e9rie offrent beaucoup de place pour des r\u00e9unions conviviales en plein air et sont accessibles en fauteuil roulant.<\/p>\n<h3>Stable sur toutes les surfaces<\/h3>\n<p>La table Beda est disponible en standard en deux dimensions (voir tableau). Des dimensions sp\u00e9ciales sont possibles sur demande. La construction robuste en acier assure la stabilit\u00e9 de la table, m\u00eame sur des sols irr\u00e9guliers. Des patins de r\u00e9glage sur chaque pied de table permettent en outre de compenser les irr\u00e9gularit\u00e9s du sol. Les pieds de table sont disponibles en version ronde ou carr\u00e9e ainsi que dans diff\u00e9rents laquages adapt\u00e9s \u00e0 vos id\u00e9es (voir illustrations). Sur demande, nous vous communiquerons volontiers les laquages concrets.<\/p>\n<h3>Plateau de table r\u00e9sistant aux intemp\u00e9ries, divers d\u00e9cors<\/h3>\n<p>En tant que table d'ext\u00e9rieur facile \u00e0 entretenir, Beda poss\u00e8de un plateau de table teco.STAR extr\u00eamement r\u00e9sistant aux intemp\u00e9ries et aux rayures. Il est tr\u00e8s r\u00e9sistant aux UV, \u00e0 la lumi\u00e8re et se caract\u00e9rise par une longue dur\u00e9e de vie. En outre, le mat\u00e9riau permet un nettoyage facile avec des produits de nettoyage courants. Il convient de renoncer aux poudres \u00e0 r\u00e9curer. De plus, il est disponible en diff\u00e9rents d\u00e9cors, par exemple teco.ardoise, teco.ch\u00eane, teco.b\u00e9ton et bien d'autres. N'h\u00e9sitez pas \u00e0 nous contacter pour conna\u00eetre les diff\u00e9rents d\u00e9cors.<\/p>\n<h3>D'autres meubles d'ext\u00e9rieur pour vous<\/h3>\n<p>Vous cherchez d'autres meubles d'ext\u00e9rieur pour vos terrasses, balcons, jardins ? D'autres meubles attrayants vous attendent sur notre site. <a href=\"https:\/\/objektmobiliar.ch\/fr\/meubles\/meubles-dexterieur-maisons-de-retraite\/\">Tables et chaises d'ext\u00e9rieur<\/a>.<\/p>\r\n        <\/div>\r\n            <div ><a href=\"https:\/\/objektmobiliar.ch\/fr\/meubles\/meubles-dexterieur-maisons-de-retraite\/\" class=\"btn\" target=\"_blank\">Autres meubles d'ext\u00e9rieur<\/a><\/div>\r\n      <\/div>\r\n    <\/section><\/div><style class=\"advgb-styles-renderer\">\r\n            .similar-products-nav li {\r\n              overflow: hidden;\r\n              margin: 0px !important;\r\n              flex-grow: 0 !important;\r\n              flex-shrink: 1 !important;\r\n              flex-basis: 12.5% !important;\r\n              border-style: solid;\r\n              border-width: 2px;\r\n              border-color: transparent;\r\n              border-radius: 8px;\r\n              transition-property: border-color;\r\n              transition-duration: 600ms;\r\n              transition-timing-function: ease;\r\n              cursor: pointer;\r\n            }\r\n            .similar-products-nav li.slick-active {\r\n              border-color: #dde7ef;\r\n            }\r\n            @media screen and (max-width:767px) {\r\n              .similar-products-nav li {\r\n                flex-basis: auto !important;\r\n                border-radius: 8px;\r\n                padding-top: 8px;\r\n                padding-right: 16px;\r\n                padding-bottom: 6px;\r\n                padding-left: 16px;\r\n              }\r\n              .similar-products-nav li.slick-active {\r\n                background-color: #dde7ef;\r\n                transition-property: background-color, border-color;\r\n                transition-duration: 600ms, 200ms;\r\n                transition-timing-function: ease, ease;\r\n                color: #426b8a;\r\n              }\r\n            }\r\n          <\/style>","protected":false},"excerpt":{"rendered":"<p>Besonders stabile und standfeste Tische mit Stahlgestell und pflegeleichten teco. STAR-Platten. Die vier Verstellgleiter erm\u00f6glichen einen sicheren Stand auch auf unebenen Fl\u00e4chen.<\/p>","protected":false},"author":2,"featured_media":754,"parent":749,"menu_order":0,"comment_status":"closed","ping_status":"closed","template":"","meta":{"advgb_blocks_editor_width":"","advgb_blocks_columns_visual_guide":"","footnotes":""},"class_list":["post-751","page","type-page","status-publish","has-post-thumbnail","hentry"],"yoast_head":"<!-- This site is optimized with the Yoast SEO plugin v27.4 - https:\/\/yoast.com\/product\/yoast-seo-wordpress\/ -->\n<title>Pflegeleichter Outdoor Tisch bei OZG<\/title>\n<meta name=\"description\" content=\"Pflegeleichter Outdoor-Tisch f\u00fcr Altersheime und Pflegeeinrichtungen mit wetterfester Tischplatte in vielen Dekoren und robustem Stahlgestell\" \/>\n<meta name=\"robots\" content=\"index, follow, max-snippet:-1, max-image-preview:large, max-video-preview:-1\" \/>\n<link rel=\"canonical\" href=\"https:\/\/objektmobiliar.ch\/fr\/meubles\/meubles-dexterieur-maisons-de-retraite\/table-dexterieur-facile-a-entretenir\/\" \/>\n<meta property=\"og:locale\" content=\"fr_FR\" \/>\n<meta property=\"og:type\" content=\"article\" \/>\n<meta property=\"og:title\" content=\"Pflegeleichter Outdoor Tisch bei OZG\" \/>\n<meta property=\"og:description\" content=\"Pflegeleichter Outdoor-Tisch f\u00fcr Altersheime und Pflegeeinrichtungen mit wetterfester Tischplatte in vielen Dekoren und robustem Stahlgestell\" \/>\n<meta property=\"og:url\" content=\"https:\/\/objektmobiliar.ch\/fr\/meubles\/meubles-dexterieur-maisons-de-retraite\/table-dexterieur-facile-a-entretenir\/\" \/>\n<meta property=\"og:site_name\" content=\"OZG HEALTHCARE\" \/>\n<meta property=\"article:modified_time\" content=\"2026-01-29T07:23:47+00:00\" \/>\n<meta property=\"og:image\" content=\"https:\/\/objektmobiliar.ch\/wp-content\/uploads\/2023\/10\/beda-tisch.jpg\" \/>\n\t<meta property=\"og:image:width\" content=\"1000\" \/>\n\t<meta property=\"og:image:height\" content=\"1000\" \/>\n\t<meta property=\"og:image:type\" content=\"image\/jpeg\" \/>\n<meta name=\"twitter:card\" content=\"summary_large_image\" \/>\n<meta name=\"twitter:label1\" content=\"Dur\u00e9e de lecture estim\u00e9e\" \/>\n\t<meta name=\"twitter:data1\" content=\"5 minutes\" \/>\n<script type=\"application\/ld+json\" class=\"yoast-schema-graph\">{\"@context\":\"https:\\\/\\\/schema.org\",\"@graph\":[{\"@type\":\"WebPage\",\"@id\":\"https:\\\/\\\/objektmobiliar.ch\\\/moebel\\\/outdoor-moebel-pflegeheime\\\/pflegeleichter-outdoor-tisch\\\/\",\"url\":\"https:\\\/\\\/objektmobiliar.ch\\\/moebel\\\/outdoor-moebel-pflegeheime\\\/pflegeleichter-outdoor-tisch\\\/\",\"name\":\"Pflegeleichter Outdoor Tisch bei OZG\",\"isPartOf\":{\"@id\":\"https:\\\/\\\/objektmobiliar.ch\\\/#website\"},\"primaryImageOfPage\":{\"@id\":\"https:\\\/\\\/objektmobiliar.ch\\\/moebel\\\/outdoor-moebel-pflegeheime\\\/pflegeleichter-outdoor-tisch\\\/#primaryimage\"},\"image\":{\"@id\":\"https:\\\/\\\/objektmobiliar.ch\\\/moebel\\\/outdoor-moebel-pflegeheime\\\/pflegeleichter-outdoor-tisch\\\/#primaryimage\"},\"thumbnailUrl\":\"https:\\\/\\\/objektmobiliar.ch\\\/wp-content\\\/uploads\\\/2023\\\/10\\\/beda-tisch.jpg\",\"datePublished\":\"2023-10-17T18:00:58+00:00\",\"dateModified\":\"2026-01-29T07:23:47+00:00\",\"description\":\"Pflegeleichter Outdoor-Tisch f\u00fcr Altersheime und Pflegeeinrichtungen mit wetterfester Tischplatte in vielen Dekoren und robustem Stahlgestell\",\"breadcrumb\":{\"@id\":\"https:\\\/\\\/objektmobiliar.ch\\\/moebel\\\/outdoor-moebel-pflegeheime\\\/pflegeleichter-outdoor-tisch\\\/#breadcrumb\"},\"inLanguage\":\"fr-FR\",\"potentialAction\":[{\"@type\":\"ReadAction\",\"target\":[\"https:\\\/\\\/objektmobiliar.ch\\\/moebel\\\/outdoor-moebel-pflegeheime\\\/pflegeleichter-outdoor-tisch\\\/\"]}]},{\"@type\":\"ImageObject\",\"inLanguage\":\"fr-FR\",\"@id\":\"https:\\\/\\\/objektmobiliar.ch\\\/moebel\\\/outdoor-moebel-pflegeheime\\\/pflegeleichter-outdoor-tisch\\\/#primaryimage\",\"url\":\"https:\\\/\\\/objektmobiliar.ch\\\/wp-content\\\/uploads\\\/2023\\\/10\\\/beda-tisch.jpg\",\"contentUrl\":\"https:\\\/\\\/objektmobiliar.ch\\\/wp-content\\\/uploads\\\/2023\\\/10\\\/beda-tisch.jpg\",\"width\":1000,\"height\":1000,\"caption\":\"Der pflegeleichte Outdoor-Tisch f\u00fcr Altersheime\"},{\"@type\":\"BreadcrumbList\",\"@id\":\"https:\\\/\\\/objektmobiliar.ch\\\/moebel\\\/outdoor-moebel-pflegeheime\\\/pflegeleichter-outdoor-tisch\\\/#breadcrumb\",\"itemListElement\":[{\"@type\":\"ListItem\",\"position\":1,\"name\":\"Startseite\",\"item\":\"https:\\\/\\\/objektmobiliar.ch\\\/\"},{\"@type\":\"ListItem\",\"position\":2,\"name\":\"M\u00f6bel\",\"item\":\"https:\\\/\\\/objektmobiliar.ch\\\/moebel\\\/\"},{\"@type\":\"ListItem\",\"position\":3,\"name\":\"Gartenm\u00f6bel\",\"item\":\"https:\\\/\\\/objektmobiliar.ch\\\/moebel\\\/outdoor-moebel-pflegeheime\\\/\"},{\"@type\":\"ListItem\",\"position\":4,\"name\":\"Beda\"}]},{\"@type\":\"WebSite\",\"@id\":\"https:\\\/\\\/objektmobiliar.ch\\\/#website\",\"url\":\"https:\\\/\\\/objektmobiliar.ch\\\/\",\"name\":\"OZG HEALTHCARE\",\"description\":\"Objektmobiliar f\u00fcr Pflege, B\u00fcro, Praxis &amp; Hotellerie\",\"potentialAction\":[{\"@type\":\"SearchAction\",\"target\":{\"@type\":\"EntryPoint\",\"urlTemplate\":\"https:\\\/\\\/objektmobiliar.ch\\\/?s={search_term_string}\"},\"query-input\":{\"@type\":\"PropertyValueSpecification\",\"valueRequired\":true,\"valueName\":\"search_term_string\"}}],\"inLanguage\":\"fr-FR\"}]}<\/script>\n<!-- \/ Yoast SEO plugin. -->","yoast_head_json":{"title":"Table d'ext\u00e9rieur facile d'entretien chez OZG","description":"Table d'ext\u00e9rieur facile \u00e0 entretenir pour les maisons de retraite et les \u00e9tablissements de soins, avec un plateau de table r\u00e9sistant aux intemp\u00e9ries dans de nombreux d\u00e9cors et un pi\u00e8tement robuste en acier","robots":{"index":"index","follow":"follow","max-snippet":"max-snippet:-1","max-image-preview":"max-image-preview:large","max-video-preview":"max-video-preview:-1"},"canonical":"https:\/\/objektmobiliar.ch\/fr\/meubles\/meubles-dexterieur-maisons-de-retraite\/table-dexterieur-facile-a-entretenir\/","og_locale":"fr_FR","og_type":"article","og_title":"Pflegeleichter Outdoor Tisch bei OZG","og_description":"Pflegeleichter Outdoor-Tisch f\u00fcr Altersheime und Pflegeeinrichtungen mit wetterfester Tischplatte in vielen Dekoren und robustem Stahlgestell","og_url":"https:\/\/objektmobiliar.ch\/fr\/meubles\/meubles-dexterieur-maisons-de-retraite\/table-dexterieur-facile-a-entretenir\/","og_site_name":"OZG HEALTHCARE","article_modified_time":"2026-01-29T07:23:47+00:00","og_image":[{"width":1000,"height":1000,"url":"https:\/\/objektmobiliar.ch\/wp-content\/uploads\/2023\/10\/beda-tisch.jpg","type":"image\/jpeg"}],"twitter_card":"summary_large_image","twitter_misc":{"Dur\u00e9e de lecture estim\u00e9e":"5 minutes"},"schema":{"@context":"https:\/\/schema.org","@graph":[{"@type":"WebPage","@id":"https:\/\/objektmobiliar.ch\/moebel\/outdoor-moebel-pflegeheime\/pflegeleichter-outdoor-tisch\/","url":"https:\/\/objektmobiliar.ch\/moebel\/outdoor-moebel-pflegeheime\/pflegeleichter-outdoor-tisch\/","name":"Table d'ext\u00e9rieur facile d'entretien chez OZG","isPartOf":{"@id":"https:\/\/objektmobiliar.ch\/#website"},"primaryImageOfPage":{"@id":"https:\/\/objektmobiliar.ch\/moebel\/outdoor-moebel-pflegeheime\/pflegeleichter-outdoor-tisch\/#primaryimage"},"image":{"@id":"https:\/\/objektmobiliar.ch\/moebel\/outdoor-moebel-pflegeheime\/pflegeleichter-outdoor-tisch\/#primaryimage"},"thumbnailUrl":"https:\/\/objektmobiliar.ch\/wp-content\/uploads\/2023\/10\/beda-tisch.jpg","datePublished":"2023-10-17T18:00:58+00:00","dateModified":"2026-01-29T07:23:47+00:00","description":"Table d'ext\u00e9rieur facile \u00e0 entretenir pour les maisons de retraite et les \u00e9tablissements de soins, avec un plateau de table r\u00e9sistant aux intemp\u00e9ries dans de nombreux d\u00e9cors et un pi\u00e8tement robuste en acier","breadcrumb":{"@id":"https:\/\/objektmobiliar.ch\/moebel\/outdoor-moebel-pflegeheime\/pflegeleichter-outdoor-tisch\/#breadcrumb"},"inLanguage":"fr-FR","potentialAction":[{"@type":"ReadAction","target":["https:\/\/objektmobiliar.ch\/moebel\/outdoor-moebel-pflegeheime\/pflegeleichter-outdoor-tisch\/"]}]},{"@type":"ImageObject","inLanguage":"fr-FR","@id":"https:\/\/objektmobiliar.ch\/moebel\/outdoor-moebel-pflegeheime\/pflegeleichter-outdoor-tisch\/#primaryimage","url":"https:\/\/objektmobiliar.ch\/wp-content\/uploads\/2023\/10\/beda-tisch.jpg","contentUrl":"https:\/\/objektmobiliar.ch\/wp-content\/uploads\/2023\/10\/beda-tisch.jpg","width":1000,"height":1000,"caption":"Der pflegeleichte Outdoor-Tisch f\u00fcr Altersheime"},{"@type":"BreadcrumbList","@id":"https:\/\/objektmobiliar.ch\/moebel\/outdoor-moebel-pflegeheime\/pflegeleichter-outdoor-tisch\/#breadcrumb","itemListElement":[{"@type":"ListItem","position":1,"name":"Startseite","item":"https:\/\/objektmobiliar.ch\/"},{"@type":"ListItem","position":2,"name":"M\u00f6bel","item":"https:\/\/objektmobiliar.ch\/moebel\/"},{"@type":"ListItem","position":3,"name":"Gartenm\u00f6bel","item":"https:\/\/objektmobiliar.ch\/moebel\/outdoor-moebel-pflegeheime\/"},{"@type":"ListItem","position":4,"name":"Beda"}]},{"@type":"WebSite","@id":"https:\/\/objektmobiliar.ch\/#website","url":"https:\/\/objektmobiliar.ch\/","name":"OZG HEALTHCARE","description":"Mobilier de collectivit\u00e9 pour les soins, les bureaux, les cabinets m\u00e9dicaux et l'h\u00f4tellerie","potentialAction":[{"@type":"SearchAction","target":{"@type":"EntryPoint","urlTemplate":"https:\/\/objektmobiliar.ch\/?s={search_term_string}"},"query-input":{"@type":"PropertyValueSpecification","valueRequired":true,"valueName":"search_term_string"}}],"inLanguage":"fr-FR"}]}},"coauthors":[],"author_meta":{"author_link":"https:\/\/objektmobiliar.ch\/fr\/author\/alex\/","display_name":"Alex"},"relative_dates":{"created":"Publi\u00e9 3 ans il y a","modified":"Mis \u00e0 jour 3 mois il y a"},"absolute_dates":{"created":"Publi\u00e9 le octobre 17, 2023","modified":"Mise \u00e0 jour le janvier 29, 2026"},"absolute_dates_time":{"created":"Publi\u00e9 le octobre 17, 2023 6:00 pm","modified":"Mise \u00e0 jour le janvier 29, 2026 7:23 am"},"featured_img_caption":"","featured_img":"https:\/\/objektmobiliar.ch\/wp-content\/uploads\/2023\/10\/beda-tisch-825x510.jpg","series_order":"","_links":{"self":[{"href":"https:\/\/objektmobiliar.ch\/fr\/wp-json\/wp\/v2\/pages\/751","targetHints":{"allow":["GET"]}}],"collection":[{"href":"https:\/\/objektmobiliar.ch\/fr\/wp-json\/wp\/v2\/pages"}],"about":[{"href":"https:\/\/objektmobiliar.ch\/fr\/wp-json\/wp\/v2\/types\/page"}],"author":[{"embeddable":true,"href":"https:\/\/objektmobiliar.ch\/fr\/wp-json\/wp\/v2\/users\/2"}],"replies":[{"embeddable":true,"href":"https:\/\/objektmobiliar.ch\/fr\/wp-json\/wp\/v2\/comments?post=751"}],"version-history":[{"count":40,"href":"https:\/\/objektmobiliar.ch\/fr\/wp-json\/wp\/v2\/pages\/751\/revisions"}],"predecessor-version":[{"id":5804,"href":"https:\/\/objektmobiliar.ch\/fr\/wp-json\/wp\/v2\/pages\/751\/revisions\/5804"}],"up":[{"embeddable":true,"href":"https:\/\/objektmobiliar.ch\/fr\/wp-json\/wp\/v2\/pages\/749"}],"wp:featuredmedia":[{"embeddable":true,"href":"https:\/\/objektmobiliar.ch\/fr\/wp-json\/wp\/v2\/media\/754"}],"wp:attachment":[{"href":"https:\/\/objektmobiliar.ch\/fr\/wp-json\/wp\/v2\/media?parent=751"}],"curies":[{"name":"wp","href":"https:\/\/api.w.org\/{rel}","templated":true}]}}