{"id":749,"date":"2023-10-17T17:35:36","date_gmt":"2023-10-17T17:35:36","guid":{"rendered":"https:\/\/dev.objektmobiliar.ch\/?page_id=749"},"modified":"2026-03-05T08:55:33","modified_gmt":"2026-03-05T08:55:33","slug":"meubles-dexterieur-maisons-de-retraite","status":"publish","type":"page","link":"https:\/\/objektmobiliar.ch\/fr\/moebel\/outdoor-moebel-pflegeheime\/","title":{"rendered":"Meubles de jardin"},"content":{"rendered":"<div class=\"lazyblock-bildslider-fullsize-ozg-1oBaY9 wp-block-lazyblock-bildslider-fullsize-ozg\"><section class=\"sct nopadding\">\r\n      <div data-delay=\"9000\" data-animation=\"fade\" class=\"elmnt-homeslider w-slider\" data-autoplay=\"true\" data-easing=\"linear\" data-hide-arrows=\"false\" data-disable-swipe=\"true\" data-autoplay-limit=\"0\" data-nav-spacing=\"3\" data-duration=\"2000\" data-infinite=\"true\">\r\n        \r\n      <div class=\"visual-homeslider\" ><\/div>\r\n        \r\n       <div class=\"w-slider-mask\">\r\n          <div class=\"homeslider-slide w-slide\">\r\n            <div class=\"homeslider-img\"><img decoding=\"async\" src=\"https:\/\/objektmobiliar.ch\/wp-content\/uploads\/2026\/01\/Outdoor-Moebel-fuer-Pflegeheime-und-Gesundheitszentren.jpg\" loading=\"eager\" alt=\"\"><\/div>\r\n          <\/div>\r\n        <\/div>\r\n        <div class=\"hidden w-slider-arrow-left\">\r\n          <div class=\"w-icon-slider-left\"><\/div>\r\n        <\/div>\r\n        <div class=\"hidden w-slider-arrow-right\">\r\n          <div class=\"w-icon-slider-right\"><\/div>\r\n        <\/div>\r\n        <div class=\"hidden w-slider-nav\"><\/div>\r\n      <\/div>\r\n    <\/section><\/div>\n\n<div class=\"lazyblock-text-modul-ozg-Z1svPwa wp-block-lazyblock-text-modul-ozg\"><section class=\"sct\">\r\n      <div class=\"cnt narrow\">\r\n        <div class=\"w-richtext\">\r\n            <h1>Meubles de jardin, de terrasse et de balcon<\/h1>\n<p>Pour meubler des espaces ext\u00e9rieurs attrayants, la gamme OZG vous propose une grande vari\u00e9t\u00e9 de meubles d'ext\u00e9rieur pour les maisons de soins et les centres de sant\u00e9. Qu'il s'agisse d'un jardin, d'une terrasse ou d'un balcon, assurez une ambiance agr\u00e9able et un confort optimal pour vos r\u00e9sidents, patients, h\u00f4tes et collaborateurs.<\/p>\r\n        <\/div>\r\n      <\/div>\r\n    <\/section><\/div>\n\n<div class=\"lazyblock-produkt-navigation-ozg-1bRKGs wp-block-lazyblock-produkt-navigation-ozg\"><section class=\"sct\">\r\n  <div class=\"cnt semi\">\r\n    <div class=\"w-richtext\">\r\n        <h2>Gartenm\u00f6bel Sortiment<\/h2>\r\n    <\/div>\r\n    <div class=\"box-pageteaser prodnav\">\r\n      \r\n      <a href=\"https:\/\/objektmobiliar.ch\/fr\/meubles\/meubles-dexterieur-maisons-de-retraite\/table-dexterieur-facile-a-entretenir\/\" class=\"elmnt-prodnav w-inline-block\">\r\n        <div class=\"prodnav-imgcnt\"><img decoding=\"async\" src=\"https:\/\/objektmobiliar.ch\/wp-content\/uploads\/2025\/03\/Pflegeleichter-Outdoor-Tisch-Beda.jpg\" loading=\"lazy\" alt=\"\" class=\"pageteaser-img\"><\/div>\r\n        <div class=\"pagenav-type\">\r\n          <p class=\"txt-pagenav prodnav\">Table de jardin Beda<\/p>\r\n          <div class=\"btn prodnav\">D\u00e9couvrir l'assortiment<\/div>\r\n        <\/div>\r\n      <\/a>\r\n      <a href=\"https:\/\/objektmobiliar.ch\/fr\/meubles\/meubles-dexterieur-maisons-de-retraite\/table-dexterieur-style-bistrot\/\" class=\"elmnt-prodnav w-inline-block\">\r\n        <div class=\"prodnav-imgcnt\"><img decoding=\"async\" src=\"https:\/\/objektmobiliar.ch\/wp-content\/uploads\/2023\/10\/montana-tisch.jpg\" loading=\"lazy\" alt=\"Table de bistrot et de restaurant pour maisons de retraite\" class=\"pageteaser-img\"><\/div>\r\n        <div class=\"pagenav-type\">\r\n          <p class=\"txt-pagenav prodnav\">Table de jardin Montana<\/p>\r\n          <div class=\"btn prodnav\">D\u00e9couvrir l'assortiment<\/div>\r\n        <\/div>\r\n      <\/a>\r\n      <a href=\"https:\/\/objektmobiliar.ch\/fr\/meubles\/meubles-dexterieur-maisons-de-retraite\/table-pliante-stable-en-metal\/\" class=\"elmnt-prodnav w-inline-block\">\r\n        <div class=\"prodnav-imgcnt\"><img decoding=\"async\" src=\"https:\/\/objektmobiliar.ch\/wp-content\/uploads\/2025\/03\/Gartentisch-Stahl-Mittelsaeule-Lochmuster.jpg\" loading=\"lazy\" alt=\"\" class=\"pageteaser-img\"><\/div>\r\n        <div class=\"pagenav-type\">\r\n          <p class=\"txt-pagenav prodnav\">Table pliante Fiorino<\/p>\r\n          <div class=\"btn prodnav\">D\u00e9couvrir l'assortiment<\/div>\r\n        <\/div>\r\n      <\/a>\r\n      <a href=\"https:\/\/objektmobiliar.ch\/fr\/meubles\/meubles-dexterieur-maisons-de-retraite\/table-de-jardin-en-rotin-synthetique\/\" class=\"elmnt-prodnav w-inline-block\">\r\n        <div class=\"prodnav-imgcnt\"><img decoding=\"async\" src=\"https:\/\/objektmobiliar.ch\/wp-content\/uploads\/2025\/03\/Gartentisch-Ibiza-aus-Kunstrattan.jpg\" loading=\"lazy\" alt=\"\" class=\"pageteaser-img\"><\/div>\r\n        <div class=\"pagenav-type\">\r\n          <p class=\"txt-pagenav prodnav\">Table de jardin Ibiza<\/p>\r\n          <div class=\"btn prodnav\">D\u00e9couvrir l'assortiment<\/div>\r\n        <\/div>\r\n      <\/a>\r\n      <a href=\"https:\/\/objektmobiliar.ch\/fr\/meubles\/meubles-dexterieur-maisons-de-retraite\/table-basse-lounge\/\" class=\"elmnt-prodnav w-inline-block\">\r\n        <div class=\"prodnav-imgcnt\"><img decoding=\"async\" src=\"https:\/\/objektmobiliar.ch\/wp-content\/uploads\/2025\/03\/Niedriger-Gartentisch-Rattanoptik.jpg\" loading=\"lazy\" alt=\"\" class=\"pageteaser-img\"><\/div>\r\n        <div class=\"pagenav-type\">\r\n          <p class=\"txt-pagenav prodnav\">Table de salon Miami<\/p>\r\n          <div class=\"btn prodnav\">D\u00e9couvrir l'assortiment<\/div>\r\n        <\/div>\r\n      <\/a>\r\n      <a href=\"https:\/\/objektmobiliar.ch\/fr\/meubles\/meubles-dexterieur-maisons-de-retraite\/fauteuil-dexterieur\/\" class=\"elmnt-prodnav w-inline-block\">\r\n        <div class=\"prodnav-imgcnt\"><img decoding=\"async\" src=\"https:\/\/objektmobiliar.ch\/wp-content\/uploads\/2025\/03\/Lounge-Sessel-Miami-Kunstrattan.jpg\" loading=\"lazy\" alt=\"\" class=\"pageteaser-img\"><\/div>\r\n        <div class=\"pagenav-type\">\r\n          <p class=\"txt-pagenav prodnav\">Fauteuil lounge Miami<\/p>\r\n          <div class=\"btn prodnav\">D\u00e9couvrir l'assortiment<\/div>\r\n        <\/div>\r\n      <\/a>\r\n      <a href=\"https:\/\/objektmobiliar.ch\/fr\/meubles\/meubles-dexterieur-maisons-de-retraite\/fauteuil-dexterieur\/\" class=\"elmnt-prodnav w-inline-block\">\r\n        <div class=\"prodnav-imgcnt\"><img decoding=\"async\" src=\"https:\/\/objektmobiliar.ch\/wp-content\/uploads\/2025\/03\/Gartensitzbank-Miami-Kunstrattan-Anthrazit.jpg\" loading=\"lazy\" alt=\"\" class=\"pageteaser-img\"><\/div>\r\n        <div class=\"pagenav-type\">\r\n          <p class=\"txt-pagenav prodnav\">Banc de jardin Miami<\/p>\r\n          <div class=\"btn prodnav\">D\u00e9couvrir l'assortiment<\/div>\r\n        <\/div>\r\n      <\/a>\r\n      <a href=\"https:\/\/objektmobiliar.ch\/fr\/meubles\/meubles-dexterieur-maisons-de-retraite\/ensemble-de-meubles-de-jardin\/\" class=\"elmnt-prodnav w-inline-block\">\r\n        <div class=\"prodnav-imgcnt\"><img decoding=\"async\" src=\"https:\/\/objektmobiliar.ch\/wp-content\/uploads\/2025\/04\/Gartenmoebel-Set-Kunstrattan-robust.jpg\" loading=\"lazy\" alt=\"\" class=\"pageteaser-img\"><\/div>\r\n        <div class=\"pagenav-type\">\r\n          <p class=\"txt-pagenav prodnav\">Set de jardin Miami<\/p>\r\n          <div class=\"btn prodnav\">D\u00e9couvrir l'assortiment<\/div>\r\n        <\/div>\r\n      <\/a>\r\n      <a href=\"https:\/\/objektmobiliar.ch\/fr\/meubles\/meubles-dexterieur-maisons-de-retraite\/fauteuil-de-jardin-en-rotin\/\" class=\"elmnt-prodnav w-inline-block\">\r\n        <div class=\"prodnav-imgcnt\"><img decoding=\"async\" src=\"https:\/\/objektmobiliar.ch\/wp-content\/uploads\/2023\/10\/california.jpg\" loading=\"lazy\" alt=\"Confortable fauteuil de jardin en rotin\" class=\"pageteaser-img\"><\/div>\r\n        <div class=\"pagenav-type\">\r\n          <p class=\"txt-pagenav prodnav\">Fauteuil de jardin California<\/p>\r\n          <div class=\"btn prodnav\">D\u00e9couvrir l'assortiment<\/div>\r\n        <\/div>\r\n      <\/a>\r\n      <a href=\"https:\/\/objektmobiliar.ch\/fr\/meubles\/meubles-dexterieur-maisons-de-retraite\/chaise-de-jardin-en-rotin-synthetique\/\" class=\"elmnt-prodnav w-inline-block\">\r\n        <div class=\"prodnav-imgcnt\"><img decoding=\"async\" src=\"https:\/\/objektmobiliar.ch\/wp-content\/uploads\/2023\/10\/ibiza.jpg\" loading=\"lazy\" alt=\"Chaise Ibiza\" class=\"pageteaser-img\"><\/div>\r\n        <div class=\"pagenav-type\">\r\n          <p class=\"txt-pagenav prodnav\">Chaise de jardin Ibiza<\/p>\r\n          <div class=\"btn prodnav\">D\u00e9couvrir l'assortiment<\/div>\r\n        <\/div>\r\n      <\/a>\r\n      <a href=\"https:\/\/objektmobiliar.ch\/fr\/meubles\/meubles-dexterieur-maisons-de-retraite\/chaise-alu-terrasse-balcon\/\" class=\"elmnt-prodnav w-inline-block\">\r\n        <div class=\"prodnav-imgcnt\"><img decoding=\"async\" src=\"https:\/\/objektmobiliar.ch\/wp-content\/uploads\/2023\/10\/lorana-stuhl.jpg\" loading=\"lazy\" alt=\"Meubles de jardin pour maisons de soins\" class=\"pageteaser-img\"><\/div>\r\n        <div class=\"pagenav-type\">\r\n          <p class=\"txt-pagenav prodnav\">Chaise de jardin Lorana<\/p>\r\n          <div class=\"btn prodnav\">D\u00e9couvrir l'assortiment<\/div>\r\n        <\/div>\r\n      <\/a>\r\n      <a href=\"https:\/\/objektmobiliar.ch\/fr\/meubles\/meubles-dexterieur-maisons-de-retraite\/chaise-en-alu-avec-toile\/\" class=\"elmnt-prodnav w-inline-block\">\r\n        <div class=\"prodnav-imgcnt\"><img decoding=\"async\" src=\"https:\/\/objektmobiliar.ch\/wp-content\/uploads\/2025\/03\/Alu-Stuhl-mit-wetterfester-Bespannung.jpg\" loading=\"lazy\" alt=\"\" class=\"pageteaser-img\"><\/div>\r\n        <div class=\"pagenav-type\">\r\n          <p class=\"txt-pagenav prodnav\">Chaise de jardin Cortana<\/p>\r\n          <div class=\"btn prodnav\">D\u00e9couvrir l'assortiment<\/div>\r\n        <\/div>\r\n      <\/a>\r\n      <a href=\"https:\/\/objektmobiliar.ch\/fr\/meubles\/meubles-dexterieur-maisons-de-retraite\/chaise-de-jardin-en-fer-forge\/\" class=\"elmnt-prodnav w-inline-block\">\r\n        <div class=\"prodnav-imgcnt\"><img decoding=\"async\" src=\"https:\/\/objektmobiliar.ch\/wp-content\/uploads\/2025\/03\/Eleganter-Gartenstuhl-Worb-1.jpg\" loading=\"lazy\" alt=\"\" class=\"pageteaser-img\"><\/div>\r\n        <div class=\"pagenav-type\">\r\n          <p class=\"txt-pagenav prodnav\">Chaise de jardin Worb<\/p>\r\n          <div class=\"btn prodnav\">D\u00e9couvrir l'assortiment<\/div>\r\n        <\/div>\r\n      <\/a>\r\n      <a href=\"https:\/\/objektmobiliar.ch\/fr\/meubles\/meubles-dexterieur-maisons-de-retraite\/chaise-de-jardin-coloree\/\" class=\"elmnt-prodnav w-inline-block\">\r\n        <div class=\"prodnav-imgcnt\"><img decoding=\"async\" src=\"https:\/\/objektmobiliar.ch\/wp-content\/uploads\/2025\/03\/Moderner-farbenfroher-Gartenstuhl-1.jpg\" loading=\"lazy\" alt=\"\" class=\"pageteaser-img\"><\/div>\r\n        <div class=\"pagenav-type\">\r\n          <p class=\"txt-pagenav prodnav\">Chaise de jardin S\u00e9rie Paris<\/p>\r\n          <div class=\"btn prodnav\">D\u00e9couvrir l'assortiment<\/div>\r\n        <\/div>\r\n      <\/a>\r\n      <a href=\"https:\/\/objektmobiliar.ch\/fr\/meubles\/meubles-dexterieur-maisons-de-retraite\/chaise-alu-terrasse-balcon\/\" class=\"elmnt-prodnav w-inline-block\">\r\n        <div class=\"prodnav-imgcnt\"><img decoding=\"async\" src=\"https:\/\/objektmobiliar.ch\/wp-content\/uploads\/2025\/03\/Zweisitzer-Gartenbank-Lorana.jpg\" loading=\"lazy\" alt=\"\" class=\"pageteaser-img\"><\/div>\r\n        <div class=\"pagenav-type\">\r\n          <p class=\"txt-pagenav prodnav\">Banc de jardin Lorana<\/p>\r\n          <div class=\"btn prodnav\">D\u00e9couvrir l'assortiment<\/div>\r\n        <\/div>\r\n      <\/a>\r\n      <a href=\"https:\/\/objektmobiliar.ch\/fr\/meubles\/meubles-dexterieur-maisons-de-retraite\/chaise-alu-terrasse-balcon\/\" class=\"elmnt-prodnav w-inline-block\">\r\n        <div class=\"prodnav-imgcnt\"><img decoding=\"async\" src=\"https:\/\/objektmobiliar.ch\/wp-content\/uploads\/2025\/03\/Wetterfester-Garten-Barhocker-Lorana.jpg\" loading=\"lazy\" alt=\"\" class=\"pageteaser-img\"><\/div>\r\n        <div class=\"pagenav-type\">\r\n          <p class=\"txt-pagenav prodnav\">Jardin Tabouret de bar Lorana<\/p>\r\n          <div class=\"btn prodnav\">D\u00e9couvrir l'assortiment<\/div>\r\n        <\/div>\r\n      <\/a>\r\n      <a href=\"https:\/\/objektmobiliar.ch\/fr\/meubles\/meubles-dexterieur-maisons-de-retraite\/bain-de-soleil-empilable\/\" class=\"elmnt-prodnav w-inline-block\">\r\n        <div class=\"prodnav-imgcnt\"><img decoding=\"async\" src=\"https:\/\/objektmobiliar.ch\/wp-content\/uploads\/2025\/03\/Stapelbare-Leichte-Sonnenliege.jpg\" loading=\"lazy\" alt=\"\" class=\"pageteaser-img\"><\/div>\r\n        <div class=\"pagenav-type\">\r\n          <p class=\"txt-pagenav prodnav\">Bain de soleil Flums<\/p>\r\n          <div class=\"btn prodnav\">D\u00e9couvrir l'assortiment<\/div>\r\n        <\/div>\r\n      <\/a>\r\n      \r\n    <\/div>\r\n    <div class=\"center\">\r\n    <\/div>\r\n  <\/div>\r\n<\/section><\/div>\n\n<div class=\"lazyblock-text-modul-ozg-Z1lrP7a wp-block-lazyblock-text-modul-ozg\"><section class=\"sct\">\r\n      <div class=\"cnt narrow\">\r\n        <div class=\"w-richtext\">\r\n            <h2>Meubles de jardin, de terrasse et de balcon<\/h2>\n<h3>Mobilier d'ext\u00e9rieur pour les maisons de soins et les centres de sant\u00e9<\/h3>\n<p>Qu'il s'agisse d'un jardin, d'une terrasse ou d'un balcon, conf\u00e9rez une ambiance chaleureuse aux espaces ext\u00e9rieurs de votre \u00e9tablissement gr\u00e2ce \u00e0 notre vaste gamme de mobilier d'ext\u00e9rieur pour maisons de soins et centres de sant\u00e9. Des zones d'assise accueillantes attirent les r\u00e9sidents, les patients, les invit\u00e9s et les collaborateurs \u00e0 l'ext\u00e9rieur et garantissent des moments de d\u00e9tente en plein air. Le meilleur confort d'assise invite \u00e0 la d\u00e9tente.<\/p>\n<h3>Entretien facile, robuste et r\u00e9sistant aux intemp\u00e9ries<\/h3>\n<p>Toutes les chaises et tables d'ext\u00e9rieur r\u00e9pondent aux besoins sp\u00e9cifiques du mobilier de collectivit\u00e9 dans les \u00e9tablissements de soins. Nos chaises pour l'ext\u00e9rieur sont disponibles avec une hauteur d'assise adapt\u00e9e aux soins, des accoudoirs, des coins et des bords arrondis. Les tables sont, entre autres, facilement accessibles en fauteuil roulant.<\/p>\n<p>Seuls des mat\u00e9riaux particuli\u00e8rement robustes et r\u00e9sistants aux intemp\u00e9ries sont utilis\u00e9s pour la fabrication des meubles d'ext\u00e9rieur, qui sont en outre faciles \u00e0 nettoyer et \u00e0 entretenir. Les tables et les chaises d'ext\u00e9rieur r\u00e9sistent ainsi aux diff\u00e9rentes intemp\u00e9ries. Elles sont en outre parfaitement adapt\u00e9es aux charges et sollicitations les plus diverses dans les maisons de soins, les centres pour personnes \u00e2g\u00e9es et autres \u00e9tablissements de sant\u00e9.<\/p>\n<h3>Un excellent service autour du mobilier d'ext\u00e9rieur pour les maisons de soins<\/h3>\n<p>Chez OZG, nous vous accompagnons de la premi\u00e8re id\u00e9e \u00e0 la r\u00e9alisation finale. Nos experts concilient vos souhaits avec les exigences l\u00e9gales des autorit\u00e9s et des services publics, vous conseillent sur les mod\u00e8les de meubles adapt\u00e9s et sur les solutions appropri\u00e9es. <a href=\"https:\/\/objektmobiliar.ch\/fr\/inspiration\/materiaux-et-couleurs\/\">Mat\u00e9riaux<\/a>. Jusqu'\u00e0 la livraison, vous n'avez qu'\u00e0 vous d\u00e9tendre. Nous nous chargeons de la fabrication de vos meubles, veillons \u00e0 ce que les d\u00e9lais soient parfaitement respect\u00e9s et assurons, si n\u00e9cessaire, la coordination avec les planificateurs et les autres personnes impliqu\u00e9es.<\/p>\r\n        <\/div>\r\n      <\/div>\r\n    <\/section><\/div>\n\n\n<p><\/p>","protected":false},"excerpt":{"rendered":"<p>Pour meubler des espaces ext\u00e9rieurs attrayants, la gamme OZG vous propose une grande vari\u00e9t\u00e9 de meubles d'ext\u00e9rieur pour les maisons de soins et les centres de sant\u00e9. Qu'il s'agisse d'un jardin, d'une terrasse ou d'un balcon, assurez une ambiance agr\u00e9able et un confort optimal pour vos r\u00e9sidents, patients, h\u00f4tes et collaborateurs.<\/p>","protected":false},"author":2,"featured_media":4851,"parent":207,"menu_order":0,"comment_status":"closed","ping_status":"closed","template":"","meta":{"advgb_blocks_editor_width":"","advgb_blocks_columns_visual_guide":"","footnotes":""},"class_list":["post-749","page","type-page","status-publish","has-post-thumbnail","hentry"],"yoast_head":"<!-- This site is optimized with the Yoast SEO plugin v27.4 - https:\/\/yoast.com\/product\/yoast-seo-wordpress\/ -->\n<title>Outdoor M\u00f6bel f\u00fcr Pflegeheime und Gesundheitszentren<\/title>\n<meta name=\"description\" content=\"Garten-, Terrassen- und Balkonm\u00f6bel - Outdoor M\u00f6bel f\u00fcr Pflegeheime und Gesundheitszentren sowie Aussenbereiche anderer Einrichtungen.\" \/>\n<meta name=\"robots\" content=\"index, follow, max-snippet:-1, max-image-preview:large, max-video-preview:-1\" \/>\n<link rel=\"canonical\" href=\"https:\/\/objektmobiliar.ch\/fr\/meubles\/meubles-dexterieur-maisons-de-retraite\/\" \/>\n<meta property=\"og:locale\" content=\"fr_FR\" \/>\n<meta property=\"og:type\" content=\"article\" \/>\n<meta property=\"og:title\" content=\"Outdoor M\u00f6bel f\u00fcr Pflegeheime und Gesundheitszentren\" \/>\n<meta property=\"og:description\" content=\"Garten-, Terrassen- und Balkonm\u00f6bel - Outdoor M\u00f6bel f\u00fcr Pflegeheime und Gesundheitszentren sowie Aussenbereiche anderer Einrichtungen.\" \/>\n<meta property=\"og:url\" content=\"https:\/\/objektmobiliar.ch\/fr\/meubles\/meubles-dexterieur-maisons-de-retraite\/\" \/>\n<meta property=\"og:site_name\" content=\"OZG HEALTHCARE\" \/>\n<meta property=\"article:modified_time\" content=\"2026-03-05T08:55:33+00:00\" \/>\n<meta property=\"og:image\" content=\"https:\/\/objektmobiliar.ch\/wp-content\/uploads\/2025\/01\/010_MS1_8627-scaled.jpg\" \/>\n\t<meta property=\"og:image:width\" content=\"2560\" \/>\n\t<meta property=\"og:image:height\" content=\"1708\" \/>\n\t<meta property=\"og:image:type\" content=\"image\/jpeg\" \/>\n<meta name=\"twitter:card\" content=\"summary_large_image\" \/>\n<meta name=\"twitter:label1\" content=\"Dur\u00e9e de lecture estim\u00e9e\" \/>\n\t<meta name=\"twitter:data1\" content=\"6 minutes\" \/>\n<script type=\"application\/ld+json\" class=\"yoast-schema-graph\">{\"@context\":\"https:\\\/\\\/schema.org\",\"@graph\":[{\"@type\":\"WebPage\",\"@id\":\"https:\\\/\\\/objektmobiliar.ch\\\/moebel\\\/outdoor-moebel-pflegeheime\\\/\",\"url\":\"https:\\\/\\\/objektmobiliar.ch\\\/moebel\\\/outdoor-moebel-pflegeheime\\\/\",\"name\":\"Outdoor M\u00f6bel f\u00fcr Pflegeheime und Gesundheitszentren\",\"isPartOf\":{\"@id\":\"https:\\\/\\\/objektmobiliar.ch\\\/#website\"},\"primaryImageOfPage\":{\"@id\":\"https:\\\/\\\/objektmobiliar.ch\\\/moebel\\\/outdoor-moebel-pflegeheime\\\/#primaryimage\"},\"image\":{\"@id\":\"https:\\\/\\\/objektmobiliar.ch\\\/moebel\\\/outdoor-moebel-pflegeheime\\\/#primaryimage\"},\"thumbnailUrl\":\"https:\\\/\\\/objektmobiliar.ch\\\/wp-content\\\/uploads\\\/2025\\\/01\\\/010_MS1_8627-scaled.jpg\",\"datePublished\":\"2023-10-17T17:35:36+00:00\",\"dateModified\":\"2026-03-05T08:55:33+00:00\",\"description\":\"Garten-, Terrassen- und Balkonm\u00f6bel - Outdoor M\u00f6bel f\u00fcr Pflegeheime und Gesundheitszentren sowie Aussenbereiche anderer Einrichtungen.\",\"breadcrumb\":{\"@id\":\"https:\\\/\\\/objektmobiliar.ch\\\/moebel\\\/outdoor-moebel-pflegeheime\\\/#breadcrumb\"},\"inLanguage\":\"fr-FR\",\"potentialAction\":[{\"@type\":\"ReadAction\",\"target\":[\"https:\\\/\\\/objektmobiliar.ch\\\/moebel\\\/outdoor-moebel-pflegeheime\\\/\"]}]},{\"@type\":\"ImageObject\",\"inLanguage\":\"fr-FR\",\"@id\":\"https:\\\/\\\/objektmobiliar.ch\\\/moebel\\\/outdoor-moebel-pflegeheime\\\/#primaryimage\",\"url\":\"https:\\\/\\\/objektmobiliar.ch\\\/wp-content\\\/uploads\\\/2025\\\/01\\\/010_MS1_8627-scaled.jpg\",\"contentUrl\":\"https:\\\/\\\/objektmobiliar.ch\\\/wp-content\\\/uploads\\\/2025\\\/01\\\/010_MS1_8627-scaled.jpg\",\"width\":2560,\"height\":1708},{\"@type\":\"BreadcrumbList\",\"@id\":\"https:\\\/\\\/objektmobiliar.ch\\\/moebel\\\/outdoor-moebel-pflegeheime\\\/#breadcrumb\",\"itemListElement\":[{\"@type\":\"ListItem\",\"position\":1,\"name\":\"Startseite\",\"item\":\"https:\\\/\\\/objektmobiliar.ch\\\/\"},{\"@type\":\"ListItem\",\"position\":2,\"name\":\"M\u00f6bel\",\"item\":\"https:\\\/\\\/objektmobiliar.ch\\\/moebel\\\/\"},{\"@type\":\"ListItem\",\"position\":3,\"name\":\"Gartenm\u00f6bel\"}]},{\"@type\":\"WebSite\",\"@id\":\"https:\\\/\\\/objektmobiliar.ch\\\/#website\",\"url\":\"https:\\\/\\\/objektmobiliar.ch\\\/\",\"name\":\"OZG HEALTHCARE\",\"description\":\"Objektmobiliar f\u00fcr Pflege, B\u00fcro, Praxis &amp; Hotellerie\",\"potentialAction\":[{\"@type\":\"SearchAction\",\"target\":{\"@type\":\"EntryPoint\",\"urlTemplate\":\"https:\\\/\\\/objektmobiliar.ch\\\/?s={search_term_string}\"},\"query-input\":{\"@type\":\"PropertyValueSpecification\",\"valueRequired\":true,\"valueName\":\"search_term_string\"}}],\"inLanguage\":\"fr-FR\"}]}<\/script>\n<!-- \/ Yoast SEO plugin. -->","yoast_head_json":{"title":"Mobilier d'ext\u00e9rieur pour les maisons de soins et les centres de sant\u00e9","description":"Meubles de jardin, de terrasse et de balcon - Mobilier d'ext\u00e9rieur pour les maisons de soins et les centres de sant\u00e9 ainsi que les espaces ext\u00e9rieurs d'autres institutions.","robots":{"index":"index","follow":"follow","max-snippet":"max-snippet:-1","max-image-preview":"max-image-preview:large","max-video-preview":"max-video-preview:-1"},"canonical":"https:\/\/objektmobiliar.ch\/fr\/meubles\/meubles-dexterieur-maisons-de-retraite\/","og_locale":"fr_FR","og_type":"article","og_title":"Outdoor M\u00f6bel f\u00fcr Pflegeheime und Gesundheitszentren","og_description":"Garten-, Terrassen- und Balkonm\u00f6bel - Outdoor M\u00f6bel f\u00fcr Pflegeheime und Gesundheitszentren sowie Aussenbereiche anderer Einrichtungen.","og_url":"https:\/\/objektmobiliar.ch\/fr\/meubles\/meubles-dexterieur-maisons-de-retraite\/","og_site_name":"OZG HEALTHCARE","article_modified_time":"2026-03-05T08:55:33+00:00","og_image":[{"width":2560,"height":1708,"url":"https:\/\/objektmobiliar.ch\/wp-content\/uploads\/2025\/01\/010_MS1_8627-scaled.jpg","type":"image\/jpeg"}],"twitter_card":"summary_large_image","twitter_misc":{"Dur\u00e9e de lecture estim\u00e9e":"6 minutes"},"schema":{"@context":"https:\/\/schema.org","@graph":[{"@type":"WebPage","@id":"https:\/\/objektmobiliar.ch\/moebel\/outdoor-moebel-pflegeheime\/","url":"https:\/\/objektmobiliar.ch\/moebel\/outdoor-moebel-pflegeheime\/","name":"Mobilier d'ext\u00e9rieur pour les maisons de soins et les centres de sant\u00e9","isPartOf":{"@id":"https:\/\/objektmobiliar.ch\/#website"},"primaryImageOfPage":{"@id":"https:\/\/objektmobiliar.ch\/moebel\/outdoor-moebel-pflegeheime\/#primaryimage"},"image":{"@id":"https:\/\/objektmobiliar.ch\/moebel\/outdoor-moebel-pflegeheime\/#primaryimage"},"thumbnailUrl":"https:\/\/objektmobiliar.ch\/wp-content\/uploads\/2025\/01\/010_MS1_8627-scaled.jpg","datePublished":"2023-10-17T17:35:36+00:00","dateModified":"2026-03-05T08:55:33+00:00","description":"Meubles de jardin, de terrasse et de balcon - Mobilier d'ext\u00e9rieur pour les maisons de soins et les centres de sant\u00e9 ainsi que les espaces ext\u00e9rieurs d'autres institutions.","breadcrumb":{"@id":"https:\/\/objektmobiliar.ch\/moebel\/outdoor-moebel-pflegeheime\/#breadcrumb"},"inLanguage":"fr-FR","potentialAction":[{"@type":"ReadAction","target":["https:\/\/objektmobiliar.ch\/moebel\/outdoor-moebel-pflegeheime\/"]}]},{"@type":"ImageObject","inLanguage":"fr-FR","@id":"https:\/\/objektmobiliar.ch\/moebel\/outdoor-moebel-pflegeheime\/#primaryimage","url":"https:\/\/objektmobiliar.ch\/wp-content\/uploads\/2025\/01\/010_MS1_8627-scaled.jpg","contentUrl":"https:\/\/objektmobiliar.ch\/wp-content\/uploads\/2025\/01\/010_MS1_8627-scaled.jpg","width":2560,"height":1708},{"@type":"BreadcrumbList","@id":"https:\/\/objektmobiliar.ch\/moebel\/outdoor-moebel-pflegeheime\/#breadcrumb","itemListElement":[{"@type":"ListItem","position":1,"name":"Startseite","item":"https:\/\/objektmobiliar.ch\/"},{"@type":"ListItem","position":2,"name":"M\u00f6bel","item":"https:\/\/objektmobiliar.ch\/moebel\/"},{"@type":"ListItem","position":3,"name":"Gartenm\u00f6bel"}]},{"@type":"WebSite","@id":"https:\/\/objektmobiliar.ch\/#website","url":"https:\/\/objektmobiliar.ch\/","name":"OZG HEALTHCARE","description":"Mobilier de collectivit\u00e9 pour les soins, les bureaux, les cabinets m\u00e9dicaux et l'h\u00f4tellerie","potentialAction":[{"@type":"SearchAction","target":{"@type":"EntryPoint","urlTemplate":"https:\/\/objektmobiliar.ch\/?s={search_term_string}"},"query-input":{"@type":"PropertyValueSpecification","valueRequired":true,"valueName":"search_term_string"}}],"inLanguage":"fr-FR"}]}},"coauthors":[],"author_meta":{"author_link":"https:\/\/objektmobiliar.ch\/fr\/author\/alex\/","display_name":"Alex"},"relative_dates":{"created":"Publi\u00e9 3 ans il y a","modified":"Mis \u00e0 jour 1 mois il y a"},"absolute_dates":{"created":"Publi\u00e9 le octobre 17, 2023","modified":"Mise \u00e0 jour le mars 5, 2026"},"absolute_dates_time":{"created":"Publi\u00e9 le octobre 17, 2023 5:35 pm","modified":"Mise \u00e0 jour le mars 5, 2026 8:55 am"},"featured_img_caption":"","featured_img":"https:\/\/objektmobiliar.ch\/wp-content\/uploads\/2025\/01\/010_MS1_8627-825x510.jpg","series_order":"","_links":{"self":[{"href":"https:\/\/objektmobiliar.ch\/fr\/wp-json\/wp\/v2\/pages\/749","targetHints":{"allow":["GET"]}}],"collection":[{"href":"https:\/\/objektmobiliar.ch\/fr\/wp-json\/wp\/v2\/pages"}],"about":[{"href":"https:\/\/objektmobiliar.ch\/fr\/wp-json\/wp\/v2\/types\/page"}],"author":[{"embeddable":true,"href":"https:\/\/objektmobiliar.ch\/fr\/wp-json\/wp\/v2\/users\/2"}],"replies":[{"embeddable":true,"href":"https:\/\/objektmobiliar.ch\/fr\/wp-json\/wp\/v2\/comments?post=749"}],"version-history":[{"count":39,"href":"https:\/\/objektmobiliar.ch\/fr\/wp-json\/wp\/v2\/pages\/749\/revisions"}],"predecessor-version":[{"id":5907,"href":"https:\/\/objektmobiliar.ch\/fr\/wp-json\/wp\/v2\/pages\/749\/revisions\/5907"}],"up":[{"embeddable":true,"href":"https:\/\/objektmobiliar.ch\/fr\/wp-json\/wp\/v2\/pages\/207"}],"wp:featuredmedia":[{"embeddable":true,"href":"https:\/\/objektmobiliar.ch\/fr\/wp-json\/wp\/v2\/media\/4851"}],"wp:attachment":[{"href":"https:\/\/objektmobiliar.ch\/fr\/wp-json\/wp\/v2\/media?parent=749"}],"curies":[{"name":"wp","href":"https:\/\/api.w.org\/{rel}","templated":true}]}}