{"id":740,"date":"2023-10-16T22:50:22","date_gmt":"2023-10-16T22:50:22","guid":{"rendered":"https:\/\/dev.objektmobiliar.ch\/?page_id=740"},"modified":"2024-08-22T11:02:35","modified_gmt":"2024-08-22T11:02:35","slug":"tables-extensibles-pour-maisons-de-retraite","status":"publish","type":"page","link":"https:\/\/objektmobiliar.ch\/fr\/moebel\/pflegegerechte-tische\/ausziehbare-tische-fuer-pflegeheim\/","title":{"rendered":"Tables \u00e0 rallonges"},"content":{"rendered":"<div class=\"lazyblock-produkt-detail-ozg-Z2vfujk wp-block-lazyblock-produkt-detail-ozg\"><section class=\"sct\">\r\n      <div class=\"cnt\">\r\n        <div class=\"elmnt-product-desc\">\r\n          <div class=\"product-desc-box\"><img decoding=\"async\" src=\"https:\/\/objektmobiliar.ch\/wp-content\/uploads\/2023\/10\/ausziehtisch-typ-11.jpg\" loading=\"lazy\" alt=\"\" class=\"product-desc-img\"><\/div>\r\n          <div class=\"product-desc-txt\">\r\n            <h1 class=\"txt-product-headline\">Tables extensibles pour maisons de soins<\/h1>\r\n            <h2 class=\"txt-product-subline\">S'ADAPTENT \u00c0 TOUS LES BESOINS - NOS TABLES GIGOGNES AUX FORMES PARFAITES.<\/h2>\r\n            <div class=\"w-richtext\">\r\n              <p>Nos tables extensibles confortables sont disponibles en diff\u00e9rents mod\u00e8les. Pour les locaux du personnel ou les espaces de vie et de repas - partout o\u00f9 les tables doivent \u00eatre utilis\u00e9es de mani\u00e8re flexible.<\/p>\r\n            <\/div>\r\n            <a onclick=\"splite_loader();\" class=\"btn\">Demander un produit<\/a>\r\n          <\/div>\r\n        <\/div>\r\n      <\/div>\r\n    <\/section><\/div>\n\n<div class=\"lazyblock-produkt-slider-ozg-2cMqTf wp-block-lazyblock-produkt-slider-ozg\"><section class=\"sct\">\r\n  <div class=\"cnt semi\">\r\n    <div class=\"intro-txt\">\r\n        <h2>Mod\u00e8les et versions<\/h2>\r\n    <\/div>\r\n    \r\n    <div class=\"elmnt-similar-products\">\r\n      <div class=\"similar-product\"><img decoding=\"async\" src=\"https:\/\/objektmobiliar.ch\/wp-content\/uploads\/2023\/10\/ausziehtisch-typ-20-detail.jpg\" loading=\"eager\" alt=\"Tables de salle \u00e0 manger extensibles\" class=\"similar-product-img\">\r\n        <div class=\"center\">\r\n          <div class=\"w-richtext\">\r\n            <p><strong>Table \u00e0 rallonge type 20,<\/strong><br>R\u00e9f. 211-1403\/S :<br>200 - 278 x 100 cm<\/p>\r\n          <\/div>\r\n          \r\n        <\/div>\r\n      <\/div>\r\n      <div class=\"similar-product\"><img decoding=\"async\" src=\"https:\/\/objektmobiliar.ch\/wp-content\/uploads\/2023\/10\/ausziehtisch-typ-20.jpg\" loading=\"eager\" alt=\"Tables de salle \u00e0 manger extensibles\" class=\"similar-product-img\">\r\n        <div class=\"center\">\r\n          <div class=\"w-richtext\">\r\n            <p><strong>Table \u00e0 rallonge type 20,<\/strong><br>R\u00e9f. 211-1403\/S :<br>200 - 278 x 100 cm<\/p>\r\n          <\/div>\r\n          \r\n        <\/div>\r\n      <\/div>\r\n      <div class=\"similar-product\"><img decoding=\"async\" src=\"https:\/\/objektmobiliar.ch\/wp-content\/uploads\/2023\/10\/ausziehtisch-3.jpg\" loading=\"eager\" alt=\"Tables de salle \u00e0 manger extensibles\" class=\"similar-product-img\">\r\n        <div class=\"center\">\r\n          <div class=\"w-richtext\">\r\n            <p><strong>Table \u00e0 rallonge type 20,<\/strong><br>R\u00e9f. 211-1403\/S :<br>200 - 278 x 100 cm<\/p>\r\n          <\/div>\r\n          \r\n        <\/div>\r\n      <\/div>\r\n      <div class=\"similar-product\"><img decoding=\"async\" src=\"https:\/\/objektmobiliar.ch\/wp-content\/uploads\/2023\/10\/ausziehtisch-typ-11-02.jpg\" loading=\"eager\" alt=\"Tables de salle \u00e0 manger extensibles\" class=\"similar-product-img\">\r\n        <div class=\"center\">\r\n          <div class=\"w-richtext\">\r\n            <p><strong>Table \u00e0 rallonge type 11,<\/strong><br>R\u00e9f. 211-1404\/S :<br>183 - 275 x 100 cm<\/p>\r\n          <\/div>\r\n          \r\n        <\/div>\r\n      <\/div>\r\n      <div class=\"similar-product\"><img decoding=\"async\" src=\"https:\/\/objektmobiliar.ch\/wp-content\/uploads\/2023\/10\/ausziehtisch-typ-11-03.jpg\" loading=\"eager\" alt=\"Tables de salle \u00e0 manger extensibles\" class=\"similar-product-img\">\r\n        <div class=\"center\">\r\n          <div class=\"w-richtext\">\r\n            <p><strong>Table \u00e0 rallonge type 11,<\/strong><br>R\u00e9f. 211-1404\/S :<br>183 - 275 x 100 cm<\/p>\r\n          <\/div>\r\n          \r\n        <\/div>\r\n      <\/div>\r\n      <div class=\"similar-product\"><img decoding=\"async\" src=\"https:\/\/objektmobiliar.ch\/wp-content\/uploads\/2023\/10\/ausziehtisch-2.jpg\" loading=\"eager\" alt=\"Tables de salle \u00e0 manger extensibles\" class=\"similar-product-img\">\r\n        <div class=\"center\">\r\n          <div class=\"w-richtext\">\r\n            <p><strong>Table \u00e0 rallonge type 11,<\/strong><br>R\u00e9f. 211-1404\/S :<br>183 - 275 x 100 cm<\/p>\r\n          <\/div>\r\n          \r\n        <\/div>\r\n      <\/div>\r\n    <\/div>\r\n  <\/div>\r\n  \r\n  <div class=\"cnt narrow\">\r\n    <div class=\"similar-products-nav-pos\">\r\n      <div class=\"w-embed\">\r\n        \r\n      <\/div>\r\n    <\/div>\r\n  <\/div>\r\n<\/section><\/div>\n\n\n<div class=\"wp-block-group\"><div class=\"wp-block-group__inner-container is-layout-constrained wp-block-group-is-layout-constrained\"><section class=\"sct\">\r\n      <div class=\"cnt narrow\">\r\n        <div class=\"introtxt\">\r\n        <div class=\"w-richtext\">\r\n            <h2>Description du produit<\/h2>\r\n        <\/div>\r\n        <\/div>\r\n        \r\n          \n\n\n<figure class=\"wp-block-table is-style-regular\"><table><thead><tr><th>Art. No.<\/th><th>Description<\/th><\/tr><\/thead><tbody><tr><td>211-1404\/S<\/td><td>Table \u00e0 rallonge type 11, 183-275\u00d7100 cm<\/td><\/tr><tr><td>211-1403\/S<\/td><td>Table \u00e0 rallonge type 20, 200-278\u00d7100 cm<\/td><\/tr><\/tbody><\/table><\/figure>\n\n\n<\/div><\/section><\/div><\/div>\n\n\n<div class=\"lazyblock-text-modul-ozg-pYWuO wp-block-lazyblock-text-modul-ozg\"><section class=\"sct\">\r\n      <div class=\"cnt narrow\">\r\n        <div class=\"w-richtext\">\r\n            <h3>Tables extensibles pour les maisons de soins : Adaptabilit\u00e9 pour une utilisation polyvalente<\/h3>\n<p>Nos tables extensibles offrent une excellente solution pour les maisons de soins o\u00f9 la flexibilit\u00e9 et l'adaptabilit\u00e9 sont particuli\u00e8rement n\u00e9cessaires. Ces tables s'adaptent facilement \u00e0 diff\u00e9rents besoins, que ce soit pour les salles du personnel, les salons ou les salles \u00e0 manger. Gr\u00e2ce \u00e0 leur fonction extensible, elles peuvent \u00eatre rapidement agrandies ou r\u00e9duites pour r\u00e9pondre \u00e0 diff\u00e9rentes situations, qu'il s'agisse de repas communs ou d'activit\u00e9s sp\u00e9ciales.<\/p>\n<h3>Tables extensibles pour maisons de soins : formes et designs vari\u00e9s<\/h3>\n<p>Nos tables \u00e0 rallonge sont disponibles dans des formes \u00e9l\u00e9gantes et intemporelles qui s'int\u00e8grent parfaitement dans tous les environnements. Choisissez entre des tables ovales ou carr\u00e9es, toutes deux dot\u00e9es de pieds l\u00e9g\u00e8rement \u00e9vas\u00e9s pour garantir stabilit\u00e9 et style. Ces designs permettent non seulement un aspect attrayant, mais aussi une utilisation pratique, car ils s'int\u00e8grent parfaitement dans l'am\u00e9nagement des maisons de soins.<\/p>\n<h3>Tables extensibles pour maisons de soins : stabilit\u00e9 et confort au quotidien<\/h3>\n<p>Les tables extensibles pour maisons de repos offrent non seulement une utilisation flexible, mais aussi une grande stabilit\u00e9 et un grand confort. La construction robuste garantit que les tables r\u00e9sistent aux exigences quotidiennes des maisons de soins. De plus, la facilit\u00e9 d'utilisation facilite l'ajustement de la taille de la table, de sorte qu'elle puisse toujours \u00eatre utilis\u00e9e de mani\u00e8re optimale en fonction des diff\u00e9rents besoins et de la configuration de la pi\u00e8ce. Choisissez parmi diff\u00e9rents <a href=\"https:\/\/objektmobiliar.ch\/fr\/inspiration\/materiaux-et-couleurs\/\">Couleurs et teintes<\/a> le design qui s'adapte parfaitement \u00e0 votre int\u00e9rieur.<\/p>\r\n        <\/div>\r\n      <\/div>\r\n    <\/section><\/div><style class=\"advgb-styles-renderer\">\r\n            .similar-products-nav li {\r\n              overflow: hidden;\r\n              margin: 0px !important;\r\n              flex-grow: 0 !important;\r\n              flex-shrink: 1 !important;\r\n              flex-basis: 12.5% !important;\r\n              border-style: solid;\r\n              border-width: 2px;\r\n              border-color: transparent;\r\n              border-radius: 8px;\r\n              transition-property: border-color;\r\n              transition-duration: 600ms;\r\n              transition-timing-function: ease;\r\n              cursor: pointer;\r\n            }\r\n            .similar-products-nav li.slick-active {\r\n              border-color: #dde7ef;\r\n            }\r\n            @media screen and (max-width:767px) {\r\n              .similar-products-nav li {\r\n                flex-basis: auto !important;\r\n                border-radius: 8px;\r\n                padding-top: 8px;\r\n                padding-right: 16px;\r\n                padding-bottom: 6px;\r\n                padding-left: 16px;\r\n              }\r\n              .similar-products-nav li.slick-active {\r\n                background-color: #dde7ef;\r\n                transition-property: background-color, border-color;\r\n                transition-duration: 600ms, 200ms;\r\n                transition-timing-function: ease, ease;\r\n                color: #426b8a;\r\n              }\r\n            }\r\n          <\/style>","protected":false},"excerpt":{"rendered":"<p>Unsere wohnliche Ausziehtische sind in verschiedenen Ausf\u00fchrungen erh\u00e4ltlich. F\u00fcr Personalr\u00e4ume oder Wohn- und Essbereiche \u2013 \u00fcberall da, wo Tische flexibel genutzt werden sollen.<\/p>","protected":false},"author":2,"featured_media":744,"parent":640,"menu_order":0,"comment_status":"closed","ping_status":"closed","template":"","meta":{"advgb_blocks_editor_width":"","advgb_blocks_columns_visual_guide":"","footnotes":""},"class_list":["post-740","page","type-page","status-publish","has-post-thumbnail","hentry"],"yoast_head":"<!-- This site is optimized with the Yoast SEO plugin v27.4 - https:\/\/yoast.com\/product\/yoast-seo-wordpress\/ -->\n<title>Ausziehbare Tische f\u00fcr Pflegeheime bei OZG<\/title>\n<meta name=\"description\" content=\"Ausziehbare Tische f\u00fcr Pflegeheime sind in eleganten, zeitlosen Formen erh\u00e4ltlich, die sich perfekt in jede Umgebung einf\u00fcgen.\" \/>\n<meta name=\"robots\" content=\"index, follow, max-snippet:-1, max-image-preview:large, max-video-preview:-1\" \/>\n<link rel=\"canonical\" href=\"https:\/\/objektmobiliar.ch\/fr\/meubles\/tables-adaptees-aux-soins\/tables-extensibles-pour-maisons-de-retraite\/\" \/>\n<meta property=\"og:locale\" content=\"fr_FR\" \/>\n<meta property=\"og:type\" content=\"article\" \/>\n<meta property=\"og:title\" content=\"Ausziehbare Tische f\u00fcr Pflegeheime bei OZG\" \/>\n<meta property=\"og:description\" content=\"Ausziehbare Tische f\u00fcr Pflegeheime sind in eleganten, zeitlosen Formen erh\u00e4ltlich, die sich perfekt in jede Umgebung einf\u00fcgen.\" \/>\n<meta property=\"og:url\" content=\"https:\/\/objektmobiliar.ch\/fr\/meubles\/tables-adaptees-aux-soins\/tables-extensibles-pour-maisons-de-retraite\/\" \/>\n<meta property=\"og:site_name\" content=\"OZG HEALTHCARE\" \/>\n<meta property=\"article:modified_time\" content=\"2024-08-22T11:02:35+00:00\" \/>\n<meta property=\"og:image\" content=\"https:\/\/objektmobiliar.ch\/wp-content\/uploads\/2023\/10\/ausziehtisch-typ-11.jpg\" \/>\n\t<meta property=\"og:image:width\" content=\"1000\" \/>\n\t<meta property=\"og:image:height\" content=\"1000\" \/>\n\t<meta property=\"og:image:type\" content=\"image\/jpeg\" \/>\n<meta name=\"twitter:card\" content=\"summary_large_image\" \/>\n<meta name=\"twitter:label1\" content=\"Dur\u00e9e de lecture estim\u00e9e\" \/>\n\t<meta name=\"twitter:data1\" content=\"4 minutes\" \/>\n<script type=\"application\/ld+json\" class=\"yoast-schema-graph\">{\"@context\":\"https:\\\/\\\/schema.org\",\"@graph\":[{\"@type\":\"WebPage\",\"@id\":\"https:\\\/\\\/objektmobiliar.ch\\\/moebel\\\/pflegegerechte-tische\\\/ausziehbare-tische-fuer-pflegeheim\\\/\",\"url\":\"https:\\\/\\\/objektmobiliar.ch\\\/moebel\\\/pflegegerechte-tische\\\/ausziehbare-tische-fuer-pflegeheim\\\/\",\"name\":\"Ausziehbare Tische f\u00fcr Pflegeheime bei OZG\",\"isPartOf\":{\"@id\":\"https:\\\/\\\/objektmobiliar.ch\\\/#website\"},\"primaryImageOfPage\":{\"@id\":\"https:\\\/\\\/objektmobiliar.ch\\\/moebel\\\/pflegegerechte-tische\\\/ausziehbare-tische-fuer-pflegeheim\\\/#primaryimage\"},\"image\":{\"@id\":\"https:\\\/\\\/objektmobiliar.ch\\\/moebel\\\/pflegegerechte-tische\\\/ausziehbare-tische-fuer-pflegeheim\\\/#primaryimage\"},\"thumbnailUrl\":\"https:\\\/\\\/objektmobiliar.ch\\\/wp-content\\\/uploads\\\/2023\\\/10\\\/ausziehtisch-typ-11.jpg\",\"datePublished\":\"2023-10-16T22:50:22+00:00\",\"dateModified\":\"2024-08-22T11:02:35+00:00\",\"description\":\"Ausziehbare Tische f\u00fcr Pflegeheime sind in eleganten, zeitlosen Formen erh\u00e4ltlich, die sich perfekt in jede Umgebung einf\u00fcgen.\",\"breadcrumb\":{\"@id\":\"https:\\\/\\\/objektmobiliar.ch\\\/moebel\\\/pflegegerechte-tische\\\/ausziehbare-tische-fuer-pflegeheim\\\/#breadcrumb\"},\"inLanguage\":\"fr-FR\",\"potentialAction\":[{\"@type\":\"ReadAction\",\"target\":[\"https:\\\/\\\/objektmobiliar.ch\\\/moebel\\\/pflegegerechte-tische\\\/ausziehbare-tische-fuer-pflegeheim\\\/\"]}]},{\"@type\":\"ImageObject\",\"inLanguage\":\"fr-FR\",\"@id\":\"https:\\\/\\\/objektmobiliar.ch\\\/moebel\\\/pflegegerechte-tische\\\/ausziehbare-tische-fuer-pflegeheim\\\/#primaryimage\",\"url\":\"https:\\\/\\\/objektmobiliar.ch\\\/wp-content\\\/uploads\\\/2023\\\/10\\\/ausziehtisch-typ-11.jpg\",\"contentUrl\":\"https:\\\/\\\/objektmobiliar.ch\\\/wp-content\\\/uploads\\\/2023\\\/10\\\/ausziehtisch-typ-11.jpg\",\"width\":1000,\"height\":1000,\"caption\":\"Ausziehbare Tische f\u00fcr Pflegeheime\"},{\"@type\":\"BreadcrumbList\",\"@id\":\"https:\\\/\\\/objektmobiliar.ch\\\/moebel\\\/pflegegerechte-tische\\\/ausziehbare-tische-fuer-pflegeheim\\\/#breadcrumb\",\"itemListElement\":[{\"@type\":\"ListItem\",\"position\":1,\"name\":\"Startseite\",\"item\":\"https:\\\/\\\/objektmobiliar.ch\\\/\"},{\"@type\":\"ListItem\",\"position\":2,\"name\":\"M\u00f6bel\",\"item\":\"https:\\\/\\\/objektmobiliar.ch\\\/moebel\\\/\"},{\"@type\":\"ListItem\",\"position\":3,\"name\":\"Tische\",\"item\":\"https:\\\/\\\/objektmobiliar.ch\\\/moebel\\\/pflegegerechte-tische\\\/\"},{\"@type\":\"ListItem\",\"position\":4,\"name\":\"Ausziehbare Tische\"}]},{\"@type\":\"WebSite\",\"@id\":\"https:\\\/\\\/objektmobiliar.ch\\\/#website\",\"url\":\"https:\\\/\\\/objektmobiliar.ch\\\/\",\"name\":\"OZG HEALTHCARE\",\"description\":\"Objektmobiliar f\u00fcr Pflege, B\u00fcro, Praxis &amp; Hotellerie\",\"potentialAction\":[{\"@type\":\"SearchAction\",\"target\":{\"@type\":\"EntryPoint\",\"urlTemplate\":\"https:\\\/\\\/objektmobiliar.ch\\\/?s={search_term_string}\"},\"query-input\":{\"@type\":\"PropertyValueSpecification\",\"valueRequired\":true,\"valueName\":\"search_term_string\"}}],\"inLanguage\":\"fr-FR\"}]}<\/script>\n<!-- \/ Yoast SEO plugin. -->","yoast_head_json":{"title":"Tables extensibles pour maisons de repos chez OZG","description":"Les tables extensibles pour maisons de repos sont disponibles dans des formes \u00e9l\u00e9gantes et intemporelles qui s'int\u00e8grent parfaitement \u00e0 tout environnement.","robots":{"index":"index","follow":"follow","max-snippet":"max-snippet:-1","max-image-preview":"max-image-preview:large","max-video-preview":"max-video-preview:-1"},"canonical":"https:\/\/objektmobiliar.ch\/fr\/meubles\/tables-adaptees-aux-soins\/tables-extensibles-pour-maisons-de-retraite\/","og_locale":"fr_FR","og_type":"article","og_title":"Ausziehbare Tische f\u00fcr Pflegeheime bei OZG","og_description":"Ausziehbare Tische f\u00fcr Pflegeheime sind in eleganten, zeitlosen Formen erh\u00e4ltlich, die sich perfekt in jede Umgebung einf\u00fcgen.","og_url":"https:\/\/objektmobiliar.ch\/fr\/meubles\/tables-adaptees-aux-soins\/tables-extensibles-pour-maisons-de-retraite\/","og_site_name":"OZG HEALTHCARE","article_modified_time":"2024-08-22T11:02:35+00:00","og_image":[{"width":1000,"height":1000,"url":"https:\/\/objektmobiliar.ch\/wp-content\/uploads\/2023\/10\/ausziehtisch-typ-11.jpg","type":"image\/jpeg"}],"twitter_card":"summary_large_image","twitter_misc":{"Dur\u00e9e de lecture estim\u00e9e":"4 minutes"},"schema":{"@context":"https:\/\/schema.org","@graph":[{"@type":"WebPage","@id":"https:\/\/objektmobiliar.ch\/moebel\/pflegegerechte-tische\/ausziehbare-tische-fuer-pflegeheim\/","url":"https:\/\/objektmobiliar.ch\/moebel\/pflegegerechte-tische\/ausziehbare-tische-fuer-pflegeheim\/","name":"Tables extensibles pour maisons de repos chez OZG","isPartOf":{"@id":"https:\/\/objektmobiliar.ch\/#website"},"primaryImageOfPage":{"@id":"https:\/\/objektmobiliar.ch\/moebel\/pflegegerechte-tische\/ausziehbare-tische-fuer-pflegeheim\/#primaryimage"},"image":{"@id":"https:\/\/objektmobiliar.ch\/moebel\/pflegegerechte-tische\/ausziehbare-tische-fuer-pflegeheim\/#primaryimage"},"thumbnailUrl":"https:\/\/objektmobiliar.ch\/wp-content\/uploads\/2023\/10\/ausziehtisch-typ-11.jpg","datePublished":"2023-10-16T22:50:22+00:00","dateModified":"2024-08-22T11:02:35+00:00","description":"Les tables extensibles pour maisons de repos sont disponibles dans des formes \u00e9l\u00e9gantes et intemporelles qui s'int\u00e8grent parfaitement \u00e0 tout environnement.","breadcrumb":{"@id":"https:\/\/objektmobiliar.ch\/moebel\/pflegegerechte-tische\/ausziehbare-tische-fuer-pflegeheim\/#breadcrumb"},"inLanguage":"fr-FR","potentialAction":[{"@type":"ReadAction","target":["https:\/\/objektmobiliar.ch\/moebel\/pflegegerechte-tische\/ausziehbare-tische-fuer-pflegeheim\/"]}]},{"@type":"ImageObject","inLanguage":"fr-FR","@id":"https:\/\/objektmobiliar.ch\/moebel\/pflegegerechte-tische\/ausziehbare-tische-fuer-pflegeheim\/#primaryimage","url":"https:\/\/objektmobiliar.ch\/wp-content\/uploads\/2023\/10\/ausziehtisch-typ-11.jpg","contentUrl":"https:\/\/objektmobiliar.ch\/wp-content\/uploads\/2023\/10\/ausziehtisch-typ-11.jpg","width":1000,"height":1000,"caption":"Ausziehbare Tische f\u00fcr Pflegeheime"},{"@type":"BreadcrumbList","@id":"https:\/\/objektmobiliar.ch\/moebel\/pflegegerechte-tische\/ausziehbare-tische-fuer-pflegeheim\/#breadcrumb","itemListElement":[{"@type":"ListItem","position":1,"name":"Startseite","item":"https:\/\/objektmobiliar.ch\/"},{"@type":"ListItem","position":2,"name":"M\u00f6bel","item":"https:\/\/objektmobiliar.ch\/moebel\/"},{"@type":"ListItem","position":3,"name":"Tische","item":"https:\/\/objektmobiliar.ch\/moebel\/pflegegerechte-tische\/"},{"@type":"ListItem","position":4,"name":"Ausziehbare Tische"}]},{"@type":"WebSite","@id":"https:\/\/objektmobiliar.ch\/#website","url":"https:\/\/objektmobiliar.ch\/","name":"OZG HEALTHCARE","description":"Mobilier de collectivit\u00e9 pour les soins, les bureaux, les cabinets m\u00e9dicaux et l'h\u00f4tellerie","potentialAction":[{"@type":"SearchAction","target":{"@type":"EntryPoint","urlTemplate":"https:\/\/objektmobiliar.ch\/?s={search_term_string}"},"query-input":{"@type":"PropertyValueSpecification","valueRequired":true,"valueName":"search_term_string"}}],"inLanguage":"fr-FR"}]}},"coauthors":[],"author_meta":{"author_link":"https:\/\/objektmobiliar.ch\/fr\/author\/alex\/","display_name":"Alex"},"relative_dates":{"created":"Publi\u00e9 3 ans il y a","modified":"Mis \u00e0 jour 2 ans il y a"},"absolute_dates":{"created":"Publi\u00e9 le octobre 16, 2023","modified":"Mise \u00e0 jour le ao\u00fbt 22, 2024"},"absolute_dates_time":{"created":"Publi\u00e9 le octobre 16, 2023 10:50 pm","modified":"Mise \u00e0 jour le ao\u00fbt 22, 2024 11:02 am"},"featured_img_caption":"","featured_img":"https:\/\/objektmobiliar.ch\/wp-content\/uploads\/2023\/10\/ausziehtisch-typ-11-825x510.jpg","series_order":"","_links":{"self":[{"href":"https:\/\/objektmobiliar.ch\/fr\/wp-json\/wp\/v2\/pages\/740","targetHints":{"allow":["GET"]}}],"collection":[{"href":"https:\/\/objektmobiliar.ch\/fr\/wp-json\/wp\/v2\/pages"}],"about":[{"href":"https:\/\/objektmobiliar.ch\/fr\/wp-json\/wp\/v2\/types\/page"}],"author":[{"embeddable":true,"href":"https:\/\/objektmobiliar.ch\/fr\/wp-json\/wp\/v2\/users\/2"}],"replies":[{"embeddable":true,"href":"https:\/\/objektmobiliar.ch\/fr\/wp-json\/wp\/v2\/comments?post=740"}],"version-history":[{"count":9,"href":"https:\/\/objektmobiliar.ch\/fr\/wp-json\/wp\/v2\/pages\/740\/revisions"}],"predecessor-version":[{"id":3715,"href":"https:\/\/objektmobiliar.ch\/fr\/wp-json\/wp\/v2\/pages\/740\/revisions\/3715"}],"up":[{"embeddable":true,"href":"https:\/\/objektmobiliar.ch\/fr\/wp-json\/wp\/v2\/pages\/640"}],"wp:featuredmedia":[{"embeddable":true,"href":"https:\/\/objektmobiliar.ch\/fr\/wp-json\/wp\/v2\/media\/744"}],"wp:attachment":[{"href":"https:\/\/objektmobiliar.ch\/fr\/wp-json\/wp\/v2\/media?parent=740"}],"curies":[{"name":"wp","href":"https:\/\/api.w.org\/{rel}","templated":true}]}}