{"id":737,"date":"2023-10-16T22:40:10","date_gmt":"2023-10-16T22:40:10","guid":{"rendered":"https:\/\/dev.objektmobiliar.ch\/?page_id=737"},"modified":"2024-10-03T12:08:48","modified_gmt":"2024-10-03T12:08:48","slug":"table-a-foyers-moyens-pour-maisons-de-retraite","status":"publish","type":"page","link":"https:\/\/objektmobiliar.ch\/fr\/moebel\/pflegegerechte-tische\/mittelsaeulentisch-fuer-altersheime\/","title":{"rendered":"Lora Table r\u00e9glable en hauteur"},"content":{"rendered":"<div class=\"lazyblock-produkt-detail-ozg-Z2fngEx wp-block-lazyblock-produkt-detail-ozg\"><section class=\"sct\">\r\n      <div class=\"cnt\">\r\n        <div class=\"elmnt-product-desc\">\r\n          <div class=\"product-desc-box\"><img decoding=\"async\" src=\"https:\/\/objektmobiliar.ch\/wp-content\/uploads\/2023\/10\/tisch-hoehenverstellbar.jpg\" loading=\"lazy\" alt=\"\" class=\"product-desc-img\"><\/div>\r\n          <div class=\"product-desc-txt\">\r\n            <h1 class=\"txt-product-headline\">Table \u00e0 colonne centrale LORA pour maisons de retraite<\/h1>\r\n            <h2 class=\"txt-product-subline\">FAIT POUR S'ASSEOIR ET SE TENIR DEBOUT<\/h2>\r\n            <div class=\"w-richtext\">\r\n              <p>Pour des utilisations multifonctionnelles, la table \u00e0 colonne centrale r\u00e9glable en hauteur pour maisons de retraite convient parfaitement. Qu'elles soient rondes ou carr\u00e9es et dans la couleur de votre choix, ces tables se transforment en quelques secondes en tables assises ou debout.<\/p>\r\n            <\/div>\r\n            <a onclick=\"splite_loader();\" class=\"btn\">Demander un produit<\/a>\r\n          <\/div>\r\n        <\/div>\r\n      <\/div>\r\n    <\/section><\/div>\n\n<div class=\"lazyblock-produkt-slider-ozg-23uiDa wp-block-lazyblock-produkt-slider-ozg\"><section class=\"sct\">\r\n  <div class=\"cnt semi\">\r\n    <div class=\"intro-txt\">\r\n        <h2>Mod\u00e8les et versions<\/h2>\r\n    <\/div>\r\n    \r\n    <div class=\"elmnt-similar-products\">\r\n      <div class=\"similar-product\"><img decoding=\"async\" src=\"https:\/\/objektmobiliar.ch\/wp-content\/uploads\/2023\/10\/tisch-hoehenverstellbar-detail.jpg\" loading=\"eager\" alt=\"Table \u00e0 colonne centrale Lora D\u00e9tail\" class=\"similar-product-img\">\r\n        <div class=\"center\">\r\n          <div class=\"w-richtext\">\r\n            <p><strong>Table \u00e0 colonne centrale Lora HV,<\/strong><br>R\u00e9f. 211-1349\/S :<br>80 x 80 cm<br><br>R\u00e9f. 211-1358\/S :<br>Rond, \u00d8 80 cm<\/p>\r\n          <\/div>\r\n          \r\n        <\/div>\r\n      <\/div>\r\n      <div class=\"similar-product\"><img decoding=\"async\" src=\"https:\/\/objektmobiliar.ch\/wp-content\/uploads\/2023\/10\/dsc_1750.jpg\" loading=\"eager\" alt=\"Table \u00e0 colonne centrale Lora\" class=\"similar-product-img\">\r\n        <div class=\"center\">\r\n          <div class=\"w-richtext\">\r\n            <p><strong>Table \u00e0 colonne centrale Lora HV,<\/strong><br>R\u00e9f. 211-1349\/S :<br>80 x 80 cm<br><br>R\u00e9f. 211-1358\/S :<br>Rond, \u00d8 80 cm<\/p>\r\n          <\/div>\r\n          \r\n        <\/div>\r\n      <\/div>\r\n    <\/div>\r\n  <\/div>\r\n  \r\n  <div class=\"cnt narrow\">\r\n    <div class=\"similar-products-nav-pos\">\r\n      <div class=\"w-embed\">\r\n        \r\n      <\/div>\r\n    <\/div>\r\n  <\/div>\r\n<\/section><\/div>\n\n<div class=\"lazyblock-text-modul-ozg-BPBRC wp-block-lazyblock-text-modul-ozg\"><section class=\"sct\">\r\n      <div class=\"cnt narrow\">\r\n        <div class=\"w-richtext\">\r\n            <p><img loading=\"lazy\" decoding=\"async\" class=\"alignnone size-full wp-image-733\" src=\"https:\/\/objektmobiliar.ch\/wp-content\/uploads\/2023\/10\/dsc_1750.jpg\" alt=\"Table \u00e0 colonne centrale Lora\" width=\"900\" height=\"600\" srcset=\"https:\/\/objektmobiliar.ch\/wp-content\/uploads\/2023\/10\/dsc_1750.jpg 900w, https:\/\/objektmobiliar.ch\/wp-content\/uploads\/2023\/10\/dsc_1750-800x533.jpg 800w, https:\/\/objektmobiliar.ch\/wp-content\/uploads\/2023\/10\/dsc_1750-768x512.jpg 768w\" sizes=\"auto, (max-width: 900px) 100vw, 900px\" \/><\/p>\n<p><strong>Table \u00e0 colonne centrale Lora HV,<\/strong><br \/>R\u00e9f. 211-1349\/S :<br \/>80 x 80 cm<\/p>\n<p>R\u00e9f. 211-1358\/S :<br \/>Rond, \u00d8 80 cm<\/p>\n<p>\u00a0<\/p>\n<p><img loading=\"lazy\" decoding=\"async\" class=\"alignnone size-full wp-image-734\" src=\"https:\/\/objektmobiliar.ch\/wp-content\/uploads\/2023\/10\/tisch-hoehenverstellbar-range.jpg\" alt=\"Table \u00e0 colonne centrale Lora Range\" width=\"1200\" height=\"600\" srcset=\"https:\/\/objektmobiliar.ch\/wp-content\/uploads\/2023\/10\/tisch-hoehenverstellbar-range.jpg 1200w, https:\/\/objektmobiliar.ch\/wp-content\/uploads\/2023\/10\/tisch-hoehenverstellbar-range-800x400.jpg 800w, https:\/\/objektmobiliar.ch\/wp-content\/uploads\/2023\/10\/tisch-hoehenverstellbar-range-768x384.jpg 768w\" sizes=\"auto, (max-width: 1200px) 100vw, 1200px\" \/><\/p>\n<p><strong>Table \u00e0 colonne centrale Lora HV,<\/strong><br \/>R\u00e9f. 211-1349\/S :<br \/>80 x 80 cm<\/p>\n<p>R\u00e9f. 211-1358\/S :<br \/>Rond, \u00d8 80 cm<\/p>\r\n        <\/div>\r\n      <\/div>\r\n    <\/section><\/div>\n\n\n<div class=\"wp-block-group\"><div class=\"wp-block-group__inner-container is-layout-constrained wp-block-group-is-layout-constrained\"><section class=\"sct\">\r\n      <div class=\"cnt narrow\">\r\n        <div class=\"introtxt\">\r\n        <div class=\"w-richtext\">\r\n            <h2>Description du produit<\/h2>\r\n        <\/div>\r\n        <\/div>\r\n        \r\n          \n\n\n<figure class=\"wp-block-table is-style-regular\"><table><thead><tr><th>Art. No.<\/th><th>Description<\/th><\/tr><\/thead><tbody><tr><td>211-1349\/S<\/td><td>Table \u00e0 colonne centrale Lora HV, 80\u00d780 cm<\/td><\/tr><tr><td>211-1358\/S<\/td><td>Table \u00e0 colonne centrale Lora HV, ronde \u00d880 cm<\/td><\/tr><\/tbody><\/table><\/figure>\n\n\n<\/div><\/section><\/div><\/div>\n\n\n<div class=\"lazyblock-text-modul-ozg-1YGhi4 wp-block-lazyblock-text-modul-ozg\"><section class=\"sct\">\r\n      <div class=\"cnt narrow\">\r\n        <div class=\"w-richtext\">\r\n            <h3>Table \u00e0 colonne centrale pour les maisons de retraite : Flexibilit\u00e9 pour diff\u00e9rents besoins<\/h3>\n<p>La table \u00e0 colonne centrale r\u00e9glable en hauteur pour les maisons de retraite est la solution id\u00e9ale pour les maisons de retraite o\u00f9 la flexibilit\u00e9 et l'adaptabilit\u00e9 sont primordiales. La possibilit\u00e9 de r\u00e9gler la table sans effort entre la hauteur assise et la hauteur debout permet de l'adapter rapidement \u00e0 diff\u00e9rents besoins et activit\u00e9s. Cette fonction aide les r\u00e9sidents \u00e0 manger confortablement en position assise ou \u00e0 rester actifs en position debout, ce qui favorise le confort d'utilisation et la mobilit\u00e9.<\/p>\n<h3>Table \u00e0 colonne centrale pour maisons de retraite : une transformation simple pour chaque utilisation<\/h3>\n<p>La transformation rapide et simple de la table d'une table assise en une table haute la rend particuli\u00e8rement pratique pour des utilisations multifonctionnelles. Dans les maisons de retraite, o\u00f9 diff\u00e9rentes activit\u00e9s et diff\u00e9rents besoins doivent \u00eatre pris en compte, cette table constitue un compl\u00e9ment pr\u00e9cieux qui offre confort et adaptabilit\u00e9.<\/p>\n<h3>Table \u00e0 colonne centrale pour maisons de retraite : des formes et des couleurs vari\u00e9es<\/h3>\n<p>Qu'elle soit ronde ou carr\u00e9e, la table \u00e0 colonne centrale r\u00e9glable en hauteur pour maisons de retraite offre une multitude d'options pour s'int\u00e9grer parfaitement dans l'am\u00e9nagement d'une maison de retraite. Le site<a href=\"https:\/\/objektmobiliar.ch\/fr\/inspiration\/materiaux-et-couleurs\/\"> Choix de couleurs<\/a> permet une adaptation individuelle au style de la pi\u00e8ce, ce qui rend la table non seulement fonctionnelle, mais aussi esth\u00e9tique. Cette polyvalence permet \u00e0 la table de s'int\u00e9grer harmonieusement aussi bien dans les salles \u00e0 manger que dans les espaces communs.<\/p>\r\n        <\/div>\r\n      <\/div>\r\n    <\/section><\/div><style class=\"advgb-styles-renderer\">\r\n            .similar-products-nav li {\r\n              overflow: hidden;\r\n              margin: 0px !important;\r\n              flex-grow: 0 !important;\r\n              flex-shrink: 1 !important;\r\n              flex-basis: 12.5% !important;\r\n              border-style: solid;\r\n              border-width: 2px;\r\n              border-color: transparent;\r\n              border-radius: 8px;\r\n              transition-property: border-color;\r\n              transition-duration: 600ms;\r\n              transition-timing-function: ease;\r\n              cursor: pointer;\r\n            }\r\n            .similar-products-nav li.slick-active {\r\n              border-color: #dde7ef;\r\n            }\r\n            @media screen and (max-width:767px) {\r\n              .similar-products-nav li {\r\n                flex-basis: auto !important;\r\n                border-radius: 8px;\r\n                padding-top: 8px;\r\n                padding-right: 16px;\r\n                padding-bottom: 6px;\r\n                padding-left: 16px;\r\n              }\r\n              .similar-products-nav li.slick-active {\r\n                background-color: #dde7ef;\r\n                transition-property: background-color, border-color;\r\n                transition-duration: 600ms, 200ms;\r\n                transition-timing-function: ease, ease;\r\n                color: #426b8a;\r\n              }\r\n            }\r\n          <\/style>","protected":false},"excerpt":{"rendered":"<p>F\u00fcr multifunktionale Einsatzbereiche eignet sich der h\u00f6henverstellbare Tisch hervorragend. Ob rund oder quadratisch und in der Farbe nach Wahl, lassen sich diese Tische in sekundenschnelle zum Sitz- um Stehtisch umwandeln.<\/p>","protected":false},"author":2,"featured_media":735,"parent":640,"menu_order":0,"comment_status":"closed","ping_status":"closed","template":"","meta":{"advgb_blocks_editor_width":"","advgb_blocks_columns_visual_guide":"","footnotes":""},"class_list":["post-737","page","type-page","status-publish","has-post-thumbnail","hentry"],"yoast_head":"<!-- This site is optimized with the Yoast SEO plugin v27.4 - https:\/\/yoast.com\/product\/yoast-seo-wordpress\/ -->\n<title>Mittels\u00e4ulentisch f\u00fcr Altersheime bei OZG<\/title>\n<meta name=\"description\" content=\"Der h\u00f6henverstellbare Mittels\u00e4ulentisch f\u00fcr Altersheime ist die ideale L\u00f6sung f\u00fcr Seniorenheime, wo Flexibilit\u00e4t von grosser Bedeutung ist.\" \/>\n<meta name=\"robots\" content=\"index, follow, max-snippet:-1, max-image-preview:large, max-video-preview:-1\" \/>\n<link rel=\"canonical\" href=\"https:\/\/objektmobiliar.ch\/fr\/meubles\/tables-adaptees-aux-soins\/table-a-foyers-moyens-pour-maisons-de-retraite\/\" \/>\n<meta property=\"og:locale\" content=\"fr_FR\" \/>\n<meta property=\"og:type\" content=\"article\" \/>\n<meta property=\"og:title\" content=\"Mittels\u00e4ulentisch f\u00fcr Altersheime bei OZG\" \/>\n<meta property=\"og:description\" content=\"Der h\u00f6henverstellbare Mittels\u00e4ulentisch f\u00fcr Altersheime ist die ideale L\u00f6sung f\u00fcr Seniorenheime, wo Flexibilit\u00e4t von grosser Bedeutung ist.\" \/>\n<meta property=\"og:url\" content=\"https:\/\/objektmobiliar.ch\/fr\/meubles\/tables-adaptees-aux-soins\/table-a-foyers-moyens-pour-maisons-de-retraite\/\" \/>\n<meta property=\"og:site_name\" content=\"OZG HEALTHCARE\" \/>\n<meta property=\"article:modified_time\" content=\"2024-10-03T12:08:48+00:00\" \/>\n<meta property=\"og:image\" content=\"https:\/\/objektmobiliar.ch\/wp-content\/uploads\/2023\/10\/tisch-hoehenverstellbar.jpg\" \/>\n\t<meta property=\"og:image:width\" content=\"1000\" \/>\n\t<meta property=\"og:image:height\" content=\"1000\" \/>\n\t<meta property=\"og:image:type\" content=\"image\/jpeg\" \/>\n<meta name=\"twitter:card\" content=\"summary_large_image\" \/>\n<meta name=\"twitter:label1\" content=\"Dur\u00e9e de lecture estim\u00e9e\" \/>\n\t<meta name=\"twitter:data1\" content=\"3 minutes\" \/>\n<script type=\"application\/ld+json\" class=\"yoast-schema-graph\">{\"@context\":\"https:\\\/\\\/schema.org\",\"@graph\":[{\"@type\":\"WebPage\",\"@id\":\"https:\\\/\\\/objektmobiliar.ch\\\/moebel\\\/pflegegerechte-tische\\\/mittelsaeulentisch-fuer-altersheime\\\/\",\"url\":\"https:\\\/\\\/objektmobiliar.ch\\\/moebel\\\/pflegegerechte-tische\\\/mittelsaeulentisch-fuer-altersheime\\\/\",\"name\":\"Mittels\u00e4ulentisch f\u00fcr Altersheime bei OZG\",\"isPartOf\":{\"@id\":\"https:\\\/\\\/objektmobiliar.ch\\\/#website\"},\"primaryImageOfPage\":{\"@id\":\"https:\\\/\\\/objektmobiliar.ch\\\/moebel\\\/pflegegerechte-tische\\\/mittelsaeulentisch-fuer-altersheime\\\/#primaryimage\"},\"image\":{\"@id\":\"https:\\\/\\\/objektmobiliar.ch\\\/moebel\\\/pflegegerechte-tische\\\/mittelsaeulentisch-fuer-altersheime\\\/#primaryimage\"},\"thumbnailUrl\":\"https:\\\/\\\/objektmobiliar.ch\\\/wp-content\\\/uploads\\\/2023\\\/10\\\/tisch-hoehenverstellbar.jpg\",\"datePublished\":\"2023-10-16T22:40:10+00:00\",\"dateModified\":\"2024-10-03T12:08:48+00:00\",\"description\":\"Der h\u00f6henverstellbare Mittels\u00e4ulentisch f\u00fcr Altersheime ist die ideale L\u00f6sung f\u00fcr Seniorenheime, wo Flexibilit\u00e4t von grosser Bedeutung ist.\",\"breadcrumb\":{\"@id\":\"https:\\\/\\\/objektmobiliar.ch\\\/moebel\\\/pflegegerechte-tische\\\/mittelsaeulentisch-fuer-altersheime\\\/#breadcrumb\"},\"inLanguage\":\"fr-FR\",\"potentialAction\":[{\"@type\":\"ReadAction\",\"target\":[\"https:\\\/\\\/objektmobiliar.ch\\\/moebel\\\/pflegegerechte-tische\\\/mittelsaeulentisch-fuer-altersheime\\\/\"]}]},{\"@type\":\"ImageObject\",\"inLanguage\":\"fr-FR\",\"@id\":\"https:\\\/\\\/objektmobiliar.ch\\\/moebel\\\/pflegegerechte-tische\\\/mittelsaeulentisch-fuer-altersheime\\\/#primaryimage\",\"url\":\"https:\\\/\\\/objektmobiliar.ch\\\/wp-content\\\/uploads\\\/2023\\\/10\\\/tisch-hoehenverstellbar.jpg\",\"contentUrl\":\"https:\\\/\\\/objektmobiliar.ch\\\/wp-content\\\/uploads\\\/2023\\\/10\\\/tisch-hoehenverstellbar.jpg\",\"width\":1000,\"height\":1000,\"caption\":\"Mittels\u00e4ulentisch f\u00fcr Altersheime\"},{\"@type\":\"BreadcrumbList\",\"@id\":\"https:\\\/\\\/objektmobiliar.ch\\\/moebel\\\/pflegegerechte-tische\\\/mittelsaeulentisch-fuer-altersheime\\\/#breadcrumb\",\"itemListElement\":[{\"@type\":\"ListItem\",\"position\":1,\"name\":\"Startseite\",\"item\":\"https:\\\/\\\/objektmobiliar.ch\\\/\"},{\"@type\":\"ListItem\",\"position\":2,\"name\":\"M\u00f6bel\",\"item\":\"https:\\\/\\\/objektmobiliar.ch\\\/moebel\\\/\"},{\"@type\":\"ListItem\",\"position\":3,\"name\":\"Tische\",\"item\":\"https:\\\/\\\/objektmobiliar.ch\\\/moebel\\\/pflegegerechte-tische\\\/\"},{\"@type\":\"ListItem\",\"position\":4,\"name\":\"Lora H\u00f6henverstellbarer Tisch\"}]},{\"@type\":\"WebSite\",\"@id\":\"https:\\\/\\\/objektmobiliar.ch\\\/#website\",\"url\":\"https:\\\/\\\/objektmobiliar.ch\\\/\",\"name\":\"OZG HEALTHCARE\",\"description\":\"Objektmobiliar f\u00fcr Pflege, B\u00fcro, Praxis &amp; Hotellerie\",\"potentialAction\":[{\"@type\":\"SearchAction\",\"target\":{\"@type\":\"EntryPoint\",\"urlTemplate\":\"https:\\\/\\\/objektmobiliar.ch\\\/?s={search_term_string}\"},\"query-input\":{\"@type\":\"PropertyValueSpecification\",\"valueRequired\":true,\"valueName\":\"search_term_string\"}}],\"inLanguage\":\"fr-FR\"}]}<\/script>\n<!-- \/ Yoast SEO plugin. -->","yoast_head_json":{"title":"Table \u00e0 colonne centrale pour maisons de retraite chez OZG","description":"La table \u00e0 colonne centrale r\u00e9glable en hauteur pour maisons de retraite est la solution id\u00e9ale pour les maisons de retraite o\u00f9 la flexibilit\u00e9 est d'une grande importance.","robots":{"index":"index","follow":"follow","max-snippet":"max-snippet:-1","max-image-preview":"max-image-preview:large","max-video-preview":"max-video-preview:-1"},"canonical":"https:\/\/objektmobiliar.ch\/fr\/meubles\/tables-adaptees-aux-soins\/table-a-foyers-moyens-pour-maisons-de-retraite\/","og_locale":"fr_FR","og_type":"article","og_title":"Mittels\u00e4ulentisch f\u00fcr Altersheime bei OZG","og_description":"Der h\u00f6henverstellbare Mittels\u00e4ulentisch f\u00fcr Altersheime ist die ideale L\u00f6sung f\u00fcr Seniorenheime, wo Flexibilit\u00e4t von grosser Bedeutung ist.","og_url":"https:\/\/objektmobiliar.ch\/fr\/meubles\/tables-adaptees-aux-soins\/table-a-foyers-moyens-pour-maisons-de-retraite\/","og_site_name":"OZG HEALTHCARE","article_modified_time":"2024-10-03T12:08:48+00:00","og_image":[{"width":1000,"height":1000,"url":"https:\/\/objektmobiliar.ch\/wp-content\/uploads\/2023\/10\/tisch-hoehenverstellbar.jpg","type":"image\/jpeg"}],"twitter_card":"summary_large_image","twitter_misc":{"Dur\u00e9e de lecture estim\u00e9e":"3 minutes"},"schema":{"@context":"https:\/\/schema.org","@graph":[{"@type":"WebPage","@id":"https:\/\/objektmobiliar.ch\/moebel\/pflegegerechte-tische\/mittelsaeulentisch-fuer-altersheime\/","url":"https:\/\/objektmobiliar.ch\/moebel\/pflegegerechte-tische\/mittelsaeulentisch-fuer-altersheime\/","name":"Table \u00e0 colonne centrale pour maisons de retraite chez OZG","isPartOf":{"@id":"https:\/\/objektmobiliar.ch\/#website"},"primaryImageOfPage":{"@id":"https:\/\/objektmobiliar.ch\/moebel\/pflegegerechte-tische\/mittelsaeulentisch-fuer-altersheime\/#primaryimage"},"image":{"@id":"https:\/\/objektmobiliar.ch\/moebel\/pflegegerechte-tische\/mittelsaeulentisch-fuer-altersheime\/#primaryimage"},"thumbnailUrl":"https:\/\/objektmobiliar.ch\/wp-content\/uploads\/2023\/10\/tisch-hoehenverstellbar.jpg","datePublished":"2023-10-16T22:40:10+00:00","dateModified":"2024-10-03T12:08:48+00:00","description":"La table \u00e0 colonne centrale r\u00e9glable en hauteur pour maisons de retraite est la solution id\u00e9ale pour les maisons de retraite o\u00f9 la flexibilit\u00e9 est d'une grande importance.","breadcrumb":{"@id":"https:\/\/objektmobiliar.ch\/moebel\/pflegegerechte-tische\/mittelsaeulentisch-fuer-altersheime\/#breadcrumb"},"inLanguage":"fr-FR","potentialAction":[{"@type":"ReadAction","target":["https:\/\/objektmobiliar.ch\/moebel\/pflegegerechte-tische\/mittelsaeulentisch-fuer-altersheime\/"]}]},{"@type":"ImageObject","inLanguage":"fr-FR","@id":"https:\/\/objektmobiliar.ch\/moebel\/pflegegerechte-tische\/mittelsaeulentisch-fuer-altersheime\/#primaryimage","url":"https:\/\/objektmobiliar.ch\/wp-content\/uploads\/2023\/10\/tisch-hoehenverstellbar.jpg","contentUrl":"https:\/\/objektmobiliar.ch\/wp-content\/uploads\/2023\/10\/tisch-hoehenverstellbar.jpg","width":1000,"height":1000,"caption":"Mittels\u00e4ulentisch f\u00fcr Altersheime"},{"@type":"BreadcrumbList","@id":"https:\/\/objektmobiliar.ch\/moebel\/pflegegerechte-tische\/mittelsaeulentisch-fuer-altersheime\/#breadcrumb","itemListElement":[{"@type":"ListItem","position":1,"name":"Startseite","item":"https:\/\/objektmobiliar.ch\/"},{"@type":"ListItem","position":2,"name":"M\u00f6bel","item":"https:\/\/objektmobiliar.ch\/moebel\/"},{"@type":"ListItem","position":3,"name":"Tische","item":"https:\/\/objektmobiliar.ch\/moebel\/pflegegerechte-tische\/"},{"@type":"ListItem","position":4,"name":"Lora H\u00f6henverstellbarer Tisch"}]},{"@type":"WebSite","@id":"https:\/\/objektmobiliar.ch\/#website","url":"https:\/\/objektmobiliar.ch\/","name":"OZG HEALTHCARE","description":"Mobilier de collectivit\u00e9 pour les soins, les bureaux, les cabinets m\u00e9dicaux et l'h\u00f4tellerie","potentialAction":[{"@type":"SearchAction","target":{"@type":"EntryPoint","urlTemplate":"https:\/\/objektmobiliar.ch\/?s={search_term_string}"},"query-input":{"@type":"PropertyValueSpecification","valueRequired":true,"valueName":"search_term_string"}}],"inLanguage":"fr-FR"}]}},"coauthors":[],"author_meta":{"author_link":"https:\/\/objektmobiliar.ch\/fr\/author\/alex\/","display_name":"Alex"},"relative_dates":{"created":"Publi\u00e9 3 ans il y a","modified":"Mis \u00e0 jour 2 ans il y a"},"absolute_dates":{"created":"Publi\u00e9 le octobre 16, 2023","modified":"Mise \u00e0 jour le octobre 3, 2024"},"absolute_dates_time":{"created":"Publi\u00e9 le octobre 16, 2023 10:40 pm","modified":"Mise \u00e0 jour le octobre 3, 2024 12:08 pm"},"featured_img_caption":"","featured_img":"https:\/\/objektmobiliar.ch\/wp-content\/uploads\/2023\/10\/tisch-hoehenverstellbar-825x510.jpg","series_order":"","_links":{"self":[{"href":"https:\/\/objektmobiliar.ch\/fr\/wp-json\/wp\/v2\/pages\/737","targetHints":{"allow":["GET"]}}],"collection":[{"href":"https:\/\/objektmobiliar.ch\/fr\/wp-json\/wp\/v2\/pages"}],"about":[{"href":"https:\/\/objektmobiliar.ch\/fr\/wp-json\/wp\/v2\/types\/page"}],"author":[{"embeddable":true,"href":"https:\/\/objektmobiliar.ch\/fr\/wp-json\/wp\/v2\/users\/2"}],"replies":[{"embeddable":true,"href":"https:\/\/objektmobiliar.ch\/fr\/wp-json\/wp\/v2\/comments?post=737"}],"version-history":[{"count":15,"href":"https:\/\/objektmobiliar.ch\/fr\/wp-json\/wp\/v2\/pages\/737\/revisions"}],"predecessor-version":[{"id":4742,"href":"https:\/\/objektmobiliar.ch\/fr\/wp-json\/wp\/v2\/pages\/737\/revisions\/4742"}],"up":[{"embeddable":true,"href":"https:\/\/objektmobiliar.ch\/fr\/wp-json\/wp\/v2\/pages\/640"}],"wp:featuredmedia":[{"embeddable":true,"href":"https:\/\/objektmobiliar.ch\/fr\/wp-json\/wp\/v2\/media\/735"}],"wp:attachment":[{"href":"https:\/\/objektmobiliar.ch\/fr\/wp-json\/wp\/v2\/media?parent=737"}],"curies":[{"name":"wp","href":"https:\/\/api.w.org\/{rel}","templated":true}]}}