{"id":728,"date":"2023-10-16T22:27:45","date_gmt":"2023-10-16T22:27:45","guid":{"rendered":"https:\/\/dev.objektmobiliar.ch\/?page_id=728"},"modified":"2026-04-17T08:18:55","modified_gmt":"2026-04-17T08:18:55","slug":"centro-table-basse-pour-maisons-de-repos","status":"publish","type":"page","link":"https:\/\/objektmobiliar.ch\/fr\/moebel\/pflegegerechte-tische\/centro-couchtisch-fuer-pflegeheime\/","title":{"rendered":"Centro Table basse"},"content":{"rendered":"<div class=\"lazyblock-produkt-detail-ozg-M78ts wp-block-lazyblock-produkt-detail-ozg\"><section class=\"sct\">\r\n      <div class=\"cnt\">\r\n        <div class=\"elmnt-product-desc\">\r\n          <div class=\"product-desc-box\"><img decoding=\"async\" src=\"https:\/\/objektmobiliar.ch\/wp-content\/uploads\/2026\/04\/Centro-Couchtisch-fuer-Pflegeheime.jpg\" loading=\"lazy\" alt=\"\" class=\"product-desc-img\"><\/div>\r\n          <div class=\"product-desc-txt\">\r\n            <h1 class=\"txt-product-headline\">Centro Table basse<\/h1>\r\n            <h2 class=\"txt-product-subline\">Mit oder ohne Zwischenboden<\/h2>\r\n            <div class=\"w-richtext\">\r\n              <p>Der stabile Centro Couchtisch f\u00fcr Pflegeheime zieht durch sein aussergew\u00f6hnliches Design die Blicke auf sich. Das h\u00f6lzerne Fusskreuz sorgt nicht nur f\u00fcr einen optisch spannenden Eindruck. Es verleiht dem Couchtisch auch seine besondere Stabilit\u00e4t. Je nach Einsatzort k\u00f6nnen Sie sich f\u00fcr eine Tischplatte mit geringerem oder gr\u00f6sserem Durchmesser entscheiden sowie eine Variante mit oder ohne Zwischenboden w\u00e4hlen.<\/p>\n<p><strong>Optionen:<\/strong> Konfigurieren Sie die Gr\u00f6sse der Tischplatte, Form und Material der Tischf\u00fcsse, passende Gleiter sowie den Holzbeizton ganz nach den Bed\u00fcrfnissen und Anspr\u00fcchen in Ihrer Einrichtung.<\/p>\r\n            <\/div>\r\n            <a onclick=\"splite_loader();\" class=\"btn\">Demander un produit<\/a>\r\n          <\/div>\r\n        <\/div>\r\n      <\/div>\r\n    <\/section><\/div>\n\n<div class=\"lazyblock-produkt-slider-ozg-Rvm7z wp-block-lazyblock-produkt-slider-ozg\"><section class=\"sct\">\r\n  <div class=\"cnt semi\">\r\n    <div class=\"intro-txt\">\r\n        <h2>Mod\u00e8les et versions<\/h2>\r\n    <\/div>\r\n    \r\n    <div class=\"elmnt-similar-products\">\r\n      <div class=\"similar-product\"><img decoding=\"async\" src=\"https:\/\/objektmobiliar.ch\/wp-content\/uploads\/2026\/04\/Centro-Couchtisch-schmal-mit-Zwischenboden.jpg\" loading=\"eager\" alt=\"Centro Couchtisch schmal mit Zwischenboden\" class=\"similar-product-img\">\r\n        <div class=\"center\">\r\n          <div class=\"w-richtext\">\r\n            <p><strong>Centro Table basse<br><\/strong>\u00d8 50 x H 60 cm, mit Zwischenboden<br>R\u00e9f. 211-1470\/S<\/p>\r\n          <\/div>\r\n          \r\n        <\/div>\r\n      <\/div>\r\n      <div class=\"similar-product\"><img decoding=\"async\" src=\"https:\/\/objektmobiliar.ch\/wp-content\/uploads\/2026\/04\/Centro-Couchtisch-hell-ohne-Zwischenboden.jpg\" loading=\"eager\" alt=\"Centro Couchtisch hell ohne Zwischenboden\" class=\"similar-product-img\">\r\n        <div class=\"center\">\r\n          <div class=\"w-richtext\">\r\n            <p><strong>Centro Table basse<br><\/strong>\u00d8 80 x H 60 cm, ohne Zwischenboden<br>Art.-Nr. 211-1476\/S<\/p>\r\n          <\/div>\r\n          \r\n        <\/div>\r\n      <\/div>\r\n      <div class=\"similar-product\"><img decoding=\"async\" src=\"https:\/\/objektmobiliar.ch\/wp-content\/uploads\/2026\/04\/Centro-Couchtisch-dunkel-mit-Zwischenboden.jpg\" loading=\"eager\" alt=\"Centro Couchtisch dunkel mit Zwischenboden\" class=\"similar-product-img\">\r\n        <div class=\"center\">\r\n          <div class=\"w-richtext\">\r\n            <p><strong>Centro Table basse<br><\/strong>\u00d8 80 x H 60 cm, mit Zwischenboden<br>R\u00e9f. 211-1472\/S<\/p>\r\n          <\/div>\r\n          \r\n        <\/div>\r\n      <\/div>\r\n    <\/div>\r\n  <\/div>\r\n  \r\n  <div class=\"cnt narrow\">\r\n    <div class=\"similar-products-nav-pos\">\r\n      <div class=\"w-embed\">\r\n        \r\n      <\/div>\r\n    <\/div>\r\n  <\/div>\r\n<\/section><\/div>\n\n\n<div class=\"wp-block-group\"><div class=\"wp-block-group__inner-container is-layout-constrained wp-block-group-is-layout-constrained\"><section class=\"sct\">\r\n      <div class=\"cnt narrow\">\r\n        <div class=\"introtxt\">\r\n        <div class=\"w-richtext\">\r\n            <h2>Description du produit<\/h2>\r\n        <\/div>\r\n        <\/div>\r\n        \r\n          \n\n\n<figure class=\"wp-block-table is-style-regular\"><table><thead><tr><th>Art. No.<\/th><th>Description<\/th><th>Dimensions<\/th><\/tr><\/thead><tbody><tr><td>211-1470\/S<\/td><td>Centro Couchtisch mit Zwischenboden<\/td><td>\u00d8 50 x H 60 cm<\/td><\/tr><tr><td>211-1471\/S<\/td><td>Centro Couchtisch mit Zwischenboden<\/td><td>\u00d8 60 x H 60 cm<\/td><\/tr><tr><td>211-1472\/S<\/td><td>Centro Couchtisch mit Zwischenboden<\/td><td>\u00d8 80 x H 60 cm<\/td><\/tr><tr><td>211-1473\/S<\/td><td>Centro Couchtisch mit Zwischenboden<\/td><td>\u00d8 100 x H 60 cm<\/td><\/tr><tr><td>211-1474\/S<\/td><td>Centro Couchtisch ohne Zwischenboden<\/td><td>\u00d8 50 x H 60 cm<\/td><\/tr><tr><td>211-1475\/S<\/td><td>Centro Couchtisch ohne Zwischenboden<\/td><td>\u00d8 60 x H 60 cm<\/td><\/tr><tr><td>211-1476\/S<\/td><td>Centro Couchtisch ohne Zwischenboden<\/td><td>\u00d8 80 x H 60 cm<\/td><\/tr><tr><td>211-1477\/S<\/td><td>Centro Couchtisch ohne Zwischenboden<\/td><td>\u00d8 100 x H 60 cm<\/td><\/tr><\/tbody><\/table><\/figure>\n\n\n\n<p><\/p>\n\n\n<\/div><\/section><\/div><\/div>\n\n\n<div class=\"lazyblock-text-modul-ozg-1KC93M wp-block-lazyblock-text-modul-ozg\"><section class=\"sct\">\r\n      <div class=\"cnt narrow\">\r\n        <div class=\"w-richtext\">\r\n            <h2>Centro Couchtisch f\u00fcr Pflegeheime<\/h2>\n<h3>Stilvoll in jedem Bereich<\/h3>\n<p>Der Centro Couchtisch f\u00fcr Pflegeheime ist das ideale M\u00f6belst\u00fcck f\u00fcr Altersheime und Pflegeeinrichtungen. Mit seinem aussergew\u00f6hnlichen Design bringt der Tisch ein modernes Flair in jeden Raum, ist aber zugleich sehr stabil, robust und leicht zu reinigen. Egal ob als grosser Couchtisch in Wohnbereichen oder als dezenter Beistelltisch in Lounges, Sitzgruppen und Empfangsbereichen \u2013 dank den vielf\u00e4ltigen unterschiedlichen Ausf\u00fchrungen erhalten Sie f\u00fcr jeden Einsatzort das passende Modell in unserem Sortiment.<\/p>\n<h3>Construction stable pour une utilisation s\u00fbre<\/h3>\n<p>Das h\u00f6lzerne Fusskreuz dieses Couchtisches sorgt nicht nur f\u00fcr einen interessanten Look. Es verleiht dem Tisch gleichzeitig seine besondere Stabilit\u00e4t und hohe Standfestigkeit. Dies tr\u00e4gt zur Sicherheit in Ihrer Einrichtung bei, gerade dann, wenn sich Bewohner z.B. auf dem Tisch abst\u00fctzen oder mit Gehhilfen wie z.B. Rollatoren am Tisch anecken. Tischf\u00fcsse und Gleiter in unterschiedlichen Ausf\u00fchrungen runden das Portfolio ab.<\/p>\n<h3>De nombreuses possibilit\u00e9s d'adaptation<\/h3>\n<p>Dar\u00fcber hinaus l\u00e4sst sich der Centro Couchtisch f\u00fcr Pflegeheime vielseitig anpassen, um sich optimal in das Einrichtungsdesign Ihres Pflegeheims oder Ihrer Seniorenresidenz einzuf\u00fcgen. Neben der Auswahl des Durchmessers der Tischplatte k\u00f6nnen Sie bei uns auf Wunsch auch verschiedenen Plattendicken und Materialien w\u00e4hlen. Auch die Tischkante ist individuell anpassbar. W\u00e4hlen Sie schliesslich aus ganz unterschiedlichen Holzbeizt\u00f6nen von nat\u00fcrlichen Holzt\u00f6nen \u00fcber helle bis hin zu ganz dunklen Nuancen die perfekte f\u00fcr Ihre Anspr\u00fcche aus. Diese Flexibilit\u00e4t macht den Centro Couchtisch zu einer eleganten und vielseitigen L\u00f6sung, die sowohl \u00e4sthetische als auch praktische Anforderungen erf\u00fcllt. Weitere Infos finden Sie auf unserer Seite zu <a href=\"https:\/\/objektmobiliar.ch\/fr\/inspiration\/materiaux-et-couleurs\/\">Couleurs et teintes<\/a>.<\/p>\r\n        <\/div>\r\n            <div class=\"center\"><a href=\"https:\/\/objektmobiliar.ch\/fr\/meubles\/tables-adaptees-aux-soins\/\" class=\"btn\" >Weitere Tische anzeigen<\/a><\/div>\r\n      <\/div>\r\n    <\/section><\/div><style class=\"advgb-styles-renderer\">\r\n            .similar-products-nav li {\r\n              overflow: hidden;\r\n              margin: 0px !important;\r\n              flex-grow: 0 !important;\r\n              flex-shrink: 1 !important;\r\n              flex-basis: 12.5% !important;\r\n              border-style: solid;\r\n              border-width: 2px;\r\n              border-color: transparent;\r\n              border-radius: 8px;\r\n              transition-property: border-color;\r\n              transition-duration: 600ms;\r\n              transition-timing-function: ease;\r\n              cursor: pointer;\r\n            }\r\n            .similar-products-nav li.slick-active {\r\n              border-color: #dde7ef;\r\n            }\r\n            @media screen and (max-width:767px) {\r\n              .similar-products-nav li {\r\n                flex-basis: auto !important;\r\n                border-radius: 8px;\r\n                padding-top: 8px;\r\n                padding-right: 16px;\r\n                padding-bottom: 6px;\r\n                padding-left: 16px;\r\n              }\r\n              .similar-products-nav li.slick-active {\r\n                background-color: #dde7ef;\r\n                transition-property: background-color, border-color;\r\n                transition-duration: 600ms, 200ms;\r\n                transition-timing-function: ease, ease;\r\n                color: #426b8a;\r\n              }\r\n            }\r\n          <\/style>","protected":false},"excerpt":{"rendered":"<p>Der stabile Couchtisch zieht durch sein aussergew\u00f6hnliches Design die Blicke auf sich. Er ist erh\u00e4ltlich mit und ohne Zwischenboden, in diversen Gr\u00f6ssen und Farben.<\/p>","protected":false},"author":2,"featured_media":731,"parent":640,"menu_order":0,"comment_status":"closed","ping_status":"closed","template":"","meta":{"advgb_blocks_editor_width":"","advgb_blocks_columns_visual_guide":"","footnotes":""},"class_list":["post-728","page","type-page","status-publish","has-post-thumbnail","hentry"],"yoast_head":"<!-- This site is optimized with the Yoast SEO plugin v27.4 - https:\/\/yoast.com\/product\/yoast-seo-wordpress\/ -->\n<title>Centro Couchtisch f\u00fcr Pflegeheime bei OZG<\/title>\n<meta name=\"description\" content=\"Der Centro Couchtisch f\u00fcr Pflegeheime ist mit oder ohne Zwischenboden und mit verschieden grossen Tischplatten erh\u00e4ltlich.\" \/>\n<meta name=\"robots\" content=\"index, follow, max-snippet:-1, max-image-preview:large, max-video-preview:-1\" \/>\n<link rel=\"canonical\" href=\"https:\/\/objektmobiliar.ch\/fr\/meubles\/tables-adaptees-aux-soins\/centro-table-basse-pour-maisons-de-repos\/\" \/>\n<meta property=\"og:locale\" content=\"fr_FR\" \/>\n<meta property=\"og:type\" content=\"article\" \/>\n<meta property=\"og:title\" content=\"Centro Couchtisch f\u00fcr Pflegeheime bei OZG\" \/>\n<meta property=\"og:description\" content=\"Der Centro Couchtisch f\u00fcr Pflegeheime ist mit oder ohne Zwischenboden und mit verschieden grossen Tischplatten erh\u00e4ltlich.\" \/>\n<meta property=\"og:url\" content=\"https:\/\/objektmobiliar.ch\/fr\/meubles\/tables-adaptees-aux-soins\/centro-table-basse-pour-maisons-de-repos\/\" \/>\n<meta property=\"og:site_name\" content=\"OZG HEALTHCARE\" \/>\n<meta property=\"article:modified_time\" content=\"2026-04-17T08:18:55+00:00\" \/>\n<meta property=\"og:image\" content=\"https:\/\/objektmobiliar.ch\/wp-content\/uploads\/2023\/10\/centro-couchtisch.jpg\" \/>\n\t<meta property=\"og:image:width\" content=\"1000\" \/>\n\t<meta property=\"og:image:height\" content=\"1000\" \/>\n\t<meta property=\"og:image:type\" content=\"image\/jpeg\" \/>\n<meta name=\"twitter:card\" content=\"summary_large_image\" \/>\n<meta name=\"twitter:label1\" content=\"Dur\u00e9e de lecture estim\u00e9e\" \/>\n\t<meta name=\"twitter:data1\" content=\"4 minutes\" \/>\n<script type=\"application\/ld+json\" class=\"yoast-schema-graph\">{\"@context\":\"https:\\\/\\\/schema.org\",\"@graph\":[{\"@type\":\"WebPage\",\"@id\":\"https:\\\/\\\/objektmobiliar.ch\\\/moebel\\\/pflegegerechte-tische\\\/centro-couchtisch-fuer-pflegeheime\\\/\",\"url\":\"https:\\\/\\\/objektmobiliar.ch\\\/moebel\\\/pflegegerechte-tische\\\/centro-couchtisch-fuer-pflegeheime\\\/\",\"name\":\"Centro Couchtisch f\u00fcr Pflegeheime bei OZG\",\"isPartOf\":{\"@id\":\"https:\\\/\\\/objektmobiliar.ch\\\/#website\"},\"primaryImageOfPage\":{\"@id\":\"https:\\\/\\\/objektmobiliar.ch\\\/moebel\\\/pflegegerechte-tische\\\/centro-couchtisch-fuer-pflegeheime\\\/#primaryimage\"},\"image\":{\"@id\":\"https:\\\/\\\/objektmobiliar.ch\\\/moebel\\\/pflegegerechte-tische\\\/centro-couchtisch-fuer-pflegeheime\\\/#primaryimage\"},\"thumbnailUrl\":\"https:\\\/\\\/objektmobiliar.ch\\\/wp-content\\\/uploads\\\/2023\\\/10\\\/centro-couchtisch.jpg\",\"datePublished\":\"2023-10-16T22:27:45+00:00\",\"dateModified\":\"2026-04-17T08:18:55+00:00\",\"description\":\"Der Centro Couchtisch f\u00fcr Pflegeheime ist mit oder ohne Zwischenboden und mit verschieden grossen Tischplatten erh\u00e4ltlich.\",\"breadcrumb\":{\"@id\":\"https:\\\/\\\/objektmobiliar.ch\\\/moebel\\\/pflegegerechte-tische\\\/centro-couchtisch-fuer-pflegeheime\\\/#breadcrumb\"},\"inLanguage\":\"fr-FR\",\"potentialAction\":[{\"@type\":\"ReadAction\",\"target\":[\"https:\\\/\\\/objektmobiliar.ch\\\/moebel\\\/pflegegerechte-tische\\\/centro-couchtisch-fuer-pflegeheime\\\/\"]}]},{\"@type\":\"ImageObject\",\"inLanguage\":\"fr-FR\",\"@id\":\"https:\\\/\\\/objektmobiliar.ch\\\/moebel\\\/pflegegerechte-tische\\\/centro-couchtisch-fuer-pflegeheime\\\/#primaryimage\",\"url\":\"https:\\\/\\\/objektmobiliar.ch\\\/wp-content\\\/uploads\\\/2023\\\/10\\\/centro-couchtisch.jpg\",\"contentUrl\":\"https:\\\/\\\/objektmobiliar.ch\\\/wp-content\\\/uploads\\\/2023\\\/10\\\/centro-couchtisch.jpg\",\"width\":1000,\"height\":1000,\"caption\":\"Cetnro Couchtisch f\u00fcr Pflegeheime\"},{\"@type\":\"BreadcrumbList\",\"@id\":\"https:\\\/\\\/objektmobiliar.ch\\\/moebel\\\/pflegegerechte-tische\\\/centro-couchtisch-fuer-pflegeheime\\\/#breadcrumb\",\"itemListElement\":[{\"@type\":\"ListItem\",\"position\":1,\"name\":\"Startseite\",\"item\":\"https:\\\/\\\/objektmobiliar.ch\\\/\"},{\"@type\":\"ListItem\",\"position\":2,\"name\":\"M\u00f6bel\",\"item\":\"https:\\\/\\\/objektmobiliar.ch\\\/moebel\\\/\"},{\"@type\":\"ListItem\",\"position\":3,\"name\":\"Tische\",\"item\":\"https:\\\/\\\/objektmobiliar.ch\\\/moebel\\\/pflegegerechte-tische\\\/\"},{\"@type\":\"ListItem\",\"position\":4,\"name\":\"Centro Couchtisch\"}]},{\"@type\":\"WebSite\",\"@id\":\"https:\\\/\\\/objektmobiliar.ch\\\/#website\",\"url\":\"https:\\\/\\\/objektmobiliar.ch\\\/\",\"name\":\"OZG HEALTHCARE\",\"description\":\"Objektmobiliar f\u00fcr Pflege, B\u00fcro, Praxis &amp; Hotellerie\",\"potentialAction\":[{\"@type\":\"SearchAction\",\"target\":{\"@type\":\"EntryPoint\",\"urlTemplate\":\"https:\\\/\\\/objektmobiliar.ch\\\/?s={search_term_string}\"},\"query-input\":{\"@type\":\"PropertyValueSpecification\",\"valueRequired\":true,\"valueName\":\"search_term_string\"}}],\"inLanguage\":\"fr-FR\"}]}<\/script>\n<!-- \/ Yoast SEO plugin. -->","yoast_head_json":{"title":"Centro Table basse pour maisons de repos chez OZG","description":"Der Centro Couchtisch f\u00fcr Pflegeheime ist mit oder ohne Zwischenboden und mit verschieden grossen Tischplatten erh\u00e4ltlich.","robots":{"index":"index","follow":"follow","max-snippet":"max-snippet:-1","max-image-preview":"max-image-preview:large","max-video-preview":"max-video-preview:-1"},"canonical":"https:\/\/objektmobiliar.ch\/fr\/meubles\/tables-adaptees-aux-soins\/centro-table-basse-pour-maisons-de-repos\/","og_locale":"fr_FR","og_type":"article","og_title":"Centro Couchtisch f\u00fcr Pflegeheime bei OZG","og_description":"Der Centro Couchtisch f\u00fcr Pflegeheime ist mit oder ohne Zwischenboden und mit verschieden grossen Tischplatten erh\u00e4ltlich.","og_url":"https:\/\/objektmobiliar.ch\/fr\/meubles\/tables-adaptees-aux-soins\/centro-table-basse-pour-maisons-de-repos\/","og_site_name":"OZG HEALTHCARE","article_modified_time":"2026-04-17T08:18:55+00:00","og_image":[{"width":1000,"height":1000,"url":"https:\/\/objektmobiliar.ch\/wp-content\/uploads\/2023\/10\/centro-couchtisch.jpg","type":"image\/jpeg"}],"twitter_card":"summary_large_image","twitter_misc":{"Dur\u00e9e de lecture estim\u00e9e":"4 minutes"},"schema":{"@context":"https:\/\/schema.org","@graph":[{"@type":"WebPage","@id":"https:\/\/objektmobiliar.ch\/moebel\/pflegegerechte-tische\/centro-couchtisch-fuer-pflegeheime\/","url":"https:\/\/objektmobiliar.ch\/moebel\/pflegegerechte-tische\/centro-couchtisch-fuer-pflegeheime\/","name":"Centro Table basse pour maisons de repos chez OZG","isPartOf":{"@id":"https:\/\/objektmobiliar.ch\/#website"},"primaryImageOfPage":{"@id":"https:\/\/objektmobiliar.ch\/moebel\/pflegegerechte-tische\/centro-couchtisch-fuer-pflegeheime\/#primaryimage"},"image":{"@id":"https:\/\/objektmobiliar.ch\/moebel\/pflegegerechte-tische\/centro-couchtisch-fuer-pflegeheime\/#primaryimage"},"thumbnailUrl":"https:\/\/objektmobiliar.ch\/wp-content\/uploads\/2023\/10\/centro-couchtisch.jpg","datePublished":"2023-10-16T22:27:45+00:00","dateModified":"2026-04-17T08:18:55+00:00","description":"Der Centro Couchtisch f\u00fcr Pflegeheime ist mit oder ohne Zwischenboden und mit verschieden grossen Tischplatten erh\u00e4ltlich.","breadcrumb":{"@id":"https:\/\/objektmobiliar.ch\/moebel\/pflegegerechte-tische\/centro-couchtisch-fuer-pflegeheime\/#breadcrumb"},"inLanguage":"fr-FR","potentialAction":[{"@type":"ReadAction","target":["https:\/\/objektmobiliar.ch\/moebel\/pflegegerechte-tische\/centro-couchtisch-fuer-pflegeheime\/"]}]},{"@type":"ImageObject","inLanguage":"fr-FR","@id":"https:\/\/objektmobiliar.ch\/moebel\/pflegegerechte-tische\/centro-couchtisch-fuer-pflegeheime\/#primaryimage","url":"https:\/\/objektmobiliar.ch\/wp-content\/uploads\/2023\/10\/centro-couchtisch.jpg","contentUrl":"https:\/\/objektmobiliar.ch\/wp-content\/uploads\/2023\/10\/centro-couchtisch.jpg","width":1000,"height":1000,"caption":"Cetnro Couchtisch f\u00fcr Pflegeheime"},{"@type":"BreadcrumbList","@id":"https:\/\/objektmobiliar.ch\/moebel\/pflegegerechte-tische\/centro-couchtisch-fuer-pflegeheime\/#breadcrumb","itemListElement":[{"@type":"ListItem","position":1,"name":"Startseite","item":"https:\/\/objektmobiliar.ch\/"},{"@type":"ListItem","position":2,"name":"M\u00f6bel","item":"https:\/\/objektmobiliar.ch\/moebel\/"},{"@type":"ListItem","position":3,"name":"Tische","item":"https:\/\/objektmobiliar.ch\/moebel\/pflegegerechte-tische\/"},{"@type":"ListItem","position":4,"name":"Centro Couchtisch"}]},{"@type":"WebSite","@id":"https:\/\/objektmobiliar.ch\/#website","url":"https:\/\/objektmobiliar.ch\/","name":"OZG HEALTHCARE","description":"Mobilier de collectivit\u00e9 pour les soins, les bureaux, les cabinets m\u00e9dicaux et l'h\u00f4tellerie","potentialAction":[{"@type":"SearchAction","target":{"@type":"EntryPoint","urlTemplate":"https:\/\/objektmobiliar.ch\/?s={search_term_string}"},"query-input":{"@type":"PropertyValueSpecification","valueRequired":true,"valueName":"search_term_string"}}],"inLanguage":"fr-FR"}]}},"coauthors":[],"author_meta":{"author_link":"https:\/\/objektmobiliar.ch\/fr\/author\/alex\/","display_name":"Alex"},"relative_dates":{"created":"Publi\u00e9 3 ans il y a","modified":"Mis \u00e0 jour 20 heures il y a"},"absolute_dates":{"created":"Publi\u00e9 le octobre 16, 2023","modified":"Mise \u00e0 jour le avril 17, 2026"},"absolute_dates_time":{"created":"Publi\u00e9 le octobre 16, 2023 10:27 pm","modified":"Mise \u00e0 jour le avril 17, 2026 8:18 am"},"featured_img_caption":"","featured_img":"https:\/\/objektmobiliar.ch\/wp-content\/uploads\/2023\/10\/centro-couchtisch-825x510.jpg","series_order":"","_links":{"self":[{"href":"https:\/\/objektmobiliar.ch\/fr\/wp-json\/wp\/v2\/pages\/728","targetHints":{"allow":["GET"]}}],"collection":[{"href":"https:\/\/objektmobiliar.ch\/fr\/wp-json\/wp\/v2\/pages"}],"about":[{"href":"https:\/\/objektmobiliar.ch\/fr\/wp-json\/wp\/v2\/types\/page"}],"author":[{"embeddable":true,"href":"https:\/\/objektmobiliar.ch\/fr\/wp-json\/wp\/v2\/users\/2"}],"replies":[{"embeddable":true,"href":"https:\/\/objektmobiliar.ch\/fr\/wp-json\/wp\/v2\/comments?post=728"}],"version-history":[{"count":16,"href":"https:\/\/objektmobiliar.ch\/fr\/wp-json\/wp\/v2\/pages\/728\/revisions"}],"predecessor-version":[{"id":6015,"href":"https:\/\/objektmobiliar.ch\/fr\/wp-json\/wp\/v2\/pages\/728\/revisions\/6015"}],"up":[{"embeddable":true,"href":"https:\/\/objektmobiliar.ch\/fr\/wp-json\/wp\/v2\/pages\/640"}],"wp:featuredmedia":[{"embeddable":true,"href":"https:\/\/objektmobiliar.ch\/fr\/wp-json\/wp\/v2\/media\/731"}],"wp:attachment":[{"href":"https:\/\/objektmobiliar.ch\/fr\/wp-json\/wp\/v2\/media?parent=728"}],"curies":[{"name":"wp","href":"https:\/\/api.w.org\/{rel}","templated":true}]}}