{"id":719,"date":"2023-10-16T22:21:49","date_gmt":"2023-10-16T22:21:49","guid":{"rendered":"https:\/\/dev.objektmobiliar.ch\/?page_id=719"},"modified":"2025-10-02T13:24:24","modified_gmt":"2025-10-02T13:24:24","slug":"tables-basses-pour-maisons-de-retraite-3","status":"publish","type":"page","link":"https:\/\/objektmobiliar.ch\/fr\/moebel\/pflegegerechte-tische\/couchtisch-fuer-altersheime\/","title":{"rendered":"Elu Table basse"},"content":{"rendered":"<div class=\"lazyblock-produkt-detail-ozg-Z1eqj0H wp-block-lazyblock-produkt-detail-ozg\"><section class=\"sct\">\r\n      <div class=\"cnt\">\r\n        <div class=\"elmnt-product-desc\">\r\n          <div class=\"product-desc-box\"><img decoding=\"async\" src=\"https:\/\/objektmobiliar.ch\/wp-content\/uploads\/2023\/10\/elu-couchtisch.jpg\" loading=\"lazy\" alt=\"\" class=\"product-desc-img\"><\/div>\r\n          <div class=\"product-desc-txt\">\r\n            <h1 class=\"txt-product-headline\">Elu Table basse<\/h1>\r\n            <h2 class=\"txt-product-subline\">Table basse pour maisons de retraite aux accents raffin\u00e9s<\/h2>\r\n            <div class=\"w-richtext\">\r\n              <p>La table basse ELU pour maisons de retraite s\u00e9duit par son \u00e9l\u00e9gance sobre et ses accents raffin\u00e9s. Cette table s'int\u00e8gre parfaitement \u00e0 l'environnement, notamment dans les maisons de retraite o\u00f9 une atmosph\u00e8re accueillante et confortable est particuli\u00e8rement importante. Son aspect intemporel a un effet apaisant et cr\u00e9e une atmosph\u00e8re agr\u00e9able dans la pi\u00e8ce. Qu'elle soit carr\u00e9e, rectangulaire ou ronde, les formes vari\u00e9es de la table basse ELU s'adaptent \u00e0 tous les int\u00e9rieurs.<\/p>\r\n            <\/div>\r\n            <a onclick=\"splite_loader();\" class=\"btn\">Demander un produit<\/a>\r\n          <\/div>\r\n        <\/div>\r\n      <\/div>\r\n    <\/section><\/div>\n\n<div class=\"lazyblock-produkt-slider-ozg-1pXxHA wp-block-lazyblock-produkt-slider-ozg\"><section class=\"sct\">\r\n  <div class=\"cnt semi\">\r\n    <div class=\"intro-txt\">\r\n        <h2>Mod\u00e8les et versions<\/h2>\r\n    <\/div>\r\n    \r\n    <div class=\"elmnt-similar-products\">\r\n      <div class=\"similar-product\"><img decoding=\"async\" src=\"https:\/\/objektmobiliar.ch\/wp-content\/uploads\/2025\/10\/Couchtisch-Elu-runde-Tischplatte-hell.jpg\" loading=\"eager\" alt=\"\" class=\"similar-product-img\">\r\n        <div class=\"center\">\r\n          <div class=\"w-richtext\">\r\n            <p><strong>Table basse Elu,<\/strong><br>R\u00e9f. 211-0016\/S :<br>Rond, \u00d8 50 x 60 cm<\/p>\r\n          <\/div>\r\n          \r\n        <\/div>\r\n      <\/div>\r\n      <div class=\"similar-product\"><img decoding=\"async\" src=\"https:\/\/objektmobiliar.ch\/wp-content\/uploads\/2025\/10\/Couchtisch-Elu-rund-dunkel-gebeizt.jpg\" loading=\"eager\" alt=\"\" class=\"similar-product-img\">\r\n        <div class=\"center\">\r\n          <div class=\"w-richtext\">\r\n            <p><strong>Table basse Elu,<\/strong><br>R\u00e9f. 211-0016\/S :<br>Rond, \u00d8 50 x 60 cm<\/p>\r\n          <\/div>\r\n          \r\n        <\/div>\r\n      <\/div>\r\n      <div class=\"similar-product\"><img decoding=\"async\" src=\"https:\/\/objektmobiliar.ch\/wp-content\/uploads\/2025\/10\/Couchtisch-Elu-runde-niedrig.jpg\" loading=\"eager\" alt=\"\" class=\"similar-product-img\">\r\n        <div class=\"center\">\r\n          <div class=\"w-richtext\">\r\n            <p><strong>Table basse Elu<\/strong><br>R\u00e9f. 211-0019\/S :<br>Rond, \u00d8 70 x 40 cm,<br>Dimensions sp\u00e9ciales disponibles<\/p>\r\n          <\/div>\r\n          \r\n        <\/div>\r\n      <\/div>\r\n      <div class=\"similar-product\"><img decoding=\"async\" src=\"https:\/\/objektmobiliar.ch\/wp-content\/uploads\/2025\/10\/Couchtisch-Elu-quadratische-Tischplatte.jpg\" loading=\"eager\" alt=\"\" class=\"similar-product-img\">\r\n        <div class=\"center\">\r\n          <div class=\"w-richtext\">\r\n            <p><strong>Table basse Elu,<\/strong><br>R\u00e9f. 211-0015\/S :<br>Angulaire, 70 x 70 x 40 cm,<br>Dimensions sp\u00e9ciales disponibles<\/p>\r\n          <\/div>\r\n          \r\n        <\/div>\r\n      <\/div>\r\n      <div class=\"similar-product\"><img decoding=\"async\" src=\"https:\/\/objektmobiliar.ch\/wp-content\/uploads\/2023\/10\/elu-couchtisch-06.jpg\" loading=\"eager\" alt=\"Table basse Elu\" class=\"similar-product-img\">\r\n        <div class=\"center\">\r\n          <div class=\"w-richtext\">\r\n            <p><strong>Table basse Elu,<\/strong><br>R\u00e9f. 211-0012\/S :<br>100 x 60 x 40 cm<\/p>\r\n          <\/div>\r\n          \r\n        <\/div>\r\n      <\/div>\r\n      <div class=\"similar-product\"><img decoding=\"async\" src=\"https:\/\/objektmobiliar.ch\/wp-content\/uploads\/2025\/10\/Couchtisch-Elu-rechteckig-hoch.jpg\" loading=\"eager\" alt=\"\" class=\"similar-product-img\">\r\n        <div class=\"center\">\r\n          <div class=\"w-richtext\">\r\n            <p><strong>Table basse Elu,<\/strong><br>R\u00e9f. 211-0000\/S :<br>50 x 50 x H60 cm<\/p>\r\n          <\/div>\r\n          \r\n        <\/div>\r\n      <\/div>\r\n    <\/div>\r\n  <\/div>\r\n  \r\n  <div class=\"cnt narrow\">\r\n    <div class=\"similar-products-nav-pos\">\r\n      <div class=\"w-embed\">\r\n        \r\n      <\/div>\r\n    <\/div>\r\n  <\/div>\r\n<\/section><\/div>\n\n<div class=\"lazyblock-text-modul-ozg-Z2pSDu4 wp-block-lazyblock-text-modul-ozg\"><section class=\"sct\">\r\n      <div class=\"cnt narrow\">\r\n        <div class=\"w-richtext\">\r\n            <p><img loading=\"lazy\" decoding=\"async\" class=\"alignnone size-full wp-image-726\" src=\"https:\/\/objektmobiliar.ch\/wp-content\/uploads\/2023\/10\/elu.jpg\" alt=\"\" width=\"1200\" height=\"800\" srcset=\"https:\/\/objektmobiliar.ch\/wp-content\/uploads\/2023\/10\/elu.jpg 1200w, https:\/\/objektmobiliar.ch\/wp-content\/uploads\/2023\/10\/elu-800x533.jpg 800w, https:\/\/objektmobiliar.ch\/wp-content\/uploads\/2023\/10\/elu-768x512.jpg 768w\" sizes=\"auto, (max-width: 1200px) 100vw, 1200px\" \/><\/p>\n<p><strong>Table basse Elu,<\/strong><br \/>R\u00e9f. 211-0016\/S :<br \/>Rond, \u00d8 50 x 60 cm<\/p>\r\n        <\/div>\r\n      <\/div>\r\n    <\/section><\/div>\n\n\n<div class=\"wp-block-group\"><div class=\"wp-block-group__inner-container is-layout-constrained wp-block-group-is-layout-constrained\"><section class=\"sct\">\r\n      <div class=\"cnt narrow\">\r\n        <div class=\"introtxt\">\r\n        <div class=\"w-richtext\">\r\n            <h2>Description du produit<\/h2>\r\n        <\/div>\r\n        <\/div>\r\n        \r\n          \n\n\n<figure class=\"wp-block-table is-style-regular\"><table><thead><tr><th>Art. No.<\/th><th>Description<\/th><\/tr><\/thead><tbody><tr><td>211-0000\/S<\/td><td>Table basse Elu, rectangulaire, 50 x 50 x H60 cm<\/td><\/tr><tr><td>211-0012\/S<\/td><td>Table basse Elu, rectangulaire, 100 x 60 x H40 cm<\/td><\/tr><tr><td>211-0015\/S<\/td><td>Table basse Elu, rectangulaire, 70 x 70 x H40 cm<\/td><\/tr><tr><td>211-0016\/S<\/td><td>Table basse Elu, ronde, \u2205 50 x H60 cm<\/td><\/tr><tr><td>211-0019\/S<\/td><td>Table basse Elu, ronde, \u2205 70 x H40 cm<\/td><\/tr><\/tbody><\/table><\/figure>\n\n\n<\/div><\/section><\/div><\/div>\n\n\n<div class=\"lazyblock-text-modul-ozg-1V2GxC wp-block-lazyblock-text-modul-ozg\"><section class=\"sct\">\r\n      <div class=\"cnt narrow\">\r\n        <div class=\"w-richtext\">\r\n            <h3>ELU Table basse pour maisons de retraite : Un classique du design intemporel<\/h3>\n<p>La table basse ELU pour maisons de retraite s\u00e9duit par son \u00e9l\u00e9gance sobre et ses accents raffin\u00e9s. Dans les maisons de retraite, o\u00f9 une atmosph\u00e8re accueillante est importante, la table s'int\u00e8gre harmonieusement dans l'environnement. Son aspect intemporel a un effet apaisant et cr\u00e9e une atmosph\u00e8re agr\u00e9able dans la pi\u00e8ce. Qu'elle soit carr\u00e9e, rectangulaire ou ronde, la table basse ELU s'adapte \u00e0 tous les int\u00e9rieurs.<\/p>\n<h3>Design filigrane pour une libert\u00e9 de mouvement<\/h3>\n<p>Malgr\u00e9 une finition solide en bois de haute qualit\u00e9, la table basse ELU pour maisons de retraite semble l\u00e9g\u00e8re et filigrane gr\u00e2ce \u00e0 ses pieds fins qui se terminent vers le bas. Cette construction la fait presque flotter et conf\u00e8re \u00e0 la pi\u00e8ce une atmosph\u00e8re ouverte. Dans les maisons de retraite en particulier, o\u00f9 la libert\u00e9 de mouvement est essentielle, le design a\u00e9r\u00e9 offre des avantages, car la table peut \u00eatre facilement d\u00e9plac\u00e9e et ne domine pas visuellement.<\/p>\n<h3>Personnalisable pour chaque \u00e9tablissement<\/h3>\n<p>La table basse ELU offre de nombreuses possibilit\u00e9s d'adaptation pour r\u00e9pondre aux besoins des maisons de retraite. La taille, la hauteur, la forme et le mat\u00e9riau du pied de table, l'\u00e9paisseur du plateau, la forme des bords et les options de patins peuvent \u00eatre choisis individuellement. Gr\u00e2ce \u00e0 cette flexibilit\u00e9 et \u00e0 son design \u00e9l\u00e9gant, la table basse ELU pour maisons de retraite est le choix id\u00e9al pour les espaces communs des maisons de retraite. Diff\u00e9rents <a href=\"https:\/\/objektmobiliar.ch\/fr\/inspiration\/materiaux-et-couleurs\/\">Essences de bois et teintes<\/a> permettent d'assortir parfaitement la table \u00e0 l'ameublement.<\/p>\r\n        <\/div>\r\n      <\/div>\r\n    <\/section><\/div><style class=\"advgb-styles-renderer\">\r\n            .similar-products-nav li {\r\n              overflow: hidden;\r\n              margin: 0px !important;\r\n              flex-grow: 0 !important;\r\n              flex-shrink: 1 !important;\r\n              flex-basis: 12.5% !important;\r\n              border-style: solid;\r\n              border-width: 2px;\r\n              border-color: transparent;\r\n              border-radius: 8px;\r\n              transition-property: border-color;\r\n              transition-duration: 600ms;\r\n              transition-timing-function: ease;\r\n              cursor: pointer;\r\n            }\r\n            .similar-products-nav li.slick-active {\r\n              border-color: #dde7ef;\r\n            }\r\n            @media screen and (max-width:767px) {\r\n              .similar-products-nav li {\r\n                flex-basis: auto !important;\r\n                border-radius: 8px;\r\n                padding-top: 8px;\r\n                padding-right: 16px;\r\n                padding-bottom: 6px;\r\n                padding-left: 16px;\r\n              }\r\n              .similar-products-nav li.slick-active {\r\n                background-color: #dde7ef;\r\n                transition-property: background-color, border-color;\r\n                transition-duration: 600ms, 200ms;\r\n                transition-timing-function: ease, ease;\r\n                color: #426b8a;\r\n              }\r\n            }\r\n          <\/style>","protected":false},"excerpt":{"rendered":"<p>Trotz ihres klassisch anmutenden Looks offenbart die Serie ELU beim zweiten Blick eine Designraffinesse, die sich abhebt und zu begeistern weiss. Ob quadratisch, rechteckig oder rund, die Serie ELU \u00fcberzeugt in jeder Form.<\/p>","protected":false},"author":2,"featured_media":724,"parent":640,"menu_order":0,"comment_status":"closed","ping_status":"closed","template":"","meta":{"advgb_blocks_editor_width":"","advgb_blocks_columns_visual_guide":"","footnotes":""},"class_list":["post-719","page","type-page","status-publish","has-post-thumbnail","hentry"],"yoast_head":"<!-- This site is optimized with the Yoast SEO plugin v27.4 - https:\/\/yoast.com\/product\/yoast-seo-wordpress\/ -->\n<title>Couchtisch f\u00fcr Altersheime bei OZG<\/title>\n<meta name=\"description\" content=\"Der ELU Couchtisch f\u00fcr Altersheime \u00fcberzeugt mit seiner schlichten Eleganz und seinen raffinierten Akzenten.\" \/>\n<meta name=\"robots\" content=\"index, follow, max-snippet:-1, max-image-preview:large, max-video-preview:-1\" \/>\n<link rel=\"canonical\" href=\"https:\/\/objektmobiliar.ch\/fr\/meubles\/tables-adaptees-aux-soins\/tables-basses-pour-maisons-de-retraite-3\/\" \/>\n<meta property=\"og:locale\" content=\"fr_FR\" \/>\n<meta property=\"og:type\" content=\"article\" \/>\n<meta property=\"og:title\" content=\"Couchtisch f\u00fcr Altersheime bei OZG\" \/>\n<meta property=\"og:description\" content=\"Der ELU Couchtisch f\u00fcr Altersheime \u00fcberzeugt mit seiner schlichten Eleganz und seinen raffinierten Akzenten.\" \/>\n<meta property=\"og:url\" content=\"https:\/\/objektmobiliar.ch\/fr\/meubles\/tables-adaptees-aux-soins\/tables-basses-pour-maisons-de-retraite-3\/\" \/>\n<meta property=\"og:site_name\" content=\"OZG HEALTHCARE\" \/>\n<meta property=\"article:modified_time\" content=\"2025-10-02T13:24:24+00:00\" \/>\n<meta property=\"og:image\" content=\"https:\/\/objektmobiliar.ch\/wp-content\/uploads\/2023\/10\/elu-couchtisch.jpg\" \/>\n\t<meta property=\"og:image:width\" content=\"1000\" \/>\n\t<meta property=\"og:image:height\" content=\"1000\" \/>\n\t<meta property=\"og:image:type\" content=\"image\/jpeg\" \/>\n<meta name=\"twitter:card\" content=\"summary_large_image\" \/>\n<meta name=\"twitter:label1\" content=\"Dur\u00e9e de lecture estim\u00e9e\" \/>\n\t<meta name=\"twitter:data1\" content=\"4 minutes\" \/>\n<script type=\"application\/ld+json\" class=\"yoast-schema-graph\">{\"@context\":\"https:\\\/\\\/schema.org\",\"@graph\":[{\"@type\":\"WebPage\",\"@id\":\"https:\\\/\\\/objektmobiliar.ch\\\/moebel\\\/pflegegerechte-tische\\\/couchtisch-fuer-altersheime\\\/\",\"url\":\"https:\\\/\\\/objektmobiliar.ch\\\/moebel\\\/pflegegerechte-tische\\\/couchtisch-fuer-altersheime\\\/\",\"name\":\"Couchtisch f\u00fcr Altersheime bei OZG\",\"isPartOf\":{\"@id\":\"https:\\\/\\\/objektmobiliar.ch\\\/#website\"},\"primaryImageOfPage\":{\"@id\":\"https:\\\/\\\/objektmobiliar.ch\\\/moebel\\\/pflegegerechte-tische\\\/couchtisch-fuer-altersheime\\\/#primaryimage\"},\"image\":{\"@id\":\"https:\\\/\\\/objektmobiliar.ch\\\/moebel\\\/pflegegerechte-tische\\\/couchtisch-fuer-altersheime\\\/#primaryimage\"},\"thumbnailUrl\":\"https:\\\/\\\/objektmobiliar.ch\\\/wp-content\\\/uploads\\\/2023\\\/10\\\/elu-couchtisch.jpg\",\"datePublished\":\"2023-10-16T22:21:49+00:00\",\"dateModified\":\"2025-10-02T13:24:24+00:00\",\"description\":\"Der ELU Couchtisch f\u00fcr Altersheime \u00fcberzeugt mit seiner schlichten Eleganz und seinen raffinierten Akzenten.\",\"breadcrumb\":{\"@id\":\"https:\\\/\\\/objektmobiliar.ch\\\/moebel\\\/pflegegerechte-tische\\\/couchtisch-fuer-altersheime\\\/#breadcrumb\"},\"inLanguage\":\"fr-FR\",\"potentialAction\":[{\"@type\":\"ReadAction\",\"target\":[\"https:\\\/\\\/objektmobiliar.ch\\\/moebel\\\/pflegegerechte-tische\\\/couchtisch-fuer-altersheime\\\/\"]}]},{\"@type\":\"ImageObject\",\"inLanguage\":\"fr-FR\",\"@id\":\"https:\\\/\\\/objektmobiliar.ch\\\/moebel\\\/pflegegerechte-tische\\\/couchtisch-fuer-altersheime\\\/#primaryimage\",\"url\":\"https:\\\/\\\/objektmobiliar.ch\\\/wp-content\\\/uploads\\\/2023\\\/10\\\/elu-couchtisch.jpg\",\"contentUrl\":\"https:\\\/\\\/objektmobiliar.ch\\\/wp-content\\\/uploads\\\/2023\\\/10\\\/elu-couchtisch.jpg\",\"width\":1000,\"height\":1000,\"caption\":\"Couchtisch f\u00fcr Altersheime\"},{\"@type\":\"BreadcrumbList\",\"@id\":\"https:\\\/\\\/objektmobiliar.ch\\\/moebel\\\/pflegegerechte-tische\\\/couchtisch-fuer-altersheime\\\/#breadcrumb\",\"itemListElement\":[{\"@type\":\"ListItem\",\"position\":1,\"name\":\"Startseite\",\"item\":\"https:\\\/\\\/objektmobiliar.ch\\\/\"},{\"@type\":\"ListItem\",\"position\":2,\"name\":\"M\u00f6bel\",\"item\":\"https:\\\/\\\/objektmobiliar.ch\\\/moebel\\\/\"},{\"@type\":\"ListItem\",\"position\":3,\"name\":\"Tische\",\"item\":\"https:\\\/\\\/objektmobiliar.ch\\\/moebel\\\/pflegegerechte-tische\\\/\"},{\"@type\":\"ListItem\",\"position\":4,\"name\":\"Elu Couchtisch\"}]},{\"@type\":\"WebSite\",\"@id\":\"https:\\\/\\\/objektmobiliar.ch\\\/#website\",\"url\":\"https:\\\/\\\/objektmobiliar.ch\\\/\",\"name\":\"OZG HEALTHCARE\",\"description\":\"Objektmobiliar f\u00fcr Pflege, B\u00fcro, Praxis &amp; Hotellerie\",\"potentialAction\":[{\"@type\":\"SearchAction\",\"target\":{\"@type\":\"EntryPoint\",\"urlTemplate\":\"https:\\\/\\\/objektmobiliar.ch\\\/?s={search_term_string}\"},\"query-input\":{\"@type\":\"PropertyValueSpecification\",\"valueRequired\":true,\"valueName\":\"search_term_string\"}}],\"inLanguage\":\"fr-FR\"}]}<\/script>\n<!-- \/ Yoast SEO plugin. -->","yoast_head_json":{"title":"Table basse pour maisons de retraite chez OZG","description":"La table basse ELU pour maisons de retraite s\u00e9duit par son \u00e9l\u00e9gance sobre et ses accents raffin\u00e9s.","robots":{"index":"index","follow":"follow","max-snippet":"max-snippet:-1","max-image-preview":"max-image-preview:large","max-video-preview":"max-video-preview:-1"},"canonical":"https:\/\/objektmobiliar.ch\/fr\/meubles\/tables-adaptees-aux-soins\/tables-basses-pour-maisons-de-retraite-3\/","og_locale":"fr_FR","og_type":"article","og_title":"Couchtisch f\u00fcr Altersheime bei OZG","og_description":"Der ELU Couchtisch f\u00fcr Altersheime \u00fcberzeugt mit seiner schlichten Eleganz und seinen raffinierten Akzenten.","og_url":"https:\/\/objektmobiliar.ch\/fr\/meubles\/tables-adaptees-aux-soins\/tables-basses-pour-maisons-de-retraite-3\/","og_site_name":"OZG HEALTHCARE","article_modified_time":"2025-10-02T13:24:24+00:00","og_image":[{"width":1000,"height":1000,"url":"https:\/\/objektmobiliar.ch\/wp-content\/uploads\/2023\/10\/elu-couchtisch.jpg","type":"image\/jpeg"}],"twitter_card":"summary_large_image","twitter_misc":{"Dur\u00e9e de lecture estim\u00e9e":"4 minutes"},"schema":{"@context":"https:\/\/schema.org","@graph":[{"@type":"WebPage","@id":"https:\/\/objektmobiliar.ch\/moebel\/pflegegerechte-tische\/couchtisch-fuer-altersheime\/","url":"https:\/\/objektmobiliar.ch\/moebel\/pflegegerechte-tische\/couchtisch-fuer-altersheime\/","name":"Table basse pour maisons de retraite chez OZG","isPartOf":{"@id":"https:\/\/objektmobiliar.ch\/#website"},"primaryImageOfPage":{"@id":"https:\/\/objektmobiliar.ch\/moebel\/pflegegerechte-tische\/couchtisch-fuer-altersheime\/#primaryimage"},"image":{"@id":"https:\/\/objektmobiliar.ch\/moebel\/pflegegerechte-tische\/couchtisch-fuer-altersheime\/#primaryimage"},"thumbnailUrl":"https:\/\/objektmobiliar.ch\/wp-content\/uploads\/2023\/10\/elu-couchtisch.jpg","datePublished":"2023-10-16T22:21:49+00:00","dateModified":"2025-10-02T13:24:24+00:00","description":"La table basse ELU pour maisons de retraite s\u00e9duit par son \u00e9l\u00e9gance sobre et ses accents raffin\u00e9s.","breadcrumb":{"@id":"https:\/\/objektmobiliar.ch\/moebel\/pflegegerechte-tische\/couchtisch-fuer-altersheime\/#breadcrumb"},"inLanguage":"fr-FR","potentialAction":[{"@type":"ReadAction","target":["https:\/\/objektmobiliar.ch\/moebel\/pflegegerechte-tische\/couchtisch-fuer-altersheime\/"]}]},{"@type":"ImageObject","inLanguage":"fr-FR","@id":"https:\/\/objektmobiliar.ch\/moebel\/pflegegerechte-tische\/couchtisch-fuer-altersheime\/#primaryimage","url":"https:\/\/objektmobiliar.ch\/wp-content\/uploads\/2023\/10\/elu-couchtisch.jpg","contentUrl":"https:\/\/objektmobiliar.ch\/wp-content\/uploads\/2023\/10\/elu-couchtisch.jpg","width":1000,"height":1000,"caption":"Couchtisch f\u00fcr Altersheime"},{"@type":"BreadcrumbList","@id":"https:\/\/objektmobiliar.ch\/moebel\/pflegegerechte-tische\/couchtisch-fuer-altersheime\/#breadcrumb","itemListElement":[{"@type":"ListItem","position":1,"name":"Startseite","item":"https:\/\/objektmobiliar.ch\/"},{"@type":"ListItem","position":2,"name":"M\u00f6bel","item":"https:\/\/objektmobiliar.ch\/moebel\/"},{"@type":"ListItem","position":3,"name":"Tische","item":"https:\/\/objektmobiliar.ch\/moebel\/pflegegerechte-tische\/"},{"@type":"ListItem","position":4,"name":"Elu Couchtisch"}]},{"@type":"WebSite","@id":"https:\/\/objektmobiliar.ch\/#website","url":"https:\/\/objektmobiliar.ch\/","name":"OZG HEALTHCARE","description":"Mobilier de collectivit\u00e9 pour les soins, les bureaux, les cabinets m\u00e9dicaux et l'h\u00f4tellerie","potentialAction":[{"@type":"SearchAction","target":{"@type":"EntryPoint","urlTemplate":"https:\/\/objektmobiliar.ch\/?s={search_term_string}"},"query-input":{"@type":"PropertyValueSpecification","valueRequired":true,"valueName":"search_term_string"}}],"inLanguage":"fr-FR"}]}},"coauthors":[],"author_meta":{"author_link":"https:\/\/objektmobiliar.ch\/fr\/author\/alex\/","display_name":"Alex"},"relative_dates":{"created":"Publi\u00e9 3 ans il y a","modified":"Mis \u00e0 jour 7 mois il y a"},"absolute_dates":{"created":"Publi\u00e9 le octobre 16, 2023","modified":"Mise \u00e0 jour le octobre 2, 2025"},"absolute_dates_time":{"created":"Publi\u00e9 le octobre 16, 2023 10:21 pm","modified":"Mise \u00e0 jour le octobre 2, 2025 1:24 pm"},"featured_img_caption":"","featured_img":"https:\/\/objektmobiliar.ch\/wp-content\/uploads\/2023\/10\/elu-couchtisch-825x510.jpg","series_order":"","_links":{"self":[{"href":"https:\/\/objektmobiliar.ch\/fr\/wp-json\/wp\/v2\/pages\/719","targetHints":{"allow":["GET"]}}],"collection":[{"href":"https:\/\/objektmobiliar.ch\/fr\/wp-json\/wp\/v2\/pages"}],"about":[{"href":"https:\/\/objektmobiliar.ch\/fr\/wp-json\/wp\/v2\/types\/page"}],"author":[{"embeddable":true,"href":"https:\/\/objektmobiliar.ch\/fr\/wp-json\/wp\/v2\/users\/2"}],"replies":[{"embeddable":true,"href":"https:\/\/objektmobiliar.ch\/fr\/wp-json\/wp\/v2\/comments?post=719"}],"version-history":[{"count":17,"href":"https:\/\/objektmobiliar.ch\/fr\/wp-json\/wp\/v2\/pages\/719\/revisions"}],"predecessor-version":[{"id":5603,"href":"https:\/\/objektmobiliar.ch\/fr\/wp-json\/wp\/v2\/pages\/719\/revisions\/5603"}],"up":[{"embeddable":true,"href":"https:\/\/objektmobiliar.ch\/fr\/wp-json\/wp\/v2\/pages\/640"}],"wp:featuredmedia":[{"embeddable":true,"href":"https:\/\/objektmobiliar.ch\/fr\/wp-json\/wp\/v2\/media\/724"}],"wp:attachment":[{"href":"https:\/\/objektmobiliar.ch\/fr\/wp-json\/wp\/v2\/media?parent=719"}],"curies":[{"name":"wp","href":"https:\/\/api.w.org\/{rel}","templated":true}]}}