{"id":711,"date":"2023-10-16T21:53:33","date_gmt":"2023-10-16T21:53:33","guid":{"rendered":"https:\/\/dev.objektmobiliar.ch\/?page_id=711"},"modified":"2024-10-03T07:40:46","modified_gmt":"2024-10-03T07:40:46","slug":"tables-basses-pour-maisons-de-retraite","status":"publish","type":"page","link":"https:\/\/objektmobiliar.ch\/fr\/moebel\/pflegegerechte-tische\/couchtisch-fuer-seniorenheime\/","title":{"rendered":"Amos Table basse"},"content":{"rendered":"<div class=\"lazyblock-produkt-detail-ozg-1iOKw7 wp-block-lazyblock-produkt-detail-ozg\"><section class=\"sct\">\r\n      <div class=\"cnt\">\r\n        <div class=\"elmnt-product-desc\">\r\n          <div class=\"product-desc-box\"><img decoding=\"async\" src=\"https:\/\/objektmobiliar.ch\/wp-content\/uploads\/2023\/10\/amos-couchtisch.jpg\" loading=\"lazy\" alt=\"\" class=\"product-desc-img\"><\/div>\r\n          <div class=\"product-desc-txt\">\r\n            <h1 class=\"txt-product-headline\">Amos Table basse<\/h1>\r\n            <h2 class=\"txt-product-subline\">Table basse pour les maisons de retraite<\/h2>\r\n            <div class=\"w-richtext\">\r\n              <p>Notre table basse pour maisons de retraite s\u00e9duit par son design minimaliste et ses pieds l\u00e9g\u00e8rement \u00e9vas\u00e9s. Elle est certainement stable et offre une grande surface de rangement. Fabriqu\u00e9e en bois massif de haute qualit\u00e9, clair ou dans diff\u00e9rentes teintes, elle promet de grands moments de vie et compl\u00e8te harmonieusement votre int\u00e9rieur. Avec ses dimensions de 100x60xH50 cm, elle s'int\u00e8gre parfaitement comme table d'appoint dans les groupes de si\u00e8ges et les espaces lounge.<\/p>\r\n            <\/div>\r\n            <a onclick=\"splite_loader();\" class=\"btn\">Demander un produit<\/a>\r\n          <\/div>\r\n        <\/div>\r\n      <\/div>\r\n    <\/section><\/div>\n\n<div class=\"lazyblock-text-modul-ozg-NpzEv wp-block-lazyblock-text-modul-ozg\"><section class=\"sct\">\r\n      <div class=\"cnt narrow\">\r\n        <div class=\"w-richtext\">\r\n            <p><img loading=\"lazy\" decoding=\"async\" class=\"alignnone size-full wp-image-710\" src=\"https:\/\/objektmobiliar.ch\/wp-content\/uploads\/2023\/10\/211-1271-s_couchtisch-amos_ambiente-520.jpg\" alt=\"Amos Table basse\" width=\"520\" height=\"347\" \/><\/p>\n<p><strong>Amos Table basse<\/strong><br \/>R\u00e9f. 211-1271\/S<br \/>rectangulaire, 100x60xH50 cm<\/p>\r\n        <\/div>\r\n      <\/div>\r\n    <\/section><\/div>\n\n\n<div class=\"wp-block-group\"><div class=\"wp-block-group__inner-container is-layout-constrained wp-block-group-is-layout-constrained\"><section class=\"sct\">\r\n      <div class=\"cnt narrow\">\r\n        <div class=\"introtxt\">\r\n        <div class=\"w-richtext\">\r\n            <h2>Description du produit<\/h2>\r\n        <\/div>\r\n        <\/div>\r\n        \r\n          \n\n\n<figure class=\"wp-block-table is-style-regular\"><table><thead><tr><th>Art. No.<\/th><th>Description<\/th><\/tr><\/thead><tbody><tr><td>211-1271\/S<\/td><td>Amos table basse, rectangulaire, 100x60xH50 cm<\/td><\/tr><\/tbody><\/table><\/figure>\n\n\n<\/div><\/section><\/div><\/div>\n\n\n<div class=\"lazyblock-text-modul-ozg-Z1Q92t3 wp-block-lazyblock-text-modul-ozg\"><section class=\"sct\">\r\n      <div class=\"cnt narrow\">\r\n        <div class=\"w-richtext\">\r\n            <h3>maisons de soins : Une table basse fonctionnelle \u00e0 l'\u00e9l\u00e9gance intemporelle\u00a0<\/h3>\n<p>La table basse pour maisons de retraite allie une \u00e9l\u00e9gance fonctionnelle \u00e0 un design intemporel, ce qui en fait le choix id\u00e9al pour les \u00e9tablissements qui accordent de l'importance \u00e0 un mobilier attrayant et pratique. Avec son design sobre et ses pieds l\u00e9g\u00e8rement \u00e9vas\u00e9s, la table apporte \u00e0 la fois stabilit\u00e9 et style aux salles de s\u00e9jour, aux salons ou aux zones d'accueil. Sa forme rectangulaire g\u00e9n\u00e9reuse (100\u00d760 cm) et sa hauteur de 50 cm offrent suffisamment de place pour les boissons, les livres ou la d\u00e9coration, sans pour autant occuper beaucoup d'espace.<\/p>\n<h3>Table basse Amos : vari\u00e9t\u00e9 d'essences de bois et de teintes pour une ambiance chaleureuse\u00a0<\/h3>\n<p>Fabriqu\u00e9e en bois massif de qualit\u00e9, la table basse Amos est disponible en diff\u00e9rentes essences de bois et teintes afin de s'adapter au mieux \u00e0 l'am\u00e9nagement existant de la pi\u00e8ce et aux souhaits de ses occupants. Les \u00e9l\u00e9ments en bois naturel cr\u00e9ent une atmosph\u00e8re chaleureuse et accueillante qui augmente le bien-\u00eatre et contribue \u00e0 des moments de d\u00e9tente.<\/p>\n<h3>Table basse Amos : stabilit\u00e9 et compl\u00e9ment \u00e9l\u00e9gant pour chaque maison de repos\u00a0<\/h3>\n<p>Gr\u00e2ce \u00e0 sa construction robuste et \u00e0 ses dimensions pratiques, la table basse Amos pour maisons de retraite s'int\u00e8gre sans peine dans tout salon ou groupe de si\u00e8ges. Elle offre non seulement une surface de rangement utile, mais conf\u00e8re en outre \u00e0 la maison de retraite une ambiance \u00e9l\u00e9gante et soign\u00e9e. La table combine fonctionnalit\u00e9 et design esth\u00e9tique et permet ainsi de cr\u00e9er un environnement confortable et attrayant. Faites votre choix parmi une multitude de <a href=\"https:\/\/objektmobiliar.ch\/fr\/inspiration\/materiaux-et-couleurs\/\">Essences de bois et teintes <\/a>la variante qui s'adapte le mieux \u00e0 votre int\u00e9rieur.<\/p>\r\n        <\/div>\r\n      <\/div>\r\n    <\/section><\/div>","protected":false},"excerpt":{"rendered":"<p>Unser Couchtisch Amos \u00fcberzeugt durch sein minimalistisches Design mit leicht ausgestellten Beinen. Er ist sicher stabil und bietet viel Ablagefl\u00e4che.<\/p>","protected":false},"author":2,"featured_media":709,"parent":640,"menu_order":0,"comment_status":"closed","ping_status":"closed","template":"","meta":{"advgb_blocks_editor_width":"","advgb_blocks_columns_visual_guide":"","footnotes":""},"class_list":["post-711","page","type-page","status-publish","has-post-thumbnail","hentry"],"yoast_head":"<!-- This site is optimized with the Yoast SEO plugin v27.4 - https:\/\/yoast.com\/product\/yoast-seo-wordpress\/ -->\n<title>Couchtisch f\u00fcr Seniorenheime<\/title>\n<meta name=\"description\" content=\"Der Couchtisch f\u00fcr Seniorenheime \u00fcberzeugt durch sein minimalistisches Design mit leicht ausgestellten Beinen.\" \/>\n<meta name=\"robots\" content=\"index, follow, max-snippet:-1, max-image-preview:large, max-video-preview:-1\" \/>\n<link rel=\"canonical\" href=\"https:\/\/objektmobiliar.ch\/fr\/meubles\/tables-adaptees-aux-soins\/tables-basses-pour-maisons-de-retraite\/\" \/>\n<meta property=\"og:locale\" content=\"fr_FR\" \/>\n<meta property=\"og:type\" content=\"article\" \/>\n<meta property=\"og:title\" content=\"Couchtisch f\u00fcr Seniorenheime\" \/>\n<meta property=\"og:description\" content=\"Der Couchtisch f\u00fcr Seniorenheime \u00fcberzeugt durch sein minimalistisches Design mit leicht ausgestellten Beinen.\" \/>\n<meta property=\"og:url\" content=\"https:\/\/objektmobiliar.ch\/fr\/meubles\/tables-adaptees-aux-soins\/tables-basses-pour-maisons-de-retraite\/\" \/>\n<meta property=\"og:site_name\" content=\"OZG HEALTHCARE\" \/>\n<meta property=\"article:modified_time\" content=\"2024-10-03T07:40:46+00:00\" \/>\n<meta property=\"og:image\" content=\"https:\/\/objektmobiliar.ch\/wp-content\/uploads\/2023\/10\/amos-couchtisch.jpg\" \/>\n\t<meta property=\"og:image:width\" content=\"1000\" \/>\n\t<meta property=\"og:image:height\" content=\"1000\" \/>\n\t<meta property=\"og:image:type\" content=\"image\/jpeg\" \/>\n<meta name=\"twitter:card\" content=\"summary_large_image\" \/>\n<meta name=\"twitter:label1\" content=\"Dur\u00e9e de lecture estim\u00e9e\" \/>\n\t<meta name=\"twitter:data1\" content=\"3 minutes\" \/>\n<script type=\"application\/ld+json\" class=\"yoast-schema-graph\">{\"@context\":\"https:\\\/\\\/schema.org\",\"@graph\":[{\"@type\":\"WebPage\",\"@id\":\"https:\\\/\\\/objektmobiliar.ch\\\/moebel\\\/pflegegerechte-tische\\\/couchtisch-fuer-seniorenheime\\\/\",\"url\":\"https:\\\/\\\/objektmobiliar.ch\\\/moebel\\\/pflegegerechte-tische\\\/couchtisch-fuer-seniorenheime\\\/\",\"name\":\"Couchtisch f\u00fcr Seniorenheime\",\"isPartOf\":{\"@id\":\"https:\\\/\\\/objektmobiliar.ch\\\/#website\"},\"primaryImageOfPage\":{\"@id\":\"https:\\\/\\\/objektmobiliar.ch\\\/moebel\\\/pflegegerechte-tische\\\/couchtisch-fuer-seniorenheime\\\/#primaryimage\"},\"image\":{\"@id\":\"https:\\\/\\\/objektmobiliar.ch\\\/moebel\\\/pflegegerechte-tische\\\/couchtisch-fuer-seniorenheime\\\/#primaryimage\"},\"thumbnailUrl\":\"https:\\\/\\\/objektmobiliar.ch\\\/wp-content\\\/uploads\\\/2023\\\/10\\\/amos-couchtisch.jpg\",\"datePublished\":\"2023-10-16T21:53:33+00:00\",\"dateModified\":\"2024-10-03T07:40:46+00:00\",\"description\":\"Der Couchtisch f\u00fcr Seniorenheime \u00fcberzeugt durch sein minimalistisches Design mit leicht ausgestellten Beinen.\",\"breadcrumb\":{\"@id\":\"https:\\\/\\\/objektmobiliar.ch\\\/moebel\\\/pflegegerechte-tische\\\/couchtisch-fuer-seniorenheime\\\/#breadcrumb\"},\"inLanguage\":\"fr-FR\",\"potentialAction\":[{\"@type\":\"ReadAction\",\"target\":[\"https:\\\/\\\/objektmobiliar.ch\\\/moebel\\\/pflegegerechte-tische\\\/couchtisch-fuer-seniorenheime\\\/\"]}]},{\"@type\":\"ImageObject\",\"inLanguage\":\"fr-FR\",\"@id\":\"https:\\\/\\\/objektmobiliar.ch\\\/moebel\\\/pflegegerechte-tische\\\/couchtisch-fuer-seniorenheime\\\/#primaryimage\",\"url\":\"https:\\\/\\\/objektmobiliar.ch\\\/wp-content\\\/uploads\\\/2023\\\/10\\\/amos-couchtisch.jpg\",\"contentUrl\":\"https:\\\/\\\/objektmobiliar.ch\\\/wp-content\\\/uploads\\\/2023\\\/10\\\/amos-couchtisch.jpg\",\"width\":1000,\"height\":1000,\"caption\":\"Amos Couchtisch\"},{\"@type\":\"BreadcrumbList\",\"@id\":\"https:\\\/\\\/objektmobiliar.ch\\\/moebel\\\/pflegegerechte-tische\\\/couchtisch-fuer-seniorenheime\\\/#breadcrumb\",\"itemListElement\":[{\"@type\":\"ListItem\",\"position\":1,\"name\":\"Startseite\",\"item\":\"https:\\\/\\\/objektmobiliar.ch\\\/\"},{\"@type\":\"ListItem\",\"position\":2,\"name\":\"M\u00f6bel\",\"item\":\"https:\\\/\\\/objektmobiliar.ch\\\/moebel\\\/\"},{\"@type\":\"ListItem\",\"position\":3,\"name\":\"Tische\",\"item\":\"https:\\\/\\\/objektmobiliar.ch\\\/moebel\\\/pflegegerechte-tische\\\/\"},{\"@type\":\"ListItem\",\"position\":4,\"name\":\"Amos Couchtisch\"}]},{\"@type\":\"WebSite\",\"@id\":\"https:\\\/\\\/objektmobiliar.ch\\\/#website\",\"url\":\"https:\\\/\\\/objektmobiliar.ch\\\/\",\"name\":\"OZG HEALTHCARE\",\"description\":\"Objektmobiliar f\u00fcr Pflege, B\u00fcro, Praxis &amp; Hotellerie\",\"potentialAction\":[{\"@type\":\"SearchAction\",\"target\":{\"@type\":\"EntryPoint\",\"urlTemplate\":\"https:\\\/\\\/objektmobiliar.ch\\\/?s={search_term_string}\"},\"query-input\":{\"@type\":\"PropertyValueSpecification\",\"valueRequired\":true,\"valueName\":\"search_term_string\"}}],\"inLanguage\":\"fr-FR\"}]}<\/script>\n<!-- \/ Yoast SEO plugin. -->","yoast_head_json":{"title":"Table basse pour les maisons de retraite","description":"La table basse pour maisons de retraite s\u00e9duit par son design minimaliste et ses pieds l\u00e9g\u00e8rement \u00e9vas\u00e9s.","robots":{"index":"index","follow":"follow","max-snippet":"max-snippet:-1","max-image-preview":"max-image-preview:large","max-video-preview":"max-video-preview:-1"},"canonical":"https:\/\/objektmobiliar.ch\/fr\/meubles\/tables-adaptees-aux-soins\/tables-basses-pour-maisons-de-retraite\/","og_locale":"fr_FR","og_type":"article","og_title":"Couchtisch f\u00fcr Seniorenheime","og_description":"Der Couchtisch f\u00fcr Seniorenheime \u00fcberzeugt durch sein minimalistisches Design mit leicht ausgestellten Beinen.","og_url":"https:\/\/objektmobiliar.ch\/fr\/meubles\/tables-adaptees-aux-soins\/tables-basses-pour-maisons-de-retraite\/","og_site_name":"OZG HEALTHCARE","article_modified_time":"2024-10-03T07:40:46+00:00","og_image":[{"width":1000,"height":1000,"url":"https:\/\/objektmobiliar.ch\/wp-content\/uploads\/2023\/10\/amos-couchtisch.jpg","type":"image\/jpeg"}],"twitter_card":"summary_large_image","twitter_misc":{"Dur\u00e9e de lecture estim\u00e9e":"3 minutes"},"schema":{"@context":"https:\/\/schema.org","@graph":[{"@type":"WebPage","@id":"https:\/\/objektmobiliar.ch\/moebel\/pflegegerechte-tische\/couchtisch-fuer-seniorenheime\/","url":"https:\/\/objektmobiliar.ch\/moebel\/pflegegerechte-tische\/couchtisch-fuer-seniorenheime\/","name":"Table basse pour les maisons de retraite","isPartOf":{"@id":"https:\/\/objektmobiliar.ch\/#website"},"primaryImageOfPage":{"@id":"https:\/\/objektmobiliar.ch\/moebel\/pflegegerechte-tische\/couchtisch-fuer-seniorenheime\/#primaryimage"},"image":{"@id":"https:\/\/objektmobiliar.ch\/moebel\/pflegegerechte-tische\/couchtisch-fuer-seniorenheime\/#primaryimage"},"thumbnailUrl":"https:\/\/objektmobiliar.ch\/wp-content\/uploads\/2023\/10\/amos-couchtisch.jpg","datePublished":"2023-10-16T21:53:33+00:00","dateModified":"2024-10-03T07:40:46+00:00","description":"La table basse pour maisons de retraite s\u00e9duit par son design minimaliste et ses pieds l\u00e9g\u00e8rement \u00e9vas\u00e9s.","breadcrumb":{"@id":"https:\/\/objektmobiliar.ch\/moebel\/pflegegerechte-tische\/couchtisch-fuer-seniorenheime\/#breadcrumb"},"inLanguage":"fr-FR","potentialAction":[{"@type":"ReadAction","target":["https:\/\/objektmobiliar.ch\/moebel\/pflegegerechte-tische\/couchtisch-fuer-seniorenheime\/"]}]},{"@type":"ImageObject","inLanguage":"fr-FR","@id":"https:\/\/objektmobiliar.ch\/moebel\/pflegegerechte-tische\/couchtisch-fuer-seniorenheime\/#primaryimage","url":"https:\/\/objektmobiliar.ch\/wp-content\/uploads\/2023\/10\/amos-couchtisch.jpg","contentUrl":"https:\/\/objektmobiliar.ch\/wp-content\/uploads\/2023\/10\/amos-couchtisch.jpg","width":1000,"height":1000,"caption":"Amos Couchtisch"},{"@type":"BreadcrumbList","@id":"https:\/\/objektmobiliar.ch\/moebel\/pflegegerechte-tische\/couchtisch-fuer-seniorenheime\/#breadcrumb","itemListElement":[{"@type":"ListItem","position":1,"name":"Startseite","item":"https:\/\/objektmobiliar.ch\/"},{"@type":"ListItem","position":2,"name":"M\u00f6bel","item":"https:\/\/objektmobiliar.ch\/moebel\/"},{"@type":"ListItem","position":3,"name":"Tische","item":"https:\/\/objektmobiliar.ch\/moebel\/pflegegerechte-tische\/"},{"@type":"ListItem","position":4,"name":"Amos Couchtisch"}]},{"@type":"WebSite","@id":"https:\/\/objektmobiliar.ch\/#website","url":"https:\/\/objektmobiliar.ch\/","name":"OZG HEALTHCARE","description":"Mobilier de collectivit\u00e9 pour les soins, les bureaux, les cabinets m\u00e9dicaux et l'h\u00f4tellerie","potentialAction":[{"@type":"SearchAction","target":{"@type":"EntryPoint","urlTemplate":"https:\/\/objektmobiliar.ch\/?s={search_term_string}"},"query-input":{"@type":"PropertyValueSpecification","valueRequired":true,"valueName":"search_term_string"}}],"inLanguage":"fr-FR"}]}},"coauthors":[],"author_meta":{"author_link":"https:\/\/objektmobiliar.ch\/fr\/author\/alex\/","display_name":"Alex"},"relative_dates":{"created":"Publi\u00e9 3 ans il y a","modified":"Mis \u00e0 jour 2 ans il y a"},"absolute_dates":{"created":"Publi\u00e9 le octobre 16, 2023","modified":"Mise \u00e0 jour le octobre 3, 2024"},"absolute_dates_time":{"created":"Publi\u00e9 le octobre 16, 2023 9:53 pm","modified":"Mise \u00e0 jour le octobre 3, 2024 7:40 am"},"featured_img_caption":"","featured_img":"https:\/\/objektmobiliar.ch\/wp-content\/uploads\/2023\/10\/amos-couchtisch-825x510.jpg","series_order":"","_links":{"self":[{"href":"https:\/\/objektmobiliar.ch\/fr\/wp-json\/wp\/v2\/pages\/711","targetHints":{"allow":["GET"]}}],"collection":[{"href":"https:\/\/objektmobiliar.ch\/fr\/wp-json\/wp\/v2\/pages"}],"about":[{"href":"https:\/\/objektmobiliar.ch\/fr\/wp-json\/wp\/v2\/types\/page"}],"author":[{"embeddable":true,"href":"https:\/\/objektmobiliar.ch\/fr\/wp-json\/wp\/v2\/users\/2"}],"replies":[{"embeddable":true,"href":"https:\/\/objektmobiliar.ch\/fr\/wp-json\/wp\/v2\/comments?post=711"}],"version-history":[{"count":10,"href":"https:\/\/objektmobiliar.ch\/fr\/wp-json\/wp\/v2\/pages\/711\/revisions"}],"predecessor-version":[{"id":4718,"href":"https:\/\/objektmobiliar.ch\/fr\/wp-json\/wp\/v2\/pages\/711\/revisions\/4718"}],"up":[{"embeddable":true,"href":"https:\/\/objektmobiliar.ch\/fr\/wp-json\/wp\/v2\/pages\/640"}],"wp:featuredmedia":[{"embeddable":true,"href":"https:\/\/objektmobiliar.ch\/fr\/wp-json\/wp\/v2\/media\/709"}],"wp:attachment":[{"href":"https:\/\/objektmobiliar.ch\/fr\/wp-json\/wp\/v2\/media?parent=711"}],"curies":[{"name":"wp","href":"https:\/\/api.w.org\/{rel}","templated":true}]}}