{"id":704,"date":"2023-10-16T21:49:58","date_gmt":"2023-10-16T21:49:58","guid":{"rendered":"https:\/\/dev.objektmobiliar.ch\/?page_id=704"},"modified":"2024-10-03T12:48:54","modified_gmt":"2024-10-03T12:48:54","slug":"tables-basses-pour-maisons-de-retraite-2","status":"publish","type":"page","link":"https:\/\/objektmobiliar.ch\/fr\/moebel\/pflegegerechte-tische\/couchtisch-fuer-pflegeheime\/","title":{"rendered":"Tulipano Table basse"},"content":{"rendered":"<div class=\"lazyblock-produkt-detail-ozg-Z1SyYYK wp-block-lazyblock-produkt-detail-ozg\"><section class=\"sct\">\r\n      <div class=\"cnt\">\r\n        <div class=\"elmnt-product-desc\">\r\n          <div class=\"product-desc-box\"><img decoding=\"async\" src=\"https:\/\/objektmobiliar.ch\/wp-content\/uploads\/2023\/10\/tulipano-couchtisch.jpg\" loading=\"lazy\" alt=\"\" class=\"product-desc-img\"><\/div>\r\n          <div class=\"product-desc-txt\">\r\n            <h1 class=\"txt-product-headline\">Tulipano Table basse<\/h1>\r\n            <h2 class=\"txt-product-subline\">Table basse pour les maisons de soins<\/h2>\r\n            <div class=\"w-richtext\">\r\n              <p>Cette table basse ou d'appoint au design sobre et harmonieux compl\u00e8te parfaitement les groupes de si\u00e8ges confortables dans les salles de s\u00e9jour, les salons et les zones d'accueil. Ses quatre pieds l\u00e9g\u00e8rement inclin\u00e9s ainsi que son plateau de table rond peuvent \u00eatre fabriqu\u00e9s \u00e0 partir de diff\u00e9rentes essences de bois massif. La combinaison du mat\u00e9riau et de la forme cr\u00e9e une atmosph\u00e8re naturelle, chaleureuse et sereine.<\/p>\r\n            <\/div>\r\n            <a onclick=\"splite_loader();\" class=\"btn\">Demander un produit<\/a>\r\n          <\/div>\r\n        <\/div>\r\n      <\/div>\r\n    <\/section><\/div>\n\n<div class=\"lazyblock-produkt-slider-ozg-Z7Akds wp-block-lazyblock-produkt-slider-ozg\"><section class=\"sct\">\r\n  <div class=\"cnt semi\">\r\n    <div class=\"intro-txt\">\r\n        <h2>Mod\u00e8les et versions<\/h2>\r\n    <\/div>\r\n    \r\n    <div class=\"elmnt-similar-products\">\r\n      <div class=\"similar-product\"><img decoding=\"async\" src=\"https:\/\/objektmobiliar.ch\/wp-content\/uploads\/2023\/10\/couchtisch-tulipano-holz-eiche-natur-lackiert.jpg\" loading=\"eager\" alt=\"Table basse Tulipano\" class=\"similar-product-img\">\r\n        <div class=\"center\">\r\n          <div class=\"w-richtext\">\r\n            <p><strong>Table basse Tulipano<\/strong><br>R\u00e9f. 211-1276\/S<br>Ch\u00eane naturel, laqu\u00e9<\/p>\r\n          <\/div>\r\n          \r\n        <\/div>\r\n      <\/div>\r\n      <div class=\"similar-product\"><img decoding=\"async\" src=\"https:\/\/objektmobiliar.ch\/wp-content\/uploads\/2023\/10\/couchtisch-tulipano-holz-dunkel-gebeizt.jpg\" loading=\"eager\" alt=\"Table basse Tulipano\" class=\"similar-product-img\">\r\n        <div class=\"center\">\r\n          <div class=\"w-richtext\">\r\n            <p><strong>Table basse Tulipano<\/strong><br>R\u00e9f. 211-1276\/S<br>Teint\u00e9 fonc\u00e9<\/p>\r\n          <\/div>\r\n          \r\n        <\/div>\r\n      <\/div>\r\n      <div class=\"similar-product\"><img decoding=\"async\" src=\"https:\/\/objektmobiliar.ch\/wp-content\/uploads\/2023\/10\/couchtisch-tulipano-runde-tischplatte.jpg\" loading=\"eager\" alt=\"Table basse Tulipano\" class=\"similar-product-img\">\r\n        <div class=\"center\">\r\n          <div class=\"w-richtext\">\r\n            <p><strong>Table basse Tulipano<\/strong><br>R\u00e9f. 211-1276\/S<br>Plateau de table rond \u00d860 cm<\/p>\r\n          <\/div>\r\n          \r\n        <\/div>\r\n      <\/div>\r\n    <\/div>\r\n  <\/div>\r\n  \r\n  <div class=\"cnt narrow\">\r\n    <div class=\"similar-products-nav-pos\">\r\n      <div class=\"w-embed\">\r\n        \r\n      <\/div>\r\n    <\/div>\r\n  <\/div>\r\n<\/section><\/div>\n\n\n<div class=\"wp-block-group\"><div class=\"wp-block-group__inner-container is-layout-constrained wp-block-group-is-layout-constrained\"><section class=\"sct\">\r\n      <div class=\"cnt narrow\">\r\n        <div class=\"introtxt\">\r\n        <div class=\"w-richtext\">\r\n            <h2>Description du produit<\/h2>\r\n        <\/div>\r\n        <\/div>\r\n        \r\n          \n\n\n<figure class=\"wp-block-table is-style-regular\"><table><thead><tr><th>Art. No.<\/th><th>Description<\/th><\/tr><\/thead><tbody><tr><td>211-1276\/S<\/td><td>Table basse Tulipano \u00d860 cm, hauteur 57 cm<\/td><\/tr><\/tbody><\/table><\/figure>\n\n\n<\/div><\/section><\/div><\/div>\n\n\n<div class=\"lazyblock-text-modul-ozg-Z1lJysf wp-block-lazyblock-text-modul-ozg\"><section class=\"sct\">\r\n      <div class=\"cnt narrow\">\r\n        <div class=\"w-richtext\">\r\n            <h3>Un design intemporel pour des \u00e9tablissements de soins accueillants<\/h3>\n<p>La table basse pour maisons de repos Tulipano est le compl\u00e9ment id\u00e9al pour les maisons de repos. Gr\u00e2ce \u00e0 son design sobre et harmonieux, elle s'int\u00e8gre sans peine dans les groupes de si\u00e8ges confortables des salles de s\u00e9jour, des salons ou des zones d'accueil. Le plateau de table rond et les pieds l\u00e9g\u00e8rement inclin\u00e9s lui conf\u00e8rent un aspect \u00e0 la fois moderne et intemporel, qui cr\u00e9e une atmosph\u00e8re accueillante et conviviale. La table Tulipano allie \u00e9l\u00e9gance et fonctionnalit\u00e9 pratique, car elle ne se contente pas de convaincre par son aspect visuel, mais offre \u00e9galement une surface de rangement stable et confortable.<\/p>\n<h3>Nombreuses options de mat\u00e9riaux et de couleurs pour une conception personnalis\u00e9e<\/h3>\n<p>La table basse Tulipano pour maisons de repos est disponible en diff\u00e9rentes essences de bois massif, ce qui permet de l'adapter \u00e0 l'am\u00e9nagement et \u00e0 l'ambiance souhait\u00e9s. Les veines naturelles du bois conf\u00e8rent \u00e0 chaque table un caract\u00e8re unique. En outre, diff\u00e9rentes teintes sont disponibles, ce qui permet d'int\u00e9grer harmonieusement la table dans le concept d'espace existant. Les mat\u00e9riaux de haute qualit\u00e9 garantissent non seulement un aspect attrayant, mais aussi une longue dur\u00e9e de vie et une robustesse qui sont particuli\u00e8rement importantes dans les \u00e9tablissements de soins. Gr\u00e2ce aux multiples possibilit\u00e9s d'am\u00e9nagement, les maisons de soins peuvent parfaitement harmoniser la table basse Tulipano avec leur mobilier afin de cr\u00e9er un environnement confortable et agr\u00e9able pour les r\u00e9sidents ou les visiteurs. Choisissez parmi diff\u00e9rents <a href=\"https:\/\/objektmobiliar.ch\/fr\/inspiration\/materiaux-et-couleurs\/\">Essences de bois ou teintes de bois<\/a> le design qui convient le mieux \u00e0 votre int\u00e9rieur.<\/p>\r\n        <\/div>\r\n      <\/div>\r\n    <\/section><\/div><style class=\"advgb-styles-renderer\">\r\n            .similar-products-nav li {\r\n              overflow: hidden;\r\n              margin: 0px !important;\r\n              flex-grow: 0 !important;\r\n              flex-shrink: 1 !important;\r\n              flex-basis: 12.5% !important;\r\n              border-style: solid;\r\n              border-width: 2px;\r\n              border-color: transparent;\r\n              border-radius: 8px;\r\n              transition-property: border-color;\r\n              transition-duration: 600ms;\r\n              transition-timing-function: ease;\r\n              cursor: pointer;\r\n            }\r\n            .similar-products-nav li.slick-active {\r\n              border-color: #dde7ef;\r\n            }\r\n            @media screen and (max-width:767px) {\r\n              .similar-products-nav li {\r\n                flex-basis: auto !important;\r\n                border-radius: 8px;\r\n                padding-top: 8px;\r\n                padding-right: 16px;\r\n                padding-bottom: 6px;\r\n                padding-left: 16px;\r\n              }\r\n              .similar-products-nav li.slick-active {\r\n                background-color: #dde7ef;\r\n                transition-property: background-color, border-color;\r\n                transition-duration: 600ms, 200ms;\r\n                transition-timing-function: ease, ease;\r\n                color: #426b8a;\r\n              }\r\n            }\r\n          <\/style>","protected":false},"excerpt":{"rendered":"<p>Cette table basse ou d'appoint au design sobre et harmonieux compl\u00e8te parfaitement les groupes de si\u00e8ges confortables dans les salles de s\u00e9jour, les salons et les zones d'accueil.<\/p>","protected":false},"author":2,"featured_media":703,"parent":640,"menu_order":0,"comment_status":"closed","ping_status":"closed","template":"","meta":{"advgb_blocks_editor_width":"","advgb_blocks_columns_visual_guide":"","footnotes":""},"class_list":["post-704","page","type-page","status-publish","has-post-thumbnail","hentry"],"yoast_head":"<!-- This site is optimized with the Yoast SEO plugin v27.4 - https:\/\/yoast.com\/product\/yoast-seo-wordpress\/ -->\n<title>Couchtisch f\u00fcr Pflegeheime bei OZG<\/title>\n<meta name=\"description\" content=\"Der Couchtisch f\u00fcr Pflegeheime erg\u00e4nzt perfekt gem\u00fctliche Sitzgruppen in Aufenthaltsr\u00e4umen, Lounges und Empfangsbereichen.\" \/>\n<meta name=\"robots\" content=\"index, follow, max-snippet:-1, max-image-preview:large, max-video-preview:-1\" \/>\n<link rel=\"canonical\" href=\"https:\/\/objektmobiliar.ch\/fr\/meubles\/tables-adaptees-aux-soins\/tables-basses-pour-maisons-de-retraite-2\/\" \/>\n<meta property=\"og:locale\" content=\"fr_FR\" \/>\n<meta property=\"og:type\" content=\"article\" \/>\n<meta property=\"og:title\" content=\"Couchtisch f\u00fcr Pflegeheime bei OZG\" \/>\n<meta property=\"og:description\" content=\"Der Couchtisch f\u00fcr Pflegeheime erg\u00e4nzt perfekt gem\u00fctliche Sitzgruppen in Aufenthaltsr\u00e4umen, Lounges und Empfangsbereichen.\" \/>\n<meta property=\"og:url\" content=\"https:\/\/objektmobiliar.ch\/fr\/meubles\/tables-adaptees-aux-soins\/tables-basses-pour-maisons-de-retraite-2\/\" \/>\n<meta property=\"og:site_name\" content=\"OZG HEALTHCARE\" \/>\n<meta property=\"article:modified_time\" content=\"2024-10-03T12:48:54+00:00\" \/>\n<meta property=\"og:image\" content=\"https:\/\/objektmobiliar.ch\/wp-content\/uploads\/2023\/10\/tulipano-couchtisch.jpg\" \/>\n\t<meta property=\"og:image:width\" content=\"1000\" \/>\n\t<meta property=\"og:image:height\" content=\"1000\" \/>\n\t<meta property=\"og:image:type\" content=\"image\/jpeg\" \/>\n<meta name=\"twitter:card\" content=\"summary_large_image\" \/>\n<meta name=\"twitter:label1\" content=\"Dur\u00e9e de lecture estim\u00e9e\" \/>\n\t<meta name=\"twitter:data1\" content=\"3 minutes\" \/>\n<script type=\"application\/ld+json\" class=\"yoast-schema-graph\">{\"@context\":\"https:\\\/\\\/schema.org\",\"@graph\":[{\"@type\":\"WebPage\",\"@id\":\"https:\\\/\\\/objektmobiliar.ch\\\/moebel\\\/pflegegerechte-tische\\\/couchtisch-fuer-pflegeheime\\\/\",\"url\":\"https:\\\/\\\/objektmobiliar.ch\\\/moebel\\\/pflegegerechte-tische\\\/couchtisch-fuer-pflegeheime\\\/\",\"name\":\"Couchtisch f\u00fcr Pflegeheime bei OZG\",\"isPartOf\":{\"@id\":\"https:\\\/\\\/objektmobiliar.ch\\\/#website\"},\"primaryImageOfPage\":{\"@id\":\"https:\\\/\\\/objektmobiliar.ch\\\/moebel\\\/pflegegerechte-tische\\\/couchtisch-fuer-pflegeheime\\\/#primaryimage\"},\"image\":{\"@id\":\"https:\\\/\\\/objektmobiliar.ch\\\/moebel\\\/pflegegerechte-tische\\\/couchtisch-fuer-pflegeheime\\\/#primaryimage\"},\"thumbnailUrl\":\"https:\\\/\\\/objektmobiliar.ch\\\/wp-content\\\/uploads\\\/2023\\\/10\\\/tulipano-couchtisch.jpg\",\"datePublished\":\"2023-10-16T21:49:58+00:00\",\"dateModified\":\"2024-10-03T12:48:54+00:00\",\"description\":\"Der Couchtisch f\u00fcr Pflegeheime erg\u00e4nzt perfekt gem\u00fctliche Sitzgruppen in Aufenthaltsr\u00e4umen, Lounges und Empfangsbereichen.\",\"breadcrumb\":{\"@id\":\"https:\\\/\\\/objektmobiliar.ch\\\/moebel\\\/pflegegerechte-tische\\\/couchtisch-fuer-pflegeheime\\\/#breadcrumb\"},\"inLanguage\":\"fr-FR\",\"potentialAction\":[{\"@type\":\"ReadAction\",\"target\":[\"https:\\\/\\\/objektmobiliar.ch\\\/moebel\\\/pflegegerechte-tische\\\/couchtisch-fuer-pflegeheime\\\/\"]}]},{\"@type\":\"ImageObject\",\"inLanguage\":\"fr-FR\",\"@id\":\"https:\\\/\\\/objektmobiliar.ch\\\/moebel\\\/pflegegerechte-tische\\\/couchtisch-fuer-pflegeheime\\\/#primaryimage\",\"url\":\"https:\\\/\\\/objektmobiliar.ch\\\/wp-content\\\/uploads\\\/2023\\\/10\\\/tulipano-couchtisch.jpg\",\"contentUrl\":\"https:\\\/\\\/objektmobiliar.ch\\\/wp-content\\\/uploads\\\/2023\\\/10\\\/tulipano-couchtisch.jpg\",\"width\":1000,\"height\":1000,\"caption\":\"Couchtisch f\u00fcr Pflegeheime\"},{\"@type\":\"BreadcrumbList\",\"@id\":\"https:\\\/\\\/objektmobiliar.ch\\\/moebel\\\/pflegegerechte-tische\\\/couchtisch-fuer-pflegeheime\\\/#breadcrumb\",\"itemListElement\":[{\"@type\":\"ListItem\",\"position\":1,\"name\":\"Startseite\",\"item\":\"https:\\\/\\\/objektmobiliar.ch\\\/\"},{\"@type\":\"ListItem\",\"position\":2,\"name\":\"M\u00f6bel\",\"item\":\"https:\\\/\\\/objektmobiliar.ch\\\/moebel\\\/\"},{\"@type\":\"ListItem\",\"position\":3,\"name\":\"Tische\",\"item\":\"https:\\\/\\\/objektmobiliar.ch\\\/moebel\\\/pflegegerechte-tische\\\/\"},{\"@type\":\"ListItem\",\"position\":4,\"name\":\"Tulipano Couchtisch\"}]},{\"@type\":\"WebSite\",\"@id\":\"https:\\\/\\\/objektmobiliar.ch\\\/#website\",\"url\":\"https:\\\/\\\/objektmobiliar.ch\\\/\",\"name\":\"OZG HEALTHCARE\",\"description\":\"Objektmobiliar f\u00fcr Pflege, B\u00fcro, Praxis &amp; Hotellerie\",\"potentialAction\":[{\"@type\":\"SearchAction\",\"target\":{\"@type\":\"EntryPoint\",\"urlTemplate\":\"https:\\\/\\\/objektmobiliar.ch\\\/?s={search_term_string}\"},\"query-input\":{\"@type\":\"PropertyValueSpecification\",\"valueRequired\":true,\"valueName\":\"search_term_string\"}}],\"inLanguage\":\"fr-FR\"}]}<\/script>\n<!-- \/ Yoast SEO plugin. -->","yoast_head_json":{"title":"Table basse pour maisons de repos chez OZG","description":"La table basse pour maisons de repos compl\u00e8te parfaitement les groupes de si\u00e8ges confortables dans les salles de s\u00e9jour, les salons et les zones d'accueil.","robots":{"index":"index","follow":"follow","max-snippet":"max-snippet:-1","max-image-preview":"max-image-preview:large","max-video-preview":"max-video-preview:-1"},"canonical":"https:\/\/objektmobiliar.ch\/fr\/meubles\/tables-adaptees-aux-soins\/tables-basses-pour-maisons-de-retraite-2\/","og_locale":"fr_FR","og_type":"article","og_title":"Couchtisch f\u00fcr Pflegeheime bei OZG","og_description":"Der Couchtisch f\u00fcr Pflegeheime erg\u00e4nzt perfekt gem\u00fctliche Sitzgruppen in Aufenthaltsr\u00e4umen, Lounges und Empfangsbereichen.","og_url":"https:\/\/objektmobiliar.ch\/fr\/meubles\/tables-adaptees-aux-soins\/tables-basses-pour-maisons-de-retraite-2\/","og_site_name":"OZG HEALTHCARE","article_modified_time":"2024-10-03T12:48:54+00:00","og_image":[{"width":1000,"height":1000,"url":"https:\/\/objektmobiliar.ch\/wp-content\/uploads\/2023\/10\/tulipano-couchtisch.jpg","type":"image\/jpeg"}],"twitter_card":"summary_large_image","twitter_misc":{"Dur\u00e9e de lecture estim\u00e9e":"3 minutes"},"schema":{"@context":"https:\/\/schema.org","@graph":[{"@type":"WebPage","@id":"https:\/\/objektmobiliar.ch\/moebel\/pflegegerechte-tische\/couchtisch-fuer-pflegeheime\/","url":"https:\/\/objektmobiliar.ch\/moebel\/pflegegerechte-tische\/couchtisch-fuer-pflegeheime\/","name":"Table basse pour maisons de repos chez OZG","isPartOf":{"@id":"https:\/\/objektmobiliar.ch\/#website"},"primaryImageOfPage":{"@id":"https:\/\/objektmobiliar.ch\/moebel\/pflegegerechte-tische\/couchtisch-fuer-pflegeheime\/#primaryimage"},"image":{"@id":"https:\/\/objektmobiliar.ch\/moebel\/pflegegerechte-tische\/couchtisch-fuer-pflegeheime\/#primaryimage"},"thumbnailUrl":"https:\/\/objektmobiliar.ch\/wp-content\/uploads\/2023\/10\/tulipano-couchtisch.jpg","datePublished":"2023-10-16T21:49:58+00:00","dateModified":"2024-10-03T12:48:54+00:00","description":"La table basse pour maisons de repos compl\u00e8te parfaitement les groupes de si\u00e8ges confortables dans les salles de s\u00e9jour, les salons et les zones d'accueil.","breadcrumb":{"@id":"https:\/\/objektmobiliar.ch\/moebel\/pflegegerechte-tische\/couchtisch-fuer-pflegeheime\/#breadcrumb"},"inLanguage":"fr-FR","potentialAction":[{"@type":"ReadAction","target":["https:\/\/objektmobiliar.ch\/moebel\/pflegegerechte-tische\/couchtisch-fuer-pflegeheime\/"]}]},{"@type":"ImageObject","inLanguage":"fr-FR","@id":"https:\/\/objektmobiliar.ch\/moebel\/pflegegerechte-tische\/couchtisch-fuer-pflegeheime\/#primaryimage","url":"https:\/\/objektmobiliar.ch\/wp-content\/uploads\/2023\/10\/tulipano-couchtisch.jpg","contentUrl":"https:\/\/objektmobiliar.ch\/wp-content\/uploads\/2023\/10\/tulipano-couchtisch.jpg","width":1000,"height":1000,"caption":"Couchtisch f\u00fcr Pflegeheime"},{"@type":"BreadcrumbList","@id":"https:\/\/objektmobiliar.ch\/moebel\/pflegegerechte-tische\/couchtisch-fuer-pflegeheime\/#breadcrumb","itemListElement":[{"@type":"ListItem","position":1,"name":"Startseite","item":"https:\/\/objektmobiliar.ch\/"},{"@type":"ListItem","position":2,"name":"M\u00f6bel","item":"https:\/\/objektmobiliar.ch\/moebel\/"},{"@type":"ListItem","position":3,"name":"Tische","item":"https:\/\/objektmobiliar.ch\/moebel\/pflegegerechte-tische\/"},{"@type":"ListItem","position":4,"name":"Tulipano Couchtisch"}]},{"@type":"WebSite","@id":"https:\/\/objektmobiliar.ch\/#website","url":"https:\/\/objektmobiliar.ch\/","name":"OZG HEALTHCARE","description":"Mobilier de collectivit\u00e9 pour les soins, les bureaux, les cabinets m\u00e9dicaux et l'h\u00f4tellerie","potentialAction":[{"@type":"SearchAction","target":{"@type":"EntryPoint","urlTemplate":"https:\/\/objektmobiliar.ch\/?s={search_term_string}"},"query-input":{"@type":"PropertyValueSpecification","valueRequired":true,"valueName":"search_term_string"}}],"inLanguage":"fr-FR"}]}},"coauthors":[],"author_meta":{"author_link":"https:\/\/objektmobiliar.ch\/fr\/author\/alex\/","display_name":"Alex"},"relative_dates":{"created":"Publi\u00e9 3 ans il y a","modified":"Mis \u00e0 jour 2 ans il y a"},"absolute_dates":{"created":"Publi\u00e9 le octobre 16, 2023","modified":"Mise \u00e0 jour le octobre 3, 2024"},"absolute_dates_time":{"created":"Publi\u00e9 le octobre 16, 2023 9:49 pm","modified":"Mise \u00e0 jour le octobre 3, 2024 12:48 pm"},"featured_img_caption":"","featured_img":"https:\/\/objektmobiliar.ch\/wp-content\/uploads\/2023\/10\/tulipano-couchtisch-825x510.jpg","series_order":"","_links":{"self":[{"href":"https:\/\/objektmobiliar.ch\/fr\/wp-json\/wp\/v2\/pages\/704","targetHints":{"allow":["GET"]}}],"collection":[{"href":"https:\/\/objektmobiliar.ch\/fr\/wp-json\/wp\/v2\/pages"}],"about":[{"href":"https:\/\/objektmobiliar.ch\/fr\/wp-json\/wp\/v2\/types\/page"}],"author":[{"embeddable":true,"href":"https:\/\/objektmobiliar.ch\/fr\/wp-json\/wp\/v2\/users\/2"}],"replies":[{"embeddable":true,"href":"https:\/\/objektmobiliar.ch\/fr\/wp-json\/wp\/v2\/comments?post=704"}],"version-history":[{"count":14,"href":"https:\/\/objektmobiliar.ch\/fr\/wp-json\/wp\/v2\/pages\/704\/revisions"}],"predecessor-version":[{"id":4749,"href":"https:\/\/objektmobiliar.ch\/fr\/wp-json\/wp\/v2\/pages\/704\/revisions\/4749"}],"up":[{"embeddable":true,"href":"https:\/\/objektmobiliar.ch\/fr\/wp-json\/wp\/v2\/pages\/640"}],"wp:featuredmedia":[{"embeddable":true,"href":"https:\/\/objektmobiliar.ch\/fr\/wp-json\/wp\/v2\/media\/703"}],"wp:attachment":[{"href":"https:\/\/objektmobiliar.ch\/fr\/wp-json\/wp\/v2\/media?parent=704"}],"curies":[{"name":"wp","href":"https:\/\/api.w.org\/{rel}","templated":true}]}}