{"id":699,"date":"2023-10-16T21:45:06","date_gmt":"2023-10-16T21:45:06","guid":{"rendered":"https:\/\/dev.objektmobiliar.ch\/?page_id=699"},"modified":"2024-08-20T14:01:51","modified_gmt":"2024-08-20T14:01:51","slug":"table-pliante-sur-roulettes-pour-maisons-de-retraite","status":"publish","type":"page","link":"https:\/\/objektmobiliar.ch\/fr\/moebel\/pflegegerechte-tische\/klapptisch-mit-rollen-fuer-pflegeheime\/","title":{"rendered":"Table pliante Primus"},"content":{"rendered":"<div class=\"lazyblock-produkt-detail-ozg-276xMI wp-block-lazyblock-produkt-detail-ozg\"><section class=\"sct\">\r\n      <div class=\"cnt\">\r\n        <div class=\"elmnt-product-desc\">\r\n          <div class=\"product-desc-box\"><img decoding=\"async\" src=\"https:\/\/objektmobiliar.ch\/wp-content\/uploads\/2023\/10\/primus-klapptisch.jpg\" loading=\"lazy\" alt=\"\" class=\"product-desc-img\"><\/div>\r\n          <div class=\"product-desc-txt\">\r\n            <h1 class=\"txt-product-headline\">Table pliante Primus<\/h1>\r\n            <h2 class=\"txt-product-subline\">Table pliante avec roulettes pour les maisons de soins<\/h2>\r\n            <div class=\"w-richtext\">\r\n              <p>La table pliante Primus se caract\u00e9rise par sa mobilit\u00e9 et sa flexibilit\u00e9 \u00e0 un excellent rapport qualit\u00e9-prix. Sur ce mod\u00e8le mobile, le plateau de table peut \u00eatre rabattu en un seul geste. Les grandes roulettes aident en outre \u00e0 la manipulation, de sorte que la transformation rapide peut \u00eatre effectu\u00e9e par une seule personne.<\/p>\n<p>De nombreuses couleurs et mat\u00e9riaux sont disponibles pour cette table.<\/p>\r\n            <\/div>\r\n            <a onclick=\"splite_loader();\" class=\"btn\">Demander un produit<\/a>\r\n          <\/div>\r\n        <\/div>\r\n      <\/div>\r\n    <\/section><\/div>\n\n<div class=\"lazyblock-produkt-slider-ozg-Ze7W4O wp-block-lazyblock-produkt-slider-ozg\"><section class=\"sct\">\r\n  <div class=\"cnt semi\">\r\n    <div class=\"intro-txt\">\r\n        <h2>Mod\u00e8les et versions<\/h2>\r\n    <\/div>\r\n    \r\n    <div class=\"elmnt-similar-products\">\r\n      <div class=\"similar-product\"><img decoding=\"async\" src=\"https:\/\/objektmobiliar.ch\/wp-content\/uploads\/2023\/10\/primus-klapptisch-02.jpg\" loading=\"eager\" alt=\"Table pliante Primus\" class=\"similar-product-img\">\r\n        <div class=\"center\">\r\n          <div class=\"w-richtext\">\r\n            <p><strong>Table pliante Primus,<\/strong><br>R\u00e9f. 211-2010\/S<br>Avec plateau rabattable<\/p>\r\n          <\/div>\r\n          \r\n        <\/div>\r\n      <\/div>\r\n      <div class=\"similar-product\"><img decoding=\"async\" src=\"https:\/\/objektmobiliar.ch\/wp-content\/uploads\/2023\/10\/primus-klapptisch-03.jpg\" loading=\"eager\" alt=\"Table pliante Primus\" class=\"similar-product-img\">\r\n        <div class=\"center\">\r\n          <div class=\"w-richtext\">\r\n            <p><strong>Table pliante Primus,<\/strong><br>R\u00e9f. 211-2010\/S<br>Rangement extr\u00eamement peu encombrant<\/p>\r\n          <\/div>\r\n          \r\n        <\/div>\r\n      <\/div>\r\n    <\/div>\r\n  <\/div>\r\n  \r\n  <div class=\"cnt narrow\">\r\n    <div class=\"similar-products-nav-pos\">\r\n      <div class=\"w-embed\">\r\n        \r\n      <\/div>\r\n    <\/div>\r\n  <\/div>\r\n<\/section><\/div>\n\n\n<div class=\"wp-block-group\"><div class=\"wp-block-group__inner-container is-layout-constrained wp-block-group-is-layout-constrained\"><section class=\"sct\">\r\n      <div class=\"cnt narrow\">\r\n        <div class=\"introtxt\">\r\n        <div class=\"w-richtext\">\r\n            <h2>Description du produit<\/h2>\r\n        <\/div>\r\n        <\/div>\r\n        \r\n          \n\n\n<figure class=\"wp-block-table is-style-regular\"><table><thead><tr><th>Art. No.<\/th><th>Description<\/th><\/tr><\/thead><tbody><tr><td>211-2010\/S<\/td><td>Table pliante Primus 160\u00d780 cm (Autres dimensions disponibles sur demande)<\/td><\/tr><\/tbody><\/table><\/figure>\n\n\n<\/div><\/section><\/div><\/div>\n\n\n<div class=\"lazyblock-text-modul-ozg-Z2lDBJv wp-block-lazyblock-text-modul-ozg\"><section class=\"sct\">\r\n      <div class=\"cnt narrow\">\r\n        <div class=\"w-richtext\">\r\n            <h3><strong>Table pliante Primus : table pliante mobile pour les maisons de soins<\/strong><\/h3>\n<p>La table pliante Primus offre aux maisons de soins une excellente solution de mobilit\u00e9 et de flexibilit\u00e9 \u00e0 un excellent rapport qualit\u00e9-prix. Ce mod\u00e8le se distingue par son c\u00f4t\u00e9 pratique et sa grande adaptabilit\u00e9. Le plateau de table peut \u00eatre rabattu d'un seul geste, ce qui permet de r\u00e9organiser rapidement les espaces - un avantage essentiel dans les maisons de soins o\u00f9 des adaptations fr\u00e9quentes sont n\u00e9cessaires pour les repas, les activit\u00e9s ou les \u00e9v\u00e9nements.<\/p>\n<h3>Table pliante Primus : de grandes roulettes pour une mobilit\u00e9 sans effort et un rangement peu encombrant<\/h3>\n<p>Une caract\u00e9ristique particuli\u00e8rement utile de la table pliante Primus sont les grandes roulettes qui garantissent une mobilit\u00e9 sans effort. Ces roulettes permettent \u00e0 une seule personne de d\u00e9placer la table sans probl\u00e8me, ce qui facilite consid\u00e9rablement la transformation rapide et l'utilisation flexible. La table pliante Primus est en outre extr\u00eamement peu encombrante. Le plateau de table rabattable et la possibilit\u00e9 de ranger les tables l'une dans l'autre lorsqu'elles ne sont pas utilis\u00e9es rendent le stockage particuli\u00e8rement facile - une fonction importante dans les \u00e9tablissements de soins o\u00f9 l'espace est souvent limit\u00e9.<\/p>\n<h3>Table pliante Primus : des mat\u00e9riaux et des couleurs vari\u00e9s pour un environnement de soins moderne et confortable<\/h3>\n<p>De plus, la table pliante Primus \u00e0 grandes roulettes pour les maisons de soins offre un large choix de <a href=\"https:\/\/objektmobiliar.ch\/fr\/inspiration\/materiaux-et-couleurs\/\">Mat\u00e9riaux et couleurs<\/a>La table Primus est disponible en plusieurs tailles, ce qui permet une adaptation optimale \u00e0 l'am\u00e9nagement de l'espace existant et aux souhaits individuels des r\u00e9sidents. Avec son design moderne et ses fonctions pratiques, la table pliante Primus pour maisons de repos contribue \u00e0 cr\u00e9er un environnement confortable et polyvalent dans les maisons de repos.<\/p>\n<p>&nbsp;<\/p>\r\n        <\/div>\r\n      <\/div>\r\n    <\/section><\/div><style class=\"advgb-styles-renderer\">\r\n            .similar-products-nav li {\r\n              overflow: hidden;\r\n              margin: 0px !important;\r\n              flex-grow: 0 !important;\r\n              flex-shrink: 1 !important;\r\n              flex-basis: 12.5% !important;\r\n              border-style: solid;\r\n              border-width: 2px;\r\n              border-color: transparent;\r\n              border-radius: 8px;\r\n              transition-property: border-color;\r\n              transition-duration: 600ms;\r\n              transition-timing-function: ease;\r\n              cursor: pointer;\r\n            }\r\n            .similar-products-nav li.slick-active {\r\n              border-color: #dde7ef;\r\n            }\r\n            @media screen and (max-width:767px) {\r\n              .similar-products-nav li {\r\n                flex-basis: auto !important;\r\n                border-radius: 8px;\r\n                padding-top: 8px;\r\n                padding-right: 16px;\r\n                padding-bottom: 6px;\r\n                padding-left: 16px;\r\n              }\r\n              .similar-products-nav li.slick-active {\r\n                background-color: #dde7ef;\r\n                transition-property: background-color, border-color;\r\n                transition-duration: 600ms, 200ms;\r\n                transition-timing-function: ease, ease;\r\n                color: #426b8a;\r\n              }\r\n            }\r\n          <\/style>","protected":false},"excerpt":{"rendered":"<p>Mobilit\u00e4t und Flexibilit\u00e4t zu einem ausgezeichneten Preisleistungsverh\u00e4ltnis kennzeichnen den Klapptisch Primus. Die Tischplatte l\u00e4sst sich bei diesem mobilen Modell mit nur einem Handgriff umlegen.<\/p>","protected":false},"author":2,"featured_media":698,"parent":640,"menu_order":0,"comment_status":"closed","ping_status":"closed","template":"","meta":{"advgb_blocks_editor_width":"","advgb_blocks_columns_visual_guide":"","footnotes":""},"class_list":["post-699","page","type-page","status-publish","has-post-thumbnail","hentry"],"yoast_head":"<!-- This site is optimized with the Yoast SEO plugin v27.4 - https:\/\/yoast.com\/product\/yoast-seo-wordpress\/ -->\n<title>Klapptisch mit Rollen f\u00fcr Pflegeheime bei OZG<\/title>\n<meta name=\"description\" content=\"Mobilit\u00e4t und Flexibilit\u00e4t zu einem ausgezeichneten Preisleistungsverh\u00e4ltnis kennzeichnen den Klapptisch mit Rollen f\u00fcr Pflegeheime.\" \/>\n<meta name=\"robots\" content=\"index, follow, max-snippet:-1, max-image-preview:large, max-video-preview:-1\" \/>\n<link rel=\"canonical\" href=\"https:\/\/objektmobiliar.ch\/fr\/meubles\/tables-adaptees-aux-soins\/table-pliante-sur-roulettes-pour-maisons-de-retraite\/\" \/>\n<meta property=\"og:locale\" content=\"fr_FR\" \/>\n<meta property=\"og:type\" content=\"article\" \/>\n<meta property=\"og:title\" content=\"Klapptisch mit Rollen f\u00fcr Pflegeheime bei OZG\" \/>\n<meta property=\"og:description\" content=\"Mobilit\u00e4t und Flexibilit\u00e4t zu einem ausgezeichneten Preisleistungsverh\u00e4ltnis kennzeichnen den Klapptisch mit Rollen f\u00fcr Pflegeheime.\" \/>\n<meta property=\"og:url\" content=\"https:\/\/objektmobiliar.ch\/fr\/meubles\/tables-adaptees-aux-soins\/table-pliante-sur-roulettes-pour-maisons-de-retraite\/\" \/>\n<meta property=\"og:site_name\" content=\"OZG HEALTHCARE\" \/>\n<meta property=\"article:modified_time\" content=\"2024-08-20T14:01:51+00:00\" \/>\n<meta property=\"og:image\" content=\"https:\/\/objektmobiliar.ch\/wp-content\/uploads\/2023\/10\/primus-klapptisch.jpg\" \/>\n\t<meta property=\"og:image:width\" content=\"1000\" \/>\n\t<meta property=\"og:image:height\" content=\"1000\" \/>\n\t<meta property=\"og:image:type\" content=\"image\/jpeg\" \/>\n<meta name=\"twitter:card\" content=\"summary_large_image\" \/>\n<meta name=\"twitter:label1\" content=\"Dur\u00e9e de lecture estim\u00e9e\" \/>\n\t<meta name=\"twitter:data1\" content=\"3 minutes\" \/>\n<script type=\"application\/ld+json\" class=\"yoast-schema-graph\">{\"@context\":\"https:\\\/\\\/schema.org\",\"@graph\":[{\"@type\":\"WebPage\",\"@id\":\"https:\\\/\\\/objektmobiliar.ch\\\/moebel\\\/pflegegerechte-tische\\\/klapptisch-mit-rollen-fuer-pflegeheime\\\/\",\"url\":\"https:\\\/\\\/objektmobiliar.ch\\\/moebel\\\/pflegegerechte-tische\\\/klapptisch-mit-rollen-fuer-pflegeheime\\\/\",\"name\":\"Klapptisch mit Rollen f\u00fcr Pflegeheime bei OZG\",\"isPartOf\":{\"@id\":\"https:\\\/\\\/objektmobiliar.ch\\\/#website\"},\"primaryImageOfPage\":{\"@id\":\"https:\\\/\\\/objektmobiliar.ch\\\/moebel\\\/pflegegerechte-tische\\\/klapptisch-mit-rollen-fuer-pflegeheime\\\/#primaryimage\"},\"image\":{\"@id\":\"https:\\\/\\\/objektmobiliar.ch\\\/moebel\\\/pflegegerechte-tische\\\/klapptisch-mit-rollen-fuer-pflegeheime\\\/#primaryimage\"},\"thumbnailUrl\":\"https:\\\/\\\/objektmobiliar.ch\\\/wp-content\\\/uploads\\\/2023\\\/10\\\/primus-klapptisch.jpg\",\"datePublished\":\"2023-10-16T21:45:06+00:00\",\"dateModified\":\"2024-08-20T14:01:51+00:00\",\"description\":\"Mobilit\u00e4t und Flexibilit\u00e4t zu einem ausgezeichneten Preisleistungsverh\u00e4ltnis kennzeichnen den Klapptisch mit Rollen f\u00fcr Pflegeheime.\",\"breadcrumb\":{\"@id\":\"https:\\\/\\\/objektmobiliar.ch\\\/moebel\\\/pflegegerechte-tische\\\/klapptisch-mit-rollen-fuer-pflegeheime\\\/#breadcrumb\"},\"inLanguage\":\"fr-FR\",\"potentialAction\":[{\"@type\":\"ReadAction\",\"target\":[\"https:\\\/\\\/objektmobiliar.ch\\\/moebel\\\/pflegegerechte-tische\\\/klapptisch-mit-rollen-fuer-pflegeheime\\\/\"]}]},{\"@type\":\"ImageObject\",\"inLanguage\":\"fr-FR\",\"@id\":\"https:\\\/\\\/objektmobiliar.ch\\\/moebel\\\/pflegegerechte-tische\\\/klapptisch-mit-rollen-fuer-pflegeheime\\\/#primaryimage\",\"url\":\"https:\\\/\\\/objektmobiliar.ch\\\/wp-content\\\/uploads\\\/2023\\\/10\\\/primus-klapptisch.jpg\",\"contentUrl\":\"https:\\\/\\\/objektmobiliar.ch\\\/wp-content\\\/uploads\\\/2023\\\/10\\\/primus-klapptisch.jpg\",\"width\":1000,\"height\":1000,\"caption\":\"Klapptisch mit Rollen f\u00fcr Pflegeheime\"},{\"@type\":\"BreadcrumbList\",\"@id\":\"https:\\\/\\\/objektmobiliar.ch\\\/moebel\\\/pflegegerechte-tische\\\/klapptisch-mit-rollen-fuer-pflegeheime\\\/#breadcrumb\",\"itemListElement\":[{\"@type\":\"ListItem\",\"position\":1,\"name\":\"Startseite\",\"item\":\"https:\\\/\\\/objektmobiliar.ch\\\/\"},{\"@type\":\"ListItem\",\"position\":2,\"name\":\"M\u00f6bel\",\"item\":\"https:\\\/\\\/objektmobiliar.ch\\\/moebel\\\/\"},{\"@type\":\"ListItem\",\"position\":3,\"name\":\"Tische\",\"item\":\"https:\\\/\\\/objektmobiliar.ch\\\/moebel\\\/pflegegerechte-tische\\\/\"},{\"@type\":\"ListItem\",\"position\":4,\"name\":\"Primus Klapptisch\"}]},{\"@type\":\"WebSite\",\"@id\":\"https:\\\/\\\/objektmobiliar.ch\\\/#website\",\"url\":\"https:\\\/\\\/objektmobiliar.ch\\\/\",\"name\":\"OZG HEALTHCARE\",\"description\":\"Objektmobiliar f\u00fcr Pflege, B\u00fcro, Praxis &amp; Hotellerie\",\"potentialAction\":[{\"@type\":\"SearchAction\",\"target\":{\"@type\":\"EntryPoint\",\"urlTemplate\":\"https:\\\/\\\/objektmobiliar.ch\\\/?s={search_term_string}\"},\"query-input\":{\"@type\":\"PropertyValueSpecification\",\"valueRequired\":true,\"valueName\":\"search_term_string\"}}],\"inLanguage\":\"fr-FR\"}]}<\/script>\n<!-- \/ Yoast SEO plugin. -->","yoast_head_json":{"title":"Table pliante avec roulettes pour maisons de repos chez OZG","description":"Mobilit\u00e9 et flexibilit\u00e9 \u00e0 un excellent rapport qualit\u00e9-prix caract\u00e9risent la table pliante \u00e0 roulettes pour les maisons de soins.","robots":{"index":"index","follow":"follow","max-snippet":"max-snippet:-1","max-image-preview":"max-image-preview:large","max-video-preview":"max-video-preview:-1"},"canonical":"https:\/\/objektmobiliar.ch\/fr\/meubles\/tables-adaptees-aux-soins\/table-pliante-sur-roulettes-pour-maisons-de-retraite\/","og_locale":"fr_FR","og_type":"article","og_title":"Klapptisch mit Rollen f\u00fcr Pflegeheime bei OZG","og_description":"Mobilit\u00e4t und Flexibilit\u00e4t zu einem ausgezeichneten Preisleistungsverh\u00e4ltnis kennzeichnen den Klapptisch mit Rollen f\u00fcr Pflegeheime.","og_url":"https:\/\/objektmobiliar.ch\/fr\/meubles\/tables-adaptees-aux-soins\/table-pliante-sur-roulettes-pour-maisons-de-retraite\/","og_site_name":"OZG HEALTHCARE","article_modified_time":"2024-08-20T14:01:51+00:00","og_image":[{"width":1000,"height":1000,"url":"https:\/\/objektmobiliar.ch\/wp-content\/uploads\/2023\/10\/primus-klapptisch.jpg","type":"image\/jpeg"}],"twitter_card":"summary_large_image","twitter_misc":{"Dur\u00e9e de lecture estim\u00e9e":"3 minutes"},"schema":{"@context":"https:\/\/schema.org","@graph":[{"@type":"WebPage","@id":"https:\/\/objektmobiliar.ch\/moebel\/pflegegerechte-tische\/klapptisch-mit-rollen-fuer-pflegeheime\/","url":"https:\/\/objektmobiliar.ch\/moebel\/pflegegerechte-tische\/klapptisch-mit-rollen-fuer-pflegeheime\/","name":"Table pliante avec roulettes pour maisons de repos chez OZG","isPartOf":{"@id":"https:\/\/objektmobiliar.ch\/#website"},"primaryImageOfPage":{"@id":"https:\/\/objektmobiliar.ch\/moebel\/pflegegerechte-tische\/klapptisch-mit-rollen-fuer-pflegeheime\/#primaryimage"},"image":{"@id":"https:\/\/objektmobiliar.ch\/moebel\/pflegegerechte-tische\/klapptisch-mit-rollen-fuer-pflegeheime\/#primaryimage"},"thumbnailUrl":"https:\/\/objektmobiliar.ch\/wp-content\/uploads\/2023\/10\/primus-klapptisch.jpg","datePublished":"2023-10-16T21:45:06+00:00","dateModified":"2024-08-20T14:01:51+00:00","description":"Mobilit\u00e9 et flexibilit\u00e9 \u00e0 un excellent rapport qualit\u00e9-prix caract\u00e9risent la table pliante \u00e0 roulettes pour les maisons de soins.","breadcrumb":{"@id":"https:\/\/objektmobiliar.ch\/moebel\/pflegegerechte-tische\/klapptisch-mit-rollen-fuer-pflegeheime\/#breadcrumb"},"inLanguage":"fr-FR","potentialAction":[{"@type":"ReadAction","target":["https:\/\/objektmobiliar.ch\/moebel\/pflegegerechte-tische\/klapptisch-mit-rollen-fuer-pflegeheime\/"]}]},{"@type":"ImageObject","inLanguage":"fr-FR","@id":"https:\/\/objektmobiliar.ch\/moebel\/pflegegerechte-tische\/klapptisch-mit-rollen-fuer-pflegeheime\/#primaryimage","url":"https:\/\/objektmobiliar.ch\/wp-content\/uploads\/2023\/10\/primus-klapptisch.jpg","contentUrl":"https:\/\/objektmobiliar.ch\/wp-content\/uploads\/2023\/10\/primus-klapptisch.jpg","width":1000,"height":1000,"caption":"Klapptisch mit Rollen f\u00fcr Pflegeheime"},{"@type":"BreadcrumbList","@id":"https:\/\/objektmobiliar.ch\/moebel\/pflegegerechte-tische\/klapptisch-mit-rollen-fuer-pflegeheime\/#breadcrumb","itemListElement":[{"@type":"ListItem","position":1,"name":"Startseite","item":"https:\/\/objektmobiliar.ch\/"},{"@type":"ListItem","position":2,"name":"M\u00f6bel","item":"https:\/\/objektmobiliar.ch\/moebel\/"},{"@type":"ListItem","position":3,"name":"Tische","item":"https:\/\/objektmobiliar.ch\/moebel\/pflegegerechte-tische\/"},{"@type":"ListItem","position":4,"name":"Primus Klapptisch"}]},{"@type":"WebSite","@id":"https:\/\/objektmobiliar.ch\/#website","url":"https:\/\/objektmobiliar.ch\/","name":"OZG HEALTHCARE","description":"Mobilier de collectivit\u00e9 pour les soins, les bureaux, les cabinets m\u00e9dicaux et l'h\u00f4tellerie","potentialAction":[{"@type":"SearchAction","target":{"@type":"EntryPoint","urlTemplate":"https:\/\/objektmobiliar.ch\/?s={search_term_string}"},"query-input":{"@type":"PropertyValueSpecification","valueRequired":true,"valueName":"search_term_string"}}],"inLanguage":"fr-FR"}]}},"coauthors":[],"author_meta":{"author_link":"https:\/\/objektmobiliar.ch\/fr\/author\/alex\/","display_name":"Alex"},"relative_dates":{"created":"Publi\u00e9 3 ans il y a","modified":"Mis \u00e0 jour 2 ans il y a"},"absolute_dates":{"created":"Publi\u00e9 le octobre 16, 2023","modified":"Mise \u00e0 jour le ao\u00fbt 20, 2024"},"absolute_dates_time":{"created":"Publi\u00e9 le octobre 16, 2023 9:45 pm","modified":"Mise \u00e0 jour le ao\u00fbt 20, 2024 2:01 pm"},"featured_img_caption":"","featured_img":"https:\/\/objektmobiliar.ch\/wp-content\/uploads\/2023\/10\/primus-klapptisch-825x510.jpg","series_order":"","_links":{"self":[{"href":"https:\/\/objektmobiliar.ch\/fr\/wp-json\/wp\/v2\/pages\/699","targetHints":{"allow":["GET"]}}],"collection":[{"href":"https:\/\/objektmobiliar.ch\/fr\/wp-json\/wp\/v2\/pages"}],"about":[{"href":"https:\/\/objektmobiliar.ch\/fr\/wp-json\/wp\/v2\/types\/page"}],"author":[{"embeddable":true,"href":"https:\/\/objektmobiliar.ch\/fr\/wp-json\/wp\/v2\/users\/2"}],"replies":[{"embeddable":true,"href":"https:\/\/objektmobiliar.ch\/fr\/wp-json\/wp\/v2\/comments?post=699"}],"version-history":[{"count":12,"href":"https:\/\/objektmobiliar.ch\/fr\/wp-json\/wp\/v2\/pages\/699\/revisions"}],"predecessor-version":[{"id":3623,"href":"https:\/\/objektmobiliar.ch\/fr\/wp-json\/wp\/v2\/pages\/699\/revisions\/3623"}],"up":[{"embeddable":true,"href":"https:\/\/objektmobiliar.ch\/fr\/wp-json\/wp\/v2\/pages\/640"}],"wp:featuredmedia":[{"embeddable":true,"href":"https:\/\/objektmobiliar.ch\/fr\/wp-json\/wp\/v2\/media\/698"}],"wp:attachment":[{"href":"https:\/\/objektmobiliar.ch\/fr\/wp-json\/wp\/v2\/media?parent=699"}],"curies":[{"name":"wp","href":"https:\/\/api.w.org\/{rel}","templated":true}]}}