{"id":690,"date":"2023-10-16T21:35:57","date_gmt":"2023-10-16T21:35:57","guid":{"rendered":"https:\/\/dev.objektmobiliar.ch\/?page_id=690"},"modified":"2024-08-20T13:15:05","modified_gmt":"2024-08-20T13:15:05","slug":"la-table-pliante-pour-les-maisons-de-retraite","status":"publish","type":"page","link":"https:\/\/objektmobiliar.ch\/fr\/moebel\/pflegegerechte-tische\/der-klapptisch-fuer-altersheime\/","title":{"rendered":"Ida Table pliante"},"content":{"rendered":"<div class=\"lazyblock-produkt-detail-ozg-1qKORf wp-block-lazyblock-produkt-detail-ozg\"><section class=\"sct\">\r\n      <div class=\"cnt\">\r\n        <div class=\"elmnt-product-desc\">\r\n          <div class=\"product-desc-box\"><img decoding=\"async\" src=\"https:\/\/objektmobiliar.ch\/wp-content\/uploads\/2023\/10\/ida-klapptisch.jpg\" loading=\"lazy\" alt=\"\" class=\"product-desc-img\"><\/div>\r\n          <div class=\"product-desc-txt\">\r\n            <h1 class=\"txt-product-headline\"> TABLE \u00c0 BOUCHER IDA<\/h1>\r\n            <h2 class=\"txt-product-subline\">La table pliante pour les maisons de retraite<\/h2>\r\n            <div class=\"w-richtext\">\r\n              <p>Le mod\u00e8le IDA se distingue par son design clair et r\u00e9duit. Le plateau de table rapport\u00e9 souligne la l\u00e9g\u00e8ret\u00e9 optique de la table. Gr\u00e2ce au langage des formes identique, cette s\u00e9rie peut \u00e9galement \u00eatre utilis\u00e9e partout en combinaison.<\/p>\r\n            <\/div>\r\n            <a onclick=\"splite_loader();\" class=\"btn\">Demander un produit<\/a>\r\n          <\/div>\r\n        <\/div>\r\n      <\/div>\r\n    <\/section><\/div>\n\n<div class=\"lazyblock-produkt-slider-ozg-G9yL4 wp-block-lazyblock-produkt-slider-ozg\"><section class=\"sct\">\r\n  <div class=\"cnt semi\">\r\n    <div class=\"intro-txt\">\r\n        <h2>Mod\u00e8les et versions<\/h2>\r\n    <\/div>\r\n    \r\n    <div class=\"elmnt-similar-products\">\r\n      <div class=\"similar-product\"><img decoding=\"async\" src=\"https:\/\/objektmobiliar.ch\/wp-content\/uploads\/2023\/10\/ida-klapptisch-detail.jpg\" loading=\"eager\" alt=\"Table pliante Ida d\u00e9tail\" class=\"similar-product-img\">\r\n        <div class=\"center\">\r\n          <div class=\"w-richtext\">\r\n            <p><strong>Table pliante Ida,<\/strong><br>R\u00e9f. 211-1359\/S :<br>140 x 70 cm<br><br>R\u00e9f. 211-1360\/S :<br>160 x 80 cm<\/p>\r\n          <\/div>\r\n          \r\n        <\/div>\r\n      <\/div>\r\n      <div class=\"similar-product\"><img decoding=\"async\" src=\"https:\/\/objektmobiliar.ch\/wp-content\/uploads\/2023\/10\/ida.jpg\" loading=\"eager\" alt=\"Table pliante Ida\" class=\"similar-product-img\">\r\n        <div class=\"center\">\r\n          <div class=\"w-richtext\">\r\n            <p><strong>Table pliante Ida,<\/strong><br>R\u00e9f. 211-1359\/S :<br>140 x 70 cm<br><br>R\u00e9f. 211-1360\/S :<br>160 x 80 cm<\/p>\r\n          <\/div>\r\n          \r\n        <\/div>\r\n      <\/div>\r\n      <div class=\"similar-product\"><img decoding=\"async\" src=\"https:\/\/objektmobiliar.ch\/wp-content\/uploads\/2023\/10\/ida-klapptisch-02.jpg\" loading=\"eager\" alt=\"Table pliante Ida\" class=\"similar-product-img\">\r\n        <div class=\"center\">\r\n          <div class=\"w-richtext\">\r\n            <p><strong>Table pliante Ida,<\/strong><br>R\u00e9f. 211-1359\/S :<br>140 x 70 cm<br><br>R\u00e9f. 211-1360\/S :<br>160 x 80 cm<\/p>\r\n          <\/div>\r\n          \r\n        <\/div>\r\n      <\/div>\r\n    <\/div>\r\n  <\/div>\r\n  \r\n  <div class=\"cnt narrow\">\r\n    <div class=\"similar-products-nav-pos\">\r\n      <div class=\"w-embed\">\r\n        \r\n      <\/div>\r\n    <\/div>\r\n  <\/div>\r\n<\/section><\/div>\n\n\n<div class=\"wp-block-group\"><div class=\"wp-block-group__inner-container is-layout-constrained wp-block-group-is-layout-constrained\"><section class=\"sct\">\r\n      <div class=\"cnt narrow\">\r\n        <div class=\"introtxt\">\r\n        <div class=\"w-richtext\">\r\n            <h2>Description du produit<\/h2>\r\n        <\/div>\r\n        <\/div>\r\n        \r\n          \n\n\n<figure class=\"wp-block-table is-style-regular\"><table><thead><tr><th>Art. No.<\/th><th>Description<\/th><\/tr><\/thead><tbody><tr><td>211-1359\/S<\/td><td>Table pliante Ida, 140\u00d770 cm<\/td><\/tr><tr><td>211-1360\/S<\/td><td>Table pliante Ida, 160\u00d780 cm<\/td><\/tr><\/tbody><\/table><\/figure>\n\n\n<\/div><\/section><\/div><\/div>\n\n\n<div class=\"lazyblock-text-modul-ozg-Z2dFCX4 wp-block-lazyblock-text-modul-ozg\"><section class=\"sct\">\r\n      <div class=\"cnt narrow\">\r\n        <div class=\"w-richtext\">\r\n            <h3>La table pliante pour les maisons de retraite : Flexibilit\u00e9 et \u00e9l\u00e9gance<\/h3>\n<p>La table pliante IDA est la solution id\u00e9ale pour les maisons de retraite qui accordent de l'importance \u00e0 la flexibilit\u00e9 et au design moderne. Son design clair et r\u00e9duit convainc au premier coup d'\u0153il et s'int\u00e8gre harmonieusement dans tout environnement. Le plateau de table mont\u00e9 en applique conf\u00e8re \u00e0 la table une l\u00e9g\u00e8ret\u00e9 visuelle tout en cr\u00e9ant une \u00e9l\u00e9gance intemporelle.<\/p>\n<h3>Table pliante IDA : polyvalence maximale pour un am\u00e9nagement flexible de l'espace dans les r\u00e9sidences pour personnes \u00e2g\u00e9es<\/h3>\n<p>La table pliante IDA se distingue par sa polyvalence. Selon les besoins, la table peut \u00eatre utilis\u00e9e soit fixe, soit pliante, ce qui lui permet de s'adapter parfaitement aux exigences de la maison de retraite. Dans les espaces tels que les salles \u00e0 manger, les salles communes ou les espaces \u00e9v\u00e9nementiels, cette flexibilit\u00e9 est un grand avantage, car les espaces sont souvent utilis\u00e9s pour diff\u00e9rentes activit\u00e9s. La table pliante IDA permet alors une transformation simple et rapide.<\/p>\n<h3>Table pliante IDA : stabilit\u00e9, adaptabilit\u00e9 et \u00e9l\u00e9gance styl\u00e9e pour les maisons de retraite<\/h3>\n<p>Les pieds m\u00e9talliques robustes assurent la stabilit\u00e9 et la durabilit\u00e9, m\u00eame en cas d'utilisation fr\u00e9quente. Le plateau de table est disponible en diff\u00e9rents mat\u00e9riaux, dont le bois massif, le placage ou le stratifi\u00e9 (High Pressure Laminate). Ainsi, la table peut \u00eatre adapt\u00e9e individuellement en fonction de l'am\u00e9nagement de la pi\u00e8ce. En outre, diff\u00e9rentes tailles de plateau sont disponibles, ce qui permet d'utiliser la table aussi bien dans les grandes que dans les petites pi\u00e8ces. Vous pouvez choisir parmi une multitude de <a href=\"https:\/\/objektmobiliar.ch\/fr\/inspiration\/materiaux-et-couleurs\/\">Mat\u00e9riaux et couleurs<\/a> pour r\u00e9pondre aux besoins de votre r\u00e9sidence pour personnes \u00e2g\u00e9es.<\/p>\r\n        <\/div>\r\n      <\/div>\r\n    <\/section><\/div><style class=\"advgb-styles-renderer\">\r\n            .similar-products-nav li {\r\n              overflow: hidden;\r\n              margin: 0px !important;\r\n              flex-grow: 0 !important;\r\n              flex-shrink: 1 !important;\r\n              flex-basis: 12.5% !important;\r\n              border-style: solid;\r\n              border-width: 2px;\r\n              border-color: transparent;\r\n              border-radius: 8px;\r\n              transition-property: border-color;\r\n              transition-duration: 600ms;\r\n              transition-timing-function: ease;\r\n              cursor: pointer;\r\n            }\r\n            .similar-products-nav li.slick-active {\r\n              border-color: #dde7ef;\r\n            }\r\n            @media screen and (max-width:767px) {\r\n              .similar-products-nav li {\r\n                flex-basis: auto !important;\r\n                border-radius: 8px;\r\n                padding-top: 8px;\r\n                padding-right: 16px;\r\n                padding-bottom: 6px;\r\n                padding-left: 16px;\r\n              }\r\n              .similar-products-nav li.slick-active {\r\n                background-color: #dde7ef;\r\n                transition-property: background-color, border-color;\r\n                transition-duration: 600ms, 200ms;\r\n                transition-timing-function: ease, ease;\r\n                color: #426b8a;\r\n              }\r\n            }\r\n          <\/style>","protected":false},"excerpt":{"rendered":"<p>Das Modell IDA besticht durch klares, reduziertes Design. Die mit Distanz zur Zarge aufgesetzte Tischplatte betont die optische Leichtigkeit des Tisches.<\/p>","protected":false},"author":2,"featured_media":693,"parent":640,"menu_order":0,"comment_status":"closed","ping_status":"closed","template":"","meta":{"advgb_blocks_editor_width":"","advgb_blocks_columns_visual_guide":"","footnotes":""},"class_list":["post-690","page","type-page","status-publish","has-post-thumbnail","hentry"],"yoast_head":"<!-- This site is optimized with the Yoast SEO plugin v27.4 - https:\/\/yoast.com\/product\/yoast-seo-wordpress\/ -->\n<title>Der Klapptisch f\u00fcr Altersheime bei OZG<\/title>\n<meta name=\"description\" content=\"Der Klapptisch f\u00fcr Altersheime ist die ideale L\u00f6sung f\u00fcr Seniorenheime, die besonders Wert auf Flexibilit\u00e4t und modernes Design legen.\" \/>\n<meta name=\"robots\" content=\"index, follow, max-snippet:-1, max-image-preview:large, max-video-preview:-1\" \/>\n<link rel=\"canonical\" href=\"https:\/\/objektmobiliar.ch\/fr\/meubles\/tables-adaptees-aux-soins\/la-table-pliante-pour-les-maisons-de-retraite\/\" \/>\n<meta property=\"og:locale\" content=\"fr_FR\" \/>\n<meta property=\"og:type\" content=\"article\" \/>\n<meta property=\"og:title\" content=\"Der Klapptisch f\u00fcr Altersheime bei OZG\" \/>\n<meta property=\"og:description\" content=\"Der Klapptisch f\u00fcr Altersheime ist die ideale L\u00f6sung f\u00fcr Seniorenheime, die besonders Wert auf Flexibilit\u00e4t und modernes Design legen.\" \/>\n<meta property=\"og:url\" content=\"https:\/\/objektmobiliar.ch\/fr\/meubles\/tables-adaptees-aux-soins\/la-table-pliante-pour-les-maisons-de-retraite\/\" \/>\n<meta property=\"og:site_name\" content=\"OZG HEALTHCARE\" \/>\n<meta property=\"article:modified_time\" content=\"2024-08-20T13:15:05+00:00\" \/>\n<meta property=\"og:image\" content=\"https:\/\/objektmobiliar.ch\/wp-content\/uploads\/2023\/10\/ida-klapptisch.jpg\" \/>\n\t<meta property=\"og:image:width\" content=\"1000\" \/>\n\t<meta property=\"og:image:height\" content=\"1000\" \/>\n\t<meta property=\"og:image:type\" content=\"image\/jpeg\" \/>\n<meta name=\"twitter:card\" content=\"summary_large_image\" \/>\n<meta name=\"twitter:label1\" content=\"Dur\u00e9e de lecture estim\u00e9e\" \/>\n\t<meta name=\"twitter:data1\" content=\"3 minutes\" \/>\n<script type=\"application\/ld+json\" class=\"yoast-schema-graph\">{\"@context\":\"https:\\\/\\\/schema.org\",\"@graph\":[{\"@type\":\"WebPage\",\"@id\":\"https:\\\/\\\/objektmobiliar.ch\\\/moebel\\\/pflegegerechte-tische\\\/der-klapptisch-fuer-altersheime\\\/\",\"url\":\"https:\\\/\\\/objektmobiliar.ch\\\/moebel\\\/pflegegerechte-tische\\\/der-klapptisch-fuer-altersheime\\\/\",\"name\":\"Der Klapptisch f\u00fcr Altersheime bei OZG\",\"isPartOf\":{\"@id\":\"https:\\\/\\\/objektmobiliar.ch\\\/#website\"},\"primaryImageOfPage\":{\"@id\":\"https:\\\/\\\/objektmobiliar.ch\\\/moebel\\\/pflegegerechte-tische\\\/der-klapptisch-fuer-altersheime\\\/#primaryimage\"},\"image\":{\"@id\":\"https:\\\/\\\/objektmobiliar.ch\\\/moebel\\\/pflegegerechte-tische\\\/der-klapptisch-fuer-altersheime\\\/#primaryimage\"},\"thumbnailUrl\":\"https:\\\/\\\/objektmobiliar.ch\\\/wp-content\\\/uploads\\\/2023\\\/10\\\/ida-klapptisch.jpg\",\"datePublished\":\"2023-10-16T21:35:57+00:00\",\"dateModified\":\"2024-08-20T13:15:05+00:00\",\"description\":\"Der Klapptisch f\u00fcr Altersheime ist die ideale L\u00f6sung f\u00fcr Seniorenheime, die besonders Wert auf Flexibilit\u00e4t und modernes Design legen.\",\"breadcrumb\":{\"@id\":\"https:\\\/\\\/objektmobiliar.ch\\\/moebel\\\/pflegegerechte-tische\\\/der-klapptisch-fuer-altersheime\\\/#breadcrumb\"},\"inLanguage\":\"fr-FR\",\"potentialAction\":[{\"@type\":\"ReadAction\",\"target\":[\"https:\\\/\\\/objektmobiliar.ch\\\/moebel\\\/pflegegerechte-tische\\\/der-klapptisch-fuer-altersheime\\\/\"]}]},{\"@type\":\"ImageObject\",\"inLanguage\":\"fr-FR\",\"@id\":\"https:\\\/\\\/objektmobiliar.ch\\\/moebel\\\/pflegegerechte-tische\\\/der-klapptisch-fuer-altersheime\\\/#primaryimage\",\"url\":\"https:\\\/\\\/objektmobiliar.ch\\\/wp-content\\\/uploads\\\/2023\\\/10\\\/ida-klapptisch.jpg\",\"contentUrl\":\"https:\\\/\\\/objektmobiliar.ch\\\/wp-content\\\/uploads\\\/2023\\\/10\\\/ida-klapptisch.jpg\",\"width\":1000,\"height\":1000,\"caption\":\"Der Klapptisch f\u00fcr Altersheime\"},{\"@type\":\"BreadcrumbList\",\"@id\":\"https:\\\/\\\/objektmobiliar.ch\\\/moebel\\\/pflegegerechte-tische\\\/der-klapptisch-fuer-altersheime\\\/#breadcrumb\",\"itemListElement\":[{\"@type\":\"ListItem\",\"position\":1,\"name\":\"Startseite\",\"item\":\"https:\\\/\\\/objektmobiliar.ch\\\/\"},{\"@type\":\"ListItem\",\"position\":2,\"name\":\"M\u00f6bel\",\"item\":\"https:\\\/\\\/objektmobiliar.ch\\\/moebel\\\/\"},{\"@type\":\"ListItem\",\"position\":3,\"name\":\"Tische\",\"item\":\"https:\\\/\\\/objektmobiliar.ch\\\/moebel\\\/pflegegerechte-tische\\\/\"},{\"@type\":\"ListItem\",\"position\":4,\"name\":\"Ida Klapptisch\"}]},{\"@type\":\"WebSite\",\"@id\":\"https:\\\/\\\/objektmobiliar.ch\\\/#website\",\"url\":\"https:\\\/\\\/objektmobiliar.ch\\\/\",\"name\":\"OZG HEALTHCARE\",\"description\":\"Objektmobiliar f\u00fcr Pflege, B\u00fcro, Praxis &amp; Hotellerie\",\"potentialAction\":[{\"@type\":\"SearchAction\",\"target\":{\"@type\":\"EntryPoint\",\"urlTemplate\":\"https:\\\/\\\/objektmobiliar.ch\\\/?s={search_term_string}\"},\"query-input\":{\"@type\":\"PropertyValueSpecification\",\"valueRequired\":true,\"valueName\":\"search_term_string\"}}],\"inLanguage\":\"fr-FR\"}]}<\/script>\n<!-- \/ Yoast SEO plugin. -->","yoast_head_json":{"title":"La table pliante pour les maisons de retraite chez OZG","description":"La table pliante pour maisons de retraite est la solution id\u00e9ale pour les maisons de retraite qui accordent une importance particuli\u00e8re \u00e0 la flexibilit\u00e9 et au design moderne.","robots":{"index":"index","follow":"follow","max-snippet":"max-snippet:-1","max-image-preview":"max-image-preview:large","max-video-preview":"max-video-preview:-1"},"canonical":"https:\/\/objektmobiliar.ch\/fr\/meubles\/tables-adaptees-aux-soins\/la-table-pliante-pour-les-maisons-de-retraite\/","og_locale":"fr_FR","og_type":"article","og_title":"Der Klapptisch f\u00fcr Altersheime bei OZG","og_description":"Der Klapptisch f\u00fcr Altersheime ist die ideale L\u00f6sung f\u00fcr Seniorenheime, die besonders Wert auf Flexibilit\u00e4t und modernes Design legen.","og_url":"https:\/\/objektmobiliar.ch\/fr\/meubles\/tables-adaptees-aux-soins\/la-table-pliante-pour-les-maisons-de-retraite\/","og_site_name":"OZG HEALTHCARE","article_modified_time":"2024-08-20T13:15:05+00:00","og_image":[{"width":1000,"height":1000,"url":"https:\/\/objektmobiliar.ch\/wp-content\/uploads\/2023\/10\/ida-klapptisch.jpg","type":"image\/jpeg"}],"twitter_card":"summary_large_image","twitter_misc":{"Dur\u00e9e de lecture estim\u00e9e":"3 minutes"},"schema":{"@context":"https:\/\/schema.org","@graph":[{"@type":"WebPage","@id":"https:\/\/objektmobiliar.ch\/moebel\/pflegegerechte-tische\/der-klapptisch-fuer-altersheime\/","url":"https:\/\/objektmobiliar.ch\/moebel\/pflegegerechte-tische\/der-klapptisch-fuer-altersheime\/","name":"La table pliante pour les maisons de retraite chez OZG","isPartOf":{"@id":"https:\/\/objektmobiliar.ch\/#website"},"primaryImageOfPage":{"@id":"https:\/\/objektmobiliar.ch\/moebel\/pflegegerechte-tische\/der-klapptisch-fuer-altersheime\/#primaryimage"},"image":{"@id":"https:\/\/objektmobiliar.ch\/moebel\/pflegegerechte-tische\/der-klapptisch-fuer-altersheime\/#primaryimage"},"thumbnailUrl":"https:\/\/objektmobiliar.ch\/wp-content\/uploads\/2023\/10\/ida-klapptisch.jpg","datePublished":"2023-10-16T21:35:57+00:00","dateModified":"2024-08-20T13:15:05+00:00","description":"La table pliante pour maisons de retraite est la solution id\u00e9ale pour les maisons de retraite qui accordent une importance particuli\u00e8re \u00e0 la flexibilit\u00e9 et au design moderne.","breadcrumb":{"@id":"https:\/\/objektmobiliar.ch\/moebel\/pflegegerechte-tische\/der-klapptisch-fuer-altersheime\/#breadcrumb"},"inLanguage":"fr-FR","potentialAction":[{"@type":"ReadAction","target":["https:\/\/objektmobiliar.ch\/moebel\/pflegegerechte-tische\/der-klapptisch-fuer-altersheime\/"]}]},{"@type":"ImageObject","inLanguage":"fr-FR","@id":"https:\/\/objektmobiliar.ch\/moebel\/pflegegerechte-tische\/der-klapptisch-fuer-altersheime\/#primaryimage","url":"https:\/\/objektmobiliar.ch\/wp-content\/uploads\/2023\/10\/ida-klapptisch.jpg","contentUrl":"https:\/\/objektmobiliar.ch\/wp-content\/uploads\/2023\/10\/ida-klapptisch.jpg","width":1000,"height":1000,"caption":"Der Klapptisch f\u00fcr Altersheime"},{"@type":"BreadcrumbList","@id":"https:\/\/objektmobiliar.ch\/moebel\/pflegegerechte-tische\/der-klapptisch-fuer-altersheime\/#breadcrumb","itemListElement":[{"@type":"ListItem","position":1,"name":"Startseite","item":"https:\/\/objektmobiliar.ch\/"},{"@type":"ListItem","position":2,"name":"M\u00f6bel","item":"https:\/\/objektmobiliar.ch\/moebel\/"},{"@type":"ListItem","position":3,"name":"Tische","item":"https:\/\/objektmobiliar.ch\/moebel\/pflegegerechte-tische\/"},{"@type":"ListItem","position":4,"name":"Ida Klapptisch"}]},{"@type":"WebSite","@id":"https:\/\/objektmobiliar.ch\/#website","url":"https:\/\/objektmobiliar.ch\/","name":"OZG HEALTHCARE","description":"Mobilier de collectivit\u00e9 pour les soins, les bureaux, les cabinets m\u00e9dicaux et l'h\u00f4tellerie","potentialAction":[{"@type":"SearchAction","target":{"@type":"EntryPoint","urlTemplate":"https:\/\/objektmobiliar.ch\/?s={search_term_string}"},"query-input":{"@type":"PropertyValueSpecification","valueRequired":true,"valueName":"search_term_string"}}],"inLanguage":"fr-FR"}]}},"coauthors":[],"author_meta":{"author_link":"https:\/\/objektmobiliar.ch\/fr\/author\/alex\/","display_name":"Alex"},"relative_dates":{"created":"Publi\u00e9 3 ans il y a","modified":"Mis \u00e0 jour 2 ans il y a"},"absolute_dates":{"created":"Publi\u00e9 le octobre 16, 2023","modified":"Mise \u00e0 jour le ao\u00fbt 20, 2024"},"absolute_dates_time":{"created":"Publi\u00e9 le octobre 16, 2023 9:35 pm","modified":"Mise \u00e0 jour le ao\u00fbt 20, 2024 1:15 pm"},"featured_img_caption":"","featured_img":"https:\/\/objektmobiliar.ch\/wp-content\/uploads\/2023\/10\/ida-klapptisch-825x510.jpg","series_order":"","_links":{"self":[{"href":"https:\/\/objektmobiliar.ch\/fr\/wp-json\/wp\/v2\/pages\/690","targetHints":{"allow":["GET"]}}],"collection":[{"href":"https:\/\/objektmobiliar.ch\/fr\/wp-json\/wp\/v2\/pages"}],"about":[{"href":"https:\/\/objektmobiliar.ch\/fr\/wp-json\/wp\/v2\/types\/page"}],"author":[{"embeddable":true,"href":"https:\/\/objektmobiliar.ch\/fr\/wp-json\/wp\/v2\/users\/2"}],"replies":[{"embeddable":true,"href":"https:\/\/objektmobiliar.ch\/fr\/wp-json\/wp\/v2\/comments?post=690"}],"version-history":[{"count":8,"href":"https:\/\/objektmobiliar.ch\/fr\/wp-json\/wp\/v2\/pages\/690\/revisions"}],"predecessor-version":[{"id":3607,"href":"https:\/\/objektmobiliar.ch\/fr\/wp-json\/wp\/v2\/pages\/690\/revisions\/3607"}],"up":[{"embeddable":true,"href":"https:\/\/objektmobiliar.ch\/fr\/wp-json\/wp\/v2\/pages\/640"}],"wp:featuredmedia":[{"embeddable":true,"href":"https:\/\/objektmobiliar.ch\/fr\/wp-json\/wp\/v2\/media\/693"}],"wp:attachment":[{"href":"https:\/\/objektmobiliar.ch\/fr\/wp-json\/wp\/v2\/media?parent=690"}],"curies":[{"name":"wp","href":"https:\/\/api.w.org\/{rel}","templated":true}]}}