{"id":688,"date":"2023-10-16T21:23:05","date_gmt":"2023-10-16T21:23:05","guid":{"rendered":"https:\/\/dev.objektmobiliar.ch\/?page_id=688"},"modified":"2024-08-20T12:24:02","modified_gmt":"2024-08-20T12:24:02","slug":"table-pliante-pour-etablissements-de-soins","status":"publish","type":"page","link":"https:\/\/objektmobiliar.ch\/fr\/moebel\/pflegegerechte-tische\/klapptisch-fuer-pflegeeinrichtungen\/","title":{"rendered":"Eva Table pliante"},"content":{"rendered":"<div class=\"lazyblock-produkt-detail-ozg-ZENM0T wp-block-lazyblock-produkt-detail-ozg\"><section class=\"sct\">\r\n      <div class=\"cnt\">\r\n        <div class=\"elmnt-product-desc\">\r\n          <div class=\"product-desc-box\"><img decoding=\"async\" src=\"https:\/\/objektmobiliar.ch\/wp-content\/uploads\/2023\/10\/eva-klapptisch.jpg\" loading=\"lazy\" alt=\"\" class=\"product-desc-img\"><\/div>\r\n          <div class=\"product-desc-txt\">\r\n            <h1 class=\"txt-product-headline\">TABLE \u00c0 BOUCHER EVA<\/h1>\r\n            <h2 class=\"txt-product-subline\">Table pliante moderne pour les \u00e9tablissements de soins<\/h2>\r\n            <div class=\"w-richtext\">\r\n              <p>Une table pliante de qualit\u00e9 sup\u00e9rieure pour les \u00e9tablissements de soins, avec un aspect attrayant pour un am\u00e9nagement moderne de l'espace. Gr\u00e2ce \u00e0 son m\u00e9canisme innovant, la table pliante EVA peut \u00eatre install\u00e9e rapidement et facilement. C'est donc la table id\u00e9ale pour une utilisation multifonctionnelle.<\/p>\r\n            <\/div>\r\n            <a onclick=\"splite_loader();\" class=\"btn\">Demander un produit<\/a>\r\n          <\/div>\r\n        <\/div>\r\n      <\/div>\r\n    <\/section><\/div>\n\n<div class=\"lazyblock-produkt-slider-ozg-HKI9x wp-block-lazyblock-produkt-slider-ozg\"><section class=\"sct\">\r\n  <div class=\"cnt semi\">\r\n    <div class=\"intro-txt\">\r\n        <h2>Mod\u00e8les et versions<\/h2>\r\n    <\/div>\r\n    \r\n    <div class=\"elmnt-similar-products\">\r\n      <div class=\"similar-product\"><img decoding=\"async\" src=\"https:\/\/objektmobiliar.ch\/wp-content\/uploads\/2023\/10\/eva-klapptisch-03.jpg\" loading=\"eager\" alt=\"Table pliante Eva\" class=\"similar-product-img\">\r\n        <div class=\"center\">\r\n          <div class=\"w-richtext\">\r\n            <p><strong>Table pliante Eva,<\/strong><br>R\u00e9f. 211-1363\/S :<br>140 x 70 cm<br><br>R\u00e9f. 211-1364\/S :<br>160 x 80 cm<\/p>\r\n          <\/div>\r\n          \r\n        <\/div>\r\n      <\/div>\r\n      <div class=\"similar-product\"><img decoding=\"async\" src=\"https:\/\/objektmobiliar.ch\/wp-content\/uploads\/2023\/10\/eva-klapptisch-02.jpg\" loading=\"eager\" alt=\"Table pliante Eva\" class=\"similar-product-img\">\r\n        <div class=\"center\">\r\n          <div class=\"w-richtext\">\r\n            <p><strong>Table pliante Eva,<\/strong><br>R\u00e9f. 211-1363\/S :<br>140 x 70 cm<br><br>R\u00e9f. 211-1364\/S :<br>160 x 80 cm<\/p>\r\n          <\/div>\r\n          \r\n        <\/div>\r\n      <\/div>\r\n    <\/div>\r\n  <\/div>\r\n  \r\n  <div class=\"cnt narrow\">\r\n    <div class=\"similar-products-nav-pos\">\r\n      <div class=\"w-embed\">\r\n        \r\n      <\/div>\r\n    <\/div>\r\n  <\/div>\r\n<\/section><\/div>\n\n\n<div class=\"wp-block-group\"><div class=\"wp-block-group__inner-container is-layout-constrained wp-block-group-is-layout-constrained\"><section class=\"sct\">\r\n      <div class=\"cnt narrow\">\r\n        <div class=\"introtxt\">\r\n        <div class=\"w-richtext\">\r\n            <h2>Description du produit<\/h2>\r\n        <\/div>\r\n        <\/div>\r\n        \r\n          \n\n\n<figure class=\"wp-block-table is-style-regular\"><table><thead><tr><th>Art. No.<\/th><th>Description<\/th><\/tr><\/thead><tbody><tr><td>211-1363\/S<\/td><td>Table pliante Eva, 140\u00d770 cm<\/td><\/tr><tr><td>211-1364\/S<\/td><td>Table pliante Eva, 160\u00d780 cm<\/td><\/tr><\/tbody><\/table><\/figure>\n\n\n<\/div><\/section><\/div><\/div>\n\n\n<div class=\"lazyblock-text-modul-ozg-785WY wp-block-lazyblock-text-modul-ozg\"><section class=\"sct\">\r\n      <div class=\"cnt narrow\">\r\n        <div class=\"w-richtext\">\r\n            <h3>Table pliante EVA : La solution flexible et \u00e9l\u00e9gante pour les \u00e9tablissements de soins modernes<\/h3>\n<p>La table pliante moderne EVA est la solution id\u00e9ale pour les maisons de retraite qui souhaitent un am\u00e9nagement de l'espace \u00e0 la fois flexible et attrayant. Gr\u00e2ce \u00e0 son design bien pens\u00e9 et \u00e0 ses mat\u00e9riaux de qualit\u00e9, cette table s'int\u00e8gre parfaitement dans les maisons de soins modernes et offre de multiples possibilit\u00e9s d'utilisation. L'une des principales caract\u00e9ristiques de la table pliante EVA est son m\u00e9canisme innovant, qui permet une installation rapide et simple. Cela en fait un excellent choix pour les espaces multifonctionnels o\u00f9 la flexibilit\u00e9 joue un r\u00f4le cl\u00e9. Qu'elle soit utilis\u00e9e pour des espaces communs, des salles \u00e0 manger ou des \u00e9v\u00e9nements, la table peut \u00eatre mont\u00e9e et d\u00e9mont\u00e9e sans effort. La table pliante est un meuble indispensable, en particulier dans les maisons de retraite, o\u00f9 les exigences en mati\u00e8re d'am\u00e9nagement de l'espace sont souvent diff\u00e9rentes.<\/p>\n<h3>Table pliante personnalisable pour les \u00e9tablissements de soins EVA : Stabilit\u00e9, flexibilit\u00e9 et design moderne<\/h3>\n<p>Les pieds m\u00e9talliques de la table ont une forme de T stable, ce qui assure une stabilit\u00e9 particuli\u00e8re. Le plateau de table est disponible en diff\u00e9rents mat\u00e9riaux, dont le bois massif, le placage ou le stratifi\u00e9. Ainsi, la table peut \u00eatre adapt\u00e9e individuellement en fonction du design de la pi\u00e8ce et de l'atmosph\u00e8re souhait\u00e9e. De plus, diff\u00e9rentes tailles de plateaux sont disponibles afin d'\u00e9quiper de mani\u00e8re optimale aussi bien les petites que les grandes pi\u00e8ces. Gr\u00e2ce \u00e0 sa fonctionnalit\u00e9, sa robustesse et son aspect attrayant, la table pliante EVA contribue \u00e0 cr\u00e9er une ambiance \u00e0 la fois agr\u00e9able et moderne dans les r\u00e9sidences pour personnes \u00e2g\u00e9es et r\u00e9pond parfaitement aux exigences sp\u00e9cifiques de cet environnement. Choisissez parmi diff\u00e9rents <a href=\"https:\/\/objektmobiliar.ch\/fr\/inspiration\/materiaux-et-couleurs\/\">Mat\u00e9riaux et couleurs<\/a> le design qui s'adapte parfaitement \u00e0 votre int\u00e9rieur.<\/p>\r\n        <\/div>\r\n      <\/div>\r\n    <\/section><\/div><style class=\"advgb-styles-renderer\">\r\n            .similar-products-nav li {\r\n              overflow: hidden;\r\n              margin: 0px !important;\r\n              flex-grow: 0 !important;\r\n              flex-shrink: 1 !important;\r\n              flex-basis: 12.5% !important;\r\n              border-style: solid;\r\n              border-width: 2px;\r\n              border-color: transparent;\r\n              border-radius: 8px;\r\n              transition-property: border-color;\r\n              transition-duration: 600ms;\r\n              transition-timing-function: ease;\r\n              cursor: pointer;\r\n            }\r\n            .similar-products-nav li.slick-active {\r\n              border-color: #dde7ef;\r\n            }\r\n            @media screen and (max-width:767px) {\r\n              .similar-products-nav li {\r\n                flex-basis: auto !important;\r\n                border-radius: 8px;\r\n                padding-top: 8px;\r\n                padding-right: 16px;\r\n                padding-bottom: 6px;\r\n                padding-left: 16px;\r\n              }\r\n              .similar-products-nav li.slick-active {\r\n                background-color: #dde7ef;\r\n                transition-property: background-color, border-color;\r\n                transition-duration: 600ms, 200ms;\r\n                transition-timing-function: ease, ease;\r\n                color: #426b8a;\r\n              }\r\n            }\r\n          <\/style>","protected":false},"excerpt":{"rendered":"<p>Ein hochwertiger Klapptisch mit ansprechender Optik f\u00fcr die moderne Raumgestaltung. Dank der innovativen Mechanik kann der Klapptisch EVA schnell und unkompliziert aufgestellt werden.<\/p>","protected":false},"author":2,"featured_media":687,"parent":640,"menu_order":0,"comment_status":"closed","ping_status":"closed","template":"","meta":{"advgb_blocks_editor_width":"","advgb_blocks_columns_visual_guide":"","footnotes":""},"class_list":["post-688","page","type-page","status-publish","has-post-thumbnail","hentry"],"yoast_head":"<!-- This site is optimized with the Yoast SEO plugin v27.4 - https:\/\/yoast.com\/product\/yoast-seo-wordpress\/ -->\n<title>Klapptisch f\u00fcr Pflegeeinrichtungen bei OZG<\/title>\n<meta name=\"description\" content=\"Ein hochwertiger Klapptisch f\u00fcr Pflegeeinrichtungen mit ansprechender Optik f\u00fcr die moderne Raumgestaltung.\" \/>\n<meta name=\"robots\" content=\"index, follow, max-snippet:-1, max-image-preview:large, max-video-preview:-1\" \/>\n<link rel=\"canonical\" href=\"https:\/\/objektmobiliar.ch\/fr\/meubles\/tables-adaptees-aux-soins\/table-pliante-pour-etablissements-de-soins\/\" \/>\n<meta property=\"og:locale\" content=\"fr_FR\" \/>\n<meta property=\"og:type\" content=\"article\" \/>\n<meta property=\"og:title\" content=\"Klapptisch f\u00fcr Pflegeeinrichtungen bei OZG\" \/>\n<meta property=\"og:description\" content=\"Ein hochwertiger Klapptisch f\u00fcr Pflegeeinrichtungen mit ansprechender Optik f\u00fcr die moderne Raumgestaltung.\" \/>\n<meta property=\"og:url\" content=\"https:\/\/objektmobiliar.ch\/fr\/meubles\/tables-adaptees-aux-soins\/table-pliante-pour-etablissements-de-soins\/\" \/>\n<meta property=\"og:site_name\" content=\"OZG HEALTHCARE\" \/>\n<meta property=\"article:modified_time\" content=\"2024-08-20T12:24:02+00:00\" \/>\n<meta property=\"og:image\" content=\"https:\/\/objektmobiliar.ch\/wp-content\/uploads\/2023\/10\/eva-klapptisch.jpg\" \/>\n\t<meta property=\"og:image:width\" content=\"1000\" \/>\n\t<meta property=\"og:image:height\" content=\"1000\" \/>\n\t<meta property=\"og:image:type\" content=\"image\/jpeg\" \/>\n<meta name=\"twitter:card\" content=\"summary_large_image\" \/>\n<meta name=\"twitter:label1\" content=\"Dur\u00e9e de lecture estim\u00e9e\" \/>\n\t<meta name=\"twitter:data1\" content=\"3 minutes\" \/>\n<script type=\"application\/ld+json\" class=\"yoast-schema-graph\">{\"@context\":\"https:\\\/\\\/schema.org\",\"@graph\":[{\"@type\":\"WebPage\",\"@id\":\"https:\\\/\\\/objektmobiliar.ch\\\/moebel\\\/pflegegerechte-tische\\\/klapptisch-fuer-pflegeeinrichtungen\\\/\",\"url\":\"https:\\\/\\\/objektmobiliar.ch\\\/moebel\\\/pflegegerechte-tische\\\/klapptisch-fuer-pflegeeinrichtungen\\\/\",\"name\":\"Klapptisch f\u00fcr Pflegeeinrichtungen bei OZG\",\"isPartOf\":{\"@id\":\"https:\\\/\\\/objektmobiliar.ch\\\/#website\"},\"primaryImageOfPage\":{\"@id\":\"https:\\\/\\\/objektmobiliar.ch\\\/moebel\\\/pflegegerechte-tische\\\/klapptisch-fuer-pflegeeinrichtungen\\\/#primaryimage\"},\"image\":{\"@id\":\"https:\\\/\\\/objektmobiliar.ch\\\/moebel\\\/pflegegerechte-tische\\\/klapptisch-fuer-pflegeeinrichtungen\\\/#primaryimage\"},\"thumbnailUrl\":\"https:\\\/\\\/objektmobiliar.ch\\\/wp-content\\\/uploads\\\/2023\\\/10\\\/eva-klapptisch.jpg\",\"datePublished\":\"2023-10-16T21:23:05+00:00\",\"dateModified\":\"2024-08-20T12:24:02+00:00\",\"description\":\"Ein hochwertiger Klapptisch f\u00fcr Pflegeeinrichtungen mit ansprechender Optik f\u00fcr die moderne Raumgestaltung.\",\"breadcrumb\":{\"@id\":\"https:\\\/\\\/objektmobiliar.ch\\\/moebel\\\/pflegegerechte-tische\\\/klapptisch-fuer-pflegeeinrichtungen\\\/#breadcrumb\"},\"inLanguage\":\"fr-FR\",\"potentialAction\":[{\"@type\":\"ReadAction\",\"target\":[\"https:\\\/\\\/objektmobiliar.ch\\\/moebel\\\/pflegegerechte-tische\\\/klapptisch-fuer-pflegeeinrichtungen\\\/\"]}]},{\"@type\":\"ImageObject\",\"inLanguage\":\"fr-FR\",\"@id\":\"https:\\\/\\\/objektmobiliar.ch\\\/moebel\\\/pflegegerechte-tische\\\/klapptisch-fuer-pflegeeinrichtungen\\\/#primaryimage\",\"url\":\"https:\\\/\\\/objektmobiliar.ch\\\/wp-content\\\/uploads\\\/2023\\\/10\\\/eva-klapptisch.jpg\",\"contentUrl\":\"https:\\\/\\\/objektmobiliar.ch\\\/wp-content\\\/uploads\\\/2023\\\/10\\\/eva-klapptisch.jpg\",\"width\":1000,\"height\":1000,\"caption\":\"Klapptisch f\u00fcr Pflegeeinrichtungen\"},{\"@type\":\"BreadcrumbList\",\"@id\":\"https:\\\/\\\/objektmobiliar.ch\\\/moebel\\\/pflegegerechte-tische\\\/klapptisch-fuer-pflegeeinrichtungen\\\/#breadcrumb\",\"itemListElement\":[{\"@type\":\"ListItem\",\"position\":1,\"name\":\"Startseite\",\"item\":\"https:\\\/\\\/objektmobiliar.ch\\\/\"},{\"@type\":\"ListItem\",\"position\":2,\"name\":\"M\u00f6bel\",\"item\":\"https:\\\/\\\/objektmobiliar.ch\\\/moebel\\\/\"},{\"@type\":\"ListItem\",\"position\":3,\"name\":\"Tische\",\"item\":\"https:\\\/\\\/objektmobiliar.ch\\\/moebel\\\/pflegegerechte-tische\\\/\"},{\"@type\":\"ListItem\",\"position\":4,\"name\":\"Eva Klapptisch\"}]},{\"@type\":\"WebSite\",\"@id\":\"https:\\\/\\\/objektmobiliar.ch\\\/#website\",\"url\":\"https:\\\/\\\/objektmobiliar.ch\\\/\",\"name\":\"OZG HEALTHCARE\",\"description\":\"Objektmobiliar f\u00fcr Pflege, B\u00fcro, Praxis &amp; Hotellerie\",\"potentialAction\":[{\"@type\":\"SearchAction\",\"target\":{\"@type\":\"EntryPoint\",\"urlTemplate\":\"https:\\\/\\\/objektmobiliar.ch\\\/?s={search_term_string}\"},\"query-input\":{\"@type\":\"PropertyValueSpecification\",\"valueRequired\":true,\"valueName\":\"search_term_string\"}}],\"inLanguage\":\"fr-FR\"}]}<\/script>\n<!-- \/ Yoast SEO plugin. -->","yoast_head_json":{"title":"Table pliante pour les \u00e9tablissements de soins chez OZG","description":"Une table pliante de qualit\u00e9 sup\u00e9rieure pour les \u00e9tablissements de soins avec un aspect attrayant pour un am\u00e9nagement moderne de l'espace.","robots":{"index":"index","follow":"follow","max-snippet":"max-snippet:-1","max-image-preview":"max-image-preview:large","max-video-preview":"max-video-preview:-1"},"canonical":"https:\/\/objektmobiliar.ch\/fr\/meubles\/tables-adaptees-aux-soins\/table-pliante-pour-etablissements-de-soins\/","og_locale":"fr_FR","og_type":"article","og_title":"Klapptisch f\u00fcr Pflegeeinrichtungen bei OZG","og_description":"Ein hochwertiger Klapptisch f\u00fcr Pflegeeinrichtungen mit ansprechender Optik f\u00fcr die moderne Raumgestaltung.","og_url":"https:\/\/objektmobiliar.ch\/fr\/meubles\/tables-adaptees-aux-soins\/table-pliante-pour-etablissements-de-soins\/","og_site_name":"OZG HEALTHCARE","article_modified_time":"2024-08-20T12:24:02+00:00","og_image":[{"width":1000,"height":1000,"url":"https:\/\/objektmobiliar.ch\/wp-content\/uploads\/2023\/10\/eva-klapptisch.jpg","type":"image\/jpeg"}],"twitter_card":"summary_large_image","twitter_misc":{"Dur\u00e9e de lecture estim\u00e9e":"3 minutes"},"schema":{"@context":"https:\/\/schema.org","@graph":[{"@type":"WebPage","@id":"https:\/\/objektmobiliar.ch\/moebel\/pflegegerechte-tische\/klapptisch-fuer-pflegeeinrichtungen\/","url":"https:\/\/objektmobiliar.ch\/moebel\/pflegegerechte-tische\/klapptisch-fuer-pflegeeinrichtungen\/","name":"Table pliante pour les \u00e9tablissements de soins chez OZG","isPartOf":{"@id":"https:\/\/objektmobiliar.ch\/#website"},"primaryImageOfPage":{"@id":"https:\/\/objektmobiliar.ch\/moebel\/pflegegerechte-tische\/klapptisch-fuer-pflegeeinrichtungen\/#primaryimage"},"image":{"@id":"https:\/\/objektmobiliar.ch\/moebel\/pflegegerechte-tische\/klapptisch-fuer-pflegeeinrichtungen\/#primaryimage"},"thumbnailUrl":"https:\/\/objektmobiliar.ch\/wp-content\/uploads\/2023\/10\/eva-klapptisch.jpg","datePublished":"2023-10-16T21:23:05+00:00","dateModified":"2024-08-20T12:24:02+00:00","description":"Une table pliante de qualit\u00e9 sup\u00e9rieure pour les \u00e9tablissements de soins avec un aspect attrayant pour un am\u00e9nagement moderne de l'espace.","breadcrumb":{"@id":"https:\/\/objektmobiliar.ch\/moebel\/pflegegerechte-tische\/klapptisch-fuer-pflegeeinrichtungen\/#breadcrumb"},"inLanguage":"fr-FR","potentialAction":[{"@type":"ReadAction","target":["https:\/\/objektmobiliar.ch\/moebel\/pflegegerechte-tische\/klapptisch-fuer-pflegeeinrichtungen\/"]}]},{"@type":"ImageObject","inLanguage":"fr-FR","@id":"https:\/\/objektmobiliar.ch\/moebel\/pflegegerechte-tische\/klapptisch-fuer-pflegeeinrichtungen\/#primaryimage","url":"https:\/\/objektmobiliar.ch\/wp-content\/uploads\/2023\/10\/eva-klapptisch.jpg","contentUrl":"https:\/\/objektmobiliar.ch\/wp-content\/uploads\/2023\/10\/eva-klapptisch.jpg","width":1000,"height":1000,"caption":"Klapptisch f\u00fcr Pflegeeinrichtungen"},{"@type":"BreadcrumbList","@id":"https:\/\/objektmobiliar.ch\/moebel\/pflegegerechte-tische\/klapptisch-fuer-pflegeeinrichtungen\/#breadcrumb","itemListElement":[{"@type":"ListItem","position":1,"name":"Startseite","item":"https:\/\/objektmobiliar.ch\/"},{"@type":"ListItem","position":2,"name":"M\u00f6bel","item":"https:\/\/objektmobiliar.ch\/moebel\/"},{"@type":"ListItem","position":3,"name":"Tische","item":"https:\/\/objektmobiliar.ch\/moebel\/pflegegerechte-tische\/"},{"@type":"ListItem","position":4,"name":"Eva Klapptisch"}]},{"@type":"WebSite","@id":"https:\/\/objektmobiliar.ch\/#website","url":"https:\/\/objektmobiliar.ch\/","name":"OZG HEALTHCARE","description":"Mobilier de collectivit\u00e9 pour les soins, les bureaux, les cabinets m\u00e9dicaux et l'h\u00f4tellerie","potentialAction":[{"@type":"SearchAction","target":{"@type":"EntryPoint","urlTemplate":"https:\/\/objektmobiliar.ch\/?s={search_term_string}"},"query-input":{"@type":"PropertyValueSpecification","valueRequired":true,"valueName":"search_term_string"}}],"inLanguage":"fr-FR"}]}},"coauthors":[],"author_meta":{"author_link":"https:\/\/objektmobiliar.ch\/fr\/author\/alex\/","display_name":"Alex"},"relative_dates":{"created":"Publi\u00e9 3 ans il y a","modified":"Mis \u00e0 jour 2 ans il y a"},"absolute_dates":{"created":"Publi\u00e9 le octobre 16, 2023","modified":"Mise \u00e0 jour le ao\u00fbt 20, 2024"},"absolute_dates_time":{"created":"Publi\u00e9 le octobre 16, 2023 9:23 pm","modified":"Mise \u00e0 jour le ao\u00fbt 20, 2024 12:24 pm"},"featured_img_caption":"","featured_img":"https:\/\/objektmobiliar.ch\/wp-content\/uploads\/2023\/10\/eva-klapptisch-825x510.jpg","series_order":"","_links":{"self":[{"href":"https:\/\/objektmobiliar.ch\/fr\/wp-json\/wp\/v2\/pages\/688","targetHints":{"allow":["GET"]}}],"collection":[{"href":"https:\/\/objektmobiliar.ch\/fr\/wp-json\/wp\/v2\/pages"}],"about":[{"href":"https:\/\/objektmobiliar.ch\/fr\/wp-json\/wp\/v2\/types\/page"}],"author":[{"embeddable":true,"href":"https:\/\/objektmobiliar.ch\/fr\/wp-json\/wp\/v2\/users\/2"}],"replies":[{"embeddable":true,"href":"https:\/\/objektmobiliar.ch\/fr\/wp-json\/wp\/v2\/comments?post=688"}],"version-history":[{"count":10,"href":"https:\/\/objektmobiliar.ch\/fr\/wp-json\/wp\/v2\/pages\/688\/revisions"}],"predecessor-version":[{"id":3596,"href":"https:\/\/objektmobiliar.ch\/fr\/wp-json\/wp\/v2\/pages\/688\/revisions\/3596"}],"up":[{"embeddable":true,"href":"https:\/\/objektmobiliar.ch\/fr\/wp-json\/wp\/v2\/pages\/640"}],"wp:featuredmedia":[{"embeddable":true,"href":"https:\/\/objektmobiliar.ch\/fr\/wp-json\/wp\/v2\/media\/687"}],"wp:attachment":[{"href":"https:\/\/objektmobiliar.ch\/fr\/wp-json\/wp\/v2\/media?parent=688"}],"curies":[{"name":"wp","href":"https:\/\/api.w.org\/{rel}","templated":true}]}}