{"id":680,"date":"2023-10-16T21:14:02","date_gmt":"2023-10-16T21:14:02","guid":{"rendered":"https:\/\/dev.objektmobiliar.ch\/?page_id=680"},"modified":"2024-08-20T11:27:46","modified_gmt":"2024-08-20T11:27:46","slug":"table-a-foyers-moyens-pour-maisons-de-soins","status":"publish","type":"page","link":"https:\/\/objektmobiliar.ch\/fr\/moebel\/pflegegerechte-tische\/mittelsaeulentisch-fuer-pflegeheime\/","title":{"rendered":"Zonna"},"content":{"rendered":"<div class=\"lazyblock-produkt-detail-ozg-1krRqD wp-block-lazyblock-produkt-detail-ozg\"><section class=\"sct\">\r\n      <div class=\"cnt\">\r\n        <div class=\"elmnt-product-desc\">\r\n          <div class=\"product-desc-box\"><img decoding=\"async\" src=\"https:\/\/objektmobiliar.ch\/wp-content\/uploads\/2023\/10\/zonna-mittelsaeulentisch.jpg\" loading=\"lazy\" alt=\"\" class=\"product-desc-img\"><\/div>\r\n          <div class=\"product-desc-txt\">\r\n            <h1 class=\"txt-product-headline\">TABLE ZONNA<\/h1>\r\n            <h2 class=\"txt-product-subline\">FAITE POUR LA COMMUNAUT\u00c9 - NOTRE TABLE ZONNA.<\/h2>\r\n            <div class=\"w-richtext\">\r\n              <p>Notre table \u00e0 colonne centrale pour maisons de soins s'int\u00e8gre dans tout environnement existant et offre une qualit\u00e9 exceptionnelle. Le socle m\u00e9tallique fixe avec pied plat assure une bonne stabilit\u00e9 et permet \u00e9galement de rapprocher les si\u00e8ges ou les fauteuils roulants sans se cogner ni se heurter.<\/p>\r\n            <\/div>\r\n            <a onclick=\"splite_loader();\" class=\"btn\">Demander un produit<\/a>\r\n          <\/div>\r\n        <\/div>\r\n      <\/div>\r\n    <\/section><\/div>\n\n<div class=\"lazyblock-produkt-slider-ozg-2dLqu5 wp-block-lazyblock-produkt-slider-ozg\"><section class=\"sct\">\r\n  <div class=\"cnt semi\">\r\n    <div class=\"intro-txt\">\r\n        <h2>Mod\u00e8les et versions<\/h2>\r\n    <\/div>\r\n    \r\n    <div class=\"elmnt-similar-products\">\r\n      <div class=\"similar-product\"><img decoding=\"async\" src=\"https:\/\/objektmobiliar.ch\/wp-content\/uploads\/2023\/10\/zonna.jpg\" loading=\"eager\" alt=\"Table \u00e0 colonne centrale Zonna\" class=\"similar-product-img\">\r\n        <div class=\"center\">\r\n          <div class=\"w-richtext\">\r\n            <p><strong>Table \u00e0 colonne centrale Zonna,<\/strong><br>R\u00e9f. 211-1124\/S :<br>140 x 70 cm<\/p>\r\n          <\/div>\r\n          \r\n        <\/div>\r\n      <\/div>\r\n      <div class=\"similar-product\"><img decoding=\"async\" src=\"https:\/\/objektmobiliar.ch\/wp-content\/uploads\/2023\/10\/ozg_3.19_0168.jpg\" loading=\"eager\" alt=\"Table \u00e0 colonne centrale Mara\" class=\"similar-product-img\">\r\n        <div class=\"center\">\r\n          <div class=\"w-richtext\">\r\n            <p><strong>Table \u00e0 colonne centrale Zonna,<\/strong><br>R\u00e9f. 211-1124\/S :<br>140 x 70 cm<\/p>\r\n          <\/div>\r\n          \r\n        <\/div>\r\n      <\/div>\r\n      <div class=\"similar-product\"><img decoding=\"async\" src=\"https:\/\/objektmobiliar.ch\/wp-content\/uploads\/2023\/10\/zonna_2-2.jpg\" loading=\"eager\" alt=\"\" class=\"similar-product-img\">\r\n        <div class=\"center\">\r\n          <div class=\"w-richtext\">\r\n            <p><strong>Table \u00e0 colonne centrale Zonna,<\/strong><br>R\u00e9f. 211-1124\/S :<br>140 x 70 cm<\/p>\r\n          <\/div>\r\n          \r\n        <\/div>\r\n      <\/div>\r\n    <\/div>\r\n  <\/div>\r\n  \r\n  <div class=\"cnt narrow\">\r\n    <div class=\"similar-products-nav-pos\">\r\n      <div class=\"w-embed\">\r\n        \r\n      <\/div>\r\n    <\/div>\r\n  <\/div>\r\n<\/section><\/div>\n\n\n<div class=\"wp-block-group\"><div class=\"wp-block-group__inner-container is-layout-constrained wp-block-group-is-layout-constrained\"><section class=\"sct\">\r\n      <div class=\"cnt narrow\">\r\n        <div class=\"introtxt\">\r\n        <div class=\"w-richtext\">\r\n            <h2>Description du produit<\/h2>\r\n        <\/div>\r\n        <\/div>\r\n        \r\n          \n\n\n<figure class=\"wp-block-table is-style-regular\"><table><thead><tr><th>Art. No.<\/th><th>Description<\/th><\/tr><\/thead><tbody><tr><td>211-1124\/S<\/td><td>Table \u00e0 colonne centrale Zonna, 140\u00d770 cm<\/td><\/tr><tr><td>211-1120\/S<\/td><td>Table \u00e0 colonne centrale Zonna, 160\u00d780 cm<\/td><\/tr><tr><td>211-1125\/S<\/td><td>Table \u00e0 colonne centrale Zonna, 180\u00d790 cm<\/td><\/tr><\/tbody><\/table><\/figure>\n\n\n<\/div><\/section><\/div><\/div>\n\n\n<div class=\"lazyblock-text-modul-ozg-Z1Mw7tn wp-block-lazyblock-text-modul-ozg\"><section class=\"sct\">\r\n      <div class=\"cnt narrow\">\r\n        <div class=\"w-richtext\">\r\n            <h2>ZONNA : la table commune id\u00e9ale pour les r\u00e9sidences pour personnes \u00e2g\u00e9es<\/h2>\n<p>La table \u00e0 colonne centrale pour maisons de repos est sp\u00e9cialement con\u00e7ue pour r\u00e9pondre aux besoins des maisons de repos et constitue une solution id\u00e9ale pour les espaces communs. Dans les \u00e9tablissements o\u00f9 la convivialit\u00e9 et le sentiment de communaut\u00e9 sont au centre des pr\u00e9occupations, la table ZONNA offre le cadre parfait pour les interactions sociales et les activit\u00e9s communes. Gr\u00e2ce \u00e0 son design intemporel, la table ZONNA s'int\u00e8gre facilement dans tout environnement existant et contribue \u00e0 cr\u00e9er une atmosph\u00e8re agr\u00e9able et conviviale. Le socle m\u00e9tallique solide avec pied plat assure une stabilit\u00e9 maximale, ce qui est particuli\u00e8rement important dans les maisons de retraite pour garantir la s\u00e9curit\u00e9 et le confort. Le pied plat de la table permet de rapprocher les chaises ou les fauteuils roulants sans qu'il y ait d'obstacles. C'est un avantage d\u00e9cisif pour les personnes \u00e2g\u00e9es qui ont besoin d'un fauteuil roulant ou d'un d\u00e9ambulateur, car cela leur permet de s'asseoir \u00e0 la table sans effort et de participer \u00e0 la vie communautaire.<\/p>\n<h2>Durabilit\u00e9 et style : la table ZONNA pour les r\u00e9sidences pour personnes \u00e2g\u00e9es<\/h2>\n<p>La table \u00e0 colonne centrale pour les maisons de soins n'est pas seulement fonctionnelle, elle est aussi durable et facile \u00e0 entretenir. Sa construction robuste r\u00e9siste \u00e0 l'usage quotidien dans des zones tr\u00e8s fr\u00e9quent\u00e9es et offre une longue dur\u00e9e de vie. Parall\u00e8lement, sa finition de qualit\u00e9 contribue \u00e0 ce qu'il ne perde rien de son attrait esth\u00e9tique, m\u00eame apr\u00e8s des ann\u00e9es d'utilisation. Dans l'ensemble, la table \u00e0 colonne centrale ZONNA est un excellent choix pour les maisons de retraite qui accordent de l'importance \u00e0 la qualit\u00e9, au confort et \u00e0 une atmosph\u00e8re accueillante. Faites votre choix parmi une multitude de <a href=\"https:\/\/objektmobiliar.ch\/fr\/inspiration\/materiaux-et-couleurs\/\">Mat\u00e9riaux et couleurs<\/a> le design qui convient le mieux \u00e0 votre int\u00e9rieur.<\/p>\r\n        <\/div>\r\n      <\/div>\r\n    <\/section><\/div><style class=\"advgb-styles-renderer\">\r\n            .similar-products-nav li {\r\n              overflow: hidden;\r\n              margin: 0px !important;\r\n              flex-grow: 0 !important;\r\n              flex-shrink: 1 !important;\r\n              flex-basis: 12.5% !important;\r\n              border-style: solid;\r\n              border-width: 2px;\r\n              border-color: transparent;\r\n              border-radius: 8px;\r\n              transition-property: border-color;\r\n              transition-duration: 600ms;\r\n              transition-timing-function: ease;\r\n              cursor: pointer;\r\n            }\r\n            .similar-products-nav li.slick-active {\r\n              border-color: #dde7ef;\r\n            }\r\n            @media screen and (max-width:767px) {\r\n              .similar-products-nav li {\r\n                flex-basis: auto !important;\r\n                border-radius: 8px;\r\n                padding-top: 8px;\r\n                padding-right: 16px;\r\n                padding-bottom: 6px;\r\n                padding-left: 16px;\r\n              }\r\n              .similar-products-nav li.slick-active {\r\n                background-color: #dde7ef;\r\n                transition-property: background-color, border-color;\r\n                transition-duration: 600ms, 200ms;\r\n                transition-timing-function: ease, ease;\r\n                color: #426b8a;\r\n              }\r\n            }\r\n          <\/style>","protected":false},"excerpt":{"rendered":"<p>Unser Mittels\u00e4ulentisch ZONNA f\u00fcgt sich in jedes bestehende Ambiente ein und bietet eine hervorragende Qualit\u00e4t.<\/p>","protected":false},"author":2,"featured_media":681,"parent":640,"menu_order":0,"comment_status":"closed","ping_status":"closed","template":"","meta":{"advgb_blocks_editor_width":"","advgb_blocks_columns_visual_guide":"","footnotes":""},"class_list":["post-680","page","type-page","status-publish","has-post-thumbnail","hentry"],"yoast_head":"<!-- This site is optimized with the Yoast SEO plugin v27.4 - https:\/\/yoast.com\/product\/yoast-seo-wordpress\/ -->\n<title>Mittels\u00e4ulentisch f\u00fcr Pflegeheime bei OZG<\/title>\n<meta name=\"description\" content=\"Unser Mittels\u00e4ulentisch f\u00fcr Pflegeheime f\u00fcgt sich in jedes bestehende Ambiente ein und bietet eine hervorragende Qualit\u00e4t.\" \/>\n<meta name=\"robots\" content=\"index, follow, max-snippet:-1, max-image-preview:large, max-video-preview:-1\" \/>\n<link rel=\"canonical\" href=\"https:\/\/objektmobiliar.ch\/fr\/meubles\/tables-adaptees-aux-soins\/table-a-foyers-moyens-pour-maisons-de-soins\/\" \/>\n<meta property=\"og:locale\" content=\"fr_FR\" \/>\n<meta property=\"og:type\" content=\"article\" \/>\n<meta property=\"og:title\" content=\"Mittels\u00e4ulentisch f\u00fcr Pflegeheime bei OZG\" \/>\n<meta property=\"og:description\" content=\"Unser Mittels\u00e4ulentisch f\u00fcr Pflegeheime f\u00fcgt sich in jedes bestehende Ambiente ein und bietet eine hervorragende Qualit\u00e4t.\" \/>\n<meta property=\"og:url\" content=\"https:\/\/objektmobiliar.ch\/fr\/meubles\/tables-adaptees-aux-soins\/table-a-foyers-moyens-pour-maisons-de-soins\/\" \/>\n<meta property=\"og:site_name\" content=\"OZG HEALTHCARE\" \/>\n<meta property=\"article:modified_time\" content=\"2024-08-20T11:27:46+00:00\" \/>\n<meta property=\"og:image\" content=\"https:\/\/objektmobiliar.ch\/wp-content\/uploads\/2023\/10\/zonna-mittelsaeulentisch.jpg\" \/>\n\t<meta property=\"og:image:width\" content=\"1000\" \/>\n\t<meta property=\"og:image:height\" content=\"1000\" \/>\n\t<meta property=\"og:image:type\" content=\"image\/jpeg\" \/>\n<meta name=\"twitter:card\" content=\"summary_large_image\" \/>\n<meta name=\"twitter:label1\" content=\"Dur\u00e9e de lecture estim\u00e9e\" \/>\n\t<meta name=\"twitter:data1\" content=\"3 minutes\" \/>\n<script type=\"application\/ld+json\" class=\"yoast-schema-graph\">{\"@context\":\"https:\\\/\\\/schema.org\",\"@graph\":[{\"@type\":\"WebPage\",\"@id\":\"https:\\\/\\\/objektmobiliar.ch\\\/moebel\\\/pflegegerechte-tische\\\/mittelsaeulentisch-fuer-pflegeheime\\\/\",\"url\":\"https:\\\/\\\/objektmobiliar.ch\\\/moebel\\\/pflegegerechte-tische\\\/mittelsaeulentisch-fuer-pflegeheime\\\/\",\"name\":\"Mittels\u00e4ulentisch f\u00fcr Pflegeheime bei OZG\",\"isPartOf\":{\"@id\":\"https:\\\/\\\/objektmobiliar.ch\\\/#website\"},\"primaryImageOfPage\":{\"@id\":\"https:\\\/\\\/objektmobiliar.ch\\\/moebel\\\/pflegegerechte-tische\\\/mittelsaeulentisch-fuer-pflegeheime\\\/#primaryimage\"},\"image\":{\"@id\":\"https:\\\/\\\/objektmobiliar.ch\\\/moebel\\\/pflegegerechte-tische\\\/mittelsaeulentisch-fuer-pflegeheime\\\/#primaryimage\"},\"thumbnailUrl\":\"https:\\\/\\\/objektmobiliar.ch\\\/wp-content\\\/uploads\\\/2023\\\/10\\\/zonna-mittelsaeulentisch.jpg\",\"datePublished\":\"2023-10-16T21:14:02+00:00\",\"dateModified\":\"2024-08-20T11:27:46+00:00\",\"description\":\"Unser Mittels\u00e4ulentisch f\u00fcr Pflegeheime f\u00fcgt sich in jedes bestehende Ambiente ein und bietet eine hervorragende Qualit\u00e4t.\",\"breadcrumb\":{\"@id\":\"https:\\\/\\\/objektmobiliar.ch\\\/moebel\\\/pflegegerechte-tische\\\/mittelsaeulentisch-fuer-pflegeheime\\\/#breadcrumb\"},\"inLanguage\":\"fr-FR\",\"potentialAction\":[{\"@type\":\"ReadAction\",\"target\":[\"https:\\\/\\\/objektmobiliar.ch\\\/moebel\\\/pflegegerechte-tische\\\/mittelsaeulentisch-fuer-pflegeheime\\\/\"]}]},{\"@type\":\"ImageObject\",\"inLanguage\":\"fr-FR\",\"@id\":\"https:\\\/\\\/objektmobiliar.ch\\\/moebel\\\/pflegegerechte-tische\\\/mittelsaeulentisch-fuer-pflegeheime\\\/#primaryimage\",\"url\":\"https:\\\/\\\/objektmobiliar.ch\\\/wp-content\\\/uploads\\\/2023\\\/10\\\/zonna-mittelsaeulentisch.jpg\",\"contentUrl\":\"https:\\\/\\\/objektmobiliar.ch\\\/wp-content\\\/uploads\\\/2023\\\/10\\\/zonna-mittelsaeulentisch.jpg\",\"width\":1000,\"height\":1000,\"caption\":\"Mittels\u00e4ulentisch Zonna\"},{\"@type\":\"BreadcrumbList\",\"@id\":\"https:\\\/\\\/objektmobiliar.ch\\\/moebel\\\/pflegegerechte-tische\\\/mittelsaeulentisch-fuer-pflegeheime\\\/#breadcrumb\",\"itemListElement\":[{\"@type\":\"ListItem\",\"position\":1,\"name\":\"Startseite\",\"item\":\"https:\\\/\\\/objektmobiliar.ch\\\/\"},{\"@type\":\"ListItem\",\"position\":2,\"name\":\"M\u00f6bel\",\"item\":\"https:\\\/\\\/objektmobiliar.ch\\\/moebel\\\/\"},{\"@type\":\"ListItem\",\"position\":3,\"name\":\"Tische\",\"item\":\"https:\\\/\\\/objektmobiliar.ch\\\/moebel\\\/pflegegerechte-tische\\\/\"},{\"@type\":\"ListItem\",\"position\":4,\"name\":\"Zonna\"}]},{\"@type\":\"WebSite\",\"@id\":\"https:\\\/\\\/objektmobiliar.ch\\\/#website\",\"url\":\"https:\\\/\\\/objektmobiliar.ch\\\/\",\"name\":\"OZG HEALTHCARE\",\"description\":\"Objektmobiliar f\u00fcr Pflege, B\u00fcro, Praxis &amp; Hotellerie\",\"potentialAction\":[{\"@type\":\"SearchAction\",\"target\":{\"@type\":\"EntryPoint\",\"urlTemplate\":\"https:\\\/\\\/objektmobiliar.ch\\\/?s={search_term_string}\"},\"query-input\":{\"@type\":\"PropertyValueSpecification\",\"valueRequired\":true,\"valueName\":\"search_term_string\"}}],\"inLanguage\":\"fr-FR\"}]}<\/script>\n<!-- \/ Yoast SEO plugin. -->","yoast_head_json":{"title":"Table \u00e0 colonne centrale pour maisons de repos chez OZG","description":"Notre table \u00e0 colonne centrale pour maisons de repos s'int\u00e8gre dans tout environnement existant et offre une qualit\u00e9 exceptionnelle.","robots":{"index":"index","follow":"follow","max-snippet":"max-snippet:-1","max-image-preview":"max-image-preview:large","max-video-preview":"max-video-preview:-1"},"canonical":"https:\/\/objektmobiliar.ch\/fr\/meubles\/tables-adaptees-aux-soins\/table-a-foyers-moyens-pour-maisons-de-soins\/","og_locale":"fr_FR","og_type":"article","og_title":"Mittels\u00e4ulentisch f\u00fcr Pflegeheime bei OZG","og_description":"Unser Mittels\u00e4ulentisch f\u00fcr Pflegeheime f\u00fcgt sich in jedes bestehende Ambiente ein und bietet eine hervorragende Qualit\u00e4t.","og_url":"https:\/\/objektmobiliar.ch\/fr\/meubles\/tables-adaptees-aux-soins\/table-a-foyers-moyens-pour-maisons-de-soins\/","og_site_name":"OZG HEALTHCARE","article_modified_time":"2024-08-20T11:27:46+00:00","og_image":[{"width":1000,"height":1000,"url":"https:\/\/objektmobiliar.ch\/wp-content\/uploads\/2023\/10\/zonna-mittelsaeulentisch.jpg","type":"image\/jpeg"}],"twitter_card":"summary_large_image","twitter_misc":{"Dur\u00e9e de lecture estim\u00e9e":"3 minutes"},"schema":{"@context":"https:\/\/schema.org","@graph":[{"@type":"WebPage","@id":"https:\/\/objektmobiliar.ch\/moebel\/pflegegerechte-tische\/mittelsaeulentisch-fuer-pflegeheime\/","url":"https:\/\/objektmobiliar.ch\/moebel\/pflegegerechte-tische\/mittelsaeulentisch-fuer-pflegeheime\/","name":"Table \u00e0 colonne centrale pour maisons de repos chez OZG","isPartOf":{"@id":"https:\/\/objektmobiliar.ch\/#website"},"primaryImageOfPage":{"@id":"https:\/\/objektmobiliar.ch\/moebel\/pflegegerechte-tische\/mittelsaeulentisch-fuer-pflegeheime\/#primaryimage"},"image":{"@id":"https:\/\/objektmobiliar.ch\/moebel\/pflegegerechte-tische\/mittelsaeulentisch-fuer-pflegeheime\/#primaryimage"},"thumbnailUrl":"https:\/\/objektmobiliar.ch\/wp-content\/uploads\/2023\/10\/zonna-mittelsaeulentisch.jpg","datePublished":"2023-10-16T21:14:02+00:00","dateModified":"2024-08-20T11:27:46+00:00","description":"Notre table \u00e0 colonne centrale pour maisons de repos s'int\u00e8gre dans tout environnement existant et offre une qualit\u00e9 exceptionnelle.","breadcrumb":{"@id":"https:\/\/objektmobiliar.ch\/moebel\/pflegegerechte-tische\/mittelsaeulentisch-fuer-pflegeheime\/#breadcrumb"},"inLanguage":"fr-FR","potentialAction":[{"@type":"ReadAction","target":["https:\/\/objektmobiliar.ch\/moebel\/pflegegerechte-tische\/mittelsaeulentisch-fuer-pflegeheime\/"]}]},{"@type":"ImageObject","inLanguage":"fr-FR","@id":"https:\/\/objektmobiliar.ch\/moebel\/pflegegerechte-tische\/mittelsaeulentisch-fuer-pflegeheime\/#primaryimage","url":"https:\/\/objektmobiliar.ch\/wp-content\/uploads\/2023\/10\/zonna-mittelsaeulentisch.jpg","contentUrl":"https:\/\/objektmobiliar.ch\/wp-content\/uploads\/2023\/10\/zonna-mittelsaeulentisch.jpg","width":1000,"height":1000,"caption":"Mittels\u00e4ulentisch Zonna"},{"@type":"BreadcrumbList","@id":"https:\/\/objektmobiliar.ch\/moebel\/pflegegerechte-tische\/mittelsaeulentisch-fuer-pflegeheime\/#breadcrumb","itemListElement":[{"@type":"ListItem","position":1,"name":"Startseite","item":"https:\/\/objektmobiliar.ch\/"},{"@type":"ListItem","position":2,"name":"M\u00f6bel","item":"https:\/\/objektmobiliar.ch\/moebel\/"},{"@type":"ListItem","position":3,"name":"Tische","item":"https:\/\/objektmobiliar.ch\/moebel\/pflegegerechte-tische\/"},{"@type":"ListItem","position":4,"name":"Zonna"}]},{"@type":"WebSite","@id":"https:\/\/objektmobiliar.ch\/#website","url":"https:\/\/objektmobiliar.ch\/","name":"OZG HEALTHCARE","description":"Mobilier de collectivit\u00e9 pour les soins, les bureaux, les cabinets m\u00e9dicaux et l'h\u00f4tellerie","potentialAction":[{"@type":"SearchAction","target":{"@type":"EntryPoint","urlTemplate":"https:\/\/objektmobiliar.ch\/?s={search_term_string}"},"query-input":{"@type":"PropertyValueSpecification","valueRequired":true,"valueName":"search_term_string"}}],"inLanguage":"fr-FR"}]}},"coauthors":[],"author_meta":{"author_link":"https:\/\/objektmobiliar.ch\/fr\/author\/alex\/","display_name":"Alex"},"relative_dates":{"created":"Publi\u00e9 3 ans il y a","modified":"Mis \u00e0 jour 2 ans il y a"},"absolute_dates":{"created":"Publi\u00e9 le octobre 16, 2023","modified":"Mise \u00e0 jour le ao\u00fbt 20, 2024"},"absolute_dates_time":{"created":"Publi\u00e9 le octobre 16, 2023 9:14 pm","modified":"Mise \u00e0 jour le ao\u00fbt 20, 2024 11:27 am"},"featured_img_caption":"","featured_img":"https:\/\/objektmobiliar.ch\/wp-content\/uploads\/2023\/10\/zonna-mittelsaeulentisch-825x510.jpg","series_order":"","_links":{"self":[{"href":"https:\/\/objektmobiliar.ch\/fr\/wp-json\/wp\/v2\/pages\/680","targetHints":{"allow":["GET"]}}],"collection":[{"href":"https:\/\/objektmobiliar.ch\/fr\/wp-json\/wp\/v2\/pages"}],"about":[{"href":"https:\/\/objektmobiliar.ch\/fr\/wp-json\/wp\/v2\/types\/page"}],"author":[{"embeddable":true,"href":"https:\/\/objektmobiliar.ch\/fr\/wp-json\/wp\/v2\/users\/2"}],"replies":[{"embeddable":true,"href":"https:\/\/objektmobiliar.ch\/fr\/wp-json\/wp\/v2\/comments?post=680"}],"version-history":[{"count":9,"href":"https:\/\/objektmobiliar.ch\/fr\/wp-json\/wp\/v2\/pages\/680\/revisions"}],"predecessor-version":[{"id":3579,"href":"https:\/\/objektmobiliar.ch\/fr\/wp-json\/wp\/v2\/pages\/680\/revisions\/3579"}],"up":[{"embeddable":true,"href":"https:\/\/objektmobiliar.ch\/fr\/wp-json\/wp\/v2\/pages\/640"}],"wp:featuredmedia":[{"embeddable":true,"href":"https:\/\/objektmobiliar.ch\/fr\/wp-json\/wp\/v2\/media\/681"}],"wp:attachment":[{"href":"https:\/\/objektmobiliar.ch\/fr\/wp-json\/wp\/v2\/media?parent=680"}],"curies":[{"name":"wp","href":"https:\/\/api.w.org\/{rel}","templated":true}]}}