{"id":670,"date":"2023-10-16T21:07:43","date_gmt":"2023-10-16T21:07:43","guid":{"rendered":"https:\/\/dev.objektmobiliar.ch\/?page_id=670"},"modified":"2024-08-20T08:57:11","modified_gmt":"2024-08-20T08:57:11","slug":"table-metallique-pour-etablissements-de-soins","status":"publish","type":"page","link":"https:\/\/objektmobiliar.ch\/fr\/moebel\/pflegegerechte-tische\/metall-tisch-fuer-pflegeeinrichtungen\/","title":{"rendered":"Alana"},"content":{"rendered":"<div class=\"lazyblock-produkt-detail-ozg-Z2aGU3l wp-block-lazyblock-produkt-detail-ozg\"><section class=\"sct\">\r\n      <div class=\"cnt\">\r\n        <div class=\"elmnt-product-desc\">\r\n          <div class=\"product-desc-box\"><img decoding=\"async\" src=\"https:\/\/objektmobiliar.ch\/wp-content\/uploads\/2023\/10\/alana-tisch.jpg\" loading=\"lazy\" alt=\"\" class=\"product-desc-img\"><\/div>\r\n          <div class=\"product-desc-txt\">\r\n            <h1 class=\"txt-product-headline\">TISCH ALANA<\/h1>\r\n            <h2 class=\"txt-product-subline\">TISCHE F\u00dcR CAF\u00c9, RESTAURANT UND KONFERENZRAUM.<\/h2>\r\n            <div class=\"w-richtext\">\r\n              <p>Mit seiner durchdachten Materialkombination aus robustem Metall und feinem Holz \u00fcberzeugt der Tisch ALANA an Orten mit h\u00f6herem Menschenaufkommen. W\u00e4hrend Nutzer bei der Holztischplatte eine angenehm weiche Haptik erwartet, \u00fcberzeugen die kr\u00e4ftigen Metalltischbeine mit Langlebigkeit. Ein M\u00f6bel, das auch f\u00fcr die vermehrte Nutzung durch Rollstuhlfahrer gemacht ist.<\/p>\r\n            <\/div>\r\n            <a onclick=\"splite_loader();\" class=\"btn\">Produkt anfragen<\/a>\r\n          <\/div>\r\n        <\/div>\r\n      <\/div>\r\n    <\/section><\/div>\n\n<div class=\"lazyblock-produkt-slider-ozg-Z18x4cm wp-block-lazyblock-produkt-slider-ozg\"><section class=\"sct\">\r\n  <div class=\"cnt semi\">\r\n    <div class=\"intro-txt\">\r\n        <h2>Modelle und Ausf\u00fchrungen<\/h2>\r\n    <\/div>\r\n    \r\n    <div class=\"elmnt-similar-products\">\r\n      <div class=\"similar-product\"><img decoding=\"async\" src=\"https:\/\/objektmobiliar.ch\/wp-content\/uploads\/2023\/10\/alana-tisch.jpg\" loading=\"eager\" alt=\"Metall-Tisch f\u00fcr Pflegeeinrichtungen\" class=\"similar-product-img\">\r\n        <div class=\"center\">\r\n          <div class=\"w-richtext\">\r\n            <p><\/p>\r\n          <\/div>\r\n          \r\n        <\/div>\r\n      <\/div>\r\n      <div class=\"similar-product\"><img decoding=\"async\" src=\"https:\/\/objektmobiliar.ch\/wp-content\/uploads\/2023\/10\/alana-tisch-03.jpg\" loading=\"eager\" alt=\"Tisch Alana\" class=\"similar-product-img\">\r\n        <div class=\"center\">\r\n          <div class=\"w-richtext\">\r\n            <p><\/p>\r\n          <\/div>\r\n          \r\n        <\/div>\r\n      <\/div>\r\n      <div class=\"similar-product\"><img decoding=\"async\" src=\"https:\/\/objektmobiliar.ch\/wp-content\/uploads\/2023\/10\/alana-tisch-02.jpg\" loading=\"eager\" alt=\"Tisch Alana\" class=\"similar-product-img\">\r\n        <div class=\"center\">\r\n          <div class=\"w-richtext\">\r\n            <p><\/p>\r\n          <\/div>\r\n          \r\n        <\/div>\r\n      <\/div>\r\n    <\/div>\r\n  <\/div>\r\n  \r\n  <div class=\"cnt narrow\">\r\n    <div class=\"similar-products-nav-pos\">\r\n      <div class=\"w-embed\">\r\n        \r\n      <\/div>\r\n    <\/div>\r\n  <\/div>\r\n<\/section><\/div>\n\n<div class=\"lazyblock-bildergalerie-lightbox-ozg-DFpeY wp-block-lazyblock-bildergalerie-lightbox-ozg\"><section class=\"sct\">\r\n  <div class=\"cnt semi\">\r\n    <div class=\"introtxt\">\r\n    <div class=\"w-richtext\">\r\n        \r\n    <\/div>\r\n    <\/div>\r\n  \r\n    <div class=\"elmnt-imggallery\">\r\n      <a href=\"#\" class=\"imggallery-link w-inline-block w-lightbox\">\r\n        <img decoding=\"async\" src=\"https:\/\/objektmobiliar.ch\/wp-content\/uploads\/2023\/10\/alana_raumbild_1.png\" loading=\"lazy\" alt=\"\" class=\"imggallery-img\">\r\n        <script type=\"application\/json\" class=\"w-json\">\r\n            {\r\n              \"items\": [{\r\n\r\n                \"url\": \"https:\/\/objektmobiliar.ch\/wp-content\/uploads\/2023\/10\/alana_raumbild_1.png\",\r\n                \"caption\": \"\",\r\n                \"type\": \"image\"\r\n              }],\r\n              \"group\": \"alana\"\r\n            }\r\n          <\/script>\r\n      <\/a>\r\n      <a href=\"#\" class=\"imggallery-link w-inline-block w-lightbox\">\r\n        <img decoding=\"async\" src=\"https:\/\/objektmobiliar.ch\/wp-content\/uploads\/2023\/10\/alana-schreibtisch.jpg\" loading=\"lazy\" alt=\"\" class=\"imggallery-img\">\r\n        <script type=\"application\/json\" class=\"w-json\">\r\n            {\r\n              \"items\": [{\r\n\r\n                \"url\": \"https:\/\/objektmobiliar.ch\/wp-content\/uploads\/2023\/10\/alana-schreibtisch.jpg\",\r\n                \"caption\": \"\",\r\n                \"type\": \"image\"\r\n              }],\r\n              \"group\": \"alana\"\r\n            }\r\n          <\/script>\r\n      <\/a>\r\n      <a href=\"#\" class=\"imggallery-link w-inline-block w-lightbox\">\r\n        <img decoding=\"async\" src=\"https:\/\/objektmobiliar.ch\/wp-content\/uploads\/2023\/10\/alamna-raumbild-1536x551-1.jpg\" loading=\"lazy\" alt=\"\" class=\"imggallery-img\">\r\n        <script type=\"application\/json\" class=\"w-json\">\r\n            {\r\n              \"items\": [{\r\n\r\n                \"url\": \"https:\/\/objektmobiliar.ch\/wp-content\/uploads\/2023\/10\/alamna-raumbild-1536x551-1.jpg\",\r\n                \"caption\": \"\",\r\n                \"type\": \"image\"\r\n              }],\r\n              \"group\": \"alana\"\r\n            }\r\n          <\/script>\r\n      <\/a>\r\n    <\/div>\r\n    \r\n  <\/div>\r\n<\/section><\/div>\n\n\n<div class=\"wp-block-group\"><div class=\"wp-block-group__inner-container is-layout-constrained wp-block-group-is-layout-constrained\"><section class=\"sct\">\r\n      <div class=\"cnt narrow\">\r\n        <div class=\"introtxt\">\r\n        <div class=\"w-richtext\">\r\n            <h2>Produktbeschreibung<\/h2>\r\n        <\/div>\r\n        <\/div>\r\n        \r\n          \n\n\n<figure class=\"wp-block-table is-style-regular\"><table><thead><tr><th>Art. Nr.<\/th><th>Beschreibung<\/th><\/tr><\/thead><tbody><tr><td>211-0054\/S<\/td><td>Tisch Alana, 80&#215;80 cm<\/td><\/tr><tr><td>211-0050\/S<\/td><td>Tisch Alana, 90&#215;90 cm<\/td><\/tr><tr><td>211-0055\/S<\/td><td>Tisch Alana, 120&#215;80 cm<\/td><\/tr><tr><td>211-0052\/S<\/td><td>Tisch Alana, 160&#215;80 cm<\/td><\/tr><tr><td>211-0051\/S<\/td><td>Tisch Alana, 180&#215;90 cm<\/td><\/tr><\/tbody><\/table><\/figure>\n\n\n<\/div><\/section><\/div><\/div>\n\n\n<div class=\"lazyblock-text-modul-ozg-C4dqR wp-block-lazyblock-text-modul-ozg\"><section class=\"sct\">\r\n      <div class=\"cnt narrow\">\r\n        <div class=\"w-richtext\">\r\n            <h3>Der ideale Tisch f\u00fcr Caf\u00e9s, Restaurants und Konferenzr\u00e4ume in Pflegeeinrichtungen: ALANA<\/h3>\n<p>Der Tisch ALANA ist die perfekte Wahl f\u00fcr Pflegeeinrichtungen, die \u00fcber Caf\u00e9s, Restaurants oder Konferenzr\u00e4ume verf\u00fcgen. In diesen stark frequentierten Bereichen spielt die Kombination aus Robustheit und Komfort eine zentrale Rolle. Der robuste Metall-Tisch f\u00fcr Pflegeeinrichtungen wurde speziell f\u00fcr solche Anforderungen entwickelt und bietet eine durchdachte Materialkombination aus langlebigem Metall und edlem Holz. Die Tischplatte aus Holz verleiht dem Raum nicht nur eine warme und einladende Atmosph\u00e4re, sondern \u00fcberzeugt auch durch ihre angenehm weiche Haptik. Diese sorgt daf\u00fcr, dass Bewohnerinnen und Bewohner sowie G\u00e4ste sich wohlf\u00fchlen und gerne an diesem Tisch verweilen.<\/p>\n<h3>Stabil und Barrierefrei: Der Tisch ALANA f\u00fcr Pflegeeinrichtungen<\/h3>\n<p>Die Tischbeine aus stabilem Metall bieten die notwendige Langlebigkeit, um den t\u00e4glichen Belastungen standzuhalten. Sie sorgen f\u00fcr einen festen Stand und sind so konstruiert, dass sie auch einer intensiven Nutzung, einschliesslich der regelm\u00e4ssigen Nutzung durch Rollstuhlfahrer, problemlos standhalten. Der robuste Metall-Tisch ALANA erm\u00f6glicht ein einfaches Heranfahren mit Rollst\u00fchlen, ohne dass Hindernisse im Weg stehen, was den Tisch besonders geeignet f\u00fcr barrierefreie Umgebungen macht. Insgesamt vereint der robuste Metall-Tisch f\u00fcr Pflegeeinrichtungen Funktionalit\u00e4t, Komfort und \u00c4sthetik und ist damit eine hervorragende Wahl f\u00fcr Pflegeeinrichtungen. W\u00e4hlen Sie aus einer Vielzahl an <a href=\"https:\/\/objektmobiliar.ch\/inspiration\/materialien-und-farben\/\">Materialien und Farben<\/a> das Design aus, das perfekt zu Ihrer Einrichtung passt.\u00a0<\/p>\r\n        <\/div>\r\n      <\/div>\r\n    <\/section><\/div><style class=\"advgb-styles-renderer\">\r\n            .similar-products-nav li {\r\n              overflow: hidden;\r\n              margin: 0px !important;\r\n              flex-grow: 0 !important;\r\n              flex-shrink: 1 !important;\r\n              flex-basis: 12.5% !important;\r\n              border-style: solid;\r\n              border-width: 2px;\r\n              border-color: transparent;\r\n              border-radius: 8px;\r\n              transition-property: border-color;\r\n              transition-duration: 600ms;\r\n              transition-timing-function: ease;\r\n              cursor: pointer;\r\n            }\r\n            .similar-products-nav li.slick-active {\r\n              border-color: #dde7ef;\r\n            }\r\n            @media screen and (max-width:767px) {\r\n              .similar-products-nav li {\r\n                flex-basis: auto !important;\r\n                border-radius: 8px;\r\n                padding-top: 8px;\r\n                padding-right: 16px;\r\n                padding-bottom: 6px;\r\n                padding-left: 16px;\r\n              }\r\n              .similar-products-nav li.slick-active {\r\n                background-color: #dde7ef;\r\n                transition-property: background-color, border-color;\r\n                transition-duration: 600ms, 200ms;\r\n                transition-timing-function: ease, ease;\r\n                color: #426b8a;\r\n              }\r\n            }\r\n          <\/style>","protected":false},"excerpt":{"rendered":"<p>Avec sa combinaison bien pens\u00e9e de mat\u00e9riaux en m\u00e9tal robuste et en bois fin, la table ALANA s\u00e9duit dans les endroits o\u00f9 il y a beaucoup de monde.<\/p>","protected":false},"author":2,"featured_media":673,"parent":640,"menu_order":0,"comment_status":"closed","ping_status":"closed","template":"","meta":{"advgb_blocks_editor_width":"","advgb_blocks_columns_visual_guide":"","footnotes":""},"class_list":["post-670","page","type-page","status-publish","has-post-thumbnail","hentry"],"yoast_head":"<!-- This site is optimized with the Yoast SEO plugin v27.4 - https:\/\/yoast.com\/product\/yoast-seo-wordpress\/ -->\n<title>Metall-Tisch f\u00fcr Pflegeeinrichtungen bei OZG<\/title>\n<meta name=\"description\" content=\"Metall-Tisch f\u00fcr Pflegeeinrichtungen ist eine gute Wahl f\u00fcr Pflegeeinrichtungen, die \u00fcber Caf\u00e9s, Restaurants und Konferenzr\u00e4ume verf\u00fcgen.\" \/>\n<meta name=\"robots\" content=\"index, follow, max-snippet:-1, max-image-preview:large, max-video-preview:-1\" \/>\n<link rel=\"canonical\" href=\"https:\/\/objektmobiliar.ch\/fr\/meubles\/tables-adaptees-aux-soins\/table-metallique-pour-etablissements-de-soins\/\" \/>\n<meta property=\"og:locale\" content=\"fr_FR\" \/>\n<meta property=\"og:type\" content=\"article\" \/>\n<meta property=\"og:title\" content=\"Metall-Tisch f\u00fcr Pflegeeinrichtungen bei OZG\" \/>\n<meta property=\"og:description\" content=\"Metall-Tisch f\u00fcr Pflegeeinrichtungen ist eine gute Wahl f\u00fcr Pflegeeinrichtungen, die \u00fcber Caf\u00e9s, Restaurants und Konferenzr\u00e4ume verf\u00fcgen.\" \/>\n<meta property=\"og:url\" content=\"https:\/\/objektmobiliar.ch\/fr\/meubles\/tables-adaptees-aux-soins\/table-metallique-pour-etablissements-de-soins\/\" \/>\n<meta property=\"og:site_name\" content=\"OZG HEALTHCARE\" \/>\n<meta property=\"article:modified_time\" content=\"2024-08-20T08:57:11+00:00\" \/>\n<meta property=\"og:image\" content=\"https:\/\/objektmobiliar.ch\/wp-content\/uploads\/2023\/10\/alana-tisch.jpg\" \/>\n\t<meta property=\"og:image:width\" content=\"1000\" \/>\n\t<meta property=\"og:image:height\" content=\"1000\" \/>\n\t<meta property=\"og:image:type\" content=\"image\/jpeg\" \/>\n<meta name=\"twitter:card\" content=\"summary_large_image\" \/>\n<meta name=\"twitter:label1\" content=\"Dur\u00e9e de lecture estim\u00e9e\" \/>\n\t<meta name=\"twitter:data1\" content=\"4 minutes\" \/>\n<script type=\"application\/ld+json\" class=\"yoast-schema-graph\">{\"@context\":\"https:\\\/\\\/schema.org\",\"@graph\":[{\"@type\":\"WebPage\",\"@id\":\"https:\\\/\\\/objektmobiliar.ch\\\/moebel\\\/pflegegerechte-tische\\\/metall-tisch-fuer-pflegeeinrichtungen\\\/\",\"url\":\"https:\\\/\\\/objektmobiliar.ch\\\/moebel\\\/pflegegerechte-tische\\\/metall-tisch-fuer-pflegeeinrichtungen\\\/\",\"name\":\"Metall-Tisch f\u00fcr Pflegeeinrichtungen bei OZG\",\"isPartOf\":{\"@id\":\"https:\\\/\\\/objektmobiliar.ch\\\/#website\"},\"primaryImageOfPage\":{\"@id\":\"https:\\\/\\\/objektmobiliar.ch\\\/moebel\\\/pflegegerechte-tische\\\/metall-tisch-fuer-pflegeeinrichtungen\\\/#primaryimage\"},\"image\":{\"@id\":\"https:\\\/\\\/objektmobiliar.ch\\\/moebel\\\/pflegegerechte-tische\\\/metall-tisch-fuer-pflegeeinrichtungen\\\/#primaryimage\"},\"thumbnailUrl\":\"https:\\\/\\\/objektmobiliar.ch\\\/wp-content\\\/uploads\\\/2023\\\/10\\\/alana-tisch.jpg\",\"datePublished\":\"2023-10-16T21:07:43+00:00\",\"dateModified\":\"2024-08-20T08:57:11+00:00\",\"description\":\"Metall-Tisch f\u00fcr Pflegeeinrichtungen ist eine gute Wahl f\u00fcr Pflegeeinrichtungen, die \u00fcber Caf\u00e9s, Restaurants und Konferenzr\u00e4ume verf\u00fcgen.\",\"breadcrumb\":{\"@id\":\"https:\\\/\\\/objektmobiliar.ch\\\/moebel\\\/pflegegerechte-tische\\\/metall-tisch-fuer-pflegeeinrichtungen\\\/#breadcrumb\"},\"inLanguage\":\"fr-FR\",\"potentialAction\":[{\"@type\":\"ReadAction\",\"target\":[\"https:\\\/\\\/objektmobiliar.ch\\\/moebel\\\/pflegegerechte-tische\\\/metall-tisch-fuer-pflegeeinrichtungen\\\/\"]}]},{\"@type\":\"ImageObject\",\"inLanguage\":\"fr-FR\",\"@id\":\"https:\\\/\\\/objektmobiliar.ch\\\/moebel\\\/pflegegerechte-tische\\\/metall-tisch-fuer-pflegeeinrichtungen\\\/#primaryimage\",\"url\":\"https:\\\/\\\/objektmobiliar.ch\\\/wp-content\\\/uploads\\\/2023\\\/10\\\/alana-tisch.jpg\",\"contentUrl\":\"https:\\\/\\\/objektmobiliar.ch\\\/wp-content\\\/uploads\\\/2023\\\/10\\\/alana-tisch.jpg\",\"width\":1000,\"height\":1000,\"caption\":\"Metall-Tisch f\u00fcr Pflegeeinrichtungen\"},{\"@type\":\"BreadcrumbList\",\"@id\":\"https:\\\/\\\/objektmobiliar.ch\\\/moebel\\\/pflegegerechte-tische\\\/metall-tisch-fuer-pflegeeinrichtungen\\\/#breadcrumb\",\"itemListElement\":[{\"@type\":\"ListItem\",\"position\":1,\"name\":\"Startseite\",\"item\":\"https:\\\/\\\/objektmobiliar.ch\\\/\"},{\"@type\":\"ListItem\",\"position\":2,\"name\":\"M\u00f6bel\",\"item\":\"https:\\\/\\\/objektmobiliar.ch\\\/moebel\\\/\"},{\"@type\":\"ListItem\",\"position\":3,\"name\":\"Tische\",\"item\":\"https:\\\/\\\/objektmobiliar.ch\\\/moebel\\\/pflegegerechte-tische\\\/\"},{\"@type\":\"ListItem\",\"position\":4,\"name\":\"Alana\"}]},{\"@type\":\"WebSite\",\"@id\":\"https:\\\/\\\/objektmobiliar.ch\\\/#website\",\"url\":\"https:\\\/\\\/objektmobiliar.ch\\\/\",\"name\":\"OZG HEALTHCARE\",\"description\":\"Objektmobiliar f\u00fcr Pflege, B\u00fcro, Praxis &amp; Hotellerie\",\"potentialAction\":[{\"@type\":\"SearchAction\",\"target\":{\"@type\":\"EntryPoint\",\"urlTemplate\":\"https:\\\/\\\/objektmobiliar.ch\\\/?s={search_term_string}\"},\"query-input\":{\"@type\":\"PropertyValueSpecification\",\"valueRequired\":true,\"valueName\":\"search_term_string\"}}],\"inLanguage\":\"fr-FR\"}]}<\/script>\n<!-- \/ Yoast SEO plugin. -->","yoast_head_json":{"title":"Table en m\u00e9tal pour les \u00e9tablissements de soins chez OZG","description":"La table en m\u00e9tal pour les \u00e9tablissements de soins est un bon choix pour les \u00e9tablissements de soins qui disposent de caf\u00e9s, de restaurants et de salles de conf\u00e9rence.","robots":{"index":"index","follow":"follow","max-snippet":"max-snippet:-1","max-image-preview":"max-image-preview:large","max-video-preview":"max-video-preview:-1"},"canonical":"https:\/\/objektmobiliar.ch\/fr\/meubles\/tables-adaptees-aux-soins\/table-metallique-pour-etablissements-de-soins\/","og_locale":"fr_FR","og_type":"article","og_title":"Metall-Tisch f\u00fcr Pflegeeinrichtungen bei OZG","og_description":"Metall-Tisch f\u00fcr Pflegeeinrichtungen ist eine gute Wahl f\u00fcr Pflegeeinrichtungen, die \u00fcber Caf\u00e9s, Restaurants und Konferenzr\u00e4ume verf\u00fcgen.","og_url":"https:\/\/objektmobiliar.ch\/fr\/meubles\/tables-adaptees-aux-soins\/table-metallique-pour-etablissements-de-soins\/","og_site_name":"OZG HEALTHCARE","article_modified_time":"2024-08-20T08:57:11+00:00","og_image":[{"width":1000,"height":1000,"url":"https:\/\/objektmobiliar.ch\/wp-content\/uploads\/2023\/10\/alana-tisch.jpg","type":"image\/jpeg"}],"twitter_card":"summary_large_image","twitter_misc":{"Dur\u00e9e de lecture estim\u00e9e":"4 minutes"},"schema":{"@context":"https:\/\/schema.org","@graph":[{"@type":"WebPage","@id":"https:\/\/objektmobiliar.ch\/moebel\/pflegegerechte-tische\/metall-tisch-fuer-pflegeeinrichtungen\/","url":"https:\/\/objektmobiliar.ch\/moebel\/pflegegerechte-tische\/metall-tisch-fuer-pflegeeinrichtungen\/","name":"Table en m\u00e9tal pour les \u00e9tablissements de soins chez OZG","isPartOf":{"@id":"https:\/\/objektmobiliar.ch\/#website"},"primaryImageOfPage":{"@id":"https:\/\/objektmobiliar.ch\/moebel\/pflegegerechte-tische\/metall-tisch-fuer-pflegeeinrichtungen\/#primaryimage"},"image":{"@id":"https:\/\/objektmobiliar.ch\/moebel\/pflegegerechte-tische\/metall-tisch-fuer-pflegeeinrichtungen\/#primaryimage"},"thumbnailUrl":"https:\/\/objektmobiliar.ch\/wp-content\/uploads\/2023\/10\/alana-tisch.jpg","datePublished":"2023-10-16T21:07:43+00:00","dateModified":"2024-08-20T08:57:11+00:00","description":"La table en m\u00e9tal pour les \u00e9tablissements de soins est un bon choix pour les \u00e9tablissements de soins qui disposent de caf\u00e9s, de restaurants et de salles de conf\u00e9rence.","breadcrumb":{"@id":"https:\/\/objektmobiliar.ch\/moebel\/pflegegerechte-tische\/metall-tisch-fuer-pflegeeinrichtungen\/#breadcrumb"},"inLanguage":"fr-FR","potentialAction":[{"@type":"ReadAction","target":["https:\/\/objektmobiliar.ch\/moebel\/pflegegerechte-tische\/metall-tisch-fuer-pflegeeinrichtungen\/"]}]},{"@type":"ImageObject","inLanguage":"fr-FR","@id":"https:\/\/objektmobiliar.ch\/moebel\/pflegegerechte-tische\/metall-tisch-fuer-pflegeeinrichtungen\/#primaryimage","url":"https:\/\/objektmobiliar.ch\/wp-content\/uploads\/2023\/10\/alana-tisch.jpg","contentUrl":"https:\/\/objektmobiliar.ch\/wp-content\/uploads\/2023\/10\/alana-tisch.jpg","width":1000,"height":1000,"caption":"Metall-Tisch f\u00fcr Pflegeeinrichtungen"},{"@type":"BreadcrumbList","@id":"https:\/\/objektmobiliar.ch\/moebel\/pflegegerechte-tische\/metall-tisch-fuer-pflegeeinrichtungen\/#breadcrumb","itemListElement":[{"@type":"ListItem","position":1,"name":"Startseite","item":"https:\/\/objektmobiliar.ch\/"},{"@type":"ListItem","position":2,"name":"M\u00f6bel","item":"https:\/\/objektmobiliar.ch\/moebel\/"},{"@type":"ListItem","position":3,"name":"Tische","item":"https:\/\/objektmobiliar.ch\/moebel\/pflegegerechte-tische\/"},{"@type":"ListItem","position":4,"name":"Alana"}]},{"@type":"WebSite","@id":"https:\/\/objektmobiliar.ch\/#website","url":"https:\/\/objektmobiliar.ch\/","name":"OZG HEALTHCARE","description":"Mobilier de collectivit\u00e9 pour les soins, les bureaux, les cabinets m\u00e9dicaux et l'h\u00f4tellerie","potentialAction":[{"@type":"SearchAction","target":{"@type":"EntryPoint","urlTemplate":"https:\/\/objektmobiliar.ch\/?s={search_term_string}"},"query-input":{"@type":"PropertyValueSpecification","valueRequired":true,"valueName":"search_term_string"}}],"inLanguage":"fr-FR"}]}},"coauthors":[],"author_meta":{"author_link":"https:\/\/objektmobiliar.ch\/fr\/author\/alex\/","display_name":"Alex"},"relative_dates":{"created":"Publi\u00e9 3 ans il y a","modified":"Mis \u00e0 jour 2 ans il y a"},"absolute_dates":{"created":"Publi\u00e9 le octobre 16, 2023","modified":"Mise \u00e0 jour le ao\u00fbt 20, 2024"},"absolute_dates_time":{"created":"Publi\u00e9 le octobre 16, 2023 9:07 pm","modified":"Mise \u00e0 jour le ao\u00fbt 20, 2024 8:57 am"},"featured_img_caption":"","featured_img":"https:\/\/objektmobiliar.ch\/wp-content\/uploads\/2023\/10\/alana-tisch-825x510.jpg","series_order":"","_links":{"self":[{"href":"https:\/\/objektmobiliar.ch\/fr\/wp-json\/wp\/v2\/pages\/670","targetHints":{"allow":["GET"]}}],"collection":[{"href":"https:\/\/objektmobiliar.ch\/fr\/wp-json\/wp\/v2\/pages"}],"about":[{"href":"https:\/\/objektmobiliar.ch\/fr\/wp-json\/wp\/v2\/types\/page"}],"author":[{"embeddable":true,"href":"https:\/\/objektmobiliar.ch\/fr\/wp-json\/wp\/v2\/users\/2"}],"replies":[{"embeddable":true,"href":"https:\/\/objektmobiliar.ch\/fr\/wp-json\/wp\/v2\/comments?post=670"}],"version-history":[{"count":11,"href":"https:\/\/objektmobiliar.ch\/fr\/wp-json\/wp\/v2\/pages\/670\/revisions"}],"predecessor-version":[{"id":3565,"href":"https:\/\/objektmobiliar.ch\/fr\/wp-json\/wp\/v2\/pages\/670\/revisions\/3565"}],"up":[{"embeddable":true,"href":"https:\/\/objektmobiliar.ch\/fr\/wp-json\/wp\/v2\/pages\/640"}],"wp:featuredmedia":[{"embeddable":true,"href":"https:\/\/objektmobiliar.ch\/fr\/wp-json\/wp\/v2\/media\/673"}],"wp:attachment":[{"href":"https:\/\/objektmobiliar.ch\/fr\/wp-json\/wp\/v2\/media?parent=670"}],"curies":[{"name":"wp","href":"https:\/\/api.w.org\/{rel}","templated":true}]}}