{"id":663,"date":"2023-10-16T20:52:22","date_gmt":"2023-10-16T20:52:22","guid":{"rendered":"https:\/\/dev.objektmobiliar.ch\/?page_id=663"},"modified":"2024-11-12T15:44:50","modified_gmt":"2024-11-12T15:44:50","slug":"table-a-foyers-moyens-pour-etablissements-de-soins","status":"publish","type":"page","link":"https:\/\/objektmobiliar.ch\/fr\/moebel\/pflegegerechte-tische\/mittelsaeulentisch-fuer-pflegeeinrichtungen\/","title":{"rendered":"Mara Vani"},"content":{"rendered":"<div class=\"lazyblock-produkt-detail-ozg-oBFJn wp-block-lazyblock-produkt-detail-ozg\"><section class=\"sct\">\r\n      <div class=\"cnt\">\r\n        <div class=\"elmnt-product-desc\">\r\n          <div class=\"product-desc-box\"><img decoding=\"async\" src=\"https:\/\/objektmobiliar.ch\/wp-content\/uploads\/2023\/10\/mara-mittelsaeulentisch.jpg\" loading=\"lazy\" alt=\"\" class=\"product-desc-img\"><\/div>\r\n          <div class=\"product-desc-txt\">\r\n            <h1 class=\"txt-product-headline\">TISCH MARA\/VANI<\/h1>\r\n            <h2 class=\"txt-product-subline\">Klassisch und beliebt &#8211; der Mittels\u00e4ulentisch f\u00fcr Pflegeeinrichtungen<\/h2>\r\n            <div class=\"w-richtext\">\r\n              <p>Ein Klassiker, der immer passt. Unser Mittels\u00e4ulentisch MARA f\u00fcgt sich in jedes bestehende Ambiente ein und bietet eine hervorragende Qualit\u00e4t. Der feste Metallsockel mit flachem Fuss sorgt f\u00fcr festen Stand und erm\u00f6glicht auch ein nahes Heranschieben von Sitzgelegenheiten oder Rollst\u00fchlen, ohne Anstossen und Anecken.<\/p>\r\n            <\/div>\r\n            <a onclick=\"splite_loader();\" class=\"btn\">Produkt anfragen<\/a>\r\n          <\/div>\r\n        <\/div>\r\n      <\/div>\r\n    <\/section><\/div>\n\n<div class=\"lazyblock-bildergalerie-lightbox-ozg-17sKuu wp-block-lazyblock-bildergalerie-lightbox-ozg\"><section class=\"sct\">\r\n  <div class=\"cnt semi\">\r\n    <div class=\"introtxt\">\r\n    <div class=\"w-richtext\">\r\n        \r\n    <\/div>\r\n    <\/div>\r\n  \r\n    <div class=\"elmnt-imggallery\">\r\n      <a href=\"#\" class=\"imggallery-link w-inline-block w-lightbox\">\r\n        <img decoding=\"async\" src=\"https:\/\/objektmobiliar.ch\/wp-content\/uploads\/2023\/10\/mara-mittelsaeulentisch-02.jpg\" loading=\"lazy\" alt=\"Tisch Mara\" class=\"imggallery-img\">\r\n        <script type=\"application\/json\" class=\"w-json\">\r\n            {\r\n              \"items\": [{\r\n\r\n                \"url\": \"https:\/\/objektmobiliar.ch\/wp-content\/uploads\/2023\/10\/mara-mittelsaeulentisch-02.jpg\",\r\n                \"caption\": \"Mittels\u00e4ulentisch Mara, 211-1238\/S: 70 x 70 cm\",\r\n                \"type\": \"image\"\r\n              }],\r\n              \"group\": \"mara\"\r\n            }\r\n          <\/script>\r\n      <\/a>\r\n      <a href=\"#\" class=\"imggallery-link w-inline-block w-lightbox\">\r\n        <img decoding=\"async\" src=\"https:\/\/objektmobiliar.ch\/wp-content\/uploads\/2023\/10\/varni.jpg\" loading=\"lazy\" alt=\"Mittels\u00e4ulentisch Vani\" class=\"imggallery-img\">\r\n        <script type=\"application\/json\" class=\"w-json\">\r\n            {\r\n              \"items\": [{\r\n\r\n                \"url\": \"https:\/\/objektmobiliar.ch\/wp-content\/uploads\/2023\/10\/varni.jpg\",\r\n                \"caption\": \"Mittels\u00e4ulentisch Vani, 211-1154\/S: Rund, \u00d8 60 cm\",\r\n                \"type\": \"image\"\r\n              }],\r\n              \"group\": \"mara\"\r\n            }\r\n          <\/script>\r\n      <\/a>\r\n      <a href=\"#\" class=\"imggallery-link w-inline-block w-lightbox\">\r\n        <img decoding=\"async\" src=\"https:\/\/objektmobiliar.ch\/wp-content\/uploads\/2023\/10\/ozg_3.19_0092.jpg\" loading=\"lazy\" alt=\"Mittels\u00e4ulentisch Mara\" class=\"imggallery-img\">\r\n        <script type=\"application\/json\" class=\"w-json\">\r\n            {\r\n              \"items\": [{\r\n\r\n                \"url\": \"https:\/\/objektmobiliar.ch\/wp-content\/uploads\/2023\/10\/ozg_3.19_0092.jpg\",\r\n                \"caption\": \"Mittels\u00e4ulentisch Mara, Art.-Nr. 211-1238\/S: 70 x 70 cm\",\r\n                \"type\": \"image\"\r\n              }],\r\n              \"group\": \"mara\"\r\n            }\r\n          <\/script>\r\n      <\/a>\r\n      <a href=\"#\" class=\"imggallery-link w-inline-block w-lightbox\">\r\n        <img decoding=\"async\" src=\"https:\/\/objektmobiliar.ch\/wp-content\/uploads\/2023\/10\/dsc_6262.jpg\" loading=\"lazy\" alt=\"Mittels\u00e4ulentisch Mara\" class=\"imggallery-img\">\r\n        <script type=\"application\/json\" class=\"w-json\">\r\n            {\r\n              \"items\": [{\r\n\r\n                \"url\": \"https:\/\/objektmobiliar.ch\/wp-content\/uploads\/2023\/10\/dsc_6262.jpg\",\r\n                \"caption\": \"Mittels\u00e4ulentisch Mara, Art.-Nr. 211-1238\/S: 70 x 70 cm\",\r\n                \"type\": \"image\"\r\n              }],\r\n              \"group\": \"mara\"\r\n            }\r\n          <\/script>\r\n      <\/a>\r\n      <a href=\"#\" class=\"imggallery-link w-inline-block w-lightbox\">\r\n        <img decoding=\"async\" src=\"https:\/\/objektmobiliar.ch\/wp-content\/uploads\/2023\/10\/dsc_6241.jpg\" loading=\"lazy\" alt=\"Mittels\u00e4ulentisch Mara\" class=\"imggallery-img\">\r\n        <script type=\"application\/json\" class=\"w-json\">\r\n            {\r\n              \"items\": [{\r\n\r\n                \"url\": \"https:\/\/objektmobiliar.ch\/wp-content\/uploads\/2023\/10\/dsc_6241.jpg\",\r\n                \"caption\": \"Mittels\u00e4ulentisch Mara, Art.-Nr. 211-1238\/S: 70 x 70 cm\",\r\n                \"type\": \"image\"\r\n              }],\r\n              \"group\": \"mara\"\r\n            }\r\n          <\/script>\r\n      <\/a>\r\n      <a href=\"#\" class=\"imggallery-link w-inline-block w-lightbox\">\r\n        <img decoding=\"async\" src=\"https:\/\/objektmobiliar.ch\/wp-content\/uploads\/2023\/10\/ozg_3.19_0168.jpg\" loading=\"lazy\" alt=\"Mittels\u00e4ulentisch Mara\" class=\"imggallery-img\">\r\n        <script type=\"application\/json\" class=\"w-json\">\r\n            {\r\n              \"items\": [{\r\n\r\n                \"url\": \"https:\/\/objektmobiliar.ch\/wp-content\/uploads\/2023\/10\/ozg_3.19_0168.jpg\",\r\n                \"caption\": \"Mittels\u00e4ulentisch Mara, Art.-Nr. 211-1238\/S: 70 x 70 cm\",\r\n                \"type\": \"image\"\r\n              }],\r\n              \"group\": \"mara\"\r\n            }\r\n          <\/script>\r\n      <\/a>\r\n    <\/div>\r\n    \r\n  <\/div>\r\n<\/section><\/div>\n\n\n<div class=\"wp-block-group\"><div class=\"wp-block-group__inner-container is-layout-constrained wp-block-group-is-layout-constrained\"><section class=\"sct\">\r\n      <div class=\"cnt narrow\">\r\n        <div class=\"introtxt\">\r\n        <div class=\"w-richtext\">\r\n            <h2>Produktbeschreibung<\/h2>\r\n        <\/div>\r\n        <\/div>\r\n        \r\n          \n\n\n<figure class=\"wp-block-table is-style-regular\"><table><thead><tr><th>Art. Nr.<\/th><th>Beschreibung<\/th><\/tr><\/thead><tbody><tr><td>211-1154\/S<\/td><td>Mittels\u00e4ulentisch Vani, rund \u00d860 cm<\/td><\/tr><tr><td>211-1158\/S<\/td><td>Mittels\u00e4ulentisch Vani, rund \u00d870 cm<\/td><\/tr><tr><td>211-1162\/S<\/td><td>Mittels\u00e4ulentisch Vani, rund \u00d880 cm<\/td><\/tr><tr><td>211-1191\/S<\/td><td>Mittels\u00e4ulentisch Vani, rund \u00d890 cm<\/td><\/tr><tr><td>211-1238\/S<\/td><td>Mittels\u00e4ulentisch Mara, 70&#215;70 cm<\/td><\/tr><tr><td>211-1242\/S<\/td><td>Mittels\u00e4ulentisch Mara, 80&#215;80 cm<\/td><\/tr><tr><td>211-1246\/S<\/td><td>Mittels\u00e4ulentisch Mara, 90&#215;90 cm<\/td><\/tr><\/tbody><\/table><\/figure>\n\n\n<\/div><\/section><\/div><\/div>\n\n\n<div class=\"lazyblock-text-modul-ozg-5NX9v wp-block-lazyblock-text-modul-ozg\"><section class=\"sct\">\r\n      <div class=\"cnt narrow\">\r\n        <div class=\"w-richtext\">\r\n            <h2>VANI und MARA<\/h2>\n<h3>Der Mittels\u00e4ulentisch f\u00fcr Pflegeeinrichtungen<\/h3>\n<p>Die Mittels\u00e4ulentische f\u00fcr Pflegeeinrichtungen MARA oder VANI sind die ideale Wahl f\u00fcr Pflegeeinrichtungen. Sie verbinden zeitloses Design mit hoher Funktionalit\u00e4t. Der stabile Metallsockel mit flachem Fuss garantiert einen festen Stand und erm\u00f6glicht gleichzeitig das komfortable Heranfahren von St\u00fchlen oder Rollst\u00fchlen ohne Anstossen oder Anecken. Diese praktischen Merkmale machen die Tische zu einem unverzichtbaren M\u00f6belst\u00fcck f\u00fcr jedes Pflegeumfeld.<\/p>\n<h3>Vielseitige Einsatzm\u00f6glichkeiten\u00a0<\/h3>\n<p>Unsere Mittels\u00e4ulentische bieten vielf\u00e4ltige Einsatzm\u00f6glichkeiten in Pflegeeinrichtungen: Der Tisch MARA, in quadratischer Form ist in verschiedenen Gr\u00f6ssen verf\u00fcgbar und eignet sich besonders gut f\u00fcr Speiser\u00e4ume. Dank des grossz\u00fcgigen Freiraums unter der Tischplatte k\u00f6nnen Rollst\u00fchle oder St\u00fchle problemlos herangefahren werden, was das Sitzen und Essen f\u00fcr die Bewohnerinnen und Bewohner komfortabel macht. Der runde Tisch VANI mit unterschiedlichen Durchmessern ist perfekt f\u00fcr Aufenthaltsr\u00e4ume und Sitzecken. Er eignet sich als Beistelltisch oder als praktischer Tisch f\u00fcr gem\u00fctliche Zusammenk\u00fcnfte.<\/p>\n<h3>Individuelle Gestaltung und Langlebigkeit<\/h3>\n<p>Die Tischplatten der MARA- und VANI-Modelle sind in verschiedenen Holzbeizt\u00f6nen erh\u00e4ltlich und passen sich perfekt dem Raumdesign an. Die Tischbeine k\u00f6nnen in einer Vielzahl von RAL-Farben gew\u00e4hlt werden, um eine individuelle Anpassung zu erm\u00f6glichen. Die robusten Materialien sind pflegeleicht und langlebig, was sie ideal f\u00fcr den Einsatz in Pflegeeinrichtungen macht. W\u00e4hlen Sie aus einer Vielzahl an <a href=\"https:\/\/objektmobiliar.ch\/inspiration\/materialien-und-farben\/\">Materialien und Farben<\/a> dasjenige Design aus, das am besten zu Ihrer Einrichtung passt.\u00a0<\/p>\r\n        <\/div>\r\n      <\/div>\r\n    <\/section><\/div>","protected":false},"excerpt":{"rendered":"<p>Ein Klassiker, der immer passt. Unser Mittels\u00e4ulentisch MARA f\u00fcgt sich in jedes bestehende Ambiente ein und bietet eine hervorragende Qualit\u00e4t.<\/p>","protected":false},"author":2,"featured_media":661,"parent":640,"menu_order":0,"comment_status":"closed","ping_status":"closed","template":"","meta":{"advgb_blocks_editor_width":"","advgb_blocks_columns_visual_guide":"","footnotes":""},"class_list":["post-663","page","type-page","status-publish","has-post-thumbnail","hentry"],"yoast_head":"<!-- This site is optimized with the Yoast SEO plugin v27.4 - https:\/\/yoast.com\/product\/yoast-seo-wordpress\/ -->\n<title>Mittels\u00e4ulentisch f\u00fcr Pflegeeinrichtungen bei OZG<\/title>\n<meta name=\"description\" content=\"Unser Mittels\u00e4ulentisch f\u00fcr Pflegeeinrichtungen MARA f\u00fcgt sich in jedes bestehende Ambiente ein und bietet eine hervorragende Qualit\u00e4t.\" \/>\n<meta name=\"robots\" content=\"index, follow, max-snippet:-1, max-image-preview:large, max-video-preview:-1\" \/>\n<link rel=\"canonical\" href=\"https:\/\/objektmobiliar.ch\/fr\/meubles\/tables-adaptees-aux-soins\/table-a-foyers-moyens-pour-etablissements-de-soins\/\" \/>\n<meta property=\"og:locale\" content=\"fr_FR\" \/>\n<meta property=\"og:type\" content=\"article\" \/>\n<meta property=\"og:title\" content=\"Mittels\u00e4ulentisch f\u00fcr Pflegeeinrichtungen bei OZG\" \/>\n<meta property=\"og:description\" content=\"Unser Mittels\u00e4ulentisch f\u00fcr Pflegeeinrichtungen MARA f\u00fcgt sich in jedes bestehende Ambiente ein und bietet eine hervorragende Qualit\u00e4t.\" \/>\n<meta property=\"og:url\" content=\"https:\/\/objektmobiliar.ch\/fr\/meubles\/tables-adaptees-aux-soins\/table-a-foyers-moyens-pour-etablissements-de-soins\/\" \/>\n<meta property=\"og:site_name\" content=\"OZG HEALTHCARE\" \/>\n<meta property=\"article:modified_time\" content=\"2024-11-12T15:44:50+00:00\" \/>\n<meta property=\"og:image\" content=\"https:\/\/objektmobiliar.ch\/wp-content\/uploads\/2023\/10\/mara-mittelsaeulentisch.jpg\" \/>\n\t<meta property=\"og:image:width\" content=\"1000\" \/>\n\t<meta property=\"og:image:height\" content=\"1000\" \/>\n\t<meta property=\"og:image:type\" content=\"image\/jpeg\" \/>\n<meta name=\"twitter:card\" content=\"summary_large_image\" \/>\n<meta name=\"twitter:label1\" content=\"Dur\u00e9e de lecture estim\u00e9e\" \/>\n\t<meta name=\"twitter:data1\" content=\"4 minutes\" \/>\n<script type=\"application\/ld+json\" class=\"yoast-schema-graph\">{\"@context\":\"https:\\\/\\\/schema.org\",\"@graph\":[{\"@type\":\"WebPage\",\"@id\":\"https:\\\/\\\/objektmobiliar.ch\\\/moebel\\\/pflegegerechte-tische\\\/mittelsaeulentisch-fuer-pflegeeinrichtungen\\\/\",\"url\":\"https:\\\/\\\/objektmobiliar.ch\\\/moebel\\\/pflegegerechte-tische\\\/mittelsaeulentisch-fuer-pflegeeinrichtungen\\\/\",\"name\":\"Mittels\u00e4ulentisch f\u00fcr Pflegeeinrichtungen bei OZG\",\"isPartOf\":{\"@id\":\"https:\\\/\\\/objektmobiliar.ch\\\/#website\"},\"primaryImageOfPage\":{\"@id\":\"https:\\\/\\\/objektmobiliar.ch\\\/moebel\\\/pflegegerechte-tische\\\/mittelsaeulentisch-fuer-pflegeeinrichtungen\\\/#primaryimage\"},\"image\":{\"@id\":\"https:\\\/\\\/objektmobiliar.ch\\\/moebel\\\/pflegegerechte-tische\\\/mittelsaeulentisch-fuer-pflegeeinrichtungen\\\/#primaryimage\"},\"thumbnailUrl\":\"https:\\\/\\\/objektmobiliar.ch\\\/wp-content\\\/uploads\\\/2023\\\/10\\\/mara-mittelsaeulentisch.jpg\",\"datePublished\":\"2023-10-16T20:52:22+00:00\",\"dateModified\":\"2024-11-12T15:44:50+00:00\",\"description\":\"Unser Mittels\u00e4ulentisch f\u00fcr Pflegeeinrichtungen MARA f\u00fcgt sich in jedes bestehende Ambiente ein und bietet eine hervorragende Qualit\u00e4t.\",\"breadcrumb\":{\"@id\":\"https:\\\/\\\/objektmobiliar.ch\\\/moebel\\\/pflegegerechte-tische\\\/mittelsaeulentisch-fuer-pflegeeinrichtungen\\\/#breadcrumb\"},\"inLanguage\":\"fr-FR\",\"potentialAction\":[{\"@type\":\"ReadAction\",\"target\":[\"https:\\\/\\\/objektmobiliar.ch\\\/moebel\\\/pflegegerechte-tische\\\/mittelsaeulentisch-fuer-pflegeeinrichtungen\\\/\"]}]},{\"@type\":\"ImageObject\",\"inLanguage\":\"fr-FR\",\"@id\":\"https:\\\/\\\/objektmobiliar.ch\\\/moebel\\\/pflegegerechte-tische\\\/mittelsaeulentisch-fuer-pflegeeinrichtungen\\\/#primaryimage\",\"url\":\"https:\\\/\\\/objektmobiliar.ch\\\/wp-content\\\/uploads\\\/2023\\\/10\\\/mara-mittelsaeulentisch.jpg\",\"contentUrl\":\"https:\\\/\\\/objektmobiliar.ch\\\/wp-content\\\/uploads\\\/2023\\\/10\\\/mara-mittelsaeulentisch.jpg\",\"width\":1000,\"height\":1000,\"caption\":\"Tisch Mara\"},{\"@type\":\"BreadcrumbList\",\"@id\":\"https:\\\/\\\/objektmobiliar.ch\\\/moebel\\\/pflegegerechte-tische\\\/mittelsaeulentisch-fuer-pflegeeinrichtungen\\\/#breadcrumb\",\"itemListElement\":[{\"@type\":\"ListItem\",\"position\":1,\"name\":\"Startseite\",\"item\":\"https:\\\/\\\/objektmobiliar.ch\\\/\"},{\"@type\":\"ListItem\",\"position\":2,\"name\":\"M\u00f6bel\",\"item\":\"https:\\\/\\\/objektmobiliar.ch\\\/moebel\\\/\"},{\"@type\":\"ListItem\",\"position\":3,\"name\":\"Tische\",\"item\":\"https:\\\/\\\/objektmobiliar.ch\\\/moebel\\\/pflegegerechte-tische\\\/\"},{\"@type\":\"ListItem\",\"position\":4,\"name\":\"Mara Vani\"}]},{\"@type\":\"WebSite\",\"@id\":\"https:\\\/\\\/objektmobiliar.ch\\\/#website\",\"url\":\"https:\\\/\\\/objektmobiliar.ch\\\/\",\"name\":\"OZG HEALTHCARE\",\"description\":\"Objektmobiliar f\u00fcr Pflege, B\u00fcro, Praxis &amp; Hotellerie\",\"potentialAction\":[{\"@type\":\"SearchAction\",\"target\":{\"@type\":\"EntryPoint\",\"urlTemplate\":\"https:\\\/\\\/objektmobiliar.ch\\\/?s={search_term_string}\"},\"query-input\":{\"@type\":\"PropertyValueSpecification\",\"valueRequired\":true,\"valueName\":\"search_term_string\"}}],\"inLanguage\":\"fr-FR\"}]}<\/script>\n<!-- \/ Yoast SEO plugin. -->","yoast_head_json":{"title":"Table \u00e0 colonne centrale pour les \u00e9tablissements de soins chez OZG","description":"Notre table \u00e0 colonne centrale pour les \u00e9tablissements de soins MARA s'int\u00e8gre dans tout environnement existant et offre une qualit\u00e9 exceptionnelle.","robots":{"index":"index","follow":"follow","max-snippet":"max-snippet:-1","max-image-preview":"max-image-preview:large","max-video-preview":"max-video-preview:-1"},"canonical":"https:\/\/objektmobiliar.ch\/fr\/meubles\/tables-adaptees-aux-soins\/table-a-foyers-moyens-pour-etablissements-de-soins\/","og_locale":"fr_FR","og_type":"article","og_title":"Mittels\u00e4ulentisch f\u00fcr Pflegeeinrichtungen bei OZG","og_description":"Unser Mittels\u00e4ulentisch f\u00fcr Pflegeeinrichtungen MARA f\u00fcgt sich in jedes bestehende Ambiente ein und bietet eine hervorragende Qualit\u00e4t.","og_url":"https:\/\/objektmobiliar.ch\/fr\/meubles\/tables-adaptees-aux-soins\/table-a-foyers-moyens-pour-etablissements-de-soins\/","og_site_name":"OZG HEALTHCARE","article_modified_time":"2024-11-12T15:44:50+00:00","og_image":[{"width":1000,"height":1000,"url":"https:\/\/objektmobiliar.ch\/wp-content\/uploads\/2023\/10\/mara-mittelsaeulentisch.jpg","type":"image\/jpeg"}],"twitter_card":"summary_large_image","twitter_misc":{"Dur\u00e9e de lecture estim\u00e9e":"4 minutes"},"schema":{"@context":"https:\/\/schema.org","@graph":[{"@type":"WebPage","@id":"https:\/\/objektmobiliar.ch\/moebel\/pflegegerechte-tische\/mittelsaeulentisch-fuer-pflegeeinrichtungen\/","url":"https:\/\/objektmobiliar.ch\/moebel\/pflegegerechte-tische\/mittelsaeulentisch-fuer-pflegeeinrichtungen\/","name":"Table \u00e0 colonne centrale pour les \u00e9tablissements de soins chez OZG","isPartOf":{"@id":"https:\/\/objektmobiliar.ch\/#website"},"primaryImageOfPage":{"@id":"https:\/\/objektmobiliar.ch\/moebel\/pflegegerechte-tische\/mittelsaeulentisch-fuer-pflegeeinrichtungen\/#primaryimage"},"image":{"@id":"https:\/\/objektmobiliar.ch\/moebel\/pflegegerechte-tische\/mittelsaeulentisch-fuer-pflegeeinrichtungen\/#primaryimage"},"thumbnailUrl":"https:\/\/objektmobiliar.ch\/wp-content\/uploads\/2023\/10\/mara-mittelsaeulentisch.jpg","datePublished":"2023-10-16T20:52:22+00:00","dateModified":"2024-11-12T15:44:50+00:00","description":"Notre table \u00e0 colonne centrale pour les \u00e9tablissements de soins MARA s'int\u00e8gre dans tout environnement existant et offre une qualit\u00e9 exceptionnelle.","breadcrumb":{"@id":"https:\/\/objektmobiliar.ch\/moebel\/pflegegerechte-tische\/mittelsaeulentisch-fuer-pflegeeinrichtungen\/#breadcrumb"},"inLanguage":"fr-FR","potentialAction":[{"@type":"ReadAction","target":["https:\/\/objektmobiliar.ch\/moebel\/pflegegerechte-tische\/mittelsaeulentisch-fuer-pflegeeinrichtungen\/"]}]},{"@type":"ImageObject","inLanguage":"fr-FR","@id":"https:\/\/objektmobiliar.ch\/moebel\/pflegegerechte-tische\/mittelsaeulentisch-fuer-pflegeeinrichtungen\/#primaryimage","url":"https:\/\/objektmobiliar.ch\/wp-content\/uploads\/2023\/10\/mara-mittelsaeulentisch.jpg","contentUrl":"https:\/\/objektmobiliar.ch\/wp-content\/uploads\/2023\/10\/mara-mittelsaeulentisch.jpg","width":1000,"height":1000,"caption":"Tisch Mara"},{"@type":"BreadcrumbList","@id":"https:\/\/objektmobiliar.ch\/moebel\/pflegegerechte-tische\/mittelsaeulentisch-fuer-pflegeeinrichtungen\/#breadcrumb","itemListElement":[{"@type":"ListItem","position":1,"name":"Startseite","item":"https:\/\/objektmobiliar.ch\/"},{"@type":"ListItem","position":2,"name":"M\u00f6bel","item":"https:\/\/objektmobiliar.ch\/moebel\/"},{"@type":"ListItem","position":3,"name":"Tische","item":"https:\/\/objektmobiliar.ch\/moebel\/pflegegerechte-tische\/"},{"@type":"ListItem","position":4,"name":"Mara Vani"}]},{"@type":"WebSite","@id":"https:\/\/objektmobiliar.ch\/#website","url":"https:\/\/objektmobiliar.ch\/","name":"OZG HEALTHCARE","description":"Mobilier de collectivit\u00e9 pour les soins, les bureaux, les cabinets m\u00e9dicaux et l'h\u00f4tellerie","potentialAction":[{"@type":"SearchAction","target":{"@type":"EntryPoint","urlTemplate":"https:\/\/objektmobiliar.ch\/?s={search_term_string}"},"query-input":{"@type":"PropertyValueSpecification","valueRequired":true,"valueName":"search_term_string"}}],"inLanguage":"fr-FR"}]}},"coauthors":[],"author_meta":{"author_link":"https:\/\/objektmobiliar.ch\/fr\/author\/alex\/","display_name":"Alex"},"relative_dates":{"created":"Publi\u00e9 3 ans il y a","modified":"Mis \u00e0 jour 1 an il y a"},"absolute_dates":{"created":"Publi\u00e9 le octobre 16, 2023","modified":"Mise \u00e0 jour le novembre 12, 2024"},"absolute_dates_time":{"created":"Publi\u00e9 le octobre 16, 2023 8:52 pm","modified":"Mise \u00e0 jour le novembre 12, 2024 3:44 pm"},"featured_img_caption":"","featured_img":"https:\/\/objektmobiliar.ch\/wp-content\/uploads\/2023\/10\/mara-mittelsaeulentisch-825x510.jpg","series_order":"","_links":{"self":[{"href":"https:\/\/objektmobiliar.ch\/fr\/wp-json\/wp\/v2\/pages\/663","targetHints":{"allow":["GET"]}}],"collection":[{"href":"https:\/\/objektmobiliar.ch\/fr\/wp-json\/wp\/v2\/pages"}],"about":[{"href":"https:\/\/objektmobiliar.ch\/fr\/wp-json\/wp\/v2\/types\/page"}],"author":[{"embeddable":true,"href":"https:\/\/objektmobiliar.ch\/fr\/wp-json\/wp\/v2\/users\/2"}],"replies":[{"embeddable":true,"href":"https:\/\/objektmobiliar.ch\/fr\/wp-json\/wp\/v2\/comments?post=663"}],"version-history":[{"count":14,"href":"https:\/\/objektmobiliar.ch\/fr\/wp-json\/wp\/v2\/pages\/663\/revisions"}],"predecessor-version":[{"id":4818,"href":"https:\/\/objektmobiliar.ch\/fr\/wp-json\/wp\/v2\/pages\/663\/revisions\/4818"}],"up":[{"embeddable":true,"href":"https:\/\/objektmobiliar.ch\/fr\/wp-json\/wp\/v2\/pages\/640"}],"wp:featuredmedia":[{"embeddable":true,"href":"https:\/\/objektmobiliar.ch\/fr\/wp-json\/wp\/v2\/media\/661"}],"wp:attachment":[{"href":"https:\/\/objektmobiliar.ch\/fr\/wp-json\/wp\/v2\/media?parent=663"}],"curies":[{"name":"wp","href":"https:\/\/api.w.org\/{rel}","templated":true}]}}