{"id":653,"date":"2023-10-16T20:30:08","date_gmt":"2023-10-16T20:30:08","guid":{"rendered":"https:\/\/dev.objektmobiliar.ch\/?page_id=653"},"modified":"2024-10-03T12:35:17","modified_gmt":"2024-10-03T12:35:17","slug":"table-pour-maisons-de-soins","status":"publish","type":"page","link":"https:\/\/objektmobiliar.ch\/fr\/moebel\/pflegegerechte-tische\/tisch-fuer-pflegeheime\/","title":{"rendered":"Alpino"},"content":{"rendered":"<div class=\"lazyblock-produkt-detail-ozg-Z1Csnsq wp-block-lazyblock-produkt-detail-ozg\"><section class=\"sct\">\r\n      <div class=\"cnt\">\r\n        <div class=\"elmnt-product-desc\">\r\n          <div class=\"product-desc-box\"><img decoding=\"async\" src=\"https:\/\/objektmobiliar.ch\/wp-content\/uploads\/2023\/10\/alpino-tisch.jpg\" loading=\"lazy\" alt=\"\" class=\"product-desc-img\"><\/div>\r\n          <div class=\"product-desc-txt\">\r\n            <h1 class=\"txt-product-headline\">Table Alpino<\/h1>\r\n            <h2 class=\"txt-product-subline\">Table pour les maisons de soins<\/h2>\r\n            <div class=\"w-richtext\">\r\n              <p>Avec son aspect naturel et son design attrayant, la table pour maisons de soins apporte une touche alpine dans les \u00e9tablissements de soins. Elle cr\u00e9e une atmosph\u00e8re accueillante et confortable, en particulier dans les chambres des r\u00e9sidents, les salles de s\u00e9jour et les espaces communs.<\/p>\r\n            <\/div>\r\n            <a onclick=\"splite_loader();\" class=\"btn\">Demander un produit<\/a>\r\n          <\/div>\r\n        <\/div>\r\n      <\/div>\r\n    <\/section><\/div>\n\n<div class=\"lazyblock-bildergalerie-lightbox-ozg-1eL52I wp-block-lazyblock-bildergalerie-lightbox-ozg\"><section class=\"sct\">\r\n  <div class=\"cnt semi\">\r\n    <div class=\"introtxt\">\r\n    <div class=\"w-richtext\">\r\n        \r\n    <\/div>\r\n    <\/div>\r\n  \r\n    <div class=\"elmnt-imggallery\">\r\n      <div class=\"imggallery-thumb\">\r\n        <img decoding=\"async\" src=\"https:\/\/objektmobiliar.ch\/wp-content\/uploads\/2023\/10\/alpino-tisch-02.jpg\" loading=\"lazy\" alt=\"Table Alpino\" class=\"imggallery-img\">\r\n        <\/div>\r\n      <div class=\"imggallery-thumb\">\r\n        <img decoding=\"async\" src=\"https:\/\/objektmobiliar.ch\/wp-content\/uploads\/2023\/10\/dsc_5823.jpg\" loading=\"lazy\" alt=\"\" class=\"imggallery-img\">\r\n        <\/div>\r\n      <div class=\"imggallery-thumb\">\r\n        <img decoding=\"async\" src=\"https:\/\/objektmobiliar.ch\/wp-content\/uploads\/2023\/10\/dsc_5822-1-e1697488381680.jpg\" loading=\"lazy\" alt=\"\" class=\"imggallery-img\">\r\n        <\/div>\r\n      <div class=\"imggallery-thumb\">\r\n        <img decoding=\"async\" src=\"https:\/\/objektmobiliar.ch\/wp-content\/uploads\/2023\/10\/dsc_5816-e1697488020909.jpg\" loading=\"lazy\" alt=\"\" class=\"imggallery-img\">\r\n        <\/div>\r\n      <div class=\"imggallery-thumb\">\r\n        <img decoding=\"async\" src=\"https:\/\/objektmobiliar.ch\/wp-content\/uploads\/2023\/10\/dsc_6333.jpg\" loading=\"lazy\" alt=\"\" class=\"imggallery-img\">\r\n        <\/div>\r\n    <\/div>\r\n    \r\n  <\/div>\r\n<\/section><\/div>\n\n\n<div class=\"wp-block-group\"><div class=\"wp-block-group__inner-container is-layout-constrained wp-block-group-is-layout-constrained\"><section class=\"sct\">\r\n      <div class=\"cnt narrow\">\r\n        <div class=\"introtxt\">\r\n        <div class=\"w-richtext\">\r\n            <h2>Description du produit<\/h2>\r\n        <\/div>\r\n        <\/div>\r\n        \r\n          \n\n\n<figure class=\"wp-block-table is-style-regular\"><table><thead><tr><th>Art. No.<\/th><th>Description<\/th><\/tr><\/thead><tbody><tr><td>211-1376\/S<\/td><td>Table Alpino, 70\u00d770 cm<\/td><\/tr><tr><td>211-1370\/S<\/td><td>Table Alpino, 80\u00d780 cm<\/td><\/tr><tr><td>211-1375\/S<\/td><td>Table Alpino, 90\u00d790 cm<\/td><\/tr><tr><td>211-1371\/S<\/td><td>Table Alpino, 120\u00d780 cm<\/td><\/tr><tr><td>211-1377\/S<\/td><td>Table Alpino, 140\u00d770 cm<\/td><\/tr><tr><td>211-1374\/S<\/td><td>Table Alpino, 160\u00d780 cm<\/td><\/tr><tr><td>211-1380\/S<\/td><td>Table basse Alpino, 50x50x60 cm<\/td><\/tr><tr><td>211-1381\/S<\/td><td>Table basse Alpino, 70x50x50 cm<\/td><\/tr><tr><td>211-1384\/S<\/td><td>Table basse Alpino, 80x60x60 cm<\/td><\/tr><tr><td>211-1383\/S<\/td><td>Table basse Alpino, 100x50x50 cm<\/td><\/tr><\/tbody><\/table><\/figure>\n\n\n<\/div><\/section><\/div><\/div>\n\n\n<div class=\"lazyblock-text-modul-ozg-Z1GVIww wp-block-lazyblock-text-modul-ozg\"><section class=\"sct\">\r\n      <div class=\"cnt narrow\">\r\n        <div class=\"w-richtext\">\r\n            <h3>Table Alpino - fonctionnalit\u00e9 et style pour les maisons de repos<\/h3>\n<p>La table Alpino est sp\u00e9cialement con\u00e7ue pour les maisons de soins et offre une combinaison parfaite de fonctionnalit\u00e9 et de design esth\u00e9tique. Avec son langage des formes clair et son rayonnement naturel, elle apporte une touche alpine dans les chambres des r\u00e9sidents, les salles de s\u00e9jour et les espaces communs. Son design accueillant cr\u00e9e une atmosph\u00e8re chaleureuse et confortable qui invite aussi bien les r\u00e9sidents que les visiteurs \u00e0 s'attarder. La possibilit\u00e9 de commander la table en diff\u00e9rentes tailles est particuli\u00e8rement pratique pour r\u00e9pondre aux exigences des diff\u00e9rentes tailles de pi\u00e8ces. Pour les r\u00e9sidents \u00e0 mobilit\u00e9 r\u00e9duite, la table est en outre accessible en fauteuil roulant. Autre avantage : la table Alpino peut \u00e9galement \u00eatre configur\u00e9e comme table basse afin de s'adapter de mani\u00e8re flexible aux diff\u00e9rentes utilisations de la pi\u00e8ce.<\/p>\n<h3>Table Alpino - diversit\u00e9 des mat\u00e9riaux et des couleurs pour chaque concept d'espace<\/h3>\n<p>La table Alpino offre de nombreuses possibilit\u00e9s d'am\u00e9nagement, non seulement en termes de design, mais aussi de mat\u00e9riaux et de couleurs. Diff\u00e9rentes essences de bois de haute qualit\u00e9 sont disponibles, qui conf\u00e8rent \u00e0 la table une note individuelle gr\u00e2ce \u00e0 leur veinage naturel. Selon les pr\u00e9f\u00e9rences et la conception de la pi\u00e8ce, il est possible de choisir diff\u00e9rentes teintes afin d'adapter au mieux la table \u00e0 l'int\u00e9rieur existant. Le site <a href=\"https:\/\/objektmobiliar.ch\/fr\/inspiration\/materiaux-et-couleurs\/\">Choix de mat\u00e9riaux<\/a> garantit non seulement la durabilit\u00e9 et la stabilit\u00e9, mais aussi un aspect attrayant qui s'int\u00e8gre harmonieusement dans tout environnement. Qu'elle soit teint\u00e9e dans des tons plus clairs ou plus fonc\u00e9s, la table Alpino offre suffisamment de flexibilit\u00e9 pour souligner le caract\u00e8re de la pi\u00e8ce tout en r\u00e9pondant aux exigences pratiques du quotidien des soins.<\/p>\r\n        <\/div>\r\n      <\/div>\r\n    <\/section><\/div>","protected":false},"excerpt":{"rendered":"<p>Der Tisch ALPINO ist mit seinem freundlich anmutenden Design und dem f\u00fcr Gem\u00fctlichkeit sorgenden Holzlook ideal f\u00fcr Bewohnerzimmer, Aufenthalts- und Gemeinschaftsr\u00e4ume geeignet.<\/p>","protected":false},"author":2,"featured_media":654,"parent":640,"menu_order":0,"comment_status":"closed","ping_status":"closed","template":"","meta":{"advgb_blocks_editor_width":"","advgb_blocks_columns_visual_guide":"","footnotes":""},"class_list":["post-653","page","type-page","status-publish","has-post-thumbnail","hentry"],"yoast_head":"<!-- This site is optimized with the Yoast SEO plugin v27.4 - https:\/\/yoast.com\/product\/yoast-seo-wordpress\/ -->\n<title>Tisch f\u00fcr Pflegeheime bei OZG<\/title>\n<meta name=\"description\" content=\"Der Tisch f\u00fcr Pflegeheime bringt mit seinem ansprechenden Design alpines Flair in die Pflegeeinrichtungen.\" \/>\n<meta name=\"robots\" content=\"index, follow, max-snippet:-1, max-image-preview:large, max-video-preview:-1\" \/>\n<link rel=\"canonical\" href=\"https:\/\/objektmobiliar.ch\/fr\/meubles\/tables-adaptees-aux-soins\/table-pour-maisons-de-soins\/\" \/>\n<meta property=\"og:locale\" content=\"fr_FR\" \/>\n<meta property=\"og:type\" content=\"article\" \/>\n<meta property=\"og:title\" content=\"Tisch f\u00fcr Pflegeheime bei OZG\" \/>\n<meta property=\"og:description\" content=\"Der Tisch f\u00fcr Pflegeheime bringt mit seinem ansprechenden Design alpines Flair in die Pflegeeinrichtungen.\" \/>\n<meta property=\"og:url\" content=\"https:\/\/objektmobiliar.ch\/fr\/meubles\/tables-adaptees-aux-soins\/table-pour-maisons-de-soins\/\" \/>\n<meta property=\"og:site_name\" content=\"OZG HEALTHCARE\" \/>\n<meta property=\"article:modified_time\" content=\"2024-10-03T12:35:17+00:00\" \/>\n<meta property=\"og:image\" content=\"https:\/\/objektmobiliar.ch\/wp-content\/uploads\/2023\/10\/alpino-tisch.jpg\" \/>\n\t<meta property=\"og:image:width\" content=\"1000\" \/>\n\t<meta property=\"og:image:height\" content=\"1000\" \/>\n\t<meta property=\"og:image:type\" content=\"image\/jpeg\" \/>\n<meta name=\"twitter:card\" content=\"summary_large_image\" \/>\n<meta name=\"twitter:label1\" content=\"Dur\u00e9e de lecture estim\u00e9e\" \/>\n\t<meta name=\"twitter:data1\" content=\"4 minutes\" \/>\n<script type=\"application\/ld+json\" class=\"yoast-schema-graph\">{\"@context\":\"https:\\\/\\\/schema.org\",\"@graph\":[{\"@type\":\"WebPage\",\"@id\":\"https:\\\/\\\/objektmobiliar.ch\\\/moebel\\\/pflegegerechte-tische\\\/tisch-fuer-pflegeheime\\\/\",\"url\":\"https:\\\/\\\/objektmobiliar.ch\\\/moebel\\\/pflegegerechte-tische\\\/tisch-fuer-pflegeheime\\\/\",\"name\":\"Tisch f\u00fcr Pflegeheime bei OZG\",\"isPartOf\":{\"@id\":\"https:\\\/\\\/objektmobiliar.ch\\\/#website\"},\"primaryImageOfPage\":{\"@id\":\"https:\\\/\\\/objektmobiliar.ch\\\/moebel\\\/pflegegerechte-tische\\\/tisch-fuer-pflegeheime\\\/#primaryimage\"},\"image\":{\"@id\":\"https:\\\/\\\/objektmobiliar.ch\\\/moebel\\\/pflegegerechte-tische\\\/tisch-fuer-pflegeheime\\\/#primaryimage\"},\"thumbnailUrl\":\"https:\\\/\\\/objektmobiliar.ch\\\/wp-content\\\/uploads\\\/2023\\\/10\\\/alpino-tisch.jpg\",\"datePublished\":\"2023-10-16T20:30:08+00:00\",\"dateModified\":\"2024-10-03T12:35:17+00:00\",\"description\":\"Der Tisch f\u00fcr Pflegeheime bringt mit seinem ansprechenden Design alpines Flair in die Pflegeeinrichtungen.\",\"breadcrumb\":{\"@id\":\"https:\\\/\\\/objektmobiliar.ch\\\/moebel\\\/pflegegerechte-tische\\\/tisch-fuer-pflegeheime\\\/#breadcrumb\"},\"inLanguage\":\"fr-FR\",\"potentialAction\":[{\"@type\":\"ReadAction\",\"target\":[\"https:\\\/\\\/objektmobiliar.ch\\\/moebel\\\/pflegegerechte-tische\\\/tisch-fuer-pflegeheime\\\/\"]}]},{\"@type\":\"ImageObject\",\"inLanguage\":\"fr-FR\",\"@id\":\"https:\\\/\\\/objektmobiliar.ch\\\/moebel\\\/pflegegerechte-tische\\\/tisch-fuer-pflegeheime\\\/#primaryimage\",\"url\":\"https:\\\/\\\/objektmobiliar.ch\\\/wp-content\\\/uploads\\\/2023\\\/10\\\/alpino-tisch.jpg\",\"contentUrl\":\"https:\\\/\\\/objektmobiliar.ch\\\/wp-content\\\/uploads\\\/2023\\\/10\\\/alpino-tisch.jpg\",\"width\":1000,\"height\":1000,\"caption\":\"Tisch f\u00fcr Pflegeheime\"},{\"@type\":\"BreadcrumbList\",\"@id\":\"https:\\\/\\\/objektmobiliar.ch\\\/moebel\\\/pflegegerechte-tische\\\/tisch-fuer-pflegeheime\\\/#breadcrumb\",\"itemListElement\":[{\"@type\":\"ListItem\",\"position\":1,\"name\":\"Startseite\",\"item\":\"https:\\\/\\\/objektmobiliar.ch\\\/\"},{\"@type\":\"ListItem\",\"position\":2,\"name\":\"M\u00f6bel\",\"item\":\"https:\\\/\\\/objektmobiliar.ch\\\/moebel\\\/\"},{\"@type\":\"ListItem\",\"position\":3,\"name\":\"Tische\",\"item\":\"https:\\\/\\\/objektmobiliar.ch\\\/moebel\\\/pflegegerechte-tische\\\/\"},{\"@type\":\"ListItem\",\"position\":4,\"name\":\"Alpino\"}]},{\"@type\":\"WebSite\",\"@id\":\"https:\\\/\\\/objektmobiliar.ch\\\/#website\",\"url\":\"https:\\\/\\\/objektmobiliar.ch\\\/\",\"name\":\"OZG HEALTHCARE\",\"description\":\"Objektmobiliar f\u00fcr Pflege, B\u00fcro, Praxis &amp; Hotellerie\",\"potentialAction\":[{\"@type\":\"SearchAction\",\"target\":{\"@type\":\"EntryPoint\",\"urlTemplate\":\"https:\\\/\\\/objektmobiliar.ch\\\/?s={search_term_string}\"},\"query-input\":{\"@type\":\"PropertyValueSpecification\",\"valueRequired\":true,\"valueName\":\"search_term_string\"}}],\"inLanguage\":\"fr-FR\"}]}<\/script>\n<!-- \/ Yoast SEO plugin. -->","yoast_head_json":{"title":"Table pour les maisons de soins \u00e0 OZG","description":"Avec son design attrayant, la table pour maisons de soins apporte une touche alpine dans les \u00e9tablissements de soins.","robots":{"index":"index","follow":"follow","max-snippet":"max-snippet:-1","max-image-preview":"max-image-preview:large","max-video-preview":"max-video-preview:-1"},"canonical":"https:\/\/objektmobiliar.ch\/fr\/meubles\/tables-adaptees-aux-soins\/table-pour-maisons-de-soins\/","og_locale":"fr_FR","og_type":"article","og_title":"Tisch f\u00fcr Pflegeheime bei OZG","og_description":"Der Tisch f\u00fcr Pflegeheime bringt mit seinem ansprechenden Design alpines Flair in die Pflegeeinrichtungen.","og_url":"https:\/\/objektmobiliar.ch\/fr\/meubles\/tables-adaptees-aux-soins\/table-pour-maisons-de-soins\/","og_site_name":"OZG HEALTHCARE","article_modified_time":"2024-10-03T12:35:17+00:00","og_image":[{"width":1000,"height":1000,"url":"https:\/\/objektmobiliar.ch\/wp-content\/uploads\/2023\/10\/alpino-tisch.jpg","type":"image\/jpeg"}],"twitter_card":"summary_large_image","twitter_misc":{"Dur\u00e9e de lecture estim\u00e9e":"4 minutes"},"schema":{"@context":"https:\/\/schema.org","@graph":[{"@type":"WebPage","@id":"https:\/\/objektmobiliar.ch\/moebel\/pflegegerechte-tische\/tisch-fuer-pflegeheime\/","url":"https:\/\/objektmobiliar.ch\/moebel\/pflegegerechte-tische\/tisch-fuer-pflegeheime\/","name":"Table pour les maisons de soins \u00e0 OZG","isPartOf":{"@id":"https:\/\/objektmobiliar.ch\/#website"},"primaryImageOfPage":{"@id":"https:\/\/objektmobiliar.ch\/moebel\/pflegegerechte-tische\/tisch-fuer-pflegeheime\/#primaryimage"},"image":{"@id":"https:\/\/objektmobiliar.ch\/moebel\/pflegegerechte-tische\/tisch-fuer-pflegeheime\/#primaryimage"},"thumbnailUrl":"https:\/\/objektmobiliar.ch\/wp-content\/uploads\/2023\/10\/alpino-tisch.jpg","datePublished":"2023-10-16T20:30:08+00:00","dateModified":"2024-10-03T12:35:17+00:00","description":"Avec son design attrayant, la table pour maisons de soins apporte une touche alpine dans les \u00e9tablissements de soins.","breadcrumb":{"@id":"https:\/\/objektmobiliar.ch\/moebel\/pflegegerechte-tische\/tisch-fuer-pflegeheime\/#breadcrumb"},"inLanguage":"fr-FR","potentialAction":[{"@type":"ReadAction","target":["https:\/\/objektmobiliar.ch\/moebel\/pflegegerechte-tische\/tisch-fuer-pflegeheime\/"]}]},{"@type":"ImageObject","inLanguage":"fr-FR","@id":"https:\/\/objektmobiliar.ch\/moebel\/pflegegerechte-tische\/tisch-fuer-pflegeheime\/#primaryimage","url":"https:\/\/objektmobiliar.ch\/wp-content\/uploads\/2023\/10\/alpino-tisch.jpg","contentUrl":"https:\/\/objektmobiliar.ch\/wp-content\/uploads\/2023\/10\/alpino-tisch.jpg","width":1000,"height":1000,"caption":"Tisch f\u00fcr Pflegeheime"},{"@type":"BreadcrumbList","@id":"https:\/\/objektmobiliar.ch\/moebel\/pflegegerechte-tische\/tisch-fuer-pflegeheime\/#breadcrumb","itemListElement":[{"@type":"ListItem","position":1,"name":"Startseite","item":"https:\/\/objektmobiliar.ch\/"},{"@type":"ListItem","position":2,"name":"M\u00f6bel","item":"https:\/\/objektmobiliar.ch\/moebel\/"},{"@type":"ListItem","position":3,"name":"Tische","item":"https:\/\/objektmobiliar.ch\/moebel\/pflegegerechte-tische\/"},{"@type":"ListItem","position":4,"name":"Alpino"}]},{"@type":"WebSite","@id":"https:\/\/objektmobiliar.ch\/#website","url":"https:\/\/objektmobiliar.ch\/","name":"OZG HEALTHCARE","description":"Mobilier de collectivit\u00e9 pour les soins, les bureaux, les cabinets m\u00e9dicaux et l'h\u00f4tellerie","potentialAction":[{"@type":"SearchAction","target":{"@type":"EntryPoint","urlTemplate":"https:\/\/objektmobiliar.ch\/?s={search_term_string}"},"query-input":{"@type":"PropertyValueSpecification","valueRequired":true,"valueName":"search_term_string"}}],"inLanguage":"fr-FR"}]}},"coauthors":[],"author_meta":{"author_link":"https:\/\/objektmobiliar.ch\/fr\/author\/alex\/","display_name":"Alex"},"relative_dates":{"created":"Publi\u00e9 3 ans il y a","modified":"Mis \u00e0 jour 2 ans il y a"},"absolute_dates":{"created":"Publi\u00e9 le octobre 16, 2023","modified":"Mise \u00e0 jour le octobre 3, 2024"},"absolute_dates_time":{"created":"Publi\u00e9 le octobre 16, 2023 8:30 pm","modified":"Mise \u00e0 jour le octobre 3, 2024 12:35 pm"},"featured_img_caption":"","featured_img":"https:\/\/objektmobiliar.ch\/wp-content\/uploads\/2023\/10\/alpino-tisch-825x510.jpg","series_order":"","_links":{"self":[{"href":"https:\/\/objektmobiliar.ch\/fr\/wp-json\/wp\/v2\/pages\/653","targetHints":{"allow":["GET"]}}],"collection":[{"href":"https:\/\/objektmobiliar.ch\/fr\/wp-json\/wp\/v2\/pages"}],"about":[{"href":"https:\/\/objektmobiliar.ch\/fr\/wp-json\/wp\/v2\/types\/page"}],"author":[{"embeddable":true,"href":"https:\/\/objektmobiliar.ch\/fr\/wp-json\/wp\/v2\/users\/2"}],"replies":[{"embeddable":true,"href":"https:\/\/objektmobiliar.ch\/fr\/wp-json\/wp\/v2\/comments?post=653"}],"version-history":[{"count":24,"href":"https:\/\/objektmobiliar.ch\/fr\/wp-json\/wp\/v2\/pages\/653\/revisions"}],"predecessor-version":[{"id":4746,"href":"https:\/\/objektmobiliar.ch\/fr\/wp-json\/wp\/v2\/pages\/653\/revisions\/4746"}],"up":[{"embeddable":true,"href":"https:\/\/objektmobiliar.ch\/fr\/wp-json\/wp\/v2\/pages\/640"}],"wp:featuredmedia":[{"embeddable":true,"href":"https:\/\/objektmobiliar.ch\/fr\/wp-json\/wp\/v2\/media\/654"}],"wp:attachment":[{"href":"https:\/\/objektmobiliar.ch\/fr\/wp-json\/wp\/v2\/media?parent=653"}],"curies":[{"name":"wp","href":"https:\/\/api.w.org\/{rel}","templated":true}]}}