{"id":642,"date":"2023-10-16T19:03:14","date_gmt":"2023-10-16T19:03:14","guid":{"rendered":"https:\/\/dev.objektmobiliar.ch\/?page_id=642"},"modified":"2024-11-12T16:25:39","modified_gmt":"2024-11-12T16:25:39","slug":"tables-mali-au-design-intemporel","status":"publish","type":"page","link":"https:\/\/objektmobiliar.ch\/fr\/moebel\/pflegegerechte-tische\/mali-tische-in-zeitlosem-design\/","title":{"rendered":"Mali"},"content":{"rendered":"<div class=\"lazyblock-produkt-detail-ozg-Z2bgtkG wp-block-lazyblock-produkt-detail-ozg\"><section class=\"sct\">\r\n      <div class=\"cnt\">\r\n        <div class=\"elmnt-product-desc\">\r\n          <div class=\"product-desc-box\"><img decoding=\"async\" src=\"https:\/\/objektmobiliar.ch\/wp-content\/uploads\/2023\/10\/mali-tisch.jpg\" loading=\"lazy\" alt=\"\" class=\"product-desc-img\"><\/div>\r\n          <div class=\"product-desc-txt\">\r\n            <h1 class=\"txt-product-headline\">Tisch Mali<\/h1>\r\n            <h2 class=\"txt-product-subline\">Mali Tische in zeitlosem Design<\/h2>\r\n            <div class=\"w-richtext\">\r\n              <p>Zeitlos und ansprechend pr\u00e4sentieren sich die Tische der Serie MALI. Mit der klaren Formensprache f\u00fcgen sich die Tische der Serie MALI harmonisch und klar in moderne, wie auch klassische Ambiente ein. Die MALI Serie zeichnet sich, wie all unsere M\u00f6bel, durch hervorragende Materialen und lange Best\u00e4ndigkeit aus. Optionen: Gr\u00f6sse, H\u00f6he, Tischf\u00fcsse Form\/Material, Tischplatte Dicke\/Material, Tischkante Form, Gleiter.<\/p>\r\n            <\/div>\r\n            <a onclick=\"splite_loader();\" class=\"btn\">Produkt anfragen<\/a>\r\n          <\/div>\r\n        <\/div>\r\n      <\/div>\r\n    <\/section><\/div>\n\n<div class=\"lazyblock-produkt-slider-ozg-2k4hm3 wp-block-lazyblock-produkt-slider-ozg\"><section class=\"sct\">\r\n  <div class=\"cnt semi\">\r\n    <div class=\"intro-txt\">\r\n        <h2>Modelle und Ausf\u00fchrungen<\/h2>\r\n    <\/div>\r\n    \r\n    <div class=\"elmnt-similar-products\">\r\n      <div class=\"similar-product\"><img decoding=\"async\" src=\"https:\/\/objektmobiliar.ch\/wp-content\/uploads\/2023\/10\/mali-tisch-02.jpg\" loading=\"eager\" alt=\"Tisch Mali\" class=\"similar-product-img\">\r\n        <div class=\"center\">\r\n          <div class=\"w-richtext\">\r\n            <p><\/p>\r\n          <\/div>\r\n          \r\n        <\/div>\r\n      <\/div>\r\n      <div class=\"similar-product\"><img decoding=\"async\" src=\"https:\/\/objektmobiliar.ch\/wp-content\/uploads\/2023\/10\/mali-tisch-03.jpg\" loading=\"eager\" alt=\"Tisch Mali\" class=\"similar-product-img\">\r\n        <div class=\"center\">\r\n          <div class=\"w-richtext\">\r\n            <p><\/p>\r\n          <\/div>\r\n          \r\n        <\/div>\r\n      <\/div>\r\n    <\/div>\r\n  <\/div>\r\n  \r\n  <div class=\"cnt narrow\">\r\n    <div class=\"similar-products-nav-pos\">\r\n      <div class=\"w-embed\">\r\n        \r\n      <\/div>\r\n    <\/div>\r\n  <\/div>\r\n<\/section><\/div>\n\n<div class=\"lazyblock-bildergalerie-lightbox-ozg-Z1JbaT4 wp-block-lazyblock-bildergalerie-lightbox-ozg\"><section class=\"sct\">\r\n  <div class=\"cnt narrow\">\r\n    <div class=\"introtxt\">\r\n    <div class=\"w-richtext\">\r\n        \r\n    <\/div>\r\n    <\/div>\r\n  \r\n    <div class=\"elmnt-imggallery\">\r\n      <a href=\"#\" class=\"imggallery-link w-inline-block w-lightbox\">\r\n        <img decoding=\"async\" src=\"https:\/\/objektmobiliar.ch\/wp-content\/uploads\/2023\/10\/ozg_arbon_0234.jpg\" loading=\"lazy\" alt=\"Tisch Mali\" class=\"imggallery-img\">\r\n        <script type=\"application\/json\" class=\"w-json\">\r\n            {\r\n              \"items\": [{\r\n\r\n                \"url\": \"https:\/\/objektmobiliar.ch\/wp-content\/uploads\/2023\/10\/ozg_arbon_0234.jpg\",\r\n                \"caption\": \"\",\r\n                \"type\": \"image\"\r\n              }],\r\n              \"group\": \"mali-tisch\"\r\n            }\r\n          <\/script>\r\n      <\/a>\r\n      <a href=\"#\" class=\"imggallery-link w-inline-block w-lightbox\">\r\n        <img decoding=\"async\" src=\"https:\/\/objektmobiliar.ch\/wp-content\/uploads\/2023\/10\/ozg_arbon_0127.jpg\" loading=\"lazy\" alt=\"Tisch Mali\" class=\"imggallery-img\">\r\n        <script type=\"application\/json\" class=\"w-json\">\r\n            {\r\n              \"items\": [{\r\n\r\n                \"url\": \"https:\/\/objektmobiliar.ch\/wp-content\/uploads\/2023\/10\/ozg_arbon_0127.jpg\",\r\n                \"caption\": \"\",\r\n                \"type\": \"image\"\r\n              }],\r\n              \"group\": \"mali-tisch\"\r\n            }\r\n          <\/script>\r\n      <\/a>\r\n      <a href=\"#\" class=\"imggallery-link w-inline-block w-lightbox\">\r\n        <img decoding=\"async\" src=\"https:\/\/objektmobiliar.ch\/wp-content\/uploads\/2023\/10\/mali-tisch-detail.jpg\" loading=\"lazy\" alt=\"Tisch Mali Detail\" class=\"imggallery-img\">\r\n        <script type=\"application\/json\" class=\"w-json\">\r\n            {\r\n              \"items\": [{\r\n\r\n                \"url\": \"https:\/\/objektmobiliar.ch\/wp-content\/uploads\/2023\/10\/mali-tisch-detail.jpg\",\r\n                \"caption\": \"\",\r\n                \"type\": \"image\"\r\n              }],\r\n              \"group\": \"mali-tisch\"\r\n            }\r\n          <\/script>\r\n      <\/a>\r\n    <\/div>\r\n    \r\n  <\/div>\r\n<\/section><\/div>\n\n\n<div class=\"wp-block-group\"><div class=\"wp-block-group__inner-container is-layout-constrained wp-block-group-is-layout-constrained\"><section class=\"sct\">\r\n      <div class=\"cnt narrow\">\r\n        <div class=\"introtxt\">\r\n        <div class=\"w-richtext\">\r\n            <h2>Produktbeschreibung<\/h2>\r\n        <\/div>\r\n        <\/div>\r\n        \r\n          \n\n\n<figure class=\"wp-block-table is-style-regular\"><table><thead><tr><th>Art. Nr.<\/th><th>Beschreibung<\/th><\/tr><\/thead><tbody><tr><td>211-1304\/S<\/td><td>Tisch Mali, 80&#215;80 cm<\/td><\/tr><tr><td>211-1308\/S<\/td><td>Tisch Mali, 90&#215;90 cm<\/td><\/tr><tr><td>211-1337\/S<\/td><td>Tisch Mali, 120&#215;80 cm<\/td><\/tr><tr><td>211-1320\/S<\/td><td>Tisch Mali, 140&#215;80 cm<\/td><\/tr><tr><td>211-1324\/S<\/td><td>Tisch Mali, 160&#215;80 cm<\/td><\/tr><tr><td>211-1332\/S<\/td><td>Tisch Mali, 180&#215;90 cm<\/td><\/tr><\/tbody><\/table><\/figure>\n\n\n<\/div><\/section><\/div><\/div>\n\n\n<div class=\"lazyblock-text-modul-ozg-Zi4Vu8 wp-block-lazyblock-text-modul-ozg\"><section class=\"sct\">\r\n      <div class=\"cnt narrow\">\r\n        <div class=\"w-richtext\">\r\n            <h3>Mali Tische in zeitlosem Design f\u00fcr Pflegeeinrichtungen<\/h3>\n<p>Mali Tische in zeitlosem Design sind die perfekte Wahl f\u00fcr Pflegeeinrichtungen und Seniorenheime, in denen sowohl Funktionalit\u00e4t als auch \u00c4sthetik eine zentrale Rolle spielen. Dank ihres zeitlosen Designs und der klaren Formensprache f\u00fcgen sich die MALI-Tische harmonisch in jede Umgebung ein \u2013 sei es in einem modernen oder klassischen Ambiente. Ihre Vielseitigkeit erm\u00f6glicht es, sie in Gemeinschaftsr\u00e4umen, Speises\u00e4len oder Aufenthaltsbereichen einzusetzen, wo sie durch ihre Stabilit\u00e4t und ansprechende Optik \u00fcberzeugen.<\/p>\n<h3>Flexible L\u00f6sungen f\u00fcr Pflegeeinrichtungen<\/h3>\n<p>Die Mali Tische in zeitlosem Design bieten eine breite Palette an Anpassungsm\u00f6glichkeiten, die den spezifischen Anforderungen in Pflegeeinrichtungen gerecht werden. Die Tische sind in verschiedenen Gr\u00f6ssen erh\u00e4ltlich, wodurch sie flexibel f\u00fcr unterschiedliche Raumgr\u00f6ssen und Nutzungszwecke einsetzbar sind. Dar\u00fcber hinaus k\u00f6nnen H\u00f6he, Form und Material der Tischf\u00fcsse, die Dicke und das Material der Tischplatte sowie die Form der Tischkante und der Tischf\u00fcsse individuell gew\u00e4hlt werden.<\/p>\n<h3>Robuste Qualit\u00e4t f\u00fcr Pflegeeinrichtungen<\/h3>\n<p>Die MALI-Tische \u00fcberzeugen durch hochwertige Materialien, die Langlebigkeit und Best\u00e4ndigkeit garantieren \u2013 besonders in Pflegeeinrichtungen, wo M\u00f6bel stark beansprucht werden. Gleiter an den Tischbeinen erleichtern die Handhabung und sch\u00fctzen die Bodenbel\u00e4ge. Mit der MALI-Serie investieren Sie in Tische, die sowohl funktional als auch f\u00f6rderlich f\u00fcr das Wohlbefinden der Bewohner und das Erscheinungsbild Ihrer Einrichtung sind. W\u00e4hlen Sie aus einer Vielzahl an <a href=\"https:\/\/objektmobiliar.ch\/inspiration\/materialien-und-farben\/\">Materialien und Farben<\/a>, die perfekt zu Ihrer Einrichtung passen.<\/p>\r\n        <\/div>\r\n      <\/div>\r\n    <\/section><\/div><style class=\"advgb-styles-renderer\">\r\n            .similar-products-nav li {\r\n              overflow: hidden;\r\n              margin: 0px !important;\r\n              flex-grow: 0 !important;\r\n              flex-shrink: 1 !important;\r\n              flex-basis: 12.5% !important;\r\n              border-style: solid;\r\n              border-width: 2px;\r\n              border-color: transparent;\r\n              border-radius: 8px;\r\n              transition-property: border-color;\r\n              transition-duration: 600ms;\r\n              transition-timing-function: ease;\r\n              cursor: pointer;\r\n            }\r\n            .similar-products-nav li.slick-active {\r\n              border-color: #dde7ef;\r\n            }\r\n            @media screen and (max-width:767px) {\r\n              .similar-products-nav li {\r\n                flex-basis: auto !important;\r\n                border-radius: 8px;\r\n                padding-top: 8px;\r\n                padding-right: 16px;\r\n                padding-bottom: 6px;\r\n                padding-left: 16px;\r\n              }\r\n              .similar-products-nav li.slick-active {\r\n                background-color: #dde7ef;\r\n                transition-property: background-color, border-color;\r\n                transition-duration: 600ms, 200ms;\r\n                transition-timing-function: ease, ease;\r\n                color: #426b8a;\r\n              }\r\n            }\r\n          <\/style>","protected":false},"excerpt":{"rendered":"<p>Zeitlos und ansprechend pr\u00e4sentieren sich die Tische der Serie MALI. Mit der klaren Formensprache f\u00fcgen sich die Tische der Serie MALI harmonisch und klar in moderne, wie auch klassische Ambiente ein.<\/p>","protected":false},"author":2,"featured_media":647,"parent":640,"menu_order":0,"comment_status":"closed","ping_status":"closed","template":"","meta":{"advgb_blocks_editor_width":"","advgb_blocks_columns_visual_guide":"","footnotes":""},"class_list":["post-642","page","type-page","status-publish","has-post-thumbnail","hentry"],"yoast_head":"<!-- This site is optimized with the Yoast SEO plugin v27.4 - https:\/\/yoast.com\/product\/yoast-seo-wordpress\/ -->\n<title>Mali Tische in zeitlosem Design bei OZG<\/title>\n<meta name=\"description\" content=\"Mali Tische in zeitlosem Design sind die perfekte Wahl f\u00fcr Pflegeeinrichtungen, in denen Funktionalit\u00e4t und \u00c4sthetik eine Rolle spielen.\" \/>\n<meta name=\"robots\" content=\"index, follow, max-snippet:-1, max-image-preview:large, max-video-preview:-1\" \/>\n<link rel=\"canonical\" href=\"https:\/\/objektmobiliar.ch\/fr\/meubles\/tables-adaptees-aux-soins\/tables-mali-au-design-intemporel\/\" \/>\n<meta property=\"og:locale\" content=\"fr_FR\" \/>\n<meta property=\"og:type\" content=\"article\" \/>\n<meta property=\"og:title\" content=\"Mali Tische in zeitlosem Design bei OZG\" \/>\n<meta property=\"og:description\" content=\"Mali Tische in zeitlosem Design sind die perfekte Wahl f\u00fcr Pflegeeinrichtungen, in denen Funktionalit\u00e4t und \u00c4sthetik eine Rolle spielen.\" \/>\n<meta property=\"og:url\" content=\"https:\/\/objektmobiliar.ch\/fr\/meubles\/tables-adaptees-aux-soins\/tables-mali-au-design-intemporel\/\" \/>\n<meta property=\"og:site_name\" content=\"OZG HEALTHCARE\" \/>\n<meta property=\"article:modified_time\" content=\"2024-11-12T16:25:39+00:00\" \/>\n<meta property=\"og:image\" content=\"https:\/\/objektmobiliar.ch\/wp-content\/uploads\/2023\/10\/mali-tisch.jpg\" \/>\n\t<meta property=\"og:image:width\" content=\"1000\" \/>\n\t<meta property=\"og:image:height\" content=\"1000\" \/>\n\t<meta property=\"og:image:type\" content=\"image\/jpeg\" \/>\n<meta name=\"twitter:card\" content=\"summary_large_image\" \/>\n<meta name=\"twitter:label1\" content=\"Dur\u00e9e de lecture estim\u00e9e\" \/>\n\t<meta name=\"twitter:data1\" content=\"4 minutes\" \/>\n<script type=\"application\/ld+json\" class=\"yoast-schema-graph\">{\"@context\":\"https:\\\/\\\/schema.org\",\"@graph\":[{\"@type\":\"WebPage\",\"@id\":\"https:\\\/\\\/objektmobiliar.ch\\\/moebel\\\/pflegegerechte-tische\\\/mali-tische-in-zeitlosem-design\\\/\",\"url\":\"https:\\\/\\\/objektmobiliar.ch\\\/moebel\\\/pflegegerechte-tische\\\/mali-tische-in-zeitlosem-design\\\/\",\"name\":\"Mali Tische in zeitlosem Design bei OZG\",\"isPartOf\":{\"@id\":\"https:\\\/\\\/objektmobiliar.ch\\\/#website\"},\"primaryImageOfPage\":{\"@id\":\"https:\\\/\\\/objektmobiliar.ch\\\/moebel\\\/pflegegerechte-tische\\\/mali-tische-in-zeitlosem-design\\\/#primaryimage\"},\"image\":{\"@id\":\"https:\\\/\\\/objektmobiliar.ch\\\/moebel\\\/pflegegerechte-tische\\\/mali-tische-in-zeitlosem-design\\\/#primaryimage\"},\"thumbnailUrl\":\"https:\\\/\\\/objektmobiliar.ch\\\/wp-content\\\/uploads\\\/2023\\\/10\\\/mali-tisch.jpg\",\"datePublished\":\"2023-10-16T19:03:14+00:00\",\"dateModified\":\"2024-11-12T16:25:39+00:00\",\"description\":\"Mali Tische in zeitlosem Design sind die perfekte Wahl f\u00fcr Pflegeeinrichtungen, in denen Funktionalit\u00e4t und \u00c4sthetik eine Rolle spielen.\",\"breadcrumb\":{\"@id\":\"https:\\\/\\\/objektmobiliar.ch\\\/moebel\\\/pflegegerechte-tische\\\/mali-tische-in-zeitlosem-design\\\/#breadcrumb\"},\"inLanguage\":\"fr-FR\",\"potentialAction\":[{\"@type\":\"ReadAction\",\"target\":[\"https:\\\/\\\/objektmobiliar.ch\\\/moebel\\\/pflegegerechte-tische\\\/mali-tische-in-zeitlosem-design\\\/\"]}]},{\"@type\":\"ImageObject\",\"inLanguage\":\"fr-FR\",\"@id\":\"https:\\\/\\\/objektmobiliar.ch\\\/moebel\\\/pflegegerechte-tische\\\/mali-tische-in-zeitlosem-design\\\/#primaryimage\",\"url\":\"https:\\\/\\\/objektmobiliar.ch\\\/wp-content\\\/uploads\\\/2023\\\/10\\\/mali-tisch.jpg\",\"contentUrl\":\"https:\\\/\\\/objektmobiliar.ch\\\/wp-content\\\/uploads\\\/2023\\\/10\\\/mali-tisch.jpg\",\"width\":1000,\"height\":1000,\"caption\":\"Mali Tische in zeitlosem Design\"},{\"@type\":\"BreadcrumbList\",\"@id\":\"https:\\\/\\\/objektmobiliar.ch\\\/moebel\\\/pflegegerechte-tische\\\/mali-tische-in-zeitlosem-design\\\/#breadcrumb\",\"itemListElement\":[{\"@type\":\"ListItem\",\"position\":1,\"name\":\"Startseite\",\"item\":\"https:\\\/\\\/objektmobiliar.ch\\\/\"},{\"@type\":\"ListItem\",\"position\":2,\"name\":\"M\u00f6bel\",\"item\":\"https:\\\/\\\/objektmobiliar.ch\\\/moebel\\\/\"},{\"@type\":\"ListItem\",\"position\":3,\"name\":\"Tische\",\"item\":\"https:\\\/\\\/objektmobiliar.ch\\\/moebel\\\/pflegegerechte-tische\\\/\"},{\"@type\":\"ListItem\",\"position\":4,\"name\":\"Mali\"}]},{\"@type\":\"WebSite\",\"@id\":\"https:\\\/\\\/objektmobiliar.ch\\\/#website\",\"url\":\"https:\\\/\\\/objektmobiliar.ch\\\/\",\"name\":\"OZG HEALTHCARE\",\"description\":\"Objektmobiliar f\u00fcr Pflege, B\u00fcro, Praxis &amp; Hotellerie\",\"potentialAction\":[{\"@type\":\"SearchAction\",\"target\":{\"@type\":\"EntryPoint\",\"urlTemplate\":\"https:\\\/\\\/objektmobiliar.ch\\\/?s={search_term_string}\"},\"query-input\":{\"@type\":\"PropertyValueSpecification\",\"valueRequired\":true,\"valueName\":\"search_term_string\"}}],\"inLanguage\":\"fr-FR\"}]}<\/script>\n<!-- \/ Yoast SEO plugin. -->","yoast_head_json":{"title":"Mali Tables au design intemporel chez OZG","description":"Les tables Mali au design intemporel sont le choix parfait pour les \u00e9tablissements de soins o\u00f9 la fonctionnalit\u00e9 et l'esth\u00e9tique jouent un r\u00f4le.","robots":{"index":"index","follow":"follow","max-snippet":"max-snippet:-1","max-image-preview":"max-image-preview:large","max-video-preview":"max-video-preview:-1"},"canonical":"https:\/\/objektmobiliar.ch\/fr\/meubles\/tables-adaptees-aux-soins\/tables-mali-au-design-intemporel\/","og_locale":"fr_FR","og_type":"article","og_title":"Mali Tische in zeitlosem Design bei OZG","og_description":"Mali Tische in zeitlosem Design sind die perfekte Wahl f\u00fcr Pflegeeinrichtungen, in denen Funktionalit\u00e4t und \u00c4sthetik eine Rolle spielen.","og_url":"https:\/\/objektmobiliar.ch\/fr\/meubles\/tables-adaptees-aux-soins\/tables-mali-au-design-intemporel\/","og_site_name":"OZG HEALTHCARE","article_modified_time":"2024-11-12T16:25:39+00:00","og_image":[{"width":1000,"height":1000,"url":"https:\/\/objektmobiliar.ch\/wp-content\/uploads\/2023\/10\/mali-tisch.jpg","type":"image\/jpeg"}],"twitter_card":"summary_large_image","twitter_misc":{"Dur\u00e9e de lecture estim\u00e9e":"4 minutes"},"schema":{"@context":"https:\/\/schema.org","@graph":[{"@type":"WebPage","@id":"https:\/\/objektmobiliar.ch\/moebel\/pflegegerechte-tische\/mali-tische-in-zeitlosem-design\/","url":"https:\/\/objektmobiliar.ch\/moebel\/pflegegerechte-tische\/mali-tische-in-zeitlosem-design\/","name":"Mali Tables au design intemporel chez OZG","isPartOf":{"@id":"https:\/\/objektmobiliar.ch\/#website"},"primaryImageOfPage":{"@id":"https:\/\/objektmobiliar.ch\/moebel\/pflegegerechte-tische\/mali-tische-in-zeitlosem-design\/#primaryimage"},"image":{"@id":"https:\/\/objektmobiliar.ch\/moebel\/pflegegerechte-tische\/mali-tische-in-zeitlosem-design\/#primaryimage"},"thumbnailUrl":"https:\/\/objektmobiliar.ch\/wp-content\/uploads\/2023\/10\/mali-tisch.jpg","datePublished":"2023-10-16T19:03:14+00:00","dateModified":"2024-11-12T16:25:39+00:00","description":"Les tables Mali au design intemporel sont le choix parfait pour les \u00e9tablissements de soins o\u00f9 la fonctionnalit\u00e9 et l'esth\u00e9tique jouent un r\u00f4le.","breadcrumb":{"@id":"https:\/\/objektmobiliar.ch\/moebel\/pflegegerechte-tische\/mali-tische-in-zeitlosem-design\/#breadcrumb"},"inLanguage":"fr-FR","potentialAction":[{"@type":"ReadAction","target":["https:\/\/objektmobiliar.ch\/moebel\/pflegegerechte-tische\/mali-tische-in-zeitlosem-design\/"]}]},{"@type":"ImageObject","inLanguage":"fr-FR","@id":"https:\/\/objektmobiliar.ch\/moebel\/pflegegerechte-tische\/mali-tische-in-zeitlosem-design\/#primaryimage","url":"https:\/\/objektmobiliar.ch\/wp-content\/uploads\/2023\/10\/mali-tisch.jpg","contentUrl":"https:\/\/objektmobiliar.ch\/wp-content\/uploads\/2023\/10\/mali-tisch.jpg","width":1000,"height":1000,"caption":"Mali Tische in zeitlosem Design"},{"@type":"BreadcrumbList","@id":"https:\/\/objektmobiliar.ch\/moebel\/pflegegerechte-tische\/mali-tische-in-zeitlosem-design\/#breadcrumb","itemListElement":[{"@type":"ListItem","position":1,"name":"Startseite","item":"https:\/\/objektmobiliar.ch\/"},{"@type":"ListItem","position":2,"name":"M\u00f6bel","item":"https:\/\/objektmobiliar.ch\/moebel\/"},{"@type":"ListItem","position":3,"name":"Tische","item":"https:\/\/objektmobiliar.ch\/moebel\/pflegegerechte-tische\/"},{"@type":"ListItem","position":4,"name":"Mali"}]},{"@type":"WebSite","@id":"https:\/\/objektmobiliar.ch\/#website","url":"https:\/\/objektmobiliar.ch\/","name":"OZG HEALTHCARE","description":"Mobilier de collectivit\u00e9 pour les soins, les bureaux, les cabinets m\u00e9dicaux et l'h\u00f4tellerie","potentialAction":[{"@type":"SearchAction","target":{"@type":"EntryPoint","urlTemplate":"https:\/\/objektmobiliar.ch\/?s={search_term_string}"},"query-input":{"@type":"PropertyValueSpecification","valueRequired":true,"valueName":"search_term_string"}}],"inLanguage":"fr-FR"}]}},"coauthors":[],"author_meta":{"author_link":"https:\/\/objektmobiliar.ch\/fr\/author\/alex\/","display_name":"Alex"},"relative_dates":{"created":"Publi\u00e9 3 ans il y a","modified":"Mis \u00e0 jour 1 an il y a"},"absolute_dates":{"created":"Publi\u00e9 le octobre 16, 2023","modified":"Mise \u00e0 jour le novembre 12, 2024"},"absolute_dates_time":{"created":"Publi\u00e9 le octobre 16, 2023 7:03 pm","modified":"Mise \u00e0 jour le novembre 12, 2024 4:25 pm"},"featured_img_caption":"","featured_img":"https:\/\/objektmobiliar.ch\/wp-content\/uploads\/2023\/10\/mali-tisch-825x510.jpg","series_order":"","_links":{"self":[{"href":"https:\/\/objektmobiliar.ch\/fr\/wp-json\/wp\/v2\/pages\/642","targetHints":{"allow":["GET"]}}],"collection":[{"href":"https:\/\/objektmobiliar.ch\/fr\/wp-json\/wp\/v2\/pages"}],"about":[{"href":"https:\/\/objektmobiliar.ch\/fr\/wp-json\/wp\/v2\/types\/page"}],"author":[{"embeddable":true,"href":"https:\/\/objektmobiliar.ch\/fr\/wp-json\/wp\/v2\/users\/2"}],"replies":[{"embeddable":true,"href":"https:\/\/objektmobiliar.ch\/fr\/wp-json\/wp\/v2\/comments?post=642"}],"version-history":[{"count":9,"href":"https:\/\/objektmobiliar.ch\/fr\/wp-json\/wp\/v2\/pages\/642\/revisions"}],"predecessor-version":[{"id":4826,"href":"https:\/\/objektmobiliar.ch\/fr\/wp-json\/wp\/v2\/pages\/642\/revisions\/4826"}],"up":[{"embeddable":true,"href":"https:\/\/objektmobiliar.ch\/fr\/wp-json\/wp\/v2\/pages\/640"}],"wp:featuredmedia":[{"embeddable":true,"href":"https:\/\/objektmobiliar.ch\/fr\/wp-json\/wp\/v2\/media\/647"}],"wp:attachment":[{"href":"https:\/\/objektmobiliar.ch\/fr\/wp-json\/wp\/v2\/media?parent=642"}],"curies":[{"name":"wp","href":"https:\/\/api.w.org\/{rel}","templated":true}]}}