{"id":640,"date":"2023-10-16T19:02:50","date_gmt":"2023-10-16T19:02:50","guid":{"rendered":"https:\/\/dev.objektmobiliar.ch\/?page_id=640"},"modified":"2026-04-17T08:54:04","modified_gmt":"2026-04-17T08:54:04","slug":"tables-adaptees-aux-soins","status":"publish","type":"page","link":"https:\/\/objektmobiliar.ch\/fr\/moebel\/pflegegerechte-tische\/","title":{"rendered":"Tables"},"content":{"rendered":"<div class=\"lazyblock-bildslider-fullsize-ozg-ZhmMer wp-block-lazyblock-bildslider-fullsize-ozg\"><section class=\"sct nopadding\">\r\n      <div data-delay=\"9000\" data-animation=\"fade\" class=\"elmnt-homeslider w-slider\" data-autoplay=\"true\" data-easing=\"linear\" data-hide-arrows=\"false\" data-disable-swipe=\"true\" data-autoplay-limit=\"0\" data-nav-spacing=\"3\" data-duration=\"2000\" data-infinite=\"true\">\r\n        \r\n      <div class=\"visual-homeslider\" ><\/div>\r\n        \r\n       <div class=\"w-slider-mask\">\r\n          <div class=\"homeslider-slide w-slide\">\r\n            <div class=\"homeslider-img\"><img decoding=\"async\" src=\"https:\/\/objektmobiliar.ch\/wp-content\/uploads\/2026\/03\/Pflegegerechte-Tische-von-OZG-Objektmobiliar.jpg\" loading=\"eager\" alt=\"Pflegegerechte-Tische-von-OZG-Objektmobiliar\"><\/div>\r\n          <\/div>\r\n          <div class=\"homeslider-slide w-slide\">\r\n            <div class=\"homeslider-img\"><img decoding=\"async\" src=\"https:\/\/objektmobiliar.ch\/wp-content\/uploads\/2023\/10\/tische-header-02.jpg\" loading=\"eager\" alt=\"\"><\/div>\r\n          <\/div>\r\n        <\/div>\r\n        <div class=\"hidden w-slider-arrow-left\">\r\n          <div class=\"w-icon-slider-left\"><\/div>\r\n        <\/div>\r\n        <div class=\"hidden w-slider-arrow-right\">\r\n          <div class=\"w-icon-slider-right\"><\/div>\r\n        <\/div>\r\n        <div class=\"hidden w-slider-nav\"><\/div>\r\n      <\/div>\r\n    <\/section><\/div>\n\n<div class=\"lazyblock-text-modul-ozg-ZsstN wp-block-lazyblock-text-modul-ozg\"><section class=\"sct\">\r\n      <div class=\"cnt narrow\">\r\n        <div class=\"w-richtext\">\r\n            <h1>Tables<\/h1>\n<p>Les tables de soins de notre gamme r\u00e9pondent parfaitement aux besoins des r\u00e9sidents des \u00e9tablissements de soins, des centres de soins pour personnes \u00e2g\u00e9es et des r\u00e9sidences pour personnes \u00e2g\u00e9es. Elles s\u00e9duisent par leur design haut de gamme, leurs caract\u00e9ristiques sp\u00e9cifiques et leur long\u00e9vit\u00e9. En outre, vous pouvez vous-m\u00eame adapter les types de mod\u00e8les, les mat\u00e9riaux et les teintes de bois \u00e0 votre concept d'am\u00e9nagement existant.<\/p>\r\n        <\/div>\r\n      <\/div>\r\n    <\/section><\/div>\n\n<div class=\"lazyblock-produkt-navigation-ozg-1uMS5h wp-block-lazyblock-produkt-navigation-ozg\"><section class=\"sct\">\r\n  <div class=\"cnt\">\r\n    <div class=\"w-richtext\">\r\n        \r\n    <\/div>\r\n    <div class=\"box-pageteaser prodnav\">\r\n      \r\n      <a href=\"https:\/\/objektmobiliar.ch\/fr\/meubles\/tables-adaptees-aux-soins\/tables-mali-au-design-intemporel\/\" class=\"elmnt-prodnav w-inline-block\">\r\n        <div class=\"prodnav-imgcnt\"><img decoding=\"async\" src=\"https:\/\/objektmobiliar.ch\/wp-content\/uploads\/2023\/10\/mali-tisch.jpg\" loading=\"lazy\" alt=\"Tables Mali au design intemporel\" class=\"pageteaser-img\"><\/div>\r\n        <div class=\"pagenav-type\">\r\n          <p class=\"txt-pagenav prodnav\">Table Mali<\/p>\r\n          <div class=\"btn prodnav\">D\u00e9couvrir l'assortiment<\/div>\r\n        <\/div>\r\n      <\/a>\r\n      <a href=\"https:\/\/objektmobiliar.ch\/fr\/meubles\/tables-adaptees-aux-soins\/table-pour-maisons-de-soins\/\" class=\"elmnt-prodnav w-inline-block\">\r\n        <div class=\"prodnav-imgcnt\"><img decoding=\"async\" src=\"https:\/\/objektmobiliar.ch\/wp-content\/uploads\/2023\/10\/alpino-tisch.jpg\" loading=\"lazy\" alt=\"Table pour les maisons de soins\" class=\"pageteaser-img\"><\/div>\r\n        <div class=\"pagenav-type\">\r\n          <p class=\"txt-pagenav prodnav\">Table Alpino<\/p>\r\n          <div class=\"btn prodnav\">D\u00e9couvrir l'assortiment<\/div>\r\n        <\/div>\r\n      <\/a>\r\n      <a href=\"https:\/\/objektmobiliar.ch\/fr\/meubles\/tables-adaptees-aux-soins\/table-a-foyers-moyens-pour-etablissements-de-soins\/\" class=\"elmnt-prodnav w-inline-block\">\r\n        <div class=\"prodnav-imgcnt\"><img decoding=\"async\" src=\"https:\/\/objektmobiliar.ch\/wp-content\/uploads\/2023\/10\/mara-mittelsaeulentisch.jpg\" loading=\"lazy\" alt=\"Table Mara\" class=\"pageteaser-img\"><\/div>\r\n        <div class=\"pagenav-type\">\r\n          <p class=\"txt-pagenav prodnav\">Table Mara\/Vani<\/p>\r\n          <div class=\"btn prodnav\">D\u00e9couvrir l'assortiment<\/div>\r\n        <\/div>\r\n      <\/a>\r\n      <a href=\"https:\/\/objektmobiliar.ch\/fr\/meubles\/tables-adaptees-aux-soins\/table-metallique-pour-etablissements-de-soins\/\" class=\"elmnt-prodnav w-inline-block\">\r\n        <div class=\"prodnav-imgcnt\"><img decoding=\"async\" src=\"https:\/\/objektmobiliar.ch\/wp-content\/uploads\/2023\/10\/alana-tisch.jpg\" loading=\"lazy\" alt=\"Table m\u00e9tallique pour les \u00e9tablissements de soins\" class=\"pageteaser-img\"><\/div>\r\n        <div class=\"pagenav-type\">\r\n          <p class=\"txt-pagenav prodnav\">Table Alana<\/p>\r\n          <div class=\"btn prodnav\">D\u00e9couvrir l'assortiment<\/div>\r\n        <\/div>\r\n      <\/a>\r\n      <a href=\"https:\/\/objektmobiliar.ch\/fr\/meubles\/tables-adaptees-aux-soins\/table-a-foyers-moyens-pour-maisons-de-soins\/\" class=\"elmnt-prodnav w-inline-block\">\r\n        <div class=\"prodnav-imgcnt\"><img decoding=\"async\" src=\"https:\/\/objektmobiliar.ch\/wp-content\/uploads\/2023\/10\/zonna-mittelsaeulentisch.jpg\" loading=\"lazy\" alt=\"Table \u00e0 colonne centrale Zonna\" class=\"pageteaser-img\"><\/div>\r\n        <div class=\"pagenav-type\">\r\n          <p class=\"txt-pagenav prodnav\">Table Zonna<\/p>\r\n          <div class=\"btn prodnav\">D\u00e9couvrir l'assortiment<\/div>\r\n        <\/div>\r\n      <\/a>\r\n      <a href=\"https:\/\/objektmobiliar.ch\/fr\/meubles\/tables-adaptees-aux-soins\/table-pliante-pour-etablissements-de-soins\/\" class=\"elmnt-prodnav w-inline-block\">\r\n        <div class=\"prodnav-imgcnt\"><img decoding=\"async\" src=\"https:\/\/objektmobiliar.ch\/wp-content\/uploads\/2023\/10\/eva-klapptisch.jpg\" loading=\"lazy\" alt=\"Table pliante pour les \u00e9tablissements de soins\" class=\"pageteaser-img\"><\/div>\r\n        <div class=\"pagenav-type\">\r\n          <p class=\"txt-pagenav prodnav\">Table pliante Eva<\/p>\r\n          <div class=\"btn prodnav\">D\u00e9couvrir l'assortiment<\/div>\r\n        <\/div>\r\n      <\/a>\r\n      <a href=\"https:\/\/objektmobiliar.ch\/fr\/meubles\/tables-adaptees-aux-soins\/la-table-pliante-pour-les-maisons-de-retraite\/\" class=\"elmnt-prodnav w-inline-block\">\r\n        <div class=\"prodnav-imgcnt\"><img decoding=\"async\" src=\"https:\/\/objektmobiliar.ch\/wp-content\/uploads\/2023\/10\/ida-klapptisch.jpg\" loading=\"lazy\" alt=\"La table pliante pour les maisons de retraite\" class=\"pageteaser-img\"><\/div>\r\n        <div class=\"pagenav-type\">\r\n          <p class=\"txt-pagenav prodnav\">Table pliante Ida<\/p>\r\n          <div class=\"btn prodnav\">D\u00e9couvrir l'assortiment<\/div>\r\n        <\/div>\r\n      <\/a>\r\n      <a href=\"https:\/\/objektmobiliar.ch\/fr\/meubles\/tables-adaptees-aux-soins\/table-pliante-sur-roulettes-pour-maisons-de-retraite\/\" class=\"elmnt-prodnav w-inline-block\">\r\n        <div class=\"prodnav-imgcnt\"><img decoding=\"async\" src=\"https:\/\/objektmobiliar.ch\/wp-content\/uploads\/2023\/10\/primus-klapptisch.jpg\" loading=\"lazy\" alt=\"Table pliante avec roulettes pour les maisons de soins\" class=\"pageteaser-img\"><\/div>\r\n        <div class=\"pagenav-type\">\r\n          <p class=\"txt-pagenav prodnav\">Table pliante Primus<\/p>\r\n          <div class=\"btn prodnav\">D\u00e9couvrir l'assortiment<\/div>\r\n        <\/div>\r\n      <\/a>\r\n      <a href=\"https:\/\/objektmobiliar.ch\/fr\/meubles\/tables-adaptees-aux-soins\/tables-basses-pour-maisons-de-retraite-2\/\" class=\"elmnt-prodnav w-inline-block\">\r\n        <div class=\"prodnav-imgcnt\"><img decoding=\"async\" src=\"https:\/\/objektmobiliar.ch\/wp-content\/uploads\/2026\/04\/Couchtisch-Tulipano-Buche-oder-Eiche-massiv.jpg\" loading=\"lazy\" alt=\"Couchtisch Tulipano Buche oder Eiche massiv\" class=\"pageteaser-img\"><\/div>\r\n        <div class=\"pagenav-type\">\r\n          <p class=\"txt-pagenav prodnav\">Tulipano Table basse<\/p>\r\n          <div class=\"btn prodnav\">D\u00e9couvrir l'assortiment<\/div>\r\n        <\/div>\r\n      <\/a>\r\n      <a href=\"https:\/\/objektmobiliar.ch\/fr\/meubles\/tables-adaptees-aux-soins\/tables-basses-pour-maisons-de-retraite\/\" class=\"elmnt-prodnav w-inline-block\">\r\n        <div class=\"prodnav-imgcnt\"><img decoding=\"async\" src=\"https:\/\/objektmobiliar.ch\/wp-content\/uploads\/2023\/10\/amos-couchtisch.jpg\" loading=\"lazy\" alt=\"Amos Table basse\" class=\"pageteaser-img\"><\/div>\r\n        <div class=\"pagenav-type\">\r\n          <p class=\"txt-pagenav prodnav\">Amos Table basse<\/p>\r\n          <div class=\"btn prodnav\">D\u00e9couvrir l'assortiment<\/div>\r\n        <\/div>\r\n      <\/a>\r\n      <a href=\"https:\/\/objektmobiliar.ch\/fr\/meubles\/tables-adaptees-aux-soins\/u-table-basse-pour-maisons-de-retraite\/\" class=\"elmnt-prodnav w-inline-block\">\r\n        <div class=\"prodnav-imgcnt\"><img decoding=\"async\" src=\"https:\/\/objektmobiliar.ch\/wp-content\/uploads\/2026\/04\/U-foermiger-Couchtisch-Beistelltisch.jpg\" loading=\"lazy\" alt=\"\" class=\"pageteaser-img\"><\/div>\r\n        <div class=\"pagenav-type\">\r\n          <p class=\"txt-pagenav prodnav\">Table basse en U<\/p>\r\n          <div class=\"btn prodnav\">D\u00e9couvrir l'assortiment<\/div>\r\n        <\/div>\r\n      <\/a>\r\n      <a href=\"https:\/\/objektmobiliar.ch\/fr\/meubles\/tables-adaptees-aux-soins\/tables-basses-pour-maisons-de-retraite-3\/\" class=\"elmnt-prodnav w-inline-block\">\r\n        <div class=\"prodnav-imgcnt\"><img decoding=\"async\" src=\"https:\/\/objektmobiliar.ch\/wp-content\/uploads\/2026\/04\/Elu-Couchtisch-eckig-oder-rund.jpg\" loading=\"lazy\" alt=\"\" class=\"pageteaser-img\"><\/div>\r\n        <div class=\"pagenav-type\">\r\n          <p class=\"txt-pagenav prodnav\">Elu Table basse<\/p>\r\n          <div class=\"btn prodnav\">D\u00e9couvrir l'assortiment<\/div>\r\n        <\/div>\r\n      <\/a>\r\n      <a href=\"https:\/\/objektmobiliar.ch\/fr\/meubles\/tables-adaptees-aux-soins\/centro-table-basse-pour-maisons-de-repos\/\" class=\"elmnt-prodnav w-inline-block\">\r\n        <div class=\"prodnav-imgcnt\"><img decoding=\"async\" src=\"https:\/\/objektmobiliar.ch\/wp-content\/uploads\/2026\/04\/Centro-Couchtisch-fuer-Pflegeheime.jpg\" loading=\"lazy\" alt=\"Centro Couchtisch f\u00fcr Pflegeheime\" class=\"pageteaser-img\"><\/div>\r\n        <div class=\"pagenav-type\">\r\n          <p class=\"txt-pagenav prodnav\">Centro Table basse<\/p>\r\n          <div class=\"btn prodnav\">D\u00e9couvrir l'assortiment<\/div>\r\n        <\/div>\r\n      <\/a>\r\n      <a href=\"https:\/\/objektmobiliar.ch\/fr\/meubles\/tables-adaptees-aux-soins\/table-a-foyers-moyens-pour-maisons-de-retraite\/\" class=\"elmnt-prodnav w-inline-block\">\r\n        <div class=\"prodnav-imgcnt\"><img decoding=\"async\" src=\"https:\/\/objektmobiliar.ch\/wp-content\/uploads\/2023\/10\/tisch-hoehenverstellbar.jpg\" loading=\"lazy\" alt=\"Table \u00e0 colonne centrale pour maisons de retraite\" class=\"pageteaser-img\"><\/div>\r\n        <div class=\"pagenav-type\">\r\n          <p class=\"txt-pagenav prodnav\">Table r\u00e9glable en hauteur<\/p>\r\n          <div class=\"btn prodnav\">D\u00e9couvrir l'assortiment<\/div>\r\n        <\/div>\r\n      <\/a>\r\n      <a href=\"https:\/\/objektmobiliar.ch\/fr\/meubles\/tables-adaptees-aux-soins\/tables-extensibles-pour-maisons-de-retraite\/\" class=\"elmnt-prodnav w-inline-block\">\r\n        <div class=\"prodnav-imgcnt\"><img decoding=\"async\" src=\"https:\/\/objektmobiliar.ch\/wp-content\/uploads\/2023\/10\/ausziehtisch-typ-11.jpg\" loading=\"lazy\" alt=\"Tables extensibles pour maisons de soins\" class=\"pageteaser-img\"><\/div>\r\n        <div class=\"pagenav-type\">\r\n          <p class=\"txt-pagenav prodnav\">Tables de salle \u00e0 manger extensibles<\/p>\r\n          <div class=\"btn prodnav\">D\u00e9couvrir l'assortiment<\/div>\r\n        <\/div>\r\n      <\/a>\r\n      \r\n    <\/div>\r\n    <div class=\"center\">\r\n    <\/div>\r\n  <\/div>\r\n<\/section><\/div>\n\n<div class=\"lazyblock-text-modul-ozg-Z1n95L3 wp-block-lazyblock-text-modul-ozg\"><section class=\"sct\">\r\n      <div class=\"cnt narrow\">\r\n        <div class=\"w-richtext\">\r\n            <h2>Alten- und pflegegerechte Tische<\/h2>\n<h3><strong>Tables pour maisons de soins, maisons de retraite et centres pour personnes \u00e2g\u00e9es<\/strong><\/h3>\n<p>Ob Esstisch, Klapptisch, Couch- oder Beistelltisch: Alle Tische unseres Sortiments sind an die Anspr\u00fcche von Bewohnerinnen und Bewohnern sowie dem Personal in Pflegeeinrichtungen angepasst. Sie zeichnen sich durch hochwertiges Design, spezielle bed\u00fcrfnisgerechte Eigenschaften und ihre Langlebigkeit aus.<\/p>\n<p>Lors de la fabrication, nous tenons toujours compte des exigences particuli\u00e8res telles que la possibilit\u00e9 de passer sous les tables avec des fauteuils roulants et un haut degr\u00e9 de r\u00e9sistance et de long\u00e9vit\u00e9. Afin de garantir une dur\u00e9e de vie aussi longue que possible \u00e0 nos tables, nous attachons la plus grande importance \u00e0 l'utilisation de mat\u00e9riaux de qualit\u00e9 sup\u00e9rieure. Celles-ci sont en outre faciles \u00e0 nettoyer et \u00e0 d\u00e9sinfecter, afin de faciliter le travail quotidien du personnel soignant.<\/p>\n<h3>Adapter les tables aux soins selon vos souhaits<\/h3>\n<p>Les tables adapt\u00e9es aux soins de OZG existent en diff\u00e9rentes s\u00e9ries de design. Celles-ci sont vari\u00e9es dans leurs possibilit\u00e9s et vous offrent un grand choix de formes et de couleurs, de la table \u00e0 manger \u00e0 la table pliante en passant par les tables basses et les tables d'appoint. Choisissez parmi une grande vari\u00e9t\u00e9 de mat\u00e9riaux et de teintes de bois exactement ce qui convient \u00e0 votre int\u00e9rieur. Apprenez-en plus sur notre\u00a0<a href=\"https:\/\/objektmobiliar.ch\/fr\/inspiration\/materiaux-et-couleurs\/\">Page d'information sur les mat\u00e9riaux<\/a>.<\/p>\n<h3>Un excellent service pour vos nouvelles tables<\/h3>\n<p>Chez OZG, nous vous accompagnons de la premi\u00e8re id\u00e9e \u00e0 la r\u00e9alisation finale. Nos experts concilient vos souhaits avec les exigences l\u00e9gales des autorit\u00e9s et des administrations, vous conseillent sur les mod\u00e8les de meubles adapt\u00e9s et les mat\u00e9riaux appropri\u00e9s lors de la conception. Jusqu'\u00e0 la livraison, vous n'avez plus qu'\u00e0 vous d\u00e9tendre. Nous nous chargeons de la fabrication de vos meubles, veillons \u00e0 ce que les d\u00e9lais soient parfaitement respect\u00e9s et assurons, si n\u00e9cessaire, la coordination avec les planificateurs et les autres personnes impliqu\u00e9es.<\/p>\r\n        <\/div>\r\n      <\/div>\r\n    <\/section><\/div>","protected":false},"excerpt":{"rendered":"<p>Les tables de notre gamme adapt\u00e9es aux soins r\u00e9pondent enti\u00e8rement aux besoins des r\u00e9sidents des \u00e9tablissements de soins, des centres de soins pour personnes \u00e2g\u00e9es et des r\u00e9sidences pour personnes \u00e2g\u00e9es.<\/p>","protected":false},"author":2,"featured_media":1384,"parent":207,"menu_order":0,"comment_status":"closed","ping_status":"closed","template":"","meta":{"advgb_blocks_editor_width":"","advgb_blocks_columns_visual_guide":"","footnotes":""},"class_list":["post-640","page","type-page","status-publish","has-post-thumbnail","hentry"],"yoast_head":"<!-- This site is optimized with the Yoast SEO plugin v27.4 - https:\/\/yoast.com\/product\/yoast-seo-wordpress\/ -->\n<title>Pflegegerechte Tische von OZG Healthcare<\/title>\n<meta name=\"description\" content=\"Pflegegerechte Tische von OZG erf\u00fcllen die speziellen Bed\u00fcrfnisse von Bewohnern und Personal in Pflegeeinrichtungen und Seniorenzentren.\" \/>\n<meta name=\"robots\" content=\"index, follow, max-snippet:-1, max-image-preview:large, max-video-preview:-1\" \/>\n<link rel=\"canonical\" href=\"https:\/\/objektmobiliar.ch\/fr\/meubles\/tables-adaptees-aux-soins\/\" \/>\n<meta property=\"og:locale\" content=\"fr_FR\" \/>\n<meta property=\"og:type\" content=\"article\" \/>\n<meta property=\"og:title\" content=\"Pflegegerechte Tische von OZG Healthcare\" \/>\n<meta property=\"og:description\" content=\"Pflegegerechte Tische von OZG erf\u00fcllen die speziellen Bed\u00fcrfnisse von Bewohnern und Personal in Pflegeeinrichtungen und Seniorenzentren.\" \/>\n<meta property=\"og:url\" content=\"https:\/\/objektmobiliar.ch\/fr\/meubles\/tables-adaptees-aux-soins\/\" \/>\n<meta property=\"og:site_name\" content=\"OZG HEALTHCARE\" \/>\n<meta property=\"article:modified_time\" content=\"2026-04-17T08:54:04+00:00\" \/>\n<meta property=\"og:image\" content=\"https:\/\/objektmobiliar.ch\/wp-content\/uploads\/2023\/10\/tische-header-02.jpg\" \/>\n\t<meta property=\"og:image:width\" content=\"1920\" \/>\n\t<meta property=\"og:image:height\" content=\"702\" \/>\n\t<meta property=\"og:image:type\" content=\"image\/jpeg\" \/>\n<meta name=\"twitter:card\" content=\"summary_large_image\" \/>\n<meta name=\"twitter:label1\" content=\"Dur\u00e9e de lecture estim\u00e9e\" \/>\n\t<meta name=\"twitter:data1\" content=\"6 minutes\" \/>\n<script type=\"application\/ld+json\" class=\"yoast-schema-graph\">{\"@context\":\"https:\\\/\\\/schema.org\",\"@graph\":[{\"@type\":\"WebPage\",\"@id\":\"https:\\\/\\\/objektmobiliar.ch\\\/moebel\\\/pflegegerechte-tische\\\/\",\"url\":\"https:\\\/\\\/objektmobiliar.ch\\\/moebel\\\/pflegegerechte-tische\\\/\",\"name\":\"Pflegegerechte Tische von OZG Healthcare\",\"isPartOf\":{\"@id\":\"https:\\\/\\\/objektmobiliar.ch\\\/#website\"},\"primaryImageOfPage\":{\"@id\":\"https:\\\/\\\/objektmobiliar.ch\\\/moebel\\\/pflegegerechte-tische\\\/#primaryimage\"},\"image\":{\"@id\":\"https:\\\/\\\/objektmobiliar.ch\\\/moebel\\\/pflegegerechte-tische\\\/#primaryimage\"},\"thumbnailUrl\":\"https:\\\/\\\/objektmobiliar.ch\\\/wp-content\\\/uploads\\\/2023\\\/10\\\/tische-header-02.jpg\",\"datePublished\":\"2023-10-16T19:02:50+00:00\",\"dateModified\":\"2026-04-17T08:54:04+00:00\",\"description\":\"Pflegegerechte Tische von OZG erf\u00fcllen die speziellen Bed\u00fcrfnisse von Bewohnern und Personal in Pflegeeinrichtungen und Seniorenzentren.\",\"breadcrumb\":{\"@id\":\"https:\\\/\\\/objektmobiliar.ch\\\/moebel\\\/pflegegerechte-tische\\\/#breadcrumb\"},\"inLanguage\":\"fr-FR\",\"potentialAction\":[{\"@type\":\"ReadAction\",\"target\":[\"https:\\\/\\\/objektmobiliar.ch\\\/moebel\\\/pflegegerechte-tische\\\/\"]}]},{\"@type\":\"ImageObject\",\"inLanguage\":\"fr-FR\",\"@id\":\"https:\\\/\\\/objektmobiliar.ch\\\/moebel\\\/pflegegerechte-tische\\\/#primaryimage\",\"url\":\"https:\\\/\\\/objektmobiliar.ch\\\/wp-content\\\/uploads\\\/2023\\\/10\\\/tische-header-02.jpg\",\"contentUrl\":\"https:\\\/\\\/objektmobiliar.ch\\\/wp-content\\\/uploads\\\/2023\\\/10\\\/tische-header-02.jpg\",\"width\":1920,\"height\":702},{\"@type\":\"BreadcrumbList\",\"@id\":\"https:\\\/\\\/objektmobiliar.ch\\\/moebel\\\/pflegegerechte-tische\\\/#breadcrumb\",\"itemListElement\":[{\"@type\":\"ListItem\",\"position\":1,\"name\":\"Startseite\",\"item\":\"https:\\\/\\\/objektmobiliar.ch\\\/\"},{\"@type\":\"ListItem\",\"position\":2,\"name\":\"M\u00f6bel\",\"item\":\"https:\\\/\\\/objektmobiliar.ch\\\/moebel\\\/\"},{\"@type\":\"ListItem\",\"position\":3,\"name\":\"Tische\"}]},{\"@type\":\"WebSite\",\"@id\":\"https:\\\/\\\/objektmobiliar.ch\\\/#website\",\"url\":\"https:\\\/\\\/objektmobiliar.ch\\\/\",\"name\":\"OZG HEALTHCARE\",\"description\":\"Objektmobiliar f\u00fcr Pflege, B\u00fcro, Praxis &amp; Hotellerie\",\"potentialAction\":[{\"@type\":\"SearchAction\",\"target\":{\"@type\":\"EntryPoint\",\"urlTemplate\":\"https:\\\/\\\/objektmobiliar.ch\\\/?s={search_term_string}\"},\"query-input\":{\"@type\":\"PropertyValueSpecification\",\"valueRequired\":true,\"valueName\":\"search_term_string\"}}],\"inLanguage\":\"fr-FR\"}]}<\/script>\n<!-- \/ Yoast SEO plugin. -->","yoast_head_json":{"title":"Tables adapt\u00e9es aux soins de OZG Healthcare","description":"Les tables adapt\u00e9es aux soins d'OZG r\u00e9pondent aux besoins sp\u00e9cifiques des r\u00e9sidents et du personnel des \u00e9tablissements de soins et des centres pour personnes \u00e2g\u00e9es.","robots":{"index":"index","follow":"follow","max-snippet":"max-snippet:-1","max-image-preview":"max-image-preview:large","max-video-preview":"max-video-preview:-1"},"canonical":"https:\/\/objektmobiliar.ch\/fr\/meubles\/tables-adaptees-aux-soins\/","og_locale":"fr_FR","og_type":"article","og_title":"Pflegegerechte Tische von OZG Healthcare","og_description":"Pflegegerechte Tische von OZG erf\u00fcllen die speziellen Bed\u00fcrfnisse von Bewohnern und Personal in Pflegeeinrichtungen und Seniorenzentren.","og_url":"https:\/\/objektmobiliar.ch\/fr\/meubles\/tables-adaptees-aux-soins\/","og_site_name":"OZG HEALTHCARE","article_modified_time":"2026-04-17T08:54:04+00:00","og_image":[{"width":1920,"height":702,"url":"https:\/\/objektmobiliar.ch\/wp-content\/uploads\/2023\/10\/tische-header-02.jpg","type":"image\/jpeg"}],"twitter_card":"summary_large_image","twitter_misc":{"Dur\u00e9e de lecture estim\u00e9e":"6 minutes"},"schema":{"@context":"https:\/\/schema.org","@graph":[{"@type":"WebPage","@id":"https:\/\/objektmobiliar.ch\/moebel\/pflegegerechte-tische\/","url":"https:\/\/objektmobiliar.ch\/moebel\/pflegegerechte-tische\/","name":"Tables adapt\u00e9es aux soins de OZG Healthcare","isPartOf":{"@id":"https:\/\/objektmobiliar.ch\/#website"},"primaryImageOfPage":{"@id":"https:\/\/objektmobiliar.ch\/moebel\/pflegegerechte-tische\/#primaryimage"},"image":{"@id":"https:\/\/objektmobiliar.ch\/moebel\/pflegegerechte-tische\/#primaryimage"},"thumbnailUrl":"https:\/\/objektmobiliar.ch\/wp-content\/uploads\/2023\/10\/tische-header-02.jpg","datePublished":"2023-10-16T19:02:50+00:00","dateModified":"2026-04-17T08:54:04+00:00","description":"Les tables adapt\u00e9es aux soins d'OZG r\u00e9pondent aux besoins sp\u00e9cifiques des r\u00e9sidents et du personnel des \u00e9tablissements de soins et des centres pour personnes \u00e2g\u00e9es.","breadcrumb":{"@id":"https:\/\/objektmobiliar.ch\/moebel\/pflegegerechte-tische\/#breadcrumb"},"inLanguage":"fr-FR","potentialAction":[{"@type":"ReadAction","target":["https:\/\/objektmobiliar.ch\/moebel\/pflegegerechte-tische\/"]}]},{"@type":"ImageObject","inLanguage":"fr-FR","@id":"https:\/\/objektmobiliar.ch\/moebel\/pflegegerechte-tische\/#primaryimage","url":"https:\/\/objektmobiliar.ch\/wp-content\/uploads\/2023\/10\/tische-header-02.jpg","contentUrl":"https:\/\/objektmobiliar.ch\/wp-content\/uploads\/2023\/10\/tische-header-02.jpg","width":1920,"height":702},{"@type":"BreadcrumbList","@id":"https:\/\/objektmobiliar.ch\/moebel\/pflegegerechte-tische\/#breadcrumb","itemListElement":[{"@type":"ListItem","position":1,"name":"Startseite","item":"https:\/\/objektmobiliar.ch\/"},{"@type":"ListItem","position":2,"name":"M\u00f6bel","item":"https:\/\/objektmobiliar.ch\/moebel\/"},{"@type":"ListItem","position":3,"name":"Tische"}]},{"@type":"WebSite","@id":"https:\/\/objektmobiliar.ch\/#website","url":"https:\/\/objektmobiliar.ch\/","name":"OZG HEALTHCARE","description":"Mobilier de collectivit\u00e9 pour les soins, les bureaux, les cabinets m\u00e9dicaux et l'h\u00f4tellerie","potentialAction":[{"@type":"SearchAction","target":{"@type":"EntryPoint","urlTemplate":"https:\/\/objektmobiliar.ch\/?s={search_term_string}"},"query-input":{"@type":"PropertyValueSpecification","valueRequired":true,"valueName":"search_term_string"}}],"inLanguage":"fr-FR"}]}},"coauthors":[],"author_meta":{"author_link":"https:\/\/objektmobiliar.ch\/fr\/author\/alex\/","display_name":"Alex"},"relative_dates":{"created":"Publi\u00e9 3 ans il y a","modified":"Mis \u00e0 jour 18 heures il y a"},"absolute_dates":{"created":"Publi\u00e9 le octobre 16, 2023","modified":"Mise \u00e0 jour le avril 17, 2026"},"absolute_dates_time":{"created":"Publi\u00e9 le octobre 16, 2023 7:02 pm","modified":"Mise \u00e0 jour le avril 17, 2026 8:54 am"},"featured_img_caption":"","featured_img":"https:\/\/objektmobiliar.ch\/wp-content\/uploads\/2023\/10\/tische-header-02-825x510.jpg","series_order":"","_links":{"self":[{"href":"https:\/\/objektmobiliar.ch\/fr\/wp-json\/wp\/v2\/pages\/640","targetHints":{"allow":["GET"]}}],"collection":[{"href":"https:\/\/objektmobiliar.ch\/fr\/wp-json\/wp\/v2\/pages"}],"about":[{"href":"https:\/\/objektmobiliar.ch\/fr\/wp-json\/wp\/v2\/types\/page"}],"author":[{"embeddable":true,"href":"https:\/\/objektmobiliar.ch\/fr\/wp-json\/wp\/v2\/users\/2"}],"replies":[{"embeddable":true,"href":"https:\/\/objektmobiliar.ch\/fr\/wp-json\/wp\/v2\/comments?post=640"}],"version-history":[{"count":30,"href":"https:\/\/objektmobiliar.ch\/fr\/wp-json\/wp\/v2\/pages\/640\/revisions"}],"predecessor-version":[{"id":6025,"href":"https:\/\/objektmobiliar.ch\/fr\/wp-json\/wp\/v2\/pages\/640\/revisions\/6025"}],"up":[{"embeddable":true,"href":"https:\/\/objektmobiliar.ch\/fr\/wp-json\/wp\/v2\/pages\/207"}],"wp:featuredmedia":[{"embeddable":true,"href":"https:\/\/objektmobiliar.ch\/fr\/wp-json\/wp\/v2\/media\/1384"}],"wp:attachment":[{"href":"https:\/\/objektmobiliar.ch\/fr\/wp-json\/wp\/v2\/media?parent=640"}],"curies":[{"name":"wp","href":"https:\/\/api.w.org\/{rel}","templated":true}]}}