{"id":638,"date":"2023-10-16T15:04:17","date_gmt":"2023-10-16T15:04:17","guid":{"rendered":"https:\/\/dev.objektmobiliar.ch\/?page_id=638"},"modified":"2024-08-27T11:41:15","modified_gmt":"2024-08-27T11:41:15","slug":"chaises-empilables-pratiques-pour-maisons-de-retraite","status":"publish","type":"page","link":"https:\/\/objektmobiliar.ch\/fr\/moebel\/pflegegerechte-stuehle\/praktischen-stapelstuehle-fuer-altersheime\/","title":{"rendered":"Varea"},"content":{"rendered":"<div class=\"lazyblock-produkt-detail-ozg-UtyQS wp-block-lazyblock-produkt-detail-ozg\"><section class=\"sct\">\r\n      <div class=\"cnt\">\r\n        <div class=\"elmnt-product-desc\">\r\n          <div class=\"product-desc-box\"><img decoding=\"async\" src=\"https:\/\/objektmobiliar.ch\/wp-content\/uploads\/2023\/10\/varea-stappelstuhl-spiegelpolster-mit-armlehnen.jpg\" loading=\"lazy\" alt=\"\" class=\"product-desc-img\"><\/div>\r\n          <div class=\"product-desc-txt\">\r\n            <h1 class=\"txt-product-headline\">Varea<\/h1>\r\n            <h2 class=\"txt-product-subline\">Les chaises empilables pratiques pour les maisons de retraite<\/h2>\r\n            <div class=\"w-richtext\">\r\n              <p>La s\u00e9rie Varea est un excellent choix pour les maisons de retraite, car elle allie un design robuste \u00e0 une esth\u00e9tique \u00e9l\u00e9gante. Les chaises et les chaises avec accoudoirs se distinguent par leur design \u00e9pur\u00e9 et discret qui s'int\u00e8gre sans peine dans diff\u00e9rents styles architecturaux.<\/p>\r\n            <\/div>\r\n            <a onclick=\"splite_loader();\" class=\"btn\">Demander un produit<\/a>\r\n          <\/div>\r\n        <\/div>\r\n      <\/div>\r\n    <\/section><\/div>\n\n<div class=\"lazyblock-produkt-slider-ozg-1TETyA wp-block-lazyblock-produkt-slider-ozg\"><section class=\"sct\">\r\n  <div class=\"cnt semi\">\r\n    <div class=\"intro-txt\">\r\n        <h2>Mod\u00e8les et versions<\/h2>\r\n    <\/div>\r\n    \r\n    <div class=\"elmnt-similar-products\">\r\n      <div class=\"similar-product\"><img decoding=\"async\" src=\"https:\/\/objektmobiliar.ch\/wp-content\/uploads\/2023\/10\/varea-stappelstuhl-ungepolstert-ohne-armlehnen.jpg\" loading=\"eager\" alt=\"Chaise empilable Varea, Non rembourr\u00e9e, sans accoudoirs\" class=\"similar-product-img\">\r\n        <div class=\"center\">\r\n          <div class=\"w-richtext\">\r\n            <p><strong>Chaise empilable Varea,<\/strong><br>R\u00e9f. 202-0049\/S :<br>Non rembourr\u00e9, sans accoudoirs<\/p>\r\n          <\/div>\r\n          \r\n        <\/div>\r\n      <\/div>\r\n      <div class=\"similar-product\"><img decoding=\"async\" src=\"https:\/\/objektmobiliar.ch\/wp-content\/uploads\/2023\/10\/varea-stappelstuhl-ungepolstert-ohne-armlehnen-02.jpg\" loading=\"eager\" alt=\"Chaise empilable Varea, Non rembourr\u00e9e, sans accoudoirs\" class=\"similar-product-img\">\r\n        <div class=\"center\">\r\n          <div class=\"w-richtext\">\r\n            <p><strong>Chaise empilable Varea,<\/strong><br>R\u00e9f. 202-0049\/S :<br>Non rembourr\u00e9, sans accoudoirs<\/p>\r\n          <\/div>\r\n          \r\n        <\/div>\r\n      <\/div>\r\n      <div class=\"similar-product\"><img decoding=\"async\" src=\"https:\/\/objektmobiliar.ch\/wp-content\/uploads\/2023\/10\/varea-stappelstuhl-ungepolstert-ohne-armlehnen-03.jpg\" loading=\"eager\" alt=\"Chaise empilable Varea, Non rembourr\u00e9e, sans accoudoirs\" class=\"similar-product-img\">\r\n        <div class=\"center\">\r\n          <div class=\"w-richtext\">\r\n            <p><strong>\u00a0Chaise empilable Varea,<\/strong><br>R\u00e9f. 202-0049\/S :<br>Non rembourr\u00e9, sans accoudoirs<\/p>\r\n          <\/div>\r\n          \r\n        <\/div>\r\n      <\/div>\r\n      <div class=\"similar-product\"><img decoding=\"async\" src=\"https:\/\/objektmobiliar.ch\/wp-content\/uploads\/2023\/10\/varea-stappelstuhl-spiegelpolster-mit-armlehnen-02.jpg\" loading=\"eager\" alt=\"Chaise empilable Varea, rembourrage miroir, avec accoudoirs\" class=\"similar-product-img\">\r\n        <div class=\"center\">\r\n          <div class=\"w-richtext\">\r\n            <p><strong>Chaise empilable Varea,<\/strong><br>R\u00e9f. 202-0056\/S :<br>rembourrage miroir, avec accoudoirs<\/p>\r\n          <\/div>\r\n          \r\n        <\/div>\r\n      <\/div>\r\n      <div class=\"similar-product\"><img decoding=\"async\" src=\"https:\/\/objektmobiliar.ch\/wp-content\/uploads\/2023\/10\/varea-stappelstuhl-vollgepolstert-mit-armlehnen.jpg\" loading=\"eager\" alt=\"Chaise empilable Varea, rembourrage miroir, avec accoudoirs\" class=\"similar-product-img\">\r\n        <div class=\"center\">\r\n          <div class=\"w-richtext\">\r\n            <p><strong>Chaise empilable Varea,<\/strong><br>R\u00e9f. 202-0051\/S :<br>Enti\u00e8rement rembourr\u00e9, avec accoudoirs<\/p>\r\n          <\/div>\r\n          \r\n        <\/div>\r\n      <\/div>\r\n      <div class=\"similar-product\"><img decoding=\"async\" src=\"https:\/\/objektmobiliar.ch\/wp-content\/uploads\/2023\/10\/varea-stappelstuhl-spiegelpolster-geteilt-mit-armlehnen.jpg\" loading=\"eager\" alt=\"Chaise empilable Varea, rembourrage miroir divis\u00e9, avec accoudoirs\" class=\"similar-product-img\">\r\n        <div class=\"center\">\r\n          <div class=\"w-richtext\">\r\n            <p><strong>Chaise empilable Varea,<\/strong><br>R\u00e9f. 202-0055\/S :<br>rembourrage miroir divis\u00e9, avec accoudoirs<\/p>\r\n          <\/div>\r\n          \r\n        <\/div>\r\n      <\/div>\r\n    <\/div>\r\n  <\/div>\r\n  \r\n  <div class=\"cnt narrow\">\r\n    <div class=\"similar-products-nav-pos\">\r\n      <div class=\"w-embed\">\r\n        \r\n      <\/div>\r\n    <\/div>\r\n  <\/div>\r\n<\/section><\/div>\n\n\n<div class=\"wp-block-group\"><div class=\"wp-block-group__inner-container is-layout-constrained wp-block-group-is-layout-constrained\"><section class=\"sct\">\r\n      <div class=\"cnt narrow\">\r\n        <div class=\"introtxt\">\r\n        <div class=\"w-richtext\">\r\n            <h2>Description du produit<\/h2>\r\n        <\/div>\r\n        <\/div>\r\n        \r\n          \n\n\n<figure class=\"wp-block-table is-style-regular\"><table><thead><tr><th>Art. No.<\/th><th>Description<\/th><\/tr><\/thead><tbody><tr><td>202-0049\/S<\/td><td>Chaise empilable Varea, non rembourr\u00e9e, sans accoudoirs<\/td><\/tr><tr><td>202-0052\/S<\/td><td>Chaise empilable Varea, enti\u00e8rement rembourr\u00e9e, sans accoudoirs<\/td><\/tr><tr><td>202-0050\/S<\/td><td>Chaise empilable Varea, non rembourr\u00e9e, avec accoudoirs<\/td><\/tr><tr><td>202-0051\/S<\/td><td>Chaise empilable Varea, enti\u00e8rement rembourr\u00e9e, avec accoudoirs<\/td><\/tr><tr><td>202-0055\/S<\/td><td>Chaise empilable Varea, rembourrage miroir divis\u00e9, avec accoudoirs<\/td><\/tr><tr><td>202-0056\/S<\/td><td>Chaise empilable Varea, rembourrage miroir, avec accoudoirs<\/td><\/tr><tr><td>202-0053\/S<\/td><td>Tabouret de bar Varea non rembourr\u00e9<\/td><\/tr><tr><td>202-0054\/S<\/td><td>Tabouret de bar Varea enti\u00e8rement rembourr\u00e9<\/td><\/tr><\/tbody><\/table><\/figure>\n\n\n<\/div><\/section><\/div><\/div>\n\n\n<div class=\"lazyblock-text-modul-ozg-Z4l3SD wp-block-lazyblock-text-modul-ozg\"><section class=\"sct\">\r\n      <div class=\"cnt narrow\">\r\n        <div class=\"w-richtext\">\r\n            <h3>Les chaises empilables pratiques pour les maisons de retraite<\/h3>\n<p>Les chaises empilables pratiques pour les maisons de retraite sont un excellent choix pour les maisons de soins, car elles allient un design robuste \u00e0 une esth\u00e9tique \u00e9l\u00e9gante. Les chaises et les chaises avec accoudoirs se distinguent par leur design clair et discret qui s'int\u00e8gre sans peine dans diff\u00e9rents styles architecturaux. Cette \u00e9l\u00e9gance discr\u00e8te permet une adaptation sans faille aux diff\u00e9rents concepts d'espace dans les maisons de soins, cr\u00e9ant ainsi une ambiance styl\u00e9e et harmonieuse.<\/p>\n<h3>Compl\u00e9ments et fonctions pratiques<\/h3>\n<p>Le tabouret de bar compl\u00e9mentaire compl\u00e8te la famille de produits et offre des possibilit\u00e9s d'assise suppl\u00e9mentaires dans les espaces communs. Dans l'ensemble, les chaises empilables pratiques pour les maisons de retraite offrent une solution \u00e9l\u00e9gante et fonctionnelle qui r\u00e9pond aux exigences et au style des maisons de retraite.<\/p>\n<h3>Nombreuses options de personnalisation<\/h3>\n<p>Les chaises empilables pratiques pour les maisons de retraite offrent de nombreuses options pour r\u00e9pondre aux besoins sp\u00e9cifiques des maisons de retraite. Les chaises sont disponibles en diff\u00e9rents mat\u00e9riaux et couleurs, y compris des rembourrages miroirs et des variantes enti\u00e8rement rembourr\u00e9es. Cette flexibilit\u00e9 permet une adaptation sur mesure au concept d'am\u00e9nagement de la maison de retraite. Choisissez parmi diff\u00e9rents <a href=\"https:\/\/objektmobiliar.ch\/fr\/inspiration\/materiaux-et-couleurs\/\">Mat\u00e9riaux et couleurs<\/a> le design qui s'adapte parfaitement \u00e0 votre int\u00e9rieur.<\/p>\r\n        <\/div>\r\n      <\/div>\r\n    <\/section><\/div><style class=\"advgb-styles-renderer\">\r\n            .similar-products-nav li {\r\n              overflow: hidden;\r\n              margin: 0px !important;\r\n              flex-grow: 0 !important;\r\n              flex-shrink: 1 !important;\r\n              flex-basis: 12.5% !important;\r\n              border-style: solid;\r\n              border-width: 2px;\r\n              border-color: transparent;\r\n              border-radius: 8px;\r\n              transition-property: border-color;\r\n              transition-duration: 600ms;\r\n              transition-timing-function: ease;\r\n              cursor: pointer;\r\n            }\r\n            .similar-products-nav li.slick-active {\r\n              border-color: #dde7ef;\r\n            }\r\n            @media screen and (max-width:767px) {\r\n              .similar-products-nav li {\r\n                flex-basis: auto !important;\r\n                border-radius: 8px;\r\n                padding-top: 8px;\r\n                padding-right: 16px;\r\n                padding-bottom: 6px;\r\n                padding-left: 16px;\r\n              }\r\n              .similar-products-nav li.slick-active {\r\n                background-color: #dde7ef;\r\n                transition-property: background-color, border-color;\r\n                transition-duration: 600ms, 200ms;\r\n                transition-timing-function: ease, ease;\r\n                color: #426b8a;\r\n              }\r\n            }\r\n          <\/style>","protected":false},"excerpt":{"rendered":"<p>Klares Design pr\u00e4gt diese Stuhlserie. Die sich zur\u00fccknehmende Eleganz von Stuhl und Armlehnstuhl erm\u00f6glicht die unaufdringliche Integration in unterschiedliche Architekturen.<\/p>","protected":false},"author":2,"featured_media":634,"parent":544,"menu_order":0,"comment_status":"closed","ping_status":"closed","template":"","meta":{"advgb_blocks_editor_width":"","advgb_blocks_columns_visual_guide":"","footnotes":""},"class_list":["post-638","page","type-page","status-publish","has-post-thumbnail","hentry"],"yoast_head":"<!-- This site is optimized with the Yoast SEO plugin v27.4 - https:\/\/yoast.com\/product\/yoast-seo-wordpress\/ -->\n<title>Die praktischen Stapelst\u00fchle f\u00fcr Altersheime bei OZG<\/title>\n<meta name=\"description\" content=\"Die praktischen Stapelst\u00fchle f\u00fcr Altersheime sind eine gute Wahl f\u00fcr Pflegeheime, da sie robustes Design mit eleganter \u00c4sthetik vereinen.\" \/>\n<meta name=\"robots\" content=\"index, follow, max-snippet:-1, max-image-preview:large, max-video-preview:-1\" \/>\n<link rel=\"canonical\" href=\"https:\/\/objektmobiliar.ch\/fr\/meubles\/chaises-adaptees-aux-soins\/chaises-empilables-pratiques-pour-maisons-de-retraite\/\" \/>\n<meta property=\"og:locale\" content=\"fr_FR\" \/>\n<meta property=\"og:type\" content=\"article\" \/>\n<meta property=\"og:title\" content=\"Die praktischen Stapelst\u00fchle f\u00fcr Altersheime bei OZG\" \/>\n<meta property=\"og:description\" content=\"Die praktischen Stapelst\u00fchle f\u00fcr Altersheime sind eine gute Wahl f\u00fcr Pflegeheime, da sie robustes Design mit eleganter \u00c4sthetik vereinen.\" \/>\n<meta property=\"og:url\" content=\"https:\/\/objektmobiliar.ch\/fr\/meubles\/chaises-adaptees-aux-soins\/chaises-empilables-pratiques-pour-maisons-de-retraite\/\" \/>\n<meta property=\"og:site_name\" content=\"OZG HEALTHCARE\" \/>\n<meta property=\"article:modified_time\" content=\"2024-08-27T11:41:15+00:00\" \/>\n<meta property=\"og:image\" content=\"https:\/\/objektmobiliar.ch\/wp-content\/uploads\/2023\/10\/varea-stappelstuhl-spiegelpolster-mit-armlehnen.jpg\" \/>\n\t<meta property=\"og:image:width\" content=\"1000\" \/>\n\t<meta property=\"og:image:height\" content=\"1000\" \/>\n\t<meta property=\"og:image:type\" content=\"image\/jpeg\" \/>\n<meta name=\"twitter:card\" content=\"summary_large_image\" \/>\n<meta name=\"twitter:label1\" content=\"Dur\u00e9e de lecture estim\u00e9e\" \/>\n\t<meta name=\"twitter:data1\" content=\"4 minutes\" \/>\n<script type=\"application\/ld+json\" class=\"yoast-schema-graph\">{\"@context\":\"https:\\\/\\\/schema.org\",\"@graph\":[{\"@type\":\"WebPage\",\"@id\":\"https:\\\/\\\/objektmobiliar.ch\\\/moebel\\\/pflegegerechte-stuehle\\\/praktischen-stapelstuehle-fuer-altersheime\\\/\",\"url\":\"https:\\\/\\\/objektmobiliar.ch\\\/moebel\\\/pflegegerechte-stuehle\\\/praktischen-stapelstuehle-fuer-altersheime\\\/\",\"name\":\"Die praktischen Stapelst\u00fchle f\u00fcr Altersheime bei OZG\",\"isPartOf\":{\"@id\":\"https:\\\/\\\/objektmobiliar.ch\\\/#website\"},\"primaryImageOfPage\":{\"@id\":\"https:\\\/\\\/objektmobiliar.ch\\\/moebel\\\/pflegegerechte-stuehle\\\/praktischen-stapelstuehle-fuer-altersheime\\\/#primaryimage\"},\"image\":{\"@id\":\"https:\\\/\\\/objektmobiliar.ch\\\/moebel\\\/pflegegerechte-stuehle\\\/praktischen-stapelstuehle-fuer-altersheime\\\/#primaryimage\"},\"thumbnailUrl\":\"https:\\\/\\\/objektmobiliar.ch\\\/wp-content\\\/uploads\\\/2023\\\/10\\\/varea-stappelstuhl-spiegelpolster-mit-armlehnen.jpg\",\"datePublished\":\"2023-10-16T15:04:17+00:00\",\"dateModified\":\"2024-08-27T11:41:15+00:00\",\"description\":\"Die praktischen Stapelst\u00fchle f\u00fcr Altersheime sind eine gute Wahl f\u00fcr Pflegeheime, da sie robustes Design mit eleganter \u00c4sthetik vereinen.\",\"breadcrumb\":{\"@id\":\"https:\\\/\\\/objektmobiliar.ch\\\/moebel\\\/pflegegerechte-stuehle\\\/praktischen-stapelstuehle-fuer-altersheime\\\/#breadcrumb\"},\"inLanguage\":\"fr-FR\",\"potentialAction\":[{\"@type\":\"ReadAction\",\"target\":[\"https:\\\/\\\/objektmobiliar.ch\\\/moebel\\\/pflegegerechte-stuehle\\\/praktischen-stapelstuehle-fuer-altersheime\\\/\"]}]},{\"@type\":\"ImageObject\",\"inLanguage\":\"fr-FR\",\"@id\":\"https:\\\/\\\/objektmobiliar.ch\\\/moebel\\\/pflegegerechte-stuehle\\\/praktischen-stapelstuehle-fuer-altersheime\\\/#primaryimage\",\"url\":\"https:\\\/\\\/objektmobiliar.ch\\\/wp-content\\\/uploads\\\/2023\\\/10\\\/varea-stappelstuhl-spiegelpolster-mit-armlehnen.jpg\",\"contentUrl\":\"https:\\\/\\\/objektmobiliar.ch\\\/wp-content\\\/uploads\\\/2023\\\/10\\\/varea-stappelstuhl-spiegelpolster-mit-armlehnen.jpg\",\"width\":1000,\"height\":1000,\"caption\":\"Die praktischen Stapelst\u00fchle f\u00fcr Altersheime\"},{\"@type\":\"BreadcrumbList\",\"@id\":\"https:\\\/\\\/objektmobiliar.ch\\\/moebel\\\/pflegegerechte-stuehle\\\/praktischen-stapelstuehle-fuer-altersheime\\\/#breadcrumb\",\"itemListElement\":[{\"@type\":\"ListItem\",\"position\":1,\"name\":\"Startseite\",\"item\":\"https:\\\/\\\/objektmobiliar.ch\\\/\"},{\"@type\":\"ListItem\",\"position\":2,\"name\":\"M\u00f6bel\",\"item\":\"https:\\\/\\\/objektmobiliar.ch\\\/moebel\\\/\"},{\"@type\":\"ListItem\",\"position\":3,\"name\":\"St\u00fchle\",\"item\":\"https:\\\/\\\/objektmobiliar.ch\\\/moebel\\\/pflegegerechte-stuehle\\\/\"},{\"@type\":\"ListItem\",\"position\":4,\"name\":\"Varea\"}]},{\"@type\":\"WebSite\",\"@id\":\"https:\\\/\\\/objektmobiliar.ch\\\/#website\",\"url\":\"https:\\\/\\\/objektmobiliar.ch\\\/\",\"name\":\"OZG HEALTHCARE\",\"description\":\"Objektmobiliar f\u00fcr Pflege, B\u00fcro, Praxis &amp; Hotellerie\",\"potentialAction\":[{\"@type\":\"SearchAction\",\"target\":{\"@type\":\"EntryPoint\",\"urlTemplate\":\"https:\\\/\\\/objektmobiliar.ch\\\/?s={search_term_string}\"},\"query-input\":{\"@type\":\"PropertyValueSpecification\",\"valueRequired\":true,\"valueName\":\"search_term_string\"}}],\"inLanguage\":\"fr-FR\"}]}<\/script>\n<!-- \/ Yoast SEO plugin. -->","yoast_head_json":{"title":"Les chaises empilables pratiques pour les maisons de retraite chez OZG","description":"Les chaises empilables pratiques pour les maisons de retraite sont un bon choix pour les maisons de soins, car elles allient un design robuste \u00e0 une esth\u00e9tique \u00e9l\u00e9gante.","robots":{"index":"index","follow":"follow","max-snippet":"max-snippet:-1","max-image-preview":"max-image-preview:large","max-video-preview":"max-video-preview:-1"},"canonical":"https:\/\/objektmobiliar.ch\/fr\/meubles\/chaises-adaptees-aux-soins\/chaises-empilables-pratiques-pour-maisons-de-retraite\/","og_locale":"fr_FR","og_type":"article","og_title":"Die praktischen Stapelst\u00fchle f\u00fcr Altersheime bei OZG","og_description":"Die praktischen Stapelst\u00fchle f\u00fcr Altersheime sind eine gute Wahl f\u00fcr Pflegeheime, da sie robustes Design mit eleganter \u00c4sthetik vereinen.","og_url":"https:\/\/objektmobiliar.ch\/fr\/meubles\/chaises-adaptees-aux-soins\/chaises-empilables-pratiques-pour-maisons-de-retraite\/","og_site_name":"OZG HEALTHCARE","article_modified_time":"2024-08-27T11:41:15+00:00","og_image":[{"width":1000,"height":1000,"url":"https:\/\/objektmobiliar.ch\/wp-content\/uploads\/2023\/10\/varea-stappelstuhl-spiegelpolster-mit-armlehnen.jpg","type":"image\/jpeg"}],"twitter_card":"summary_large_image","twitter_misc":{"Dur\u00e9e de lecture estim\u00e9e":"4 minutes"},"schema":{"@context":"https:\/\/schema.org","@graph":[{"@type":"WebPage","@id":"https:\/\/objektmobiliar.ch\/moebel\/pflegegerechte-stuehle\/praktischen-stapelstuehle-fuer-altersheime\/","url":"https:\/\/objektmobiliar.ch\/moebel\/pflegegerechte-stuehle\/praktischen-stapelstuehle-fuer-altersheime\/","name":"Les chaises empilables pratiques pour les maisons de retraite chez OZG","isPartOf":{"@id":"https:\/\/objektmobiliar.ch\/#website"},"primaryImageOfPage":{"@id":"https:\/\/objektmobiliar.ch\/moebel\/pflegegerechte-stuehle\/praktischen-stapelstuehle-fuer-altersheime\/#primaryimage"},"image":{"@id":"https:\/\/objektmobiliar.ch\/moebel\/pflegegerechte-stuehle\/praktischen-stapelstuehle-fuer-altersheime\/#primaryimage"},"thumbnailUrl":"https:\/\/objektmobiliar.ch\/wp-content\/uploads\/2023\/10\/varea-stappelstuhl-spiegelpolster-mit-armlehnen.jpg","datePublished":"2023-10-16T15:04:17+00:00","dateModified":"2024-08-27T11:41:15+00:00","description":"Les chaises empilables pratiques pour les maisons de retraite sont un bon choix pour les maisons de soins, car elles allient un design robuste \u00e0 une esth\u00e9tique \u00e9l\u00e9gante.","breadcrumb":{"@id":"https:\/\/objektmobiliar.ch\/moebel\/pflegegerechte-stuehle\/praktischen-stapelstuehle-fuer-altersheime\/#breadcrumb"},"inLanguage":"fr-FR","potentialAction":[{"@type":"ReadAction","target":["https:\/\/objektmobiliar.ch\/moebel\/pflegegerechte-stuehle\/praktischen-stapelstuehle-fuer-altersheime\/"]}]},{"@type":"ImageObject","inLanguage":"fr-FR","@id":"https:\/\/objektmobiliar.ch\/moebel\/pflegegerechte-stuehle\/praktischen-stapelstuehle-fuer-altersheime\/#primaryimage","url":"https:\/\/objektmobiliar.ch\/wp-content\/uploads\/2023\/10\/varea-stappelstuhl-spiegelpolster-mit-armlehnen.jpg","contentUrl":"https:\/\/objektmobiliar.ch\/wp-content\/uploads\/2023\/10\/varea-stappelstuhl-spiegelpolster-mit-armlehnen.jpg","width":1000,"height":1000,"caption":"Die praktischen Stapelst\u00fchle f\u00fcr Altersheime"},{"@type":"BreadcrumbList","@id":"https:\/\/objektmobiliar.ch\/moebel\/pflegegerechte-stuehle\/praktischen-stapelstuehle-fuer-altersheime\/#breadcrumb","itemListElement":[{"@type":"ListItem","position":1,"name":"Startseite","item":"https:\/\/objektmobiliar.ch\/"},{"@type":"ListItem","position":2,"name":"M\u00f6bel","item":"https:\/\/objektmobiliar.ch\/moebel\/"},{"@type":"ListItem","position":3,"name":"St\u00fchle","item":"https:\/\/objektmobiliar.ch\/moebel\/pflegegerechte-stuehle\/"},{"@type":"ListItem","position":4,"name":"Varea"}]},{"@type":"WebSite","@id":"https:\/\/objektmobiliar.ch\/#website","url":"https:\/\/objektmobiliar.ch\/","name":"OZG HEALTHCARE","description":"Mobilier de collectivit\u00e9 pour les soins, les bureaux, les cabinets m\u00e9dicaux et l'h\u00f4tellerie","potentialAction":[{"@type":"SearchAction","target":{"@type":"EntryPoint","urlTemplate":"https:\/\/objektmobiliar.ch\/?s={search_term_string}"},"query-input":{"@type":"PropertyValueSpecification","valueRequired":true,"valueName":"search_term_string"}}],"inLanguage":"fr-FR"}]}},"coauthors":[],"author_meta":{"author_link":"https:\/\/objektmobiliar.ch\/fr\/author\/alex\/","display_name":"Alex"},"relative_dates":{"created":"Publi\u00e9 3 ans il y a","modified":"Mis \u00e0 jour 2 ans il y a"},"absolute_dates":{"created":"Publi\u00e9 le octobre 16, 2023","modified":"Mise \u00e0 jour le ao\u00fbt 27, 2024"},"absolute_dates_time":{"created":"Publi\u00e9 le octobre 16, 2023 3:04 pm","modified":"Mise \u00e0 jour le ao\u00fbt 27, 2024 11:41 am"},"featured_img_caption":"","featured_img":"https:\/\/objektmobiliar.ch\/wp-content\/uploads\/2023\/10\/varea-stappelstuhl-spiegelpolster-mit-armlehnen-825x510.jpg","series_order":"","_links":{"self":[{"href":"https:\/\/objektmobiliar.ch\/fr\/wp-json\/wp\/v2\/pages\/638","targetHints":{"allow":["GET"]}}],"collection":[{"href":"https:\/\/objektmobiliar.ch\/fr\/wp-json\/wp\/v2\/pages"}],"about":[{"href":"https:\/\/objektmobiliar.ch\/fr\/wp-json\/wp\/v2\/types\/page"}],"author":[{"embeddable":true,"href":"https:\/\/objektmobiliar.ch\/fr\/wp-json\/wp\/v2\/users\/2"}],"replies":[{"embeddable":true,"href":"https:\/\/objektmobiliar.ch\/fr\/wp-json\/wp\/v2\/comments?post=638"}],"version-history":[{"count":8,"href":"https:\/\/objektmobiliar.ch\/fr\/wp-json\/wp\/v2\/pages\/638\/revisions"}],"predecessor-version":[{"id":3819,"href":"https:\/\/objektmobiliar.ch\/fr\/wp-json\/wp\/v2\/pages\/638\/revisions\/3819"}],"up":[{"embeddable":true,"href":"https:\/\/objektmobiliar.ch\/fr\/wp-json\/wp\/v2\/pages\/544"}],"wp:featuredmedia":[{"embeddable":true,"href":"https:\/\/objektmobiliar.ch\/fr\/wp-json\/wp\/v2\/media\/634"}],"wp:attachment":[{"href":"https:\/\/objektmobiliar.ch\/fr\/wp-json\/wp\/v2\/media?parent=638"}],"curies":[{"name":"wp","href":"https:\/\/api.w.org\/{rel}","templated":true}]}}