{"id":618,"date":"2023-10-16T14:21:26","date_gmt":"2023-10-16T14:21:26","guid":{"rendered":"https:\/\/dev.objektmobiliar.ch\/?page_id=618"},"modified":"2024-08-27T08:36:34","modified_gmt":"2024-08-27T08:36:34","slug":"chaises-rembourrees-modernes-pour-maisons-de-repos","status":"publish","type":"page","link":"https:\/\/objektmobiliar.ch\/fr\/moebel\/pflegegerechte-stuehle\/moderne-polsterstuehle-fuer-pflegeheime\/","title":{"rendered":"Enzo"},"content":{"rendered":"<div class=\"lazyblock-produkt-detail-ozg-OSUKf wp-block-lazyblock-produkt-detail-ozg\"><section class=\"sct\">\r\n      <div class=\"cnt\">\r\n        <div class=\"elmnt-product-desc\">\r\n          <div class=\"product-desc-box\"><img decoding=\"async\" src=\"https:\/\/objektmobiliar.ch\/wp-content\/uploads\/2023\/10\/enzo-stuhl.jpg\" loading=\"lazy\" alt=\"\" class=\"product-desc-img\"><\/div>\r\n          <div class=\"product-desc-txt\">\r\n            <h1 class=\"txt-product-headline\">Enzo<\/h1>\r\n            <h2 class=\"txt-product-subline\">Chaises rembourr\u00e9es modernes pour les maisons de soins<\/h2>\r\n            <div class=\"w-richtext\">\r\n              <p>La s\u00e9rie ENZO fait partie des chaises les plus appr\u00e9ci\u00e9es, car elle incarne un look classique et calme combin\u00e9 \u00e0 un langage des formes moderne. Le rembourrage de l'assise et du dossier des chaises garantit un confort d'assise maximal, qui peut \u00eatre encore am\u00e9lior\u00e9 par la version avec accoudoirs en option. Gr\u00e2ce \u00e0 la possibilit\u00e9 d'empilage, les chaises de la s\u00e9rie ENZO peuvent \u00eatre facilement rang\u00e9es. La s\u00e9rie ENZO est disponible avec ou sans accoudoirs.<\/p>\r\n            <\/div>\r\n            <a onclick=\"splite_loader();\" class=\"btn\">Demander un produit<\/a>\r\n          <\/div>\r\n        <\/div>\r\n      <\/div>\r\n    <\/section><\/div>\n\n<div class=\"lazyblock-produkt-slider-ozg-2riT4q wp-block-lazyblock-produkt-slider-ozg\"><section class=\"sct\">\r\n  <div class=\"cnt semi\">\r\n    <div class=\"intro-txt\">\r\n        <h2>Mod\u00e8les et versions<\/h2>\r\n    <\/div>\r\n    \r\n    <div class=\"elmnt-similar-products\">\r\n      <div class=\"similar-product\"><img decoding=\"async\" src=\"https:\/\/objektmobiliar.ch\/wp-content\/uploads\/2023\/10\/enzo-sondermodell.jpg\" loading=\"eager\" alt=\"Mod\u00e8le sp\u00e9cial Enzo Avec si\u00e8ge standard et dossier sp\u00e9cial\" class=\"similar-product-img\">\r\n        <div class=\"center\">\r\n          <div class=\"w-richtext\">\r\n            <p><strong>Enzo mod\u00e8le sp\u00e9cial<\/strong><br>Avec si\u00e8ge standard et<br>Dossier sp\u00e9cial<\/p>\r\n          <\/div>\r\n          \r\n        <\/div>\r\n      <\/div>\r\n      <div class=\"similar-product\"><img decoding=\"async\" src=\"https:\/\/objektmobiliar.ch\/wp-content\/uploads\/2023\/10\/enzo-4.jpg\" loading=\"eager\" alt=\"Chaise Enzo 4, assise confort, sans accoudoirs\" class=\"similar-product-img\">\r\n        <div class=\"center\">\r\n          <div class=\"w-richtext\">\r\n            <p><strong>Chaise Enzo 4,<\/strong><br>R\u00e9f. 200-0304\/S :<br>Si\u00e8ge confort, sans accoudoirs<\/p>\r\n          <\/div>\r\n          \r\n        <\/div>\r\n      <\/div>\r\n      <div class=\"similar-product\"><img decoding=\"async\" src=\"https:\/\/objektmobiliar.ch\/wp-content\/uploads\/2023\/10\/enzo-stuhl.jpg\" loading=\"eager\" alt=\"Chaises rembourr\u00e9es modernes pour les maisons de soins\" class=\"similar-product-img\">\r\n        <div class=\"center\">\r\n          <div class=\"w-richtext\">\r\n            <p><strong>Chaise Enzo 5,<\/strong><br>R\u00e9f. 200-0305\/S :<br>Si\u00e8ge confort, avec accoudoirs<\/p>\r\n          <\/div>\r\n          \r\n        <\/div>\r\n      <\/div>\r\n    <\/div>\r\n  <\/div>\r\n  \r\n  <div class=\"cnt narrow\">\r\n    <div class=\"similar-products-nav-pos\">\r\n      <div class=\"w-embed\">\r\n        \r\n      <\/div>\r\n    <\/div>\r\n  <\/div>\r\n<\/section><\/div>\n\n<div class=\"lazyblock-text-modul-ozg-Z1PpPhL wp-block-lazyblock-text-modul-ozg\"><section class=\"sct\">\r\n      <div class=\"cnt narrow\">\r\n        <div class=\"w-richtext\">\r\n            <p><img loading=\"lazy\" decoding=\"async\" class=\"alignnone size-full wp-image-617\" src=\"https:\/\/objektmobiliar.ch\/wp-content\/uploads\/2023\/10\/objektmobiliar-ozg-ag-tannzapfenland-2-von-5.jpg\" alt=\"Chaise Enzo 5, assise confort, avec accoudoirs\" width=\"1600\" height=\"1067\" srcset=\"https:\/\/objektmobiliar.ch\/wp-content\/uploads\/2023\/10\/objektmobiliar-ozg-ag-tannzapfenland-2-von-5.jpg 1600w, https:\/\/objektmobiliar.ch\/wp-content\/uploads\/2023\/10\/objektmobiliar-ozg-ag-tannzapfenland-2-von-5-800x534.jpg 800w, https:\/\/objektmobiliar.ch\/wp-content\/uploads\/2023\/10\/objektmobiliar-ozg-ag-tannzapfenland-2-von-5-768x512.jpg 768w, https:\/\/objektmobiliar.ch\/wp-content\/uploads\/2023\/10\/objektmobiliar-ozg-ag-tannzapfenland-2-von-5-1536x1024.jpg 1536w\" sizes=\"auto, (max-width: 1600px) 100vw, 1600px\" \/><\/p>\n<p><strong>Chaise Enzo 5,<\/strong><br \/>R\u00e9f. 200-0305\/S :<br \/>Si\u00e8ge confort, avec accoudoirs<\/p>\r\n        <\/div>\r\n      <\/div>\r\n    <\/section><\/div>\n\n\n<div class=\"wp-block-group\"><div class=\"wp-block-group__inner-container is-layout-constrained wp-block-group-is-layout-constrained\"><section class=\"sct\">\r\n      <div class=\"cnt narrow\">\r\n        <div class=\"introtxt\">\r\n        <div class=\"w-richtext\">\r\n            <h2>Description du produit<\/h2>\r\n        <\/div>\r\n        <\/div>\r\n        \r\n          \n\n\n<figure class=\"wp-block-table is-style-regular\"><table><thead><tr><th>Art. No.<\/th><th>Description<\/th><\/tr><\/thead><tbody><tr><td>200-0301\/S<\/td><td>Chaise Enzo 1, sans accoudoirs<\/td><\/tr><tr><td>200-0304\/S<\/td><td>Chaise Enzo 4, assise confort, sans accoudoirs<\/td><\/tr><tr><td>200-0302\/S<\/td><td>Chaise Enzo 2, avec accoudoirs<\/td><\/tr><tr><td>200-0305\/S<\/td><td>Chaise Enzo 5, assise confort, avec accoudoirs<\/td><\/tr><tr><td>200-0306\/S<\/td><td>Chaise Enzo 6, \u00e0 dossier haut, assise confort, avec accoudoirs<\/td><\/tr><\/tbody><\/table><\/figure>\n\n\n<\/div><\/section><\/div><\/div>\n\n\n<div class=\"lazyblock-text-modul-ozg-hIOw0 wp-block-lazyblock-text-modul-ozg\"><section class=\"sct\">\r\n      <div class=\"cnt semi\">\r\n        <div class=\"w-richtext\">\r\n            <h3>La s\u00e9rie Enzo - des chaises rembourr\u00e9es modernes pour les maisons de repos<\/h3>\n<p>Les chaises rembourr\u00e9es modernes pour les maisons de soins allient un style classique \u00e0 des formes modernes et comptent parmi les chaises les plus appr\u00e9ci\u00e9es dans les maisons de soins. Leur apparence \u00e9l\u00e9gante et discr\u00e8te cr\u00e9e une atmosph\u00e8re calme dans les espaces communs ou les chambres priv\u00e9es et s'int\u00e8gre parfaitement dans diff\u00e9rents concepts d'am\u00e9nagement.<\/p>\n<h3>Confort d'assise et ajustement individuel<\/h3>\n<p>Les chaises rembourr\u00e9es modernes pour les maisons de soins offrent un excellent confort gr\u00e2ce au rembourrage de l'assise et du dossier, ce qui est particuli\u00e8rement important pour les personnes \u00e2g\u00e9es. Les mod\u00e8les \u00e9quip\u00e9s d'assises confortables assurent un soutien encore plus important. Les chaises sont disponibles en diff\u00e9rents mod\u00e8les : sans accoudoirs, avec accoudoirs et \u00e0 dossier haut. Les accoudoirs permettent de se lever et de s'asseoir plus facilement, ce qui est particuli\u00e8rement avantageux pour les r\u00e9sidents.<\/p>\n<h3>Empilabilit\u00e9 et flexibilit\u00e9<\/h3>\n<p>Outre le confort, la s\u00e9rie Enzo convainc par sa grande fonctionnalit\u00e9. Gr\u00e2ce \u00e0 la possibilit\u00e9 de les empiler, les chaises peuvent \u00eatre stock\u00e9es de mani\u00e8re peu encombrante et utilis\u00e9es de mani\u00e8re flexible. Qu'il s'agisse de manifestations, de salles de s\u00e9jour ou de r\u00e9fectoires, les chaises peuvent \u00eatre facilement d\u00e9plac\u00e9es. La s\u00e9rie Enzo offre de multiples solutions pour le quotidien dans les maisons de retraite et assure un am\u00e9nagement pratique et esth\u00e9tique de l'espace. Choisissez parmi diff\u00e9rents <a href=\"https:\/\/objektmobiliar.ch\/fr\/inspiration\/materiaux-et-couleurs\/\">Mat\u00e9riaux et couleurs<\/a> le design qui s'adapte parfaitement \u00e0 votre int\u00e9rieur.<\/p>\r\n        <\/div>\r\n      <\/div>\r\n    <\/section><\/div><style class=\"advgb-styles-renderer\">\r\n            .similar-products-nav li {\r\n              overflow: hidden;\r\n              margin: 0px !important;\r\n              flex-grow: 0 !important;\r\n              flex-shrink: 1 !important;\r\n              flex-basis: 12.5% !important;\r\n              border-style: solid;\r\n              border-width: 2px;\r\n              border-color: transparent;\r\n              border-radius: 8px;\r\n              transition-property: border-color;\r\n              transition-duration: 600ms;\r\n              transition-timing-function: ease;\r\n              cursor: pointer;\r\n            }\r\n            .similar-products-nav li.slick-active {\r\n              border-color: #dde7ef;\r\n            }\r\n            @media screen and (max-width:767px) {\r\n              .similar-products-nav li {\r\n                flex-basis: auto !important;\r\n                border-radius: 8px;\r\n                padding-top: 8px;\r\n                padding-right: 16px;\r\n                padding-bottom: 6px;\r\n                padding-left: 16px;\r\n              }\r\n              .similar-products-nav li.slick-active {\r\n                background-color: #dde7ef;\r\n                transition-property: background-color, border-color;\r\n                transition-duration: 600ms, 200ms;\r\n                transition-timing-function: ease, ease;\r\n                color: #426b8a;\r\n              }\r\n            }\r\n          <\/style>","protected":false},"excerpt":{"rendered":"<p>Die Serie ENZO z\u00e4hlt zu den beliebtesten St\u00fchlen, verk\u00f6rpern sie doch einen klassischen und ruhig anmutenden Look kombiniert mit moderner Formensprache.<\/p>","protected":false},"author":2,"featured_media":615,"parent":544,"menu_order":0,"comment_status":"closed","ping_status":"closed","template":"","meta":{"advgb_blocks_editor_width":"","advgb_blocks_columns_visual_guide":"","footnotes":""},"class_list":["post-618","page","type-page","status-publish","has-post-thumbnail","hentry"],"yoast_head":"<!-- This site is optimized with the Yoast SEO plugin v27.4 - https:\/\/yoast.com\/product\/yoast-seo-wordpress\/ -->\n<title>Moderne Polsterst\u00fchle f\u00fcr Pflegeheime bei OZG<\/title>\n<meta name=\"description\" content=\"Moderne Polsterst\u00fchle f\u00fcr Pflegeheime garantieren h\u00f6chsten Sitzkomfort und sind mit oder ohne Armlehnen erh\u00e4ltlich.\" \/>\n<meta name=\"robots\" content=\"index, follow, max-snippet:-1, max-image-preview:large, max-video-preview:-1\" \/>\n<link rel=\"canonical\" href=\"https:\/\/objektmobiliar.ch\/fr\/meubles\/chaises-adaptees-aux-soins\/chaises-rembourrees-modernes-pour-maisons-de-repos\/\" \/>\n<meta property=\"og:locale\" content=\"fr_FR\" \/>\n<meta property=\"og:type\" content=\"article\" \/>\n<meta property=\"og:title\" content=\"Moderne Polsterst\u00fchle f\u00fcr Pflegeheime bei OZG\" \/>\n<meta property=\"og:description\" content=\"Moderne Polsterst\u00fchle f\u00fcr Pflegeheime garantieren h\u00f6chsten Sitzkomfort und sind mit oder ohne Armlehnen erh\u00e4ltlich.\" \/>\n<meta property=\"og:url\" content=\"https:\/\/objektmobiliar.ch\/fr\/meubles\/chaises-adaptees-aux-soins\/chaises-rembourrees-modernes-pour-maisons-de-repos\/\" \/>\n<meta property=\"og:site_name\" content=\"OZG HEALTHCARE\" \/>\n<meta property=\"article:modified_time\" content=\"2024-08-27T08:36:34+00:00\" \/>\n<meta property=\"og:image\" content=\"https:\/\/objektmobiliar.ch\/wp-content\/uploads\/2023\/10\/enzo-stuhl.jpg\" \/>\n\t<meta property=\"og:image:width\" content=\"1000\" \/>\n\t<meta property=\"og:image:height\" content=\"1000\" \/>\n\t<meta property=\"og:image:type\" content=\"image\/jpeg\" \/>\n<meta name=\"twitter:card\" content=\"summary_large_image\" \/>\n<meta name=\"twitter:label1\" content=\"Dur\u00e9e de lecture estim\u00e9e\" \/>\n\t<meta name=\"twitter:data1\" content=\"3 minutes\" \/>\n<script type=\"application\/ld+json\" class=\"yoast-schema-graph\">{\"@context\":\"https:\\\/\\\/schema.org\",\"@graph\":[{\"@type\":\"WebPage\",\"@id\":\"https:\\\/\\\/objektmobiliar.ch\\\/moebel\\\/pflegegerechte-stuehle\\\/moderne-polsterstuehle-fuer-pflegeheime\\\/\",\"url\":\"https:\\\/\\\/objektmobiliar.ch\\\/moebel\\\/pflegegerechte-stuehle\\\/moderne-polsterstuehle-fuer-pflegeheime\\\/\",\"name\":\"Moderne Polsterst\u00fchle f\u00fcr Pflegeheime bei OZG\",\"isPartOf\":{\"@id\":\"https:\\\/\\\/objektmobiliar.ch\\\/#website\"},\"primaryImageOfPage\":{\"@id\":\"https:\\\/\\\/objektmobiliar.ch\\\/moebel\\\/pflegegerechte-stuehle\\\/moderne-polsterstuehle-fuer-pflegeheime\\\/#primaryimage\"},\"image\":{\"@id\":\"https:\\\/\\\/objektmobiliar.ch\\\/moebel\\\/pflegegerechte-stuehle\\\/moderne-polsterstuehle-fuer-pflegeheime\\\/#primaryimage\"},\"thumbnailUrl\":\"https:\\\/\\\/objektmobiliar.ch\\\/wp-content\\\/uploads\\\/2023\\\/10\\\/enzo-stuhl.jpg\",\"datePublished\":\"2023-10-16T14:21:26+00:00\",\"dateModified\":\"2024-08-27T08:36:34+00:00\",\"description\":\"Moderne Polsterst\u00fchle f\u00fcr Pflegeheime garantieren h\u00f6chsten Sitzkomfort und sind mit oder ohne Armlehnen erh\u00e4ltlich.\",\"breadcrumb\":{\"@id\":\"https:\\\/\\\/objektmobiliar.ch\\\/moebel\\\/pflegegerechte-stuehle\\\/moderne-polsterstuehle-fuer-pflegeheime\\\/#breadcrumb\"},\"inLanguage\":\"fr-FR\",\"potentialAction\":[{\"@type\":\"ReadAction\",\"target\":[\"https:\\\/\\\/objektmobiliar.ch\\\/moebel\\\/pflegegerechte-stuehle\\\/moderne-polsterstuehle-fuer-pflegeheime\\\/\"]}]},{\"@type\":\"ImageObject\",\"inLanguage\":\"fr-FR\",\"@id\":\"https:\\\/\\\/objektmobiliar.ch\\\/moebel\\\/pflegegerechte-stuehle\\\/moderne-polsterstuehle-fuer-pflegeheime\\\/#primaryimage\",\"url\":\"https:\\\/\\\/objektmobiliar.ch\\\/wp-content\\\/uploads\\\/2023\\\/10\\\/enzo-stuhl.jpg\",\"contentUrl\":\"https:\\\/\\\/objektmobiliar.ch\\\/wp-content\\\/uploads\\\/2023\\\/10\\\/enzo-stuhl.jpg\",\"width\":1000,\"height\":1000,\"caption\":\"Moderne Polsterst\u00fchle f\u00fcr Pflegeheime\"},{\"@type\":\"BreadcrumbList\",\"@id\":\"https:\\\/\\\/objektmobiliar.ch\\\/moebel\\\/pflegegerechte-stuehle\\\/moderne-polsterstuehle-fuer-pflegeheime\\\/#breadcrumb\",\"itemListElement\":[{\"@type\":\"ListItem\",\"position\":1,\"name\":\"Startseite\",\"item\":\"https:\\\/\\\/objektmobiliar.ch\\\/\"},{\"@type\":\"ListItem\",\"position\":2,\"name\":\"M\u00f6bel\",\"item\":\"https:\\\/\\\/objektmobiliar.ch\\\/moebel\\\/\"},{\"@type\":\"ListItem\",\"position\":3,\"name\":\"St\u00fchle\",\"item\":\"https:\\\/\\\/objektmobiliar.ch\\\/moebel\\\/pflegegerechte-stuehle\\\/\"},{\"@type\":\"ListItem\",\"position\":4,\"name\":\"Enzo\"}]},{\"@type\":\"WebSite\",\"@id\":\"https:\\\/\\\/objektmobiliar.ch\\\/#website\",\"url\":\"https:\\\/\\\/objektmobiliar.ch\\\/\",\"name\":\"OZG HEALTHCARE\",\"description\":\"Objektmobiliar f\u00fcr Pflege, B\u00fcro, Praxis &amp; Hotellerie\",\"potentialAction\":[{\"@type\":\"SearchAction\",\"target\":{\"@type\":\"EntryPoint\",\"urlTemplate\":\"https:\\\/\\\/objektmobiliar.ch\\\/?s={search_term_string}\"},\"query-input\":{\"@type\":\"PropertyValueSpecification\",\"valueRequired\":true,\"valueName\":\"search_term_string\"}}],\"inLanguage\":\"fr-FR\"}]}<\/script>\n<!-- \/ Yoast SEO plugin. -->","yoast_head_json":{"title":"Des chaises rembourr\u00e9es modernes pour les maisons de soins chez OZG","description":"Les chaises rembourr\u00e9es modernes pour les maisons de soins garantissent un confort d'assise maximal et sont disponibles avec ou sans accoudoirs.","robots":{"index":"index","follow":"follow","max-snippet":"max-snippet:-1","max-image-preview":"max-image-preview:large","max-video-preview":"max-video-preview:-1"},"canonical":"https:\/\/objektmobiliar.ch\/fr\/meubles\/chaises-adaptees-aux-soins\/chaises-rembourrees-modernes-pour-maisons-de-repos\/","og_locale":"fr_FR","og_type":"article","og_title":"Moderne Polsterst\u00fchle f\u00fcr Pflegeheime bei OZG","og_description":"Moderne Polsterst\u00fchle f\u00fcr Pflegeheime garantieren h\u00f6chsten Sitzkomfort und sind mit oder ohne Armlehnen erh\u00e4ltlich.","og_url":"https:\/\/objektmobiliar.ch\/fr\/meubles\/chaises-adaptees-aux-soins\/chaises-rembourrees-modernes-pour-maisons-de-repos\/","og_site_name":"OZG HEALTHCARE","article_modified_time":"2024-08-27T08:36:34+00:00","og_image":[{"width":1000,"height":1000,"url":"https:\/\/objektmobiliar.ch\/wp-content\/uploads\/2023\/10\/enzo-stuhl.jpg","type":"image\/jpeg"}],"twitter_card":"summary_large_image","twitter_misc":{"Dur\u00e9e de lecture estim\u00e9e":"3 minutes"},"schema":{"@context":"https:\/\/schema.org","@graph":[{"@type":"WebPage","@id":"https:\/\/objektmobiliar.ch\/moebel\/pflegegerechte-stuehle\/moderne-polsterstuehle-fuer-pflegeheime\/","url":"https:\/\/objektmobiliar.ch\/moebel\/pflegegerechte-stuehle\/moderne-polsterstuehle-fuer-pflegeheime\/","name":"Des chaises rembourr\u00e9es modernes pour les maisons de soins chez OZG","isPartOf":{"@id":"https:\/\/objektmobiliar.ch\/#website"},"primaryImageOfPage":{"@id":"https:\/\/objektmobiliar.ch\/moebel\/pflegegerechte-stuehle\/moderne-polsterstuehle-fuer-pflegeheime\/#primaryimage"},"image":{"@id":"https:\/\/objektmobiliar.ch\/moebel\/pflegegerechte-stuehle\/moderne-polsterstuehle-fuer-pflegeheime\/#primaryimage"},"thumbnailUrl":"https:\/\/objektmobiliar.ch\/wp-content\/uploads\/2023\/10\/enzo-stuhl.jpg","datePublished":"2023-10-16T14:21:26+00:00","dateModified":"2024-08-27T08:36:34+00:00","description":"Les chaises rembourr\u00e9es modernes pour les maisons de soins garantissent un confort d'assise maximal et sont disponibles avec ou sans accoudoirs.","breadcrumb":{"@id":"https:\/\/objektmobiliar.ch\/moebel\/pflegegerechte-stuehle\/moderne-polsterstuehle-fuer-pflegeheime\/#breadcrumb"},"inLanguage":"fr-FR","potentialAction":[{"@type":"ReadAction","target":["https:\/\/objektmobiliar.ch\/moebel\/pflegegerechte-stuehle\/moderne-polsterstuehle-fuer-pflegeheime\/"]}]},{"@type":"ImageObject","inLanguage":"fr-FR","@id":"https:\/\/objektmobiliar.ch\/moebel\/pflegegerechte-stuehle\/moderne-polsterstuehle-fuer-pflegeheime\/#primaryimage","url":"https:\/\/objektmobiliar.ch\/wp-content\/uploads\/2023\/10\/enzo-stuhl.jpg","contentUrl":"https:\/\/objektmobiliar.ch\/wp-content\/uploads\/2023\/10\/enzo-stuhl.jpg","width":1000,"height":1000,"caption":"Moderne Polsterst\u00fchle f\u00fcr Pflegeheime"},{"@type":"BreadcrumbList","@id":"https:\/\/objektmobiliar.ch\/moebel\/pflegegerechte-stuehle\/moderne-polsterstuehle-fuer-pflegeheime\/#breadcrumb","itemListElement":[{"@type":"ListItem","position":1,"name":"Startseite","item":"https:\/\/objektmobiliar.ch\/"},{"@type":"ListItem","position":2,"name":"M\u00f6bel","item":"https:\/\/objektmobiliar.ch\/moebel\/"},{"@type":"ListItem","position":3,"name":"St\u00fchle","item":"https:\/\/objektmobiliar.ch\/moebel\/pflegegerechte-stuehle\/"},{"@type":"ListItem","position":4,"name":"Enzo"}]},{"@type":"WebSite","@id":"https:\/\/objektmobiliar.ch\/#website","url":"https:\/\/objektmobiliar.ch\/","name":"OZG HEALTHCARE","description":"Mobilier de collectivit\u00e9 pour les soins, les bureaux, les cabinets m\u00e9dicaux et l'h\u00f4tellerie","potentialAction":[{"@type":"SearchAction","target":{"@type":"EntryPoint","urlTemplate":"https:\/\/objektmobiliar.ch\/?s={search_term_string}"},"query-input":{"@type":"PropertyValueSpecification","valueRequired":true,"valueName":"search_term_string"}}],"inLanguage":"fr-FR"}]}},"coauthors":[],"author_meta":{"author_link":"https:\/\/objektmobiliar.ch\/fr\/author\/alex\/","display_name":"Alex"},"relative_dates":{"created":"Publi\u00e9 3 ans il y a","modified":"Mis \u00e0 jour 2 ans il y a"},"absolute_dates":{"created":"Publi\u00e9 le octobre 16, 2023","modified":"Mise \u00e0 jour le ao\u00fbt 27, 2024"},"absolute_dates_time":{"created":"Publi\u00e9 le octobre 16, 2023 2:21 pm","modified":"Mise \u00e0 jour le ao\u00fbt 27, 2024 8:36 am"},"featured_img_caption":"","featured_img":"https:\/\/objektmobiliar.ch\/wp-content\/uploads\/2023\/10\/enzo-stuhl-825x510.jpg","series_order":"","_links":{"self":[{"href":"https:\/\/objektmobiliar.ch\/fr\/wp-json\/wp\/v2\/pages\/618","targetHints":{"allow":["GET"]}}],"collection":[{"href":"https:\/\/objektmobiliar.ch\/fr\/wp-json\/wp\/v2\/pages"}],"about":[{"href":"https:\/\/objektmobiliar.ch\/fr\/wp-json\/wp\/v2\/types\/page"}],"author":[{"embeddable":true,"href":"https:\/\/objektmobiliar.ch\/fr\/wp-json\/wp\/v2\/users\/2"}],"replies":[{"embeddable":true,"href":"https:\/\/objektmobiliar.ch\/fr\/wp-json\/wp\/v2\/comments?post=618"}],"version-history":[{"count":8,"href":"https:\/\/objektmobiliar.ch\/fr\/wp-json\/wp\/v2\/pages\/618\/revisions"}],"predecessor-version":[{"id":3791,"href":"https:\/\/objektmobiliar.ch\/fr\/wp-json\/wp\/v2\/pages\/618\/revisions\/3791"}],"up":[{"embeddable":true,"href":"https:\/\/objektmobiliar.ch\/fr\/wp-json\/wp\/v2\/pages\/544"}],"wp:featuredmedia":[{"embeddable":true,"href":"https:\/\/objektmobiliar.ch\/fr\/wp-json\/wp\/v2\/media\/615"}],"wp:attachment":[{"href":"https:\/\/objektmobiliar.ch\/fr\/wp-json\/wp\/v2\/media?parent=618"}],"curies":[{"name":"wp","href":"https:\/\/api.w.org\/{rel}","templated":true}]}}