{"id":606,"date":"2023-10-16T14:09:43","date_gmt":"2023-10-16T14:09:43","guid":{"rendered":"https:\/\/dev.objektmobiliar.ch\/?page_id=606"},"modified":"2024-08-27T07:57:15","modified_gmt":"2024-08-27T07:57:15","slug":"chaises-confortables-pour-maisons-de-retraite","status":"publish","type":"page","link":"https:\/\/objektmobiliar.ch\/fr\/moebel\/pflegegerechte-stuehle\/komfortablen-stuehle-fuer-altenheime\/","title":{"rendered":"Emil"},"content":{"rendered":"<div class=\"lazyblock-produkt-detail-ozg-Z1Oxcie wp-block-lazyblock-produkt-detail-ozg\"><section class=\"sct\">\r\n      <div class=\"cnt\">\r\n        <div class=\"elmnt-product-desc\">\r\n          <div class=\"product-desc-box\"><img decoding=\"async\" src=\"https:\/\/objektmobiliar.ch\/wp-content\/uploads\/2023\/10\/emil-stuhl.jpg\" loading=\"lazy\" alt=\"\" class=\"product-desc-img\"><\/div>\r\n          <div class=\"product-desc-txt\">\r\n            <h1 class=\"txt-product-headline\">Emil<\/h1>\r\n            <h2 class=\"txt-product-subline\">Les chaises confortables pour les maisons de retraite<\/h2>\r\n            <div class=\"w-richtext\">\r\n              <p>La s\u00e9rie EMIL s\u00e9duit par sa discr\u00e9tion et sa structure en bois de haute qualit\u00e9 et assure ainsi le calme dans les locaux de toutes tailles. Outre un bon confort d'assise, la s\u00e9rie EMIL offre une possibilit\u00e9 d'empilage pratique. La s\u00e9rie EMIL est disponible avec ou sans accoudoirs.<\/p>\r\n            <\/div>\r\n            <a onclick=\"splite_loader();\" class=\"btn\">Demander un produit<\/a>\r\n          <\/div>\r\n        <\/div>\r\n      <\/div>\r\n    <\/section><\/div>\n\n<div class=\"lazyblock-produkt-slider-ozg-1fCVfp wp-block-lazyblock-produkt-slider-ozg\"><section class=\"sct\">\r\n  <div class=\"cnt semi\">\r\n    <div class=\"intro-txt\">\r\n        <h2>Mod\u00e8les et versions<\/h2>\r\n    <\/div>\r\n    \r\n    <div class=\"elmnt-similar-products\">\r\n      <div class=\"similar-product\"><img decoding=\"async\" src=\"https:\/\/objektmobiliar.ch\/wp-content\/uploads\/2023\/10\/emil-1-ohne-armlehnen.jpg\" loading=\"eager\" alt=\"Chaise Emil 1, sans accoudoirs\" class=\"similar-product-img\">\r\n        <div class=\"center\">\r\n          <div class=\"w-richtext\">\r\n            <p><strong>Chaise Emil 1,<\/strong><br>Sans accoudoirs<\/p>\r\n          <\/div>\r\n          \r\n        <\/div>\r\n      <\/div>\r\n      <div class=\"similar-product\"><img decoding=\"async\" src=\"https:\/\/objektmobiliar.ch\/wp-content\/uploads\/2023\/10\/emil-2-detail.jpg\" loading=\"eager\" alt=\"Chaise Emil 2, avec accoudoirs\" class=\"similar-product-img\">\r\n        <div class=\"center\">\r\n          <div class=\"w-richtext\">\r\n            <p><strong>Chaise Emil 2,<\/strong><br>R\u00e9f. 200-0086\/S :<br>Avec accoudoirs<\/p>\r\n          <\/div>\r\n          \r\n        <\/div>\r\n      <\/div>\r\n      <div class=\"similar-product\"><img decoding=\"async\" src=\"https:\/\/objektmobiliar.ch\/wp-content\/uploads\/2023\/10\/emil-2-mit-armlehnen.jpg\" loading=\"eager\" alt=\"Chaise Emil 2, avec accoudoirs\" class=\"similar-product-img\">\r\n        <div class=\"center\">\r\n          <div class=\"w-richtext\">\r\n            <p><strong>Chaise Emil 2,<\/strong><br>R\u00e9f. 200-0086\/S :<br>Avec accoudoirs<\/p>\r\n          <\/div>\r\n          \r\n        <\/div>\r\n      <\/div>\r\n      <div class=\"similar-product\"><img decoding=\"async\" src=\"https:\/\/objektmobiliar.ch\/wp-content\/uploads\/2023\/10\/emil-2-mit-armlehnen-02.jpg\" loading=\"eager\" alt=\"Chaise Emil 2, avec accoudoirs\" class=\"similar-product-img\">\r\n        <div class=\"center\">\r\n          <div class=\"w-richtext\">\r\n            <p><strong>Chaise Emil 2,<\/strong><br>R\u00e9f. 200-0086\/S :<br>Avec accoudoirs<\/p>\r\n          <\/div>\r\n          \r\n        <\/div>\r\n      <\/div>\r\n    <\/div>\r\n  <\/div>\r\n  \r\n  <div class=\"cnt narrow\">\r\n    <div class=\"similar-products-nav-pos\">\r\n      <div class=\"w-embed\">\r\n        \r\n      <\/div>\r\n    <\/div>\r\n  <\/div>\r\n<\/section><\/div>\n\n<div class=\"lazyblock-text-modul-ozg-Z1ykU6y wp-block-lazyblock-text-modul-ozg\"><section class=\"sct\">\r\n      <div class=\"cnt narrow\">\r\n        <div class=\"w-richtext\">\r\n            <p><img loading=\"lazy\" decoding=\"async\" class=\"alignnone size-full wp-image-612\" src=\"https:\/\/objektmobiliar.ch\/wp-content\/uploads\/2023\/10\/emil-1.jpg\" alt=\"Chaise Emil 2,Art.-Nr. 200-0086\/S:Avec accoudoirs\" width=\"1200\" height=\"800\" srcset=\"https:\/\/objektmobiliar.ch\/wp-content\/uploads\/2023\/10\/emil-1.jpg 1200w, https:\/\/objektmobiliar.ch\/wp-content\/uploads\/2023\/10\/emil-1-800x533.jpg 800w, https:\/\/objektmobiliar.ch\/wp-content\/uploads\/2023\/10\/emil-1-768x512.jpg 768w\" sizes=\"auto, (max-width: 1200px) 100vw, 1200px\" \/><\/p>\n<p><strong>Chaise Emil 2,<\/strong><br \/>R\u00e9f. 200-0086\/S :<br \/>Avec accoudoirs<\/p>\r\n        <\/div>\r\n      <\/div>\r\n    <\/section><\/div>\n\n\n<div class=\"wp-block-group\"><div class=\"wp-block-group__inner-container is-layout-constrained wp-block-group-is-layout-constrained\"><section class=\"sct\">\r\n      <div class=\"cnt narrow\">\r\n        <div class=\"introtxt\">\r\n        <div class=\"w-richtext\">\r\n            <h2>Description du produit<\/h2>\r\n        <\/div>\r\n        <\/div>\r\n        \r\n          \n\n\n<figure class=\"wp-block-table is-style-regular\"><table><thead><tr><th>Art. No.<\/th><th>Description<\/th><\/tr><\/thead><tbody><tr><td>200-0085\/S<\/td><td>Chaise Emil 1, sans accoudoirs<\/td><\/tr><tr><td>200-0086\/S<\/td><td>Chaise Emil 2, avec accoudoirs<\/td><\/tr><\/tbody><\/table><\/figure>\n\n\n<\/div><\/section><\/div><\/div>\n\n\n<div class=\"lazyblock-text-modul-ozg-2icU15 wp-block-lazyblock-text-modul-ozg\"><section class=\"sct\">\r\n      <div class=\"cnt narrow\">\r\n        <div class=\"w-richtext\">\r\n            <h3>S\u00e9rie EMIL - Les chaises confortables pour les maisons de retraite<\/h3>\n<p>Les chaises confortables pour maisons de retraite sont une combinaison id\u00e9ale de confort, de fonctionnalit\u00e9 et d'esth\u00e9tique intemporelle. Leur design discret et leur structure en bois de qualit\u00e9 sup\u00e9rieure cr\u00e9ent une atmosph\u00e8re calme et agr\u00e9able dans chaque \u00e9tablissement. Que ce soit dans les espaces communs ou priv\u00e9s, les chaises confortables pour maisons de retraite s'int\u00e8grent harmonieusement dans diff\u00e9rents concepts d'espace et favorisent un environnement apaisant.<\/p>\n<h3>Confort d'assise ergonomique et flexibilit\u00e9<\/h3>\n<p>Les chaises confortables pour les maisons de retraite sont adapt\u00e9es au confort d'assise des personnes \u00e2g\u00e9es. Leur forme ergonomique offre un excellent soutien, m\u00eame lors de longues p\u00e9riodes en position assise. Une autre caract\u00e9ristique pratique est que les chaises sont empilables, ce qui les rend particuli\u00e8rement peu encombrantes et faciles \u00e0 manipuler. Dans les situations o\u00f9 il est n\u00e9cessaire de les d\u00e9placer ou de les stocker rapidement, elles se r\u00e9v\u00e8lent extr\u00eamement flexibles et efficaces.<\/p>\n<h3>Des options vari\u00e9es pour r\u00e9pondre aux besoins individuels<\/h3>\n<p>Les chaises confortables sont disponibles avec ou sans accoudoirs afin de r\u00e9pondre aux diff\u00e9rents besoins. Les accoudoirs offrent un soutien suppl\u00e9mentaire aux personnes \u00e2g\u00e9es et leur permettent de se lever et de s'asseoir plus facilement. En m\u00eame temps, la variante sans accoudoirs reste flexible et peu encombrante, id\u00e9ale pour les pi\u00e8ces o\u00f9 une plus grande libert\u00e9 de mouvement est n\u00e9cessaire. Gr\u00e2ce \u00e0 ses mat\u00e9riaux durables et \u00e0 ses multiples possibilit\u00e9s d'utilisation, la s\u00e9rie EMIL est un excellent choix pour les maisons de retraite qui appr\u00e9cient \u00e0 la fois la fonctionnalit\u00e9 et le style. Choisissez parmi diff\u00e9rents <a href=\"https:\/\/objektmobiliar.ch\/fr\/inspiration\/materiaux-et-couleurs\/\">Mat\u00e9riaux et couleurs<\/a> le design qui s'adapte parfaitement \u00e0 votre int\u00e9rieur.<\/p>\r\n        <\/div>\r\n      <\/div>\r\n    <\/section><\/div><style class=\"advgb-styles-renderer\">\r\n            .similar-products-nav li {\r\n              overflow: hidden;\r\n              margin: 0px !important;\r\n              flex-grow: 0 !important;\r\n              flex-shrink: 1 !important;\r\n              flex-basis: 12.5% !important;\r\n              border-style: solid;\r\n              border-width: 2px;\r\n              border-color: transparent;\r\n              border-radius: 8px;\r\n              transition-property: border-color;\r\n              transition-duration: 600ms;\r\n              transition-timing-function: ease;\r\n              cursor: pointer;\r\n            }\r\n            .similar-products-nav li.slick-active {\r\n              border-color: #dde7ef;\r\n            }\r\n            @media screen and (max-width:767px) {\r\n              .similar-products-nav li {\r\n                flex-basis: auto !important;\r\n                border-radius: 8px;\r\n                padding-top: 8px;\r\n                padding-right: 16px;\r\n                padding-bottom: 6px;\r\n                padding-left: 16px;\r\n              }\r\n              .similar-products-nav li.slick-active {\r\n                background-color: #dde7ef;\r\n                transition-property: background-color, border-color;\r\n                transition-duration: 600ms, 200ms;\r\n                transition-timing-function: ease, ease;\r\n                color: #426b8a;\r\n              }\r\n            }\r\n          <\/style>","protected":false},"excerpt":{"rendered":"<p>Die Serie EMIL \u00fcberzeugt durch Unaufdringlichkeit sowie hochwertiges Holzgestell und sorgt somit f\u00fcr Ruhe in R\u00e4umlichkeiten jeder Gr\u00f6sse.<\/p>","protected":false},"author":2,"featured_media":610,"parent":544,"menu_order":0,"comment_status":"closed","ping_status":"closed","template":"","meta":{"advgb_blocks_editor_width":"","advgb_blocks_columns_visual_guide":"","footnotes":""},"class_list":["post-606","page","type-page","status-publish","has-post-thumbnail","hentry"],"yoast_head":"<!-- This site is optimized with the Yoast SEO plugin v27.4 - https:\/\/yoast.com\/product\/yoast-seo-wordpress\/ -->\n<title>Komfortablen St\u00fchle f\u00fcr Altenheime bei OZG<\/title>\n<meta name=\"description\" content=\"Die komfortablen St\u00fchle f\u00fcr Altenheime \u00fcberzeugen durch ein hochwertiges Holzgestell und sorgen somit f\u00fcr Ruhe in R\u00e4umlichkeiten.\" \/>\n<meta name=\"robots\" content=\"index, follow, max-snippet:-1, max-image-preview:large, max-video-preview:-1\" \/>\n<link rel=\"canonical\" href=\"https:\/\/objektmobiliar.ch\/fr\/meubles\/chaises-adaptees-aux-soins\/chaises-confortables-pour-maisons-de-retraite\/\" \/>\n<meta property=\"og:locale\" content=\"fr_FR\" \/>\n<meta property=\"og:type\" content=\"article\" \/>\n<meta property=\"og:title\" content=\"Komfortablen St\u00fchle f\u00fcr Altenheime bei OZG\" \/>\n<meta property=\"og:description\" content=\"Die komfortablen St\u00fchle f\u00fcr Altenheime \u00fcberzeugen durch ein hochwertiges Holzgestell und sorgen somit f\u00fcr Ruhe in R\u00e4umlichkeiten.\" \/>\n<meta property=\"og:url\" content=\"https:\/\/objektmobiliar.ch\/fr\/meubles\/chaises-adaptees-aux-soins\/chaises-confortables-pour-maisons-de-retraite\/\" \/>\n<meta property=\"og:site_name\" content=\"OZG HEALTHCARE\" \/>\n<meta property=\"article:modified_time\" content=\"2024-08-27T07:57:15+00:00\" \/>\n<meta property=\"og:image\" content=\"https:\/\/objektmobiliar.ch\/wp-content\/uploads\/2023\/10\/emil-stuhl.jpg\" \/>\n\t<meta property=\"og:image:width\" content=\"1000\" \/>\n\t<meta property=\"og:image:height\" content=\"1000\" \/>\n\t<meta property=\"og:image:type\" content=\"image\/jpeg\" \/>\n<meta name=\"twitter:card\" content=\"summary_large_image\" \/>\n<meta name=\"twitter:label1\" content=\"Dur\u00e9e de lecture estim\u00e9e\" \/>\n\t<meta name=\"twitter:data1\" content=\"4 minutes\" \/>\n<script type=\"application\/ld+json\" class=\"yoast-schema-graph\">{\"@context\":\"https:\\\/\\\/schema.org\",\"@graph\":[{\"@type\":\"WebPage\",\"@id\":\"https:\\\/\\\/objektmobiliar.ch\\\/moebel\\\/pflegegerechte-stuehle\\\/komfortablen-stuehle-fuer-altenheime\\\/\",\"url\":\"https:\\\/\\\/objektmobiliar.ch\\\/moebel\\\/pflegegerechte-stuehle\\\/komfortablen-stuehle-fuer-altenheime\\\/\",\"name\":\"Komfortablen St\u00fchle f\u00fcr Altenheime bei OZG\",\"isPartOf\":{\"@id\":\"https:\\\/\\\/objektmobiliar.ch\\\/#website\"},\"primaryImageOfPage\":{\"@id\":\"https:\\\/\\\/objektmobiliar.ch\\\/moebel\\\/pflegegerechte-stuehle\\\/komfortablen-stuehle-fuer-altenheime\\\/#primaryimage\"},\"image\":{\"@id\":\"https:\\\/\\\/objektmobiliar.ch\\\/moebel\\\/pflegegerechte-stuehle\\\/komfortablen-stuehle-fuer-altenheime\\\/#primaryimage\"},\"thumbnailUrl\":\"https:\\\/\\\/objektmobiliar.ch\\\/wp-content\\\/uploads\\\/2023\\\/10\\\/emil-stuhl.jpg\",\"datePublished\":\"2023-10-16T14:09:43+00:00\",\"dateModified\":\"2024-08-27T07:57:15+00:00\",\"description\":\"Die komfortablen St\u00fchle f\u00fcr Altenheime \u00fcberzeugen durch ein hochwertiges Holzgestell und sorgen somit f\u00fcr Ruhe in R\u00e4umlichkeiten.\",\"breadcrumb\":{\"@id\":\"https:\\\/\\\/objektmobiliar.ch\\\/moebel\\\/pflegegerechte-stuehle\\\/komfortablen-stuehle-fuer-altenheime\\\/#breadcrumb\"},\"inLanguage\":\"fr-FR\",\"potentialAction\":[{\"@type\":\"ReadAction\",\"target\":[\"https:\\\/\\\/objektmobiliar.ch\\\/moebel\\\/pflegegerechte-stuehle\\\/komfortablen-stuehle-fuer-altenheime\\\/\"]}]},{\"@type\":\"ImageObject\",\"inLanguage\":\"fr-FR\",\"@id\":\"https:\\\/\\\/objektmobiliar.ch\\\/moebel\\\/pflegegerechte-stuehle\\\/komfortablen-stuehle-fuer-altenheime\\\/#primaryimage\",\"url\":\"https:\\\/\\\/objektmobiliar.ch\\\/wp-content\\\/uploads\\\/2023\\\/10\\\/emil-stuhl.jpg\",\"contentUrl\":\"https:\\\/\\\/objektmobiliar.ch\\\/wp-content\\\/uploads\\\/2023\\\/10\\\/emil-stuhl.jpg\",\"width\":1000,\"height\":1000,\"caption\":\"Komfortablen St\u00fchle f\u00fcr Altenheime\"},{\"@type\":\"BreadcrumbList\",\"@id\":\"https:\\\/\\\/objektmobiliar.ch\\\/moebel\\\/pflegegerechte-stuehle\\\/komfortablen-stuehle-fuer-altenheime\\\/#breadcrumb\",\"itemListElement\":[{\"@type\":\"ListItem\",\"position\":1,\"name\":\"Startseite\",\"item\":\"https:\\\/\\\/objektmobiliar.ch\\\/\"},{\"@type\":\"ListItem\",\"position\":2,\"name\":\"M\u00f6bel\",\"item\":\"https:\\\/\\\/objektmobiliar.ch\\\/moebel\\\/\"},{\"@type\":\"ListItem\",\"position\":3,\"name\":\"St\u00fchle\",\"item\":\"https:\\\/\\\/objektmobiliar.ch\\\/moebel\\\/pflegegerechte-stuehle\\\/\"},{\"@type\":\"ListItem\",\"position\":4,\"name\":\"Emil\"}]},{\"@type\":\"WebSite\",\"@id\":\"https:\\\/\\\/objektmobiliar.ch\\\/#website\",\"url\":\"https:\\\/\\\/objektmobiliar.ch\\\/\",\"name\":\"OZG HEALTHCARE\",\"description\":\"Objektmobiliar f\u00fcr Pflege, B\u00fcro, Praxis &amp; Hotellerie\",\"potentialAction\":[{\"@type\":\"SearchAction\",\"target\":{\"@type\":\"EntryPoint\",\"urlTemplate\":\"https:\\\/\\\/objektmobiliar.ch\\\/?s={search_term_string}\"},\"query-input\":{\"@type\":\"PropertyValueSpecification\",\"valueRequired\":true,\"valueName\":\"search_term_string\"}}],\"inLanguage\":\"fr-FR\"}]}<\/script>\n<!-- \/ Yoast SEO plugin. -->","yoast_head_json":{"title":"Des chaises confortables pour les maisons de retraite chez OZG","description":"Les chaises confortables pour maisons de retraite s\u00e9duisent par leur structure en bois de haute qualit\u00e9 et assurent ainsi la tranquillit\u00e9 des locaux.","robots":{"index":"index","follow":"follow","max-snippet":"max-snippet:-1","max-image-preview":"max-image-preview:large","max-video-preview":"max-video-preview:-1"},"canonical":"https:\/\/objektmobiliar.ch\/fr\/meubles\/chaises-adaptees-aux-soins\/chaises-confortables-pour-maisons-de-retraite\/","og_locale":"fr_FR","og_type":"article","og_title":"Komfortablen St\u00fchle f\u00fcr Altenheime bei OZG","og_description":"Die komfortablen St\u00fchle f\u00fcr Altenheime \u00fcberzeugen durch ein hochwertiges Holzgestell und sorgen somit f\u00fcr Ruhe in R\u00e4umlichkeiten.","og_url":"https:\/\/objektmobiliar.ch\/fr\/meubles\/chaises-adaptees-aux-soins\/chaises-confortables-pour-maisons-de-retraite\/","og_site_name":"OZG HEALTHCARE","article_modified_time":"2024-08-27T07:57:15+00:00","og_image":[{"width":1000,"height":1000,"url":"https:\/\/objektmobiliar.ch\/wp-content\/uploads\/2023\/10\/emil-stuhl.jpg","type":"image\/jpeg"}],"twitter_card":"summary_large_image","twitter_misc":{"Dur\u00e9e de lecture estim\u00e9e":"4 minutes"},"schema":{"@context":"https:\/\/schema.org","@graph":[{"@type":"WebPage","@id":"https:\/\/objektmobiliar.ch\/moebel\/pflegegerechte-stuehle\/komfortablen-stuehle-fuer-altenheime\/","url":"https:\/\/objektmobiliar.ch\/moebel\/pflegegerechte-stuehle\/komfortablen-stuehle-fuer-altenheime\/","name":"Des chaises confortables pour les maisons de retraite chez OZG","isPartOf":{"@id":"https:\/\/objektmobiliar.ch\/#website"},"primaryImageOfPage":{"@id":"https:\/\/objektmobiliar.ch\/moebel\/pflegegerechte-stuehle\/komfortablen-stuehle-fuer-altenheime\/#primaryimage"},"image":{"@id":"https:\/\/objektmobiliar.ch\/moebel\/pflegegerechte-stuehle\/komfortablen-stuehle-fuer-altenheime\/#primaryimage"},"thumbnailUrl":"https:\/\/objektmobiliar.ch\/wp-content\/uploads\/2023\/10\/emil-stuhl.jpg","datePublished":"2023-10-16T14:09:43+00:00","dateModified":"2024-08-27T07:57:15+00:00","description":"Les chaises confortables pour maisons de retraite s\u00e9duisent par leur structure en bois de haute qualit\u00e9 et assurent ainsi la tranquillit\u00e9 des locaux.","breadcrumb":{"@id":"https:\/\/objektmobiliar.ch\/moebel\/pflegegerechte-stuehle\/komfortablen-stuehle-fuer-altenheime\/#breadcrumb"},"inLanguage":"fr-FR","potentialAction":[{"@type":"ReadAction","target":["https:\/\/objektmobiliar.ch\/moebel\/pflegegerechte-stuehle\/komfortablen-stuehle-fuer-altenheime\/"]}]},{"@type":"ImageObject","inLanguage":"fr-FR","@id":"https:\/\/objektmobiliar.ch\/moebel\/pflegegerechte-stuehle\/komfortablen-stuehle-fuer-altenheime\/#primaryimage","url":"https:\/\/objektmobiliar.ch\/wp-content\/uploads\/2023\/10\/emil-stuhl.jpg","contentUrl":"https:\/\/objektmobiliar.ch\/wp-content\/uploads\/2023\/10\/emil-stuhl.jpg","width":1000,"height":1000,"caption":"Komfortablen St\u00fchle f\u00fcr Altenheime"},{"@type":"BreadcrumbList","@id":"https:\/\/objektmobiliar.ch\/moebel\/pflegegerechte-stuehle\/komfortablen-stuehle-fuer-altenheime\/#breadcrumb","itemListElement":[{"@type":"ListItem","position":1,"name":"Startseite","item":"https:\/\/objektmobiliar.ch\/"},{"@type":"ListItem","position":2,"name":"M\u00f6bel","item":"https:\/\/objektmobiliar.ch\/moebel\/"},{"@type":"ListItem","position":3,"name":"St\u00fchle","item":"https:\/\/objektmobiliar.ch\/moebel\/pflegegerechte-stuehle\/"},{"@type":"ListItem","position":4,"name":"Emil"}]},{"@type":"WebSite","@id":"https:\/\/objektmobiliar.ch\/#website","url":"https:\/\/objektmobiliar.ch\/","name":"OZG HEALTHCARE","description":"Mobilier de collectivit\u00e9 pour les soins, les bureaux, les cabinets m\u00e9dicaux et l'h\u00f4tellerie","potentialAction":[{"@type":"SearchAction","target":{"@type":"EntryPoint","urlTemplate":"https:\/\/objektmobiliar.ch\/?s={search_term_string}"},"query-input":{"@type":"PropertyValueSpecification","valueRequired":true,"valueName":"search_term_string"}}],"inLanguage":"fr-FR"}]}},"coauthors":[],"author_meta":{"author_link":"https:\/\/objektmobiliar.ch\/fr\/author\/alex\/","display_name":"Alex"},"relative_dates":{"created":"Publi\u00e9 3 ans il y a","modified":"Mis \u00e0 jour 2 ans il y a"},"absolute_dates":{"created":"Publi\u00e9 le octobre 16, 2023","modified":"Mise \u00e0 jour le ao\u00fbt 27, 2024"},"absolute_dates_time":{"created":"Publi\u00e9 le octobre 16, 2023 2:09 pm","modified":"Mise \u00e0 jour le ao\u00fbt 27, 2024 7:57 am"},"featured_img_caption":"","featured_img":"https:\/\/objektmobiliar.ch\/wp-content\/uploads\/2023\/10\/emil-stuhl-825x510.jpg","series_order":"","_links":{"self":[{"href":"https:\/\/objektmobiliar.ch\/fr\/wp-json\/wp\/v2\/pages\/606","targetHints":{"allow":["GET"]}}],"collection":[{"href":"https:\/\/objektmobiliar.ch\/fr\/wp-json\/wp\/v2\/pages"}],"about":[{"href":"https:\/\/objektmobiliar.ch\/fr\/wp-json\/wp\/v2\/types\/page"}],"author":[{"embeddable":true,"href":"https:\/\/objektmobiliar.ch\/fr\/wp-json\/wp\/v2\/users\/2"}],"replies":[{"embeddable":true,"href":"https:\/\/objektmobiliar.ch\/fr\/wp-json\/wp\/v2\/comments?post=606"}],"version-history":[{"count":6,"href":"https:\/\/objektmobiliar.ch\/fr\/wp-json\/wp\/v2\/pages\/606\/revisions"}],"predecessor-version":[{"id":3780,"href":"https:\/\/objektmobiliar.ch\/fr\/wp-json\/wp\/v2\/pages\/606\/revisions\/3780"}],"up":[{"embeddable":true,"href":"https:\/\/objektmobiliar.ch\/fr\/wp-json\/wp\/v2\/pages\/544"}],"wp:featuredmedia":[{"embeddable":true,"href":"https:\/\/objektmobiliar.ch\/fr\/wp-json\/wp\/v2\/media\/610"}],"wp:attachment":[{"href":"https:\/\/objektmobiliar.ch\/fr\/wp-json\/wp\/v2\/media?parent=606"}],"curies":[{"name":"wp","href":"https:\/\/api.w.org\/{rel}","templated":true}]}}