{"id":5957,"date":"2026-03-18T17:31:39","date_gmt":"2026-03-18T17:31:39","guid":{"rendered":"https:\/\/objektmobiliar.ch\/?page_id=5957"},"modified":"2026-03-23T13:32:36","modified_gmt":"2026-03-23T13:32:36","slug":"leichter-polstersessel-livi","status":"publish","type":"page","link":"https:\/\/objektmobiliar.ch\/fr\/moebel\/pflegegerechte-polstermoebel\/leichter-polstersessel-livi\/","title":{"rendered":"Leichter Polstersessel Livi"},"content":{"rendered":"<div class=\"lazyblock-produkt-detail-ozg-x9Sj9 wp-block-lazyblock-produkt-detail-ozg\"><section class=\"sct\">\r\n      <div class=\"cnt\">\r\n        <div class=\"elmnt-product-desc\">\r\n          <div class=\"product-desc-box\"><img decoding=\"async\" src=\"https:\/\/objektmobiliar.ch\/wp-content\/uploads\/2026\/03\/Leichter-Polstersessel-Livi-Chrome-Gestell.jpg\" loading=\"lazy\" alt=\"\" class=\"product-desc-img\"><\/div>\r\n          <div class=\"product-desc-txt\">\r\n            <h1 class=\"txt-product-headline\">Leichter Polstersessel Livi<\/h1>\r\n            <h2 class=\"txt-product-subline\">F\u00fcr Lounges, Esszimmer, Konferenzr\u00e4ume<\/h2>\r\n            <div class=\"w-richtext\">\r\n              <p>Unser leichter Polstersessel Livi ist ideal f\u00fcr Lounges, Esszimmer oder Konferenzr\u00e4ume. Die Polsterschale ist in zwei unterschiedlichen R\u00fcckenh\u00f6hen erh\u00e4ltlich. Das Sitzelement ist zur Reinigung herausnehmbar. Das klassische 4-Fuss-Gestell kann standardm\u00e4ssig in der Varianten Chrome bezogen werden. Die Auswahl an Bezugsstoffen und Farben \u2013 ob Kunstleder oder Microfaser \u2013 ist nahezu grenzenlos. So entsteht ein variantenreicher Baukasten, aus dem M\u00f6bel f\u00fcr die unterschiedlichsten W\u00fcnsche und Anforderungen kombiniert werden k\u00f6nnen.<\/p>\n<p>Fragen Sie bei uns an, gerne senden wir Ihnen die Farbauswahl zu.<\/p>\r\n            <\/div>\r\n            <a onclick=\"splite_loader();\" class=\"btn\">Demander un produit<\/a>\r\n          <\/div>\r\n        <\/div>\r\n      <\/div>\r\n    <\/section><\/div>\n\n<div class=\"lazyblock-produkt-slider-ozg-Z10W3PQ wp-block-lazyblock-produkt-slider-ozg\"><section class=\"sct\">\r\n  <div class=\"cnt semi\">\r\n    <div class=\"intro-txt\">\r\n        <h2>Modelle des leichten Polstersessels<\/h2>\r\n    <\/div>\r\n    \r\n    <div class=\"elmnt-similar-products\">\r\n      <div class=\"similar-product\"><img decoding=\"async\" src=\"https:\/\/objektmobiliar.ch\/wp-content\/uploads\/2026\/03\/Leichter-Polstersessel-Livi-Rueckenansicht.jpg\" loading=\"eager\" alt=\"\" class=\"similar-product-img\">\r\n        <div class=\"center\">\r\n          <div class=\"w-richtext\">\r\n            <p>220-0248\/S<br>Niedrige R\u00fcckenh\u00f6he<\/p>\r\n          <\/div>\r\n          \r\n        <\/div>\r\n      <\/div>\r\n      <div class=\"similar-product\"><img decoding=\"async\" src=\"https:\/\/objektmobiliar.ch\/wp-content\/uploads\/2026\/03\/Livi-Hochlehner-Kunstleder-Chrome.jpg\" loading=\"eager\" alt=\"Leichter Polstersessel Livi Hochlehner\" class=\"similar-product-img\">\r\n        <div class=\"center\">\r\n          <div class=\"w-richtext\">\r\n            <p>220-0249\/S<br>Hoher R\u00fccken<\/p>\r\n          <\/div>\r\n          \r\n        <\/div>\r\n      <\/div>\r\n      <div class=\"similar-product\"><img decoding=\"async\" src=\"https:\/\/objektmobiliar.ch\/wp-content\/uploads\/2026\/03\/Polstersessel-Livi-Frontansicht.jpg\" loading=\"eager\" alt=\"Polstersessel Livi Mikrofaserbezug\" class=\"similar-product-img\">\r\n        <div class=\"center\">\r\n          <div class=\"w-richtext\">\r\n            <p>220-0248\/S<br>Niedrige R\u00fcckenh\u00f6he<\/p>\r\n          <\/div>\r\n          \r\n        <\/div>\r\n      <\/div>\r\n      <div class=\"similar-product\"><img decoding=\"async\" src=\"https:\/\/objektmobiliar.ch\/wp-content\/uploads\/2026\/03\/Leichter-Sessel-Livi-Hochlehner-Grau-Chrome.jpg\" loading=\"eager\" alt=\"Leichter-Sessel-Livi-Hochlehner-Grau-Chrome\" class=\"similar-product-img\">\r\n        <div class=\"center\">\r\n          <div class=\"w-richtext\">\r\n            <p>220-0249\/S<br>Hoher R\u00fccken<\/p>\r\n          <\/div>\r\n          \r\n        <\/div>\r\n      <\/div>\r\n      <div class=\"similar-product\"><img decoding=\"async\" src=\"https:\/\/objektmobiliar.ch\/wp-content\/uploads\/2026\/03\/Polstersessel-Livi-Seitenansicht.jpg\" loading=\"eager\" alt=\"Polstersessel-Livi-Seitenansicht\" class=\"similar-product-img\">\r\n        <div class=\"center\">\r\n          <div class=\"w-richtext\">\r\n            <p>220-0249\/S<br>Hoher R\u00fccken<\/p>\r\n          <\/div>\r\n          \r\n        <\/div>\r\n      <\/div>\r\n    <\/div>\r\n  <\/div>\r\n  \r\n  <div class=\"cnt narrow\">\r\n    <div class=\"similar-products-nav-pos\">\r\n      <div class=\"w-embed\">\r\n        \r\n      <\/div>\r\n    <\/div>\r\n  <\/div>\r\n<\/section><\/div>\n\n<section class=\"sct\">\r\n      <div class=\"cnt narrow\">\r\n        <div class=\"introtxt\">\r\n        <div class=\"w-richtext\">\r\n            <h2>Livi Produktauswahl<\/h2>\r\n        <\/div>\r\n        <\/div>\r\n        \r\n          \n\n\n<figure class=\"wp-block-table\"><table class=\"has-fixed-layout\"><thead><tr><th>Art. No.<\/th><th>Description<\/th><th>Dimensions<\/th><\/tr><\/thead><tbody><tr><td>220-0248\/S<\/td><td>Sessel Livi<\/td><td>H 88cm; B 60cm; T 67cm; SH 47cm<\/td><\/tr><tr><td>220-0249\/S<\/td><td>Hochlehner Livi<\/td><td>H 112cm; B 60cm; T 73cm; SH 47cm<\/td><\/tr><\/tbody><\/table><\/figure>\n\n\n<\/div><\/section>\n\n<\/div><\/section>\n\n<div class=\"lazyblock-text-modul-ozg-Zup439 wp-block-lazyblock-text-modul-ozg\"><section class=\"sct\">\r\n      <div class=\"cnt narrow\">\r\n        <div class=\"w-richtext\">\r\n            <h2>F\u00fcr eleganten Akzent im Raum: Leichter Polstersessel Livi<\/h2>\n<p>Unser leichter Polstersessel Livi ist ideal geeignet Lounges, Esszimmer oder Konferenzr\u00e4ume. Die Linienf\u00fchrung der Sitzschalen ist zur\u00fcckhaltend und harmonisch. Die Proportionen sind ausgewogen. Komfort ist bei diesem vollumpolsterten M\u00f6belst\u00fcck garantiert. Das zeitlose Sitzm\u00f6bel Livi setzt einen eleganten Akzent im Raum, ohne seine Umgebung zu dominieren.<\/p>\n<h3>Vielseitiger Baukasten: So finden Sie genau Ihr Wunschmodell<\/h3>\n<p>Die Polsterschale von Livi ist in zwei unterschiedlichen R\u00fcckenh\u00f6hen erh\u00e4ltlich &#8211; als klassischer Lounge- oder Speisesaal-Sessel oder als Hochlehner mit hoher R\u00fcckenlehne. Das klassische 4-Fuss-Gestell seht Ihnen in standardm\u00e4ssig in der Variante Chrome zur Verf\u00fcgung. Die Auswahl an Bezugsstoffen und Farben ist nahezu unbegrenzt. So bietet Livi einen variantenreichen Baukasten, aus dem genau Ihr Modell f\u00fcr Ihre unterschiedlichsten W\u00fcnsche und Anforderungen kombiniert werden kann.<\/p>\n<h3>Detailinformationen zu Livi:<\/h3>\n<ul>\n<li>4-Fuss-Gestell aus Rundstahlrohr 20 x 2 mm<\/li>\n<li>Serienm\u00e4ssig verchromt<\/li>\n<li>Sitzschale mit Polstertr\u00e4ger bestehend aus Stahlgestellrahmen und Formholztr\u00e4gerplatte mit Polyurethan-Formschaum ummantelt<\/li>\n<li>Polster Sitzschaum:\u00a0RG\/SH 57\/40\u00a0ca. 35 mm stark<\/li>\n<li>Altersgerechte Sitzergonomie<\/li>\n<li>Sitzelement zur Reinigung herausnehmbar<\/li>\n<li>Bezug nach Wahl aus Kollektion OZG<\/li>\n<\/ul>\r\n        <\/div>\r\n            <div class=\"center\"><a onclick=\"splite_loader();\" class=\"btn\" >Livi bei OZG anfragen<\/a><\/div>\r\n      <\/div>\r\n    <\/section><\/div>\n\n\n<p><\/p>\n<style class=\"advgb-styles-renderer\">\r\n            .similar-products-nav li {\r\n              overflow: hidden;\r\n              margin: 0px !important;\r\n              flex-grow: 0 !important;\r\n              flex-shrink: 1 !important;\r\n              flex-basis: 12.5% !important;\r\n              border-style: solid;\r\n              border-width: 2px;\r\n              border-color: transparent;\r\n              border-radius: 8px;\r\n              transition-property: border-color;\r\n              transition-duration: 600ms;\r\n              transition-timing-function: ease;\r\n              cursor: pointer;\r\n            }\r\n            .similar-products-nav li.slick-active {\r\n              border-color: #dde7ef;\r\n            }\r\n            @media screen and (max-width:767px) {\r\n              .similar-products-nav li {\r\n                flex-basis: auto !important;\r\n                border-radius: 8px;\r\n                padding-top: 8px;\r\n                padding-right: 16px;\r\n                padding-bottom: 6px;\r\n                padding-left: 16px;\r\n              }\r\n              .similar-products-nav li.slick-active {\r\n                background-color: #dde7ef;\r\n                transition-property: background-color, border-color;\r\n                transition-duration: 600ms, 200ms;\r\n                transition-timing-function: ease, ease;\r\n                color: #426b8a;\r\n              }\r\n            }\r\n          <\/style>","protected":false},"excerpt":{"rendered":"<p>Art. Nr. Beschreibung Abmessung 220-0248\/S Sessel Livi H 88cm; B 60cm; T 67cm; SH 47cm 220-0249\/S Hochlehner Livi H 112cm; B 60cm; T 73cm; SH 47cm<\/p>","protected":false},"author":4,"featured_media":0,"parent":220,"menu_order":0,"comment_status":"closed","ping_status":"closed","template":"","meta":{"advgb_blocks_editor_width":"","advgb_blocks_columns_visual_guide":"","footnotes":""},"class_list":["post-5957","page","type-page","status-publish","hentry"],"yoast_head":"<!-- This site is optimized with the Yoast SEO plugin v27.4 - https:\/\/yoast.com\/product\/yoast-seo-wordpress\/ -->\n<title>Leichter Polstersessel Livi - OZG Objektmobiliar<\/title>\n<meta name=\"description\" content=\"Leichter Polstersessel Livi f\u00fcr Lounges, Esszimmer, Konferenzr\u00e4ume \u2713 Polsterschale in 2 R\u00fcckenh\u00f6hen \u2713 Klassisches 4-Fuss-Gestell nach Wahl\" \/>\n<meta name=\"robots\" content=\"index, follow, max-snippet:-1, max-image-preview:large, max-video-preview:-1\" \/>\n<link rel=\"canonical\" href=\"https:\/\/objektmobiliar.ch\/fr\/meubles\/meubles-rembourres-faciles-a-entretenir\/leichter-polstersessel-livi\/\" \/>\n<meta property=\"og:locale\" content=\"fr_FR\" \/>\n<meta property=\"og:type\" content=\"article\" \/>\n<meta property=\"og:title\" content=\"Leichter Polstersessel Livi - OZG Objektmobiliar\" \/>\n<meta property=\"og:description\" content=\"Leichter Polstersessel Livi f\u00fcr Lounges, Esszimmer, Konferenzr\u00e4ume \u2713 Polsterschale in 2 R\u00fcckenh\u00f6hen \u2713 Klassisches 4-Fuss-Gestell nach Wahl\" \/>\n<meta property=\"og:url\" content=\"https:\/\/objektmobiliar.ch\/fr\/meubles\/meubles-rembourres-faciles-a-entretenir\/leichter-polstersessel-livi\/\" \/>\n<meta property=\"og:site_name\" content=\"OZG HEALTHCARE\" \/>\n<meta property=\"article:modified_time\" content=\"2026-03-23T13:32:36+00:00\" \/>\n<meta name=\"twitter:card\" content=\"summary_large_image\" \/>\n<meta name=\"twitter:label1\" content=\"Dur\u00e9e de lecture estim\u00e9e\" \/>\n\t<meta name=\"twitter:data1\" content=\"3 minutes\" \/>\n<script type=\"application\/ld+json\" class=\"yoast-schema-graph\">{\"@context\":\"https:\\\/\\\/schema.org\",\"@graph\":[{\"@type\":\"WebPage\",\"@id\":\"https:\\\/\\\/objektmobiliar.ch\\\/moebel\\\/pflegegerechte-polstermoebel\\\/leichter-polstersessel-livi\\\/\",\"url\":\"https:\\\/\\\/objektmobiliar.ch\\\/moebel\\\/pflegegerechte-polstermoebel\\\/leichter-polstersessel-livi\\\/\",\"name\":\"Leichter Polstersessel Livi - OZG Objektmobiliar\",\"isPartOf\":{\"@id\":\"https:\\\/\\\/objektmobiliar.ch\\\/#website\"},\"datePublished\":\"2026-03-18T17:31:39+00:00\",\"dateModified\":\"2026-03-23T13:32:36+00:00\",\"description\":\"Leichter Polstersessel Livi f\u00fcr Lounges, Esszimmer, Konferenzr\u00e4ume \u2713 Polsterschale in 2 R\u00fcckenh\u00f6hen \u2713 Klassisches 4-Fuss-Gestell nach Wahl\",\"breadcrumb\":{\"@id\":\"https:\\\/\\\/objektmobiliar.ch\\\/moebel\\\/pflegegerechte-polstermoebel\\\/leichter-polstersessel-livi\\\/#breadcrumb\"},\"inLanguage\":\"fr-FR\",\"potentialAction\":[{\"@type\":\"ReadAction\",\"target\":[\"https:\\\/\\\/objektmobiliar.ch\\\/moebel\\\/pflegegerechte-polstermoebel\\\/leichter-polstersessel-livi\\\/\"]}]},{\"@type\":\"BreadcrumbList\",\"@id\":\"https:\\\/\\\/objektmobiliar.ch\\\/moebel\\\/pflegegerechte-polstermoebel\\\/leichter-polstersessel-livi\\\/#breadcrumb\",\"itemListElement\":[{\"@type\":\"ListItem\",\"position\":1,\"name\":\"Startseite\",\"item\":\"https:\\\/\\\/objektmobiliar.ch\\\/\"},{\"@type\":\"ListItem\",\"position\":2,\"name\":\"M\u00f6bel\",\"item\":\"https:\\\/\\\/objektmobiliar.ch\\\/moebel\\\/\"},{\"@type\":\"ListItem\",\"position\":3,\"name\":\"Polsterm\u00f6bel\",\"item\":\"https:\\\/\\\/objektmobiliar.ch\\\/moebel\\\/pflegegerechte-polstermoebel\\\/\"},{\"@type\":\"ListItem\",\"position\":4,\"name\":\"Leichter Polstersessel Livi\"}]},{\"@type\":\"WebSite\",\"@id\":\"https:\\\/\\\/objektmobiliar.ch\\\/#website\",\"url\":\"https:\\\/\\\/objektmobiliar.ch\\\/\",\"name\":\"OZG HEALTHCARE\",\"description\":\"Objektmobiliar f\u00fcr Pflege, B\u00fcro, Praxis &amp; Hotellerie\",\"potentialAction\":[{\"@type\":\"SearchAction\",\"target\":{\"@type\":\"EntryPoint\",\"urlTemplate\":\"https:\\\/\\\/objektmobiliar.ch\\\/?s={search_term_string}\"},\"query-input\":{\"@type\":\"PropertyValueSpecification\",\"valueRequired\":true,\"valueName\":\"search_term_string\"}}],\"inLanguage\":\"fr-FR\"}]}<\/script>\n<!-- \/ Yoast SEO plugin. -->","yoast_head_json":{"title":"Leichter Polstersessel Livi - OZG Objektmobiliar","description":"Leichter Polstersessel Livi f\u00fcr Lounges, Esszimmer, Konferenzr\u00e4ume \u2713 Polsterschale in 2 R\u00fcckenh\u00f6hen \u2713 Klassisches 4-Fuss-Gestell nach Wahl","robots":{"index":"index","follow":"follow","max-snippet":"max-snippet:-1","max-image-preview":"max-image-preview:large","max-video-preview":"max-video-preview:-1"},"canonical":"https:\/\/objektmobiliar.ch\/fr\/meubles\/meubles-rembourres-faciles-a-entretenir\/leichter-polstersessel-livi\/","og_locale":"fr_FR","og_type":"article","og_title":"Leichter Polstersessel Livi - OZG Objektmobiliar","og_description":"Leichter Polstersessel Livi f\u00fcr Lounges, Esszimmer, Konferenzr\u00e4ume \u2713 Polsterschale in 2 R\u00fcckenh\u00f6hen \u2713 Klassisches 4-Fuss-Gestell nach Wahl","og_url":"https:\/\/objektmobiliar.ch\/fr\/meubles\/meubles-rembourres-faciles-a-entretenir\/leichter-polstersessel-livi\/","og_site_name":"OZG HEALTHCARE","article_modified_time":"2026-03-23T13:32:36+00:00","twitter_card":"summary_large_image","twitter_misc":{"Dur\u00e9e de lecture estim\u00e9e":"3 minutes"},"schema":{"@context":"https:\/\/schema.org","@graph":[{"@type":"WebPage","@id":"https:\/\/objektmobiliar.ch\/moebel\/pflegegerechte-polstermoebel\/leichter-polstersessel-livi\/","url":"https:\/\/objektmobiliar.ch\/moebel\/pflegegerechte-polstermoebel\/leichter-polstersessel-livi\/","name":"Leichter Polstersessel Livi - OZG Objektmobiliar","isPartOf":{"@id":"https:\/\/objektmobiliar.ch\/#website"},"datePublished":"2026-03-18T17:31:39+00:00","dateModified":"2026-03-23T13:32:36+00:00","description":"Leichter Polstersessel Livi f\u00fcr Lounges, Esszimmer, Konferenzr\u00e4ume \u2713 Polsterschale in 2 R\u00fcckenh\u00f6hen \u2713 Klassisches 4-Fuss-Gestell nach Wahl","breadcrumb":{"@id":"https:\/\/objektmobiliar.ch\/moebel\/pflegegerechte-polstermoebel\/leichter-polstersessel-livi\/#breadcrumb"},"inLanguage":"fr-FR","potentialAction":[{"@type":"ReadAction","target":["https:\/\/objektmobiliar.ch\/moebel\/pflegegerechte-polstermoebel\/leichter-polstersessel-livi\/"]}]},{"@type":"BreadcrumbList","@id":"https:\/\/objektmobiliar.ch\/moebel\/pflegegerechte-polstermoebel\/leichter-polstersessel-livi\/#breadcrumb","itemListElement":[{"@type":"ListItem","position":1,"name":"Startseite","item":"https:\/\/objektmobiliar.ch\/"},{"@type":"ListItem","position":2,"name":"M\u00f6bel","item":"https:\/\/objektmobiliar.ch\/moebel\/"},{"@type":"ListItem","position":3,"name":"Polsterm\u00f6bel","item":"https:\/\/objektmobiliar.ch\/moebel\/pflegegerechte-polstermoebel\/"},{"@type":"ListItem","position":4,"name":"Leichter Polstersessel Livi"}]},{"@type":"WebSite","@id":"https:\/\/objektmobiliar.ch\/#website","url":"https:\/\/objektmobiliar.ch\/","name":"OZG HEALTHCARE","description":"Mobilier de collectivit\u00e9 pour les soins, les bureaux, les cabinets m\u00e9dicaux et l'h\u00f4tellerie","potentialAction":[{"@type":"SearchAction","target":{"@type":"EntryPoint","urlTemplate":"https:\/\/objektmobiliar.ch\/?s={search_term_string}"},"query-input":{"@type":"PropertyValueSpecification","valueRequired":true,"valueName":"search_term_string"}}],"inLanguage":"fr-FR"}]}},"coauthors":[],"author_meta":{"author_link":"https:\/\/objektmobiliar.ch\/fr\/author\/isa-dahmen\/","display_name":"Isa Dahmen"},"relative_dates":{"created":"Publi\u00e9 1 mois il y a","modified":"Mis \u00e0 jour 4 semaines il y a"},"absolute_dates":{"created":"Publi\u00e9 le mars 18, 2026","modified":"Mise \u00e0 jour le mars 23, 2026"},"absolute_dates_time":{"created":"Publi\u00e9 le mars 18, 2026 5:31 pm","modified":"Mise \u00e0 jour le mars 23, 2026 1:32 pm"},"featured_img_caption":"","featured_img":false,"series_order":"","_links":{"self":[{"href":"https:\/\/objektmobiliar.ch\/fr\/wp-json\/wp\/v2\/pages\/5957","targetHints":{"allow":["GET"]}}],"collection":[{"href":"https:\/\/objektmobiliar.ch\/fr\/wp-json\/wp\/v2\/pages"}],"about":[{"href":"https:\/\/objektmobiliar.ch\/fr\/wp-json\/wp\/v2\/types\/page"}],"author":[{"embeddable":true,"href":"https:\/\/objektmobiliar.ch\/fr\/wp-json\/wp\/v2\/users\/4"}],"replies":[{"embeddable":true,"href":"https:\/\/objektmobiliar.ch\/fr\/wp-json\/wp\/v2\/comments?post=5957"}],"version-history":[{"count":9,"href":"https:\/\/objektmobiliar.ch\/fr\/wp-json\/wp\/v2\/pages\/5957\/revisions"}],"predecessor-version":[{"id":5978,"href":"https:\/\/objektmobiliar.ch\/fr\/wp-json\/wp\/v2\/pages\/5957\/revisions\/5978"}],"up":[{"embeddable":true,"href":"https:\/\/objektmobiliar.ch\/fr\/wp-json\/wp\/v2\/pages\/220"}],"wp:attachment":[{"href":"https:\/\/objektmobiliar.ch\/fr\/wp-json\/wp\/v2\/media?parent=5957"}],"curies":[{"name":"wp","href":"https:\/\/api.w.org\/{rel}","templated":true}]}}