{"id":5866,"date":"2026-02-06T14:01:55","date_gmt":"2026-02-06T14:01:55","guid":{"rendered":"https:\/\/objektmobiliar.ch\/?page_id=5866"},"modified":"2026-02-06T14:01:57","modified_gmt":"2026-02-06T14:01:57","slug":"teilnahme-gewinnspiel-2026","status":"publish","type":"page","link":"https:\/\/objektmobiliar.ch\/fr\/teilnahme-gewinnspiel-2026\/","title":{"rendered":"Teilnahmebedinungen 2026"},"content":{"rendered":"<div class=\"lazyblock-text-modul-ozg-Z186r8T wp-block-lazyblock-text-modul-ozg\"><section class=\"sct\">\r\n      <div class=\"cnt narrow\">\r\n        <div class=\"w-richtext\">\r\n            <h1>Teilnahmebedinungen OZG Gewinnspiel &#8220;Farb- &amp; Einrichtungskonzpt&#8221;<\/h1>\n<h3>1. Veranstalter<\/h3>\n<p>Das Gewinnspiel wird veranstaltet von:<br \/><strong>OZG OneZurich Group AG<\/strong><br \/>M\u00fclibodenstrasse 3, 8172 Niederglatt, Schweiz<br \/>Courrier \u00e9lectronique : <a href=\"mailto:info@ozg.ch\">info@ozg.ch<\/a><br \/>(im Folgenden &#8220;<strong>OZG<\/strong>&#8221; genannt)<\/p>\n<h3>2. Teilnahmeberechtigung<\/h3>\n<p><strong>Teilnahmeberechtigt sind:<\/strong><\/p>\n<ul>\n<li>Soziale, pflegerische oder gemeinn\u00fctzige Einrichtungen mit Sitz in der Schweiz (z.\u202fB. Pflegeeinrichtungen, Seniorenheime, soziale Tr\u00e4ger).<\/li>\n<li>Teilnehmende Personen m\u00fcssen mindestens 18 Jahre alt sein und im Auftrag der Einrichtung handeln.<\/li>\n<\/ul>\n<p><strong>Nicht teilnahmeberechtigt sind:<\/strong><\/p>\n<ul>\n<li>Mitarbeiter von OZG sowie deren Angeh\u00f6rige<\/li>\n<li>Gewerbliche Innenarchitekten oder Agenturen<\/li>\n<li>Privatpersonen, die nicht im Auftrag einer der oben genannten Einrichtungen handeln<\/li>\n<\/ul>\n<h3>3. Teilnahmezeitraum<\/h3>\n<p>Das Gewinnspiel l\u00e4uft vom 01.03.2026 bis einschliesslich 30.04.2026. Teilnahmen ausserhalb dieses Zeitraums k\u00f6nnen nicht ber\u00fccksichtigt werden.<\/p>\n<h3>4. Ablauf des Gewinnspiels<\/h3>\n<p>Die Teilnahme erfolgt entweder \u00fcber die Einsendung des offiziellen Teilnahmescheins per Post oder E-Mail <strong>ODER\u00a0<\/strong>\u00fcber die Gewinnspiel-Landingpage unter objektmobiliar.ch\/gewinnspiel2026 durch:<\/p>\n<ul>\n<li>Ausf\u00fcllen des Teilnahmeformulars inkl. Kurztext, was genau modernisiert werden soll<\/li>\n<li>Hochladen von 1 bis 3 Fotos des Bereiches, f\u00fcr den das Konzept gelten soll (z.B. Gemeinschaftsraum, Flur, Aufenthaltsbereich etc.)<\/li>\n<\/ul>\n<h3>5. Gewinne<\/h3>\n<p>Es werden folgende Preise vergeben:<\/p>\n<ul>\n<li><strong>1x Hauptpreis:<\/strong> Ein Farb- &amp; Einrichtungskonzept zur Modernisierung im Wert von CHF 6&#8217;000.-, individuell erstellt durch OZG.<\/li>\n<li><strong>2x Zusatzpreise:<\/strong> Je ein Farb- &amp; Einrichtungskonzept zur Modernisierung im Wert von CHF 2&#8217;000.-, individuell erstellt durch OZG.\u00a0<\/li>\n<\/ul>\n<p>Jedes Farb- &amp; Einrichtungskonzept beinhaltet eine konzeptionelle Planung, Materialideen und Gestaltungsempfehlungen (keine bauliche Umsetzung). Die Konzepte werden allesamt noch im Jahr 2026 erstellt.<\/p>\n<h3>6. Gewinnerermittlung<\/h3>\n<p>Die Auswahl der Gewinner erfolgt durch eine Jury aus Farb- und Einrichtungsexperten. Die Bewertungskriterien sind:<\/p>\n<ul>\n<li>Gestaltungsbedarf<\/li>\n<li>Wirkungspotenzial<\/li>\n<li>Soziale Relevanz<\/li>\n<\/ul>\n<p>Die Gewinner werden im Laufe des Monats Mai 2026 per E-Mail benachrichtigt.<\/p>\n<h3>7. Nutzung der eingesendeten Inhalte<\/h3>\n<p>Mit der Teilnahme erkl\u00e4ren sich die Einrichtungen einverstanden, dass die eingereichten Fotos ausschliesslich im Rahmen der Jurybewertung verwendet werden. Eine weitere Ver\u00f6ffentlichung erfolgt nur nach schriftlicher R\u00fccksprache und Einwilligung.<\/p>\n<h3>8. Datenschutz<\/h3>\n<p>Die im Rahmen des Gewinnspiels erhobenen Daten werden ausschliesslich f\u00fcr die Durchf\u00fchrung und Nachbereitung des Gewinnspiels verwendet. Weitere Informationen finden Sie in unserer <a href=\"https:\/\/objektmobiliar.ch\/fr\/declaration-de-protection-des-donnees\/\" target=\"_blank\" rel=\"noopener\">D\u00e9claration de confidentialit\u00e9<\/a>.<\/p>\n<h3>9. Sonstiges<\/h3>\n<p>Der Rechtsweg ist ausgeschlossen. Eine Barauszahlung des Gewinns ist nicht m\u00f6glich. OZG beh\u00e4lt sich das Recht vor, das Gewinnspiel aus wichtigen Gr\u00fcnden zu \u00e4ndern oder abzubrechen (z.\u202fB. bei technischen Problemen oder Missbrauch).<\/p>\n<h3>10. Kontakt bei R\u00fcckfragen<\/h3>\n<p>Fragen zum Gewinnspiel richten Sie bitte per E-Mail an: <a href=\"mailto:info@ozg.ch\">info@ozg.ch<\/a><br \/>Weitere Informationen finden Sie auf unserer offiziellen Seite zum Gewinnspiel: objektmobiliar.ch\/gewinnspiel2026<\/p>\n<p><strong>Wir freuen uns auf Ihre Teilnahme und w\u00fcnschen Ihnen viel Erfolg.<\/strong><\/p>\r\n        <\/div>\r\n      <\/div>\r\n    <\/section><\/div>","protected":false},"excerpt":{"rendered":"","protected":false},"author":4,"featured_media":0,"parent":0,"menu_order":0,"comment_status":"closed","ping_status":"closed","template":"","meta":{"advgb_blocks_editor_width":"","advgb_blocks_columns_visual_guide":"","footnotes":""},"class_list":["post-5866","page","type-page","status-publish","hentry"],"yoast_head":"<!-- This site is optimized with the Yoast SEO plugin v27.4 - https:\/\/yoast.com\/product\/yoast-seo-wordpress\/ -->\n<title>Teilnahmebedingungen OZG Gewinnspiel 2026<\/title>\n<meta name=\"description\" content=\"Teilnahmebedinungen OZG Gewinnspiel 2026: Informieren Sie sich \u00fcber die Bedingungen zum Gewinnspiel &quot;Farb- &amp; Einrichtungskonzept&quot; von OZG.\" \/>\n<meta name=\"robots\" content=\"index, follow, max-snippet:-1, max-image-preview:large, max-video-preview:-1\" \/>\n<link rel=\"canonical\" href=\"https:\/\/objektmobiliar.ch\/fr\/teilnahme-gewinnspiel-2026\/\" \/>\n<meta property=\"og:locale\" content=\"fr_FR\" \/>\n<meta property=\"og:type\" content=\"article\" \/>\n<meta property=\"og:title\" content=\"Teilnahmebedingungen OZG Gewinnspiel 2026\" \/>\n<meta property=\"og:description\" content=\"Teilnahmebedinungen OZG Gewinnspiel 2026: Informieren Sie sich \u00fcber die Bedingungen zum Gewinnspiel &quot;Farb- &amp; Einrichtungskonzept&quot; von OZG.\" \/>\n<meta property=\"og:url\" content=\"https:\/\/objektmobiliar.ch\/fr\/teilnahme-gewinnspiel-2026\/\" \/>\n<meta property=\"og:site_name\" content=\"OZG HEALTHCARE\" \/>\n<meta property=\"article:modified_time\" content=\"2026-02-06T14:01:57+00:00\" \/>\n<meta name=\"twitter:card\" content=\"summary_large_image\" \/>\n<meta name=\"twitter:label1\" content=\"Dur\u00e9e de lecture estim\u00e9e\" \/>\n\t<meta name=\"twitter:data1\" content=\"3 minutes\" \/>\n<script type=\"application\/ld+json\" class=\"yoast-schema-graph\">{\"@context\":\"https:\\\/\\\/schema.org\",\"@graph\":[{\"@type\":\"WebPage\",\"@id\":\"https:\\\/\\\/objektmobiliar.ch\\\/teilnahme-gewinnspiel-2026\\\/\",\"url\":\"https:\\\/\\\/objektmobiliar.ch\\\/teilnahme-gewinnspiel-2026\\\/\",\"name\":\"Teilnahmebedingungen OZG Gewinnspiel 2026\",\"isPartOf\":{\"@id\":\"https:\\\/\\\/objektmobiliar.ch\\\/#website\"},\"datePublished\":\"2026-02-06T14:01:55+00:00\",\"dateModified\":\"2026-02-06T14:01:57+00:00\",\"description\":\"Teilnahmebedinungen OZG Gewinnspiel 2026: Informieren Sie sich \u00fcber die Bedingungen zum Gewinnspiel \\\"Farb- & Einrichtungskonzept\\\" von OZG.\",\"breadcrumb\":{\"@id\":\"https:\\\/\\\/objektmobiliar.ch\\\/teilnahme-gewinnspiel-2026\\\/#breadcrumb\"},\"inLanguage\":\"fr-FR\",\"potentialAction\":[{\"@type\":\"ReadAction\",\"target\":[\"https:\\\/\\\/objektmobiliar.ch\\\/teilnahme-gewinnspiel-2026\\\/\"]}]},{\"@type\":\"BreadcrumbList\",\"@id\":\"https:\\\/\\\/objektmobiliar.ch\\\/teilnahme-gewinnspiel-2026\\\/#breadcrumb\",\"itemListElement\":[{\"@type\":\"ListItem\",\"position\":1,\"name\":\"Startseite\",\"item\":\"https:\\\/\\\/objektmobiliar.ch\\\/\"},{\"@type\":\"ListItem\",\"position\":2,\"name\":\"Teilnahmebedinungen 2026\"}]},{\"@type\":\"WebSite\",\"@id\":\"https:\\\/\\\/objektmobiliar.ch\\\/#website\",\"url\":\"https:\\\/\\\/objektmobiliar.ch\\\/\",\"name\":\"OZG HEALTHCARE\",\"description\":\"Objektmobiliar f\u00fcr Pflege, B\u00fcro, Praxis &amp; Hotellerie\",\"potentialAction\":[{\"@type\":\"SearchAction\",\"target\":{\"@type\":\"EntryPoint\",\"urlTemplate\":\"https:\\\/\\\/objektmobiliar.ch\\\/?s={search_term_string}\"},\"query-input\":{\"@type\":\"PropertyValueSpecification\",\"valueRequired\":true,\"valueName\":\"search_term_string\"}}],\"inLanguage\":\"fr-FR\"}]}<\/script>\n<!-- \/ Yoast SEO plugin. -->","yoast_head_json":{"title":"Teilnahmebedingungen OZG Gewinnspiel 2026","description":"Teilnahmebedinungen OZG Gewinnspiel 2026: Informieren Sie sich \u00fcber die Bedingungen zum Gewinnspiel \"Farb- & Einrichtungskonzept\" von OZG.","robots":{"index":"index","follow":"follow","max-snippet":"max-snippet:-1","max-image-preview":"max-image-preview:large","max-video-preview":"max-video-preview:-1"},"canonical":"https:\/\/objektmobiliar.ch\/fr\/teilnahme-gewinnspiel-2026\/","og_locale":"fr_FR","og_type":"article","og_title":"Teilnahmebedingungen OZG Gewinnspiel 2026","og_description":"Teilnahmebedinungen OZG Gewinnspiel 2026: Informieren Sie sich \u00fcber die Bedingungen zum Gewinnspiel \"Farb- & Einrichtungskonzept\" von OZG.","og_url":"https:\/\/objektmobiliar.ch\/fr\/teilnahme-gewinnspiel-2026\/","og_site_name":"OZG HEALTHCARE","article_modified_time":"2026-02-06T14:01:57+00:00","twitter_card":"summary_large_image","twitter_misc":{"Dur\u00e9e de lecture estim\u00e9e":"3 minutes"},"schema":{"@context":"https:\/\/schema.org","@graph":[{"@type":"WebPage","@id":"https:\/\/objektmobiliar.ch\/teilnahme-gewinnspiel-2026\/","url":"https:\/\/objektmobiliar.ch\/teilnahme-gewinnspiel-2026\/","name":"Teilnahmebedingungen OZG Gewinnspiel 2026","isPartOf":{"@id":"https:\/\/objektmobiliar.ch\/#website"},"datePublished":"2026-02-06T14:01:55+00:00","dateModified":"2026-02-06T14:01:57+00:00","description":"Teilnahmebedinungen OZG Gewinnspiel 2026: Informieren Sie sich \u00fcber die Bedingungen zum Gewinnspiel \"Farb- & Einrichtungskonzept\" von OZG.","breadcrumb":{"@id":"https:\/\/objektmobiliar.ch\/teilnahme-gewinnspiel-2026\/#breadcrumb"},"inLanguage":"fr-FR","potentialAction":[{"@type":"ReadAction","target":["https:\/\/objektmobiliar.ch\/teilnahme-gewinnspiel-2026\/"]}]},{"@type":"BreadcrumbList","@id":"https:\/\/objektmobiliar.ch\/teilnahme-gewinnspiel-2026\/#breadcrumb","itemListElement":[{"@type":"ListItem","position":1,"name":"Startseite","item":"https:\/\/objektmobiliar.ch\/"},{"@type":"ListItem","position":2,"name":"Teilnahmebedinungen 2026"}]},{"@type":"WebSite","@id":"https:\/\/objektmobiliar.ch\/#website","url":"https:\/\/objektmobiliar.ch\/","name":"OZG HEALTHCARE","description":"Mobilier de collectivit\u00e9 pour les soins, les bureaux, les cabinets m\u00e9dicaux et l'h\u00f4tellerie","potentialAction":[{"@type":"SearchAction","target":{"@type":"EntryPoint","urlTemplate":"https:\/\/objektmobiliar.ch\/?s={search_term_string}"},"query-input":{"@type":"PropertyValueSpecification","valueRequired":true,"valueName":"search_term_string"}}],"inLanguage":"fr-FR"}]}},"coauthors":[],"author_meta":{"author_link":"https:\/\/objektmobiliar.ch\/fr\/author\/isa-dahmen\/","display_name":"Isa Dahmen"},"relative_dates":{"created":"Publi\u00e9 2 mois il y a","modified":"Mis \u00e0 jour 2 mois il y a"},"absolute_dates":{"created":"Publi\u00e9 le f\u00e9vrier 6, 2026","modified":"Mise \u00e0 jour le f\u00e9vrier 6, 2026"},"absolute_dates_time":{"created":"Publi\u00e9 le f\u00e9vrier 6, 2026 2:01 pm","modified":"Mise \u00e0 jour le f\u00e9vrier 6, 2026 2:01 pm"},"featured_img_caption":"","featured_img":false,"series_order":"","_links":{"self":[{"href":"https:\/\/objektmobiliar.ch\/fr\/wp-json\/wp\/v2\/pages\/5866","targetHints":{"allow":["GET"]}}],"collection":[{"href":"https:\/\/objektmobiliar.ch\/fr\/wp-json\/wp\/v2\/pages"}],"about":[{"href":"https:\/\/objektmobiliar.ch\/fr\/wp-json\/wp\/v2\/types\/page"}],"author":[{"embeddable":true,"href":"https:\/\/objektmobiliar.ch\/fr\/wp-json\/wp\/v2\/users\/4"}],"replies":[{"embeddable":true,"href":"https:\/\/objektmobiliar.ch\/fr\/wp-json\/wp\/v2\/comments?post=5866"}],"version-history":[{"count":1,"href":"https:\/\/objektmobiliar.ch\/fr\/wp-json\/wp\/v2\/pages\/5866\/revisions"}],"predecessor-version":[{"id":5867,"href":"https:\/\/objektmobiliar.ch\/fr\/wp-json\/wp\/v2\/pages\/5866\/revisions\/5867"}],"wp:attachment":[{"href":"https:\/\/objektmobiliar.ch\/fr\/wp-json\/wp\/v2\/media?parent=5866"}],"curies":[{"name":"wp","href":"https:\/\/api.w.org\/{rel}","templated":true}]}}