{"id":5856,"date":"2026-02-09T10:20:33","date_gmt":"2026-02-09T10:20:33","guid":{"rendered":"https:\/\/objektmobiliar.ch\/?page_id=5856"},"modified":"2026-02-10T18:55:05","modified_gmt":"2026-02-10T18:55:05","slug":"gewinnspiel2026","status":"publish","type":"page","link":"https:\/\/objektmobiliar.ch\/fr\/gewinnspiel2026\/","title":{"rendered":"Gewinnspiel 2026"},"content":{"rendered":"<div class=\"lazyblock-bildslider-fullsize-ozg-YgsEF wp-block-lazyblock-bildslider-fullsize-ozg\"><section class=\"sct nopadding\">\r\n      <div data-delay=\"9000\" data-animation=\"fade\" class=\"elmnt-homeslider w-slider\" data-autoplay=\"true\" data-easing=\"linear\" data-hide-arrows=\"false\" data-disable-swipe=\"true\" data-autoplay-limit=\"0\" data-nav-spacing=\"3\" data-duration=\"2000\" data-infinite=\"true\">\r\n        \r\n      <div class=\"visual-homeslider\" ><\/div>\r\n        \r\n       <div class=\"w-slider-mask\">\r\n          <div class=\"homeslider-slide w-slide\">\r\n            <div class=\"homeslider-img\"><img decoding=\"async\" src=\"https:\/\/objektmobiliar.ch\/wp-content\/uploads\/2026\/02\/gewinnspiel-objektmobiliar.jpg\" loading=\"eager\" alt=\"\"><\/div>\r\n          <\/div>\r\n        <\/div>\r\n        <div class=\"hidden w-slider-arrow-left\">\r\n          <div class=\"w-icon-slider-left\"><\/div>\r\n        <\/div>\r\n        <div class=\"hidden w-slider-arrow-right\">\r\n          <div class=\"w-icon-slider-right\"><\/div>\r\n        <\/div>\r\n        <div class=\"hidden w-slider-nav\"><\/div>\r\n      <\/div>\r\n    <\/section><\/div>\n\n<div class=\"lazyblock-text-modul-ozg-293T74 wp-block-lazyblock-text-modul-ozg\"><section class=\"sct\">\r\n      <div class=\"cnt semi\">\r\n        <div class=\"w-richtext\">\r\n            <h2>OZG Gewinnspiel<\/h2>\n<h1>Farb- &amp; Einrichtungskonzept gewinnen<\/h1>\n<h4><strong>OZG Healthcare verlost drei Farb- &amp; Einrichtungskonzepte f\u00fcr Pflegeeinrichtungen im Gesamtwert von CHF 10\u2018000.<\/strong><\/h4>\n<p>&nbsp;<\/p>\n<h3><strong>So sind die Gewinne gestaffelt:<\/strong><\/h3>\n<ul>\n<li>1x Hauptpreis: Farb- &amp; Einrichtungskonzept Wert CHF 6\u2018000.<\/li>\n<li>2x Zusatzpreis: Farb- &amp; Einrichtungskonzept Wert CHF 2\u2018000.<\/li>\n<\/ul>\r\n        <\/div>\r\n      <\/div>\r\n    <\/section><\/div>\n\n<div class=\"lazyblock-spalten-modul-ozg-29mEI2 minmargin wp-block-lazyblock-spalten-modul-ozg\"><section class=\"sct\">\r\n      <div class=\"cnt narrow\">\r\n        <div class=\"w-richtext\">\r\n          <h3>Und so kann Ihre Pflegeeinrichtung teilnehmen:<\/h3>\n<p>&nbsp;<\/p>\r\n        <\/div>\r\n        <div class=\"box-pageteaser\">\r\n          <div class=\"elmnt-column\"><ul>\n<li>Teilnahmeformular ausf\u00fcllen, 1-3 Fotos hochladen und Ihr Projekt kurz beschreiben. Bitte zeigen Sie mit den Bildern exakt den Bereich, f\u00fcr den das Konzept angefertigt werden soll, z.B. Gemeinschaftsraum, Flur, Aufenthaltsbereich etc.<\/li>\n<li>Unter allen Einsendungen w\u00e4hlt unsere Fachjury aus Farb- &amp; Einrichtungsexperten die \u00fcberzeugendsten drei Projekte aus.<\/li>\n<li>Teilnahmezeitraum: 01.03. bis einschliesslich 30.04.2026<\/li>\n<li>Hinweis: Das Konzept wird noch im Jahr 2026 f\u00fcr Sie erstellt. Eine bauliche Umsetzung ist nicht Teil des Konzepts.<\/li>\n<\/ul><\/div>\r\n          <div class=\"elmnt-column\"><p><img loading=\"lazy\" decoding=\"async\" class=\"alignnone size-full wp-image-5877\" src=\"https:\/\/objektmobiliar.ch\/wp-content\/uploads\/2026\/02\/farbkreis-konzept.jpg\" alt=\"\" width=\"1240\" height=\"1300\" srcset=\"https:\/\/objektmobiliar.ch\/wp-content\/uploads\/2026\/02\/farbkreis-konzept.jpg 1240w, https:\/\/objektmobiliar.ch\/wp-content\/uploads\/2026\/02\/farbkreis-konzept-763x800.jpg 763w, https:\/\/objektmobiliar.ch\/wp-content\/uploads\/2026\/02\/farbkreis-konzept-768x805.jpg 768w, https:\/\/objektmobiliar.ch\/wp-content\/uploads\/2026\/02\/farbkreis-konzept-11x12.jpg 11w\" sizes=\"auto, (max-width: 1240px) 100vw, 1240px\" \/><\/p><\/div>\r\n        <\/div>\r\n      <\/div>\r\n    <\/section><\/div>\n\n<div class=\"lazyblock-text-modul-ozg-Z2p3SBV minmargin wp-block-lazyblock-text-modul-ozg\"><section class=\"sct\">\r\n      <div class=\"cnt narrow\">\r\n        <div class=\"w-richtext\">\r\n            <h3>Jetzt am Gewinnspiel teilnehmen:<\/h3>\n<p>&nbsp;<\/p>\n\n<div class=\"wpcf7 no-js\" id=\"wpcf7-f5870-o1\" lang=\"de-CH\" dir=\"ltr\" data-wpcf7-id=\"5870\">\n<div class=\"screen-reader-response\"><p role=\"status\" aria-live=\"polite\" aria-atomic=\"true\"><\/p> <ul><\/ul><\/div>\n<form action=\"\/fr\/wp-json\/wp\/v2\/pages\/5856#wpcf7-f5870-o1\" method=\"post\" class=\"wpcf7-form init cf7skins cf7s-default\" aria-label=\"Contact form\" enctype=\"multipart\/form-data\" novalidate=\"novalidate\" data-status=\"init\" data-trp-original-action=\"\/fr\/wp-json\/wp\/v2\/pages\/5856#wpcf7-f5870-o1\">\n<fieldset class=\"hidden-fields-container\"><input type=\"hidden\" name=\"_wpcf7\" value=\"5870\" \/><input type=\"hidden\" name=\"_wpcf7_version\" value=\"6.1.5\" \/><input type=\"hidden\" name=\"_wpcf7_locale\" value=\"de_CH\" \/><input type=\"hidden\" name=\"_wpcf7_unit_tag\" value=\"wpcf7-f5870-o1\" \/><input type=\"hidden\" name=\"_wpcf7_container_post\" value=\"0\" \/><input type=\"hidden\" name=\"_wpcf7_posted_data_hash\" value=\"\" \/><input type=\"hidden\" name=\"_wpcf7_recaptcha_response\" value=\"\" \/>\n<\/fieldset>\n<div class=\"wpcf7-customform\"><!-- test -->\n\n<div class=\"form-row\">\n<span class=\"wpcf7-form-control-wrap\" data-name=\"gender\"><span class=\"wpcf7-form-control wpcf7-radio\"><span class=\"wpcf7-list-item first\"><label><input type=\"radio\" name=\"gender\" value=\"Herr\" checked=\"checked\" \/><span class=\"wpcf7-list-item-label\">Monsieur<\/span><\/label><\/span><span class=\"wpcf7-list-item last\"><label><input type=\"radio\" name=\"gender\" value=\"Frau\" \/><span class=\"wpcf7-list-item-label\">Mme<\/span><\/label><\/span><\/span><\/span>\n<\/div>\n\n<div class=\"form-row\">\n<label class=\"txt-formlabel\">Vor- & Nachname*<\/label> <span class=\"wpcf7-form-control-wrap\" data-name=\"gw-name\"><input size=\"40\" maxlength=\"400\" class=\"wpcf7-form-control wpcf7-text wpcf7-validates-as-required\" aria-required=\"true\" aria-invalid=\"false\" value=\"\" type=\"text\" name=\"gw-name\" \/><\/span> \n<\/div>\n\n<div class=\"form-row\">\n<label class=\"txt-formlabel\">Ihre Funktion*<\/label> <span class=\"wpcf7-form-control-wrap\" data-name=\"gw-funktion\"><input size=\"40\" maxlength=\"400\" class=\"wpcf7-form-control wpcf7-text wpcf7-validates-as-required\" aria-required=\"true\" aria-invalid=\"false\" value=\"\" type=\"text\" name=\"gw-funktion\" \/><\/span> \n<\/div>\n\n<div class=\"form-row\">\n<label class=\"txt-formlabel\">Name der Einrichtung*<\/label> <span class=\"wpcf7-form-control-wrap\" data-name=\"gw-unternehmen\"><input size=\"40\" maxlength=\"400\" class=\"wpcf7-form-control wpcf7-text wpcf7-validates-as-required\" aria-required=\"true\" aria-invalid=\"false\" value=\"\" type=\"text\" name=\"gw-unternehmen\" \/><\/span> \n<\/div>\n\n<div class=\"form-row\">\n<label class=\"txt-formlabel\">Standort Adresse*<\/label> <span class=\"wpcf7-form-control-wrap\" data-name=\"gw-standort\"><input size=\"40\" maxlength=\"400\" class=\"wpcf7-form-control wpcf7-text wpcf7-validates-as-required\" aria-required=\"true\" aria-invalid=\"false\" value=\"\" type=\"text\" name=\"gw-standort\" \/><\/span> \n<\/div>\n\n<div class=\"form-row\">\n<label class=\"txt-formlabel\">Email*<\/label> <span class=\"wpcf7-form-control-wrap\" data-name=\"gw-your-email\"><input size=\"40\" maxlength=\"400\" class=\"wpcf7-form-control wpcf7-email wpcf7-validates-as-required wpcf7-text wpcf7-validates-as-email\" aria-required=\"true\" aria-invalid=\"false\" value=\"\" type=\"email\" name=\"gw-your-email\" \/><\/span> \n<\/div>\n\n<div class=\"form-row\">\n<label class=\"txt-formlabel\">T\u00e9l\u00e9phone*<\/label> <span class=\"wpcf7-form-control-wrap\" data-name=\"tel-632\"><input size=\"40\" maxlength=\"400\" class=\"wpcf7-form-control wpcf7-tel wpcf7-validates-as-required wpcf7-text wpcf7-validates-as-tel\" aria-required=\"true\" aria-invalid=\"false\" value=\"\" type=\"tel\" name=\"tel-632\" \/><\/span>\n<\/div>\n\n<div class=\"form-row\">\n<label class=\"txt-formlabel\">Beschreibung des Projekts (Bereich, Modernisierungsbedarf, Anforderungen etc.)*<\/label> <span class=\"wpcf7-form-control-wrap\" data-name=\"gw-nachricht\"><textarea cols=\"40\" rows=\"10\" maxlength=\"2000\" class=\"wpcf7-form-control wpcf7-textarea wpcf7-validates-as-required\" aria-required=\"true\" aria-invalid=\"false\" name=\"gw-nachricht\"><\/textarea><\/span>\n<\/div>\n\n<div class=\"form-row\">\n<label class=\"txt-formlabel\">1-3 Fotos hochladen*<\/label> <span class=\"wpcf7-form-control-wrap\" data-name=\"file-244\"><input size=\"40\" class=\"wpcf7-form-control wpcf7-file wpcf7-validates-as-required\" accept=\"audio\/*,video\/*,image\/*\" aria-required=\"true\" aria-invalid=\"false\" type=\"file\" name=\"file-244\" \/><\/span>\n<\/div>\n\n<div class=\"form-row\">\n<label class=\"txt-formlabel\"><\/label><span class=\"wpcf7-form-control-wrap\" data-name=\"file-472\"><input size=\"40\" class=\"wpcf7-form-control wpcf7-file\" accept=\"audio\/*,video\/*,image\/*\" aria-invalid=\"false\" type=\"file\" name=\"file-472\" \/><\/span>\n<\/div>\n\n<div class=\"form-row\">\n<label class=\"txt-formlabel\"><\/label><span class=\"wpcf7-form-control-wrap\" data-name=\"file-391\"><input size=\"40\" class=\"wpcf7-form-control wpcf7-file\" accept=\"audio\/*,video\/*,image\/*\" aria-invalid=\"false\" type=\"file\" name=\"file-391\" \/><\/span>\n<\/div>\n\n<div class=\"form-row\">\n<span class=\"wpcf7-form-control-wrap\" data-name=\"checkbox-781\"><span class=\"wpcf7-form-control wpcf7-checkbox wpcf7-validates-as-required\"><span class=\"wpcf7-list-item first last\"><input type=\"checkbox\" name=\"checkbox-781[]\" value=\"Ich willige ein, dass meine Daten f\u00fcr die Durchf\u00fchrung und Nachbereitung des OZG Gewinnspiels verwendet werden.\" \/><span class=\"wpcf7-list-item-label\">Ich willige ein, dass meine Daten f\u00fcr die Durchf\u00fchrung und Nachbereitung des OZG Gewinnspiels verwendet werden.<\/span><\/span><\/span><\/span>\n<\/div>\n\n\n<div class=\"form-row\">\n<input class=\"wpcf7-form-control wpcf7-submit has-spinner\" type=\"submit\" value=\"Envoyer\" \/>\n<\/div>\n\n<\/div><div class=\"wpcf7-response-output\" aria-hidden=\"true\"><\/div>\n<input type=\"hidden\" name=\"trp-form-language\" value=\"fr\"\/><\/form>\n<\/div>\n\r\n        <\/div>\r\n      <\/div>\r\n    <\/section><\/div>\n\n<div class=\"lazyblock-text-modul-ozg-w8w9l minmargin wp-block-lazyblock-text-modul-ozg\"><section class=\"sct\">\r\n      <div class=\"cnt narrow\">\r\n        <div class=\"w-richtext\">\r\n            <p>Mit dem Absenden des Teilnahmeformulars best\u00e4tigen Sie die <a href=\"https:\/\/objektmobiliar.ch\/fr\/teilnahme-gewinnspiel-2026\/\" target=\"_blank\" rel=\"noopener\">Teilnahmebedingungen<\/a>. Bei Fragen kontaktieren Sie uns unter info@ozg.ch oder 044 576 02 10.<\/p>\r\n        <\/div>\r\n            <div class=\"center\"><a onclick=\"splite_loader();\" class=\"btn\" >Contact avec OZG<\/a><\/div>\r\n      <\/div>\r\n    <\/section><\/div>","protected":false},"excerpt":{"rendered":"","protected":false},"author":4,"featured_media":0,"parent":0,"menu_order":0,"comment_status":"closed","ping_status":"closed","template":"","meta":{"advgb_blocks_editor_width":"","advgb_blocks_columns_visual_guide":"","footnotes":""},"class_list":["post-5856","page","type-page","status-publish","hentry"],"yoast_head":"<!-- This site is optimized with the Yoast SEO plugin v27.4 - https:\/\/yoast.com\/product\/yoast-seo-wordpress\/ -->\n<title>Gewinnspiel &quot;Einrichtungskonzept&quot; 2026 - Objektmobiliar<\/title>\n<meta name=\"robots\" content=\"index, follow, max-snippet:-1, max-image-preview:large, max-video-preview:-1\" \/>\n<link rel=\"canonical\" href=\"https:\/\/objektmobiliar.ch\/fr\/gewinnspiel2026\/\" \/>\n<meta property=\"og:locale\" content=\"fr_FR\" \/>\n<meta property=\"og:type\" content=\"article\" \/>\n<meta property=\"og:title\" content=\"Gewinnspiel &quot;Einrichtungskonzept&quot; 2026 - Objektmobiliar\" \/>\n<meta property=\"og:url\" content=\"https:\/\/objektmobiliar.ch\/fr\/gewinnspiel2026\/\" \/>\n<meta property=\"og:site_name\" content=\"OZG HEALTHCARE\" \/>\n<meta property=\"article:modified_time\" content=\"2026-02-10T18:55:05+00:00\" \/>\n<meta name=\"twitter:card\" content=\"summary_large_image\" \/>\n<meta name=\"twitter:label1\" content=\"Dur\u00e9e de lecture estim\u00e9e\" \/>\n\t<meta name=\"twitter:data1\" content=\"2 minutes\" \/>\n<script type=\"application\/ld+json\" class=\"yoast-schema-graph\">{\"@context\":\"https:\\\/\\\/schema.org\",\"@graph\":[{\"@type\":\"WebPage\",\"@id\":\"https:\\\/\\\/objektmobiliar.ch\\\/gewinnspiel2026\\\/\",\"url\":\"https:\\\/\\\/objektmobiliar.ch\\\/gewinnspiel2026\\\/\",\"name\":\"Gewinnspiel \\\"Einrichtungskonzept\\\" 2026 - Objektmobiliar\",\"isPartOf\":{\"@id\":\"https:\\\/\\\/objektmobiliar.ch\\\/#website\"},\"datePublished\":\"2026-02-09T10:20:33+00:00\",\"dateModified\":\"2026-02-10T18:55:05+00:00\",\"breadcrumb\":{\"@id\":\"https:\\\/\\\/objektmobiliar.ch\\\/gewinnspiel2026\\\/#breadcrumb\"},\"inLanguage\":\"fr-FR\",\"potentialAction\":[{\"@type\":\"ReadAction\",\"target\":[\"https:\\\/\\\/objektmobiliar.ch\\\/gewinnspiel2026\\\/\"]}]},{\"@type\":\"BreadcrumbList\",\"@id\":\"https:\\\/\\\/objektmobiliar.ch\\\/gewinnspiel2026\\\/#breadcrumb\",\"itemListElement\":[{\"@type\":\"ListItem\",\"position\":1,\"name\":\"Startseite\",\"item\":\"https:\\\/\\\/objektmobiliar.ch\\\/\"},{\"@type\":\"ListItem\",\"position\":2,\"name\":\"Gewinnspiel 2026\"}]},{\"@type\":\"WebSite\",\"@id\":\"https:\\\/\\\/objektmobiliar.ch\\\/#website\",\"url\":\"https:\\\/\\\/objektmobiliar.ch\\\/\",\"name\":\"OZG HEALTHCARE\",\"description\":\"Objektmobiliar f\u00fcr Pflege, B\u00fcro, Praxis &amp; Hotellerie\",\"potentialAction\":[{\"@type\":\"SearchAction\",\"target\":{\"@type\":\"EntryPoint\",\"urlTemplate\":\"https:\\\/\\\/objektmobiliar.ch\\\/?s={search_term_string}\"},\"query-input\":{\"@type\":\"PropertyValueSpecification\",\"valueRequired\":true,\"valueName\":\"search_term_string\"}}],\"inLanguage\":\"fr-FR\"}]}<\/script>\n<!-- \/ Yoast SEO plugin. -->","yoast_head_json":{"title":"Gewinnspiel \"Einrichtungskonzept\" 2026 - Objektmobiliar","robots":{"index":"index","follow":"follow","max-snippet":"max-snippet:-1","max-image-preview":"max-image-preview:large","max-video-preview":"max-video-preview:-1"},"canonical":"https:\/\/objektmobiliar.ch\/fr\/gewinnspiel2026\/","og_locale":"fr_FR","og_type":"article","og_title":"Gewinnspiel \"Einrichtungskonzept\" 2026 - Objektmobiliar","og_url":"https:\/\/objektmobiliar.ch\/fr\/gewinnspiel2026\/","og_site_name":"OZG HEALTHCARE","article_modified_time":"2026-02-10T18:55:05+00:00","twitter_card":"summary_large_image","twitter_misc":{"Dur\u00e9e de lecture estim\u00e9e":"2 minutes"},"schema":{"@context":"https:\/\/schema.org","@graph":[{"@type":"WebPage","@id":"https:\/\/objektmobiliar.ch\/gewinnspiel2026\/","url":"https:\/\/objektmobiliar.ch\/gewinnspiel2026\/","name":"Gewinnspiel \"Einrichtungskonzept\" 2026 - Objektmobiliar","isPartOf":{"@id":"https:\/\/objektmobiliar.ch\/#website"},"datePublished":"2026-02-09T10:20:33+00:00","dateModified":"2026-02-10T18:55:05+00:00","breadcrumb":{"@id":"https:\/\/objektmobiliar.ch\/gewinnspiel2026\/#breadcrumb"},"inLanguage":"fr-FR","potentialAction":[{"@type":"ReadAction","target":["https:\/\/objektmobiliar.ch\/gewinnspiel2026\/"]}]},{"@type":"BreadcrumbList","@id":"https:\/\/objektmobiliar.ch\/gewinnspiel2026\/#breadcrumb","itemListElement":[{"@type":"ListItem","position":1,"name":"Startseite","item":"https:\/\/objektmobiliar.ch\/"},{"@type":"ListItem","position":2,"name":"Gewinnspiel 2026"}]},{"@type":"WebSite","@id":"https:\/\/objektmobiliar.ch\/#website","url":"https:\/\/objektmobiliar.ch\/","name":"OZG HEALTHCARE","description":"Mobilier de collectivit\u00e9 pour les soins, les bureaux, les cabinets m\u00e9dicaux et l'h\u00f4tellerie","potentialAction":[{"@type":"SearchAction","target":{"@type":"EntryPoint","urlTemplate":"https:\/\/objektmobiliar.ch\/?s={search_term_string}"},"query-input":{"@type":"PropertyValueSpecification","valueRequired":true,"valueName":"search_term_string"}}],"inLanguage":"fr-FR"}]}},"coauthors":[],"author_meta":{"author_link":"https:\/\/objektmobiliar.ch\/fr\/author\/isa-dahmen\/","display_name":"Isa Dahmen"},"relative_dates":{"created":"Publi\u00e9 2 mois il y a","modified":"Mis \u00e0 jour 2 mois il y a"},"absolute_dates":{"created":"Publi\u00e9 le f\u00e9vrier 9, 2026","modified":"Mise \u00e0 jour le f\u00e9vrier 10, 2026"},"absolute_dates_time":{"created":"Publi\u00e9 le f\u00e9vrier 9, 2026 10:20 am","modified":"Mise \u00e0 jour le f\u00e9vrier 10, 2026 6:55 pm"},"featured_img_caption":"","featured_img":false,"series_order":"","_links":{"self":[{"href":"https:\/\/objektmobiliar.ch\/fr\/wp-json\/wp\/v2\/pages\/5856","targetHints":{"allow":["GET"]}}],"collection":[{"href":"https:\/\/objektmobiliar.ch\/fr\/wp-json\/wp\/v2\/pages"}],"about":[{"href":"https:\/\/objektmobiliar.ch\/fr\/wp-json\/wp\/v2\/types\/page"}],"author":[{"embeddable":true,"href":"https:\/\/objektmobiliar.ch\/fr\/wp-json\/wp\/v2\/users\/4"}],"replies":[{"embeddable":true,"href":"https:\/\/objektmobiliar.ch\/fr\/wp-json\/wp\/v2\/comments?post=5856"}],"version-history":[{"count":25,"href":"https:\/\/objektmobiliar.ch\/fr\/wp-json\/wp\/v2\/pages\/5856\/revisions"}],"predecessor-version":[{"id":5899,"href":"https:\/\/objektmobiliar.ch\/fr\/wp-json\/wp\/v2\/pages\/5856\/revisions\/5899"}],"wp:attachment":[{"href":"https:\/\/objektmobiliar.ch\/fr\/wp-json\/wp\/v2\/media?parent=5856"}],"curies":[{"name":"wp","href":"https:\/\/api.w.org\/{rel}","templated":true}]}}