{"id":582,"date":"2023-10-15T21:01:30","date_gmt":"2023-10-15T21:01:30","guid":{"rendered":"https:\/\/dev.objektmobiliar.ch\/?page_id=582"},"modified":"2024-08-27T07:18:11","modified_gmt":"2024-08-27T07:18:11","slug":"les-chaises-intemporelles-pour-les-maisons-de-retraite","status":"publish","type":"page","link":"https:\/\/objektmobiliar.ch\/fr\/moebel\/pflegegerechte-stuehle\/die-zeitlosen-stuehle-fuer-altersheime\/","title":{"rendered":"Mali"},"content":{"rendered":"<div class=\"lazyblock-produkt-detail-ozg-ZLGmGE wp-block-lazyblock-produkt-detail-ozg\"><section class=\"sct\">\r\n      <div class=\"cnt\">\r\n        <div class=\"elmnt-product-desc\">\r\n          <div class=\"product-desc-box\"><img decoding=\"async\" src=\"https:\/\/objektmobiliar.ch\/wp-content\/uploads\/2023\/10\/mali-stuhl.jpg\" loading=\"lazy\" alt=\"\" class=\"product-desc-img\"><\/div>\r\n          <div class=\"product-desc-txt\">\r\n            <h1 class=\"txt-product-headline\">Mali<\/h1>\r\n            <h2 class=\"txt-product-subline\">Die zeitlosen St\u00fchle f\u00fcr Altersheime<\/h2>\r\n            <div class=\"w-richtext\">\r\n              <p>Zeitlos und ansprechend pr\u00e4sentieren sich die St\u00fchle der Serie MALI. Mit der klaren Formensprache f\u00fcgen sich die Produkte der Serie MALI harmonisch und klar in moderne wie auch klassische Ambiente ein. Die MALI Serie zeichnet sich, wie all unsere M\u00f6beln, durch hervorragende Materialen und gr\u00f6sstm\u00f6glichen Komfort aus. Die St\u00fchle der Serie MALI sind in vielf\u00e4ltigen Farb-, Form- und Stoffkombinationen erh\u00e4ltlich.<\/p>\r\n            <\/div>\r\n            <a onclick=\"splite_loader();\" class=\"btn\">Produkt anfragen<\/a>\r\n          <\/div>\r\n        <\/div>\r\n      <\/div>\r\n    <\/section><\/div>\n\n<div class=\"lazyblock-produkt-slider-ozg-18dHs3 wp-block-lazyblock-produkt-slider-ozg\"><section class=\"sct\">\r\n  <div class=\"cnt semi\">\r\n    <div class=\"intro-txt\">\r\n        <h2>Modelle und Ausf\u00fchrungen<\/h2>\r\n    <\/div>\r\n    \r\n    <div class=\"elmnt-similar-products\">\r\n      <div class=\"similar-product\"><img decoding=\"async\" src=\"https:\/\/objektmobiliar.ch\/wp-content\/uploads\/2023\/10\/mali-stuhl.jpg\" loading=\"eager\" alt=\"Die zeitlosen St\u00fchle f\u00fcr Altersheime\" class=\"similar-product-img\">\r\n        <div class=\"center\">\r\n          <div class=\"w-richtext\">\r\n            <p><strong>Stuhl Mali 21,<\/strong> <br>Art.-Nr. 220-0054\/S<br>mit Armlehnen<\/p>\r\n          <\/div>\r\n          \r\n        <\/div>\r\n      <\/div>\r\n      <div class=\"similar-product\"><img decoding=\"async\" src=\"https:\/\/objektmobiliar.ch\/wp-content\/uploads\/2023\/10\/mali-stuhl-ohne-armlehnen.jpg\" loading=\"eager\" alt=\"Stuhl Mali 19, Ohne Armlehnen\" class=\"similar-product-img\">\r\n        <div class=\"center\">\r\n          <div class=\"w-richtext\">\r\n            <p><strong>Stuhl Mali 19,<\/strong><br>Art.-Nr. 220-0052\/S<br>Ohne Armlehnen<\/p>\r\n          <\/div>\r\n          \r\n        <\/div>\r\n      <\/div>\r\n    <\/div>\r\n  <\/div>\r\n  \r\n  <div class=\"cnt narrow\">\r\n    <div class=\"similar-products-nav-pos\">\r\n      <div class=\"w-embed\">\r\n        \r\n      <\/div>\r\n    <\/div>\r\n  <\/div>\r\n<\/section><\/div>\n\n<div class=\"lazyblock-bildergalerie-lightbox-ozg-Z2uKbGv wp-block-lazyblock-bildergalerie-lightbox-ozg\"><section class=\"sct\">\r\n  <div class=\"cnt narrow\">\r\n    <div class=\"introtxt\">\r\n    <div class=\"w-richtext\">\r\n        \r\n    <\/div>\r\n    <\/div>\r\n  \r\n    <div class=\"elmnt-imggallery\">\r\n      <a href=\"#\" class=\"imggallery-link w-inline-block w-lightbox\">\r\n        <img decoding=\"async\" src=\"https:\/\/objektmobiliar.ch\/wp-content\/uploads\/2023\/10\/mali.jpg\" loading=\"lazy\" alt=\"Stuhl Mali 21, Art.-Nr. 220-0054\/S: Mit Armlehnen\" class=\"imggallery-img\">\r\n        <script type=\"application\/json\" class=\"w-json\">\r\n            {\r\n              \"items\": [{\r\n\r\n                \"url\": \"https:\/\/objektmobiliar.ch\/wp-content\/uploads\/2023\/10\/mali.jpg\",\r\n                \"caption\": \"Stuhl Mali 21, Art.-Nr. 220-0054\/S: Mit Armlehnen\",\r\n                \"type\": \"image\"\r\n              }],\r\n              \"group\": \"mali\"\r\n            }\r\n          <\/script>\r\n      <\/a>\r\n      <a href=\"#\" class=\"imggallery-link w-inline-block w-lightbox\">\r\n        <img decoding=\"async\" src=\"https:\/\/objektmobiliar.ch\/wp-content\/uploads\/2023\/10\/cassis-m15c-pag68-mali.jpg\" loading=\"lazy\" alt=\"Stuhl Mali 21, Art.-Nr. 220-0054\/S: Mit Armlehnen\" class=\"imggallery-img\">\r\n        <script type=\"application\/json\" class=\"w-json\">\r\n            {\r\n              \"items\": [{\r\n\r\n                \"url\": \"https:\/\/objektmobiliar.ch\/wp-content\/uploads\/2023\/10\/cassis-m15c-pag68-mali.jpg\",\r\n                \"caption\": \"Stuhl Mali 21, Art.-Nr. 220-0054\/S: Mit Armlehnen\",\r\n                \"type\": \"image\"\r\n              }],\r\n              \"group\": \"mali\"\r\n            }\r\n          <\/script>\r\n      <\/a>\r\n      <a href=\"#\" class=\"imggallery-link w-inline-block w-lightbox\">\r\n        <img decoding=\"async\" src=\"https:\/\/objektmobiliar.ch\/wp-content\/uploads\/2023\/10\/mali-.jpg\" loading=\"lazy\" alt=\"Stuhl Mali 21, Art.-Nr. 220-0054\/S: Mit Armlehnen\" class=\"imggallery-img\">\r\n        <script type=\"application\/json\" class=\"w-json\">\r\n            {\r\n              \"items\": [{\r\n\r\n                \"url\": \"https:\/\/objektmobiliar.ch\/wp-content\/uploads\/2023\/10\/mali-.jpg\",\r\n                \"caption\": \"Stuhl Mali 21, Art.-Nr. 220-0054\/S: Mit Armlehnen\",\r\n                \"type\": \"image\"\r\n              }],\r\n              \"group\": \"mali\"\r\n            }\r\n          <\/script>\r\n      <\/a>\r\n      <a href=\"#\" class=\"imggallery-link w-inline-block w-lightbox\">\r\n        <img decoding=\"async\" src=\"https:\/\/objektmobiliar.ch\/wp-content\/uploads\/2023\/10\/objektmobiliar-ozg-ag-referenz-sawia-6-von-6.jpg\" loading=\"lazy\" alt=\"Stuhl Mali 21, Art.-Nr. 220-0054\/S: Mit Armlehnen\" class=\"imggallery-img\">\r\n        <script type=\"application\/json\" class=\"w-json\">\r\n            {\r\n              \"items\": [{\r\n\r\n                \"url\": \"https:\/\/objektmobiliar.ch\/wp-content\/uploads\/2023\/10\/objektmobiliar-ozg-ag-referenz-sawia-6-von-6.jpg\",\r\n                \"caption\": \"Stuhl Mali 21, Art.-Nr. 220-0054\/S: Mit Armlehnen\",\r\n                \"type\": \"image\"\r\n              }],\r\n              \"group\": \"mali\"\r\n            }\r\n          <\/script>\r\n      <\/a>\r\n    <\/div>\r\n    \r\n  <\/div>\r\n<\/section><\/div>\n\n\n<div class=\"wp-block-group\"><div class=\"wp-block-group__inner-container is-layout-constrained wp-block-group-is-layout-constrained\"><section class=\"sct\">\r\n      <div class=\"cnt narrow\">\r\n        <div class=\"introtxt\">\r\n        <div class=\"w-richtext\">\r\n            <h2>Produktbeschreibung<\/h2>\r\n        <\/div>\r\n        <\/div>\r\n        \r\n          \n\n\n<figure class=\"wp-block-table\"><table><thead><tr><th>Art. Nr.<\/th><th>Beschreibung<\/th><\/tr><\/thead><tbody><tr><td>220-0052\/S<\/td><td>Stuhl Mali 19, ohne Armlehnen<\/td><\/tr><tr><td>220-0054\/S<\/td><td>Stuhl Mali 21, mit Armlehnen<\/td><\/tr><\/tbody><\/table><\/figure>\n\n\n<\/div><\/section><\/div><\/div>\n\n\n<div class=\"lazyblock-text-modul-ozg-vEciS wp-block-lazyblock-text-modul-ozg\"><section class=\"sct\">\r\n      <div class=\"cnt narrow\">\r\n        <div class=\"w-richtext\">\r\n            <h3>Stuhlserie MALI \u2013 die zeitlosen St\u00fchle f\u00fcr Altersheime<\/h3>\n<p>Die Stuhlserie MALI \u00fcberzeugt in Pflegeheimen durch ihr zeitloses Design und ihre klare Formensprache. Die zeitlosen St\u00fchle f\u00fcr Altersheime f\u00fcgen sich harmonisch in verschiedene Wohnkonzepte ein, ob klassisch oder modern. Mit ihrem ansprechenden und schlichten Stil schaffen die zeitlosen St\u00fchle f\u00fcr Altersheime eine wohnliche Atmosph\u00e4re, die sich optimal in Altenheimen einf\u00fcgt.<\/p>\n<h3>Komfort und Flexibilit\u00e4t f\u00fcr Seniorenheime<\/h3>\n<p>Die Serie MALI steht nicht nur f\u00fcr ein elegantes Design, sondern auch f\u00fcr gr\u00f6sstm\u00f6glichen Komfort. Die ergonomische Gestaltung der St\u00fchle sorgt f\u00fcr bequemes Sitzen \u00fcber l\u00e4ngere Zeitr\u00e4ume, was in Seniorenheimen besonders wichtig ist. Die St\u00fchle sind sowohl mit als auch ohne Armlehnen erh\u00e4ltlich, um unterschiedlichen Bed\u00fcrfnissen gerecht zu werden. Armlehnen bieten zus\u00e4tzliche Unterst\u00fctzung beim Aufstehen und Hinsetzen, was die Mobilit\u00e4t der Bewohnerinnen und Bewohner f\u00f6rdert.<\/p>\n<h3>Vielf\u00e4ltige Material- und Farbauswahl<\/h3>\n<p>Die zeitlosen St\u00fchle f\u00fcr Altersheime lassen sich individuell anpassen und sind in einer Vielzahl von Farb-, Form- und Stoffkombinationen erh\u00e4ltlich. Ob Holz, Stoff oder Kunstleder \u2013 die Materialien sind sorgf\u00e4ltig ausgew\u00e4hlt, um Langlebigkeit und einfache Pflege zu gew\u00e4hrleisten. Diese Vielfalt erm\u00f6glicht es, die St\u00fchle perfekt auf das bestehende Interieur abzustimmen und den Bewohnerinnen und Bewohnern gleichzeitig ein H\u00f6chstmass an Komfort zu bieten. W\u00e4hlen Sie aus verschiedenen <a href=\"https:\/\/objektmobiliar.ch\/inspiration\/materialien-und-farben\/\">Materialien und Farben<\/a> das Design aus, das perfekt zu Ihrer Einrichtung passt.<\/p>\r\n        <\/div>\r\n      <\/div>\r\n    <\/section><\/div>\n\n\n<p><\/p>\n<style class=\"advgb-styles-renderer\">\r\n            .similar-products-nav li {\r\n              overflow: hidden;\r\n              margin: 0px !important;\r\n              flex-grow: 0 !important;\r\n              flex-shrink: 1 !important;\r\n              flex-basis: 12.5% !important;\r\n              border-style: solid;\r\n              border-width: 2px;\r\n              border-color: transparent;\r\n              border-radius: 8px;\r\n              transition-property: border-color;\r\n              transition-duration: 600ms;\r\n              transition-timing-function: ease;\r\n              cursor: pointer;\r\n            }\r\n            .similar-products-nav li.slick-active {\r\n              border-color: #dde7ef;\r\n            }\r\n            @media screen and (max-width:767px) {\r\n              .similar-products-nav li {\r\n                flex-basis: auto !important;\r\n                border-radius: 8px;\r\n                padding-top: 8px;\r\n                padding-right: 16px;\r\n                padding-bottom: 6px;\r\n                padding-left: 16px;\r\n              }\r\n              .similar-products-nav li.slick-active {\r\n                background-color: #dde7ef;\r\n                transition-property: background-color, border-color;\r\n                transition-duration: 600ms, 200ms;\r\n                transition-timing-function: ease, ease;\r\n                color: #426b8a;\r\n              }\r\n            }\r\n          <\/style>","protected":false},"excerpt":{"rendered":"<p>Zeitlos und ansprechend pr\u00e4sentieren sich die St\u00fchle der Serie MALI. Mit der klaren Formensprache f\u00fcgen sich die Produkte der Serie MALI harmonisch und klar in moderne wie auch klassische Ambiente ein.<\/p>","protected":false},"author":2,"featured_media":583,"parent":544,"menu_order":0,"comment_status":"closed","ping_status":"closed","template":"","meta":{"advgb_blocks_editor_width":"","advgb_blocks_columns_visual_guide":"","footnotes":""},"class_list":["post-582","page","type-page","status-publish","has-post-thumbnail","hentry"],"yoast_head":"<!-- This site is optimized with the Yoast SEO plugin v27.4 - https:\/\/yoast.com\/product\/yoast-seo-wordpress\/ -->\n<title>Die zeitlosen St\u00fchle f\u00fcr Altersheime bei OZG<\/title>\n<meta name=\"description\" content=\"Die zeitlosen St\u00fchle f\u00fcr Altersheime zeichnen sich, wie all unsere M\u00f6beln, durch hervorragende Materialen und gr\u00f6sstm\u00f6glichen Komfort aus.\" \/>\n<meta name=\"robots\" content=\"index, follow, max-snippet:-1, max-image-preview:large, max-video-preview:-1\" \/>\n<link rel=\"canonical\" href=\"https:\/\/objektmobiliar.ch\/fr\/meubles\/chaises-adaptees-aux-soins\/les-chaises-intemporelles-pour-les-maisons-de-retraite\/\" \/>\n<meta property=\"og:locale\" content=\"fr_FR\" \/>\n<meta property=\"og:type\" content=\"article\" \/>\n<meta property=\"og:title\" content=\"Die zeitlosen St\u00fchle f\u00fcr Altersheime bei OZG\" \/>\n<meta property=\"og:description\" content=\"Die zeitlosen St\u00fchle f\u00fcr Altersheime zeichnen sich, wie all unsere M\u00f6beln, durch hervorragende Materialen und gr\u00f6sstm\u00f6glichen Komfort aus.\" \/>\n<meta property=\"og:url\" content=\"https:\/\/objektmobiliar.ch\/fr\/meubles\/chaises-adaptees-aux-soins\/les-chaises-intemporelles-pour-les-maisons-de-retraite\/\" \/>\n<meta property=\"og:site_name\" content=\"OZG HEALTHCARE\" \/>\n<meta property=\"article:modified_time\" content=\"2024-08-27T07:18:11+00:00\" \/>\n<meta property=\"og:image\" content=\"https:\/\/objektmobiliar.ch\/wp-content\/uploads\/2023\/10\/mali-stuhl.jpg\" \/>\n\t<meta property=\"og:image:width\" content=\"1000\" \/>\n\t<meta property=\"og:image:height\" content=\"1000\" \/>\n\t<meta property=\"og:image:type\" content=\"image\/jpeg\" \/>\n<meta name=\"twitter:card\" content=\"summary_large_image\" \/>\n<meta name=\"twitter:label1\" content=\"Dur\u00e9e de lecture estim\u00e9e\" \/>\n\t<meta name=\"twitter:data1\" content=\"4 minutes\" \/>\n<script type=\"application\/ld+json\" class=\"yoast-schema-graph\">{\"@context\":\"https:\\\/\\\/schema.org\",\"@graph\":[{\"@type\":\"WebPage\",\"@id\":\"https:\\\/\\\/objektmobiliar.ch\\\/moebel\\\/pflegegerechte-stuehle\\\/die-zeitlosen-stuehle-fuer-altersheime\\\/\",\"url\":\"https:\\\/\\\/objektmobiliar.ch\\\/moebel\\\/pflegegerechte-stuehle\\\/die-zeitlosen-stuehle-fuer-altersheime\\\/\",\"name\":\"Die zeitlosen St\u00fchle f\u00fcr Altersheime bei OZG\",\"isPartOf\":{\"@id\":\"https:\\\/\\\/objektmobiliar.ch\\\/#website\"},\"primaryImageOfPage\":{\"@id\":\"https:\\\/\\\/objektmobiliar.ch\\\/moebel\\\/pflegegerechte-stuehle\\\/die-zeitlosen-stuehle-fuer-altersheime\\\/#primaryimage\"},\"image\":{\"@id\":\"https:\\\/\\\/objektmobiliar.ch\\\/moebel\\\/pflegegerechte-stuehle\\\/die-zeitlosen-stuehle-fuer-altersheime\\\/#primaryimage\"},\"thumbnailUrl\":\"https:\\\/\\\/objektmobiliar.ch\\\/wp-content\\\/uploads\\\/2023\\\/10\\\/mali-stuhl.jpg\",\"datePublished\":\"2023-10-15T21:01:30+00:00\",\"dateModified\":\"2024-08-27T07:18:11+00:00\",\"description\":\"Die zeitlosen St\u00fchle f\u00fcr Altersheime zeichnen sich, wie all unsere M\u00f6beln, durch hervorragende Materialen und gr\u00f6sstm\u00f6glichen Komfort aus.\",\"breadcrumb\":{\"@id\":\"https:\\\/\\\/objektmobiliar.ch\\\/moebel\\\/pflegegerechte-stuehle\\\/die-zeitlosen-stuehle-fuer-altersheime\\\/#breadcrumb\"},\"inLanguage\":\"fr-FR\",\"potentialAction\":[{\"@type\":\"ReadAction\",\"target\":[\"https:\\\/\\\/objektmobiliar.ch\\\/moebel\\\/pflegegerechte-stuehle\\\/die-zeitlosen-stuehle-fuer-altersheime\\\/\"]}]},{\"@type\":\"ImageObject\",\"inLanguage\":\"fr-FR\",\"@id\":\"https:\\\/\\\/objektmobiliar.ch\\\/moebel\\\/pflegegerechte-stuehle\\\/die-zeitlosen-stuehle-fuer-altersheime\\\/#primaryimage\",\"url\":\"https:\\\/\\\/objektmobiliar.ch\\\/wp-content\\\/uploads\\\/2023\\\/10\\\/mali-stuhl.jpg\",\"contentUrl\":\"https:\\\/\\\/objektmobiliar.ch\\\/wp-content\\\/uploads\\\/2023\\\/10\\\/mali-stuhl.jpg\",\"width\":1000,\"height\":1000,\"caption\":\"Die zeitlosen St\u00fchle f\u00fcr Altersheime\"},{\"@type\":\"BreadcrumbList\",\"@id\":\"https:\\\/\\\/objektmobiliar.ch\\\/moebel\\\/pflegegerechte-stuehle\\\/die-zeitlosen-stuehle-fuer-altersheime\\\/#breadcrumb\",\"itemListElement\":[{\"@type\":\"ListItem\",\"position\":1,\"name\":\"Startseite\",\"item\":\"https:\\\/\\\/objektmobiliar.ch\\\/\"},{\"@type\":\"ListItem\",\"position\":2,\"name\":\"M\u00f6bel\",\"item\":\"https:\\\/\\\/objektmobiliar.ch\\\/moebel\\\/\"},{\"@type\":\"ListItem\",\"position\":3,\"name\":\"St\u00fchle\",\"item\":\"https:\\\/\\\/objektmobiliar.ch\\\/moebel\\\/pflegegerechte-stuehle\\\/\"},{\"@type\":\"ListItem\",\"position\":4,\"name\":\"Mali\"}]},{\"@type\":\"WebSite\",\"@id\":\"https:\\\/\\\/objektmobiliar.ch\\\/#website\",\"url\":\"https:\\\/\\\/objektmobiliar.ch\\\/\",\"name\":\"OZG HEALTHCARE\",\"description\":\"Objektmobiliar f\u00fcr Pflege, B\u00fcro, Praxis &amp; Hotellerie\",\"potentialAction\":[{\"@type\":\"SearchAction\",\"target\":{\"@type\":\"EntryPoint\",\"urlTemplate\":\"https:\\\/\\\/objektmobiliar.ch\\\/?s={search_term_string}\"},\"query-input\":{\"@type\":\"PropertyValueSpecification\",\"valueRequired\":true,\"valueName\":\"search_term_string\"}}],\"inLanguage\":\"fr-FR\"}]}<\/script>\n<!-- \/ Yoast SEO plugin. -->","yoast_head_json":{"title":"Les chaises intemporelles pour les maisons de retraite chez OZG","description":"Les chaises intemporelles pour maisons de retraite se distinguent, comme tous nos meubles, par l'excellence des mat\u00e9riaux et le plus grand confort possible.","robots":{"index":"index","follow":"follow","max-snippet":"max-snippet:-1","max-image-preview":"max-image-preview:large","max-video-preview":"max-video-preview:-1"},"canonical":"https:\/\/objektmobiliar.ch\/fr\/meubles\/chaises-adaptees-aux-soins\/les-chaises-intemporelles-pour-les-maisons-de-retraite\/","og_locale":"fr_FR","og_type":"article","og_title":"Die zeitlosen St\u00fchle f\u00fcr Altersheime bei OZG","og_description":"Die zeitlosen St\u00fchle f\u00fcr Altersheime zeichnen sich, wie all unsere M\u00f6beln, durch hervorragende Materialen und gr\u00f6sstm\u00f6glichen Komfort aus.","og_url":"https:\/\/objektmobiliar.ch\/fr\/meubles\/chaises-adaptees-aux-soins\/les-chaises-intemporelles-pour-les-maisons-de-retraite\/","og_site_name":"OZG HEALTHCARE","article_modified_time":"2024-08-27T07:18:11+00:00","og_image":[{"width":1000,"height":1000,"url":"https:\/\/objektmobiliar.ch\/wp-content\/uploads\/2023\/10\/mali-stuhl.jpg","type":"image\/jpeg"}],"twitter_card":"summary_large_image","twitter_misc":{"Dur\u00e9e de lecture estim\u00e9e":"4 minutes"},"schema":{"@context":"https:\/\/schema.org","@graph":[{"@type":"WebPage","@id":"https:\/\/objektmobiliar.ch\/moebel\/pflegegerechte-stuehle\/die-zeitlosen-stuehle-fuer-altersheime\/","url":"https:\/\/objektmobiliar.ch\/moebel\/pflegegerechte-stuehle\/die-zeitlosen-stuehle-fuer-altersheime\/","name":"Les chaises intemporelles pour les maisons de retraite chez OZG","isPartOf":{"@id":"https:\/\/objektmobiliar.ch\/#website"},"primaryImageOfPage":{"@id":"https:\/\/objektmobiliar.ch\/moebel\/pflegegerechte-stuehle\/die-zeitlosen-stuehle-fuer-altersheime\/#primaryimage"},"image":{"@id":"https:\/\/objektmobiliar.ch\/moebel\/pflegegerechte-stuehle\/die-zeitlosen-stuehle-fuer-altersheime\/#primaryimage"},"thumbnailUrl":"https:\/\/objektmobiliar.ch\/wp-content\/uploads\/2023\/10\/mali-stuhl.jpg","datePublished":"2023-10-15T21:01:30+00:00","dateModified":"2024-08-27T07:18:11+00:00","description":"Les chaises intemporelles pour maisons de retraite se distinguent, comme tous nos meubles, par l'excellence des mat\u00e9riaux et le plus grand confort possible.","breadcrumb":{"@id":"https:\/\/objektmobiliar.ch\/moebel\/pflegegerechte-stuehle\/die-zeitlosen-stuehle-fuer-altersheime\/#breadcrumb"},"inLanguage":"fr-FR","potentialAction":[{"@type":"ReadAction","target":["https:\/\/objektmobiliar.ch\/moebel\/pflegegerechte-stuehle\/die-zeitlosen-stuehle-fuer-altersheime\/"]}]},{"@type":"ImageObject","inLanguage":"fr-FR","@id":"https:\/\/objektmobiliar.ch\/moebel\/pflegegerechte-stuehle\/die-zeitlosen-stuehle-fuer-altersheime\/#primaryimage","url":"https:\/\/objektmobiliar.ch\/wp-content\/uploads\/2023\/10\/mali-stuhl.jpg","contentUrl":"https:\/\/objektmobiliar.ch\/wp-content\/uploads\/2023\/10\/mali-stuhl.jpg","width":1000,"height":1000,"caption":"Die zeitlosen St\u00fchle f\u00fcr Altersheime"},{"@type":"BreadcrumbList","@id":"https:\/\/objektmobiliar.ch\/moebel\/pflegegerechte-stuehle\/die-zeitlosen-stuehle-fuer-altersheime\/#breadcrumb","itemListElement":[{"@type":"ListItem","position":1,"name":"Startseite","item":"https:\/\/objektmobiliar.ch\/"},{"@type":"ListItem","position":2,"name":"M\u00f6bel","item":"https:\/\/objektmobiliar.ch\/moebel\/"},{"@type":"ListItem","position":3,"name":"St\u00fchle","item":"https:\/\/objektmobiliar.ch\/moebel\/pflegegerechte-stuehle\/"},{"@type":"ListItem","position":4,"name":"Mali"}]},{"@type":"WebSite","@id":"https:\/\/objektmobiliar.ch\/#website","url":"https:\/\/objektmobiliar.ch\/","name":"OZG HEALTHCARE","description":"Mobilier de collectivit\u00e9 pour les soins, les bureaux, les cabinets m\u00e9dicaux et l'h\u00f4tellerie","potentialAction":[{"@type":"SearchAction","target":{"@type":"EntryPoint","urlTemplate":"https:\/\/objektmobiliar.ch\/?s={search_term_string}"},"query-input":{"@type":"PropertyValueSpecification","valueRequired":true,"valueName":"search_term_string"}}],"inLanguage":"fr-FR"}]}},"coauthors":[],"author_meta":{"author_link":"https:\/\/objektmobiliar.ch\/fr\/author\/alex\/","display_name":"Alex"},"relative_dates":{"created":"Publi\u00e9 3 ans il y a","modified":"Mis \u00e0 jour 2 ans il y a"},"absolute_dates":{"created":"Publi\u00e9 le octobre 15, 2023","modified":"Mise \u00e0 jour le ao\u00fbt 27, 2024"},"absolute_dates_time":{"created":"Publi\u00e9 le octobre 15, 2023 9:01 pm","modified":"Mise \u00e0 jour le ao\u00fbt 27, 2024 7:18 am"},"featured_img_caption":"","featured_img":"https:\/\/objektmobiliar.ch\/wp-content\/uploads\/2023\/10\/mali-stuhl-825x510.jpg","series_order":"","_links":{"self":[{"href":"https:\/\/objektmobiliar.ch\/fr\/wp-json\/wp\/v2\/pages\/582","targetHints":{"allow":["GET"]}}],"collection":[{"href":"https:\/\/objektmobiliar.ch\/fr\/wp-json\/wp\/v2\/pages"}],"about":[{"href":"https:\/\/objektmobiliar.ch\/fr\/wp-json\/wp\/v2\/types\/page"}],"author":[{"embeddable":true,"href":"https:\/\/objektmobiliar.ch\/fr\/wp-json\/wp\/v2\/users\/2"}],"replies":[{"embeddable":true,"href":"https:\/\/objektmobiliar.ch\/fr\/wp-json\/wp\/v2\/comments?post=582"}],"version-history":[{"count":15,"href":"https:\/\/objektmobiliar.ch\/fr\/wp-json\/wp\/v2\/pages\/582\/revisions"}],"predecessor-version":[{"id":3772,"href":"https:\/\/objektmobiliar.ch\/fr\/wp-json\/wp\/v2\/pages\/582\/revisions\/3772"}],"up":[{"embeddable":true,"href":"https:\/\/objektmobiliar.ch\/fr\/wp-json\/wp\/v2\/pages\/544"}],"wp:featuredmedia":[{"embeddable":true,"href":"https:\/\/objektmobiliar.ch\/fr\/wp-json\/wp\/v2\/media\/583"}],"wp:attachment":[{"href":"https:\/\/objektmobiliar.ch\/fr\/wp-json\/wp\/v2\/media?parent=582"}],"curies":[{"name":"wp","href":"https:\/\/api.w.org\/{rel}","templated":true}]}}