{"id":571,"date":"2023-10-15T20:52:16","date_gmt":"2023-10-15T20:52:16","guid":{"rendered":"https:\/\/dev.objektmobiliar.ch\/?page_id=571"},"modified":"2024-08-27T06:56:58","modified_gmt":"2024-08-27T06:56:58","slug":"les-chaises-haut-de-gamme-pour-les-maisons-de-retraite","status":"publish","type":"page","link":"https:\/\/objektmobiliar.ch\/fr\/moebel\/pflegegerechte-stuehle\/die-hochwertigen-stuehle-fuer-pflegeheime\/","title":{"rendered":"Londres"},"content":{"rendered":"<div class=\"lazyblock-produkt-detail-ozg-Z20wvjD wp-block-lazyblock-produkt-detail-ozg\"><section class=\"sct\">\r\n      <div class=\"cnt\">\r\n        <div class=\"elmnt-product-desc\">\r\n          <div class=\"product-desc-box\"><img decoding=\"async\" src=\"https:\/\/objektmobiliar.ch\/wp-content\/uploads\/2023\/10\/london-stuhl-5-mit-knauf.jpg\" loading=\"lazy\" alt=\"\" class=\"product-desc-img\"><\/div>\r\n          <div class=\"product-desc-txt\">\r\n            <h1 class=\"txt-product-headline\">Londres<\/h1>\r\n            <h2 class=\"txt-product-subline\">Les chaises haut de gamme pour les maisons de soins<\/h2>\r\n            <div class=\"w-richtext\">\r\n              <p>Les chaises de qualit\u00e9 sup\u00e9rieure pour maisons de repos ont \u00e9t\u00e9 con\u00e7ues pour le secteur public et social. Le cadre de l'armature, qui peut \u00eatre tordu, compense les in\u00e9galit\u00e9s du sol et garantit ainsi une bonne stabilit\u00e9.<\/p>\r\n            <\/div>\r\n            <a onclick=\"splite_loader();\" class=\"btn\">Demander un produit<\/a>\r\n          <\/div>\r\n        <\/div>\r\n      <\/div>\r\n    <\/section><\/div>\n\n<div class=\"lazyblock-produkt-slider-ozg-1z7Up4 wp-block-lazyblock-produkt-slider-ozg\"><section class=\"sct\">\r\n  <div class=\"cnt semi\">\r\n    <div class=\"intro-txt\">\r\n        <h2>Mod\u00e8les et versions<\/h2>\r\n    <\/div>\r\n    \r\n    <div class=\"elmnt-similar-products\">\r\n      <div class=\"similar-product\"><img decoding=\"async\" src=\"https:\/\/objektmobiliar.ch\/wp-content\/uploads\/2023\/10\/london-stuhl-1.jpg\" loading=\"eager\" alt=\"Chaise London 1, sans accoudoirs, sans poign\u00e9e de dossier\" class=\"similar-product-img\">\r\n        <div class=\"center\">\r\n          <div class=\"w-richtext\">\r\n            <p><strong>Chaise London 1,<br>Sans accoudoirs, sans poign\u00e9e de dossier<\/strong><br>N\u00b0 d'art. 200-0048\/S<\/p>\r\n          <\/div>\r\n          \r\n        <\/div>\r\n      <\/div>\r\n      <div class=\"similar-product\"><img decoding=\"async\" src=\"https:\/\/objektmobiliar.ch\/wp-content\/uploads\/2023\/10\/london-stuhl-2.jpg\" loading=\"eager\" alt=\"Chaise London 2, sans accoudoirs, avec poign\u00e9e dorsale\" class=\"similar-product-img\">\r\n        <div class=\"center\">\r\n          <div class=\"w-richtext\">\r\n            <p><strong><strong>Chaise London 2,<br>Sans accoudoirs, avec poign\u00e9e de dossier<\/strong><br><\/strong>N\u00b0 d'art. 200-0049\/S<\/p>\r\n          <\/div>\r\n          \r\n        <\/div>\r\n      <\/div>\r\n      <div class=\"similar-product\"><img decoding=\"async\" src=\"https:\/\/objektmobiliar.ch\/wp-content\/uploads\/2023\/10\/london-stuhl-3.jpg\" loading=\"eager\" alt=\"\" class=\"similar-product-img\">\r\n        <div class=\"center\">\r\n          <div class=\"w-richtext\">\r\n            <p><strong><strong>Chaise London 3,<br>Sans accoudoirs, poign\u00e9e de dossier ferm\u00e9e<\/strong><br><\/strong>N\u00b0 d'art. 200-0050\/S<\/p>\r\n          <\/div>\r\n          \r\n        <\/div>\r\n      <\/div>\r\n      <div class=\"similar-product\"><img decoding=\"async\" src=\"https:\/\/objektmobiliar.ch\/wp-content\/uploads\/2023\/10\/london-stuhl-5-mit-knauf.jpg\" loading=\"eager\" alt=\"Les chaises haut de gamme pour les maisons de soins\" class=\"similar-product-img\">\r\n        <div class=\"center\">\r\n          <div class=\"w-richtext\">\r\n            <p><strong>Chaise London 5,<br>Accoudoirs avec pommeau, avec poign\u00e9e de dossier<\/strong><br>N\u00b0 d'art. 200-0052\/S<\/p>\r\n          <\/div>\r\n          \r\n        <\/div>\r\n      <\/div>\r\n      <div class=\"similar-product\"><img decoding=\"async\" src=\"https:\/\/objektmobiliar.ch\/wp-content\/uploads\/2023\/10\/london-stuhl-12.jpg\" loading=\"eager\" alt=\"Chaise London 12, \u00e0 dossier haut, avec accoudoirs, sans poign\u00e9e de dossier\" class=\"similar-product-img\">\r\n        <div class=\"center\">\r\n          <div class=\"w-richtext\">\r\n            <p><strong>Chaise London 12,<br>dossier haut, avec accoudoirs, sans poign\u00e9e de dossier<\/strong><br>N\u00b0 d'art. 200-0059\/S<\/p>\r\n          <\/div>\r\n          \r\n        <\/div>\r\n      <\/div>\r\n      <div class=\"similar-product\"><img decoding=\"async\" src=\"https:\/\/objektmobiliar.ch\/wp-content\/uploads\/2023\/10\/london-stuhl-13.jpg\" loading=\"eager\" alt=\"Chaise London 13, \u00e0 dossier haut, avec accoudoirs, avec poign\u00e9e dorsale\" class=\"similar-product-img\">\r\n        <div class=\"center\">\r\n          <div class=\"w-richtext\">\r\n            <p><strong>Chaise Londres 13,<br>dossier haut, avec accoudoirs, avec poign\u00e9e de dossier<\/strong><br>N\u00b0 d'art. 200-0060\/S<\/p>\r\n          <\/div>\r\n          \r\n        <\/div>\r\n      <\/div>\r\n    <\/div>\r\n  <\/div>\r\n  \r\n  <div class=\"cnt narrow\">\r\n    <div class=\"similar-products-nav-pos\">\r\n      <div class=\"w-embed\">\r\n        \r\n      <\/div>\r\n    <\/div>\r\n  <\/div>\r\n<\/section><\/div>\n\n<div class=\"lazyblock-text-modul-ozg-ZjmPdj wp-block-lazyblock-text-modul-ozg\"><section class=\"sct\">\r\n      <div class=\"cnt narrow\">\r\n        <div class=\"w-richtext\">\r\n            <p><img loading=\"lazy\" decoding=\"async\" class=\"alignnone size-full wp-image-579\" src=\"https:\/\/objektmobiliar.ch\/wp-content\/uploads\/2023\/10\/londo-wide.jpg\" alt=\"Chaise London 8,accoudoirs arrondis, avec poign\u00e9e de dossier\" width=\"1200\" height=\"501\" srcset=\"https:\/\/objektmobiliar.ch\/wp-content\/uploads\/2023\/10\/londo-wide.jpg 1200w, https:\/\/objektmobiliar.ch\/wp-content\/uploads\/2023\/10\/londo-wide-800x334.jpg 800w, https:\/\/objektmobiliar.ch\/wp-content\/uploads\/2023\/10\/londo-wide-768x321.jpg 768w\" sizes=\"auto, (max-width: 1200px) 100vw, 1200px\" \/><\/p>\n<p><strong>Chaise London 8,<br \/>R\u00e9f. 200-0055\/S :<\/strong><br \/>Accoudoirs arrondis, avec poign\u00e9e de dossier<\/p>\r\n        <\/div>\r\n      <\/div>\r\n    <\/section><\/div>\n\n\n<div class=\"wp-block-group\"><div class=\"wp-block-group__inner-container is-layout-constrained wp-block-group-is-layout-constrained\"><section class=\"sct\">\r\n      <div class=\"cnt narrow\">\r\n        <div class=\"introtxt\">\r\n        <div class=\"w-richtext\">\r\n            <h2>Description du produit<\/h2>\r\n        <\/div>\r\n        <\/div>\r\n        \r\n          \n\n\n<figure class=\"wp-block-table is-style-regular\"><table><thead><tr><th>Art. No.<\/th><th>Description<\/th><\/tr><\/thead><tbody><tr><td>200-0048\/S<\/td><td>Chaise London 1, sans accoudoirs, sans poign\u00e9e de dossier<\/td><\/tr><tr><td>200-0050\/S<\/td><td>Chaise London 3, sans accoudoirs, poign\u00e9e de dossier ferm\u00e9e<\/td><\/tr><tr><td>200-0049\/S<\/td><td>Chaise London 2, sans accoudoirs, avec poign\u00e9e dorsale<\/td><\/tr><tr><td>200-0051\/S<\/td><td>Chaise London 4, accoudoirs avec pommeau, sans poign\u00e9e de dossier<\/td><\/tr><tr><td>200-0053\/S<\/td><td>Chaise London 6, accoudoirs avec pommeau, poign\u00e9e de dossier ferm\u00e9e<\/td><\/tr><tr><td>200-0052\/S<\/td><td>Chaise London 5, accoudoirs avec pommeau, avec poign\u00e9e dorsale<\/td><\/tr><tr><td>200-0054\/S<\/td><td>Chaise London 7, accoudoirs arrondis, sans poign\u00e9e de dossier<\/td><\/tr><tr><td>200-0056\/S<\/td><td>Chaise London 9, accoudoirs arrondis, poign\u00e9e de dossier ferm\u00e9e<\/td><\/tr><tr><td>200-0055\/S<\/td><td>Chaise London 8, accoudoirs arrondis, avec poign\u00e9e de dossier<\/td><\/tr><tr><td>200-0057\/S<\/td><td>Chaise London 10, dossier haut, accoudoirs avec pommeau, sans poign\u00e9e dorsale<\/td><\/tr><tr><td>200-0058\/S<\/td><td>Chaise London 11, dossier haut, accoudoirs avec bouton, avec poign\u00e9e dorsale<\/td><\/tr><tr><td>200-0059\/S<\/td><td>Chaise London 12, \u00e0 dossier haut, avec accoudoirs, sans poign\u00e9e de dossier<\/td><\/tr><tr><td>200-0060\/S<\/td><td>Chaise London 13, \u00e0 dossier haut, avec accoudoirs, avec poign\u00e9e dorsale<\/td><\/tr><\/tbody><\/table><\/figure>\n\n\n<\/div><\/section><\/div><\/div>\n\n\n<div class=\"lazyblock-text-modul-ozg-MHGcC wp-block-lazyblock-text-modul-ozg\"><section class=\"sct\">\r\n      <div class=\"cnt narrow\">\r\n        <div class=\"w-richtext\">\r\n            <h3>Les chaises haut de gamme pour les maisons de soins - la s\u00e9rie London<\/h3>\n<p>Les chaises haut de gamme de la s\u00e9rie London allient stabilit\u00e9 et l\u00e9g\u00e8ret\u00e9 et sont id\u00e9ales pour une utilisation dans les maisons de soins. Fabriqu\u00e9es en bois stratifi\u00e9 robuste, elles offrent une long\u00e9vit\u00e9 particuli\u00e8re. Un cadre de ch\u00e2ssis torsible compense les irr\u00e9gularit\u00e9s du sol et assure une bonne stabilit\u00e9, ce qui augmente la s\u00e9curit\u00e9 dans les \u00e9tablissements de soins.<\/p>\n<h3>Variantes polyvalentes<\/h3>\n<p>Les chaises sont disponibles en diff\u00e9rents mod\u00e8les afin de r\u00e9pondre aux diff\u00e9rents besoins. Vous pouvez choisir des mod\u00e8les avec ou sans accoudoirs, ainsi que des chaises avec une poign\u00e9e dorsale pratique pour faciliter les changements de position. Les si\u00e8ges \u00e0 dossier haut offrent un confort et un soutien suppl\u00e9mentaires, notamment pour les longues p\u00e9riodes d'assise.<\/p>\n<h3>Fonctionnalit\u00e9 et design<\/h3>\n<p>Outre sa fonctionnalit\u00e9, la s\u00e9rie London s\u00e9duit par son design intemporel. Les accoudoirs sont, au choix, arrondis ou con\u00e7us avec un pommeau styl\u00e9 qui favorise la mobilit\u00e9 des r\u00e9sidents. Gr\u00e2ce \u00e0 leurs mat\u00e9riaux durables et \u00e0 leur design flexible, les chaises haut de gamme de la s\u00e9rie London sont le choix id\u00e9al pour les maisons de soins. Choisissez parmi diff\u00e9rents <a href=\"https:\/\/objektmobiliar.ch\/fr\/inspiration\/materiaux-et-couleurs\/\">Mat\u00e9riaux et couleurs<\/a>\u00a0le design qui s'adapte parfaitement \u00e0 votre int\u00e9rieur.<\/p>\r\n        <\/div>\r\n      <\/div>\r\n    <\/section><\/div><style class=\"advgb-styles-renderer\">\r\n            .similar-products-nav li {\r\n              overflow: hidden;\r\n              margin: 0px !important;\r\n              flex-grow: 0 !important;\r\n              flex-shrink: 1 !important;\r\n              flex-basis: 12.5% !important;\r\n              border-style: solid;\r\n              border-width: 2px;\r\n              border-color: transparent;\r\n              border-radius: 8px;\r\n              transition-property: border-color;\r\n              transition-duration: 600ms;\r\n              transition-timing-function: ease;\r\n              cursor: pointer;\r\n            }\r\n            .similar-products-nav li.slick-active {\r\n              border-color: #dde7ef;\r\n            }\r\n            @media screen and (max-width:767px) {\r\n              .similar-products-nav li {\r\n                flex-basis: auto !important;\r\n                border-radius: 8px;\r\n                padding-top: 8px;\r\n                padding-right: 16px;\r\n                padding-bottom: 6px;\r\n                padding-left: 16px;\r\n              }\r\n              .similar-products-nav li.slick-active {\r\n                background-color: #dde7ef;\r\n                transition-property: background-color, border-color;\r\n                transition-duration: 600ms, 200ms;\r\n                transition-timing-function: ease, ease;\r\n                color: #426b8a;\r\n              }\r\n            }\r\n          <\/style>","protected":false},"excerpt":{"rendered":"<p>Diese hochwertige Serie leichter und stabiler Schichtholzm\u00f6bel wurde konzipiert f\u00fcr den Objekt- und Sozialbereich. Der verwindungsf\u00e4hige Zargenrahmen gleicht Bodenunhebenheiten aus und gew\u00e4hrt somit einen sicheren Stand.<\/p>","protected":false},"author":2,"featured_media":578,"parent":544,"menu_order":0,"comment_status":"closed","ping_status":"closed","template":"","meta":{"advgb_blocks_editor_width":"","advgb_blocks_columns_visual_guide":"","footnotes":""},"class_list":["post-571","page","type-page","status-publish","has-post-thumbnail","hentry"],"yoast_head":"<!-- This site is optimized with the Yoast SEO plugin v27.4 - https:\/\/yoast.com\/product\/yoast-seo-wordpress\/ -->\n<title>Die hochwertigen St\u00fchle f\u00fcr Pflegeheime bei OZG<\/title>\n<meta name=\"description\" content=\"Die hochwertigen St\u00fchle f\u00fcr Pflegeheime sind in verschiedenen Varianten erh\u00e4ltlich, um den Anforderungen in Altersheimen gerecht zu werden.\" \/>\n<meta name=\"robots\" content=\"index, follow, max-snippet:-1, max-image-preview:large, max-video-preview:-1\" \/>\n<link rel=\"canonical\" href=\"https:\/\/objektmobiliar.ch\/fr\/meubles\/chaises-adaptees-aux-soins\/les-chaises-haut-de-gamme-pour-les-maisons-de-retraite\/\" \/>\n<meta property=\"og:locale\" content=\"fr_FR\" \/>\n<meta property=\"og:type\" content=\"article\" \/>\n<meta property=\"og:title\" content=\"Die hochwertigen St\u00fchle f\u00fcr Pflegeheime bei OZG\" \/>\n<meta property=\"og:description\" content=\"Die hochwertigen St\u00fchle f\u00fcr Pflegeheime sind in verschiedenen Varianten erh\u00e4ltlich, um den Anforderungen in Altersheimen gerecht zu werden.\" \/>\n<meta property=\"og:url\" content=\"https:\/\/objektmobiliar.ch\/fr\/meubles\/chaises-adaptees-aux-soins\/les-chaises-haut-de-gamme-pour-les-maisons-de-retraite\/\" \/>\n<meta property=\"og:site_name\" content=\"OZG HEALTHCARE\" \/>\n<meta property=\"article:modified_time\" content=\"2024-08-27T06:56:58+00:00\" \/>\n<meta property=\"og:image\" content=\"https:\/\/objektmobiliar.ch\/wp-content\/uploads\/2023\/10\/london-stuhl.jpg\" \/>\n\t<meta property=\"og:image:width\" content=\"1000\" \/>\n\t<meta property=\"og:image:height\" content=\"1000\" \/>\n\t<meta property=\"og:image:type\" content=\"image\/jpeg\" \/>\n<meta name=\"twitter:card\" content=\"summary_large_image\" \/>\n<meta name=\"twitter:label1\" content=\"Dur\u00e9e de lecture estim\u00e9e\" \/>\n\t<meta name=\"twitter:data1\" content=\"4 minutes\" \/>\n<script type=\"application\/ld+json\" class=\"yoast-schema-graph\">{\"@context\":\"https:\\\/\\\/schema.org\",\"@graph\":[{\"@type\":\"WebPage\",\"@id\":\"https:\\\/\\\/objektmobiliar.ch\\\/moebel\\\/pflegegerechte-stuehle\\\/die-hochwertigen-stuehle-fuer-pflegeheime\\\/\",\"url\":\"https:\\\/\\\/objektmobiliar.ch\\\/moebel\\\/pflegegerechte-stuehle\\\/die-hochwertigen-stuehle-fuer-pflegeheime\\\/\",\"name\":\"Die hochwertigen St\u00fchle f\u00fcr Pflegeheime bei OZG\",\"isPartOf\":{\"@id\":\"https:\\\/\\\/objektmobiliar.ch\\\/#website\"},\"primaryImageOfPage\":{\"@id\":\"https:\\\/\\\/objektmobiliar.ch\\\/moebel\\\/pflegegerechte-stuehle\\\/die-hochwertigen-stuehle-fuer-pflegeheime\\\/#primaryimage\"},\"image\":{\"@id\":\"https:\\\/\\\/objektmobiliar.ch\\\/moebel\\\/pflegegerechte-stuehle\\\/die-hochwertigen-stuehle-fuer-pflegeheime\\\/#primaryimage\"},\"thumbnailUrl\":\"https:\\\/\\\/objektmobiliar.ch\\\/wp-content\\\/uploads\\\/2023\\\/10\\\/london-stuhl.jpg\",\"datePublished\":\"2023-10-15T20:52:16+00:00\",\"dateModified\":\"2024-08-27T06:56:58+00:00\",\"description\":\"Die hochwertigen St\u00fchle f\u00fcr Pflegeheime sind in verschiedenen Varianten erh\u00e4ltlich, um den Anforderungen in Altersheimen gerecht zu werden.\",\"breadcrumb\":{\"@id\":\"https:\\\/\\\/objektmobiliar.ch\\\/moebel\\\/pflegegerechte-stuehle\\\/die-hochwertigen-stuehle-fuer-pflegeheime\\\/#breadcrumb\"},\"inLanguage\":\"fr-FR\",\"potentialAction\":[{\"@type\":\"ReadAction\",\"target\":[\"https:\\\/\\\/objektmobiliar.ch\\\/moebel\\\/pflegegerechte-stuehle\\\/die-hochwertigen-stuehle-fuer-pflegeheime\\\/\"]}]},{\"@type\":\"ImageObject\",\"inLanguage\":\"fr-FR\",\"@id\":\"https:\\\/\\\/objektmobiliar.ch\\\/moebel\\\/pflegegerechte-stuehle\\\/die-hochwertigen-stuehle-fuer-pflegeheime\\\/#primaryimage\",\"url\":\"https:\\\/\\\/objektmobiliar.ch\\\/wp-content\\\/uploads\\\/2023\\\/10\\\/london-stuhl.jpg\",\"contentUrl\":\"https:\\\/\\\/objektmobiliar.ch\\\/wp-content\\\/uploads\\\/2023\\\/10\\\/london-stuhl.jpg\",\"width\":1000,\"height\":1000,\"caption\":\"Stuhl London 8\"},{\"@type\":\"BreadcrumbList\",\"@id\":\"https:\\\/\\\/objektmobiliar.ch\\\/moebel\\\/pflegegerechte-stuehle\\\/die-hochwertigen-stuehle-fuer-pflegeheime\\\/#breadcrumb\",\"itemListElement\":[{\"@type\":\"ListItem\",\"position\":1,\"name\":\"Startseite\",\"item\":\"https:\\\/\\\/objektmobiliar.ch\\\/\"},{\"@type\":\"ListItem\",\"position\":2,\"name\":\"M\u00f6bel\",\"item\":\"https:\\\/\\\/objektmobiliar.ch\\\/moebel\\\/\"},{\"@type\":\"ListItem\",\"position\":3,\"name\":\"St\u00fchle\",\"item\":\"https:\\\/\\\/objektmobiliar.ch\\\/moebel\\\/pflegegerechte-stuehle\\\/\"},{\"@type\":\"ListItem\",\"position\":4,\"name\":\"London\"}]},{\"@type\":\"WebSite\",\"@id\":\"https:\\\/\\\/objektmobiliar.ch\\\/#website\",\"url\":\"https:\\\/\\\/objektmobiliar.ch\\\/\",\"name\":\"OZG HEALTHCARE\",\"description\":\"Objektmobiliar f\u00fcr Pflege, B\u00fcro, Praxis &amp; Hotellerie\",\"potentialAction\":[{\"@type\":\"SearchAction\",\"target\":{\"@type\":\"EntryPoint\",\"urlTemplate\":\"https:\\\/\\\/objektmobiliar.ch\\\/?s={search_term_string}\"},\"query-input\":{\"@type\":\"PropertyValueSpecification\",\"valueRequired\":true,\"valueName\":\"search_term_string\"}}],\"inLanguage\":\"fr-FR\"}]}<\/script>\n<!-- \/ Yoast SEO plugin. -->","yoast_head_json":{"title":"Les chaises haut de gamme pour les maisons de soins chez OZG","description":"Les chaises haut de gamme pour maisons de repos sont disponibles en diff\u00e9rentes variantes afin de r\u00e9pondre aux exigences des maisons de repos.","robots":{"index":"index","follow":"follow","max-snippet":"max-snippet:-1","max-image-preview":"max-image-preview:large","max-video-preview":"max-video-preview:-1"},"canonical":"https:\/\/objektmobiliar.ch\/fr\/meubles\/chaises-adaptees-aux-soins\/les-chaises-haut-de-gamme-pour-les-maisons-de-retraite\/","og_locale":"fr_FR","og_type":"article","og_title":"Die hochwertigen St\u00fchle f\u00fcr Pflegeheime bei OZG","og_description":"Die hochwertigen St\u00fchle f\u00fcr Pflegeheime sind in verschiedenen Varianten erh\u00e4ltlich, um den Anforderungen in Altersheimen gerecht zu werden.","og_url":"https:\/\/objektmobiliar.ch\/fr\/meubles\/chaises-adaptees-aux-soins\/les-chaises-haut-de-gamme-pour-les-maisons-de-retraite\/","og_site_name":"OZG HEALTHCARE","article_modified_time":"2024-08-27T06:56:58+00:00","og_image":[{"width":1000,"height":1000,"url":"https:\/\/objektmobiliar.ch\/wp-content\/uploads\/2023\/10\/london-stuhl.jpg","type":"image\/jpeg"}],"twitter_card":"summary_large_image","twitter_misc":{"Dur\u00e9e de lecture estim\u00e9e":"4 minutes"},"schema":{"@context":"https:\/\/schema.org","@graph":[{"@type":"WebPage","@id":"https:\/\/objektmobiliar.ch\/moebel\/pflegegerechte-stuehle\/die-hochwertigen-stuehle-fuer-pflegeheime\/","url":"https:\/\/objektmobiliar.ch\/moebel\/pflegegerechte-stuehle\/die-hochwertigen-stuehle-fuer-pflegeheime\/","name":"Les chaises haut de gamme pour les maisons de soins chez OZG","isPartOf":{"@id":"https:\/\/objektmobiliar.ch\/#website"},"primaryImageOfPage":{"@id":"https:\/\/objektmobiliar.ch\/moebel\/pflegegerechte-stuehle\/die-hochwertigen-stuehle-fuer-pflegeheime\/#primaryimage"},"image":{"@id":"https:\/\/objektmobiliar.ch\/moebel\/pflegegerechte-stuehle\/die-hochwertigen-stuehle-fuer-pflegeheime\/#primaryimage"},"thumbnailUrl":"https:\/\/objektmobiliar.ch\/wp-content\/uploads\/2023\/10\/london-stuhl.jpg","datePublished":"2023-10-15T20:52:16+00:00","dateModified":"2024-08-27T06:56:58+00:00","description":"Les chaises haut de gamme pour maisons de repos sont disponibles en diff\u00e9rentes variantes afin de r\u00e9pondre aux exigences des maisons de repos.","breadcrumb":{"@id":"https:\/\/objektmobiliar.ch\/moebel\/pflegegerechte-stuehle\/die-hochwertigen-stuehle-fuer-pflegeheime\/#breadcrumb"},"inLanguage":"fr-FR","potentialAction":[{"@type":"ReadAction","target":["https:\/\/objektmobiliar.ch\/moebel\/pflegegerechte-stuehle\/die-hochwertigen-stuehle-fuer-pflegeheime\/"]}]},{"@type":"ImageObject","inLanguage":"fr-FR","@id":"https:\/\/objektmobiliar.ch\/moebel\/pflegegerechte-stuehle\/die-hochwertigen-stuehle-fuer-pflegeheime\/#primaryimage","url":"https:\/\/objektmobiliar.ch\/wp-content\/uploads\/2023\/10\/london-stuhl.jpg","contentUrl":"https:\/\/objektmobiliar.ch\/wp-content\/uploads\/2023\/10\/london-stuhl.jpg","width":1000,"height":1000,"caption":"Stuhl London 8"},{"@type":"BreadcrumbList","@id":"https:\/\/objektmobiliar.ch\/moebel\/pflegegerechte-stuehle\/die-hochwertigen-stuehle-fuer-pflegeheime\/#breadcrumb","itemListElement":[{"@type":"ListItem","position":1,"name":"Startseite","item":"https:\/\/objektmobiliar.ch\/"},{"@type":"ListItem","position":2,"name":"M\u00f6bel","item":"https:\/\/objektmobiliar.ch\/moebel\/"},{"@type":"ListItem","position":3,"name":"St\u00fchle","item":"https:\/\/objektmobiliar.ch\/moebel\/pflegegerechte-stuehle\/"},{"@type":"ListItem","position":4,"name":"London"}]},{"@type":"WebSite","@id":"https:\/\/objektmobiliar.ch\/#website","url":"https:\/\/objektmobiliar.ch\/","name":"OZG HEALTHCARE","description":"Mobilier de collectivit\u00e9 pour les soins, les bureaux, les cabinets m\u00e9dicaux et l'h\u00f4tellerie","potentialAction":[{"@type":"SearchAction","target":{"@type":"EntryPoint","urlTemplate":"https:\/\/objektmobiliar.ch\/?s={search_term_string}"},"query-input":{"@type":"PropertyValueSpecification","valueRequired":true,"valueName":"search_term_string"}}],"inLanguage":"fr-FR"}]}},"coauthors":[],"author_meta":{"author_link":"https:\/\/objektmobiliar.ch\/fr\/author\/alex\/","display_name":"Alex"},"relative_dates":{"created":"Publi\u00e9 3 ans il y a","modified":"Mis \u00e0 jour 2 ans il y a"},"absolute_dates":{"created":"Publi\u00e9 le octobre 15, 2023","modified":"Mise \u00e0 jour le ao\u00fbt 27, 2024"},"absolute_dates_time":{"created":"Publi\u00e9 le octobre 15, 2023 8:52 pm","modified":"Mise \u00e0 jour le ao\u00fbt 27, 2024 6:56 am"},"featured_img_caption":"","featured_img":"https:\/\/objektmobiliar.ch\/wp-content\/uploads\/2023\/10\/london-stuhl-825x510.jpg","series_order":"","_links":{"self":[{"href":"https:\/\/objektmobiliar.ch\/fr\/wp-json\/wp\/v2\/pages\/571","targetHints":{"allow":["GET"]}}],"collection":[{"href":"https:\/\/objektmobiliar.ch\/fr\/wp-json\/wp\/v2\/pages"}],"about":[{"href":"https:\/\/objektmobiliar.ch\/fr\/wp-json\/wp\/v2\/types\/page"}],"author":[{"embeddable":true,"href":"https:\/\/objektmobiliar.ch\/fr\/wp-json\/wp\/v2\/users\/2"}],"replies":[{"embeddable":true,"href":"https:\/\/objektmobiliar.ch\/fr\/wp-json\/wp\/v2\/comments?post=571"}],"version-history":[{"count":10,"href":"https:\/\/objektmobiliar.ch\/fr\/wp-json\/wp\/v2\/pages\/571\/revisions"}],"predecessor-version":[{"id":3764,"href":"https:\/\/objektmobiliar.ch\/fr\/wp-json\/wp\/v2\/pages\/571\/revisions\/3764"}],"up":[{"embeddable":true,"href":"https:\/\/objektmobiliar.ch\/fr\/wp-json\/wp\/v2\/pages\/544"}],"wp:featuredmedia":[{"embeddable":true,"href":"https:\/\/objektmobiliar.ch\/fr\/wp-json\/wp\/v2\/media\/578"}],"wp:attachment":[{"href":"https:\/\/objektmobiliar.ch\/fr\/wp-json\/wp\/v2\/media?parent=571"}],"curies":[{"name":"wp","href":"https:\/\/api.w.org\/{rel}","templated":true}]}}