{"id":563,"date":"2023-10-15T20:29:01","date_gmt":"2023-10-15T20:29:01","guid":{"rendered":"https:\/\/dev.objektmobiliar.ch\/?page_id=563"},"modified":"2024-08-22T13:49:50","modified_gmt":"2024-08-22T13:49:50","slug":"chaises-elegantes-pour-residences-pour-personnes-agees","status":"publish","type":"page","link":"https:\/\/objektmobiliar.ch\/fr\/moebel\/pflegegerechte-stuehle\/elegante-stuehle-fuer-seniorenresidenzen\/","title":{"rendered":"Gstaad"},"content":{"rendered":"<div class=\"lazyblock-produkt-detail-ozg-1eC3sH wp-block-lazyblock-produkt-detail-ozg\"><section class=\"sct\">\r\n      <div class=\"cnt\">\r\n        <div class=\"elmnt-product-desc\">\r\n          <div class=\"product-desc-box\"><img decoding=\"async\" src=\"https:\/\/objektmobiliar.ch\/wp-content\/uploads\/2023\/10\/gstaad-mit-armlehnen.jpg\" loading=\"lazy\" alt=\"\" class=\"product-desc-img\"><\/div>\r\n          <div class=\"product-desc-txt\">\r\n            <h1 class=\"txt-product-headline\">Gstaad<\/h1>\r\n            <h2 class=\"txt-product-subline\">Des chaises \u00e9l\u00e9gantes pour les r\u00e9sidences pour personnes \u00e2g\u00e9es<\/h2>\r\n            <div class=\"w-richtext\">\r\n              <p>Nos chaises GSTAAD sont nouvelles dans notre assortiment. Leurs formes raffin\u00e9es apportent de l'\u00e9l\u00e9gance \u00e0 chaque int\u00e9rieur. \u00c9quip\u00e9es de beaux accoudoirs \u00e0 pommeau, elles valorisent habilement les pi\u00e8ces. Id\u00e9ale pour les espaces communs ou les chambres priv\u00e9es, la s\u00e9rie Gstaad allie confort et style. Les rev\u00eatements en tissu et\/ou en similicuir sont disponibles en option.<\/p>\r\n            <\/div>\r\n            <a onclick=\"splite_loader();\" class=\"btn\">Demander un produit<\/a>\r\n          <\/div>\r\n        <\/div>\r\n      <\/div>\r\n    <\/section><\/div>\n\n<div class=\"lazyblock-produkt-slider-ozg-vktIY wp-block-lazyblock-produkt-slider-ozg\"><section class=\"sct\">\r\n  <div class=\"cnt semi\">\r\n    <div class=\"intro-txt\">\r\n        <h2>Mod\u00e8les et versions<\/h2>\r\n    <\/div>\r\n    \r\n    <div class=\"elmnt-similar-products\">\r\n      <div class=\"similar-product\"><img decoding=\"async\" src=\"https:\/\/objektmobiliar.ch\/wp-content\/uploads\/2023\/10\/gstaad-mit-armlehnen.jpg\" loading=\"eager\" alt=\"Des chaises \u00e9l\u00e9gantes pour les r\u00e9sidences pour personnes \u00e2g\u00e9es\" class=\"similar-product-img\">\r\n        <div class=\"center\">\r\n          <div class=\"w-richtext\">\r\n            <p><strong>Chaise Gstaad, <\/strong><br><strong>Avec accoudoirs<\/strong><br>N\u00b0 d'art. 200-0105\/S<\/p>\r\n          <\/div>\r\n          \r\n        <\/div>\r\n      <\/div>\r\n      <div class=\"similar-product\"><img decoding=\"async\" src=\"https:\/\/objektmobiliar.ch\/wp-content\/uploads\/2023\/10\/gstaad-ohne-armlehnen.jpg\" loading=\"eager\" alt=\"Chaise Gstaad, sans accoudoirs\" class=\"similar-product-img\">\r\n        <div class=\"center\">\r\n          <div class=\"w-richtext\">\r\n            <p><strong>Chaise Gstaad,<br>Sans accoudoirs<\/strong><br>R\u00e9f. 200-0106\/S<\/p>\r\n          <\/div>\r\n          \r\n        <\/div>\r\n      <\/div>\r\n    <\/div>\r\n  <\/div>\r\n  \r\n  <div class=\"cnt narrow\">\r\n    <div class=\"similar-products-nav-pos\">\r\n      <div class=\"w-embed\">\r\n        \r\n      <\/div>\r\n    <\/div>\r\n  <\/div>\r\n<\/section><\/div>\n\n<div class=\"lazyblock-text-modul-ozg-Z1bGfqU wp-block-lazyblock-text-modul-ozg\"><section class=\"sct\">\r\n      <div class=\"cnt narrow\">\r\n        <div class=\"w-richtext\">\r\n            <p><img loading=\"lazy\" decoding=\"async\" class=\"alignnone size-full wp-image-567\" src=\"https:\/\/objektmobiliar.ch\/wp-content\/uploads\/2023\/10\/gstaat.jpg\" alt=\"Chaise Gstaad\" width=\"1200\" height=\"800\" srcset=\"https:\/\/objektmobiliar.ch\/wp-content\/uploads\/2023\/10\/gstaat.jpg 1200w, https:\/\/objektmobiliar.ch\/wp-content\/uploads\/2023\/10\/gstaat-800x533.jpg 800w, https:\/\/objektmobiliar.ch\/wp-content\/uploads\/2023\/10\/gstaat-768x512.jpg 768w\" sizes=\"auto, (max-width: 1200px) 100vw, 1200px\" \/><\/p>\n<p><strong>Chaise Gstaad,<br \/><\/strong>R\u00e9f. 200-0105\/S :<strong><br \/><\/strong>Avec accoudoirs<strong><br \/><\/strong><\/p>\n<p><strong>Chaise Gstaad,<br \/><\/strong>R\u00e9f. 200-0105\/S :<strong><br \/><\/strong>Avec accoudoirs<\/p>\n<p>\u00a0<\/p>\n<p><img loading=\"lazy\" decoding=\"async\" class=\"alignnone size-full wp-image-568\" src=\"https:\/\/objektmobiliar.ch\/wp-content\/uploads\/2023\/10\/alana-schreibtisch-1.jpg\" alt=\"\" width=\"1200\" height=\"493\" srcset=\"https:\/\/objektmobiliar.ch\/wp-content\/uploads\/2023\/10\/alana-schreibtisch-1.jpg 1200w, https:\/\/objektmobiliar.ch\/wp-content\/uploads\/2023\/10\/alana-schreibtisch-1-800x329.jpg 800w, https:\/\/objektmobiliar.ch\/wp-content\/uploads\/2023\/10\/alana-schreibtisch-1-768x316.jpg 768w\" sizes=\"auto, (max-width: 1200px) 100vw, 1200px\" \/><\/p>\n<p><strong>Chaise Gstaad,<br \/><\/strong>200-0105\/S :<strong><br \/><\/strong>Avec accoudoirs<\/p>\r\n        <\/div>\r\n      <\/div>\r\n    <\/section><\/div>\n\n\n<div class=\"wp-block-group\"><div class=\"wp-block-group__inner-container is-layout-constrained wp-block-group-is-layout-constrained\"><section class=\"sct\">\r\n      <div class=\"cnt narrow\">\r\n        <div class=\"introtxt\">\r\n        <div class=\"w-richtext\">\r\n            <h2>Description du produit<\/h2>\r\n        <\/div>\r\n        <\/div>\r\n        \r\n          \n\n\n<figure class=\"wp-block-table is-style-regular\"><table><thead><tr><th>Art. No.<\/th><th>Description<\/th><\/tr><\/thead><tbody><tr><td>200-0106\/S<\/td><td>Chaise Gstaad, sans accoudoirs<\/td><\/tr><tr><td>200-0105\/S<\/td><td>Chaise Gstaad, avec accoudoirs<\/td><\/tr><\/tbody><\/table><\/figure>\n\n\n<\/div><\/section><\/div><\/div>\n\n\n<div class=\"lazyblock-text-modul-ozg-140oCW wp-block-lazyblock-text-modul-ozg\"><section class=\"sct\">\r\n      <div class=\"cnt narrow\">\r\n        <div class=\"w-richtext\">\r\n            <h3>Chaises Gstaad - Des chaises \u00e9l\u00e9gantes pour les r\u00e9sidences pour personnes \u00e2g\u00e9es<\/h3>\n<p>La s\u00e9rie de chaises Gstaad apporte une touche de luxe dans les r\u00e9sidences pour personnes \u00e2g\u00e9es. Avec leurs formes \u00e9l\u00e9gantes et leurs accoudoirs \u00e0 pommeau raffin\u00e9s, ces chaises conf\u00e8rent \u00e0 chaque pi\u00e8ce une note particuli\u00e8re. Id\u00e9ale pour les espaces communs ou les chambres priv\u00e9es, la s\u00e9rie Gstaad allie confort et style. La grande qualit\u00e9 des mat\u00e9riaux assure la long\u00e9vit\u00e9 et la r\u00e9sistance \u00e0 l'usage quotidien.<\/p>\n<h3>Des chaises \u00e9l\u00e9gantes pour les r\u00e9sidences pour personnes \u00e2g\u00e9es : Des variantes pour les besoins individuels<\/h3>\n<p>Les chaises \u00e9l\u00e9gantes pour les r\u00e9sidences pour personnes \u00e2g\u00e9es sont disponibles en diff\u00e9rentes versions afin de r\u00e9pondre aux exigences individuelles d'une r\u00e9sidence pour personnes \u00e2g\u00e9es. Avec ou sans accoudoirs, les deux variantes offrent un grand confort d'assise et s'int\u00e8grent harmonieusement dans diff\u00e9rents concepts d'espace. Les accoudoirs avec des pommeaux \u00e9l\u00e9gants ne sont pas seulement esth\u00e9tiques, ils offrent \u00e9galement un soutien suppl\u00e9mentaire pour s'asseoir et se lever, ce qui est b\u00e9n\u00e9fique pour les r\u00e9sidents.<\/p>\n<h3>Housses adaptables pour plus de flexibilit\u00e9<\/h3>\n<p>Les chaises \u00e9l\u00e9gantes pour les r\u00e9sidences pour personnes \u00e2g\u00e9es offrent \u00e9galement de nombreuses possibilit\u00e9s d'adaptation en termes de design. Elles peuvent \u00eatre rev\u00eatues au choix de tissu ou de similicuir, selon le style souhait\u00e9 et la facilit\u00e9 d'entretien. Le grand choix de couleurs et de mat\u00e9riaux permet d'adapter les chaises de mani\u00e8re optimale au concept d'am\u00e9nagement de la r\u00e9sidence pour seniors, de sorte que les pi\u00e8ces soient \u00e0 la fois fonctionnelles et styl\u00e9es. Choisissez parmi diff\u00e9rents <a href=\"https:\/\/objektmobiliar.ch\/fr\/inspiration\/materiaux-et-couleurs\/\">Mat\u00e9riaux et couleurs<\/a> le design qui s'adapte parfaitement \u00e0 votre int\u00e9rieur.<\/p>\n<p>&nbsp;<\/p>\r\n        <\/div>\r\n      <\/div>\r\n    <\/section><\/div><style class=\"advgb-styles-renderer\">\r\n            .similar-products-nav li {\r\n              overflow: hidden;\r\n              margin: 0px !important;\r\n              flex-grow: 0 !important;\r\n              flex-shrink: 1 !important;\r\n              flex-basis: 12.5% !important;\r\n              border-style: solid;\r\n              border-width: 2px;\r\n              border-color: transparent;\r\n              border-radius: 8px;\r\n              transition-property: border-color;\r\n              transition-duration: 600ms;\r\n              transition-timing-function: ease;\r\n              cursor: pointer;\r\n            }\r\n            .similar-products-nav li.slick-active {\r\n              border-color: #dde7ef;\r\n            }\r\n            @media screen and (max-width:767px) {\r\n              .similar-products-nav li {\r\n                flex-basis: auto !important;\r\n                border-radius: 8px;\r\n                padding-top: 8px;\r\n                padding-right: 16px;\r\n                padding-bottom: 6px;\r\n                padding-left: 16px;\r\n              }\r\n              .similar-products-nav li.slick-active {\r\n                background-color: #dde7ef;\r\n                transition-property: background-color, border-color;\r\n                transition-duration: 600ms, 200ms;\r\n                transition-timing-function: ease, ease;\r\n                color: #426b8a;\r\n              }\r\n            }\r\n          <\/style>","protected":false},"excerpt":{"rendered":"<p>Neu im Sortiment sind unsere GSTAAD St\u00fchle. Die edle Formensprache bringt Eleganz in jede Einrichtung. Ausgestattet mit sch\u00f6nen Knauf-Armlehnen wertet er R\u00e4ume gekonnt auf. Stoff- und\/oder Kunstlederbez\u00fcge sind optional w\u00e4hlbar.<\/p>","protected":false},"author":2,"featured_media":566,"parent":544,"menu_order":0,"comment_status":"closed","ping_status":"closed","template":"","meta":{"advgb_blocks_editor_width":"","advgb_blocks_columns_visual_guide":"","footnotes":""},"class_list":["post-563","page","type-page","status-publish","has-post-thumbnail","hentry"],"yoast_head":"<!-- This site is optimized with the Yoast SEO plugin v27.4 - https:\/\/yoast.com\/product\/yoast-seo-wordpress\/ -->\n<title>Elegante St\u00fchle f\u00fcr Seniorenresidenzen bei OZG<\/title>\n<meta name=\"description\" content=\"Elegante St\u00fchle f\u00fcr Seniorenresidenzen, ausgestattet mit sch\u00f6nen Knauf-Armlehnen, bringen einen Hauch von Luxus in die Seniorenresidenzen.\" \/>\n<meta name=\"robots\" content=\"index, follow, max-snippet:-1, max-image-preview:large, max-video-preview:-1\" \/>\n<link rel=\"canonical\" href=\"https:\/\/objektmobiliar.ch\/fr\/meubles\/chaises-adaptees-aux-soins\/chaises-elegantes-pour-residences-pour-personnes-agees\/\" \/>\n<meta property=\"og:locale\" content=\"fr_FR\" \/>\n<meta property=\"og:type\" content=\"article\" \/>\n<meta property=\"og:title\" content=\"Elegante St\u00fchle f\u00fcr Seniorenresidenzen bei OZG\" \/>\n<meta property=\"og:description\" content=\"Elegante St\u00fchle f\u00fcr Seniorenresidenzen, ausgestattet mit sch\u00f6nen Knauf-Armlehnen, bringen einen Hauch von Luxus in die Seniorenresidenzen.\" \/>\n<meta property=\"og:url\" content=\"https:\/\/objektmobiliar.ch\/fr\/meubles\/chaises-adaptees-aux-soins\/chaises-elegantes-pour-residences-pour-personnes-agees\/\" \/>\n<meta property=\"og:site_name\" content=\"OZG HEALTHCARE\" \/>\n<meta property=\"article:modified_time\" content=\"2024-08-22T13:49:50+00:00\" \/>\n<meta property=\"og:image\" content=\"https:\/\/objektmobiliar.ch\/wp-content\/uploads\/2023\/10\/gstaad.jpg\" \/>\n\t<meta property=\"og:image:width\" content=\"1000\" \/>\n\t<meta property=\"og:image:height\" content=\"1000\" \/>\n\t<meta property=\"og:image:type\" content=\"image\/jpeg\" \/>\n<meta name=\"twitter:card\" content=\"summary_large_image\" \/>\n<meta name=\"twitter:label1\" content=\"Dur\u00e9e de lecture estim\u00e9e\" \/>\n\t<meta name=\"twitter:data1\" content=\"3 minutes\" \/>\n<script type=\"application\/ld+json\" class=\"yoast-schema-graph\">{\"@context\":\"https:\\\/\\\/schema.org\",\"@graph\":[{\"@type\":\"WebPage\",\"@id\":\"https:\\\/\\\/objektmobiliar.ch\\\/moebel\\\/pflegegerechte-stuehle\\\/elegante-stuehle-fuer-seniorenresidenzen\\\/\",\"url\":\"https:\\\/\\\/objektmobiliar.ch\\\/moebel\\\/pflegegerechte-stuehle\\\/elegante-stuehle-fuer-seniorenresidenzen\\\/\",\"name\":\"Elegante St\u00fchle f\u00fcr Seniorenresidenzen bei OZG\",\"isPartOf\":{\"@id\":\"https:\\\/\\\/objektmobiliar.ch\\\/#website\"},\"primaryImageOfPage\":{\"@id\":\"https:\\\/\\\/objektmobiliar.ch\\\/moebel\\\/pflegegerechte-stuehle\\\/elegante-stuehle-fuer-seniorenresidenzen\\\/#primaryimage\"},\"image\":{\"@id\":\"https:\\\/\\\/objektmobiliar.ch\\\/moebel\\\/pflegegerechte-stuehle\\\/elegante-stuehle-fuer-seniorenresidenzen\\\/#primaryimage\"},\"thumbnailUrl\":\"https:\\\/\\\/objektmobiliar.ch\\\/wp-content\\\/uploads\\\/2023\\\/10\\\/gstaad.jpg\",\"datePublished\":\"2023-10-15T20:29:01+00:00\",\"dateModified\":\"2024-08-22T13:49:50+00:00\",\"description\":\"Elegante St\u00fchle f\u00fcr Seniorenresidenzen, ausgestattet mit sch\u00f6nen Knauf-Armlehnen, bringen einen Hauch von Luxus in die Seniorenresidenzen.\",\"breadcrumb\":{\"@id\":\"https:\\\/\\\/objektmobiliar.ch\\\/moebel\\\/pflegegerechte-stuehle\\\/elegante-stuehle-fuer-seniorenresidenzen\\\/#breadcrumb\"},\"inLanguage\":\"fr-FR\",\"potentialAction\":[{\"@type\":\"ReadAction\",\"target\":[\"https:\\\/\\\/objektmobiliar.ch\\\/moebel\\\/pflegegerechte-stuehle\\\/elegante-stuehle-fuer-seniorenresidenzen\\\/\"]}]},{\"@type\":\"ImageObject\",\"inLanguage\":\"fr-FR\",\"@id\":\"https:\\\/\\\/objektmobiliar.ch\\\/moebel\\\/pflegegerechte-stuehle\\\/elegante-stuehle-fuer-seniorenresidenzen\\\/#primaryimage\",\"url\":\"https:\\\/\\\/objektmobiliar.ch\\\/wp-content\\\/uploads\\\/2023\\\/10\\\/gstaad.jpg\",\"contentUrl\":\"https:\\\/\\\/objektmobiliar.ch\\\/wp-content\\\/uploads\\\/2023\\\/10\\\/gstaad.jpg\",\"width\":1000,\"height\":1000,\"caption\":\"Stuhl Gstaad, mit Armlehnen\"},{\"@type\":\"BreadcrumbList\",\"@id\":\"https:\\\/\\\/objektmobiliar.ch\\\/moebel\\\/pflegegerechte-stuehle\\\/elegante-stuehle-fuer-seniorenresidenzen\\\/#breadcrumb\",\"itemListElement\":[{\"@type\":\"ListItem\",\"position\":1,\"name\":\"Startseite\",\"item\":\"https:\\\/\\\/objektmobiliar.ch\\\/\"},{\"@type\":\"ListItem\",\"position\":2,\"name\":\"M\u00f6bel\",\"item\":\"https:\\\/\\\/objektmobiliar.ch\\\/moebel\\\/\"},{\"@type\":\"ListItem\",\"position\":3,\"name\":\"St\u00fchle\",\"item\":\"https:\\\/\\\/objektmobiliar.ch\\\/moebel\\\/pflegegerechte-stuehle\\\/\"},{\"@type\":\"ListItem\",\"position\":4,\"name\":\"Gstaad\"}]},{\"@type\":\"WebSite\",\"@id\":\"https:\\\/\\\/objektmobiliar.ch\\\/#website\",\"url\":\"https:\\\/\\\/objektmobiliar.ch\\\/\",\"name\":\"OZG HEALTHCARE\",\"description\":\"Objektmobiliar f\u00fcr Pflege, B\u00fcro, Praxis &amp; Hotellerie\",\"potentialAction\":[{\"@type\":\"SearchAction\",\"target\":{\"@type\":\"EntryPoint\",\"urlTemplate\":\"https:\\\/\\\/objektmobiliar.ch\\\/?s={search_term_string}\"},\"query-input\":{\"@type\":\"PropertyValueSpecification\",\"valueRequired\":true,\"valueName\":\"search_term_string\"}}],\"inLanguage\":\"fr-FR\"}]}<\/script>\n<!-- \/ Yoast SEO plugin. -->","yoast_head_json":{"title":"Des chaises \u00e9l\u00e9gantes pour les r\u00e9sidences pour personnes \u00e2g\u00e9es chez OZG","description":"Des chaises \u00e9l\u00e9gantes pour les r\u00e9sidences pour personnes \u00e2g\u00e9es, \u00e9quip\u00e9es de beaux accoudoirs \u00e0 pommeau, apportent une touche de luxe dans les r\u00e9sidences pour personnes \u00e2g\u00e9es.","robots":{"index":"index","follow":"follow","max-snippet":"max-snippet:-1","max-image-preview":"max-image-preview:large","max-video-preview":"max-video-preview:-1"},"canonical":"https:\/\/objektmobiliar.ch\/fr\/meubles\/chaises-adaptees-aux-soins\/chaises-elegantes-pour-residences-pour-personnes-agees\/","og_locale":"fr_FR","og_type":"article","og_title":"Elegante St\u00fchle f\u00fcr Seniorenresidenzen bei OZG","og_description":"Elegante St\u00fchle f\u00fcr Seniorenresidenzen, ausgestattet mit sch\u00f6nen Knauf-Armlehnen, bringen einen Hauch von Luxus in die Seniorenresidenzen.","og_url":"https:\/\/objektmobiliar.ch\/fr\/meubles\/chaises-adaptees-aux-soins\/chaises-elegantes-pour-residences-pour-personnes-agees\/","og_site_name":"OZG HEALTHCARE","article_modified_time":"2024-08-22T13:49:50+00:00","og_image":[{"width":1000,"height":1000,"url":"https:\/\/objektmobiliar.ch\/wp-content\/uploads\/2023\/10\/gstaad.jpg","type":"image\/jpeg"}],"twitter_card":"summary_large_image","twitter_misc":{"Dur\u00e9e de lecture estim\u00e9e":"3 minutes"},"schema":{"@context":"https:\/\/schema.org","@graph":[{"@type":"WebPage","@id":"https:\/\/objektmobiliar.ch\/moebel\/pflegegerechte-stuehle\/elegante-stuehle-fuer-seniorenresidenzen\/","url":"https:\/\/objektmobiliar.ch\/moebel\/pflegegerechte-stuehle\/elegante-stuehle-fuer-seniorenresidenzen\/","name":"Des chaises \u00e9l\u00e9gantes pour les r\u00e9sidences pour personnes \u00e2g\u00e9es chez OZG","isPartOf":{"@id":"https:\/\/objektmobiliar.ch\/#website"},"primaryImageOfPage":{"@id":"https:\/\/objektmobiliar.ch\/moebel\/pflegegerechte-stuehle\/elegante-stuehle-fuer-seniorenresidenzen\/#primaryimage"},"image":{"@id":"https:\/\/objektmobiliar.ch\/moebel\/pflegegerechte-stuehle\/elegante-stuehle-fuer-seniorenresidenzen\/#primaryimage"},"thumbnailUrl":"https:\/\/objektmobiliar.ch\/wp-content\/uploads\/2023\/10\/gstaad.jpg","datePublished":"2023-10-15T20:29:01+00:00","dateModified":"2024-08-22T13:49:50+00:00","description":"Des chaises \u00e9l\u00e9gantes pour les r\u00e9sidences pour personnes \u00e2g\u00e9es, \u00e9quip\u00e9es de beaux accoudoirs \u00e0 pommeau, apportent une touche de luxe dans les r\u00e9sidences pour personnes \u00e2g\u00e9es.","breadcrumb":{"@id":"https:\/\/objektmobiliar.ch\/moebel\/pflegegerechte-stuehle\/elegante-stuehle-fuer-seniorenresidenzen\/#breadcrumb"},"inLanguage":"fr-FR","potentialAction":[{"@type":"ReadAction","target":["https:\/\/objektmobiliar.ch\/moebel\/pflegegerechte-stuehle\/elegante-stuehle-fuer-seniorenresidenzen\/"]}]},{"@type":"ImageObject","inLanguage":"fr-FR","@id":"https:\/\/objektmobiliar.ch\/moebel\/pflegegerechte-stuehle\/elegante-stuehle-fuer-seniorenresidenzen\/#primaryimage","url":"https:\/\/objektmobiliar.ch\/wp-content\/uploads\/2023\/10\/gstaad.jpg","contentUrl":"https:\/\/objektmobiliar.ch\/wp-content\/uploads\/2023\/10\/gstaad.jpg","width":1000,"height":1000,"caption":"Stuhl Gstaad, mit Armlehnen"},{"@type":"BreadcrumbList","@id":"https:\/\/objektmobiliar.ch\/moebel\/pflegegerechte-stuehle\/elegante-stuehle-fuer-seniorenresidenzen\/#breadcrumb","itemListElement":[{"@type":"ListItem","position":1,"name":"Startseite","item":"https:\/\/objektmobiliar.ch\/"},{"@type":"ListItem","position":2,"name":"M\u00f6bel","item":"https:\/\/objektmobiliar.ch\/moebel\/"},{"@type":"ListItem","position":3,"name":"St\u00fchle","item":"https:\/\/objektmobiliar.ch\/moebel\/pflegegerechte-stuehle\/"},{"@type":"ListItem","position":4,"name":"Gstaad"}]},{"@type":"WebSite","@id":"https:\/\/objektmobiliar.ch\/#website","url":"https:\/\/objektmobiliar.ch\/","name":"OZG HEALTHCARE","description":"Mobilier de collectivit\u00e9 pour les soins, les bureaux, les cabinets m\u00e9dicaux et l'h\u00f4tellerie","potentialAction":[{"@type":"SearchAction","target":{"@type":"EntryPoint","urlTemplate":"https:\/\/objektmobiliar.ch\/?s={search_term_string}"},"query-input":{"@type":"PropertyValueSpecification","valueRequired":true,"valueName":"search_term_string"}}],"inLanguage":"fr-FR"}]}},"coauthors":[],"author_meta":{"author_link":"https:\/\/objektmobiliar.ch\/fr\/author\/alex\/","display_name":"Alex"},"relative_dates":{"created":"Publi\u00e9 3 ans il y a","modified":"Mis \u00e0 jour 2 ans il y a"},"absolute_dates":{"created":"Publi\u00e9 le octobre 15, 2023","modified":"Mise \u00e0 jour le ao\u00fbt 22, 2024"},"absolute_dates_time":{"created":"Publi\u00e9 le octobre 15, 2023 8:29 pm","modified":"Mise \u00e0 jour le ao\u00fbt 22, 2024 1:49 pm"},"featured_img_caption":"","featured_img":"https:\/\/objektmobiliar.ch\/wp-content\/uploads\/2023\/10\/gstaad-825x510.jpg","series_order":"","_links":{"self":[{"href":"https:\/\/objektmobiliar.ch\/fr\/wp-json\/wp\/v2\/pages\/563","targetHints":{"allow":["GET"]}}],"collection":[{"href":"https:\/\/objektmobiliar.ch\/fr\/wp-json\/wp\/v2\/pages"}],"about":[{"href":"https:\/\/objektmobiliar.ch\/fr\/wp-json\/wp\/v2\/types\/page"}],"author":[{"embeddable":true,"href":"https:\/\/objektmobiliar.ch\/fr\/wp-json\/wp\/v2\/users\/2"}],"replies":[{"embeddable":true,"href":"https:\/\/objektmobiliar.ch\/fr\/wp-json\/wp\/v2\/comments?post=563"}],"version-history":[{"count":8,"href":"https:\/\/objektmobiliar.ch\/fr\/wp-json\/wp\/v2\/pages\/563\/revisions"}],"predecessor-version":[{"id":3746,"href":"https:\/\/objektmobiliar.ch\/fr\/wp-json\/wp\/v2\/pages\/563\/revisions\/3746"}],"up":[{"embeddable":true,"href":"https:\/\/objektmobiliar.ch\/fr\/wp-json\/wp\/v2\/pages\/544"}],"wp:featuredmedia":[{"embeddable":true,"href":"https:\/\/objektmobiliar.ch\/fr\/wp-json\/wp\/v2\/media\/566"}],"wp:attachment":[{"href":"https:\/\/objektmobiliar.ch\/fr\/wp-json\/wp\/v2\/media?parent=563"}],"curies":[{"name":"wp","href":"https:\/\/api.w.org\/{rel}","templated":true}]}}