{"id":5554,"date":"2025-09-26T15:08:33","date_gmt":"2025-09-26T15:08:33","guid":{"rendered":"https:\/\/objektmobiliar.ch\/?page_id=5554"},"modified":"2025-09-26T15:26:35","modified_gmt":"2025-09-26T15:26:35","slug":"famille-de-chaises-mia","status":"publish","type":"page","link":"https:\/\/objektmobiliar.ch\/fr\/moebel\/pflegegerechte-stuehle\/stuhlfamilie-mia\/","title":{"rendered":"Famille de chaises Mia"},"content":{"rendered":"<div class=\"lazyblock-produkt-detail-ozg-1u1jba wp-block-lazyblock-produkt-detail-ozg\"><section class=\"sct\">\r\n      <div class=\"cnt\">\r\n        <div class=\"elmnt-product-desc\">\r\n          <div class=\"product-desc-box\"><img decoding=\"async\" src=\"https:\/\/objektmobiliar.ch\/wp-content\/uploads\/2025\/09\/Wartezimmer-Stuhl-Mia-mit-Polster.jpg\" loading=\"lazy\" alt=\"\" class=\"product-desc-img\"><\/div>\r\n          <div class=\"product-desc-txt\">\r\n            <h1 class=\"txt-product-headline\">S\u00e9rie de chaises MIA<\/h1>\r\n            <h2 class=\"txt-product-subline\">Pour les salles d'attente ou de conf\u00e9rence<\/h2>\r\n            <div class=\"w-richtext\">\r\n              <p>La famille de si\u00e8ges MIA a \u00e9t\u00e9 con\u00e7ue pour r\u00e9pondre aux exigences \u00e9lev\u00e9es de l'environnement m\u00e9dical. Les chaises sont non seulement particuli\u00e8rement confortables, mais aussi extr\u00eamement faciles \u00e0 nettoyer, sans vis apparentes. C'est pourquoi MIA convient parfaitement aux salles d'attente, aux chambres de patients ou de r\u00e9sidents ainsi qu'aux salles de conf\u00e9rence. MIA est empilable et disponible en diff\u00e9rentes variantes - avec ou sans assise et dossier rembourr\u00e9s, avec ou sans accoudoirs ou m\u00eame avec un dossier rallong\u00e9.<\/p>\n<p>Pour les <strong>Rev\u00eatements en tissu pour les rembourrages<\/strong> vous avez le choix entre une grande vari\u00e9t\u00e9 de couleurs et de mat\u00e9riaux. N'h\u00e9sitez pas \u00e0 nous contacter.<\/p>\r\n            <\/div>\r\n            <a onclick=\"splite_loader();\" class=\"btn\">Demander un produit<\/a>\r\n          <\/div>\r\n        <\/div>\r\n      <\/div>\r\n    <\/section><\/div>\n\n<div class=\"lazyblock-produkt-slider-ozg-1jBWL wp-block-lazyblock-produkt-slider-ozg\"><section class=\"sct\">\r\n  <div class=\"cnt semi\">\r\n    <div class=\"intro-txt\">\r\n        <h2>Mod\u00e8les et versions<\/h2>\r\n    <\/div>\r\n    \r\n    <div class=\"elmnt-similar-products\">\r\n      <div class=\"similar-product\"><img decoding=\"async\" src=\"https:\/\/objektmobiliar.ch\/wp-content\/uploads\/2025\/09\/Stuhl-Mia-mit-Sitzpolter-seitlich.jpg\" loading=\"eager\" alt=\"\" class=\"similar-product-img\">\r\n        <div class=\"center\">\r\n          <div class=\"w-richtext\">\r\n            <p>Chaise Mia avec assise rembourr\u00e9e et accoudoirs<br>202-0042\/S<\/p>\r\n          <\/div>\r\n          \r\n        <\/div>\r\n      <\/div>\r\n      <div class=\"similar-product\"><img decoding=\"async\" src=\"https:\/\/objektmobiliar.ch\/wp-content\/uploads\/2025\/09\/Stuhl-Mia-ungepolstert.jpg\" loading=\"eager\" alt=\"\" class=\"similar-product-img\">\r\n        <div class=\"center\">\r\n          <div class=\"w-richtext\">\r\n            <p>Chaise Mia non rembourr\u00e9e, sans accoudoirs<br>202-0041\/S<\/p>\r\n          <\/div>\r\n          \r\n        <\/div>\r\n      <\/div>\r\n      <div class=\"similar-product\"><img decoding=\"async\" src=\"https:\/\/objektmobiliar.ch\/wp-content\/uploads\/2025\/09\/Wartezimmer-Stuhl-Mia-mit-Polster.jpg\" loading=\"eager\" alt=\"\" class=\"similar-product-img\">\r\n        <div class=\"center\">\r\n          <div class=\"w-richtext\">\r\n            <p>Chaise Mia enti\u00e8rement rembourr\u00e9e avec accoudoirs <br>202-0044\/S<\/p>\r\n          <\/div>\r\n          \r\n        <\/div>\r\n      <\/div>\r\n      <div class=\"similar-product\"><img decoding=\"async\" src=\"https:\/\/objektmobiliar.ch\/wp-content\/uploads\/2025\/09\/Stuhl-Mia-vollumpolstert-mit-Armlehnen.jpg\" loading=\"eager\" alt=\"\" class=\"similar-product-img\">\r\n        <div class=\"center\">\r\n          <div class=\"w-richtext\">\r\n            <p>Chaise Mia enti\u00e8rement rembourr\u00e9e avec accoudoirs <br>202-0044\/S<\/p>\r\n          <\/div>\r\n          \r\n        <\/div>\r\n      <\/div>\r\n      <div class=\"similar-product\"><img decoding=\"async\" src=\"https:\/\/objektmobiliar.ch\/wp-content\/uploads\/2025\/09\/Stuhlfamilie-Mia-Stapelschutz-1.jpg\" loading=\"eager\" alt=\"\" class=\"similar-product-img\">\r\n        <div class=\"center\">\r\n          <div class=\"w-richtext\">\r\n            <p>Famille de chaises MIA avec protection d'empilage<br>202-004...\/S<\/p>\r\n          <\/div>\r\n          \r\n        <\/div>\r\n      <\/div>\r\n      <div class=\"similar-product\"><img decoding=\"async\" src=\"https:\/\/objektmobiliar.ch\/wp-content\/uploads\/2025\/09\/Stuhl-Mia-Hochlehner-mit-Armlehnen.jpg\" loading=\"eager\" alt=\"\" class=\"similar-product-img\">\r\n        <div class=\"center\">\r\n          <div class=\"w-richtext\">\r\n            <p>Chaise Mia \u00e0 haut dossier avec accoudoirs<br>202-0047\/S<\/p>\r\n          <\/div>\r\n          \r\n        <\/div>\r\n      <\/div>\r\n      <div class=\"similar-product\"><img decoding=\"async\" src=\"https:\/\/objektmobiliar.ch\/wp-content\/uploads\/2025\/09\/Stuhl-Mia-hoher-Ruecken-mit-Armlehnen.jpg\" loading=\"eager\" alt=\"\" class=\"similar-product-img\">\r\n        <div class=\"center\">\r\n          <div class=\"w-richtext\">\r\n            <p>Chaise Mia \u00e0 haut dossier avec accoudoirs<br>202-0047\/S<\/p>\r\n          <\/div>\r\n          \r\n        <\/div>\r\n      <\/div>\r\n    <\/div>\r\n  <\/div>\r\n  \r\n  <div class=\"cnt narrow\">\r\n    <div class=\"similar-products-nav-pos\">\r\n      <div class=\"w-embed\">\r\n        \r\n      <\/div>\r\n    <\/div>\r\n  <\/div>\r\n<\/section><\/div>\n\n<section class=\"sct\">\r\n      <div class=\"cnt narrow\">\r\n        <div class=\"introtxt\">\r\n        <div class=\"w-richtext\">\r\n            <h2>Toutes les variantes de la famille de chaises MIA<\/h2>\r\n        <\/div>\r\n        <\/div>\r\n        \r\n          \n\n\n<figure class=\"wp-block-table\"><table class=\"has-fixed-layout\"><thead><tr><th>Art. No.<\/th><th>D\u00e9signation<\/th><th>Dimensions<\/th><\/tr><\/thead><tbody><tr><td>202-0041\/S<\/td><td>Mia non rembourr\u00e9, sans accoudoirs<\/td><td>H 84cm, L 50cm, P 58cm, SH 45cm<\/td><\/tr><tr><td>202-0042\/S<\/td><td>Mia avec assise rembourr\u00e9e, sans accoudoirs<\/td><td>H 84cm, L 50cm, P 58cm, SH 45cm<\/td><\/tr><tr><td>202-0043\/S<\/td><td>Mia enti\u00e8rement rembourr\u00e9, sans accoudoirs<\/td><td>H 84cm, L 50cm, P 58cm, SH 45cm<\/td><\/tr><tr><td>202-0044\/S<\/td><td>Mia enti\u00e8rement rembourr\u00e9, avec accoudoirs<\/td><td>H 84cm, L 57cm, P 58cm, SH 45cm<\/td><\/tr><tr><td>202-0045\/S<\/td><td>Mia avec assise rembourr\u00e9e, avec accoudoirs<\/td><td>H 84cm, L 57cm, P 58cm, SH 45cm<\/td><\/tr><tr><td>202-0046\/S<\/td><td>Mia non rembourr\u00e9, avec accoudoirs<\/td><td>H 84cm, L 57cm, P 58cm, SH 45cm<\/td><\/tr><tr><td>202-0047\/S<\/td><td>Mia fauteuil \u00e0 haut dossier avec accoudoirs<\/td><td>H 95cm, L 57cm, P 64cm, SH 45cm<\/td><\/tr><\/tbody><\/table><\/figure>\n\n\n<\/div><\/section>\n\n<\/div><\/section>\n\n<\/div><\/section>\n\n<div class=\"lazyblock-text-modul-ozg-Z16T3Oj wp-block-lazyblock-text-modul-ozg\"><section class=\"sct\">\r\n      <div class=\"cnt narrow\">\r\n        <div class=\"w-richtext\">\r\n            <h2>Chaises MIA - Description du produit<\/h2>\n<p>La gamme polyvalente de si\u00e8ges MIA est con\u00e7ue pour r\u00e9pondre aux exigences \u00e9lev\u00e9es de l'environnement m\u00e9dical. Qu'il s'agisse de salles d'attente et de s\u00e9jour, de chambres de patients et de r\u00e9sidents ou de salles de r\u00e9union, MIA peut \u00eatre utilis\u00e9 de mani\u00e8re optimale partout dans votre \u00e9tablissement.\u00a0<\/p>\n<p>Les chaises de la s\u00e9rie s\u00e9duisent par leur design r\u00e9duit aux lignes claires et aux courbes organiques douces. L'assise et le dossier ont une forme ergonomique. L'assise trap\u00e9zo\u00efdale est viss\u00e9e de mani\u00e8re invisible par le haut \u00e0 la structure en tube d'acier rond. En raison du choix des mat\u00e9riaux et de la construction, MIA est particuli\u00e8rement facile \u00e0 nettoyer. Les chaises disposent en outre d'une protection contre l'empilement. Jusqu'\u00e0 cinq chaises peuvent \u00eatre empil\u00e9es les unes sur les autres.<\/p>\n<h3>Configurez le mod\u00e8le de votre choix dans la gamme de chaises MIA<\/h3>\n<p>La famille de chaises MIA comprend une s\u00e9rie de variantes diff\u00e9rentes - choisissez exactement celle qui convient \u00e0 votre int\u00e9rieur :<\/p>\n<ul>\n<li>avec ou sans coussin d'assise<\/li>\n<li>avec ou sans rembourrage de dossier<\/li>\n<li>avec ou sans accoudoirs<\/li>\n<li>avec dossier allong\u00e9 et d\u00e9cor sp\u00e9cial sur les accoudoirs<\/li>\n<\/ul>\n<p>Des patins en plastique sont mont\u00e9s de s\u00e9rie. D'autres options de patins sont disponibles sur demande. Pour les rev\u00eatements en tissu des dossiers et des assises rembourr\u00e9s, vous avez \u00e9galement le choix entre une grande vari\u00e9t\u00e9 de couleurs et de mat\u00e9riaux. N'h\u00e9sitez pas \u00e0 nous demander les diff\u00e9rentes options.<\/p>\r\n        <\/div>\r\n            <div class=\"center\"><a href=\"https:\/\/objektmobiliar.ch\/fr\/meubles\/chaises-adaptees-aux-soins\/\" class=\"btn\" >Autres chaises de OZG<\/a><\/div>\r\n      <\/div>\r\n    <\/section><\/div>\n\n\n<p><\/p>\n<style class=\"advgb-styles-renderer\">\r\n            .similar-products-nav li {\r\n              overflow: hidden;\r\n              margin: 0px !important;\r\n              flex-grow: 0 !important;\r\n              flex-shrink: 1 !important;\r\n              flex-basis: 12.5% !important;\r\n              border-style: solid;\r\n              border-width: 2px;\r\n              border-color: transparent;\r\n              border-radius: 8px;\r\n              transition-property: border-color;\r\n              transition-duration: 600ms;\r\n              transition-timing-function: ease;\r\n              cursor: pointer;\r\n            }\r\n            .similar-products-nav li.slick-active {\r\n              border-color: #dde7ef;\r\n            }\r\n            @media screen and (max-width:767px) {\r\n              .similar-products-nav li {\r\n                flex-basis: auto !important;\r\n                border-radius: 8px;\r\n                padding-top: 8px;\r\n                padding-right: 16px;\r\n                padding-bottom: 6px;\r\n                padding-left: 16px;\r\n              }\r\n              .similar-products-nav li.slick-active {\r\n                background-color: #dde7ef;\r\n                transition-property: background-color, border-color;\r\n                transition-duration: 600ms, 200ms;\r\n                transition-timing-function: ease, ease;\r\n                color: #426b8a;\r\n              }\r\n            }\r\n          <\/style>","protected":false},"excerpt":{"rendered":"<p>Art. Nr. Bezeichnung Abmessung 202-0041\/S Mia ungepolstert, ohne Armlehnen H 84cm, B 50cm, T 58cm, SH 45cm 202-0042\/S Mia mit Sitzpolster, ohne Armlehnen H 84cm, B 50cm, T 58cm, SH 45cm 202-0043\/S Mia vollumpolstert, ohne Armlehnen H 84cm, B 50cm, T 58cm, SH 45cm 202-0044\/S Mia vollumpolstert, mit Armlehnen H 84cm, B 57cm, T 58cm, [&hellip;]<\/p>\n","protected":false},"author":4,"featured_media":0,"parent":544,"menu_order":0,"comment_status":"closed","ping_status":"closed","template":"","meta":{"advgb_blocks_editor_width":"","advgb_blocks_columns_visual_guide":"","footnotes":""},"class_list":["post-5554","page","type-page","status-publish","hentry"],"yoast_head":"<!-- This site is optimized with the Yoast SEO plugin v27.4 - https:\/\/yoast.com\/product\/yoast-seo-wordpress\/ -->\n<title>Stuhlfamilie MIA - Objektmobiliar<\/title>\n<meta name=\"description\" content=\"Die Stuhlfamilie MIA ist ideal f\u00fcr das medizinischen Umfeld. Die St\u00fchle sind bequem, extrem reinigungsfreundlich und stapelbar.\" \/>\n<meta name=\"robots\" content=\"index, follow, max-snippet:-1, max-image-preview:large, max-video-preview:-1\" \/>\n<link rel=\"canonical\" href=\"https:\/\/objektmobiliar.ch\/fr\/meubles\/chaises-adaptees-aux-soins\/famille-de-chaises-mia\/\" \/>\n<meta property=\"og:locale\" content=\"fr_FR\" \/>\n<meta property=\"og:type\" content=\"article\" \/>\n<meta property=\"og:title\" content=\"Stuhlfamilie MIA - Objektmobiliar\" \/>\n<meta property=\"og:description\" content=\"Die Stuhlfamilie MIA ist ideal f\u00fcr das medizinischen Umfeld. Die St\u00fchle sind bequem, extrem reinigungsfreundlich und stapelbar.\" \/>\n<meta property=\"og:url\" content=\"https:\/\/objektmobiliar.ch\/fr\/meubles\/chaises-adaptees-aux-soins\/famille-de-chaises-mia\/\" \/>\n<meta property=\"og:site_name\" content=\"OZG HEALTHCARE\" \/>\n<meta property=\"article:modified_time\" content=\"2025-09-26T15:26:35+00:00\" \/>\n<meta name=\"twitter:card\" content=\"summary_large_image\" \/>\n<meta name=\"twitter:label1\" content=\"Dur\u00e9e de lecture estim\u00e9e\" \/>\n\t<meta name=\"twitter:data1\" content=\"4 minutes\" \/>\n<script type=\"application\/ld+json\" class=\"yoast-schema-graph\">{\"@context\":\"https:\\\/\\\/schema.org\",\"@graph\":[{\"@type\":\"WebPage\",\"@id\":\"https:\\\/\\\/objektmobiliar.ch\\\/moebel\\\/pflegegerechte-stuehle\\\/stuhlfamilie-mia\\\/\",\"url\":\"https:\\\/\\\/objektmobiliar.ch\\\/moebel\\\/pflegegerechte-stuehle\\\/stuhlfamilie-mia\\\/\",\"name\":\"Stuhlfamilie MIA - Objektmobiliar\",\"isPartOf\":{\"@id\":\"https:\\\/\\\/objektmobiliar.ch\\\/#website\"},\"datePublished\":\"2025-09-26T15:08:33+00:00\",\"dateModified\":\"2025-09-26T15:26:35+00:00\",\"description\":\"Die Stuhlfamilie MIA ist ideal f\u00fcr das medizinischen Umfeld. Die St\u00fchle sind bequem, extrem reinigungsfreundlich und stapelbar.\",\"breadcrumb\":{\"@id\":\"https:\\\/\\\/objektmobiliar.ch\\\/moebel\\\/pflegegerechte-stuehle\\\/stuhlfamilie-mia\\\/#breadcrumb\"},\"inLanguage\":\"fr-FR\",\"potentialAction\":[{\"@type\":\"ReadAction\",\"target\":[\"https:\\\/\\\/objektmobiliar.ch\\\/moebel\\\/pflegegerechte-stuehle\\\/stuhlfamilie-mia\\\/\"]}]},{\"@type\":\"BreadcrumbList\",\"@id\":\"https:\\\/\\\/objektmobiliar.ch\\\/moebel\\\/pflegegerechte-stuehle\\\/stuhlfamilie-mia\\\/#breadcrumb\",\"itemListElement\":[{\"@type\":\"ListItem\",\"position\":1,\"name\":\"Startseite\",\"item\":\"https:\\\/\\\/objektmobiliar.ch\\\/\"},{\"@type\":\"ListItem\",\"position\":2,\"name\":\"M\u00f6bel\",\"item\":\"https:\\\/\\\/objektmobiliar.ch\\\/moebel\\\/\"},{\"@type\":\"ListItem\",\"position\":3,\"name\":\"St\u00fchle\",\"item\":\"https:\\\/\\\/objektmobiliar.ch\\\/moebel\\\/pflegegerechte-stuehle\\\/\"},{\"@type\":\"ListItem\",\"position\":4,\"name\":\"Stuhlfamilie Mia\"}]},{\"@type\":\"WebSite\",\"@id\":\"https:\\\/\\\/objektmobiliar.ch\\\/#website\",\"url\":\"https:\\\/\\\/objektmobiliar.ch\\\/\",\"name\":\"OZG HEALTHCARE\",\"description\":\"Objektmobiliar f\u00fcr Pflege, B\u00fcro, Praxis &amp; Hotellerie\",\"potentialAction\":[{\"@type\":\"SearchAction\",\"target\":{\"@type\":\"EntryPoint\",\"urlTemplate\":\"https:\\\/\\\/objektmobiliar.ch\\\/?s={search_term_string}\"},\"query-input\":{\"@type\":\"PropertyValueSpecification\",\"valueRequired\":true,\"valueName\":\"search_term_string\"}}],\"inLanguage\":\"fr-FR\"}]}<\/script>\n<!-- \/ Yoast SEO plugin. -->","yoast_head_json":{"title":"Famille de chaises MIA - Mobilier de collectivit\u00e9","description":"La famille de chaises MIA est id\u00e9ale pour l'environnement m\u00e9dical. Les chaises sont confortables, extr\u00eamement faciles \u00e0 nettoyer et empilables.","robots":{"index":"index","follow":"follow","max-snippet":"max-snippet:-1","max-image-preview":"max-image-preview:large","max-video-preview":"max-video-preview:-1"},"canonical":"https:\/\/objektmobiliar.ch\/fr\/meubles\/chaises-adaptees-aux-soins\/famille-de-chaises-mia\/","og_locale":"fr_FR","og_type":"article","og_title":"Stuhlfamilie MIA - Objektmobiliar","og_description":"Die Stuhlfamilie MIA ist ideal f\u00fcr das medizinischen Umfeld. Die St\u00fchle sind bequem, extrem reinigungsfreundlich und stapelbar.","og_url":"https:\/\/objektmobiliar.ch\/fr\/meubles\/chaises-adaptees-aux-soins\/famille-de-chaises-mia\/","og_site_name":"OZG HEALTHCARE","article_modified_time":"2025-09-26T15:26:35+00:00","twitter_card":"summary_large_image","twitter_misc":{"Dur\u00e9e de lecture estim\u00e9e":"4 minutes"},"schema":{"@context":"https:\/\/schema.org","@graph":[{"@type":"WebPage","@id":"https:\/\/objektmobiliar.ch\/moebel\/pflegegerechte-stuehle\/stuhlfamilie-mia\/","url":"https:\/\/objektmobiliar.ch\/moebel\/pflegegerechte-stuehle\/stuhlfamilie-mia\/","name":"Famille de chaises MIA - Mobilier de collectivit\u00e9","isPartOf":{"@id":"https:\/\/objektmobiliar.ch\/#website"},"datePublished":"2025-09-26T15:08:33+00:00","dateModified":"2025-09-26T15:26:35+00:00","description":"La famille de chaises MIA est id\u00e9ale pour l'environnement m\u00e9dical. Les chaises sont confortables, extr\u00eamement faciles \u00e0 nettoyer et empilables.","breadcrumb":{"@id":"https:\/\/objektmobiliar.ch\/moebel\/pflegegerechte-stuehle\/stuhlfamilie-mia\/#breadcrumb"},"inLanguage":"fr-FR","potentialAction":[{"@type":"ReadAction","target":["https:\/\/objektmobiliar.ch\/moebel\/pflegegerechte-stuehle\/stuhlfamilie-mia\/"]}]},{"@type":"BreadcrumbList","@id":"https:\/\/objektmobiliar.ch\/moebel\/pflegegerechte-stuehle\/stuhlfamilie-mia\/#breadcrumb","itemListElement":[{"@type":"ListItem","position":1,"name":"Startseite","item":"https:\/\/objektmobiliar.ch\/"},{"@type":"ListItem","position":2,"name":"M\u00f6bel","item":"https:\/\/objektmobiliar.ch\/moebel\/"},{"@type":"ListItem","position":3,"name":"St\u00fchle","item":"https:\/\/objektmobiliar.ch\/moebel\/pflegegerechte-stuehle\/"},{"@type":"ListItem","position":4,"name":"Stuhlfamilie Mia"}]},{"@type":"WebSite","@id":"https:\/\/objektmobiliar.ch\/#website","url":"https:\/\/objektmobiliar.ch\/","name":"OZG HEALTHCARE","description":"Mobilier de collectivit\u00e9 pour les soins, les bureaux, les cabinets m\u00e9dicaux et l'h\u00f4tellerie","potentialAction":[{"@type":"SearchAction","target":{"@type":"EntryPoint","urlTemplate":"https:\/\/objektmobiliar.ch\/?s={search_term_string}"},"query-input":{"@type":"PropertyValueSpecification","valueRequired":true,"valueName":"search_term_string"}}],"inLanguage":"fr-FR"}]}},"coauthors":[],"author_meta":{"author_link":"https:\/\/objektmobiliar.ch\/fr\/author\/isa-dahmen\/","display_name":"Isa Dahmen"},"relative_dates":{"created":"Publi\u00e9 7 mois il y a","modified":"Mis \u00e0 jour 7 mois il y a"},"absolute_dates":{"created":"Publi\u00e9 le septembre 26, 2025","modified":"Mise \u00e0 jour le septembre 26, 2025"},"absolute_dates_time":{"created":"Publi\u00e9 le septembre 26, 2025 3:08 pm","modified":"Mise \u00e0 jour le septembre 26, 2025 3:26 pm"},"featured_img_caption":"","featured_img":false,"series_order":"","_links":{"self":[{"href":"https:\/\/objektmobiliar.ch\/fr\/wp-json\/wp\/v2\/pages\/5554","targetHints":{"allow":["GET"]}}],"collection":[{"href":"https:\/\/objektmobiliar.ch\/fr\/wp-json\/wp\/v2\/pages"}],"about":[{"href":"https:\/\/objektmobiliar.ch\/fr\/wp-json\/wp\/v2\/types\/page"}],"author":[{"embeddable":true,"href":"https:\/\/objektmobiliar.ch\/fr\/wp-json\/wp\/v2\/users\/4"}],"replies":[{"embeddable":true,"href":"https:\/\/objektmobiliar.ch\/fr\/wp-json\/wp\/v2\/comments?post=5554"}],"version-history":[{"count":15,"href":"https:\/\/objektmobiliar.ch\/fr\/wp-json\/wp\/v2\/pages\/5554\/revisions"}],"predecessor-version":[{"id":5586,"href":"https:\/\/objektmobiliar.ch\/fr\/wp-json\/wp\/v2\/pages\/5554\/revisions\/5586"}],"up":[{"embeddable":true,"href":"https:\/\/objektmobiliar.ch\/fr\/wp-json\/wp\/v2\/pages\/544"}],"wp:attachment":[{"href":"https:\/\/objektmobiliar.ch\/fr\/wp-json\/wp\/v2\/media?parent=5554"}],"curies":[{"name":"wp","href":"https:\/\/api.w.org\/{rel}","templated":true}]}}