{"id":554,"date":"2023-10-15T20:17:00","date_gmt":"2023-10-15T20:17:00","guid":{"rendered":"https:\/\/dev.objektmobiliar.ch\/?page_id=554"},"modified":"2024-08-22T13:19:48","modified_gmt":"2024-08-22T13:19:48","slug":"chaises-pour-maisons-de-retraite","status":"publish","type":"page","link":"https:\/\/objektmobiliar.ch\/fr\/moebel\/pflegegerechte-stuehle\/stuehle-fuer-altersheime\/","title":{"rendered":"Paloma"},"content":{"rendered":"<div class=\"lazyblock-produkt-detail-ozg-Z29aYmk wp-block-lazyblock-produkt-detail-ozg\"><section class=\"sct\">\r\n      <div class=\"cnt\">\r\n        <div class=\"elmnt-product-desc\">\r\n          <div class=\"product-desc-box\"><img decoding=\"async\" src=\"https:\/\/objektmobiliar.ch\/wp-content\/uploads\/2023\/10\/paloma-1.jpg\" loading=\"lazy\" alt=\"\" class=\"product-desc-img\"><\/div>\r\n          <div class=\"product-desc-txt\">\r\n            <h1 class=\"txt-product-headline\">PALOMA<\/h1>\r\n            <h2 class=\"txt-product-subline\">LA S\u00c9RIE PALOMA - Chaises pour maisons de retraite<\/h2>\r\n            <div class=\"w-richtext\">\r\n              <p>Consid\u00e9r\u00e9es comme tr\u00e8s stables, faciles \u00e0 empiler et \u00e0 nettoyer, ces chaises bon march\u00e9 pour maisons de retraite trouvent leur place dans les restaurants, les caf\u00e9t\u00e9rias, les salles de s\u00e9jour ou simplement comme mobilier de collectivit\u00e9 standard. La s\u00e9rie PALOMA est disponible avec ou sans accoudoirs, ainsi que dans de nombreuses variations de mat\u00e9riaux et de couleurs.<\/p>\r\n            <\/div>\r\n            <a onclick=\"splite_loader();\" class=\"btn\">Demander un produit<\/a>\r\n          <\/div>\r\n        <\/div>\r\n      <\/div>\r\n    <\/section><\/div>\n\n<div class=\"lazyblock-produkt-slider-ozg-21jjUT wp-block-lazyblock-produkt-slider-ozg\"><section class=\"sct\">\r\n  <div class=\"cnt semi\">\r\n    <div class=\"intro-txt\">\r\n        <h2>Mod\u00e8les et versions<\/h2>\r\n    <\/div>\r\n    \r\n    <div class=\"elmnt-similar-products\">\r\n      <div class=\"similar-product\"><img decoding=\"async\" src=\"https:\/\/objektmobiliar.ch\/wp-content\/uploads\/2023\/10\/paloma-3-ohne-armlehnen.jpg\" loading=\"eager\" alt=\"Chaise Paloma 3, sans accoudoirs, avec poign\u00e9e dorsale\" class=\"similar-product-img\">\r\n        <div class=\"center\">\r\n          <div class=\"w-richtext\">\r\n            <p><strong>Chaise Paloma 3,<br>Sans accoudoirs, avec poign\u00e9e de dossier<\/strong><br>N\u00b0 d'art. 200-0095\/S<\/p>\r\n          <\/div>\r\n          \r\n        <\/div>\r\n      <\/div>\r\n      <div class=\"similar-product\"><img decoding=\"async\" src=\"https:\/\/objektmobiliar.ch\/wp-content\/uploads\/2023\/10\/paloma-7-mit-armlehnen.jpg\" loading=\"eager\" alt=\"Chaise Paloma 7, avec accoudoirs\" class=\"similar-product-img\">\r\n        <div class=\"center\">\r\n          <div class=\"w-richtext\">\r\n            <p><strong>Chaise Paloma 7,<br>Avec accoudoirs<\/strong><br>N\u00b0 d'art. 200-0099\/S<\/p>\r\n          <\/div>\r\n          \r\n        <\/div>\r\n      <\/div>\r\n      <div class=\"similar-product\"><img decoding=\"async\" src=\"https:\/\/objektmobiliar.ch\/wp-content\/uploads\/2023\/10\/paloma-6-komfortsitz.jpg\" loading=\"eager\" alt=\"Chaise Paloma 6, assise confort, avec accoudoirs, poign\u00e9e de dossier ferm\u00e9e\" class=\"similar-product-img\">\r\n        <div class=\"center\">\r\n          <div class=\"w-richtext\">\r\n            <p><strong>Chaise Paloma 6,<br>Si\u00e8ge confort, avec accoudoirs, poign\u00e9e de dossier ferm\u00e9e<\/strong><br>N\u00b0 d'art. 200-0098\/S<\/p>\r\n          <\/div>\r\n          \r\n        <\/div>\r\n      <\/div>\r\n      <div class=\"similar-product\"><img decoding=\"async\" src=\"https:\/\/objektmobiliar.ch\/wp-content\/uploads\/2023\/10\/paloma-6-mit-armlehnen.jpg\" loading=\"eager\" alt=\"Chaise Paloma 6, assise confort, avec accoudoirs,poign\u00e9e de dossier ferm\u00e9e\" class=\"similar-product-img\">\r\n        <div class=\"center\">\r\n          <div class=\"w-richtext\">\r\n            <p><strong>Chaise Paloma 6,<br>Si\u00e8ge confort, avec accoudoirs, poign\u00e9e de dossier ferm\u00e9e<\/strong><br>N\u00b0 d'art. 200-0098\/S<\/p>\r\n          <\/div>\r\n          \r\n        <\/div>\r\n      <\/div>\r\n    <\/div>\r\n  <\/div>\r\n  \r\n  <div class=\"cnt narrow\">\r\n    <div class=\"similar-products-nav-pos\">\r\n      <div class=\"w-embed\">\r\n        \r\n      <\/div>\r\n    <\/div>\r\n  <\/div>\r\n<\/section><\/div>\n\n<div class=\"lazyblock-text-modul-ozg-1MXE2s wp-block-lazyblock-text-modul-ozg\"><section class=\"sct\">\r\n      <div class=\"cnt narrow\">\r\n        <div class=\"w-richtext\">\r\n            <p><img loading=\"lazy\" decoding=\"async\" class=\"alignnone size-full wp-image-559\" src=\"https:\/\/objektmobiliar.ch\/wp-content\/uploads\/2023\/10\/paloma-e1697400641721.jpg\" alt=\"Chaise Paloma 6, chaise Paloma 8 XL\" width=\"1200\" height=\"800\" srcset=\"https:\/\/objektmobiliar.ch\/wp-content\/uploads\/2023\/10\/paloma-e1697400641721.jpg 1200w, https:\/\/objektmobiliar.ch\/wp-content\/uploads\/2023\/10\/paloma-e1697400641721-800x533.jpg 800w, https:\/\/objektmobiliar.ch\/wp-content\/uploads\/2023\/10\/paloma-e1697400641721-768x512.jpg 768w\" sizes=\"auto, (max-width: 1200px) 100vw, 1200px\" \/><\/p>\n<p><strong>Chaise Paloma 6,<br \/><\/strong>R\u00e9f. 200-0098\/S :<br \/>Si\u00e8ge confort, avec accoudoirs, poign\u00e9e de dossier ferm\u00e9e<strong><br \/><\/strong><\/p>\n<p><strong>Chaise Paloma 8 XL,<br \/><\/strong>R\u00e9f. 200-0102\/S :<br \/>Si\u00e8ge confort, avec accoudoirs<\/p>\r\n        <\/div>\r\n      <\/div>\r\n    <\/section><\/div>\n\n\n<div class=\"wp-block-group\"><div class=\"wp-block-group__inner-container is-layout-constrained wp-block-group-is-layout-constrained\"><section class=\"sct\">\r\n      <div class=\"cnt semi\">\r\n        <div class=\"introtxt\">\r\n        <div class=\"w-richtext\">\r\n            <h2>Description du produit<\/h2>\r\n        <\/div>\r\n        <\/div>\r\n        \r\n          \n\n\n<figure class=\"wp-block-table is-style-regular\"><table><thead><tr><th>Art. No.<\/th><th>Description<\/th><\/tr><\/thead><tbody><tr><td>200-0094\/S<\/td><td>Chaise Paloma 2, sans accoudoirs, poign\u00e9e de dossier ferm\u00e9e<\/td><\/tr><tr><td>200-0095\/S<\/td><td>Chaise Paloma 3, sans accoudoirs, avec poign\u00e9e dorsale<\/td><\/tr><tr><td>200-0096\/S<\/td><td>Chaise Paloma 4, assise confort, sans accoudoirs, avec poign\u00e9e dorsale<\/td><\/tr><tr><td>200-0097\/S<\/td><td>Chaise Paloma 5, dossier mi-haut, sans accoudoirs<\/td><\/tr><tr><td>200-0099\/S<\/td><td>Chaise Paloma 7, avec accoudoirs<\/td><\/tr><tr><td>200-0098\/S<\/td><td>Chaise Paloma 6, assise confort, avec accoudoirs, poign\u00e9e de dossier<\/td><\/tr><tr><td>200-0100\/S<\/td><td>Chaise Paloma 8, assise confort, avec accoudoirs, avec poign\u00e9e dorsale<\/td><\/tr><tr><td>200-0093\/S<\/td><td>Chaise Paloma 1, mi-haute, avec accoudoirs<\/td><\/tr><tr><td>200-0102\/S<\/td><td>Chaise Paloma 8 XL, assise confort, avec accoudoirs<\/td><\/tr><\/tbody><\/table><\/figure>\n\n\n<\/div><\/section><\/div><\/div>\n\n\n<div class=\"lazyblock-text-modul-ozg-1FfDXW wp-block-lazyblock-text-modul-ozg\"><section class=\"sct\">\r\n      <div class=\"cnt narrow\">\r\n        <div class=\"w-richtext\">\r\n            <h3>Chaises pour maisons de retraite - le classique polyvalent<\/h3>\n<p>La s\u00e9rie Paloma convainc dans les maisons de retraite par sa stabilit\u00e9, sa fonctionnalit\u00e9 et sa long\u00e9vit\u00e9. Ces chaises bon march\u00e9 conviennent parfaitement aux salles de s\u00e9jour, aux caf\u00e9t\u00e9rias et aux espaces communs. La facilit\u00e9 de nettoyage, qui joue un grand r\u00f4le dans les \u00e9tablissements de soins, est particuli\u00e8rement appr\u00e9ci\u00e9e. La chaise Paloma s'empile facilement et se range sans prendre de place.<\/p>\n<h3>Des options de design vari\u00e9es pour r\u00e9pondre \u00e0 diff\u00e9rents besoins<\/h3>\n<p>La s\u00e9rie Paloma offre de nombreuses variantes pour r\u00e9pondre aux diff\u00e9rentes exigences. Avec ou sans accoudoirs, chaque chaise offre un grand confort d'assise. La poign\u00e9e dorsale en option facilite le d\u00e9placement et le transport des chaises. Les si\u00e8ges confort et les si\u00e8ges \u00e0 dossier semi-haut offrent un soutien suppl\u00e9mentaire.<\/p>\n<h3>Adaptable en mati\u00e8re et en couleur<\/h3>\n<p>La s\u00e9rie Paloma est disponible dans de nombreuses variations de mat\u00e9riaux et de couleurs, ce qui lui permet de s'int\u00e9grer dans n'importe quel int\u00e9rieur. Des variantes classiques en bois aux teintes modernes, ces chaises s'adaptent au style de la maison de retraite et contribuent \u00e0 cr\u00e9er une atmosph\u00e8re accueillante. Choisissez parmi diff\u00e9rents <a href=\"https:\/\/objektmobiliar.ch\/fr\/inspiration\/materiaux-et-couleurs\/\">Mat\u00e9riaux et couleurs<\/a> le design qui s'adapte parfaitement \u00e0 votre int\u00e9rieur.<\/p>\r\n        <\/div>\r\n      <\/div>\r\n    <\/section><\/div><style class=\"advgb-styles-renderer\">\r\n            .similar-products-nav li {\r\n              overflow: hidden;\r\n              margin: 0px !important;\r\n              flex-grow: 0 !important;\r\n              flex-shrink: 1 !important;\r\n              flex-basis: 12.5% !important;\r\n              border-style: solid;\r\n              border-width: 2px;\r\n              border-color: transparent;\r\n              border-radius: 8px;\r\n              transition-property: border-color;\r\n              transition-duration: 600ms;\r\n              transition-timing-function: ease;\r\n              cursor: pointer;\r\n            }\r\n            .similar-products-nav li.slick-active {\r\n              border-color: #dde7ef;\r\n            }\r\n            @media screen and (max-width:767px) {\r\n              .similar-products-nav li {\r\n                flex-basis: auto !important;\r\n                border-radius: 8px;\r\n                padding-top: 8px;\r\n                padding-right: 16px;\r\n                padding-bottom: 6px;\r\n                padding-left: 16px;\r\n              }\r\n              .similar-products-nav li.slick-active {\r\n                background-color: #dde7ef;\r\n                transition-property: background-color, border-color;\r\n                transition-duration: 600ms, 200ms;\r\n                transition-timing-function: ease, ease;\r\n                color: #426b8a;\r\n              }\r\n            }\r\n          <\/style>","protected":false},"excerpt":{"rendered":"<p>Als sehr stabil, gut zu stapeln und einfach zu reinigen, finden diese preiswerten St\u00fchle und Sessel ihren Einsatz in Restaurants, Cafeterien, Aufenthaltsr\u00e4umen oder einfach als standardm\u00e4ssige Objektm\u00f6bel.<\/p>","protected":false},"author":2,"featured_media":560,"parent":544,"menu_order":0,"comment_status":"closed","ping_status":"closed","template":"","meta":{"advgb_blocks_editor_width":"","advgb_blocks_columns_visual_guide":"","footnotes":""},"class_list":["post-554","page","type-page","status-publish","has-post-thumbnail","hentry"],"yoast_head":"<!-- This site is optimized with the Yoast SEO plugin v27.4 - https:\/\/yoast.com\/product\/yoast-seo-wordpress\/ -->\n<title>St\u00fchle f\u00fcr Altersheime bei OZG<\/title>\n<meta name=\"description\" content=\"Stabile, stapelbare St\u00fchle f\u00fcr Altersheime finden ihren Einsatz in Restaurants, Cafeterien, Aufenthaltsr\u00e4umen oder einfach als Objektm\u00f6bel.\" \/>\n<meta name=\"robots\" content=\"index, follow, max-snippet:-1, max-image-preview:large, max-video-preview:-1\" \/>\n<link rel=\"canonical\" href=\"https:\/\/objektmobiliar.ch\/fr\/meubles\/chaises-adaptees-aux-soins\/chaises-pour-maisons-de-retraite\/\" \/>\n<meta property=\"og:locale\" content=\"fr_FR\" \/>\n<meta property=\"og:type\" content=\"article\" \/>\n<meta property=\"og:title\" content=\"St\u00fchle f\u00fcr Altersheime bei OZG\" \/>\n<meta property=\"og:description\" content=\"Stabile, stapelbare St\u00fchle f\u00fcr Altersheime finden ihren Einsatz in Restaurants, Cafeterien, Aufenthaltsr\u00e4umen oder einfach als Objektm\u00f6bel.\" \/>\n<meta property=\"og:url\" content=\"https:\/\/objektmobiliar.ch\/fr\/meubles\/chaises-adaptees-aux-soins\/chaises-pour-maisons-de-retraite\/\" \/>\n<meta property=\"og:site_name\" content=\"OZG HEALTHCARE\" \/>\n<meta property=\"article:modified_time\" content=\"2024-08-22T13:19:48+00:00\" \/>\n<meta property=\"og:image\" content=\"https:\/\/objektmobiliar.ch\/wp-content\/uploads\/2023\/10\/paloma-1.jpg\" \/>\n\t<meta property=\"og:image:width\" content=\"1000\" \/>\n\t<meta property=\"og:image:height\" content=\"1000\" \/>\n\t<meta property=\"og:image:type\" content=\"image\/jpeg\" \/>\n<meta name=\"twitter:card\" content=\"summary_large_image\" \/>\n<meta name=\"twitter:label1\" content=\"Dur\u00e9e de lecture estim\u00e9e\" \/>\n\t<meta name=\"twitter:data1\" content=\"4 minutes\" \/>\n<script type=\"application\/ld+json\" class=\"yoast-schema-graph\">{\"@context\":\"https:\\\/\\\/schema.org\",\"@graph\":[{\"@type\":\"WebPage\",\"@id\":\"https:\\\/\\\/objektmobiliar.ch\\\/moebel\\\/pflegegerechte-stuehle\\\/stuehle-fuer-altersheime\\\/\",\"url\":\"https:\\\/\\\/objektmobiliar.ch\\\/moebel\\\/pflegegerechte-stuehle\\\/stuehle-fuer-altersheime\\\/\",\"name\":\"St\u00fchle f\u00fcr Altersheime bei OZG\",\"isPartOf\":{\"@id\":\"https:\\\/\\\/objektmobiliar.ch\\\/#website\"},\"primaryImageOfPage\":{\"@id\":\"https:\\\/\\\/objektmobiliar.ch\\\/moebel\\\/pflegegerechte-stuehle\\\/stuehle-fuer-altersheime\\\/#primaryimage\"},\"image\":{\"@id\":\"https:\\\/\\\/objektmobiliar.ch\\\/moebel\\\/pflegegerechte-stuehle\\\/stuehle-fuer-altersheime\\\/#primaryimage\"},\"thumbnailUrl\":\"https:\\\/\\\/objektmobiliar.ch\\\/wp-content\\\/uploads\\\/2023\\\/10\\\/paloma-1.jpg\",\"datePublished\":\"2023-10-15T20:17:00+00:00\",\"dateModified\":\"2024-08-22T13:19:48+00:00\",\"description\":\"Stabile, stapelbare St\u00fchle f\u00fcr Altersheime finden ihren Einsatz in Restaurants, Cafeterien, Aufenthaltsr\u00e4umen oder einfach als Objektm\u00f6bel.\",\"breadcrumb\":{\"@id\":\"https:\\\/\\\/objektmobiliar.ch\\\/moebel\\\/pflegegerechte-stuehle\\\/stuehle-fuer-altersheime\\\/#breadcrumb\"},\"inLanguage\":\"fr-FR\",\"potentialAction\":[{\"@type\":\"ReadAction\",\"target\":[\"https:\\\/\\\/objektmobiliar.ch\\\/moebel\\\/pflegegerechte-stuehle\\\/stuehle-fuer-altersheime\\\/\"]}]},{\"@type\":\"ImageObject\",\"inLanguage\":\"fr-FR\",\"@id\":\"https:\\\/\\\/objektmobiliar.ch\\\/moebel\\\/pflegegerechte-stuehle\\\/stuehle-fuer-altersheime\\\/#primaryimage\",\"url\":\"https:\\\/\\\/objektmobiliar.ch\\\/wp-content\\\/uploads\\\/2023\\\/10\\\/paloma-1.jpg\",\"contentUrl\":\"https:\\\/\\\/objektmobiliar.ch\\\/wp-content\\\/uploads\\\/2023\\\/10\\\/paloma-1.jpg\",\"width\":1000,\"height\":1000,\"caption\":\"St\u00fchle f\u00fcr Altersheime\"},{\"@type\":\"BreadcrumbList\",\"@id\":\"https:\\\/\\\/objektmobiliar.ch\\\/moebel\\\/pflegegerechte-stuehle\\\/stuehle-fuer-altersheime\\\/#breadcrumb\",\"itemListElement\":[{\"@type\":\"ListItem\",\"position\":1,\"name\":\"Startseite\",\"item\":\"https:\\\/\\\/objektmobiliar.ch\\\/\"},{\"@type\":\"ListItem\",\"position\":2,\"name\":\"M\u00f6bel\",\"item\":\"https:\\\/\\\/objektmobiliar.ch\\\/moebel\\\/\"},{\"@type\":\"ListItem\",\"position\":3,\"name\":\"St\u00fchle\",\"item\":\"https:\\\/\\\/objektmobiliar.ch\\\/moebel\\\/pflegegerechte-stuehle\\\/\"},{\"@type\":\"ListItem\",\"position\":4,\"name\":\"Paloma\"}]},{\"@type\":\"WebSite\",\"@id\":\"https:\\\/\\\/objektmobiliar.ch\\\/#website\",\"url\":\"https:\\\/\\\/objektmobiliar.ch\\\/\",\"name\":\"OZG HEALTHCARE\",\"description\":\"Objektmobiliar f\u00fcr Pflege, B\u00fcro, Praxis &amp; Hotellerie\",\"potentialAction\":[{\"@type\":\"SearchAction\",\"target\":{\"@type\":\"EntryPoint\",\"urlTemplate\":\"https:\\\/\\\/objektmobiliar.ch\\\/?s={search_term_string}\"},\"query-input\":{\"@type\":\"PropertyValueSpecification\",\"valueRequired\":true,\"valueName\":\"search_term_string\"}}],\"inLanguage\":\"fr-FR\"}]}<\/script>\n<!-- \/ Yoast SEO plugin. -->","yoast_head_json":{"title":"Chaises pour maisons de retraite chez OZG","description":"Les chaises stables et empilables pour les maisons de retraite sont utilis\u00e9es dans les restaurants, les caf\u00e9t\u00e9rias, les salles de s\u00e9jour ou tout simplement comme mobilier de collectivit\u00e9.","robots":{"index":"index","follow":"follow","max-snippet":"max-snippet:-1","max-image-preview":"max-image-preview:large","max-video-preview":"max-video-preview:-1"},"canonical":"https:\/\/objektmobiliar.ch\/fr\/meubles\/chaises-adaptees-aux-soins\/chaises-pour-maisons-de-retraite\/","og_locale":"fr_FR","og_type":"article","og_title":"St\u00fchle f\u00fcr Altersheime bei OZG","og_description":"Stabile, stapelbare St\u00fchle f\u00fcr Altersheime finden ihren Einsatz in Restaurants, Cafeterien, Aufenthaltsr\u00e4umen oder einfach als Objektm\u00f6bel.","og_url":"https:\/\/objektmobiliar.ch\/fr\/meubles\/chaises-adaptees-aux-soins\/chaises-pour-maisons-de-retraite\/","og_site_name":"OZG HEALTHCARE","article_modified_time":"2024-08-22T13:19:48+00:00","og_image":[{"width":1000,"height":1000,"url":"https:\/\/objektmobiliar.ch\/wp-content\/uploads\/2023\/10\/paloma-1.jpg","type":"image\/jpeg"}],"twitter_card":"summary_large_image","twitter_misc":{"Dur\u00e9e de lecture estim\u00e9e":"4 minutes"},"schema":{"@context":"https:\/\/schema.org","@graph":[{"@type":"WebPage","@id":"https:\/\/objektmobiliar.ch\/moebel\/pflegegerechte-stuehle\/stuehle-fuer-altersheime\/","url":"https:\/\/objektmobiliar.ch\/moebel\/pflegegerechte-stuehle\/stuehle-fuer-altersheime\/","name":"Chaises pour maisons de retraite chez OZG","isPartOf":{"@id":"https:\/\/objektmobiliar.ch\/#website"},"primaryImageOfPage":{"@id":"https:\/\/objektmobiliar.ch\/moebel\/pflegegerechte-stuehle\/stuehle-fuer-altersheime\/#primaryimage"},"image":{"@id":"https:\/\/objektmobiliar.ch\/moebel\/pflegegerechte-stuehle\/stuehle-fuer-altersheime\/#primaryimage"},"thumbnailUrl":"https:\/\/objektmobiliar.ch\/wp-content\/uploads\/2023\/10\/paloma-1.jpg","datePublished":"2023-10-15T20:17:00+00:00","dateModified":"2024-08-22T13:19:48+00:00","description":"Les chaises stables et empilables pour les maisons de retraite sont utilis\u00e9es dans les restaurants, les caf\u00e9t\u00e9rias, les salles de s\u00e9jour ou tout simplement comme mobilier de collectivit\u00e9.","breadcrumb":{"@id":"https:\/\/objektmobiliar.ch\/moebel\/pflegegerechte-stuehle\/stuehle-fuer-altersheime\/#breadcrumb"},"inLanguage":"fr-FR","potentialAction":[{"@type":"ReadAction","target":["https:\/\/objektmobiliar.ch\/moebel\/pflegegerechte-stuehle\/stuehle-fuer-altersheime\/"]}]},{"@type":"ImageObject","inLanguage":"fr-FR","@id":"https:\/\/objektmobiliar.ch\/moebel\/pflegegerechte-stuehle\/stuehle-fuer-altersheime\/#primaryimage","url":"https:\/\/objektmobiliar.ch\/wp-content\/uploads\/2023\/10\/paloma-1.jpg","contentUrl":"https:\/\/objektmobiliar.ch\/wp-content\/uploads\/2023\/10\/paloma-1.jpg","width":1000,"height":1000,"caption":"St\u00fchle f\u00fcr Altersheime"},{"@type":"BreadcrumbList","@id":"https:\/\/objektmobiliar.ch\/moebel\/pflegegerechte-stuehle\/stuehle-fuer-altersheime\/#breadcrumb","itemListElement":[{"@type":"ListItem","position":1,"name":"Startseite","item":"https:\/\/objektmobiliar.ch\/"},{"@type":"ListItem","position":2,"name":"M\u00f6bel","item":"https:\/\/objektmobiliar.ch\/moebel\/"},{"@type":"ListItem","position":3,"name":"St\u00fchle","item":"https:\/\/objektmobiliar.ch\/moebel\/pflegegerechte-stuehle\/"},{"@type":"ListItem","position":4,"name":"Paloma"}]},{"@type":"WebSite","@id":"https:\/\/objektmobiliar.ch\/#website","url":"https:\/\/objektmobiliar.ch\/","name":"OZG HEALTHCARE","description":"Mobilier de collectivit\u00e9 pour les soins, les bureaux, les cabinets m\u00e9dicaux et l'h\u00f4tellerie","potentialAction":[{"@type":"SearchAction","target":{"@type":"EntryPoint","urlTemplate":"https:\/\/objektmobiliar.ch\/?s={search_term_string}"},"query-input":{"@type":"PropertyValueSpecification","valueRequired":true,"valueName":"search_term_string"}}],"inLanguage":"fr-FR"}]}},"coauthors":[],"author_meta":{"author_link":"https:\/\/objektmobiliar.ch\/fr\/author\/alex\/","display_name":"Alex"},"relative_dates":{"created":"Publi\u00e9 3 ans il y a","modified":"Mis \u00e0 jour 2 ans il y a"},"absolute_dates":{"created":"Publi\u00e9 le octobre 15, 2023","modified":"Mise \u00e0 jour le ao\u00fbt 22, 2024"},"absolute_dates_time":{"created":"Publi\u00e9 le octobre 15, 2023 8:17 pm","modified":"Mise \u00e0 jour le ao\u00fbt 22, 2024 1:19 pm"},"featured_img_caption":"","featured_img":"https:\/\/objektmobiliar.ch\/wp-content\/uploads\/2023\/10\/paloma-1-825x510.jpg","series_order":"","_links":{"self":[{"href":"https:\/\/objektmobiliar.ch\/fr\/wp-json\/wp\/v2\/pages\/554","targetHints":{"allow":["GET"]}}],"collection":[{"href":"https:\/\/objektmobiliar.ch\/fr\/wp-json\/wp\/v2\/pages"}],"about":[{"href":"https:\/\/objektmobiliar.ch\/fr\/wp-json\/wp\/v2\/types\/page"}],"author":[{"embeddable":true,"href":"https:\/\/objektmobiliar.ch\/fr\/wp-json\/wp\/v2\/users\/2"}],"replies":[{"embeddable":true,"href":"https:\/\/objektmobiliar.ch\/fr\/wp-json\/wp\/v2\/comments?post=554"}],"version-history":[{"count":6,"href":"https:\/\/objektmobiliar.ch\/fr\/wp-json\/wp\/v2\/pages\/554\/revisions"}],"predecessor-version":[{"id":3737,"href":"https:\/\/objektmobiliar.ch\/fr\/wp-json\/wp\/v2\/pages\/554\/revisions\/3737"}],"up":[{"embeddable":true,"href":"https:\/\/objektmobiliar.ch\/fr\/wp-json\/wp\/v2\/pages\/544"}],"wp:featuredmedia":[{"embeddable":true,"href":"https:\/\/objektmobiliar.ch\/fr\/wp-json\/wp\/v2\/media\/560"}],"wp:attachment":[{"href":"https:\/\/objektmobiliar.ch\/fr\/wp-json\/wp\/v2\/media?parent=554"}],"curies":[{"name":"wp","href":"https:\/\/api.w.org\/{rel}","templated":true}]}}