{"id":548,"date":"2023-10-15T20:01:57","date_gmt":"2023-10-15T20:01:57","guid":{"rendered":"https:\/\/dev.objektmobiliar.ch\/?page_id=548"},"modified":"2024-08-22T12:44:21","modified_gmt":"2024-08-22T12:44:21","slug":"chaises-pour-maisons-de-repos","status":"publish","type":"page","link":"https:\/\/objektmobiliar.ch\/fr\/moebel\/pflegegerechte-stuehle\/stuehle-fuer-pflegeheime\/","title":{"rendered":"R\u00e9gis"},"content":{"rendered":"<div class=\"lazyblock-produkt-detail-ozg-2nsQTN wp-block-lazyblock-produkt-detail-ozg\"><section class=\"sct\">\r\n      <div class=\"cnt\">\r\n        <div class=\"elmnt-product-desc\">\r\n          <div class=\"product-desc-box\"><img decoding=\"async\" src=\"https:\/\/objektmobiliar.ch\/wp-content\/uploads\/2023\/10\/regis-3-gerundete-armlehnen.jpg\" loading=\"lazy\" alt=\"\" class=\"product-desc-img\"><\/div>\r\n          <div class=\"product-desc-txt\">\r\n            <h1 class=\"txt-product-headline\">R\u00c9GIS<\/h1>\r\n            <h2 class=\"txt-product-subline\">Chaises pour maisons de repos - QUALIT\u00c9 ET CONFORT EN PREMIERE LIGNE.<\/h2>\r\n            <div class=\"w-richtext\">\r\n              <p>La s\u00e9rie R\u00c9GIS convainc par son design r\u00e9duit combin\u00e9 \u00e0 un choix de mat\u00e9riaux durables et de haute qualit\u00e9. Les formes \u00e9l\u00e9gantes avec la courbure discr\u00e8te du dossier procurent une sensation de d\u00e9tente qui se refl\u00e8te dans le confort d'assise. La s\u00e9rie R\u00c9GIS est disponible avec ou sans accoudoirs, ainsi que dans de nombreuses variantes de design.<\/p>\r\n            <\/div>\r\n            <a onclick=\"splite_loader();\" class=\"btn\">Demander un produit<\/a>\r\n          <\/div>\r\n        <\/div>\r\n      <\/div>\r\n    <\/section><\/div>\n\n<div class=\"lazyblock-produkt-slider-ozg-1GHwmI wp-block-lazyblock-produkt-slider-ozg\"><section class=\"sct\">\r\n  <div class=\"cnt semi\">\r\n    <div class=\"intro-txt\">\r\n        <h2>Mod\u00e8les et versions<\/h2>\r\n    <\/div>\r\n    \r\n    <div class=\"elmnt-similar-products\">\r\n      <div class=\"similar-product\"><img decoding=\"async\" src=\"https:\/\/objektmobiliar.ch\/wp-content\/uploads\/2023\/10\/regis-3-mit-armlehnen.jpg\" loading=\"eager\" alt=\"Chaise R\u00e9gis 3, Avec accoudoirs, avec poign\u00e9e dorsale\" class=\"similar-product-img\">\r\n        <div class=\"center\">\r\n          <div class=\"w-richtext\">\r\n            <p><strong><strong>Chaise R\u00e9gis 3, <\/strong><\/strong><br><strong><strong>Avec accoudoirs, avec poign\u00e9e de dossier<\/strong><br><\/strong>N\u00b0 d'art. 200-0170\/S<\/p>\r\n          <\/div>\r\n          \r\n        <\/div>\r\n      <\/div>\r\n      <div class=\"similar-product\"><img decoding=\"async\" src=\"https:\/\/objektmobiliar.ch\/wp-content\/uploads\/2023\/10\/regis-3-gerundete-armlehnen.jpg\" loading=\"eager\" alt=\"Chaises pour maisons de soins\" class=\"similar-product-img\">\r\n        <div class=\"center\">\r\n          <div class=\"w-richtext\">\r\n            <p><strong>Chaise R\u00e9gis 3,<br>Avec accoudoirs arrondis, avec poign\u00e9e de dossier<\/strong><br>N\u00b0 d'art. 200-0171\/S<\/p>\r\n          <\/div>\r\n          \r\n        <\/div>\r\n      <\/div>\r\n      <div class=\"similar-product\"><img decoding=\"async\" src=\"https:\/\/objektmobiliar.ch\/wp-content\/uploads\/2023\/10\/regis-4-hochlehner.jpg\" loading=\"eager\" alt=\"Chaise R\u00e9gis 4, \u00e0 dossier haut, avec accoudoirs carr\u00e9s\" class=\"similar-product-img\">\r\n        <div class=\"center\">\r\n          <div class=\"w-richtext\">\r\n            <p><strong>Chaise R\u00e9gis 4,<br>Chaise \u00e0 haut dossier, avec accoudoirs carr\u00e9s<\/strong><br>N\u00b0 d'art. 200-0172\/S<\/p>\r\n          <\/div>\r\n          \r\n        <\/div>\r\n      <\/div>\r\n    <\/div>\r\n  <\/div>\r\n  \r\n  <div class=\"cnt narrow\">\r\n    <div class=\"similar-products-nav-pos\">\r\n      <div class=\"w-embed\">\r\n        \r\n      <\/div>\r\n    <\/div>\r\n  <\/div>\r\n<\/section><\/div>\n\n<div class=\"lazyblock-text-modul-ozg-1fql98 wp-block-lazyblock-text-modul-ozg\"><section class=\"sct\">\r\n      <div class=\"cnt narrow\">\r\n        <div class=\"w-richtext\">\r\n            <p><img loading=\"lazy\" decoding=\"async\" class=\"alignnone size-full wp-image-552\" src=\"https:\/\/objektmobiliar.ch\/wp-content\/uploads\/2023\/10\/200-0168-regis-1-in-3-sitzhoehen-w.jpg\" alt=\"Chaise R\u00e9gis 1,Sans accoudoirs, avec poign\u00e9e dorsale\" width=\"1200\" height=\"707\" srcset=\"https:\/\/objektmobiliar.ch\/wp-content\/uploads\/2023\/10\/200-0168-regis-1-in-3-sitzhoehen-w.jpg 1200w, https:\/\/objektmobiliar.ch\/wp-content\/uploads\/2023\/10\/200-0168-regis-1-in-3-sitzhoehen-w-800x471.jpg 800w, https:\/\/objektmobiliar.ch\/wp-content\/uploads\/2023\/10\/200-0168-regis-1-in-3-sitzhoehen-w-768x452.jpg 768w\" sizes=\"auto, (max-width: 1200px) 100vw, 1200px\" \/><\/p>\n<p><strong>Chaise R\u00e9gis 1,<br \/>Sans accoudoirs, avec poign\u00e9e de dossier<\/strong><br \/>N\u00b0 d'art. 200-0168\/S<\/p>\r\n        <\/div>\r\n      <\/div>\r\n    <\/section><\/div>\n\n\n<div class=\"wp-block-group\"><div class=\"wp-block-group__inner-container is-layout-constrained wp-block-group-is-layout-constrained\"><section class=\"sct\">\r\n      <div class=\"cnt narrow\">\r\n        <div class=\"introtxt\">\r\n        <div class=\"w-richtext\">\r\n            <h2>Description du produit<\/h2>\r\n        <\/div>\r\n        <\/div>\r\n        \r\n          \n\n\n<figure class=\"wp-block-table is-style-regular\"><table><thead><tr><th>Art. No.<\/th><th>Description<\/th><\/tr><\/thead><tbody><tr><td>200-0168\/S<\/td><td>Chaise R\u00e9gis 1, sans accoudoirs, avec poign\u00e9e dorsale<\/td><\/tr><tr><td>200-0168H\/S<\/td><td>Chaise R\u00e9gis 1, \u00e0 dossier haut, sans accoudoirs<\/td><\/tr><tr><td>200-0170\/S<\/td><td>Chaise R\u00e9gis 3, avec accoudoirs, avec poign\u00e9e dorsale<\/td><\/tr><tr><td>200-0171\/S<\/td><td>Chaise R\u00e9gis 3, avec accoudoirs arrondis, avec poign\u00e9e de dossier<\/td><\/tr><tr><td>200-0172\/S<\/td><td>Chaise R\u00e9gis 4, \u00e0 dossier haut, avec accoudoirs carr\u00e9s<\/td><\/tr><tr><td>200-0173\/S<\/td><td>Chaise R\u00e9gis 4, \u00e0 dossier haut, avec accoudoirs ronds<\/td><\/tr><\/tbody><\/table><\/figure>\n\n\n<\/div><\/section><\/div><\/div>\n\n\n<div class=\"lazyblock-text-modul-ozg-2fAjoG wp-block-lazyblock-text-modul-ozg\"><section class=\"sct\">\r\n      <div class=\"cnt narrow\">\r\n        <div class=\"w-richtext\">\r\n            <h3>Chaises pour maisons de repos : confort et fonctionnalit\u00e9<\/h3>\n<p>La s\u00e9rie de chaises R\u00e9gis offre aux maisons de repos la combinaison id\u00e9ale de qualit\u00e9 et de confort. Le design sobre et \u00e9l\u00e9gant et le choix de mat\u00e9riaux de qualit\u00e9 s'int\u00e8grent parfaitement dans diff\u00e9rents espaces. La courbure discr\u00e8te du dossier assure une sensation d'assise d\u00e9tendue, ce qui est particuli\u00e8rement important dans les \u00e9tablissements de soins.<\/p>\n<h3>Chaises pour maisons de soins : de nombreuses variantes pour des besoins individuels<\/h3>\n<p>La s\u00e9rie R\u00e9gis est disponible en diff\u00e9rentes variantes afin de r\u00e9pondre aux besoins sp\u00e9cifiques des maisons de soins. Vous pouvez choisir entre des chaises avec ou sans accoudoirs. Les mod\u00e8les avec poign\u00e9e dorsale facilitent la manipulation, tandis que les mod\u00e8les \u00e0 dossier haut offrent un soutien suppl\u00e9mentaire.<\/p>\n<h3>Chaises pour maisons de soins : durables et adapt\u00e9es aux besoins<\/h3>\n<p>Les chaises R\u00e9gis sont robustes et durables, id\u00e9ales pour une utilisation quotidienne dans les maisons de soins. Le rembourrage soign\u00e9 favorise une position assise ergonomique. Gr\u00e2ce aux nombreuses options de design, la gamme de chaises R\u00e9gis est un choix parfait pour les \u00e9tablissements qui accordent de l'importance \u00e0 la qualit\u00e9 et au confort. Choisissez parmi diff\u00e9rents <a href=\"https:\/\/objektmobiliar.ch\/fr\/inspiration\/materiaux-et-couleurs\/\">Mat\u00e9riaux et couleurs<\/a> le design qui s'adapte parfaitement \u00e0 votre int\u00e9rieur.<\/p>\r\n        <\/div>\r\n      <\/div>\r\n    <\/section><\/div><style class=\"advgb-styles-renderer\">\r\n            .similar-products-nav li {\r\n              overflow: hidden;\r\n              margin: 0px !important;\r\n              flex-grow: 0 !important;\r\n              flex-shrink: 1 !important;\r\n              flex-basis: 12.5% !important;\r\n              border-style: solid;\r\n              border-width: 2px;\r\n              border-color: transparent;\r\n              border-radius: 8px;\r\n              transition-property: border-color;\r\n              transition-duration: 600ms;\r\n              transition-timing-function: ease;\r\n              cursor: pointer;\r\n            }\r\n            .similar-products-nav li.slick-active {\r\n              border-color: #dde7ef;\r\n            }\r\n            @media screen and (max-width:767px) {\r\n              .similar-products-nav li {\r\n                flex-basis: auto !important;\r\n                border-radius: 8px;\r\n                padding-top: 8px;\r\n                padding-right: 16px;\r\n                padding-bottom: 6px;\r\n                padding-left: 16px;\r\n              }\r\n              .similar-products-nav li.slick-active {\r\n                background-color: #dde7ef;\r\n                transition-property: background-color, border-color;\r\n                transition-duration: 600ms, 200ms;\r\n                transition-timing-function: ease, ease;\r\n                color: #426b8a;\r\n              }\r\n            }\r\n          <\/style>","protected":false},"excerpt":{"rendered":"<p>Die Serie R\u00c9GIS \u00fcberzeugt durch ein reduziertes Design in Kombination mit einer hochwertigen und langlebigen Materialauswahl.<\/p>","protected":false},"author":2,"featured_media":550,"parent":544,"menu_order":0,"comment_status":"closed","ping_status":"closed","template":"","meta":{"advgb_blocks_editor_width":"","advgb_blocks_columns_visual_guide":"","footnotes":""},"class_list":["post-548","page","type-page","status-publish","has-post-thumbnail","hentry"],"yoast_head":"<!-- This site is optimized with the Yoast SEO plugin v27.4 - https:\/\/yoast.com\/product\/yoast-seo-wordpress\/ -->\n<title>St\u00fchle f\u00fcr Pflegeheime bei OZG<\/title>\n<meta name=\"description\" content=\"St\u00fchle f\u00fcr Pflegeheime \u00fcberzeugen durch durch ein reduziertes Design in Kombination mit einer hochwertigen Materialauswahl.\" \/>\n<meta name=\"robots\" content=\"index, follow, max-snippet:-1, max-image-preview:large, max-video-preview:-1\" \/>\n<link rel=\"canonical\" href=\"https:\/\/objektmobiliar.ch\/fr\/meubles\/chaises-adaptees-aux-soins\/chaises-pour-maisons-de-repos\/\" \/>\n<meta property=\"og:locale\" content=\"fr_FR\" \/>\n<meta property=\"og:type\" content=\"article\" \/>\n<meta property=\"og:title\" content=\"St\u00fchle f\u00fcr Pflegeheime bei OZG\" \/>\n<meta property=\"og:description\" content=\"St\u00fchle f\u00fcr Pflegeheime \u00fcberzeugen durch durch ein reduziertes Design in Kombination mit einer hochwertigen Materialauswahl.\" \/>\n<meta property=\"og:url\" content=\"https:\/\/objektmobiliar.ch\/fr\/meubles\/chaises-adaptees-aux-soins\/chaises-pour-maisons-de-repos\/\" \/>\n<meta property=\"og:site_name\" content=\"OZG HEALTHCARE\" \/>\n<meta property=\"article:modified_time\" content=\"2024-08-22T12:44:21+00:00\" \/>\n<meta property=\"og:image\" content=\"https:\/\/objektmobiliar.ch\/wp-content\/uploads\/2023\/10\/regis-3-gerundete-armlehnen.jpg\" \/>\n\t<meta property=\"og:image:width\" content=\"1000\" \/>\n\t<meta property=\"og:image:height\" content=\"1000\" \/>\n\t<meta property=\"og:image:type\" content=\"image\/jpeg\" \/>\n<meta name=\"twitter:card\" content=\"summary_large_image\" \/>\n<meta name=\"twitter:label1\" content=\"Dur\u00e9e de lecture estim\u00e9e\" \/>\n\t<meta name=\"twitter:data1\" content=\"3 minutes\" \/>\n<script type=\"application\/ld+json\" class=\"yoast-schema-graph\">{\"@context\":\"https:\\\/\\\/schema.org\",\"@graph\":[{\"@type\":\"WebPage\",\"@id\":\"https:\\\/\\\/objektmobiliar.ch\\\/moebel\\\/pflegegerechte-stuehle\\\/stuehle-fuer-pflegeheime\\\/\",\"url\":\"https:\\\/\\\/objektmobiliar.ch\\\/moebel\\\/pflegegerechte-stuehle\\\/stuehle-fuer-pflegeheime\\\/\",\"name\":\"St\u00fchle f\u00fcr Pflegeheime bei OZG\",\"isPartOf\":{\"@id\":\"https:\\\/\\\/objektmobiliar.ch\\\/#website\"},\"primaryImageOfPage\":{\"@id\":\"https:\\\/\\\/objektmobiliar.ch\\\/moebel\\\/pflegegerechte-stuehle\\\/stuehle-fuer-pflegeheime\\\/#primaryimage\"},\"image\":{\"@id\":\"https:\\\/\\\/objektmobiliar.ch\\\/moebel\\\/pflegegerechte-stuehle\\\/stuehle-fuer-pflegeheime\\\/#primaryimage\"},\"thumbnailUrl\":\"https:\\\/\\\/objektmobiliar.ch\\\/wp-content\\\/uploads\\\/2023\\\/10\\\/regis-3-gerundete-armlehnen.jpg\",\"datePublished\":\"2023-10-15T20:01:57+00:00\",\"dateModified\":\"2024-08-22T12:44:21+00:00\",\"description\":\"St\u00fchle f\u00fcr Pflegeheime \u00fcberzeugen durch durch ein reduziertes Design in Kombination mit einer hochwertigen Materialauswahl.\",\"breadcrumb\":{\"@id\":\"https:\\\/\\\/objektmobiliar.ch\\\/moebel\\\/pflegegerechte-stuehle\\\/stuehle-fuer-pflegeheime\\\/#breadcrumb\"},\"inLanguage\":\"fr-FR\",\"potentialAction\":[{\"@type\":\"ReadAction\",\"target\":[\"https:\\\/\\\/objektmobiliar.ch\\\/moebel\\\/pflegegerechte-stuehle\\\/stuehle-fuer-pflegeheime\\\/\"]}]},{\"@type\":\"ImageObject\",\"inLanguage\":\"fr-FR\",\"@id\":\"https:\\\/\\\/objektmobiliar.ch\\\/moebel\\\/pflegegerechte-stuehle\\\/stuehle-fuer-pflegeheime\\\/#primaryimage\",\"url\":\"https:\\\/\\\/objektmobiliar.ch\\\/wp-content\\\/uploads\\\/2023\\\/10\\\/regis-3-gerundete-armlehnen.jpg\",\"contentUrl\":\"https:\\\/\\\/objektmobiliar.ch\\\/wp-content\\\/uploads\\\/2023\\\/10\\\/regis-3-gerundete-armlehnen.jpg\",\"width\":1000,\"height\":1000,\"caption\":\"St\u00fchle f\u00fcr Pflegeheime\"},{\"@type\":\"BreadcrumbList\",\"@id\":\"https:\\\/\\\/objektmobiliar.ch\\\/moebel\\\/pflegegerechte-stuehle\\\/stuehle-fuer-pflegeheime\\\/#breadcrumb\",\"itemListElement\":[{\"@type\":\"ListItem\",\"position\":1,\"name\":\"Startseite\",\"item\":\"https:\\\/\\\/objektmobiliar.ch\\\/\"},{\"@type\":\"ListItem\",\"position\":2,\"name\":\"M\u00f6bel\",\"item\":\"https:\\\/\\\/objektmobiliar.ch\\\/moebel\\\/\"},{\"@type\":\"ListItem\",\"position\":3,\"name\":\"St\u00fchle\",\"item\":\"https:\\\/\\\/objektmobiliar.ch\\\/moebel\\\/pflegegerechte-stuehle\\\/\"},{\"@type\":\"ListItem\",\"position\":4,\"name\":\"R\u00e9gis\"}]},{\"@type\":\"WebSite\",\"@id\":\"https:\\\/\\\/objektmobiliar.ch\\\/#website\",\"url\":\"https:\\\/\\\/objektmobiliar.ch\\\/\",\"name\":\"OZG HEALTHCARE\",\"description\":\"Objektmobiliar f\u00fcr Pflege, B\u00fcro, Praxis &amp; Hotellerie\",\"potentialAction\":[{\"@type\":\"SearchAction\",\"target\":{\"@type\":\"EntryPoint\",\"urlTemplate\":\"https:\\\/\\\/objektmobiliar.ch\\\/?s={search_term_string}\"},\"query-input\":{\"@type\":\"PropertyValueSpecification\",\"valueRequired\":true,\"valueName\":\"search_term_string\"}}],\"inLanguage\":\"fr-FR\"}]}<\/script>\n<!-- \/ Yoast SEO plugin. -->","yoast_head_json":{"title":"Chaises pour maisons de repos chez OZG","description":"Les chaises pour maisons de repos s\u00e9duisent par leur design r\u00e9duit combin\u00e9 \u00e0 un choix de mat\u00e9riaux de haute qualit\u00e9.","robots":{"index":"index","follow":"follow","max-snippet":"max-snippet:-1","max-image-preview":"max-image-preview:large","max-video-preview":"max-video-preview:-1"},"canonical":"https:\/\/objektmobiliar.ch\/fr\/meubles\/chaises-adaptees-aux-soins\/chaises-pour-maisons-de-repos\/","og_locale":"fr_FR","og_type":"article","og_title":"St\u00fchle f\u00fcr Pflegeheime bei OZG","og_description":"St\u00fchle f\u00fcr Pflegeheime \u00fcberzeugen durch durch ein reduziertes Design in Kombination mit einer hochwertigen Materialauswahl.","og_url":"https:\/\/objektmobiliar.ch\/fr\/meubles\/chaises-adaptees-aux-soins\/chaises-pour-maisons-de-repos\/","og_site_name":"OZG HEALTHCARE","article_modified_time":"2024-08-22T12:44:21+00:00","og_image":[{"width":1000,"height":1000,"url":"https:\/\/objektmobiliar.ch\/wp-content\/uploads\/2023\/10\/regis-3-gerundete-armlehnen.jpg","type":"image\/jpeg"}],"twitter_card":"summary_large_image","twitter_misc":{"Dur\u00e9e de lecture estim\u00e9e":"3 minutes"},"schema":{"@context":"https:\/\/schema.org","@graph":[{"@type":"WebPage","@id":"https:\/\/objektmobiliar.ch\/moebel\/pflegegerechte-stuehle\/stuehle-fuer-pflegeheime\/","url":"https:\/\/objektmobiliar.ch\/moebel\/pflegegerechte-stuehle\/stuehle-fuer-pflegeheime\/","name":"Chaises pour maisons de repos chez OZG","isPartOf":{"@id":"https:\/\/objektmobiliar.ch\/#website"},"primaryImageOfPage":{"@id":"https:\/\/objektmobiliar.ch\/moebel\/pflegegerechte-stuehle\/stuehle-fuer-pflegeheime\/#primaryimage"},"image":{"@id":"https:\/\/objektmobiliar.ch\/moebel\/pflegegerechte-stuehle\/stuehle-fuer-pflegeheime\/#primaryimage"},"thumbnailUrl":"https:\/\/objektmobiliar.ch\/wp-content\/uploads\/2023\/10\/regis-3-gerundete-armlehnen.jpg","datePublished":"2023-10-15T20:01:57+00:00","dateModified":"2024-08-22T12:44:21+00:00","description":"Les chaises pour maisons de repos s\u00e9duisent par leur design r\u00e9duit combin\u00e9 \u00e0 un choix de mat\u00e9riaux de haute qualit\u00e9.","breadcrumb":{"@id":"https:\/\/objektmobiliar.ch\/moebel\/pflegegerechte-stuehle\/stuehle-fuer-pflegeheime\/#breadcrumb"},"inLanguage":"fr-FR","potentialAction":[{"@type":"ReadAction","target":["https:\/\/objektmobiliar.ch\/moebel\/pflegegerechte-stuehle\/stuehle-fuer-pflegeheime\/"]}]},{"@type":"ImageObject","inLanguage":"fr-FR","@id":"https:\/\/objektmobiliar.ch\/moebel\/pflegegerechte-stuehle\/stuehle-fuer-pflegeheime\/#primaryimage","url":"https:\/\/objektmobiliar.ch\/wp-content\/uploads\/2023\/10\/regis-3-gerundete-armlehnen.jpg","contentUrl":"https:\/\/objektmobiliar.ch\/wp-content\/uploads\/2023\/10\/regis-3-gerundete-armlehnen.jpg","width":1000,"height":1000,"caption":"St\u00fchle f\u00fcr Pflegeheime"},{"@type":"BreadcrumbList","@id":"https:\/\/objektmobiliar.ch\/moebel\/pflegegerechte-stuehle\/stuehle-fuer-pflegeheime\/#breadcrumb","itemListElement":[{"@type":"ListItem","position":1,"name":"Startseite","item":"https:\/\/objektmobiliar.ch\/"},{"@type":"ListItem","position":2,"name":"M\u00f6bel","item":"https:\/\/objektmobiliar.ch\/moebel\/"},{"@type":"ListItem","position":3,"name":"St\u00fchle","item":"https:\/\/objektmobiliar.ch\/moebel\/pflegegerechte-stuehle\/"},{"@type":"ListItem","position":4,"name":"R\u00e9gis"}]},{"@type":"WebSite","@id":"https:\/\/objektmobiliar.ch\/#website","url":"https:\/\/objektmobiliar.ch\/","name":"OZG HEALTHCARE","description":"Mobilier de collectivit\u00e9 pour les soins, les bureaux, les cabinets m\u00e9dicaux et l'h\u00f4tellerie","potentialAction":[{"@type":"SearchAction","target":{"@type":"EntryPoint","urlTemplate":"https:\/\/objektmobiliar.ch\/?s={search_term_string}"},"query-input":{"@type":"PropertyValueSpecification","valueRequired":true,"valueName":"search_term_string"}}],"inLanguage":"fr-FR"}]}},"coauthors":[],"author_meta":{"author_link":"https:\/\/objektmobiliar.ch\/fr\/author\/alex\/","display_name":"Alex"},"relative_dates":{"created":"Publi\u00e9 3 ans il y a","modified":"Mis \u00e0 jour 2 ans il y a"},"absolute_dates":{"created":"Publi\u00e9 le octobre 15, 2023","modified":"Mise \u00e0 jour le ao\u00fbt 22, 2024"},"absolute_dates_time":{"created":"Publi\u00e9 le octobre 15, 2023 8:01 pm","modified":"Mise \u00e0 jour le ao\u00fbt 22, 2024 12:44 pm"},"featured_img_caption":"","featured_img":"https:\/\/objektmobiliar.ch\/wp-content\/uploads\/2023\/10\/regis-3-gerundete-armlehnen-825x510.jpg","series_order":"","_links":{"self":[{"href":"https:\/\/objektmobiliar.ch\/fr\/wp-json\/wp\/v2\/pages\/548","targetHints":{"allow":["GET"]}}],"collection":[{"href":"https:\/\/objektmobiliar.ch\/fr\/wp-json\/wp\/v2\/pages"}],"about":[{"href":"https:\/\/objektmobiliar.ch\/fr\/wp-json\/wp\/v2\/types\/page"}],"author":[{"embeddable":true,"href":"https:\/\/objektmobiliar.ch\/fr\/wp-json\/wp\/v2\/users\/2"}],"replies":[{"embeddable":true,"href":"https:\/\/objektmobiliar.ch\/fr\/wp-json\/wp\/v2\/comments?post=548"}],"version-history":[{"count":7,"href":"https:\/\/objektmobiliar.ch\/fr\/wp-json\/wp\/v2\/pages\/548\/revisions"}],"predecessor-version":[{"id":3731,"href":"https:\/\/objektmobiliar.ch\/fr\/wp-json\/wp\/v2\/pages\/548\/revisions\/3731"}],"up":[{"embeddable":true,"href":"https:\/\/objektmobiliar.ch\/fr\/wp-json\/wp\/v2\/pages\/544"}],"wp:featuredmedia":[{"embeddable":true,"href":"https:\/\/objektmobiliar.ch\/fr\/wp-json\/wp\/v2\/media\/550"}],"wp:attachment":[{"href":"https:\/\/objektmobiliar.ch\/fr\/wp-json\/wp\/v2\/media?parent=548"}],"curies":[{"name":"wp","href":"https:\/\/api.w.org\/{rel}","templated":true}]}}