{"id":546,"date":"2023-10-15T19:51:06","date_gmt":"2023-10-15T19:51:06","guid":{"rendered":"https:\/\/dev.objektmobiliar.ch\/?page_id=546"},"modified":"2024-08-22T13:57:06","modified_gmt":"2024-08-22T13:57:06","slug":"chaise-visiteur-pour-maisons-de-retraite","status":"publish","type":"page","link":"https:\/\/objektmobiliar.ch\/fr\/moebel\/pflegegerechte-stuehle\/besucherstuhl-fuer-altersheime\/","title":{"rendered":"Graz"},"content":{"rendered":"<div class=\"lazyblock-produkt-detail-ozg-ZW5tVK wp-block-lazyblock-produkt-detail-ozg\"><section class=\"sct\">\r\n      <div class=\"cnt\">\r\n        <div class=\"elmnt-product-desc\">\r\n          <div class=\"product-desc-box\"><img decoding=\"async\" src=\"https:\/\/objektmobiliar.ch\/wp-content\/uploads\/2023\/10\/graz.jpg\" loading=\"lazy\" alt=\"\" class=\"product-desc-img\"><\/div>\r\n          <div class=\"product-desc-txt\">\r\n            <h1 class=\"txt-product-headline\">Graz<\/h1>\r\n            <h2 class=\"txt-product-subline\">Chaise visiteur pour maisons de retraite<\/h2>\r\n            <div class=\"w-richtext\">\r\n              <p>La chaise visiteur pour maisons de retraite est fabriqu\u00e9e dans la belle vall\u00e9e de l'Alm. Gr\u00e2ce au contreplaqu\u00e9 moul\u00e9 massif en h\u00eatre, elle est particuli\u00e8rement robuste. Avec leur forme claire et leurs accoudoirs relev\u00e9s, les chaises GRAZ peuvent \u00eatre empil\u00e9es verticalement. Disponible au choix avec ou sans rembourrage.<\/p>\r\n            <\/div>\r\n            <a onclick=\"splite_loader();\" class=\"btn\">Demander un produit<\/a>\r\n          <\/div>\r\n        <\/div>\r\n      <\/div>\r\n    <\/section><\/div>\n\n<div class=\"lazyblock-produkt-slider-ozg-jMu3c wp-block-lazyblock-produkt-slider-ozg\"><section class=\"sct\">\r\n  <div class=\"cnt semi\">\r\n    <div class=\"intro-txt\">\r\n        <h2>Mod\u00e8les et versions<\/h2>\r\n    <\/div>\r\n    \r\n    <div class=\"elmnt-similar-products\">\r\n      <div class=\"similar-product\"><img decoding=\"async\" src=\"https:\/\/objektmobiliar.ch\/wp-content\/uploads\/2023\/10\/graz-mit-armlehnen.jpg\" loading=\"eager\" alt=\"Chaise visiteur GRAZ\" class=\"similar-product-img\">\r\n        <div class=\"center\">\r\n          <div class=\"w-richtext\">\r\n            <p><strong>Chaise Graz, avec accoudoirs<\/strong><br>R\u00e9f. N\u00b0 200-0178\/S<\/p>\r\n          <\/div>\r\n          \r\n        <\/div>\r\n      <\/div>\r\n      <div class=\"similar-product\"><img decoding=\"async\" src=\"https:\/\/objektmobiliar.ch\/wp-content\/uploads\/2023\/10\/20_christofgagglphotography_mg_6601___fullsize.jpg\" loading=\"eager\" alt=\"\" class=\"similar-product-img\">\r\n        <div class=\"center\">\r\n          <div class=\"w-richtext\">\r\n            <p><strong>Chaise Graz, avec accoudoirs<\/strong><br>R\u00e9f. N\u00b0 200-0178\/S<\/p>\r\n          <\/div>\r\n          \r\n        <\/div>\r\n      <\/div>\r\n      <div class=\"similar-product\"><img decoding=\"async\" src=\"https:\/\/objektmobiliar.ch\/wp-content\/uploads\/2023\/10\/graz-mit-armlehnen-02.jpg\" loading=\"eager\" alt=\"Chaise visiteur GRAZ\" class=\"similar-product-img\">\r\n        <div class=\"center\">\r\n          <div class=\"w-richtext\">\r\n            <p><strong>Chaise Graz, avec accoudoirs<\/strong><br>R\u00e9f. N\u00b0 200-0178\/S<\/p>\r\n          <\/div>\r\n          \r\n        <\/div>\r\n      <\/div>\r\n    <\/div>\r\n  <\/div>\r\n  \r\n  <div class=\"cnt narrow\">\r\n    <div class=\"similar-products-nav-pos\">\r\n      <div class=\"w-embed\">\r\n        \r\n      <\/div>\r\n    <\/div>\r\n  <\/div>\r\n<\/section><\/div>\n\n\n<div class=\"wp-block-group\"><div class=\"wp-block-group__inner-container is-layout-constrained wp-block-group-is-layout-constrained\"><section class=\"sct\">\r\n      <div class=\"cnt narrow\">\r\n        <div class=\"introtxt\">\r\n        <div class=\"w-richtext\">\r\n            <h2>Description du produit<\/h2>\r\n        <\/div>\r\n        <\/div>\r\n        \r\n          \n\n\n<figure class=\"wp-block-table is-style-regular\"><table><thead><tr><th>Art. No.<\/th><th>Description<\/th><\/tr><\/thead><tbody><tr><td>200-0179\/S<\/td><td>Chaise Graz, sans accoudoirs<\/td><\/tr><tr><td>200-0178\/S<\/td><td>Chaise Graz, avec accoudoirs<\/td><\/tr><\/tbody><\/table><\/figure>\n\n\n<\/div><\/section><\/div><\/div>\n\n\n<div class=\"lazyblock-text-modul-ozg-6wIyU wp-block-lazyblock-text-modul-ozg\"><section class=\"sct\">\r\n      <div class=\"cnt narrow\">\r\n        <div class=\"w-richtext\">\r\n            <h3>Si\u00e8ge visiteur Graz pour maisons de retraite : de multiples possibilit\u00e9s d'utilisation<\/h3>\n<p>La chaise visiteur Graz pour maisons de retraite est un excellent choix pour les \u00e9tablissements de soins o\u00f9 la flexibilit\u00e9 et la fonctionnalit\u00e9 sont n\u00e9cessaires. La possibilit\u00e9 de choisir une chaise rembourr\u00e9e ou non, ainsi que l'option de l'avoir avec ou sans accoudoirs, la rend id\u00e9ale pour diff\u00e9rentes applications et exigences dans les maisons de soins. La forme \u00e9pur\u00e9e de la chaise et les accoudoirs relev\u00e9s contribuent non seulement \u00e0 l'esth\u00e9tique, mais permettent \u00e9galement une utilisation pratique, puisque les chaises peuvent \u00eatre empil\u00e9es verticalement pour gagner de la place.<\/p>\n<h3>Chaise visiteur Graz pour les maisons de retraite : Un mat\u00e9riau de haute qualit\u00e9 pour une longue dur\u00e9e de vie<\/h3>\n<p>Fabriqu\u00e9e dans la belle vall\u00e9e de l'Alm, la chaise visiteur Graz pour maisons de retraite s\u00e9duit par l'utilisation de contreplaqu\u00e9 moul\u00e9 en h\u00eatre massif, connu pour sa robustesse et sa r\u00e9sistance. Ce mat\u00e9riau de qualit\u00e9 sup\u00e9rieure assure une longue dur\u00e9e de vie et une stabilit\u00e9 particuli\u00e8rement importantes dans les \u00e9tablissements de soins. Le soin apport\u00e9 \u00e0 la finition et la qualit\u00e9 du bois de h\u00eatre font de la chaise Graz une solution fiable et durable, tant sur le plan fonctionnel qu'esth\u00e9tique.<\/p>\n<h3>Si\u00e8ge visiteur Graz pour maisons de retraite : confort et adaptabilit\u00e9<\/h3>\n<p>La chaise Graz offre un grand confort gr\u00e2ce \u00e0 la possibilit\u00e9 de choisir le rembourrage. Les coussins sont disponibles en diff\u00e9rentes couleurs et peuvent \u00eatre adapt\u00e9s \u00e0 l'int\u00e9rieur de l'\u00e9tablissement de soins. Cette adaptabilit\u00e9 garantit que la chaise Graz est parfaitement mise en valeur dans diff\u00e9rents environnements et contribue au confort des utilisateurs. Choisissez parmi diff\u00e9rents <a href=\"https:\/\/objektmobiliar.ch\/fr\/inspiration\/materiaux-et-couleurs\/\">Mat\u00e9riaux et couleurs<\/a> le design qui s'adapte parfaitement \u00e0 votre int\u00e9rieur.<\/p>\n<p>&nbsp;<\/p>\r\n        <\/div>\r\n      <\/div>\r\n    <\/section><\/div><style class=\"advgb-styles-renderer\">\r\n            .similar-products-nav li {\r\n              overflow: hidden;\r\n              margin: 0px !important;\r\n              flex-grow: 0 !important;\r\n              flex-shrink: 1 !important;\r\n              flex-basis: 12.5% !important;\r\n              border-style: solid;\r\n              border-width: 2px;\r\n              border-color: transparent;\r\n              border-radius: 8px;\r\n              transition-property: border-color;\r\n              transition-duration: 600ms;\r\n              transition-timing-function: ease;\r\n              cursor: pointer;\r\n            }\r\n            .similar-products-nav li.slick-active {\r\n              border-color: #dde7ef;\r\n            }\r\n            @media screen and (max-width:767px) {\r\n              .similar-products-nav li {\r\n                flex-basis: auto !important;\r\n                border-radius: 8px;\r\n                padding-top: 8px;\r\n                padding-right: 16px;\r\n                padding-bottom: 6px;\r\n                padding-left: 16px;\r\n              }\r\n              .similar-products-nav li.slick-active {\r\n                background-color: #dde7ef;\r\n                transition-property: background-color, border-color;\r\n                transition-duration: 600ms, 200ms;\r\n                transition-timing-function: ease, ease;\r\n                color: #426b8a;\r\n              }\r\n            }\r\n          <\/style>","protected":false},"excerpt":{"rendered":"<p>Der Besucherstuhl GRAZ wird im sch\u00f6nen Almtal gefertigt. Dank massivem Formsperrholz aus Buche ist er besonders robust.<\/p>","protected":false},"author":2,"featured_media":540,"parent":544,"menu_order":0,"comment_status":"closed","ping_status":"closed","template":"","meta":{"advgb_blocks_editor_width":"","advgb_blocks_columns_visual_guide":"","footnotes":""},"class_list":["post-546","page","type-page","status-publish","has-post-thumbnail","hentry"],"yoast_head":"<!-- This site is optimized with the Yoast SEO plugin v27.4 - https:\/\/yoast.com\/product\/yoast-seo-wordpress\/ -->\n<title>Besucherstuhl f\u00fcr Altersheime bei OZG<\/title>\n<meta name=\"description\" content=\"Der Graz Besucherstuhl f\u00fcr Altersheime ist eine ausgezeichnete Wahl f\u00fcr Pflegeeinrichtungen, wo Flexibilit\u00e4t und Funktionalit\u00e4t gefragt sind.\" \/>\n<meta name=\"robots\" content=\"index, follow, max-snippet:-1, max-image-preview:large, max-video-preview:-1\" \/>\n<link rel=\"canonical\" href=\"https:\/\/objektmobiliar.ch\/fr\/meubles\/chaises-adaptees-aux-soins\/chaise-visiteur-pour-maisons-de-retraite\/\" \/>\n<meta property=\"og:locale\" content=\"fr_FR\" \/>\n<meta property=\"og:type\" content=\"article\" \/>\n<meta property=\"og:title\" content=\"Besucherstuhl f\u00fcr Altersheime bei OZG\" \/>\n<meta property=\"og:description\" content=\"Der Graz Besucherstuhl f\u00fcr Altersheime ist eine ausgezeichnete Wahl f\u00fcr Pflegeeinrichtungen, wo Flexibilit\u00e4t und Funktionalit\u00e4t gefragt sind.\" \/>\n<meta property=\"og:url\" content=\"https:\/\/objektmobiliar.ch\/fr\/meubles\/chaises-adaptees-aux-soins\/chaise-visiteur-pour-maisons-de-retraite\/\" \/>\n<meta property=\"og:site_name\" content=\"OZG HEALTHCARE\" \/>\n<meta property=\"article:modified_time\" content=\"2024-08-22T13:57:06+00:00\" \/>\n<meta property=\"og:image\" content=\"https:\/\/objektmobiliar.ch\/wp-content\/uploads\/2023\/10\/graz.jpg\" \/>\n\t<meta property=\"og:image:width\" content=\"1000\" \/>\n\t<meta property=\"og:image:height\" content=\"1000\" \/>\n\t<meta property=\"og:image:type\" content=\"image\/jpeg\" \/>\n<meta name=\"twitter:card\" content=\"summary_large_image\" \/>\n<meta name=\"twitter:label1\" content=\"Dur\u00e9e de lecture estim\u00e9e\" \/>\n\t<meta name=\"twitter:data1\" content=\"3 minutes\" \/>\n<script type=\"application\/ld+json\" class=\"yoast-schema-graph\">{\"@context\":\"https:\\\/\\\/schema.org\",\"@graph\":[{\"@type\":\"WebPage\",\"@id\":\"https:\\\/\\\/objektmobiliar.ch\\\/moebel\\\/pflegegerechte-stuehle\\\/besucherstuhl-fuer-altersheime\\\/\",\"url\":\"https:\\\/\\\/objektmobiliar.ch\\\/moebel\\\/pflegegerechte-stuehle\\\/besucherstuhl-fuer-altersheime\\\/\",\"name\":\"Besucherstuhl f\u00fcr Altersheime bei OZG\",\"isPartOf\":{\"@id\":\"https:\\\/\\\/objektmobiliar.ch\\\/#website\"},\"primaryImageOfPage\":{\"@id\":\"https:\\\/\\\/objektmobiliar.ch\\\/moebel\\\/pflegegerechte-stuehle\\\/besucherstuhl-fuer-altersheime\\\/#primaryimage\"},\"image\":{\"@id\":\"https:\\\/\\\/objektmobiliar.ch\\\/moebel\\\/pflegegerechte-stuehle\\\/besucherstuhl-fuer-altersheime\\\/#primaryimage\"},\"thumbnailUrl\":\"https:\\\/\\\/objektmobiliar.ch\\\/wp-content\\\/uploads\\\/2023\\\/10\\\/graz.jpg\",\"datePublished\":\"2023-10-15T19:51:06+00:00\",\"dateModified\":\"2024-08-22T13:57:06+00:00\",\"description\":\"Der Graz Besucherstuhl f\u00fcr Altersheime ist eine ausgezeichnete Wahl f\u00fcr Pflegeeinrichtungen, wo Flexibilit\u00e4t und Funktionalit\u00e4t gefragt sind.\",\"breadcrumb\":{\"@id\":\"https:\\\/\\\/objektmobiliar.ch\\\/moebel\\\/pflegegerechte-stuehle\\\/besucherstuhl-fuer-altersheime\\\/#breadcrumb\"},\"inLanguage\":\"fr-FR\",\"potentialAction\":[{\"@type\":\"ReadAction\",\"target\":[\"https:\\\/\\\/objektmobiliar.ch\\\/moebel\\\/pflegegerechte-stuehle\\\/besucherstuhl-fuer-altersheime\\\/\"]}]},{\"@type\":\"ImageObject\",\"inLanguage\":\"fr-FR\",\"@id\":\"https:\\\/\\\/objektmobiliar.ch\\\/moebel\\\/pflegegerechte-stuehle\\\/besucherstuhl-fuer-altersheime\\\/#primaryimage\",\"url\":\"https:\\\/\\\/objektmobiliar.ch\\\/wp-content\\\/uploads\\\/2023\\\/10\\\/graz.jpg\",\"contentUrl\":\"https:\\\/\\\/objektmobiliar.ch\\\/wp-content\\\/uploads\\\/2023\\\/10\\\/graz.jpg\",\"width\":1000,\"height\":1000,\"caption\":\"Besucherstuhl GRAZ\"},{\"@type\":\"BreadcrumbList\",\"@id\":\"https:\\\/\\\/objektmobiliar.ch\\\/moebel\\\/pflegegerechte-stuehle\\\/besucherstuhl-fuer-altersheime\\\/#breadcrumb\",\"itemListElement\":[{\"@type\":\"ListItem\",\"position\":1,\"name\":\"Startseite\",\"item\":\"https:\\\/\\\/objektmobiliar.ch\\\/\"},{\"@type\":\"ListItem\",\"position\":2,\"name\":\"M\u00f6bel\",\"item\":\"https:\\\/\\\/objektmobiliar.ch\\\/moebel\\\/\"},{\"@type\":\"ListItem\",\"position\":3,\"name\":\"St\u00fchle\",\"item\":\"https:\\\/\\\/objektmobiliar.ch\\\/moebel\\\/pflegegerechte-stuehle\\\/\"},{\"@type\":\"ListItem\",\"position\":4,\"name\":\"Graz\"}]},{\"@type\":\"WebSite\",\"@id\":\"https:\\\/\\\/objektmobiliar.ch\\\/#website\",\"url\":\"https:\\\/\\\/objektmobiliar.ch\\\/\",\"name\":\"OZG HEALTHCARE\",\"description\":\"Objektmobiliar f\u00fcr Pflege, B\u00fcro, Praxis &amp; Hotellerie\",\"potentialAction\":[{\"@type\":\"SearchAction\",\"target\":{\"@type\":\"EntryPoint\",\"urlTemplate\":\"https:\\\/\\\/objektmobiliar.ch\\\/?s={search_term_string}\"},\"query-input\":{\"@type\":\"PropertyValueSpecification\",\"valueRequired\":true,\"valueName\":\"search_term_string\"}}],\"inLanguage\":\"fr-FR\"}]}<\/script>\n<!-- \/ Yoast SEO plugin. -->","yoast_head_json":{"title":"Chaise visiteur pour maisons de retraite chez OZG","description":"Le si\u00e8ge visiteur Graz pour maisons de retraite est un excellent choix pour les \u00e9tablissements de soins o\u00f9 la flexibilit\u00e9 et la fonctionnalit\u00e9 sont n\u00e9cessaires.","robots":{"index":"index","follow":"follow","max-snippet":"max-snippet:-1","max-image-preview":"max-image-preview:large","max-video-preview":"max-video-preview:-1"},"canonical":"https:\/\/objektmobiliar.ch\/fr\/meubles\/chaises-adaptees-aux-soins\/chaise-visiteur-pour-maisons-de-retraite\/","og_locale":"fr_FR","og_type":"article","og_title":"Besucherstuhl f\u00fcr Altersheime bei OZG","og_description":"Der Graz Besucherstuhl f\u00fcr Altersheime ist eine ausgezeichnete Wahl f\u00fcr Pflegeeinrichtungen, wo Flexibilit\u00e4t und Funktionalit\u00e4t gefragt sind.","og_url":"https:\/\/objektmobiliar.ch\/fr\/meubles\/chaises-adaptees-aux-soins\/chaise-visiteur-pour-maisons-de-retraite\/","og_site_name":"OZG HEALTHCARE","article_modified_time":"2024-08-22T13:57:06+00:00","og_image":[{"width":1000,"height":1000,"url":"https:\/\/objektmobiliar.ch\/wp-content\/uploads\/2023\/10\/graz.jpg","type":"image\/jpeg"}],"twitter_card":"summary_large_image","twitter_misc":{"Dur\u00e9e de lecture estim\u00e9e":"3 minutes"},"schema":{"@context":"https:\/\/schema.org","@graph":[{"@type":"WebPage","@id":"https:\/\/objektmobiliar.ch\/moebel\/pflegegerechte-stuehle\/besucherstuhl-fuer-altersheime\/","url":"https:\/\/objektmobiliar.ch\/moebel\/pflegegerechte-stuehle\/besucherstuhl-fuer-altersheime\/","name":"Chaise visiteur pour maisons de retraite chez OZG","isPartOf":{"@id":"https:\/\/objektmobiliar.ch\/#website"},"primaryImageOfPage":{"@id":"https:\/\/objektmobiliar.ch\/moebel\/pflegegerechte-stuehle\/besucherstuhl-fuer-altersheime\/#primaryimage"},"image":{"@id":"https:\/\/objektmobiliar.ch\/moebel\/pflegegerechte-stuehle\/besucherstuhl-fuer-altersheime\/#primaryimage"},"thumbnailUrl":"https:\/\/objektmobiliar.ch\/wp-content\/uploads\/2023\/10\/graz.jpg","datePublished":"2023-10-15T19:51:06+00:00","dateModified":"2024-08-22T13:57:06+00:00","description":"Le si\u00e8ge visiteur Graz pour maisons de retraite est un excellent choix pour les \u00e9tablissements de soins o\u00f9 la flexibilit\u00e9 et la fonctionnalit\u00e9 sont n\u00e9cessaires.","breadcrumb":{"@id":"https:\/\/objektmobiliar.ch\/moebel\/pflegegerechte-stuehle\/besucherstuhl-fuer-altersheime\/#breadcrumb"},"inLanguage":"fr-FR","potentialAction":[{"@type":"ReadAction","target":["https:\/\/objektmobiliar.ch\/moebel\/pflegegerechte-stuehle\/besucherstuhl-fuer-altersheime\/"]}]},{"@type":"ImageObject","inLanguage":"fr-FR","@id":"https:\/\/objektmobiliar.ch\/moebel\/pflegegerechte-stuehle\/besucherstuhl-fuer-altersheime\/#primaryimage","url":"https:\/\/objektmobiliar.ch\/wp-content\/uploads\/2023\/10\/graz.jpg","contentUrl":"https:\/\/objektmobiliar.ch\/wp-content\/uploads\/2023\/10\/graz.jpg","width":1000,"height":1000,"caption":"Besucherstuhl GRAZ"},{"@type":"BreadcrumbList","@id":"https:\/\/objektmobiliar.ch\/moebel\/pflegegerechte-stuehle\/besucherstuhl-fuer-altersheime\/#breadcrumb","itemListElement":[{"@type":"ListItem","position":1,"name":"Startseite","item":"https:\/\/objektmobiliar.ch\/"},{"@type":"ListItem","position":2,"name":"M\u00f6bel","item":"https:\/\/objektmobiliar.ch\/moebel\/"},{"@type":"ListItem","position":3,"name":"St\u00fchle","item":"https:\/\/objektmobiliar.ch\/moebel\/pflegegerechte-stuehle\/"},{"@type":"ListItem","position":4,"name":"Graz"}]},{"@type":"WebSite","@id":"https:\/\/objektmobiliar.ch\/#website","url":"https:\/\/objektmobiliar.ch\/","name":"OZG HEALTHCARE","description":"Mobilier de collectivit\u00e9 pour les soins, les bureaux, les cabinets m\u00e9dicaux et l'h\u00f4tellerie","potentialAction":[{"@type":"SearchAction","target":{"@type":"EntryPoint","urlTemplate":"https:\/\/objektmobiliar.ch\/?s={search_term_string}"},"query-input":{"@type":"PropertyValueSpecification","valueRequired":true,"valueName":"search_term_string"}}],"inLanguage":"fr-FR"}]}},"coauthors":[],"author_meta":{"author_link":"https:\/\/objektmobiliar.ch\/fr\/author\/alex\/","display_name":"Alex"},"relative_dates":{"created":"Publi\u00e9 3 ans il y a","modified":"Mis \u00e0 jour 2 ans il y a"},"absolute_dates":{"created":"Publi\u00e9 le octobre 15, 2023","modified":"Mise \u00e0 jour le ao\u00fbt 22, 2024"},"absolute_dates_time":{"created":"Publi\u00e9 le octobre 15, 2023 7:51 pm","modified":"Mise \u00e0 jour le ao\u00fbt 22, 2024 1:57 pm"},"featured_img_caption":"","featured_img":"https:\/\/objektmobiliar.ch\/wp-content\/uploads\/2023\/10\/graz-825x510.jpg","series_order":"","_links":{"self":[{"href":"https:\/\/objektmobiliar.ch\/fr\/wp-json\/wp\/v2\/pages\/546","targetHints":{"allow":["GET"]}}],"collection":[{"href":"https:\/\/objektmobiliar.ch\/fr\/wp-json\/wp\/v2\/pages"}],"about":[{"href":"https:\/\/objektmobiliar.ch\/fr\/wp-json\/wp\/v2\/types\/page"}],"author":[{"embeddable":true,"href":"https:\/\/objektmobiliar.ch\/fr\/wp-json\/wp\/v2\/users\/2"}],"replies":[{"embeddable":true,"href":"https:\/\/objektmobiliar.ch\/fr\/wp-json\/wp\/v2\/comments?post=546"}],"version-history":[{"count":8,"href":"https:\/\/objektmobiliar.ch\/fr\/wp-json\/wp\/v2\/pages\/546\/revisions"}],"predecessor-version":[{"id":3749,"href":"https:\/\/objektmobiliar.ch\/fr\/wp-json\/wp\/v2\/pages\/546\/revisions\/3749"}],"up":[{"embeddable":true,"href":"https:\/\/objektmobiliar.ch\/fr\/wp-json\/wp\/v2\/pages\/544"}],"wp:featuredmedia":[{"embeddable":true,"href":"https:\/\/objektmobiliar.ch\/fr\/wp-json\/wp\/v2\/media\/540"}],"wp:attachment":[{"href":"https:\/\/objektmobiliar.ch\/fr\/wp-json\/wp\/v2\/media?parent=546"}],"curies":[{"name":"wp","href":"https:\/\/api.w.org\/{rel}","templated":true}]}}