{"id":5427,"date":"2025-07-11T13:11:29","date_gmt":"2025-07-11T13:11:29","guid":{"rendered":"https:\/\/objektmobiliar.ch\/?page_id=5427"},"modified":"2025-11-23T10:58:30","modified_gmt":"2025-11-23T10:58:30","slug":"vestiaires-et-vestiaires","status":"publish","type":"page","link":"https:\/\/objektmobiliar.ch\/fr\/garderoben-und-umkleiden\/","title":{"rendered":"Meubles de vestiaire"},"content":{"rendered":"<div class=\"lazyblock-produkt-detail-ozg-1q8J5u wp-block-lazyblock-produkt-detail-ozg\"><section class=\"sct\">\r\n      <div class=\"cnt\">\r\n        <div class=\"elmnt-product-desc\">\r\n          <div class=\"product-desc-box\"><img decoding=\"async\" src=\"https:\/\/objektmobiliar.ch\/wp-content\/uploads\/2025\/07\/Moebel-fuer-Garderoben-und-Umkleiden.jpeg\" loading=\"lazy\" alt=\"\" class=\"product-desc-img\"><\/div>\r\n          <div class=\"product-desc-txt\">\r\n            <h1 class=\"txt-product-headline\">Meubles pour vestiaires &amp; vestiaires<\/h1>\r\n            <h2 class=\"txt-product-subline\">Avec un effet d'efficacit\u00e9 et de bien-\u00eatre<\/h2>\r\n            <div class=\"w-richtext\">\r\n              <p>Les vestiaires ne sont pas seulement un moyen d'atteindre un but. Souvent, ils sont aussi un lieu pour de courtes phases de d\u00e9tente ainsi que pour l'\u00e9change avec les coll\u00e8gues. En m\u00eame temps, ils doivent r\u00e9pondre pleinement aux besoins fonctionnels du personnel. Afin de garantir que vos collaborateurs se sentent parfaitement \u00e0 l'aise et que leurs objets priv\u00e9s soient conserv\u00e9s en toute s\u00e9curit\u00e9, nous vous proposons un vaste choix de meubles pratiques pour les vestiaires et les armoires.<\/p>\r\n            <\/div>\r\n            <a onclick=\"splite_loader();\" class=\"btn\">Demander maintenant<\/a>\r\n          <\/div>\r\n        <\/div>\r\n      <\/div>\r\n    <\/section><\/div>\n\n<div class=\"lazyblock-produkt-slider-ozg-2n43Xy wp-block-lazyblock-produkt-slider-ozg\"><section class=\"sct\">\r\n  <div class=\"cnt semi\">\r\n    <div class=\"intro-txt\">\r\n        <h2>Bancs attrayants pour les vestiaires<\/h2>\n<p>Nos bancs de vestiaire sont disponibles en diff\u00e9rentes dimensions et versions. Avec ou sans crochets de vestiaire et grille \u00e0 chaussures, en banc simple ou double, avec assise HPL ou lattes d'assise en bois dur - nous trouverons ensemble le mod\u00e8le qui vous convient.\u00a0<\/p>\n<p><strong>Voici quelques mod\u00e8les exemplaires pour vous inspirer :<\/strong><\/p>\r\n    <\/div>\r\n    \r\n    <div class=\"elmnt-similar-products\">\r\n      <div class=\"similar-product\"><img decoding=\"async\" src=\"https:\/\/objektmobiliar.ch\/wp-content\/uploads\/2025\/07\/Doppelseitige-Garderobenbank-mit-Rueckenlehne-Schuhrost.jpg\" loading=\"eager\" alt=\"\" class=\"similar-product-img\">\r\n        <div class=\"center\">\r\n          <div class=\"w-richtext\">\r\n            <p>Banc de vestiaire double face avec dossier &amp; grille \u00e0 chaussures, HPL d\u00e9cor ch\u00eane<\/p>\r\n          <\/div>\r\n          \r\n        <\/div>\r\n      <\/div>\r\n      <div class=\"similar-product\"><img decoding=\"async\" src=\"https:\/\/objektmobiliar.ch\/wp-content\/uploads\/2025\/07\/Garderobenbank-mit-Rueckenlehne-Comfort.jpg\" loading=\"eager\" alt=\"\" class=\"similar-product-img\">\r\n        <div class=\"center\">\r\n          <div class=\"w-richtext\">\r\n            <p>Banc de vestiaire avec dossier, HPL gris argent\u00e9<\/p>\r\n          <\/div>\r\n          \r\n        <\/div>\r\n      <\/div>\r\n      <div class=\"similar-product\"><img decoding=\"async\" src=\"https:\/\/objektmobiliar.ch\/wp-content\/uploads\/2025\/07\/Doppelseitige-Sitzbank-mit-Rueckenlehne-Schuhrost.jpg\" loading=\"eager\" alt=\"\" class=\"similar-product-img\">\r\n        <div class=\"center\">\r\n          <div class=\"w-richtext\">\r\n            <p>Banc double face avec dossier &amp; grille \u00e0 chaussures, HPL gris argent\u00e9<\/p>\r\n          <\/div>\r\n          \r\n        <\/div>\r\n      <\/div>\r\n      <div class=\"similar-product\"><img decoding=\"async\" src=\"https:\/\/objektmobiliar.ch\/wp-content\/uploads\/2025\/07\/Doppelseitige-Sitzbank-mit-Rueckenlehne-Comfort.jpg\" loading=\"eager\" alt=\"\" class=\"similar-product-img\">\r\n        <div class=\"center\">\r\n          <div class=\"w-richtext\">\r\n            <p>Banc double face avec dossier, HPL blanc<\/p>\r\n          <\/div>\r\n          \r\n        <\/div>\r\n      <\/div>\r\n      <div class=\"similar-product\"><img decoding=\"async\" src=\"https:\/\/objektmobiliar.ch\/wp-content\/uploads\/2025\/07\/Sitzbank-mit-Schuhrost-Comfort.jpg\" loading=\"eager\" alt=\"\" class=\"similar-product-img\">\r\n        <div class=\"center\">\r\n          <div class=\"w-richtext\">\r\n            <p>Banc Comfort avec grille \u00e0 chaussures, HPL d\u00e9cor ch\u00eane<\/p>\r\n          <\/div>\r\n          \r\n        <\/div>\r\n      <\/div>\r\n      <div class=\"similar-product\"><img decoding=\"async\" src=\"https:\/\/objektmobiliar.ch\/wp-content\/uploads\/2025\/07\/Sitzbank-Basic-Buche-Hartholz.jpg\" loading=\"eager\" alt=\"\" class=\"similar-product-img\">\r\n        <div class=\"center\">\r\n          <div class=\"w-richtext\">\r\n            <p>Banc Basic, h\u00eatre (bois dur)<\/p>\r\n          <\/div>\r\n          \r\n        <\/div>\r\n      <\/div>\r\n      <div class=\"similar-product\"><img decoding=\"async\" src=\"https:\/\/objektmobiliar.ch\/wp-content\/uploads\/2025\/07\/Garderobenbank-einseitig-Basic-mit-Schuhrost.jpg\" loading=\"eager\" alt=\"\" class=\"similar-product-img\">\r\n        <div class=\"center\">\r\n          <div class=\"w-richtext\">\r\n            <p>Banc de vestiaire d'un c\u00f4t\u00e9 avec grille \u00e0 chaussures, moulures d'assise en plastique, blanc<\/p>\r\n          <\/div>\r\n          \r\n        <\/div>\r\n      <\/div>\r\n    <\/div>\r\n  <\/div>\r\n  \r\n  <div class=\"cnt narrow\">\r\n    <div class=\"similar-products-nav-pos\">\r\n      <div class=\"w-embed\">\r\n        \r\n      <\/div>\r\n    <\/div>\r\n  <\/div>\r\n<\/section><\/div>\n\n<div class=\"lazyblock-bildergalerie-lightbox-ozg-1UWPrg wp-block-lazyblock-bildergalerie-lightbox-ozg\"><section class=\"sct\">\r\n  <div class=\"cnt semi\">\r\n    <div class=\"introtxt\">\r\n    <div class=\"w-richtext\">\r\n        \r\n    <\/div>\r\n    <\/div>\r\n  \r\n    <div class=\"elmnt-imggallery\">\r\n      <div class=\"imggallery-thumb\">\r\n        <img decoding=\"async\" src=\"https:\/\/objektmobiliar.ch\/wp-content\/uploads\/2025\/07\/Garderobe-Pflegeheim-farbige-Spinde.jpg\" loading=\"lazy\" alt=\"\" class=\"imggallery-img\">\r\n        <\/div>\r\n      <div class=\"imggallery-thumb\">\r\n        <img decoding=\"async\" src=\"https:\/\/objektmobiliar.ch\/wp-content\/uploads\/2025\/07\/Objektmobiliar-Garderoben-Moebel.jpg\" loading=\"lazy\" alt=\"\" class=\"imggallery-img\">\r\n        <\/div>\r\n      <div class=\"imggallery-thumb\">\r\n        <img decoding=\"async\" src=\"https:\/\/objektmobiliar.ch\/wp-content\/uploads\/2025\/07\/Umkleideraum-Personalraum-farbige-Spinde.jpg\" loading=\"lazy\" alt=\"\" class=\"imggallery-img\">\r\n        <\/div>\r\n    <\/div>\r\n    \r\n  <\/div>\r\n<\/section><\/div>\n\n<div class=\"lazyblock-produkt-slider-ozg-Qztyp wp-block-lazyblock-produkt-slider-ozg\"><section class=\"sct\">\r\n  <div class=\"cnt semi\">\r\n    <div class=\"intro-txt\">\r\n        <h2>Casiers astucieux &amp; combinaisons de casiers et de bancs<\/h2>\n<p>Pour ranger en toute s\u00e9curit\u00e9 des v\u00eatements, des objets priv\u00e9s, des articles d'hygi\u00e8ne, etc., nous vous proposons un grand choix de diff\u00e9rents mod\u00e8les de vestiaires. Ils sont configurables selon vos exigences. Vous choisissez les couleurs du corps et de la fa\u00e7ade, le nombre de portes et de compartiments ainsi que leur largeur, le syst\u00e8me de fermeture, l'\u00e9quipement en si\u00e8ges et en \u00e9tag\u00e8res et de nombreux autres d\u00e9tails. Nous nous ferons un plaisir de vous conseiller en d\u00e9tail sur toutes les possibilit\u00e9s.<\/p>\r\n    <\/div>\r\n    \r\n    <div class=\"elmnt-similar-products\">\r\n      <div class=\"similar-product\"><img decoding=\"async\" src=\"https:\/\/objektmobiliar.ch\/wp-content\/uploads\/2025\/07\/Doppelstock-Spind-Classic-PLUS-Bank-8-Faecher.jpg\" loading=\"eager\" alt=\"\" class=\"similar-product-img\">\r\n        <div class=\"center\">\r\n          <div class=\"w-richtext\">\r\n            <p>Vestiaire \u00e0 deux niveaux avec banc, 8 casiers<\/p>\r\n          <\/div>\r\n          \r\n        <\/div>\r\n      <\/div>\r\n      <div class=\"similar-product\"><img decoding=\"async\" src=\"https:\/\/objektmobiliar.ch\/wp-content\/uploads\/2025\/07\/Doppelstock-Spind-Classic-PLUS-4-Faecher-1.jpg\" loading=\"eager\" alt=\"\" class=\"similar-product-img\">\r\n        <div class=\"center\">\r\n          <div class=\"w-richtext\">\r\n            <p>Vestiaire \u00e0 deux \u00e9tages, 4 casiers<\/p>\r\n          <\/div>\r\n          \r\n        <\/div>\r\n      <\/div>\r\n      <div class=\"similar-product\"><img decoding=\"async\" src=\"https:\/\/objektmobiliar.ch\/wp-content\/uploads\/2025\/07\/Doppelstock-Spind-Evolo-PLUS-Gestell-6-Faecher.jpg\" loading=\"eager\" alt=\"\" class=\"similar-product-img\">\r\n        <div class=\"center\">\r\n          <div class=\"w-richtext\">\r\n            <p>Vestiaire \u00e0 deux \u00e9tages avec support, 6 casiers<\/p>\r\n          <\/div>\r\n          \r\n        <\/div>\r\n      <\/div>\r\n      <div class=\"similar-product\"><img decoding=\"async\" src=\"https:\/\/objektmobiliar.ch\/wp-content\/uploads\/2025\/07\/Spind-Classic-PLUS-Bank-schwebend-2-Abteile.jpg\" loading=\"eager\" alt=\"\" class=\"similar-product-img\">\r\n        <div class=\"center\">\r\n          <div class=\"w-richtext\">\r\n            <p>Vestiaire Classic, banc flottant, 2 compartiments<\/p>\r\n          <\/div>\r\n          \r\n        <\/div>\r\n      <\/div>\r\n      <div class=\"similar-product\"><img decoding=\"async\" src=\"https:\/\/objektmobiliar.ch\/wp-content\/uploads\/2025\/07\/Spind-Evolo-PLUS-2-Abteile.jpg\" loading=\"eager\" alt=\"\" class=\"similar-product-img\">\r\n        <div class=\"center\">\r\n          <div class=\"w-richtext\">\r\n            <p>Vestiaire classique, 2 compartiments<\/p>\r\n          <\/div>\r\n          \r\n        <\/div>\r\n      <\/div>\r\n      <div class=\"similar-product\"><img decoding=\"async\" src=\"https:\/\/objektmobiliar.ch\/wp-content\/uploads\/2025\/07\/Spind-Evolo-PLUS-Bank-2-Abteile.jpg\" loading=\"eager\" alt=\"\" class=\"similar-product-img\">\r\n        <div class=\"center\">\r\n          <div class=\"w-richtext\">\r\n            <p>Vestiaire avec banc, 2 compartiments<\/p>\r\n          <\/div>\r\n          \r\n        <\/div>\r\n      <\/div>\r\n      <div class=\"similar-product\"><img decoding=\"async\" src=\"https:\/\/objektmobiliar.ch\/wp-content\/uploads\/2025\/07\/Spind-Evolo-PLUS-Bank-1-Abteil.jpg\" loading=\"eager\" alt=\"\" class=\"similar-product-img\">\r\n        <div class=\"center\">\r\n          <div class=\"w-richtext\">\r\n            <p>Vestiaire \u00e9troit avec banc, 1 compartiment<\/p>\r\n          <\/div>\r\n          \r\n        <\/div>\r\n      <\/div>\r\n      <div class=\"similar-product\"><img decoding=\"async\" src=\"https:\/\/objektmobiliar.ch\/wp-content\/uploads\/2025\/07\/Spind-Evolo-PLUS-Gestell-1-Abteil.jpg\" loading=\"eager\" alt=\"\" class=\"similar-product-img\">\r\n        <div class=\"center\">\r\n          <div class=\"w-richtext\">\r\n            <p>Vestiaire \u00e9troit, b\u00e2ti, 1 compartiment avec paroi de s\u00e9paration<\/p>\r\n          <\/div>\r\n          \r\n        <\/div>\r\n      <\/div>\r\n      <div class=\"similar-product\"><img decoding=\"async\" src=\"https:\/\/objektmobiliar.ch\/wp-content\/uploads\/2025\/07\/Spind-Classic-PLUS-Bank-2-Abteile.jpg\" loading=\"eager\" alt=\"\" class=\"similar-product-img\">\r\n        <div class=\"center\">\r\n          <div class=\"w-richtext\">\r\n            <p>Vestiaire Z avec banc, 2 compartiments<\/p>\r\n          <\/div>\r\n          \r\n        <\/div>\r\n      <\/div>\r\n    <\/div>\r\n  <\/div>\r\n  \r\n  <div class=\"cnt narrow\">\r\n    <div class=\"similar-products-nav-pos\">\r\n      <div class=\"w-embed\">\r\n        \r\n      <\/div>\r\n    <\/div>\r\n  <\/div>\r\n<\/section><\/div>\n\n<div class=\"lazyblock-text-modul-ozg-Z2k4rpp wp-block-lazyblock-text-modul-ozg\"><section class=\"sct\">\r\n      <div class=\"cnt narrow\">\r\n        <div class=\"w-richtext\">\r\n            <h2>Conseil &amp; offre pour vos meubles de vestiaires<\/h2>\n<p>Vous souhaitez un conseil ou une offre pour l'\u00e9quipement de votre vestiaire ou de votre vestiaire personnel ? N'h\u00e9sitez pas \u00e0 nous contacter. Nous vous accompagnons dans votre projet, de la premi\u00e8re id\u00e9e \u00e0 la livraison de vos nouveaux meubles pour vestiaires et vestiaires.<\/p>\r\n        <\/div>\r\n            <div class=\"center\"><a onclick=\"splite_loader();\" class=\"btn\" >Contacter OZG<\/a><\/div>\r\n      <\/div>\r\n    <\/section><\/div>\n\n<div class=\"lazyblock-teaser-modul-ozg-9FLS7 wp-block-lazyblock-teaser-modul-ozg\"><section class=\"sct\">\r\n  <div class=\"cnt narrow\">\r\n    <div class=\"w-richtext\">\r\n        \r\n    <\/div>\r\n    <div class=\"box-pageteaser\">\r\n      \r\n      <a href=\"https:\/\/objektmobiliar.ch\/fr\/meubles\/personnel-et-mobilier-de-bureau\/chaise-longue-relax-nappy\/\" class=\"elmnt-pageteaser link w-inline-block\" style=\"background-color: \">\r\n        <div class=\"pageteaser-imgcnt\"><img decoding=\"async\" src=\"https:\/\/objektmobiliar.ch\/wp-content\/uploads\/2024\/05\/045_260A6885_komp.jpg\" loading=\"lazy\" alt=\"Concept de couleurs pour un \u00e9tablissement de soins avec le relax Nappy assorti\" class=\"pageteaser-img\"><\/div>\r\n        <div class=\"pageteaser-type\">\r\n          <div class=\"txt-pageteaser w-richtext\">\r\n            <h4>Chaise longue de relaxation Nappy<\/h4>\n<p>Les collaborateurs qui peuvent se reposer de temps en temps et qui se sentent bien sont plus concentr\u00e9s, plus efficaces et plus heureux au travail. C'est possible gr\u00e2ce \u00e0 Nappy...<\/p>\r\n          <\/div>\r\n        <\/div>\r\n        <div class=\"btn pageteaser\">En savoir plus<\/div><\/a>\r\n      <a href=\"https:\/\/objektmobiliar.ch\/fr\/meubles\/personnel-et-mobilier-de-bureau\/meubles-pour-bureaux\/\" class=\"elmnt-pageteaser link w-inline-block\" style=\"background-color: \">\r\n        <div class=\"pageteaser-imgcnt\"><img decoding=\"async\" src=\"https:\/\/objektmobiliar.ch\/wp-content\/uploads\/2025\/11\/Personalraeume-Bueroraeume-einrichten-mit-OZG.jpg\" loading=\"lazy\" alt=\"Am\u00e9nager-des-bureaux-du-personnel-avec-OZG\" class=\"pageteaser-img\"><\/div>\r\n        <div class=\"pageteaser-type\">\r\n          <div class=\"txt-pageteaser w-richtext\">\r\n            <h4>Meubles pour bureaux<\/h4>\n<p>Ob f\u00fcr B\u00fcros, Meetingr\u00e4ume oder Pause- und Aufenthaltsbereiche: Wir bieten viele verschiedene L\u00f6sungen und eine dynamische Herangehensweise an Ihr Projekt. So finden wir gemeinsam &#8230;<\/p>\r\n          <\/div>\r\n        <\/div>\r\n        <div class=\"btn pageteaser\">En savoir plus<\/div><\/a>\r\n      \r\n    <\/div>\r\n    <div class=\"center\">\r\n    <\/div>\r\n  <\/div>\r\n<\/section><\/div><style class=\"advgb-styles-renderer\">\r\n            .similar-products-nav li {\r\n              overflow: hidden;\r\n              margin: 0px !important;\r\n              flex-grow: 0 !important;\r\n              flex-shrink: 1 !important;\r\n              flex-basis: 12.5% !important;\r\n              border-style: solid;\r\n              border-width: 2px;\r\n              border-color: transparent;\r\n              border-radius: 8px;\r\n              transition-property: border-color;\r\n              transition-duration: 600ms;\r\n              transition-timing-function: ease;\r\n              cursor: pointer;\r\n            }\r\n            .similar-products-nav li.slick-active {\r\n              border-color: #dde7ef;\r\n            }\r\n            @media screen and (max-width:767px) {\r\n              .similar-products-nav li {\r\n                flex-basis: auto !important;\r\n                border-radius: 8px;\r\n                padding-top: 8px;\r\n                padding-right: 16px;\r\n                padding-bottom: 6px;\r\n                padding-left: 16px;\r\n              }\r\n              .similar-products-nav li.slick-active {\r\n                background-color: #dde7ef;\r\n                transition-property: background-color, border-color;\r\n                transition-duration: 600ms, 200ms;\r\n                transition-timing-function: ease, ease;\r\n                color: #426b8a;\r\n              }\r\n            }\r\n          \r\n            .similar-products-nav li {\r\n              overflow: hidden;\r\n              margin: 0px !important;\r\n              flex-grow: 0 !important;\r\n              flex-shrink: 1 !important;\r\n              flex-basis: 12.5% !important;\r\n              border-style: solid;\r\n              border-width: 2px;\r\n              border-color: transparent;\r\n              border-radius: 8px;\r\n              transition-property: border-color;\r\n              transition-duration: 600ms;\r\n              transition-timing-function: ease;\r\n              cursor: pointer;\r\n            }\r\n            .similar-products-nav li.slick-active {\r\n              border-color: #dde7ef;\r\n            }\r\n            @media screen and (max-width:767px) {\r\n              .similar-products-nav li {\r\n                flex-basis: auto !important;\r\n                border-radius: 8px;\r\n                padding-top: 8px;\r\n                padding-right: 16px;\r\n                padding-bottom: 6px;\r\n                padding-left: 16px;\r\n              }\r\n              .similar-products-nav li.slick-active {\r\n                background-color: #dde7ef;\r\n                transition-property: background-color, border-color;\r\n                transition-duration: 600ms, 200ms;\r\n                transition-timing-function: ease, ease;\r\n                color: #426b8a;\r\n              }\r\n            }\r\n          <\/style>","protected":false},"excerpt":{"rendered":"","protected":false},"author":4,"featured_media":0,"parent":0,"menu_order":0,"comment_status":"closed","ping_status":"closed","template":"","meta":{"advgb_blocks_editor_width":"","advgb_blocks_columns_visual_guide":"","footnotes":""},"class_list":["post-5427","page","type-page","status-publish","hentry"],"yoast_head":"<!-- This site is optimized with the Yoast SEO plugin v27.4 - https:\/\/yoast.com\/product\/yoast-seo-wordpress\/ -->\n<title>M\u00f6bel f\u00fcr Garderoben und Umkleiden - Objektmobiliar<\/title>\n<meta name=\"description\" content=\"Ob clevere Spinde oder praktische Sitzb\u00e4nke: Bei uns finden Sie die perfekten M\u00f6bel f\u00fcr Garderoben und Umkleiden in Ihrer Pflegeeinrichtung.\" \/>\n<meta name=\"robots\" content=\"index, follow, max-snippet:-1, max-image-preview:large, max-video-preview:-1\" \/>\n<link rel=\"canonical\" href=\"https:\/\/objektmobiliar.ch\/fr\/vestiaires-et-vestiaires\/\" \/>\n<meta property=\"og:locale\" content=\"fr_FR\" \/>\n<meta property=\"og:type\" content=\"article\" \/>\n<meta property=\"og:title\" content=\"M\u00f6bel f\u00fcr Garderoben und Umkleiden - Objektmobiliar\" \/>\n<meta property=\"og:description\" content=\"Ob clevere Spinde oder praktische Sitzb\u00e4nke: Bei uns finden Sie die perfekten M\u00f6bel f\u00fcr Garderoben und Umkleiden in Ihrer Pflegeeinrichtung.\" \/>\n<meta property=\"og:url\" content=\"https:\/\/objektmobiliar.ch\/fr\/vestiaires-et-vestiaires\/\" \/>\n<meta property=\"og:site_name\" content=\"OZG HEALTHCARE\" \/>\n<meta property=\"article:modified_time\" content=\"2025-11-23T10:58:30+00:00\" \/>\n<meta name=\"twitter:card\" content=\"summary_large_image\" \/>\n<meta name=\"twitter:label1\" content=\"Dur\u00e9e de lecture estim\u00e9e\" \/>\n\t<meta name=\"twitter:data1\" content=\"7 minutes\" \/>\n<script type=\"application\/ld+json\" class=\"yoast-schema-graph\">{\"@context\":\"https:\\\/\\\/schema.org\",\"@graph\":[{\"@type\":\"WebPage\",\"@id\":\"https:\\\/\\\/objektmobiliar.ch\\\/garderoben-und-umkleiden\\\/\",\"url\":\"https:\\\/\\\/objektmobiliar.ch\\\/garderoben-und-umkleiden\\\/\",\"name\":\"M\u00f6bel f\u00fcr Garderoben und Umkleiden - Objektmobiliar\",\"isPartOf\":{\"@id\":\"https:\\\/\\\/objektmobiliar.ch\\\/#website\"},\"datePublished\":\"2025-07-11T13:11:29+00:00\",\"dateModified\":\"2025-11-23T10:58:30+00:00\",\"description\":\"Ob clevere Spinde oder praktische Sitzb\u00e4nke: Bei uns finden Sie die perfekten M\u00f6bel f\u00fcr Garderoben und Umkleiden in Ihrer Pflegeeinrichtung.\",\"breadcrumb\":{\"@id\":\"https:\\\/\\\/objektmobiliar.ch\\\/garderoben-und-umkleiden\\\/#breadcrumb\"},\"inLanguage\":\"fr-FR\",\"potentialAction\":[{\"@type\":\"ReadAction\",\"target\":[\"https:\\\/\\\/objektmobiliar.ch\\\/garderoben-und-umkleiden\\\/\"]}]},{\"@type\":\"BreadcrumbList\",\"@id\":\"https:\\\/\\\/objektmobiliar.ch\\\/garderoben-und-umkleiden\\\/#breadcrumb\",\"itemListElement\":[{\"@type\":\"ListItem\",\"position\":1,\"name\":\"Startseite\",\"item\":\"https:\\\/\\\/objektmobiliar.ch\\\/\"},{\"@type\":\"ListItem\",\"position\":2,\"name\":\"Garderoben-M\u00f6bel\"}]},{\"@type\":\"WebSite\",\"@id\":\"https:\\\/\\\/objektmobiliar.ch\\\/#website\",\"url\":\"https:\\\/\\\/objektmobiliar.ch\\\/\",\"name\":\"OZG HEALTHCARE\",\"description\":\"Objektmobiliar f\u00fcr Pflege, B\u00fcro, Praxis &amp; Hotellerie\",\"potentialAction\":[{\"@type\":\"SearchAction\",\"target\":{\"@type\":\"EntryPoint\",\"urlTemplate\":\"https:\\\/\\\/objektmobiliar.ch\\\/?s={search_term_string}\"},\"query-input\":{\"@type\":\"PropertyValueSpecification\",\"valueRequired\":true,\"valueName\":\"search_term_string\"}}],\"inLanguage\":\"fr-FR\"}]}<\/script>\n<!-- \/ Yoast SEO plugin. -->","yoast_head_json":{"title":"Meubles pour vestiaires - Mobilier pour collectivit\u00e9s","description":"Qu'il s'agisse de casiers astucieux ou de bancs pratiques, vous trouverez chez nous les meubles parfaits pour les vestiaires et les vestiaires de votre \u00e9tablissement de soins.","robots":{"index":"index","follow":"follow","max-snippet":"max-snippet:-1","max-image-preview":"max-image-preview:large","max-video-preview":"max-video-preview:-1"},"canonical":"https:\/\/objektmobiliar.ch\/fr\/vestiaires-et-vestiaires\/","og_locale":"fr_FR","og_type":"article","og_title":"M\u00f6bel f\u00fcr Garderoben und Umkleiden - Objektmobiliar","og_description":"Ob clevere Spinde oder praktische Sitzb\u00e4nke: Bei uns finden Sie die perfekten M\u00f6bel f\u00fcr Garderoben und Umkleiden in Ihrer Pflegeeinrichtung.","og_url":"https:\/\/objektmobiliar.ch\/fr\/vestiaires-et-vestiaires\/","og_site_name":"OZG HEALTHCARE","article_modified_time":"2025-11-23T10:58:30+00:00","twitter_card":"summary_large_image","twitter_misc":{"Dur\u00e9e de lecture estim\u00e9e":"7 minutes"},"schema":{"@context":"https:\/\/schema.org","@graph":[{"@type":"WebPage","@id":"https:\/\/objektmobiliar.ch\/garderoben-und-umkleiden\/","url":"https:\/\/objektmobiliar.ch\/garderoben-und-umkleiden\/","name":"Meubles pour vestiaires - Mobilier pour collectivit\u00e9s","isPartOf":{"@id":"https:\/\/objektmobiliar.ch\/#website"},"datePublished":"2025-07-11T13:11:29+00:00","dateModified":"2025-11-23T10:58:30+00:00","description":"Qu'il s'agisse de casiers astucieux ou de bancs pratiques, vous trouverez chez nous les meubles parfaits pour les vestiaires et les vestiaires de votre \u00e9tablissement de soins.","breadcrumb":{"@id":"https:\/\/objektmobiliar.ch\/garderoben-und-umkleiden\/#breadcrumb"},"inLanguage":"fr-FR","potentialAction":[{"@type":"ReadAction","target":["https:\/\/objektmobiliar.ch\/garderoben-und-umkleiden\/"]}]},{"@type":"BreadcrumbList","@id":"https:\/\/objektmobiliar.ch\/garderoben-und-umkleiden\/#breadcrumb","itemListElement":[{"@type":"ListItem","position":1,"name":"Startseite","item":"https:\/\/objektmobiliar.ch\/"},{"@type":"ListItem","position":2,"name":"Garderoben-M\u00f6bel"}]},{"@type":"WebSite","@id":"https:\/\/objektmobiliar.ch\/#website","url":"https:\/\/objektmobiliar.ch\/","name":"OZG HEALTHCARE","description":"Mobilier de collectivit\u00e9 pour les soins, les bureaux, les cabinets m\u00e9dicaux et l'h\u00f4tellerie","potentialAction":[{"@type":"SearchAction","target":{"@type":"EntryPoint","urlTemplate":"https:\/\/objektmobiliar.ch\/?s={search_term_string}"},"query-input":{"@type":"PropertyValueSpecification","valueRequired":true,"valueName":"search_term_string"}}],"inLanguage":"fr-FR"}]}},"coauthors":[],"author_meta":{"author_link":"https:\/\/objektmobiliar.ch\/fr\/author\/isa-dahmen\/","display_name":"Isa Dahmen"},"relative_dates":{"created":"Publi\u00e9 9 mois il y a","modified":"Mis \u00e0 jour 5 mois il y a"},"absolute_dates":{"created":"Publi\u00e9 le juillet 11, 2025","modified":"Mise \u00e0 jour le novembre 23, 2025"},"absolute_dates_time":{"created":"Publi\u00e9 le juillet 11, 2025 1:11 pm","modified":"Mise \u00e0 jour le novembre 23, 2025 10:58 am"},"featured_img_caption":"","featured_img":false,"series_order":"","_links":{"self":[{"href":"https:\/\/objektmobiliar.ch\/fr\/wp-json\/wp\/v2\/pages\/5427","targetHints":{"allow":["GET"]}}],"collection":[{"href":"https:\/\/objektmobiliar.ch\/fr\/wp-json\/wp\/v2\/pages"}],"about":[{"href":"https:\/\/objektmobiliar.ch\/fr\/wp-json\/wp\/v2\/types\/page"}],"author":[{"embeddable":true,"href":"https:\/\/objektmobiliar.ch\/fr\/wp-json\/wp\/v2\/users\/4"}],"replies":[{"embeddable":true,"href":"https:\/\/objektmobiliar.ch\/fr\/wp-json\/wp\/v2\/comments?post=5427"}],"version-history":[{"count":31,"href":"https:\/\/objektmobiliar.ch\/fr\/wp-json\/wp\/v2\/pages\/5427\/revisions"}],"predecessor-version":[{"id":5744,"href":"https:\/\/objektmobiliar.ch\/fr\/wp-json\/wp\/v2\/pages\/5427\/revisions\/5744"}],"wp:attachment":[{"href":"https:\/\/objektmobiliar.ch\/fr\/wp-json\/wp\/v2\/media?parent=5427"}],"curies":[{"name":"wp","href":"https:\/\/api.w.org\/{rel}","templated":true}]}}