{"id":535,"date":"2023-10-15T01:04:38","date_gmt":"2023-10-15T01:04:38","guid":{"rendered":"https:\/\/dev.objektmobiliar.ch\/?page_id=535"},"modified":"2024-09-17T07:16:54","modified_gmt":"2024-09-17T07:16:54","slug":"fauteuil-au-design-retro","status":"publish","type":"page","link":"https:\/\/objektmobiliar.ch\/fr\/moebel\/pflegegerechte-polstermoebel\/polstersessel-in-retro-design\/","title":{"rendered":"Zara Fauteuil"},"content":{"rendered":"<div class=\"lazyblock-produkt-detail-ozg-2lh5IT wp-block-lazyblock-produkt-detail-ozg\"><section class=\"sct\">\r\n      <div class=\"cnt\">\r\n        <div class=\"elmnt-product-desc\">\r\n          <div class=\"product-desc-box\"><img decoding=\"async\" src=\"https:\/\/objektmobiliar.ch\/wp-content\/uploads\/2023\/10\/zara-sessel.jpg\" loading=\"lazy\" alt=\"\" class=\"product-desc-img\"><\/div>\r\n          <div class=\"product-desc-txt\">\r\n            <h1 class=\"txt-product-headline\">Fauteuil Zara<\/h1>\r\n            <h2 class=\"txt-product-subline\">Fauteuil rembourr\u00e9 au design r\u00e9tro<\/h2>\r\n            <div class=\"w-richtext\">\r\n              <p>ZARA est un fauteuil aux dimensions g\u00e9n\u00e9reuses, au design r\u00e9tro rustique, qui se distingue par ses \u00e9l\u00e9ments en bois tr\u00e8s particuliers. Les pieds en bois sur\u00e9lev\u00e9s de ce meuble rembourr\u00e9 se fondent directement dans les accoudoirs et donnent en m\u00eame temps son assise au dossier. Le rembourrage de l'assise et du dossier assure un confort d'assise agr\u00e9able.<\/p>\r\n            <\/div>\r\n            <a onclick=\"splite_loader();\" class=\"btn\">Demander un produit<\/a>\r\n          <\/div>\r\n        <\/div>\r\n      <\/div>\r\n    <\/section><\/div>\n\n<div class=\"lazyblock-produkt-slider-ozg-Z1Dyanh wp-block-lazyblock-produkt-slider-ozg\"><section class=\"sct\">\r\n  <div class=\"cnt semi\">\r\n    <div class=\"intro-txt\">\r\n        <h2>Mod\u00e8les et versions<\/h2>\r\n    <\/div>\r\n    \r\n    <div class=\"elmnt-similar-products\">\r\n      <div class=\"similar-product\"><img decoding=\"async\" src=\"https:\/\/objektmobiliar.ch\/wp-content\/uploads\/2023\/10\/zara-sessel.jpg\" loading=\"eager\" alt=\"Fauteuil rembourr\u00e9 au design r\u00e9tro\" class=\"similar-product-img\">\r\n        <div class=\"center\">\r\n          <div class=\"w-richtext\">\r\n            <p><strong>Fauteuil Zara<\/strong><br>Art. N\u00b0 220-0245\/S<\/p>\r\n          <\/div>\r\n          \r\n        <\/div>\r\n      <\/div>\r\n      <div class=\"similar-product\"><img decoding=\"async\" src=\"https:\/\/objektmobiliar.ch\/wp-content\/uploads\/2023\/10\/zara-sessel-rueckseite.jpg\" loading=\"eager\" alt=\"Fauteuil Zara dos\" class=\"similar-product-img\">\r\n        <div class=\"center\">\r\n          <div class=\"w-richtext\">\r\n            <p><strong>Fauteuil Zara<\/strong><br>avec un cadre en bois marquant et stable<\/p>\r\n          <\/div>\r\n          \r\n        <\/div>\r\n      <\/div>\r\n    <\/div>\r\n  <\/div>\r\n  \r\n  <div class=\"cnt narrow\">\r\n    <div class=\"similar-products-nav-pos\">\r\n      <div class=\"w-embed\">\r\n        \r\n      <\/div>\r\n    <\/div>\r\n  <\/div>\r\n<\/section><\/div>\n\n\n<div class=\"wp-block-group\"><div class=\"wp-block-group__inner-container is-layout-constrained wp-block-group-is-layout-constrained\"><section class=\"sct\">\r\n      <div class=\"cnt narrow\">\r\n        <div class=\"introtxt\">\r\n        <div class=\"w-richtext\">\r\n            <h2>Description du produit<\/h2>\r\n        <\/div>\r\n        <\/div>\r\n        \r\n          \n\n\n<figure class=\"wp-block-table is-style-regular\"><table><thead><tr><th>Art. No.<\/th><th>Description<\/th><\/tr><\/thead><tbody><tr><td>220-0245\/S<\/td><td>Fauteuil Zara<\/td><\/tr><\/tbody><\/table><\/figure>\n\n\n<\/div><\/section><\/div><\/div>\n\n\n<div class=\"lazyblock-text-modul-ozg-YGBLn wp-block-lazyblock-text-modul-ozg\"><section class=\"sct\">\r\n      <div class=\"cnt narrow\">\r\n        <div class=\"w-richtext\">\r\n            <h3>Le fauteuil rembourr\u00e9 au design r\u00e9tro pour les maisons de retraite<\/h3>\n<p>Le fauteuil rembourr\u00e9 ZARA impressionne par son design r\u00e9tro rustique qui s'int\u00e8gre parfaitement dans les \u00e9tablissements de soins. Les \u00e9l\u00e9ments en bois marqu\u00e9s, qui passent des pieds relev\u00e9s aux accoudoirs, conf\u00e8rent au fauteuil non seulement de la stabilit\u00e9, mais aussi un caract\u00e8re unique. Le dossier est \u00e9galement soutenu par ces \u00e9l\u00e9ments en bois, ce qui conf\u00e8re au meuble une robustesse suppl\u00e9mentaire. Les coutures apparentes du rembourrage soulignent le look r\u00e9tro et font de ce fauteuil rembourr\u00e9 un v\u00e9ritable accroche-regard.<\/p>\n<h3>Rembourrage confortable pour un confort d'assise optimal<\/h3>\n<p>Le fauteuil rembourr\u00e9 au design r\u00e9tro n'est pas seulement agr\u00e9able \u00e0 l'\u0153il, il offre \u00e9galement un grand confort d'assise. Le rembourrage g\u00e9n\u00e9reux de l'assise et du dossier permet aux r\u00e9sidents des maisons de soins de se sentir \u00e0 l'aise pendant une longue p\u00e9riode. Cela rend le fauteuil id\u00e9al pour les zones de s\u00e9jour ou les chambres personnelles.<\/p>\n<h3>Des mat\u00e9riaux de qualit\u00e9 et un choix de couleurs vari\u00e9<\/h3>\n<p>Pour le rembourrage, vous avez le choix entre diff\u00e9rents mat\u00e9riaux : des rev\u00eatements en microfibre faciles \u00e0 entretenir, du similicuir styl\u00e9 ou du cuir v\u00e9ritable noble. Tous les mat\u00e9riaux sont robustes, faciles \u00e0 nettoyer et donc id\u00e9aux pour le secteur des soins. La diversit\u00e9 des couleurs va des tons naturels discrets aux accents vifs, de sorte que le fauteuil rembourr\u00e9 ZARA s'int\u00e8gre sans probl\u00e8me dans tous les environnements. Les \u00e9l\u00e9ments en bois sont \u00e9galement disponibles dans diff\u00e9rentes teintes afin de s'int\u00e9grer harmonieusement dans l'environnement. Informations d\u00e9taill\u00e9es sur <a href=\"https:\/\/objektmobiliar.ch\/fr\/inspiration\/materiaux-et-couleurs\/\">Mat\u00e9riaux, couleurs et teintes<\/a> se trouvent sur notre site web. Faites appel \u00e0 notre expertise. Notre \u00e9quipe se fera un plaisir de vous conseiller et nous trouverons ensemble le design qui s'adapte parfaitement \u00e0 votre int\u00e9rieur.<\/p>\r\n        <\/div>\r\n      <\/div>\r\n    <\/section><\/div><style class=\"advgb-styles-renderer\">\r\n            .similar-products-nav li {\r\n              overflow: hidden;\r\n              margin: 0px !important;\r\n              flex-grow: 0 !important;\r\n              flex-shrink: 1 !important;\r\n              flex-basis: 12.5% !important;\r\n              border-style: solid;\r\n              border-width: 2px;\r\n              border-color: transparent;\r\n              border-radius: 8px;\r\n              transition-property: border-color;\r\n              transition-duration: 600ms;\r\n              transition-timing-function: ease;\r\n              cursor: pointer;\r\n            }\r\n            .similar-products-nav li.slick-active {\r\n              border-color: #dde7ef;\r\n            }\r\n            @media screen and (max-width:767px) {\r\n              .similar-products-nav li {\r\n                flex-basis: auto !important;\r\n                border-radius: 8px;\r\n                padding-top: 8px;\r\n                padding-right: 16px;\r\n                padding-bottom: 6px;\r\n                padding-left: 16px;\r\n              }\r\n              .similar-products-nav li.slick-active {\r\n                background-color: #dde7ef;\r\n                transition-property: background-color, border-color;\r\n                transition-duration: 600ms, 200ms;\r\n                transition-timing-function: ease, ease;\r\n                color: #426b8a;\r\n              }\r\n            }\r\n          <\/style>","protected":false},"excerpt":{"rendered":"<p>ZARA ist ein grossz\u00fcgig geschnittener Sessel in rustikalem Retro-Design, der durch seine ganz speziellen Holzelemente auff\u00e4llt. Die hochgezogenen Holzbeine des Polsterm\u00f6bels gehen direkt in die Armlehnen \u00fcber und geben gleichzeitig der R\u00fcckenlehne ihren Halt.<\/p>","protected":false},"author":2,"featured_media":536,"parent":220,"menu_order":0,"comment_status":"closed","ping_status":"closed","template":"","meta":{"advgb_blocks_editor_width":"","advgb_blocks_columns_visual_guide":"","footnotes":""},"class_list":["post-535","page","type-page","status-publish","has-post-thumbnail","hentry"],"yoast_head":"<!-- This site is optimized with the Yoast SEO plugin v27.4 - https:\/\/yoast.com\/product\/yoast-seo-wordpress\/ -->\n<title>Polstersessel in Retro-Design bei OZG<\/title>\n<meta name=\"description\" content=\"ZARA ist ein grossz\u00fcgig geschnittener Polstersessel in Retro-Design, der durch seine ganz speziellen Holzelemente auff\u00e4llt.\" \/>\n<meta name=\"robots\" content=\"index, follow, max-snippet:-1, max-image-preview:large, max-video-preview:-1\" \/>\n<link rel=\"canonical\" href=\"https:\/\/objektmobiliar.ch\/fr\/meubles\/meubles-rembourres-faciles-a-entretenir\/fauteuil-au-design-retro\/\" \/>\n<meta property=\"og:locale\" content=\"fr_FR\" \/>\n<meta property=\"og:type\" content=\"article\" \/>\n<meta property=\"og:title\" content=\"Polstersessel in Retro-Design bei OZG\" \/>\n<meta property=\"og:description\" content=\"ZARA ist ein grossz\u00fcgig geschnittener Polstersessel in Retro-Design, der durch seine ganz speziellen Holzelemente auff\u00e4llt.\" \/>\n<meta property=\"og:url\" content=\"https:\/\/objektmobiliar.ch\/fr\/meubles\/meubles-rembourres-faciles-a-entretenir\/fauteuil-au-design-retro\/\" \/>\n<meta property=\"og:site_name\" content=\"OZG HEALTHCARE\" \/>\n<meta property=\"article:modified_time\" content=\"2024-09-17T07:16:54+00:00\" \/>\n<meta property=\"og:image\" content=\"https:\/\/objektmobiliar.ch\/wp-content\/uploads\/2023\/10\/zara-sessel.jpg\" \/>\n\t<meta property=\"og:image:width\" content=\"1000\" \/>\n\t<meta property=\"og:image:height\" content=\"1000\" \/>\n\t<meta property=\"og:image:type\" content=\"image\/jpeg\" \/>\n<meta name=\"twitter:card\" content=\"summary_large_image\" \/>\n<meta name=\"twitter:label1\" content=\"Dur\u00e9e de lecture estim\u00e9e\" \/>\n\t<meta name=\"twitter:data1\" content=\"3 minutes\" \/>\n<script type=\"application\/ld+json\" class=\"yoast-schema-graph\">{\"@context\":\"https:\\\/\\\/schema.org\",\"@graph\":[{\"@type\":\"WebPage\",\"@id\":\"https:\\\/\\\/objektmobiliar.ch\\\/moebel\\\/pflegegerechte-polstermoebel\\\/polstersessel-in-retro-design\\\/\",\"url\":\"https:\\\/\\\/objektmobiliar.ch\\\/moebel\\\/pflegegerechte-polstermoebel\\\/polstersessel-in-retro-design\\\/\",\"name\":\"Polstersessel in Retro-Design bei OZG\",\"isPartOf\":{\"@id\":\"https:\\\/\\\/objektmobiliar.ch\\\/#website\"},\"primaryImageOfPage\":{\"@id\":\"https:\\\/\\\/objektmobiliar.ch\\\/moebel\\\/pflegegerechte-polstermoebel\\\/polstersessel-in-retro-design\\\/#primaryimage\"},\"image\":{\"@id\":\"https:\\\/\\\/objektmobiliar.ch\\\/moebel\\\/pflegegerechte-polstermoebel\\\/polstersessel-in-retro-design\\\/#primaryimage\"},\"thumbnailUrl\":\"https:\\\/\\\/objektmobiliar.ch\\\/wp-content\\\/uploads\\\/2023\\\/10\\\/zara-sessel.jpg\",\"datePublished\":\"2023-10-15T01:04:38+00:00\",\"dateModified\":\"2024-09-17T07:16:54+00:00\",\"description\":\"ZARA ist ein grossz\u00fcgig geschnittener Polstersessel in Retro-Design, der durch seine ganz speziellen Holzelemente auff\u00e4llt.\",\"breadcrumb\":{\"@id\":\"https:\\\/\\\/objektmobiliar.ch\\\/moebel\\\/pflegegerechte-polstermoebel\\\/polstersessel-in-retro-design\\\/#breadcrumb\"},\"inLanguage\":\"fr-FR\",\"potentialAction\":[{\"@type\":\"ReadAction\",\"target\":[\"https:\\\/\\\/objektmobiliar.ch\\\/moebel\\\/pflegegerechte-polstermoebel\\\/polstersessel-in-retro-design\\\/\"]}]},{\"@type\":\"ImageObject\",\"inLanguage\":\"fr-FR\",\"@id\":\"https:\\\/\\\/objektmobiliar.ch\\\/moebel\\\/pflegegerechte-polstermoebel\\\/polstersessel-in-retro-design\\\/#primaryimage\",\"url\":\"https:\\\/\\\/objektmobiliar.ch\\\/wp-content\\\/uploads\\\/2023\\\/10\\\/zara-sessel.jpg\",\"contentUrl\":\"https:\\\/\\\/objektmobiliar.ch\\\/wp-content\\\/uploads\\\/2023\\\/10\\\/zara-sessel.jpg\",\"width\":1000,\"height\":1000,\"caption\":\"Polstersessel in Retro-Design\"},{\"@type\":\"BreadcrumbList\",\"@id\":\"https:\\\/\\\/objektmobiliar.ch\\\/moebel\\\/pflegegerechte-polstermoebel\\\/polstersessel-in-retro-design\\\/#breadcrumb\",\"itemListElement\":[{\"@type\":\"ListItem\",\"position\":1,\"name\":\"Startseite\",\"item\":\"https:\\\/\\\/objektmobiliar.ch\\\/\"},{\"@type\":\"ListItem\",\"position\":2,\"name\":\"M\u00f6bel\",\"item\":\"https:\\\/\\\/objektmobiliar.ch\\\/moebel\\\/\"},{\"@type\":\"ListItem\",\"position\":3,\"name\":\"Polsterm\u00f6bel\",\"item\":\"https:\\\/\\\/objektmobiliar.ch\\\/moebel\\\/pflegegerechte-polstermoebel\\\/\"},{\"@type\":\"ListItem\",\"position\":4,\"name\":\"Zara Sessel\"}]},{\"@type\":\"WebSite\",\"@id\":\"https:\\\/\\\/objektmobiliar.ch\\\/#website\",\"url\":\"https:\\\/\\\/objektmobiliar.ch\\\/\",\"name\":\"OZG HEALTHCARE\",\"description\":\"Objektmobiliar f\u00fcr Pflege, B\u00fcro, Praxis &amp; Hotellerie\",\"potentialAction\":[{\"@type\":\"SearchAction\",\"target\":{\"@type\":\"EntryPoint\",\"urlTemplate\":\"https:\\\/\\\/objektmobiliar.ch\\\/?s={search_term_string}\"},\"query-input\":{\"@type\":\"PropertyValueSpecification\",\"valueRequired\":true,\"valueName\":\"search_term_string\"}}],\"inLanguage\":\"fr-FR\"}]}<\/script>\n<!-- \/ Yoast SEO plugin. -->","yoast_head_json":{"title":"Fauteuil rembourr\u00e9 au design r\u00e9tro chez OZG","description":"ZARA est un fauteuil rembourr\u00e9 aux dimensions g\u00e9n\u00e9reuses, au design r\u00e9tro, qui se distingue par ses \u00e9l\u00e9ments en bois tr\u00e8s particuliers.","robots":{"index":"index","follow":"follow","max-snippet":"max-snippet:-1","max-image-preview":"max-image-preview:large","max-video-preview":"max-video-preview:-1"},"canonical":"https:\/\/objektmobiliar.ch\/fr\/meubles\/meubles-rembourres-faciles-a-entretenir\/fauteuil-au-design-retro\/","og_locale":"fr_FR","og_type":"article","og_title":"Polstersessel in Retro-Design bei OZG","og_description":"ZARA ist ein grossz\u00fcgig geschnittener Polstersessel in Retro-Design, der durch seine ganz speziellen Holzelemente auff\u00e4llt.","og_url":"https:\/\/objektmobiliar.ch\/fr\/meubles\/meubles-rembourres-faciles-a-entretenir\/fauteuil-au-design-retro\/","og_site_name":"OZG HEALTHCARE","article_modified_time":"2024-09-17T07:16:54+00:00","og_image":[{"width":1000,"height":1000,"url":"https:\/\/objektmobiliar.ch\/wp-content\/uploads\/2023\/10\/zara-sessel.jpg","type":"image\/jpeg"}],"twitter_card":"summary_large_image","twitter_misc":{"Dur\u00e9e de lecture estim\u00e9e":"3 minutes"},"schema":{"@context":"https:\/\/schema.org","@graph":[{"@type":"WebPage","@id":"https:\/\/objektmobiliar.ch\/moebel\/pflegegerechte-polstermoebel\/polstersessel-in-retro-design\/","url":"https:\/\/objektmobiliar.ch\/moebel\/pflegegerechte-polstermoebel\/polstersessel-in-retro-design\/","name":"Fauteuil rembourr\u00e9 au design r\u00e9tro chez OZG","isPartOf":{"@id":"https:\/\/objektmobiliar.ch\/#website"},"primaryImageOfPage":{"@id":"https:\/\/objektmobiliar.ch\/moebel\/pflegegerechte-polstermoebel\/polstersessel-in-retro-design\/#primaryimage"},"image":{"@id":"https:\/\/objektmobiliar.ch\/moebel\/pflegegerechte-polstermoebel\/polstersessel-in-retro-design\/#primaryimage"},"thumbnailUrl":"https:\/\/objektmobiliar.ch\/wp-content\/uploads\/2023\/10\/zara-sessel.jpg","datePublished":"2023-10-15T01:04:38+00:00","dateModified":"2024-09-17T07:16:54+00:00","description":"ZARA est un fauteuil rembourr\u00e9 aux dimensions g\u00e9n\u00e9reuses, au design r\u00e9tro, qui se distingue par ses \u00e9l\u00e9ments en bois tr\u00e8s particuliers.","breadcrumb":{"@id":"https:\/\/objektmobiliar.ch\/moebel\/pflegegerechte-polstermoebel\/polstersessel-in-retro-design\/#breadcrumb"},"inLanguage":"fr-FR","potentialAction":[{"@type":"ReadAction","target":["https:\/\/objektmobiliar.ch\/moebel\/pflegegerechte-polstermoebel\/polstersessel-in-retro-design\/"]}]},{"@type":"ImageObject","inLanguage":"fr-FR","@id":"https:\/\/objektmobiliar.ch\/moebel\/pflegegerechte-polstermoebel\/polstersessel-in-retro-design\/#primaryimage","url":"https:\/\/objektmobiliar.ch\/wp-content\/uploads\/2023\/10\/zara-sessel.jpg","contentUrl":"https:\/\/objektmobiliar.ch\/wp-content\/uploads\/2023\/10\/zara-sessel.jpg","width":1000,"height":1000,"caption":"Polstersessel in Retro-Design"},{"@type":"BreadcrumbList","@id":"https:\/\/objektmobiliar.ch\/moebel\/pflegegerechte-polstermoebel\/polstersessel-in-retro-design\/#breadcrumb","itemListElement":[{"@type":"ListItem","position":1,"name":"Startseite","item":"https:\/\/objektmobiliar.ch\/"},{"@type":"ListItem","position":2,"name":"M\u00f6bel","item":"https:\/\/objektmobiliar.ch\/moebel\/"},{"@type":"ListItem","position":3,"name":"Polsterm\u00f6bel","item":"https:\/\/objektmobiliar.ch\/moebel\/pflegegerechte-polstermoebel\/"},{"@type":"ListItem","position":4,"name":"Zara Sessel"}]},{"@type":"WebSite","@id":"https:\/\/objektmobiliar.ch\/#website","url":"https:\/\/objektmobiliar.ch\/","name":"OZG HEALTHCARE","description":"Mobilier de collectivit\u00e9 pour les soins, les bureaux, les cabinets m\u00e9dicaux et l'h\u00f4tellerie","potentialAction":[{"@type":"SearchAction","target":{"@type":"EntryPoint","urlTemplate":"https:\/\/objektmobiliar.ch\/?s={search_term_string}"},"query-input":{"@type":"PropertyValueSpecification","valueRequired":true,"valueName":"search_term_string"}}],"inLanguage":"fr-FR"}]}},"coauthors":[],"author_meta":{"author_link":"https:\/\/objektmobiliar.ch\/fr\/author\/alex\/","display_name":"Alex"},"relative_dates":{"created":"Publi\u00e9 3 ans il y a","modified":"Mis \u00e0 jour 2 ans il y a"},"absolute_dates":{"created":"Publi\u00e9 le octobre 15, 2023","modified":"Mise \u00e0 jour le septembre 17, 2024"},"absolute_dates_time":{"created":"Publi\u00e9 le octobre 15, 2023 1:04 am","modified":"Mise \u00e0 jour le septembre 17, 2024 7:16 am"},"featured_img_caption":"","featured_img":"https:\/\/objektmobiliar.ch\/wp-content\/uploads\/2023\/10\/zara-sessel-825x510.jpg","series_order":"","_links":{"self":[{"href":"https:\/\/objektmobiliar.ch\/fr\/wp-json\/wp\/v2\/pages\/535","targetHints":{"allow":["GET"]}}],"collection":[{"href":"https:\/\/objektmobiliar.ch\/fr\/wp-json\/wp\/v2\/pages"}],"about":[{"href":"https:\/\/objektmobiliar.ch\/fr\/wp-json\/wp\/v2\/types\/page"}],"author":[{"embeddable":true,"href":"https:\/\/objektmobiliar.ch\/fr\/wp-json\/wp\/v2\/users\/2"}],"replies":[{"embeddable":true,"href":"https:\/\/objektmobiliar.ch\/fr\/wp-json\/wp\/v2\/comments?post=535"}],"version-history":[{"count":18,"href":"https:\/\/objektmobiliar.ch\/fr\/wp-json\/wp\/v2\/pages\/535\/revisions"}],"predecessor-version":[{"id":4563,"href":"https:\/\/objektmobiliar.ch\/fr\/wp-json\/wp\/v2\/pages\/535\/revisions\/4563"}],"up":[{"embeddable":true,"href":"https:\/\/objektmobiliar.ch\/fr\/wp-json\/wp\/v2\/pages\/220"}],"wp:featuredmedia":[{"embeddable":true,"href":"https:\/\/objektmobiliar.ch\/fr\/wp-json\/wp\/v2\/media\/536"}],"wp:attachment":[{"href":"https:\/\/objektmobiliar.ch\/fr\/wp-json\/wp\/v2\/media?parent=535"}],"curies":[{"name":"wp","href":"https:\/\/api.w.org\/{rel}","templated":true}]}}