{"id":5341,"date":"2025-06-10T15:48:46","date_gmt":"2025-06-10T15:48:46","guid":{"rendered":"https:\/\/objektmobiliar.ch\/?page_id=5341"},"modified":"2025-07-03T09:32:07","modified_gmt":"2025-07-03T09:32:07","slug":"reference-viva-luzern-eichhof","status":"publish","type":"page","link":"https:\/\/objektmobiliar.ch\/fr\/referenzen\/referenz-viva-luzern-eichhof\/","title":{"rendered":"R\u00e9f\u00e9rence Viva Luzern Eichhof"},"content":{"rendered":"<div class=\"lazyblock-bildslider-fullsize-ozg-Zxs8Tp wp-block-lazyblock-bildslider-fullsize-ozg\"><section class=\"sct nopadding\">\r\n      <div data-delay=\"9000\" data-animation=\"fade\" class=\"elmnt-homeslider w-slider\" data-autoplay=\"true\" data-easing=\"linear\" data-hide-arrows=\"false\" data-disable-swipe=\"true\" data-autoplay-limit=\"0\" data-nav-spacing=\"3\" data-duration=\"2000\" data-infinite=\"true\">\r\n        \r\n      <div class=\"visual-homeslider\" ><\/div>\r\n        \r\n       <div class=\"w-slider-mask\">\r\n          <div class=\"homeslider-slide w-slide\">\r\n            <div class=\"homeslider-img\"><img decoding=\"async\" src=\"https:\/\/objektmobiliar.ch\/wp-content\/uploads\/2025\/06\/Referenz-Viva-Luzern-Eichhof.jpg\" loading=\"eager\" alt=\"\"><\/div>\r\n          <\/div>\r\n        <\/div>\r\n        <div class=\"hidden w-slider-arrow-left\">\r\n          <div class=\"w-icon-slider-left\"><\/div>\r\n        <\/div>\r\n        <div class=\"hidden w-slider-arrow-right\">\r\n          <div class=\"w-icon-slider-right\"><\/div>\r\n        <\/div>\r\n        <div class=\"hidden w-slider-nav\"><\/div>\r\n      <\/div>\r\n    <\/section><\/div>\n\n<div class=\"lazyblock-text-modul-ozg-dKMf2 wp-block-lazyblock-text-modul-ozg\"><section class=\"sct\">\r\n      <div class=\"cnt narrow\">\r\n        <div class=\"w-richtext\">\r\n            <h1>Objektmobiliar Referenz Viva Luzern Eichhof<\/h1>\n<p>Umgeben von einem weitl\u00e4ufigen Park mit Blumen und einem Kleintierzoo f\u00fcgt sich unsere Referenz Viva Luzern Eichhof wunderbar in das gem\u00fctliche Luzerner Wohnquartier Eichhof ein. Das Angebot umfasst 158 Pl\u00e4tze in Einzel- und Zweibettzimmer sowie Appartements verteilt auf die zwei H\u00e4user Saphir und Rubin. Die Fotos auf dieser Seite zeigen das neu eingerichtete Foyer im Haus Rubin.<\/p>\n<p>Hier wurde unter Mitwirkung einer Innenarchitektin ein stimmiges Raum- und Farbkonzept umgesetzt, in das sich unsere Objektm\u00f6bel perfekt einpassen. Die verschiedenen Sitzgruppen bilden einen modernen Blickfang direkt im Eingangsbereich und bieten gleichzeitig gem\u00fctliche Sitzgelegenheiten f\u00fcr Bewohner und Bewohnerinnen sowie deren G\u00e4ste.<\/p>\n<div style=\"width: 1920px;\" class=\"wp-video\"><video class=\"wp-video-shortcode\" id=\"video-5341-1\" width=\"1920\" height=\"1080\" poster=\"https:\/\/objektmobiliar.ch\/wp-content\/uploads\/2025\/06\/Video-von-Referenz-Viva-Luzern-Eichhof.png\" preload=\"metadata\" controls=\"controls\"><source type=\"video\/mp4\" src=\"https:\/\/objektmobiliar.ch\/wp-content\/uploads\/2025\/06\/OZG-Referenz-Vivaluzern-Eichhof-2k.mp4?_=1\" \/><a href=\"https:\/\/objektmobiliar.ch\/wp-content\/uploads\/2025\/06\/OZG-Referenz-Vivaluzern-Eichhof-2k.mp4\">https:\/\/objektmobiliar.ch\/wp-content\/uploads\/2025\/06\/OZG-Referenz-Vivaluzern-Eichhof-2k.mp4<\/a><\/video><\/div>\r\n        <\/div>\r\n            <div class=\"center\"><a onclick=\"splite_loader();\" class=\"btn\" >Beratung anfragen<\/a><\/div>\r\n      <\/div>\r\n    <\/section><\/div>\n\n<div class=\"lazyblock-text-modul-ozg-Z203zu6 wp-block-lazyblock-text-modul-ozg\"><section class=\"sct\">\r\n      <div class=\"cnt narrow\">\r\n        <div class=\"w-richtext\">\r\n            <h2>M\u00f6bel von OZG im Viva Luzern Eichhof<\/h2>\n<p>Im Foyer des Haus Rubin im Viva Luzern Eichhof finden Sie folgendes Objektmobiliar von OZG:<\/p>\n<ul>\n<li><a href=\"https:\/\/objektmobiliar.ch\/moebel\/pflegegerechte-polstermoebel\/komfortabler-sessel-berna\/\" target=\"_blank\" rel=\"noopener\"><strong>Sessel Berna<\/strong><\/a> vollumpolstert, Kunstleder in Terracotta und Braun-T\u00f6nen, F\u00fcsse aus Esche gebeizt<\/li>\n<li><a href=\"https:\/\/objektmobiliar.ch\/moebel\/pflegegerechte-polstermoebel\/komfortabler-sessel-berna\/\" target=\"_blank\" rel=\"noopener\"><strong>Ohrensessel Berna<\/strong><\/a> vollumpolstert, Kunstleder in Terracotta, F\u00fcsse aus Esche, gebeizt passend zu Eiche, Sitzkissen herausnehmbar<\/li>\n<li><a href=\"https:\/\/objektmobiliar.ch\/moebel\/pflegegerechte-tische\/couchtisch-fuer-pflegeheime\/\" target=\"_blank\" rel=\"noopener\"><strong>Couchtisch Tulipano<\/strong><\/a> rund \u00d8 60 cm, aus Eiche massiv, Holz naturlackiert<\/li>\n<li><a href=\"https:\/\/objektmobiliar.ch\/moebel\/pflegegerechte-stuehle\/stuehle-fuer-altersheime\/\" target=\"_blank\" rel=\"noopener\"><strong>Stuhl Paloma 8<\/strong><\/a> mit Armlehnen und R\u00fcckengriffleiste, Komfortsitz und R\u00fccken vollumpolstert, Bezug Kunstleder, Rahmen Eiche naturlackiert<\/li>\n<li><a href=\"https:\/\/objektmobiliar.ch\/moebel\/pflegegerechte-tische\/mittelsaeulentisch-fuer-pflegeeinrichtungen\/\" target=\"_blank\" rel=\"noopener\"><strong>Mittels\u00e4ulentisch Mara<\/strong><\/a>, 80&#215;80 cm, Tischplatte Eiche naturlackiert, Tischs\u00e4ule und Bodenplatte Metall in Schwarz<\/li>\n<li><strong>Sitzbank massgefertigt<\/strong>, rund, gepolstert, Kunstleder, Farbe Terracotta<\/li>\n<\/ul>\r\n        <\/div>\r\n      <\/div>\r\n    <\/section><\/div>\n\n<div class=\"lazyblock-bildergalerie-lightbox-ozg-ZCBliA wp-block-lazyblock-bildergalerie-lightbox-ozg\"><section class=\"sct\">\r\n  <div class=\"cnt semi\">\r\n    <div class=\"introtxt\">\r\n    <div class=\"w-richtext\">\r\n        <h2>Bildergalerie Objektm\u00f6bel im Viva Luzern Eichhof<\/h2>\r\n    <\/div>\r\n    <\/div>\r\n  \r\n    <div class=\"elmnt-imggallery\">\r\n      <a href=\"#\" class=\"imggallery-link w-inline-block w-lightbox\">\r\n        <img decoding=\"async\" src=\"https:\/\/objektmobiliar.ch\/wp-content\/uploads\/2025\/06\/Objektmoebel-Foyer-Viva-Luzern-Eichhof-2.jpg\" loading=\"lazy\" alt=\"\" class=\"imggallery-img\">\r\n        <script type=\"application\/json\" class=\"w-json\">\r\n            {\r\n              \"items\": [{\r\n\r\n                \"url\": \"https:\/\/objektmobiliar.ch\/wp-content\/uploads\/2025\/06\/Objektmoebel-Foyer-Viva-Luzern-Eichhof-2.jpg\",\r\n                \"caption\": \"\",\r\n                \"type\": \"image\"\r\n              }],\r\n              \"group\": \"\"\r\n            }\r\n          <\/script>\r\n      <\/a>\r\n      <a href=\"#\" class=\"imggallery-link w-inline-block w-lightbox\">\r\n        <img decoding=\"async\" src=\"https:\/\/objektmobiliar.ch\/wp-content\/uploads\/2025\/06\/Objektmoebel-Foyer-Viva-Luzern-Eichhof-1.jpg\" loading=\"lazy\" alt=\"\" class=\"imggallery-img\">\r\n        <script type=\"application\/json\" class=\"w-json\">\r\n            {\r\n              \"items\": [{\r\n\r\n                \"url\": \"https:\/\/objektmobiliar.ch\/wp-content\/uploads\/2025\/06\/Objektmoebel-Foyer-Viva-Luzern-Eichhof-1.jpg\",\r\n                \"caption\": \"\",\r\n                \"type\": \"image\"\r\n              }],\r\n              \"group\": \"\"\r\n            }\r\n          <\/script>\r\n      <\/a>\r\n      <a href=\"#\" class=\"imggallery-link w-inline-block w-lightbox\">\r\n        <img decoding=\"async\" src=\"https:\/\/objektmobiliar.ch\/wp-content\/uploads\/2025\/06\/Objektmoebel-Foyer-Viva-Luzern-Eichhof-6.jpg\" loading=\"lazy\" alt=\"\" class=\"imggallery-img\">\r\n        <script type=\"application\/json\" class=\"w-json\">\r\n            {\r\n              \"items\": [{\r\n\r\n                \"url\": \"https:\/\/objektmobiliar.ch\/wp-content\/uploads\/2025\/06\/Objektmoebel-Foyer-Viva-Luzern-Eichhof-6.jpg\",\r\n                \"caption\": \"\",\r\n                \"type\": \"image\"\r\n              }],\r\n              \"group\": \"\"\r\n            }\r\n          <\/script>\r\n      <\/a>\r\n      <a href=\"#\" class=\"imggallery-link w-inline-block w-lightbox\">\r\n        <img decoding=\"async\" src=\"https:\/\/objektmobiliar.ch\/wp-content\/uploads\/2025\/06\/Objektmoebel-Foyer-Viva-Luzern-Eichhof-5.jpg\" loading=\"lazy\" alt=\"\" class=\"imggallery-img\">\r\n        <script type=\"application\/json\" class=\"w-json\">\r\n            {\r\n              \"items\": [{\r\n\r\n                \"url\": \"https:\/\/objektmobiliar.ch\/wp-content\/uploads\/2025\/06\/Objektmoebel-Foyer-Viva-Luzern-Eichhof-5.jpg\",\r\n                \"caption\": \"\",\r\n                \"type\": \"image\"\r\n              }],\r\n              \"group\": \"\"\r\n            }\r\n          <\/script>\r\n      <\/a>\r\n      <a href=\"#\" class=\"imggallery-link w-inline-block w-lightbox\">\r\n        <img decoding=\"async\" src=\"https:\/\/objektmobiliar.ch\/wp-content\/uploads\/2025\/06\/Objektmoebel-Foyer-Viva-Luzern-Eichhof-4.jpg\" loading=\"lazy\" alt=\"\" class=\"imggallery-img\">\r\n        <script type=\"application\/json\" class=\"w-json\">\r\n            {\r\n              \"items\": [{\r\n\r\n                \"url\": \"https:\/\/objektmobiliar.ch\/wp-content\/uploads\/2025\/06\/Objektmoebel-Foyer-Viva-Luzern-Eichhof-4.jpg\",\r\n                \"caption\": \"\",\r\n                \"type\": \"image\"\r\n              }],\r\n              \"group\": \"\"\r\n            }\r\n          <\/script>\r\n      <\/a>\r\n      <a href=\"#\" class=\"imggallery-link w-inline-block w-lightbox\">\r\n        <img decoding=\"async\" src=\"https:\/\/objektmobiliar.ch\/wp-content\/uploads\/2025\/06\/Objektmoebel-Foyer-Viva-Luzern-Eichhof-3.jpg\" loading=\"lazy\" alt=\"\" class=\"imggallery-img\">\r\n        <script type=\"application\/json\" class=\"w-json\">\r\n            {\r\n              \"items\": [{\r\n\r\n                \"url\": \"https:\/\/objektmobiliar.ch\/wp-content\/uploads\/2025\/06\/Objektmoebel-Foyer-Viva-Luzern-Eichhof-3.jpg\",\r\n                \"caption\": \"\",\r\n                \"type\": \"image\"\r\n              }],\r\n              \"group\": \"\"\r\n            }\r\n          <\/script>\r\n      <\/a>\r\n    <\/div>\r\n    \r\n  <\/div>\r\n<\/section><\/div>\n\n<div class=\"lazyblock-text-modul-ozg-ZIYlME wp-block-lazyblock-text-modul-ozg\"><section class=\"sct\">\r\n      <div class=\"cnt narrow\">\r\n        <div class=\"w-richtext\">\r\n            <h3 id=\"kontaktieren-sie-uns\" style=\"text-align: center;\">Kontaktieren Sie uns:<\/h3>\n<p style=\"text-align: center;\">Sie haben Interesse an unseren M\u00f6beln und Einrichtungskonzepten?<br \/>Kontaktieren Sie uns jederzeit \u00fcber das Formular auf dieser Seite, unter info@ozg.ch oder 044 576 02 10.<\/p>\r\n        <\/div>\r\n            <div class=\"center\"><a onclick=\"splite_loader();\" class=\"btn\" >OZG kontaktieren<\/a><\/div>\r\n      <\/div>\r\n    <\/section><\/div>","protected":false},"excerpt":{"rendered":"","protected":false},"author":4,"featured_media":0,"parent":1035,"menu_order":0,"comment_status":"closed","ping_status":"closed","template":"","meta":{"advgb_blocks_editor_width":"","advgb_blocks_columns_visual_guide":"","footnotes":""},"class_list":["post-5341","page","type-page","status-publish","hentry"],"yoast_head":"<!-- This site is optimized with the Yoast SEO plugin v27.4 - https:\/\/yoast.com\/product\/yoast-seo-wordpress\/ -->\n<title>Referenz Viva Luzern Eichhof - OZG Objektmobiliar<\/title>\n<meta name=\"description\" content=\"Referenz: Im Viva Luzern Eichhof wurde ein stimmiges Farb- und Raumkonzept umgesetzt, in dass sich unsere Objektm\u00f6bel perfekt einpassen.\" \/>\n<meta name=\"robots\" content=\"index, follow, max-snippet:-1, max-image-preview:large, max-video-preview:-1\" \/>\n<link rel=\"canonical\" href=\"https:\/\/objektmobiliar.ch\/fr\/references\/reference-viva-luzern-eichhof\/\" \/>\n<meta property=\"og:locale\" content=\"fr_FR\" \/>\n<meta property=\"og:type\" content=\"article\" \/>\n<meta property=\"og:title\" content=\"Referenz Viva Luzern Eichhof - OZG Objektmobiliar\" \/>\n<meta property=\"og:description\" content=\"Referenz: Im Viva Luzern Eichhof wurde ein stimmiges Farb- und Raumkonzept umgesetzt, in dass sich unsere Objektm\u00f6bel perfekt einpassen.\" \/>\n<meta property=\"og:url\" content=\"https:\/\/objektmobiliar.ch\/fr\/references\/reference-viva-luzern-eichhof\/\" \/>\n<meta property=\"og:site_name\" content=\"OZG HEALTHCARE\" \/>\n<meta property=\"article:modified_time\" content=\"2025-07-03T09:32:07+00:00\" \/>\n<meta name=\"twitter:card\" content=\"summary_large_image\" \/>\n<meta name=\"twitter:label1\" content=\"Dur\u00e9e de lecture estim\u00e9e\" \/>\n\t<meta name=\"twitter:data1\" content=\"3 minutes\" \/>\n<script type=\"application\/ld+json\" class=\"yoast-schema-graph\">{\"@context\":\"https:\\\/\\\/schema.org\",\"@graph\":[{\"@type\":\"WebPage\",\"@id\":\"https:\\\/\\\/objektmobiliar.ch\\\/referenzen\\\/referenz-viva-luzern-eichhof\\\/\",\"url\":\"https:\\\/\\\/objektmobiliar.ch\\\/referenzen\\\/referenz-viva-luzern-eichhof\\\/\",\"name\":\"Referenz Viva Luzern Eichhof - OZG Objektmobiliar\",\"isPartOf\":{\"@id\":\"https:\\\/\\\/objektmobiliar.ch\\\/#website\"},\"datePublished\":\"2025-06-10T15:48:46+00:00\",\"dateModified\":\"2025-07-03T09:32:07+00:00\",\"description\":\"Referenz: Im Viva Luzern Eichhof wurde ein stimmiges Farb- und Raumkonzept umgesetzt, in dass sich unsere Objektm\u00f6bel perfekt einpassen.\",\"breadcrumb\":{\"@id\":\"https:\\\/\\\/objektmobiliar.ch\\\/referenzen\\\/referenz-viva-luzern-eichhof\\\/#breadcrumb\"},\"inLanguage\":\"fr-FR\",\"potentialAction\":[{\"@type\":\"ReadAction\",\"target\":[\"https:\\\/\\\/objektmobiliar.ch\\\/referenzen\\\/referenz-viva-luzern-eichhof\\\/\"]}]},{\"@type\":\"BreadcrumbList\",\"@id\":\"https:\\\/\\\/objektmobiliar.ch\\\/referenzen\\\/referenz-viva-luzern-eichhof\\\/#breadcrumb\",\"itemListElement\":[{\"@type\":\"ListItem\",\"position\":1,\"name\":\"Startseite\",\"item\":\"https:\\\/\\\/objektmobiliar.ch\\\/\"},{\"@type\":\"ListItem\",\"position\":2,\"name\":\"Referenzen\",\"item\":\"https:\\\/\\\/objektmobiliar.ch\\\/referenzen\\\/\"},{\"@type\":\"ListItem\",\"position\":3,\"name\":\"Referenz Viva Luzern Eichhof\"}]},{\"@type\":\"WebSite\",\"@id\":\"https:\\\/\\\/objektmobiliar.ch\\\/#website\",\"url\":\"https:\\\/\\\/objektmobiliar.ch\\\/\",\"name\":\"OZG HEALTHCARE\",\"description\":\"Objektmobiliar f\u00fcr Pflege, B\u00fcro, Praxis &amp; Hotellerie\",\"potentialAction\":[{\"@type\":\"SearchAction\",\"target\":{\"@type\":\"EntryPoint\",\"urlTemplate\":\"https:\\\/\\\/objektmobiliar.ch\\\/?s={search_term_string}\"},\"query-input\":{\"@type\":\"PropertyValueSpecification\",\"valueRequired\":true,\"valueName\":\"search_term_string\"}}],\"inLanguage\":\"fr-FR\"}]}<\/script>\n<!-- \/ Yoast SEO plugin. -->","yoast_head_json":{"title":"R\u00e9f\u00e9rence Viva Luzern Eichhof - OZG Objektmobiliar","description":"R\u00e9f\u00e9rence : Au Viva Luzern Eichhof, un concept de couleurs et d'espace coh\u00e9rent a \u00e9t\u00e9 mis en \u0153uvre, dans lequel nos meubles de collectivit\u00e9 s'int\u00e8grent parfaitement.","robots":{"index":"index","follow":"follow","max-snippet":"max-snippet:-1","max-image-preview":"max-image-preview:large","max-video-preview":"max-video-preview:-1"},"canonical":"https:\/\/objektmobiliar.ch\/fr\/references\/reference-viva-luzern-eichhof\/","og_locale":"fr_FR","og_type":"article","og_title":"Referenz Viva Luzern Eichhof - OZG Objektmobiliar","og_description":"Referenz: Im Viva Luzern Eichhof wurde ein stimmiges Farb- und Raumkonzept umgesetzt, in dass sich unsere Objektm\u00f6bel perfekt einpassen.","og_url":"https:\/\/objektmobiliar.ch\/fr\/references\/reference-viva-luzern-eichhof\/","og_site_name":"OZG HEALTHCARE","article_modified_time":"2025-07-03T09:32:07+00:00","twitter_card":"summary_large_image","twitter_misc":{"Dur\u00e9e de lecture estim\u00e9e":"3 minutes"},"schema":{"@context":"https:\/\/schema.org","@graph":[{"@type":"WebPage","@id":"https:\/\/objektmobiliar.ch\/referenzen\/referenz-viva-luzern-eichhof\/","url":"https:\/\/objektmobiliar.ch\/referenzen\/referenz-viva-luzern-eichhof\/","name":"R\u00e9f\u00e9rence Viva Luzern Eichhof - OZG Objektmobiliar","isPartOf":{"@id":"https:\/\/objektmobiliar.ch\/#website"},"datePublished":"2025-06-10T15:48:46+00:00","dateModified":"2025-07-03T09:32:07+00:00","description":"R\u00e9f\u00e9rence : Au Viva Luzern Eichhof, un concept de couleurs et d'espace coh\u00e9rent a \u00e9t\u00e9 mis en \u0153uvre, dans lequel nos meubles de collectivit\u00e9 s'int\u00e8grent parfaitement.","breadcrumb":{"@id":"https:\/\/objektmobiliar.ch\/referenzen\/referenz-viva-luzern-eichhof\/#breadcrumb"},"inLanguage":"fr-FR","potentialAction":[{"@type":"ReadAction","target":["https:\/\/objektmobiliar.ch\/referenzen\/referenz-viva-luzern-eichhof\/"]}]},{"@type":"BreadcrumbList","@id":"https:\/\/objektmobiliar.ch\/referenzen\/referenz-viva-luzern-eichhof\/#breadcrumb","itemListElement":[{"@type":"ListItem","position":1,"name":"Startseite","item":"https:\/\/objektmobiliar.ch\/"},{"@type":"ListItem","position":2,"name":"Referenzen","item":"https:\/\/objektmobiliar.ch\/referenzen\/"},{"@type":"ListItem","position":3,"name":"Referenz Viva Luzern Eichhof"}]},{"@type":"WebSite","@id":"https:\/\/objektmobiliar.ch\/#website","url":"https:\/\/objektmobiliar.ch\/","name":"OZG HEALTHCARE","description":"Mobilier de collectivit\u00e9 pour les soins, les bureaux, les cabinets m\u00e9dicaux et l'h\u00f4tellerie","potentialAction":[{"@type":"SearchAction","target":{"@type":"EntryPoint","urlTemplate":"https:\/\/objektmobiliar.ch\/?s={search_term_string}"},"query-input":{"@type":"PropertyValueSpecification","valueRequired":true,"valueName":"search_term_string"}}],"inLanguage":"fr-FR"}]}},"coauthors":[],"author_meta":{"author_link":"https:\/\/objektmobiliar.ch\/fr\/author\/isa-dahmen\/","display_name":"Isa Dahmen"},"relative_dates":{"created":"Publi\u00e9 10 mois il y a","modified":"Mis \u00e0 jour 10 mois il y a"},"absolute_dates":{"created":"Publi\u00e9 le juin 10, 2025","modified":"Mise \u00e0 jour le juillet 3, 2025"},"absolute_dates_time":{"created":"Publi\u00e9 le juin 10, 2025 3:48 pm","modified":"Mise \u00e0 jour le juillet 3, 2025 9:32 am"},"featured_img_caption":"","featured_img":false,"series_order":"","_links":{"self":[{"href":"https:\/\/objektmobiliar.ch\/fr\/wp-json\/wp\/v2\/pages\/5341","targetHints":{"allow":["GET"]}}],"collection":[{"href":"https:\/\/objektmobiliar.ch\/fr\/wp-json\/wp\/v2\/pages"}],"about":[{"href":"https:\/\/objektmobiliar.ch\/fr\/wp-json\/wp\/v2\/types\/page"}],"author":[{"embeddable":true,"href":"https:\/\/objektmobiliar.ch\/fr\/wp-json\/wp\/v2\/users\/4"}],"replies":[{"embeddable":true,"href":"https:\/\/objektmobiliar.ch\/fr\/wp-json\/wp\/v2\/comments?post=5341"}],"version-history":[{"count":11,"href":"https:\/\/objektmobiliar.ch\/fr\/wp-json\/wp\/v2\/pages\/5341\/revisions"}],"predecessor-version":[{"id":5411,"href":"https:\/\/objektmobiliar.ch\/fr\/wp-json\/wp\/v2\/pages\/5341\/revisions\/5411"}],"up":[{"embeddable":true,"href":"https:\/\/objektmobiliar.ch\/fr\/wp-json\/wp\/v2\/pages\/1035"}],"wp:attachment":[{"href":"https:\/\/objektmobiliar.ch\/fr\/wp-json\/wp\/v2\/media?parent=5341"}],"curies":[{"name":"wp","href":"https:\/\/api.w.org\/{rel}","templated":true}]}}