{"id":5255,"date":"2025-05-09T12:45:59","date_gmt":"2025-05-09T12:45:59","guid":{"rendered":"https:\/\/objektmobiliar.ch\/?page_id=5255"},"modified":"2025-05-12T08:47:49","modified_gmt":"2025-05-12T08:47:49","slug":"lit-de-soins-sefina-low","status":"publish","type":"page","link":"https:\/\/objektmobiliar.ch\/fr\/moebel\/pflegebetten\/pflegebett-sefina-low\/","title":{"rendered":"Lit de soins Sefina Low"},"content":{"rendered":"<div class=\"lazyblock-produkt-detail-ozg-Z7XPJA wp-block-lazyblock-produkt-detail-ozg\"><section class=\"sct\">\r\n      <div class=\"cnt\">\r\n        <div class=\"elmnt-product-desc\">\r\n          <div class=\"product-desc-box\"><img decoding=\"async\" src=\"https:\/\/objektmobiliar.ch\/wp-content\/uploads\/2025\/05\/Pflegebett-Sefina-Low-Seniorenheime.jpg\" loading=\"lazy\" alt=\"\" class=\"product-desc-img\"><\/div>\r\n          <div class=\"product-desc-txt\">\r\n            <h1 class=\"txt-product-headline\">Lit de soins Sefina Low<\/h1>\r\n            <h2 class=\"txt-product-subline\"> Avec position ultra basse (11 cm)<\/h2>\r\n            <div class=\"w-richtext\">\r\n              <p>Le lit m\u00e9dicalis\u00e9 ultra-bas Sefina Low r\u00e9unit toutes les exigences de confort, d'ergonomie et d'esth\u00e9tique d'un lit m\u00e9dicalis\u00e9 moderne. L'abaissement du cadre de lit au niveau du sol sert \u00e0 la pr\u00e9vention des chutes et est donc un compagnon id\u00e9al pour les personnes \u00e0 risque de chute dans les maisons de retraite.<\/p>\n<ul>\n<li>position ultra basse (11 cm)<\/li>\n<li>designs individuels des extr\u00e9mit\u00e9s du lit<\/li>\n<li>6 roulettes pour une plus grande mobilit\u00e9<\/li>\n<li>Compensation du matelas<\/li>\n<\/ul>\r\n            <\/div>\r\n            <a onclick=\"splite_loader();\" class=\"btn\">Demander un produit<\/a>\r\n          <\/div>\r\n        <\/div>\r\n      <\/div>\r\n    <\/section><\/div>\n\n<div class=\"lazyblock-produkt-slider-ozg-Z16LjMN wp-block-lazyblock-produkt-slider-ozg\"><section class=\"sct\">\r\n  <div class=\"cnt semi\">\r\n    <div class=\"intro-txt\">\r\n        <h2 id=\"funktionen-vorteile\">Fonctions &amp; avantages<\/h2>\r\n    <\/div>\r\n    \r\n    <div class=\"elmnt-similar-products\">\r\n      <div class=\"similar-product\"><img decoding=\"async\" src=\"https:\/\/objektmobiliar.ch\/wp-content\/uploads\/2025\/05\/Pflegebett-Sefina-Low-verstellbare-Rueckenlehne.jpg\" loading=\"eager\" alt=\"\" class=\"similar-product-img\">\r\n        <div class=\"center\">\r\n          <div class=\"w-richtext\">\r\n            <p>Lit m\u00e9dicalis\u00e9 ultra bas<\/p>\r\n          <\/div>\r\n          \r\n        <\/div>\r\n      <\/div>\r\n      <div class=\"similar-product\"><img decoding=\"async\" src=\"https:\/\/objektmobiliar.ch\/wp-content\/uploads\/2025\/05\/Pflegebett-Sefina-Low-Niedrigbodenbett.jpg\" loading=\"eager\" alt=\"\" class=\"similar-product-img\">\r\n        <div class=\"center\">\r\n          <div class=\"w-richtext\">\r\n            <p>position ultra basse (11 cm)<\/p>\r\n          <\/div>\r\n          \r\n        <\/div>\r\n      <\/div>\r\n      <div class=\"similar-product\"><img decoding=\"async\" src=\"https:\/\/objektmobiliar.ch\/wp-content\/uploads\/2025\/05\/Pflegebett-Sefina-Low-Rueckenteil.jpg\" loading=\"eager\" alt=\"\" class=\"similar-product-img\">\r\n        <div class=\"center\">\r\n          <div class=\"w-richtext\">\r\n            <p>Dossier et rel\u00e8ve-cuisses r\u00e9glables<\/p>\r\n          <\/div>\r\n          \r\n        <\/div>\r\n      <\/div>\r\n      <div class=\"similar-product\"><img decoding=\"async\" src=\"https:\/\/objektmobiliar.ch\/wp-content\/uploads\/2025\/05\/Pflegebett-Sefina-Low-elektrisch-verstellbar.jpg\" loading=\"eager\" alt=\"\" class=\"similar-product-img\">\r\n        <div class=\"center\">\r\n          <div class=\"w-richtext\">\r\n            <p>R\u00e9glable \u00e9lectriquement<\/p>\r\n          <\/div>\r\n          \r\n        <\/div>\r\n      <\/div>\r\n    <\/div>\r\n  <\/div>\r\n  \r\n  <div class=\"cnt narrow\">\r\n    <div class=\"similar-products-nav-pos\">\r\n      <div class=\"w-embed\">\r\n        \r\n      <\/div>\r\n    <\/div>\r\n  <\/div>\r\n<\/section><\/div>\n\n<div class=\"lazyblock-text-modul-ozg-1Etma8 wp-block-lazyblock-text-modul-ozg\"><section class=\"sct\">\r\n      <div class=\"cnt narrow\">\r\n        <div class=\"w-richtext\">\r\n            <h2 id=\"pflegebett-emma-standardausstattung-details\">Lit m\u00e9dicalis\u00e9 \u00e9quipement standard &amp; d\u00e9tails<\/h2>\n<ul>\n<li>Plan de couchage \u00e0 lattes en acier en 4 parties 90 x 200 cm avec supports de matelas r\u00e9glables \u00e0 la t\u00eate et au pied du lit<\/li>\n<li>r\u00e9glage \u00e9lectrique de la hauteur 110 - 800 mm<\/li>\n<li>poids max. du patient 170 kg, charge de travail s\u00e9curis\u00e9e 205 kg<\/li>\n<li>r\u00e9glage \u00e9lectrique du dossier jusqu'\u00e0 80\u00b0 et du rel\u00e8ve-cuisses jusqu'\u00e0 35<\/li>\n<li>Rel\u00e8vement des pieds r\u00e9glable m\u00e9caniquement en 5 positions<\/li>\n<li>Fonction de Trendelenburg \/ Antitrendelenburg<\/li>\n<li>Alimentation en tension de 35 volts pour une s\u00e9curit\u00e9 accrue<\/li>\n<li>Abaissement d'urgence via une pile de 9 volts en cas de panne de courant<\/li>\n<li>T\u00e9l\u00e9commande avec s\u00e9curit\u00e9 au premier d\u00e9faut et fonction de verrouillage<\/li>\n<li>Classe de protection IPX4<\/li>\n<li>rallonge de lit int\u00e9gr\u00e9e de 20 cm maximum<\/li>\n<li>Compensation du matelas : recul du dossier de 117 mm<\/li>\n<\/ul>\n<p><img loading=\"lazy\" decoding=\"async\" class=\"alignnone size-full wp-image-5262\" src=\"https:\/\/objektmobiliar.ch\/wp-content\/uploads\/2025\/05\/Pflegebett-Sefina-technische-Details.png\" alt=\"\" width=\"1665\" height=\"356\" srcset=\"https:\/\/objektmobiliar.ch\/wp-content\/uploads\/2025\/05\/Pflegebett-Sefina-technische-Details.png 1665w, https:\/\/objektmobiliar.ch\/wp-content\/uploads\/2025\/05\/Pflegebett-Sefina-technische-Details-800x171.png 800w, https:\/\/objektmobiliar.ch\/wp-content\/uploads\/2025\/05\/Pflegebett-Sefina-technische-Details-1600x342.png 1600w, https:\/\/objektmobiliar.ch\/wp-content\/uploads\/2025\/05\/Pflegebett-Sefina-technische-Details-768x164.png 768w, https:\/\/objektmobiliar.ch\/wp-content\/uploads\/2025\/05\/Pflegebett-Sefina-technische-Details-1536x328.png 1536w, https:\/\/objektmobiliar.ch\/wp-content\/uploads\/2025\/05\/Pflegebett-Sefina-technische-Details-18x4.png 18w\" sizes=\"auto, (max-width: 1665px) 100vw, 1665px\" \/><\/p>\n<h3 id=\"mogliche-optionen\">Options possibles<\/h3>\n<ul>\n<li>8x roulettes 75 mm, \u00e0 blocage individuel<\/li>\n<li>Disponible \u00e9galement avec 8 x roulettes<\/li>\n<li>diff\u00e9rents d\u00e9cors<\/li>\n<li>diff\u00e9rents designs de t\u00eate et de pied de lit<\/li>\n<li>Options de barri\u00e8res lat\u00e9rales : barri\u00e8re lat\u00e9rale en aluminium divis\u00e9e, barri\u00e8re lat\u00e9rale en bois continue de 95 mm<\/li>\n<\/ul>\n<p>&nbsp;<\/p>\r\n        <\/div>\r\n      <\/div>\r\n    <\/section><\/div>\n\n<div class=\"lazyblock-produkt-slider-ozg-1ACBSO wp-block-lazyblock-produkt-slider-ozg\"><section class=\"sct\">\r\n  <div class=\"cnt semi\">\r\n    <div class=\"intro-txt\">\r\n        <h2 id=\"zubehorauswahl-zu-pflegebett-emma\">S\u00e9lection d'accessoires pour le lit m\u00e9dicalis\u00e9 Sefina Low<\/h2>\r\n    <\/div>\r\n    \r\n    <div class=\"elmnt-similar-products\">\r\n      <div class=\"similar-product\"><img decoding=\"async\" src=\"https:\/\/objektmobiliar.ch\/wp-content\/uploads\/2025\/05\/Pflegebetten-Zubehoer-Kopfteilpolster.jpg\" loading=\"eager\" alt=\"\" class=\"similar-product-img\">\r\n        <div class=\"center\">\r\n          <div class=\"w-richtext\">\r\n            <p>Coussin de t\u00eate de lit<\/p>\r\n          <\/div>\r\n          \r\n        <\/div>\r\n      <\/div>\r\n      <div class=\"similar-product\"><img decoding=\"async\" src=\"https:\/\/objektmobiliar.ch\/wp-content\/uploads\/2025\/05\/Pflegebetten-Zubehoer-Betttablett.jpg\" loading=\"eager\" alt=\"\" class=\"similar-product-img\">\r\n        <div class=\"center\">\r\n          <div class=\"w-richtext\">\r\n            <p>Plateau de lit<\/p>\r\n          <\/div>\r\n          \r\n        <\/div>\r\n      <\/div>\r\n      <div class=\"similar-product\"><img decoding=\"async\" src=\"https:\/\/objektmobiliar.ch\/wp-content\/uploads\/2025\/05\/Pflegebetten-Zubehoer-Bettaufrichter.jpg\" loading=\"eager\" alt=\"\" class=\"similar-product-img\">\r\n        <div class=\"center\">\r\n          <div class=\"w-richtext\">\r\n            <p>Potence de lit<\/p>\r\n          <\/div>\r\n          \r\n        <\/div>\r\n      <\/div>\r\n      <div class=\"similar-product\"><img decoding=\"async\" src=\"https:\/\/objektmobiliar.ch\/wp-content\/uploads\/2025\/05\/Pflegebetten-Zubehoer-Infusionsstaender.jpg\" loading=\"eager\" alt=\"\" class=\"similar-product-img\">\r\n        <div class=\"center\">\r\n          <div class=\"w-richtext\">\r\n            <p>Tige \u00e0 perfusion<\/p>\r\n          <\/div>\r\n          \r\n        <\/div>\r\n      <\/div>\r\n      <div class=\"similar-product\"><img decoding=\"async\" src=\"https:\/\/objektmobiliar.ch\/wp-content\/uploads\/2025\/05\/Pflegebetten-Zubehoer-Bettleuchte.jpg\" loading=\"eager\" alt=\"\" class=\"similar-product-img\">\r\n        <div class=\"center\">\r\n          <div class=\"w-richtext\">\r\n            <p>Lampe de lit<\/p>\r\n          <\/div>\r\n          \r\n        <\/div>\r\n      <\/div>\r\n      <div class=\"similar-product\"><img decoding=\"async\" src=\"https:\/\/objektmobiliar.ch\/wp-content\/uploads\/2025\/05\/Pflegebetten-Zubehoer-Seitengitterpolster.jpg\" loading=\"eager\" alt=\"\" class=\"similar-product-img\">\r\n        <div class=\"center\">\r\n          <div class=\"w-richtext\">\r\n            <p>Coussin pour barri\u00e8res lat\u00e9rales<\/p>\r\n          <\/div>\r\n          \r\n        <\/div>\r\n      <\/div>\r\n      <div class=\"similar-product\"><img decoding=\"async\" src=\"https:\/\/objektmobiliar.ch\/wp-content\/uploads\/2025\/05\/Pflegebetten-Zubehoer-Unterbettleuchte.jpg\" loading=\"eager\" alt=\"\" class=\"similar-product-img\">\r\n        <div class=\"center\">\r\n          <div class=\"w-richtext\">\r\n            <p>Lampe sous le lit<\/p>\r\n          <\/div>\r\n          \r\n        <\/div>\r\n      <\/div>\r\n      <div class=\"similar-product\"><img decoding=\"async\" src=\"https:\/\/objektmobiliar.ch\/wp-content\/uploads\/2025\/05\/Pflegebetten-Zubehoer-Aufstehhilfe.jpg\" loading=\"eager\" alt=\"\" class=\"similar-product-img\">\r\n        <div class=\"center\">\r\n          <div class=\"w-richtext\">\r\n            <p>Aide \u00e0 la verticalisation<\/p>\r\n          <\/div>\r\n          \r\n        <\/div>\r\n      <\/div>\r\n    <\/div>\r\n  <\/div>\r\n  \r\n  <div class=\"cnt narrow\">\r\n    <div class=\"similar-products-nav-pos\">\r\n      <div class=\"w-embed\">\r\n        \r\n      <\/div>\r\n    <\/div>\r\n  <\/div>\r\n<\/section><\/div>\n\n<div class=\"lazyblock-teaser-modul-ozg-1kk4dY wp-block-lazyblock-teaser-modul-ozg\"><section class=\"sct\">\r\n  <div class=\"cnt narrow\">\r\n    <div class=\"w-richtext\">\r\n        <h2 id=\"weitere-pflegebetten-von-ozg-objektmobiliar\">Autres lits de soins de OZG Objektmobiliar<\/h2>\r\n    <\/div>\r\n    <div class=\"box-pageteaser\">\r\n      \r\n      <a href=\"https:\/\/objektmobiliar.ch\/fr\/meubles\/lits-medicalises\/flexibed\/\" class=\"elmnt-pageteaser link w-inline-block\" style=\"background-color: \">\r\n        <div class=\"pageteaser-imgcnt\"><img decoding=\"async\" src=\"https:\/\/objektmobiliar.ch\/wp-content\/uploads\/2024\/04\/Floorbed2.jpg\" loading=\"lazy\" alt=\"\" class=\"pageteaser-img\"><\/div>\r\n        <div class=\"pageteaser-type\">\r\n          <div class=\"txt-pageteaser w-richtext\">\r\n            <p style=\"text-align: center;\"><strong>Lit flottant \"Flexibed II<\/strong><\/p>\n<p style=\"text-align: center;\">\u00c9vite les chutes de lit gr\u00e2ce \u00e0 sa faible hauteur de seulement 7 cm.<\/p>\r\n          <\/div>\r\n        <\/div>\r\n        <div class=\"btn pageteaser\">En savoir plus<\/div><\/a>\r\n      <a href=\"https:\/\/objektmobiliar.ch\/fr\/meubles\/lits-medicalises\/lit-de-soins-emma\/\" class=\"elmnt-pageteaser link w-inline-block\" style=\"background-color: \">\r\n        <div class=\"pageteaser-imgcnt\"><img decoding=\"async\" src=\"https:\/\/objektmobiliar.ch\/wp-content\/uploads\/2025\/05\/Pflegebett-Emma-Pflegeheim-Bewohnerzimmer.jpg\" loading=\"lazy\" alt=\"\" class=\"pageteaser-img\"><\/div>\r\n        <div class=\"pageteaser-type\">\r\n          <div class=\"txt-pageteaser w-richtext\">\r\n            <p style=\"text-align: center;\"><strong>Lit de soins \"Emma<\/strong><\/p>\n<p style=\"text-align: center;\">R\u00e9unit toutes les exigences de confort, d'ergonomie et de mobilit\u00e9 d'un lit de soins moderne.\u00a0<\/p>\r\n          <\/div>\r\n        <\/div>\r\n        <div class=\"btn pageteaser\">En savoir plus<\/div><\/a>\r\n      \r\n    <\/div>\r\n    <div class=\"center\">\r\n    <\/div>\r\n  <\/div>\r\n<\/section><\/div><style class=\"advgb-styles-renderer\">\r\n            .similar-products-nav li {\r\n              overflow: hidden;\r\n              margin: 0px !important;\r\n              flex-grow: 0 !important;\r\n              flex-shrink: 1 !important;\r\n              flex-basis: 12.5% !important;\r\n              border-style: solid;\r\n              border-width: 2px;\r\n              border-color: transparent;\r\n              border-radius: 8px;\r\n              transition-property: border-color;\r\n              transition-duration: 600ms;\r\n              transition-timing-function: ease;\r\n              cursor: pointer;\r\n            }\r\n            .similar-products-nav li.slick-active {\r\n              border-color: #dde7ef;\r\n            }\r\n            @media screen and (max-width:767px) {\r\n              .similar-products-nav li {\r\n                flex-basis: auto !important;\r\n                border-radius: 8px;\r\n                padding-top: 8px;\r\n                padding-right: 16px;\r\n                padding-bottom: 6px;\r\n                padding-left: 16px;\r\n              }\r\n              .similar-products-nav li.slick-active {\r\n                background-color: #dde7ef;\r\n                transition-property: background-color, border-color;\r\n                transition-duration: 600ms, 200ms;\r\n                transition-timing-function: ease, ease;\r\n                color: #426b8a;\r\n              }\r\n            }\r\n          \r\n            .similar-products-nav li {\r\n              overflow: hidden;\r\n              margin: 0px !important;\r\n              flex-grow: 0 !important;\r\n              flex-shrink: 1 !important;\r\n              flex-basis: 12.5% !important;\r\n              border-style: solid;\r\n              border-width: 2px;\r\n              border-color: transparent;\r\n              border-radius: 8px;\r\n              transition-property: border-color;\r\n              transition-duration: 600ms;\r\n              transition-timing-function: ease;\r\n              cursor: pointer;\r\n            }\r\n            .similar-products-nav li.slick-active {\r\n              border-color: #dde7ef;\r\n            }\r\n            @media screen and (max-width:767px) {\r\n              .similar-products-nav li {\r\n                flex-basis: auto !important;\r\n                border-radius: 8px;\r\n                padding-top: 8px;\r\n                padding-right: 16px;\r\n                padding-bottom: 6px;\r\n                padding-left: 16px;\r\n              }\r\n              .similar-products-nav li.slick-active {\r\n                background-color: #dde7ef;\r\n                transition-property: background-color, border-color;\r\n                transition-duration: 600ms, 200ms;\r\n                transition-timing-function: ease, ease;\r\n                color: #426b8a;\r\n              }\r\n            }\r\n          <\/style>","protected":false},"excerpt":{"rendered":"","protected":false},"author":4,"featured_media":0,"parent":1005,"menu_order":0,"comment_status":"closed","ping_status":"closed","template":"","meta":{"advgb_blocks_editor_width":"","advgb_blocks_columns_visual_guide":"","footnotes":""},"class_list":["post-5255","page","type-page","status-publish","hentry"],"yoast_head":"<!-- This site is optimized with the Yoast SEO plugin v27.4 - https:\/\/yoast.com\/product\/yoast-seo-wordpress\/ -->\n<title>Pflegebett Sefina Low - OZG Objektmobiliar<\/title>\n<meta name=\"description\" content=\"Die bodennahe Absenkung des Pflegebett Sefina Low dient der Sturzprophylaxe und sch\u00fctzt sturzgef\u00e4hrdete Menschen in Seniorenheimen.\" \/>\n<meta name=\"robots\" content=\"index, follow, max-snippet:-1, max-image-preview:large, max-video-preview:-1\" \/>\n<link rel=\"canonical\" href=\"https:\/\/objektmobiliar.ch\/fr\/meubles\/lits-medicalises\/lit-de-soins-sefina-low\/\" \/>\n<meta property=\"og:locale\" content=\"fr_FR\" \/>\n<meta property=\"og:type\" content=\"article\" \/>\n<meta property=\"og:title\" content=\"Pflegebett Sefina Low - OZG Objektmobiliar\" \/>\n<meta property=\"og:description\" content=\"Die bodennahe Absenkung des Pflegebett Sefina Low dient der Sturzprophylaxe und sch\u00fctzt sturzgef\u00e4hrdete Menschen in Seniorenheimen.\" \/>\n<meta property=\"og:url\" content=\"https:\/\/objektmobiliar.ch\/fr\/meubles\/lits-medicalises\/lit-de-soins-sefina-low\/\" \/>\n<meta property=\"og:site_name\" content=\"OZG HEALTHCARE\" \/>\n<meta property=\"article:modified_time\" content=\"2025-05-12T08:47:49+00:00\" \/>\n<meta name=\"twitter:card\" content=\"summary_large_image\" \/>\n<meta name=\"twitter:label1\" content=\"Dur\u00e9e de lecture estim\u00e9e\" \/>\n\t<meta name=\"twitter:data1\" content=\"5 minutes\" \/>\n<script type=\"application\/ld+json\" class=\"yoast-schema-graph\">{\"@context\":\"https:\\\/\\\/schema.org\",\"@graph\":[{\"@type\":\"WebPage\",\"@id\":\"https:\\\/\\\/objektmobiliar.ch\\\/moebel\\\/pflegebetten\\\/pflegebett-sefina-low\\\/\",\"url\":\"https:\\\/\\\/objektmobiliar.ch\\\/moebel\\\/pflegebetten\\\/pflegebett-sefina-low\\\/\",\"name\":\"Pflegebett Sefina Low - OZG Objektmobiliar\",\"isPartOf\":{\"@id\":\"https:\\\/\\\/objektmobiliar.ch\\\/#website\"},\"datePublished\":\"2025-05-09T12:45:59+00:00\",\"dateModified\":\"2025-05-12T08:47:49+00:00\",\"description\":\"Die bodennahe Absenkung des Pflegebett Sefina Low dient der Sturzprophylaxe und sch\u00fctzt sturzgef\u00e4hrdete Menschen in Seniorenheimen.\",\"breadcrumb\":{\"@id\":\"https:\\\/\\\/objektmobiliar.ch\\\/moebel\\\/pflegebetten\\\/pflegebett-sefina-low\\\/#breadcrumb\"},\"inLanguage\":\"fr-FR\",\"potentialAction\":[{\"@type\":\"ReadAction\",\"target\":[\"https:\\\/\\\/objektmobiliar.ch\\\/moebel\\\/pflegebetten\\\/pflegebett-sefina-low\\\/\"]}]},{\"@type\":\"BreadcrumbList\",\"@id\":\"https:\\\/\\\/objektmobiliar.ch\\\/moebel\\\/pflegebetten\\\/pflegebett-sefina-low\\\/#breadcrumb\",\"itemListElement\":[{\"@type\":\"ListItem\",\"position\":1,\"name\":\"Startseite\",\"item\":\"https:\\\/\\\/objektmobiliar.ch\\\/\"},{\"@type\":\"ListItem\",\"position\":2,\"name\":\"M\u00f6bel\",\"item\":\"https:\\\/\\\/objektmobiliar.ch\\\/moebel\\\/\"},{\"@type\":\"ListItem\",\"position\":3,\"name\":\"Pflegebetten\",\"item\":\"https:\\\/\\\/objektmobiliar.ch\\\/moebel\\\/pflegebetten\\\/\"},{\"@type\":\"ListItem\",\"position\":4,\"name\":\"Pflegebett Sefina Low\"}]},{\"@type\":\"WebSite\",\"@id\":\"https:\\\/\\\/objektmobiliar.ch\\\/#website\",\"url\":\"https:\\\/\\\/objektmobiliar.ch\\\/\",\"name\":\"OZG HEALTHCARE\",\"description\":\"Objektmobiliar f\u00fcr Pflege, B\u00fcro, Praxis &amp; Hotellerie\",\"potentialAction\":[{\"@type\":\"SearchAction\",\"target\":{\"@type\":\"EntryPoint\",\"urlTemplate\":\"https:\\\/\\\/objektmobiliar.ch\\\/?s={search_term_string}\"},\"query-input\":{\"@type\":\"PropertyValueSpecification\",\"valueRequired\":true,\"valueName\":\"search_term_string\"}}],\"inLanguage\":\"fr-FR\"}]}<\/script>\n<!-- \/ Yoast SEO plugin. -->","yoast_head_json":{"title":"Lit de soins Sefina Low - OZG Objektmobiliar","description":"L'abaissement du lit de soins Sefina Low au niveau du sol sert \u00e0 la pr\u00e9vention des chutes et prot\u00e8ge les personnes \u00e0 risque de chute dans les maisons de retraite.","robots":{"index":"index","follow":"follow","max-snippet":"max-snippet:-1","max-image-preview":"max-image-preview:large","max-video-preview":"max-video-preview:-1"},"canonical":"https:\/\/objektmobiliar.ch\/fr\/meubles\/lits-medicalises\/lit-de-soins-sefina-low\/","og_locale":"fr_FR","og_type":"article","og_title":"Pflegebett Sefina Low - OZG Objektmobiliar","og_description":"Die bodennahe Absenkung des Pflegebett Sefina Low dient der Sturzprophylaxe und sch\u00fctzt sturzgef\u00e4hrdete Menschen in Seniorenheimen.","og_url":"https:\/\/objektmobiliar.ch\/fr\/meubles\/lits-medicalises\/lit-de-soins-sefina-low\/","og_site_name":"OZG HEALTHCARE","article_modified_time":"2025-05-12T08:47:49+00:00","twitter_card":"summary_large_image","twitter_misc":{"Dur\u00e9e de lecture estim\u00e9e":"5 minutes"},"schema":{"@context":"https:\/\/schema.org","@graph":[{"@type":"WebPage","@id":"https:\/\/objektmobiliar.ch\/moebel\/pflegebetten\/pflegebett-sefina-low\/","url":"https:\/\/objektmobiliar.ch\/moebel\/pflegebetten\/pflegebett-sefina-low\/","name":"Lit de soins Sefina Low - OZG Objektmobiliar","isPartOf":{"@id":"https:\/\/objektmobiliar.ch\/#website"},"datePublished":"2025-05-09T12:45:59+00:00","dateModified":"2025-05-12T08:47:49+00:00","description":"L'abaissement du lit de soins Sefina Low au niveau du sol sert \u00e0 la pr\u00e9vention des chutes et prot\u00e8ge les personnes \u00e0 risque de chute dans les maisons de retraite.","breadcrumb":{"@id":"https:\/\/objektmobiliar.ch\/moebel\/pflegebetten\/pflegebett-sefina-low\/#breadcrumb"},"inLanguage":"fr-FR","potentialAction":[{"@type":"ReadAction","target":["https:\/\/objektmobiliar.ch\/moebel\/pflegebetten\/pflegebett-sefina-low\/"]}]},{"@type":"BreadcrumbList","@id":"https:\/\/objektmobiliar.ch\/moebel\/pflegebetten\/pflegebett-sefina-low\/#breadcrumb","itemListElement":[{"@type":"ListItem","position":1,"name":"Startseite","item":"https:\/\/objektmobiliar.ch\/"},{"@type":"ListItem","position":2,"name":"M\u00f6bel","item":"https:\/\/objektmobiliar.ch\/moebel\/"},{"@type":"ListItem","position":3,"name":"Pflegebetten","item":"https:\/\/objektmobiliar.ch\/moebel\/pflegebetten\/"},{"@type":"ListItem","position":4,"name":"Pflegebett Sefina Low"}]},{"@type":"WebSite","@id":"https:\/\/objektmobiliar.ch\/#website","url":"https:\/\/objektmobiliar.ch\/","name":"OZG HEALTHCARE","description":"Mobilier de collectivit\u00e9 pour les soins, les bureaux, les cabinets m\u00e9dicaux et l'h\u00f4tellerie","potentialAction":[{"@type":"SearchAction","target":{"@type":"EntryPoint","urlTemplate":"https:\/\/objektmobiliar.ch\/?s={search_term_string}"},"query-input":{"@type":"PropertyValueSpecification","valueRequired":true,"valueName":"search_term_string"}}],"inLanguage":"fr-FR"}]}},"coauthors":[],"author_meta":{"author_link":"https:\/\/objektmobiliar.ch\/fr\/author\/isa-dahmen\/","display_name":"Isa Dahmen"},"relative_dates":{"created":"Publi\u00e9 11 mois il y a","modified":"Mis \u00e0 jour 11 mois il y a"},"absolute_dates":{"created":"Publi\u00e9 le mai 9, 2025","modified":"Mise \u00e0 jour le mai 12, 2025"},"absolute_dates_time":{"created":"Publi\u00e9 le mai 9, 2025 12:45 pm","modified":"Mise \u00e0 jour le mai 12, 2025 8:47 am"},"featured_img_caption":"","featured_img":false,"series_order":"","_links":{"self":[{"href":"https:\/\/objektmobiliar.ch\/fr\/wp-json\/wp\/v2\/pages\/5255","targetHints":{"allow":["GET"]}}],"collection":[{"href":"https:\/\/objektmobiliar.ch\/fr\/wp-json\/wp\/v2\/pages"}],"about":[{"href":"https:\/\/objektmobiliar.ch\/fr\/wp-json\/wp\/v2\/types\/page"}],"author":[{"embeddable":true,"href":"https:\/\/objektmobiliar.ch\/fr\/wp-json\/wp\/v2\/users\/4"}],"replies":[{"embeddable":true,"href":"https:\/\/objektmobiliar.ch\/fr\/wp-json\/wp\/v2\/comments?post=5255"}],"version-history":[{"count":9,"href":"https:\/\/objektmobiliar.ch\/fr\/wp-json\/wp\/v2\/pages\/5255\/revisions"}],"predecessor-version":[{"id":5293,"href":"https:\/\/objektmobiliar.ch\/fr\/wp-json\/wp\/v2\/pages\/5255\/revisions\/5293"}],"up":[{"embeddable":true,"href":"https:\/\/objektmobiliar.ch\/fr\/wp-json\/wp\/v2\/pages\/1005"}],"wp:attachment":[{"href":"https:\/\/objektmobiliar.ch\/fr\/wp-json\/wp\/v2\/media?parent=5255"}],"curies":[{"name":"wp","href":"https:\/\/api.w.org\/{rel}","templated":true}]}}