{"id":524,"date":"2023-10-15T00:52:50","date_gmt":"2023-10-15T00:52:50","guid":{"rendered":"https:\/\/dev.objektmobiliar.ch\/?page_id=524"},"modified":"2026-01-12T14:07:20","modified_gmt":"2026-01-12T14:07:20","slug":"meubles-rembourres-modernes","status":"publish","type":"page","link":"https:\/\/objektmobiliar.ch\/fr\/moebel\/pflegegerechte-polstermoebel\/moderne-polstermoebel\/","title":{"rendered":"Tulipano"},"content":{"rendered":"<div class=\"lazyblock-produkt-detail-ozg-Z1gIT5N wp-block-lazyblock-produkt-detail-ozg\"><section class=\"sct\">\r\n      <div class=\"cnt\">\r\n        <div class=\"elmnt-product-desc\">\r\n          <div class=\"product-desc-box\"><img decoding=\"async\" src=\"https:\/\/objektmobiliar.ch\/wp-content\/uploads\/2023\/10\/tulipano.jpg\" loading=\"lazy\" alt=\"\" class=\"product-desc-img\"><\/div>\r\n          <div class=\"product-desc-txt\">\r\n            <h1 class=\"txt-product-headline\">S\u00e9rie Tulipano<\/h1>\r\n            <h2 class=\"txt-product-subline\">S\u00e9rie de meubles rembourr\u00e9s au design moderne<\/h2>\r\n            <div class=\"w-richtext\">\r\n              <p>La s\u00e9rie de meubles rembourr\u00e9s modernes et \u00e9l\u00e9gants TULIPANO se compose de fauteuils lounge, de fauteuils \u00e0 oreilles, de fauteuils \u00e0 dossier haut et de canap\u00e9s de diff\u00e9rentes tailles. Qu'il s'agisse d'un espace d'accueil, d'un groupe d'habitation ou d'une salle commune, adaptez les meubles rembourr\u00e9s de la s\u00e9rie \u00e0 vos besoins gr\u00e2ce \u00e0 divers mat\u00e9riaux de rev\u00eatement dans des couleurs et des motifs vari\u00e9s.<\/p>\r\n            <\/div>\r\n            <a onclick=\"splite_loader();\" class=\"btn\">Demander un produit<\/a>\r\n          <\/div>\r\n        <\/div>\r\n      <\/div>\r\n    <\/section><\/div>\n\n<div class=\"lazyblock-produkt-slider-ozg-tDc6z wp-block-lazyblock-produkt-slider-ozg\"><section class=\"sct\">\r\n  <div class=\"cnt semi\">\r\n    <div class=\"intro-txt\">\r\n        <h2>Meubles rembourr\u00e9s modernes et \u00e9l\u00e9gants : mod\u00e8les et finitions<\/h2>\r\n    <\/div>\r\n    \r\n    <div class=\"elmnt-similar-products\">\r\n      <div class=\"similar-product\"><img decoding=\"async\" src=\"https:\/\/objektmobiliar.ch\/wp-content\/uploads\/2023\/10\/tulipano-hoch.jpg\" loading=\"eager\" alt=\"Fauteuil \u00e0 oreilles Tulipano haut 2.0\" class=\"similar-product-img\">\r\n        <div class=\"center\">\r\n          <div class=\"w-richtext\">\r\n            <p><strong>Fauteuil \u00e0 oreilles Tulipano haut 2.0,<\/strong><br>R\u00e9f. 220-0230\/S<\/p>\r\n          <\/div>\r\n          \r\n        <\/div>\r\n      <\/div>\r\n      <div class=\"similar-product\"><img decoding=\"async\" src=\"https:\/\/objektmobiliar.ch\/wp-content\/uploads\/2023\/10\/tulipano-hoch-02.jpg\" loading=\"eager\" alt=\"Fauteuil \u00e0 oreilles Tulipano haut 2.0\" class=\"similar-product-img\">\r\n        <div class=\"center\">\r\n          <div class=\"w-richtext\">\r\n            <p><strong>Fauteuil \u00e0 oreilles Tulipano haut 2.0,<\/strong><br>R\u00e9f. 220-0230\/S<\/p>\r\n          <\/div>\r\n          \r\n        <\/div>\r\n      <\/div>\r\n      <div class=\"similar-product\"><img decoding=\"async\" src=\"https:\/\/objektmobiliar.ch\/wp-content\/uploads\/2023\/10\/tulipano-sessel.jpg\" loading=\"eager\" alt=\"Fauteuil Tulipano 2.0\" class=\"similar-product-img\">\r\n        <div class=\"center\">\r\n          <div class=\"w-richtext\">\r\n            <p><strong>Fauteuil Tulipano 2.0,<\/strong><br>large repose-bras<br>N\u00b0 d'art. 220-0203\/S<\/p>\r\n          <\/div>\r\n          \r\n        <\/div>\r\n      <\/div>\r\n      <div class=\"similar-product\"><img decoding=\"async\" src=\"https:\/\/objektmobiliar.ch\/wp-content\/uploads\/2023\/10\/tulipano-sessel-02.jpg\" loading=\"eager\" alt=\"Fauteuil Tulipano 2.0\" class=\"similar-product-img\">\r\n        <div class=\"center\">\r\n          <div class=\"w-richtext\">\r\n            <p><strong>Fauteuil Tulipano 2.0,<\/strong><br>accoudoirs \u00e9troits<br>220-0208\/S<\/p>\r\n          <\/div>\r\n          \r\n        <\/div>\r\n      <\/div>\r\n      <div class=\"similar-product\"><img decoding=\"async\" src=\"https:\/\/objektmobiliar.ch\/wp-content\/uploads\/2024\/09\/3er-Couch-Tulipano-von-OZG.jpg\" loading=\"eager\" alt=\"\" class=\"similar-product-img\">\r\n        <div class=\"center\">\r\n          <div class=\"w-richtext\">\r\n            <p><strong>Canap\u00e9 3 places Tulipano 2.0,<\/strong><br>R\u00e9f. 220-0222\/S<\/p>\r\n          <\/div>\r\n          \r\n        <\/div>\r\n      <\/div>\r\n      <div class=\"similar-product\"><img decoding=\"async\" src=\"https:\/\/objektmobiliar.ch\/wp-content\/uploads\/2024\/09\/2er-Sofa-Tulipano-von-OZG.jpg\" loading=\"eager\" alt=\"\" class=\"similar-product-img\">\r\n        <div class=\"center\">\r\n          <div class=\"w-richtext\">\r\n            <p><strong>Canap\u00e9 3 places Tulipano 2.0,<\/strong><br>N\u00b0 d'art. 220-0157\/S<\/p>\r\n          <\/div>\r\n          \r\n        <\/div>\r\n      <\/div>\r\n    <\/div>\r\n  <\/div>\r\n  \r\n  <div class=\"cnt narrow\">\r\n    <div class=\"similar-products-nav-pos\">\r\n      <div class=\"w-embed\">\r\n        \r\n      <\/div>\r\n    <\/div>\r\n  <\/div>\r\n<\/section><\/div>\n\n\n<p><\/p>\n\n\n\n<div class=\"wp-block-group\"><div class=\"wp-block-group__inner-container is-layout-constrained wp-block-group-is-layout-constrained\"><section class=\"sct\">\r\n      <div class=\"cnt narrow\">\r\n        <div class=\"introtxt\">\r\n        <div class=\"w-richtext\">\r\n            <h2>Aper\u00e7u de tous les mod\u00e8les<\/h2>\r\n        <\/div>\r\n        <\/div>\r\n        \r\n          \n\n\n<figure class=\"wp-block-table is-style-regular\"><table><thead><tr><th>Art. No.<\/th><th>Description<\/th><\/tr><\/thead><tbody><tr><td>220-0203\/S<\/td><td>Fauteuil Tulipano 2.0, accoudoir large<\/td><\/tr><tr><td>220-0208\/S<\/td><td>Fauteuil Tulipano 2.0, accoudoirs \u00e9troits<\/td><\/tr><tr><td>220-0157\/S<\/td><td>Canap\u00e9 2 places Tulipano 2.0<\/td><\/tr><tr><td>220-0222\/S<\/td><td>Canap\u00e9 3 places Tulipano 2.0<\/td><\/tr><tr><td>220-0204\/S<\/td><td>Chaise \u00e0 haut dossier Tulipano 2.0<\/td><\/tr><tr><td>220-0230\/S<\/td><td>Fauteuil \u00e0 oreilles Tulipano haut 2.0<\/td><\/tr><\/tbody><\/table><\/figure>\n\n\n\n<p><\/p>\n\n\n<\/div><\/section><\/div><\/div>\n\n\n<div class=\"lazyblock-bildergalerie-referenzen-ozg-2l7L2y wp-block-lazyblock-bildergalerie-referenzen-ozg\"><section class=\"sct\">\r\n  <div class=\"cnt semi\">\r\n    <div class=\"w-richtext\">\r\n        <h2>R\u00e9f\u00e9rences \u00e0 la s\u00e9rie TULIPANO<\/h2>\r\n    <\/div>\r\n    <div class=\"w-layout-grid elmnt-refgallery\">\r\n      \r\n      <div class=\"refgallery-thumb\">\r\n        <img decoding=\"async\" src=\"https:\/\/objektmobiliar.ch\/wp-content\/uploads\/2024\/09\/Serie-Tulipano.jpg\" loading=\"lazy\" alt=\"\" class=\"imggallery-img\">\r\n      <\/div>\r\n      <div class=\"refgallery-thumb\">\r\n        <img decoding=\"async\" src=\"https:\/\/objektmobiliar.ch\/wp-content\/uploads\/2024\/09\/260A7874_kompr.jpg\" loading=\"lazy\" alt=\"\" class=\"imggallery-img\">\r\n      <\/div>\r\n      <div class=\"refgallery-thumb\">\r\n        <img decoding=\"async\" src=\"https:\/\/objektmobiliar.ch\/wp-content\/uploads\/2024\/09\/OZG_0396_KOMPR.jpg\" loading=\"lazy\" alt=\"\" class=\"imggallery-img\">\r\n      <\/div>\r\n      <div class=\"refgallery-thumb\">\r\n        <img decoding=\"async\" src=\"https:\/\/objektmobiliar.ch\/wp-content\/uploads\/2024\/09\/OZG_0230_KOMPR.jpg\" loading=\"lazy\" alt=\"\" class=\"imggallery-img\">\r\n      <\/div>\r\n          \r\n    <\/div>\r\n  <\/div>\r\n<\/section><\/div>\n\n<div class=\"lazyblock-text-modul-ozg-1tQ3J wp-block-lazyblock-text-modul-ozg\"><section class=\"sct\">\r\n      <div class=\"cnt narrow\">\r\n        <div class=\"w-richtext\">\r\n            <h2>S\u00e9rie de meubles rembourr\u00e9s modernes et \u00e9l\u00e9gants<\/h2>\n<p>Les meubles rembourr\u00e9s de la s\u00e9rie TULIPANO allient style moderne et confort et sont parfaitement adapt\u00e9s aux besoins des maisons de soins et des r\u00e9sidences pour personnes \u00e2g\u00e9es. Arrangez les diff\u00e9rents fauteuils et canap\u00e9s pour former des groupes de si\u00e8ges attrayants qui apporteront une touche esth\u00e9tique \u00e0 votre concept d'am\u00e9nagement et vous permettront de passer des moments de d\u00e9tente.<\/p>\n<h3>Robuste et confortable<\/h3>\n<p>Mais TULIPANO est bien plus qu'une s\u00e9rie de meubles rembourr\u00e9s modernes et \u00e9l\u00e9gants. Elle convainc \u00e9galement par sa fonctionnalit\u00e9 exceptionnelle pour l'usage quotidien. La hauteur d'assise a \u00e9t\u00e9 choisie de mani\u00e8re \u00e0 ce que m\u00eame les personnes \u00e2g\u00e9es puissent s'asseoir et se relever confortablement. L'assise est amovible pour faciliter le nettoyage et la d\u00e9sinfection. Selon les besoins, vous pouvez choisir parmi une grande vari\u00e9t\u00e9 de mat\u00e9riaux de rev\u00eatement robustes, tels que la microfibre ou le similicuir, qui sont r\u00e9sistants \u00e0 l'usure et aux sollicitations quotidiennes des soins.<\/p>\n<h3>De nombreuses possibilit\u00e9s de conception<\/h3>\n<p>Int\u00e9grez facilement les meubles de la s\u00e9rie TULIPANO dans votre int\u00e9rieur. Qu'il s'agisse de la hauteur des dossiers ou de la largeur des canap\u00e9s, configurez tout selon vos souhaits et vos besoins. M\u00eame <a href=\"https:\/\/objektmobiliar.ch\/fr\/inspiration\/materiaux-et-couleurs\/\">Mat\u00e9riaux, couleurs et motifs<\/a> des rev\u00eatements peut \u00eatre d\u00e9termin\u00e9e individuellement. Pour les parties en bois massif, vous avez le choix entre diverses teintes de bois. Faites confiance \u00e0 notre expertise. Nous nous ferons un plaisir de vous conseiller en d\u00e9tail.<\/p>\r\n        <\/div>\r\n      <\/div>\r\n    <\/section><\/div>\n\n\n<p><\/p>\n<style class=\"advgb-styles-renderer\">\r\n            .similar-products-nav li {\r\n              overflow: hidden;\r\n              margin: 0px !important;\r\n              flex-grow: 0 !important;\r\n              flex-shrink: 1 !important;\r\n              flex-basis: 12.5% !important;\r\n              border-style: solid;\r\n              border-width: 2px;\r\n              border-color: transparent;\r\n              border-radius: 8px;\r\n              transition-property: border-color;\r\n              transition-duration: 600ms;\r\n              transition-timing-function: ease;\r\n              cursor: pointer;\r\n            }\r\n            .similar-products-nav li.slick-active {\r\n              border-color: #dde7ef;\r\n            }\r\n            @media screen and (max-width:767px) {\r\n              .similar-products-nav li {\r\n                flex-basis: auto !important;\r\n                border-radius: 8px;\r\n                padding-top: 8px;\r\n                padding-right: 16px;\r\n                padding-bottom: 6px;\r\n                padding-left: 16px;\r\n              }\r\n              .similar-products-nav li.slick-active {\r\n                background-color: #dde7ef;\r\n                transition-property: background-color, border-color;\r\n                transition-duration: 600ms, 200ms;\r\n                transition-timing-function: ease, ease;\r\n                color: #426b8a;\r\n              }\r\n            }\r\n          <\/style>","protected":false},"excerpt":{"rendered":"<p>Ob R\u00fcckzugsm\u00f6glichkeit, Ort der Entspannung oder elegantes Designhighlight. Die Serie TULIPANO besticht durch ein chices und abgerundetes Desing und \u00fcberzeugt durch die hohe Strapazierf\u00e4higkeit.<\/p>","protected":false},"author":2,"featured_media":529,"parent":220,"menu_order":0,"comment_status":"closed","ping_status":"closed","template":"","meta":{"advgb_blocks_editor_width":"","advgb_blocks_columns_visual_guide":"","footnotes":""},"class_list":["post-524","page","type-page","status-publish","has-post-thumbnail","hentry"],"yoast_head":"<!-- This site is optimized with the Yoast SEO plugin v27.4 - https:\/\/yoast.com\/product\/yoast-seo-wordpress\/ -->\n<title>Stilvolle moderne Polsterm\u00f6bel Serie bei OZG<\/title>\n<meta name=\"description\" content=\"Die stilvolle, moderne Polsterm\u00f6bel Serie Tulipano umfasst Lounge Sessel, Ohrenbackensessel, Hochlehner und Sofas in diversen Gr\u00f6ssen.\" \/>\n<meta name=\"robots\" content=\"index, follow, max-snippet:-1, max-image-preview:large, max-video-preview:-1\" \/>\n<link rel=\"canonical\" href=\"https:\/\/objektmobiliar.ch\/fr\/meubles\/meubles-rembourres-faciles-a-entretenir\/meubles-rembourres-modernes\/\" \/>\n<meta property=\"og:locale\" content=\"fr_FR\" \/>\n<meta property=\"og:type\" content=\"article\" \/>\n<meta property=\"og:title\" content=\"Stilvolle moderne Polsterm\u00f6bel Serie bei OZG\" \/>\n<meta property=\"og:description\" content=\"Die stilvolle, moderne Polsterm\u00f6bel Serie Tulipano umfasst Lounge Sessel, Ohrenbackensessel, Hochlehner und Sofas in diversen Gr\u00f6ssen.\" \/>\n<meta property=\"og:url\" content=\"https:\/\/objektmobiliar.ch\/fr\/meubles\/meubles-rembourres-faciles-a-entretenir\/meubles-rembourres-modernes\/\" \/>\n<meta property=\"og:site_name\" content=\"OZG HEALTHCARE\" \/>\n<meta property=\"article:modified_time\" content=\"2026-01-12T14:07:20+00:00\" \/>\n<meta property=\"og:image\" content=\"https:\/\/objektmobiliar.ch\/wp-content\/uploads\/2023\/10\/tulipano.jpg\" \/>\n\t<meta property=\"og:image:width\" content=\"1000\" \/>\n\t<meta property=\"og:image:height\" content=\"1000\" \/>\n\t<meta property=\"og:image:type\" content=\"image\/jpeg\" \/>\n<meta name=\"twitter:card\" content=\"summary_large_image\" \/>\n<meta name=\"twitter:label1\" content=\"Dur\u00e9e de lecture estim\u00e9e\" \/>\n\t<meta name=\"twitter:data1\" content=\"5 minutes\" \/>\n<script type=\"application\/ld+json\" class=\"yoast-schema-graph\">{\"@context\":\"https:\\\/\\\/schema.org\",\"@graph\":[{\"@type\":\"WebPage\",\"@id\":\"https:\\\/\\\/objektmobiliar.ch\\\/moebel\\\/pflegegerechte-polstermoebel\\\/moderne-polstermoebel\\\/\",\"url\":\"https:\\\/\\\/objektmobiliar.ch\\\/moebel\\\/pflegegerechte-polstermoebel\\\/moderne-polstermoebel\\\/\",\"name\":\"Stilvolle moderne Polsterm\u00f6bel Serie bei OZG\",\"isPartOf\":{\"@id\":\"https:\\\/\\\/objektmobiliar.ch\\\/#website\"},\"primaryImageOfPage\":{\"@id\":\"https:\\\/\\\/objektmobiliar.ch\\\/moebel\\\/pflegegerechte-polstermoebel\\\/moderne-polstermoebel\\\/#primaryimage\"},\"image\":{\"@id\":\"https:\\\/\\\/objektmobiliar.ch\\\/moebel\\\/pflegegerechte-polstermoebel\\\/moderne-polstermoebel\\\/#primaryimage\"},\"thumbnailUrl\":\"https:\\\/\\\/objektmobiliar.ch\\\/wp-content\\\/uploads\\\/2023\\\/10\\\/tulipano.jpg\",\"datePublished\":\"2023-10-15T00:52:50+00:00\",\"dateModified\":\"2026-01-12T14:07:20+00:00\",\"description\":\"Die stilvolle, moderne Polsterm\u00f6bel Serie Tulipano umfasst Lounge Sessel, Ohrenbackensessel, Hochlehner und Sofas in diversen Gr\u00f6ssen.\",\"breadcrumb\":{\"@id\":\"https:\\\/\\\/objektmobiliar.ch\\\/moebel\\\/pflegegerechte-polstermoebel\\\/moderne-polstermoebel\\\/#breadcrumb\"},\"inLanguage\":\"fr-FR\",\"potentialAction\":[{\"@type\":\"ReadAction\",\"target\":[\"https:\\\/\\\/objektmobiliar.ch\\\/moebel\\\/pflegegerechte-polstermoebel\\\/moderne-polstermoebel\\\/\"]}]},{\"@type\":\"ImageObject\",\"inLanguage\":\"fr-FR\",\"@id\":\"https:\\\/\\\/objektmobiliar.ch\\\/moebel\\\/pflegegerechte-polstermoebel\\\/moderne-polstermoebel\\\/#primaryimage\",\"url\":\"https:\\\/\\\/objektmobiliar.ch\\\/wp-content\\\/uploads\\\/2023\\\/10\\\/tulipano.jpg\",\"contentUrl\":\"https:\\\/\\\/objektmobiliar.ch\\\/wp-content\\\/uploads\\\/2023\\\/10\\\/tulipano.jpg\",\"width\":1000,\"height\":1000,\"caption\":\"Stilvolle moderne Polsterm\u00f6bel Serie f\u00fcr Pflegeheime\"},{\"@type\":\"BreadcrumbList\",\"@id\":\"https:\\\/\\\/objektmobiliar.ch\\\/moebel\\\/pflegegerechte-polstermoebel\\\/moderne-polstermoebel\\\/#breadcrumb\",\"itemListElement\":[{\"@type\":\"ListItem\",\"position\":1,\"name\":\"Startseite\",\"item\":\"https:\\\/\\\/objektmobiliar.ch\\\/\"},{\"@type\":\"ListItem\",\"position\":2,\"name\":\"M\u00f6bel\",\"item\":\"https:\\\/\\\/objektmobiliar.ch\\\/moebel\\\/\"},{\"@type\":\"ListItem\",\"position\":3,\"name\":\"Polsterm\u00f6bel\",\"item\":\"https:\\\/\\\/objektmobiliar.ch\\\/moebel\\\/pflegegerechte-polstermoebel\\\/\"},{\"@type\":\"ListItem\",\"position\":4,\"name\":\"Tulipano\"}]},{\"@type\":\"WebSite\",\"@id\":\"https:\\\/\\\/objektmobiliar.ch\\\/#website\",\"url\":\"https:\\\/\\\/objektmobiliar.ch\\\/\",\"name\":\"OZG HEALTHCARE\",\"description\":\"Objektmobiliar f\u00fcr Pflege, B\u00fcro, Praxis &amp; Hotellerie\",\"potentialAction\":[{\"@type\":\"SearchAction\",\"target\":{\"@type\":\"EntryPoint\",\"urlTemplate\":\"https:\\\/\\\/objektmobiliar.ch\\\/?s={search_term_string}\"},\"query-input\":{\"@type\":\"PropertyValueSpecification\",\"valueRequired\":true,\"valueName\":\"search_term_string\"}}],\"inLanguage\":\"fr-FR\"}]}<\/script>\n<!-- \/ Yoast SEO plugin. -->","yoast_head_json":{"title":"Une s\u00e9rie de meubles rembourr\u00e9s modernes et \u00e9l\u00e9gants chez OZG","description":"La s\u00e9rie de meubles rembourr\u00e9s modernes et \u00e9l\u00e9gants Tulipano comprend des fauteuils lounge, des fauteuils \u00e0 oreilles, des fauteuils \u00e0 dossier haut et des canap\u00e9s de diff\u00e9rentes tailles.","robots":{"index":"index","follow":"follow","max-snippet":"max-snippet:-1","max-image-preview":"max-image-preview:large","max-video-preview":"max-video-preview:-1"},"canonical":"https:\/\/objektmobiliar.ch\/fr\/meubles\/meubles-rembourres-faciles-a-entretenir\/meubles-rembourres-modernes\/","og_locale":"fr_FR","og_type":"article","og_title":"Stilvolle moderne Polsterm\u00f6bel Serie bei OZG","og_description":"Die stilvolle, moderne Polsterm\u00f6bel Serie Tulipano umfasst Lounge Sessel, Ohrenbackensessel, Hochlehner und Sofas in diversen Gr\u00f6ssen.","og_url":"https:\/\/objektmobiliar.ch\/fr\/meubles\/meubles-rembourres-faciles-a-entretenir\/meubles-rembourres-modernes\/","og_site_name":"OZG HEALTHCARE","article_modified_time":"2026-01-12T14:07:20+00:00","og_image":[{"width":1000,"height":1000,"url":"https:\/\/objektmobiliar.ch\/wp-content\/uploads\/2023\/10\/tulipano.jpg","type":"image\/jpeg"}],"twitter_card":"summary_large_image","twitter_misc":{"Dur\u00e9e de lecture estim\u00e9e":"5 minutes"},"schema":{"@context":"https:\/\/schema.org","@graph":[{"@type":"WebPage","@id":"https:\/\/objektmobiliar.ch\/moebel\/pflegegerechte-polstermoebel\/moderne-polstermoebel\/","url":"https:\/\/objektmobiliar.ch\/moebel\/pflegegerechte-polstermoebel\/moderne-polstermoebel\/","name":"Une s\u00e9rie de meubles rembourr\u00e9s modernes et \u00e9l\u00e9gants chez OZG","isPartOf":{"@id":"https:\/\/objektmobiliar.ch\/#website"},"primaryImageOfPage":{"@id":"https:\/\/objektmobiliar.ch\/moebel\/pflegegerechte-polstermoebel\/moderne-polstermoebel\/#primaryimage"},"image":{"@id":"https:\/\/objektmobiliar.ch\/moebel\/pflegegerechte-polstermoebel\/moderne-polstermoebel\/#primaryimage"},"thumbnailUrl":"https:\/\/objektmobiliar.ch\/wp-content\/uploads\/2023\/10\/tulipano.jpg","datePublished":"2023-10-15T00:52:50+00:00","dateModified":"2026-01-12T14:07:20+00:00","description":"La s\u00e9rie de meubles rembourr\u00e9s modernes et \u00e9l\u00e9gants Tulipano comprend des fauteuils lounge, des fauteuils \u00e0 oreilles, des fauteuils \u00e0 dossier haut et des canap\u00e9s de diff\u00e9rentes tailles.","breadcrumb":{"@id":"https:\/\/objektmobiliar.ch\/moebel\/pflegegerechte-polstermoebel\/moderne-polstermoebel\/#breadcrumb"},"inLanguage":"fr-FR","potentialAction":[{"@type":"ReadAction","target":["https:\/\/objektmobiliar.ch\/moebel\/pflegegerechte-polstermoebel\/moderne-polstermoebel\/"]}]},{"@type":"ImageObject","inLanguage":"fr-FR","@id":"https:\/\/objektmobiliar.ch\/moebel\/pflegegerechte-polstermoebel\/moderne-polstermoebel\/#primaryimage","url":"https:\/\/objektmobiliar.ch\/wp-content\/uploads\/2023\/10\/tulipano.jpg","contentUrl":"https:\/\/objektmobiliar.ch\/wp-content\/uploads\/2023\/10\/tulipano.jpg","width":1000,"height":1000,"caption":"Stilvolle moderne Polsterm\u00f6bel Serie f\u00fcr Pflegeheime"},{"@type":"BreadcrumbList","@id":"https:\/\/objektmobiliar.ch\/moebel\/pflegegerechte-polstermoebel\/moderne-polstermoebel\/#breadcrumb","itemListElement":[{"@type":"ListItem","position":1,"name":"Startseite","item":"https:\/\/objektmobiliar.ch\/"},{"@type":"ListItem","position":2,"name":"M\u00f6bel","item":"https:\/\/objektmobiliar.ch\/moebel\/"},{"@type":"ListItem","position":3,"name":"Polsterm\u00f6bel","item":"https:\/\/objektmobiliar.ch\/moebel\/pflegegerechte-polstermoebel\/"},{"@type":"ListItem","position":4,"name":"Tulipano"}]},{"@type":"WebSite","@id":"https:\/\/objektmobiliar.ch\/#website","url":"https:\/\/objektmobiliar.ch\/","name":"OZG HEALTHCARE","description":"Mobilier de collectivit\u00e9 pour les soins, les bureaux, les cabinets m\u00e9dicaux et l'h\u00f4tellerie","potentialAction":[{"@type":"SearchAction","target":{"@type":"EntryPoint","urlTemplate":"https:\/\/objektmobiliar.ch\/?s={search_term_string}"},"query-input":{"@type":"PropertyValueSpecification","valueRequired":true,"valueName":"search_term_string"}}],"inLanguage":"fr-FR"}]}},"coauthors":[],"author_meta":{"author_link":"https:\/\/objektmobiliar.ch\/fr\/author\/alex\/","display_name":"Alex"},"relative_dates":{"created":"Publi\u00e9 3 ans il y a","modified":"Mis \u00e0 jour 3 mois il y a"},"absolute_dates":{"created":"Publi\u00e9 le octobre 15, 2023","modified":"Mise \u00e0 jour le janvier 12, 2026"},"absolute_dates_time":{"created":"Publi\u00e9 le octobre 15, 2023 12:52 am","modified":"Mise \u00e0 jour le janvier 12, 2026 2:07 pm"},"featured_img_caption":"","featured_img":"https:\/\/objektmobiliar.ch\/wp-content\/uploads\/2023\/10\/tulipano-825x510.jpg","series_order":"","_links":{"self":[{"href":"https:\/\/objektmobiliar.ch\/fr\/wp-json\/wp\/v2\/pages\/524","targetHints":{"allow":["GET"]}}],"collection":[{"href":"https:\/\/objektmobiliar.ch\/fr\/wp-json\/wp\/v2\/pages"}],"about":[{"href":"https:\/\/objektmobiliar.ch\/fr\/wp-json\/wp\/v2\/types\/page"}],"author":[{"embeddable":true,"href":"https:\/\/objektmobiliar.ch\/fr\/wp-json\/wp\/v2\/users\/2"}],"replies":[{"embeddable":true,"href":"https:\/\/objektmobiliar.ch\/fr\/wp-json\/wp\/v2\/comments?post=524"}],"version-history":[{"count":17,"href":"https:\/\/objektmobiliar.ch\/fr\/wp-json\/wp\/v2\/pages\/524\/revisions"}],"predecessor-version":[{"id":5748,"href":"https:\/\/objektmobiliar.ch\/fr\/wp-json\/wp\/v2\/pages\/524\/revisions\/5748"}],"up":[{"embeddable":true,"href":"https:\/\/objektmobiliar.ch\/fr\/wp-json\/wp\/v2\/pages\/220"}],"wp:featuredmedia":[{"embeddable":true,"href":"https:\/\/objektmobiliar.ch\/fr\/wp-json\/wp\/v2\/media\/529"}],"wp:attachment":[{"href":"https:\/\/objektmobiliar.ch\/fr\/wp-json\/wp\/v2\/media?parent=524"}],"curies":[{"name":"wp","href":"https:\/\/api.w.org\/{rel}","templated":true}]}}