{"id":5145,"date":"2025-04-01T12:26:55","date_gmt":"2025-04-01T12:26:55","guid":{"rendered":"https:\/\/objektmobiliar.ch\/?page_id=5145"},"modified":"2025-04-01T12:27:20","modified_gmt":"2025-04-01T12:27:20","slug":"ensemble-de-meubles-de-jardin","status":"publish","type":"page","link":"https:\/\/objektmobiliar.ch\/fr\/moebel\/outdoor-moebel-pflegeheime\/gartenmoebel-set\/","title":{"rendered":"Ensemble de meubles de jardin Miami"},"content":{"rendered":"<div class=\"lazyblock-produkt-detail-ozg-2t4lLz wp-block-lazyblock-produkt-detail-ozg\"><section class=\"sct\">\r\n      <div class=\"cnt\">\r\n        <div class=\"elmnt-product-desc\">\r\n          <div class=\"product-desc-box\"><img decoding=\"async\" src=\"https:\/\/objektmobiliar.ch\/wp-content\/uploads\/2025\/03\/Gartenmoebel-Set-Kunstrattan.jpg\" loading=\"lazy\" alt=\"\" class=\"product-desc-img\"><\/div>\r\n          <div class=\"product-desc-txt\">\r\n            <h1 class=\"txt-product-headline\">Gartensitzgruppe Miami<\/h1>\r\n            <h2 class=\"txt-product-subline\">Gartenm\u00f6bel Set aus Kunstrattan<\/h2>\r\n            <div class=\"w-richtext\">\r\n              <p>Das Gartenm\u00f6bel Set aus Kunstrattan &#8220;Miama&#8221; ist erh\u00e4ltlich in den Farben Anthrazit, Braun oder Weiss. Das robuste, wetterfeste Material ist besonders pflegeleicht.<\/p>\n<p><strong>Zum Set geh\u00f6ren:<\/strong><\/p>\n<ul>\n<li>1x 2er Gartensitzbank<\/li>\n<li>2x Gartenst\u00fchle<\/li>\n<li>1x Tisch<\/li>\n<li>2x Beistelltisch<\/li>\n<li>1x Kissenset<\/li>\n<\/ul>\r\n            <\/div>\r\n            <a onclick=\"splite_loader();\" class=\"btn\">Produkt anfragen<\/a>\r\n          <\/div>\r\n        <\/div>\r\n      <\/div>\r\n    <\/section><\/div>\n\n<div class=\"lazyblock-text-modul-ozg-Z27Xslv wp-block-lazyblock-text-modul-ozg\"><section class=\"sct\">\r\n      <div class=\"cnt narrow\">\r\n        <div class=\"w-richtext\">\r\n            <h2>Farbauswahl f\u00fcr das Gartenm\u00f6bel Set<\/h2>\n<p><img loading=\"lazy\" decoding=\"async\" class=\"alignnone size-full wp-image-5162\" src=\"https:\/\/objektmobiliar.ch\/wp-content\/uploads\/2025\/03\/Farbauswahl-Kunstrattan-OZG.jpg\" alt=\"\" width=\"1166\" height=\"350\" srcset=\"https:\/\/objektmobiliar.ch\/wp-content\/uploads\/2025\/03\/Farbauswahl-Kunstrattan-OZG.jpg 1166w, https:\/\/objektmobiliar.ch\/wp-content\/uploads\/2025\/03\/Farbauswahl-Kunstrattan-OZG-800x240.jpg 800w, https:\/\/objektmobiliar.ch\/wp-content\/uploads\/2025\/03\/Farbauswahl-Kunstrattan-OZG-768x231.jpg 768w, https:\/\/objektmobiliar.ch\/wp-content\/uploads\/2025\/03\/Farbauswahl-Kunstrattan-OZG-18x5.jpg 18w\" sizes=\"auto, (max-width: 1166px) 100vw, 1166px\" \/><\/p>\n<p>Das Gartenm\u00f6bel Set aus Kunstrattan ist erh\u00e4ltlich in den drei Farben Weiss, Braun oder Anthrazit.<\/p>\r\n        <\/div>\r\n      <\/div>\r\n    <\/section><\/div>\n\n<section class=\"sct\">\r\n      <div class=\"cnt narrow\">\r\n        <div class=\"introtxt\">\r\n        <div class=\"w-richtext\">\r\n            <h2>Produktauswahl<\/h2>\r\n        <\/div>\r\n        <\/div>\r\n        \r\n          \n\n\n<figure class=\"wp-block-table\"><table class=\"has-fixed-layout\"><thead><tr><th>Art. Nr.<\/th><th>Bezeichnung<\/th><\/tr><\/thead><tbody><tr><td>251-0012\/S<\/td><td>Miami Gartenm\u00f6bel Set<\/td><\/tr><\/tbody><\/table><\/figure>\n\n\n<\/div><\/section>\n\n<div class=\"lazyblock-bildergalerie-lightbox-ozg-1NdT6q wp-block-lazyblock-bildergalerie-lightbox-ozg\"><section class=\"sct\">\r\n  <div class=\"cnt narrow\">\r\n    <div class=\"introtxt\">\r\n    <div class=\"w-richtext\">\r\n        <h2>Referenzen zum Gartenm\u00f6bel Set<\/h2>\r\n    <\/div>\r\n    <\/div>\r\n  \r\n    <div class=\"elmnt-imggallery\">\r\n      <a href=\"#\" class=\"imggallery-link w-inline-block w-lightbox\">\r\n        <img decoding=\"async\" src=\"https:\/\/objektmobiliar.ch\/wp-content\/uploads\/2025\/04\/Gartenmoebel-Set-Kunstrattan-anthrazit.jpg\" loading=\"lazy\" alt=\"\" class=\"imggallery-img\">\r\n        <script type=\"application\/json\" class=\"w-json\">\r\n            {\r\n              \"items\": [{\r\n\r\n                \"url\": \"https:\/\/objektmobiliar.ch\/wp-content\/uploads\/2025\/04\/Gartenmoebel-Set-Kunstrattan-anthrazit.jpg\",\r\n                \"caption\": \"\",\r\n                \"type\": \"image\"\r\n              }],\r\n              \"group\": \"\"\r\n            }\r\n          <\/script>\r\n      <\/a>\r\n      <a href=\"#\" class=\"imggallery-link w-inline-block w-lightbox\">\r\n        <img decoding=\"async\" src=\"https:\/\/objektmobiliar.ch\/wp-content\/uploads\/2025\/04\/Gartenmoebel-Set-Kunstrattan-braun.jpg\" loading=\"lazy\" alt=\"\" class=\"imggallery-img\">\r\n        <script type=\"application\/json\" class=\"w-json\">\r\n            {\r\n              \"items\": [{\r\n\r\n                \"url\": \"https:\/\/objektmobiliar.ch\/wp-content\/uploads\/2025\/04\/Gartenmoebel-Set-Kunstrattan-braun.jpg\",\r\n                \"caption\": \"\",\r\n                \"type\": \"image\"\r\n              }],\r\n              \"group\": \"\"\r\n            }\r\n          <\/script>\r\n      <\/a>\r\n      <a href=\"#\" class=\"imggallery-link w-inline-block w-lightbox\">\r\n        <img decoding=\"async\" src=\"https:\/\/objektmobiliar.ch\/wp-content\/uploads\/2025\/04\/Gartenmoebel-Set-Kunstrattan-weiss.jpg\" loading=\"lazy\" alt=\"\" class=\"imggallery-img\">\r\n        <script type=\"application\/json\" class=\"w-json\">\r\n            {\r\n              \"items\": [{\r\n\r\n                \"url\": \"https:\/\/objektmobiliar.ch\/wp-content\/uploads\/2025\/04\/Gartenmoebel-Set-Kunstrattan-weiss.jpg\",\r\n                \"caption\": \"\",\r\n                \"type\": \"image\"\r\n              }],\r\n              \"group\": \"\"\r\n            }\r\n          <\/script>\r\n      <\/a>\r\n    <\/div>\r\n    \r\n  <\/div>\r\n<\/section><\/div>\n\n<div class=\"lazyblock-text-modul-ozg-ZzxiPc wp-block-lazyblock-text-modul-ozg\"><section class=\"sct\">\r\n      <div class=\"cnt narrow\">\r\n        <div class=\"w-richtext\">\r\n            <h2>Details zum Gartenm\u00f6bel Set<\/h2>\n<p>Das Miami Gartenm\u00f6bel Set aus Kunstrattan eignet sich ideal f\u00fcr Aussenbereiche. Es ist stabil, wetterfest, langlebig und pflegeleicht. Die einzelnen Elemente sind stapelbar f\u00fcr eine platzsparende Lagerung z.B. in den Wintermonaten. Die Sitzm\u00f6bel verf\u00fcgen \u00fcber schlanke Armlehnen, die das Hinsetzen und Aufstehen erleichtern. F\u00fcr mehr Sitzkomfort umfasst das Set ebenfalls bequeme Sitzkissen.<\/p>\n<h3>Elemente des Sets:<\/h3>\n<ul>\n<li>1x 2er Gartensitzbank<\/li>\n<li>2x Gartenst\u00fchle<\/li>\n<li>1x Lounge Tisch<\/li>\n<li>2x Beistelltisch<\/li>\n<li>1x Kissenset aus 5cm dicken Kissen<\/li>\n<\/ul>\n<h3>Abmessung der einzelnen M\u00f6bel<\/h3>\n<ul>\n<li>2er Gartensitzbank Abmessung: SH mit Kissen 43cm, H 89cm, B 128cm, T 77cm<\/li>\n<li>Gartenstuhl Abmessung: SH mit Kissen 43cm, H 89cm, B 72cm, T 76cm<\/li>\n<li>Lounge Tisch Abmessung: H 45cm, B 92cm, T 53cm<\/li>\n<li>Beistelltisch Abmessung: H 45cm, B 45cm, T 45cm<\/li>\n<\/ul>\n<h3 id=\"weitere-outdoor-stuhle-und-tische\">Weitere Outdoor St\u00fchle und Tische<\/h3>\n<p>Sie sind auf der Suche nach weiteren M\u00f6beln f\u00fcr Ihre Terrassen, Balkone oder G\u00e4rten? In unserem Sortiment finden Sie eine grosse Auswahl an\u00a0<a href=\"https:\/\/objektmobiliar.ch\/moebel\/outdoor-moebel-pflegeheime\/\" target=\"_blank\" rel=\"noopener\">Outdoor St\u00fchlen und Tischen<\/a>.<\/p>\r\n        <\/div>\r\n            <div ><a href=\"\" class=\"btn\" >Weitere Gartenm\u00f6bel<\/a><\/div>\r\n      <\/div>\r\n    <\/section><\/div>","protected":false},"excerpt":{"rendered":"<p>Art. Nr. Bezeichnung 251-0012\/S Miami Gartenm\u00f6bel Set<\/p>","protected":false},"author":4,"featured_media":0,"parent":749,"menu_order":0,"comment_status":"closed","ping_status":"closed","template":"","meta":{"advgb_blocks_editor_width":"","advgb_blocks_columns_visual_guide":"","footnotes":""},"class_list":["post-5145","page","type-page","status-publish","hentry"],"yoast_head":"<!-- This site is optimized with the Yoast SEO plugin v27.4 - https:\/\/yoast.com\/product\/yoast-seo-wordpress\/ -->\n<title>Gartenm\u00f6bel Set aus Kunstrattan - bei OZG kaufen<\/title>\n<meta name=\"description\" content=\"Gartenm\u00f6bel Set aus Kunstrattan ideal f\u00fcr Aussenbereiche. Stabil, wetterfest, langlebig und pflegeleicht. In drei Farben erh\u00e4ltlich.\" \/>\n<meta name=\"robots\" content=\"index, follow, max-snippet:-1, max-image-preview:large, max-video-preview:-1\" \/>\n<link rel=\"canonical\" href=\"https:\/\/objektmobiliar.ch\/fr\/meubles\/meubles-dexterieur-maisons-de-retraite\/ensemble-de-meubles-de-jardin\/\" \/>\n<meta property=\"og:locale\" content=\"fr_FR\" \/>\n<meta property=\"og:type\" content=\"article\" \/>\n<meta property=\"og:title\" content=\"Gartenm\u00f6bel Set aus Kunstrattan - bei OZG kaufen\" \/>\n<meta property=\"og:description\" content=\"Gartenm\u00f6bel Set aus Kunstrattan ideal f\u00fcr Aussenbereiche. Stabil, wetterfest, langlebig und pflegeleicht. In drei Farben erh\u00e4ltlich.\" \/>\n<meta property=\"og:url\" content=\"https:\/\/objektmobiliar.ch\/fr\/meubles\/meubles-dexterieur-maisons-de-retraite\/ensemble-de-meubles-de-jardin\/\" \/>\n<meta property=\"og:site_name\" content=\"OZG HEALTHCARE\" \/>\n<meta property=\"article:modified_time\" content=\"2025-04-01T12:27:20+00:00\" \/>\n<meta name=\"twitter:card\" content=\"summary_large_image\" \/>\n<meta name=\"twitter:label1\" content=\"Dur\u00e9e de lecture estim\u00e9e\" \/>\n\t<meta name=\"twitter:data1\" content=\"3 minutes\" \/>\n<script type=\"application\/ld+json\" class=\"yoast-schema-graph\">{\"@context\":\"https:\\\/\\\/schema.org\",\"@graph\":[{\"@type\":\"WebPage\",\"@id\":\"https:\\\/\\\/objektmobiliar.ch\\\/moebel\\\/outdoor-moebel-pflegeheime\\\/gartenmoebel-set\\\/\",\"url\":\"https:\\\/\\\/objektmobiliar.ch\\\/moebel\\\/outdoor-moebel-pflegeheime\\\/gartenmoebel-set\\\/\",\"name\":\"Gartenm\u00f6bel Set aus Kunstrattan - bei OZG kaufen\",\"isPartOf\":{\"@id\":\"https:\\\/\\\/objektmobiliar.ch\\\/#website\"},\"datePublished\":\"2025-04-01T12:26:55+00:00\",\"dateModified\":\"2025-04-01T12:27:20+00:00\",\"description\":\"Gartenm\u00f6bel Set aus Kunstrattan ideal f\u00fcr Aussenbereiche. Stabil, wetterfest, langlebig und pflegeleicht. In drei Farben erh\u00e4ltlich.\",\"breadcrumb\":{\"@id\":\"https:\\\/\\\/objektmobiliar.ch\\\/moebel\\\/outdoor-moebel-pflegeheime\\\/gartenmoebel-set\\\/#breadcrumb\"},\"inLanguage\":\"fr-FR\",\"potentialAction\":[{\"@type\":\"ReadAction\",\"target\":[\"https:\\\/\\\/objektmobiliar.ch\\\/moebel\\\/outdoor-moebel-pflegeheime\\\/gartenmoebel-set\\\/\"]}]},{\"@type\":\"BreadcrumbList\",\"@id\":\"https:\\\/\\\/objektmobiliar.ch\\\/moebel\\\/outdoor-moebel-pflegeheime\\\/gartenmoebel-set\\\/#breadcrumb\",\"itemListElement\":[{\"@type\":\"ListItem\",\"position\":1,\"name\":\"Startseite\",\"item\":\"https:\\\/\\\/objektmobiliar.ch\\\/\"},{\"@type\":\"ListItem\",\"position\":2,\"name\":\"M\u00f6bel\",\"item\":\"https:\\\/\\\/objektmobiliar.ch\\\/moebel\\\/\"},{\"@type\":\"ListItem\",\"position\":3,\"name\":\"Gartenm\u00f6bel\",\"item\":\"https:\\\/\\\/objektmobiliar.ch\\\/moebel\\\/outdoor-moebel-pflegeheime\\\/\"},{\"@type\":\"ListItem\",\"position\":4,\"name\":\"Gartenm\u00f6bel Set Miami\"}]},{\"@type\":\"WebSite\",\"@id\":\"https:\\\/\\\/objektmobiliar.ch\\\/#website\",\"url\":\"https:\\\/\\\/objektmobiliar.ch\\\/\",\"name\":\"OZG HEALTHCARE\",\"description\":\"Objektmobiliar f\u00fcr Pflege, B\u00fcro, Praxis &amp; Hotellerie\",\"potentialAction\":[{\"@type\":\"SearchAction\",\"target\":{\"@type\":\"EntryPoint\",\"urlTemplate\":\"https:\\\/\\\/objektmobiliar.ch\\\/?s={search_term_string}\"},\"query-input\":{\"@type\":\"PropertyValueSpecification\",\"valueRequired\":true,\"valueName\":\"search_term_string\"}}],\"inLanguage\":\"fr-FR\"}]}<\/script>\n<!-- \/ Yoast SEO plugin. -->","yoast_head_json":{"title":"Set de meubles de jardin en rotin synth\u00e9tique - acheter chez OZG","description":"Ensemble de meubles de jardin en rotin synth\u00e9tique id\u00e9al pour l'ext\u00e9rieur. Stable, r\u00e9sistant aux intemp\u00e9ries, durable et facile d'entretien. Disponible en trois couleurs.","robots":{"index":"index","follow":"follow","max-snippet":"max-snippet:-1","max-image-preview":"max-image-preview:large","max-video-preview":"max-video-preview:-1"},"canonical":"https:\/\/objektmobiliar.ch\/fr\/meubles\/meubles-dexterieur-maisons-de-retraite\/ensemble-de-meubles-de-jardin\/","og_locale":"fr_FR","og_type":"article","og_title":"Gartenm\u00f6bel Set aus Kunstrattan - bei OZG kaufen","og_description":"Gartenm\u00f6bel Set aus Kunstrattan ideal f\u00fcr Aussenbereiche. Stabil, wetterfest, langlebig und pflegeleicht. In drei Farben erh\u00e4ltlich.","og_url":"https:\/\/objektmobiliar.ch\/fr\/meubles\/meubles-dexterieur-maisons-de-retraite\/ensemble-de-meubles-de-jardin\/","og_site_name":"OZG HEALTHCARE","article_modified_time":"2025-04-01T12:27:20+00:00","twitter_card":"summary_large_image","twitter_misc":{"Dur\u00e9e de lecture estim\u00e9e":"3 minutes"},"schema":{"@context":"https:\/\/schema.org","@graph":[{"@type":"WebPage","@id":"https:\/\/objektmobiliar.ch\/moebel\/outdoor-moebel-pflegeheime\/gartenmoebel-set\/","url":"https:\/\/objektmobiliar.ch\/moebel\/outdoor-moebel-pflegeheime\/gartenmoebel-set\/","name":"Set de meubles de jardin en rotin synth\u00e9tique - acheter chez OZG","isPartOf":{"@id":"https:\/\/objektmobiliar.ch\/#website"},"datePublished":"2025-04-01T12:26:55+00:00","dateModified":"2025-04-01T12:27:20+00:00","description":"Ensemble de meubles de jardin en rotin synth\u00e9tique id\u00e9al pour l'ext\u00e9rieur. Stable, r\u00e9sistant aux intemp\u00e9ries, durable et facile d'entretien. Disponible en trois couleurs.","breadcrumb":{"@id":"https:\/\/objektmobiliar.ch\/moebel\/outdoor-moebel-pflegeheime\/gartenmoebel-set\/#breadcrumb"},"inLanguage":"fr-FR","potentialAction":[{"@type":"ReadAction","target":["https:\/\/objektmobiliar.ch\/moebel\/outdoor-moebel-pflegeheime\/gartenmoebel-set\/"]}]},{"@type":"BreadcrumbList","@id":"https:\/\/objektmobiliar.ch\/moebel\/outdoor-moebel-pflegeheime\/gartenmoebel-set\/#breadcrumb","itemListElement":[{"@type":"ListItem","position":1,"name":"Startseite","item":"https:\/\/objektmobiliar.ch\/"},{"@type":"ListItem","position":2,"name":"M\u00f6bel","item":"https:\/\/objektmobiliar.ch\/moebel\/"},{"@type":"ListItem","position":3,"name":"Gartenm\u00f6bel","item":"https:\/\/objektmobiliar.ch\/moebel\/outdoor-moebel-pflegeheime\/"},{"@type":"ListItem","position":4,"name":"Gartenm\u00f6bel Set Miami"}]},{"@type":"WebSite","@id":"https:\/\/objektmobiliar.ch\/#website","url":"https:\/\/objektmobiliar.ch\/","name":"OZG HEALTHCARE","description":"Mobilier de collectivit\u00e9 pour les soins, les bureaux, les cabinets m\u00e9dicaux et l'h\u00f4tellerie","potentialAction":[{"@type":"SearchAction","target":{"@type":"EntryPoint","urlTemplate":"https:\/\/objektmobiliar.ch\/?s={search_term_string}"},"query-input":{"@type":"PropertyValueSpecification","valueRequired":true,"valueName":"search_term_string"}}],"inLanguage":"fr-FR"}]}},"coauthors":[],"author_meta":{"author_link":"https:\/\/objektmobiliar.ch\/fr\/author\/isa-dahmen\/","display_name":"Isa Dahmen"},"relative_dates":{"created":"Publi\u00e9 1 an il y a","modified":"Mis \u00e0 jour 1 an il y a"},"absolute_dates":{"created":"Publi\u00e9 le avril 1, 2025","modified":"Mise \u00e0 jour le avril 1, 2025"},"absolute_dates_time":{"created":"Publi\u00e9 le avril 1, 2025 12:26 pm","modified":"Mise \u00e0 jour le avril 1, 2025 12:27 pm"},"featured_img_caption":"","featured_img":false,"series_order":"","_links":{"self":[{"href":"https:\/\/objektmobiliar.ch\/fr\/wp-json\/wp\/v2\/pages\/5145","targetHints":{"allow":["GET"]}}],"collection":[{"href":"https:\/\/objektmobiliar.ch\/fr\/wp-json\/wp\/v2\/pages"}],"about":[{"href":"https:\/\/objektmobiliar.ch\/fr\/wp-json\/wp\/v2\/types\/page"}],"author":[{"embeddable":true,"href":"https:\/\/objektmobiliar.ch\/fr\/wp-json\/wp\/v2\/users\/4"}],"replies":[{"embeddable":true,"href":"https:\/\/objektmobiliar.ch\/fr\/wp-json\/wp\/v2\/comments?post=5145"}],"version-history":[{"count":19,"href":"https:\/\/objektmobiliar.ch\/fr\/wp-json\/wp\/v2\/pages\/5145\/revisions"}],"predecessor-version":[{"id":5175,"href":"https:\/\/objektmobiliar.ch\/fr\/wp-json\/wp\/v2\/pages\/5145\/revisions\/5175"}],"up":[{"embeddable":true,"href":"https:\/\/objektmobiliar.ch\/fr\/wp-json\/wp\/v2\/pages\/749"}],"wp:attachment":[{"href":"https:\/\/objektmobiliar.ch\/fr\/wp-json\/wp\/v2\/media?parent=5145"}],"curies":[{"name":"wp","href":"https:\/\/api.w.org\/{rel}","templated":true}]}}