{"id":5127,"date":"2025-03-31T14:25:21","date_gmt":"2025-03-31T14:25:21","guid":{"rendered":"https:\/\/objektmobiliar.ch\/?page_id=5127"},"modified":"2025-04-01T12:28:53","modified_gmt":"2025-04-01T12:28:53","slug":"fauteuil-dexterieur","status":"publish","type":"page","link":"https:\/\/objektmobiliar.ch\/fr\/moebel\/outdoor-moebel-pflegeheime\/lounge-sessel-aussenbereiche\/","title":{"rendered":"Fauteuil lounge Miami"},"content":{"rendered":"<div class=\"lazyblock-produkt-detail-ozg-Z1AjtV0 wp-block-lazyblock-produkt-detail-ozg\"><section class=\"sct\">\r\n      <div class=\"cnt\">\r\n        <div class=\"elmnt-product-desc\">\r\n          <div class=\"product-desc-box\"><img decoding=\"async\" src=\"https:\/\/objektmobiliar.ch\/wp-content\/uploads\/2025\/03\/Lounge-Sessel-Miami-Kunstrattan.jpg\" loading=\"lazy\" alt=\"\" class=\"product-desc-img\"><\/div>\r\n          <div class=\"product-desc-txt\">\r\n            <h1 class=\"txt-product-headline\">Fauteuil lounge Miami<\/h1>\r\n            <h2 class=\"txt-product-subline\">Le fauteuil lounge pour l'ext\u00e9rieur<\/h2>\r\n            <div class=\"w-richtext\">\r\n              <p>La s\u00e9rie de meubles d'assise \"Miami\" comprend des fauteuils lounge pour l'ext\u00e9rieur ainsi qu'un banc de jardin 2 places. Les deux s'accordent parfaitement avec notre table lounge \"Miami\" et peuvent \u00eatre combin\u00e9s pour former des coins salons de jardin attrayants. Les si\u00e8ges sont dot\u00e9s d'accoudoirs fins et sont fabriqu\u00e9s en rotin synth\u00e9tique robuste et r\u00e9sistant aux intemp\u00e9ries. Ils sont disponibles en trois couleurs : Anthracite, brun et blanc.<\/p>\r\n            <\/div>\r\n            <a onclick=\"splite_loader();\" class=\"btn\">Demander un produit<\/a>\r\n          <\/div>\r\n        <\/div>\r\n      <\/div>\r\n    <\/section><\/div>\n\n<div class=\"lazyblock-produkt-slider-ozg-ZuatUf wp-block-lazyblock-produkt-slider-ozg\"><section class=\"sct\">\r\n  <div class=\"cnt semi\">\r\n    <div class=\"intro-txt\">\r\n        <h2>Mod\u00e8les et versions<\/h2>\r\n    <\/div>\r\n    \r\n    <div class=\"elmnt-similar-products\">\r\n      <div class=\"similar-product\"><img decoding=\"async\" src=\"https:\/\/objektmobiliar.ch\/wp-content\/uploads\/2025\/03\/Lounge-Sessel-Kunstrattan-stapelbar.jpg\" loading=\"eager\" alt=\"\" class=\"similar-product-img\">\r\n        <div class=\"center\">\r\n          <div class=\"w-richtext\">\r\n            <p>251-0015\/S<br>Fauteuil lounge \"Miami, empilable<\/p>\r\n          <\/div>\r\n          \r\n        <\/div>\r\n      <\/div>\r\n      <div class=\"similar-product\"><img decoding=\"async\" src=\"https:\/\/objektmobiliar.ch\/wp-content\/uploads\/2025\/03\/Lounge-Sessel-Kunstrattan-braun.jpg\" loading=\"eager\" alt=\"\" class=\"similar-product-img\">\r\n        <div class=\"center\">\r\n          <div class=\"w-richtext\">\r\n            <p>251-0015\/S<br>Fauteuil lounge \"Miami, marron<\/p>\r\n          <\/div>\r\n          \r\n        <\/div>\r\n      <\/div>\r\n      <div class=\"similar-product\"><img decoding=\"async\" src=\"https:\/\/objektmobiliar.ch\/wp-content\/uploads\/2025\/03\/Lounge-Sessel-Kunstrattan-weiss.jpg\" loading=\"eager\" alt=\"\" class=\"similar-product-img\">\r\n        <div class=\"center\">\r\n          <div class=\"w-richtext\">\r\n            <p>251-0015\/S<br>Fauteuil lounge \"Miami, blanc<\/p>\r\n          <\/div>\r\n          \r\n        <\/div>\r\n      <\/div>\r\n      <div class=\"similar-product\"><img decoding=\"async\" src=\"https:\/\/objektmobiliar.ch\/wp-content\/uploads\/2025\/03\/Gartensitzbank-Miami-Kunstrattan-Anthrazit.jpg\" loading=\"eager\" alt=\"\" class=\"similar-product-img\">\r\n        <div class=\"center\">\r\n          <div class=\"w-richtext\">\r\n            <p>251-0017\/S<br>Banc 2 places Miami, anthracite<\/p>\r\n          <\/div>\r\n          \r\n        <\/div>\r\n      <\/div>\r\n      <div class=\"similar-product\"><img decoding=\"async\" src=\"https:\/\/objektmobiliar.ch\/wp-content\/uploads\/2025\/03\/Gartensitzbank-Miami-Kunstrattan-Weiss.jpg\" loading=\"eager\" alt=\"\" class=\"similar-product-img\">\r\n        <div class=\"center\">\r\n          <div class=\"w-richtext\">\r\n            <p>251-0017\/S<br>Banc Miami 2 places, blanc<\/p>\r\n          <\/div>\r\n          \r\n        <\/div>\r\n      <\/div>\r\n      <div class=\"similar-product\"><img decoding=\"async\" src=\"https:\/\/objektmobiliar.ch\/wp-content\/uploads\/2025\/03\/Gartensitzbank-Miami-Kunstrattan-Braun.jpg\" loading=\"eager\" alt=\"\" class=\"similar-product-img\">\r\n        <div class=\"center\">\r\n          <div class=\"w-richtext\">\r\n            <p>251-0017\/S<br>Banc Miami 2 places, marron<\/p>\r\n          <\/div>\r\n          \r\n        <\/div>\r\n      <\/div>\r\n    <\/div>\r\n  <\/div>\r\n  \r\n  <div class=\"cnt narrow\">\r\n    <div class=\"similar-products-nav-pos\">\r\n      <div class=\"w-embed\">\r\n        \r\n      <\/div>\r\n    <\/div>\r\n  <\/div>\r\n<\/section><\/div>\n\n<section class=\"sct\">\r\n      <div class=\"cnt semi\">\r\n        <div class=\"introtxt\">\r\n        <div class=\"w-richtext\">\r\n            <h2>Description du produit<\/h2>\r\n        <\/div>\r\n        <\/div>\r\n        \r\n          \n\n\n<figure class=\"wp-block-table\"><table class=\"has-fixed-layout\"><thead><tr><th>Art. No.<\/th><th>D\u00e9signation<\/th><th>Dimensions<\/th><\/tr><\/thead><tbody><tr><td>251-0015\/S<\/td><td>Miami Lounge Fauteuil<\/td><td>H 89cm, L 72cm, P 76cm, SH 38cm<\/td><\/tr><tr><td>251-0017\/S<\/td><td>Banc de jardin Miami 2 places<\/td><td>H 89cm, L 128cm, P 77cm, SH 38cm<\/td><\/tr><tr><td>251-0016\/S<\/td><td>Coussin d'assise Miami pour fauteuil<\/td><td><\/td><\/tr><tr><td>251-0018\/S<\/td><td>Coussin d'assise Miami pour banc 2 places<\/td><td><\/td><\/tr><tr><td>251-0014\/S<\/td><td>Table de jardin Miami<\/td><td><a href=\"https:\/\/objektmobiliar.ch\/fr\/meubles\/meubles-dexterieur-maisons-de-retraite\/table-basse-lounge\/\">Passer au produit<\/a><\/td><\/tr><tr><td>251-0012\/S<\/td><td>Ensemble de meubles de jardin Miami<\/td><td><a href=\"https:\/\/objektmobiliar.ch\/fr\/meubles\/meubles-dexterieur-maisons-de-retraite\/ensemble-de-meubles-de-jardin\/\">Passer au produit<\/a><\/td><\/tr><\/tbody><\/table><\/figure>\n\n\n<\/div><\/section>\n\n<div class=\"lazyblock-text-modul-ozg-24UU3F wp-block-lazyblock-text-modul-ozg\"><section class=\"sct\">\r\n      <div class=\"cnt semi\">\r\n        <div class=\"w-richtext\">\r\n            <h2>Fauteuils lounge pour l'ext\u00e9rieur<\/h2>\n<p>La s\u00e9rie de meubles d'assise \"Miami\" comprend des fauteuils lounge pour l'ext\u00e9rieur ainsi qu'un banc de jardin 2 places. Les si\u00e8ges sont dot\u00e9s d'accoudoirs fins et sont fabriqu\u00e9s en rotin synth\u00e9tique robuste et r\u00e9sistant aux intemp\u00e9ries. Pour un meilleur confort d'assise, des coussins d'assise moelleux sont disponibles en option et peuvent \u00eatre command\u00e9s s\u00e9par\u00e9ment.<\/p>\n<p>Le fauteuil de jardin ainsi que le banc \u00e0 2 places sont disponibles en trois couleurs : <strong>Anthracite, marron et blanc.<\/strong><\/p>\r\n        <\/div>\r\n      <\/div>\r\n    <\/section><\/div>\n\n<div class=\"lazyblock-text-modul-ozg-Z2iLrk7 wp-block-lazyblock-text-modul-ozg\"><section class=\"sct\">\r\n      <div class=\"cnt semi\">\r\n        <div class=\"w-richtext\">\r\n            <h2>S\u00e9duisant salon de jardin - set complet<\/h2>\n<p>Combinez le fauteuil lounge et le banc de jardin avec notre table lounge \"Miami\" pour cr\u00e9er un s\u00e9duisant coin salon de jardin - ou commandez directement l'ensemble complet.<\/p>\n<p>&nbsp;<\/p>\n<p><img loading=\"lazy\" decoding=\"async\" class=\"alignnone size-full wp-image-5139\" src=\"https:\/\/objektmobiliar.ch\/wp-content\/uploads\/2025\/03\/Lounge-Sitzgruppe-Set-Kunstrattan.png\" alt=\"\" width=\"1000\" height=\"399\" srcset=\"https:\/\/objektmobiliar.ch\/wp-content\/uploads\/2025\/03\/Lounge-Sitzgruppe-Set-Kunstrattan.png 1000w, https:\/\/objektmobiliar.ch\/wp-content\/uploads\/2025\/03\/Lounge-Sitzgruppe-Set-Kunstrattan-800x319.png 800w, https:\/\/objektmobiliar.ch\/wp-content\/uploads\/2025\/03\/Lounge-Sitzgruppe-Set-Kunstrattan-768x306.png 768w, https:\/\/objektmobiliar.ch\/wp-content\/uploads\/2025\/03\/Lounge-Sitzgruppe-Set-Kunstrattan-18x7.png 18w\" sizes=\"auto, (max-width: 1000px) 100vw, 1000px\" \/><\/p>\r\n        <\/div>\r\n            <div class=\"center\"><a href=\"\" class=\"btn\" >Passer au set<\/a><\/div>\r\n      <\/div>\r\n    <\/section><\/div><style class=\"advgb-styles-renderer\">\r\n            .similar-products-nav li {\r\n              overflow: hidden;\r\n              margin: 0px !important;\r\n              flex-grow: 0 !important;\r\n              flex-shrink: 1 !important;\r\n              flex-basis: 12.5% !important;\r\n              border-style: solid;\r\n              border-width: 2px;\r\n              border-color: transparent;\r\n              border-radius: 8px;\r\n              transition-property: border-color;\r\n              transition-duration: 600ms;\r\n              transition-timing-function: ease;\r\n              cursor: pointer;\r\n            }\r\n            .similar-products-nav li.slick-active {\r\n              border-color: #dde7ef;\r\n            }\r\n            @media screen and (max-width:767px) {\r\n              .similar-products-nav li {\r\n                flex-basis: auto !important;\r\n                border-radius: 8px;\r\n                padding-top: 8px;\r\n                padding-right: 16px;\r\n                padding-bottom: 6px;\r\n                padding-left: 16px;\r\n              }\r\n              .similar-products-nav li.slick-active {\r\n                background-color: #dde7ef;\r\n                transition-property: background-color, border-color;\r\n                transition-duration: 600ms, 200ms;\r\n                transition-timing-function: ease, ease;\r\n                color: #426b8a;\r\n              }\r\n            }\r\n          <\/style>","protected":false},"excerpt":{"rendered":"<p>Art. Nr. Bezeichnung Abmessung 251-0015\/S Miami Lounge Sessel H 89cm, B 72cm, T 76cm, SH 38cm 251-0017\/S Miami 2er Gartensitzbank H 89cm, B 128cm, T 77cm, SH 38cm 251-0016\/S Miami Sitzkissen zu Sessel 251-0018\/S Miami Sitzkissen zu 2er Bank 251-0014\/S Miami Gartentisch Zum Produkt wechseln 251-0012\/S Miami Gartenm\u00f6bel Set Zum Produkt wechseln<\/p>","protected":false},"author":4,"featured_media":0,"parent":749,"menu_order":0,"comment_status":"closed","ping_status":"closed","template":"","meta":{"advgb_blocks_editor_width":"","advgb_blocks_columns_visual_guide":"","footnotes":""},"class_list":["post-5127","page","type-page","status-publish","hentry"],"yoast_head":"<!-- This site is optimized with the Yoast SEO plugin v27.4 - https:\/\/yoast.com\/product\/yoast-seo-wordpress\/ -->\n<title>Lounge Sessel f\u00fcr Aussenbereiche - bei OZG<\/title>\n<meta name=\"description\" content=\"Lounge Sessel f\u00fcr Aussenbereiche. Mit schlanken Armlehnen. Aus robustem, wetterfestem Kunstrattan gefertigt. In drei Farben erh\u00e4ltlich.\" \/>\n<meta name=\"robots\" content=\"index, follow, max-snippet:-1, max-image-preview:large, max-video-preview:-1\" \/>\n<link rel=\"canonical\" href=\"https:\/\/objektmobiliar.ch\/fr\/meubles\/meubles-dexterieur-maisons-de-retraite\/fauteuil-dexterieur\/\" \/>\n<meta property=\"og:locale\" content=\"fr_FR\" \/>\n<meta property=\"og:type\" content=\"article\" \/>\n<meta property=\"og:title\" content=\"Lounge Sessel f\u00fcr Aussenbereiche - bei OZG\" \/>\n<meta property=\"og:description\" content=\"Lounge Sessel f\u00fcr Aussenbereiche. Mit schlanken Armlehnen. Aus robustem, wetterfestem Kunstrattan gefertigt. In drei Farben erh\u00e4ltlich.\" \/>\n<meta property=\"og:url\" content=\"https:\/\/objektmobiliar.ch\/fr\/meubles\/meubles-dexterieur-maisons-de-retraite\/fauteuil-dexterieur\/\" \/>\n<meta property=\"og:site_name\" content=\"OZG HEALTHCARE\" \/>\n<meta property=\"article:modified_time\" content=\"2025-04-01T12:28:53+00:00\" \/>\n<meta name=\"twitter:card\" content=\"summary_large_image\" \/>\n<meta name=\"twitter:label1\" content=\"Dur\u00e9e de lecture estim\u00e9e\" \/>\n\t<meta name=\"twitter:data1\" content=\"3 minutes\" \/>\n<script type=\"application\/ld+json\" class=\"yoast-schema-graph\">{\"@context\":\"https:\\\/\\\/schema.org\",\"@graph\":[{\"@type\":\"WebPage\",\"@id\":\"https:\\\/\\\/objektmobiliar.ch\\\/moebel\\\/outdoor-moebel-pflegeheime\\\/lounge-sessel-aussenbereiche\\\/\",\"url\":\"https:\\\/\\\/objektmobiliar.ch\\\/moebel\\\/outdoor-moebel-pflegeheime\\\/lounge-sessel-aussenbereiche\\\/\",\"name\":\"Lounge Sessel f\u00fcr Aussenbereiche - bei OZG\",\"isPartOf\":{\"@id\":\"https:\\\/\\\/objektmobiliar.ch\\\/#website\"},\"datePublished\":\"2025-03-31T14:25:21+00:00\",\"dateModified\":\"2025-04-01T12:28:53+00:00\",\"description\":\"Lounge Sessel f\u00fcr Aussenbereiche. Mit schlanken Armlehnen. Aus robustem, wetterfestem Kunstrattan gefertigt. In drei Farben erh\u00e4ltlich.\",\"breadcrumb\":{\"@id\":\"https:\\\/\\\/objektmobiliar.ch\\\/moebel\\\/outdoor-moebel-pflegeheime\\\/lounge-sessel-aussenbereiche\\\/#breadcrumb\"},\"inLanguage\":\"fr-FR\",\"potentialAction\":[{\"@type\":\"ReadAction\",\"target\":[\"https:\\\/\\\/objektmobiliar.ch\\\/moebel\\\/outdoor-moebel-pflegeheime\\\/lounge-sessel-aussenbereiche\\\/\"]}]},{\"@type\":\"BreadcrumbList\",\"@id\":\"https:\\\/\\\/objektmobiliar.ch\\\/moebel\\\/outdoor-moebel-pflegeheime\\\/lounge-sessel-aussenbereiche\\\/#breadcrumb\",\"itemListElement\":[{\"@type\":\"ListItem\",\"position\":1,\"name\":\"Startseite\",\"item\":\"https:\\\/\\\/objektmobiliar.ch\\\/\"},{\"@type\":\"ListItem\",\"position\":2,\"name\":\"M\u00f6bel\",\"item\":\"https:\\\/\\\/objektmobiliar.ch\\\/moebel\\\/\"},{\"@type\":\"ListItem\",\"position\":3,\"name\":\"Gartenm\u00f6bel\",\"item\":\"https:\\\/\\\/objektmobiliar.ch\\\/moebel\\\/outdoor-moebel-pflegeheime\\\/\"},{\"@type\":\"ListItem\",\"position\":4,\"name\":\"Lounge Sessel Miami\"}]},{\"@type\":\"WebSite\",\"@id\":\"https:\\\/\\\/objektmobiliar.ch\\\/#website\",\"url\":\"https:\\\/\\\/objektmobiliar.ch\\\/\",\"name\":\"OZG HEALTHCARE\",\"description\":\"Objektmobiliar f\u00fcr Pflege, B\u00fcro, Praxis &amp; Hotellerie\",\"potentialAction\":[{\"@type\":\"SearchAction\",\"target\":{\"@type\":\"EntryPoint\",\"urlTemplate\":\"https:\\\/\\\/objektmobiliar.ch\\\/?s={search_term_string}\"},\"query-input\":{\"@type\":\"PropertyValueSpecification\",\"valueRequired\":true,\"valueName\":\"search_term_string\"}}],\"inLanguage\":\"fr-FR\"}]}<\/script>\n<!-- \/ Yoast SEO plugin. -->","yoast_head_json":{"title":"Fauteuils lounge pour l'ext\u00e9rieur - chez OZG","description":"Fauteuil lounge pour l'ext\u00e9rieur. Avec des accoudoirs fins. Fabriqu\u00e9 en rotin synth\u00e9tique robuste et r\u00e9sistant aux intemp\u00e9ries. Disponible en trois couleurs.","robots":{"index":"index","follow":"follow","max-snippet":"max-snippet:-1","max-image-preview":"max-image-preview:large","max-video-preview":"max-video-preview:-1"},"canonical":"https:\/\/objektmobiliar.ch\/fr\/meubles\/meubles-dexterieur-maisons-de-retraite\/fauteuil-dexterieur\/","og_locale":"fr_FR","og_type":"article","og_title":"Lounge Sessel f\u00fcr Aussenbereiche - bei OZG","og_description":"Lounge Sessel f\u00fcr Aussenbereiche. Mit schlanken Armlehnen. Aus robustem, wetterfestem Kunstrattan gefertigt. In drei Farben erh\u00e4ltlich.","og_url":"https:\/\/objektmobiliar.ch\/fr\/meubles\/meubles-dexterieur-maisons-de-retraite\/fauteuil-dexterieur\/","og_site_name":"OZG HEALTHCARE","article_modified_time":"2025-04-01T12:28:53+00:00","twitter_card":"summary_large_image","twitter_misc":{"Dur\u00e9e de lecture estim\u00e9e":"3 minutes"},"schema":{"@context":"https:\/\/schema.org","@graph":[{"@type":"WebPage","@id":"https:\/\/objektmobiliar.ch\/moebel\/outdoor-moebel-pflegeheime\/lounge-sessel-aussenbereiche\/","url":"https:\/\/objektmobiliar.ch\/moebel\/outdoor-moebel-pflegeheime\/lounge-sessel-aussenbereiche\/","name":"Fauteuils lounge pour l'ext\u00e9rieur - chez OZG","isPartOf":{"@id":"https:\/\/objektmobiliar.ch\/#website"},"datePublished":"2025-03-31T14:25:21+00:00","dateModified":"2025-04-01T12:28:53+00:00","description":"Fauteuil lounge pour l'ext\u00e9rieur. Avec des accoudoirs fins. Fabriqu\u00e9 en rotin synth\u00e9tique robuste et r\u00e9sistant aux intemp\u00e9ries. Disponible en trois couleurs.","breadcrumb":{"@id":"https:\/\/objektmobiliar.ch\/moebel\/outdoor-moebel-pflegeheime\/lounge-sessel-aussenbereiche\/#breadcrumb"},"inLanguage":"fr-FR","potentialAction":[{"@type":"ReadAction","target":["https:\/\/objektmobiliar.ch\/moebel\/outdoor-moebel-pflegeheime\/lounge-sessel-aussenbereiche\/"]}]},{"@type":"BreadcrumbList","@id":"https:\/\/objektmobiliar.ch\/moebel\/outdoor-moebel-pflegeheime\/lounge-sessel-aussenbereiche\/#breadcrumb","itemListElement":[{"@type":"ListItem","position":1,"name":"Startseite","item":"https:\/\/objektmobiliar.ch\/"},{"@type":"ListItem","position":2,"name":"M\u00f6bel","item":"https:\/\/objektmobiliar.ch\/moebel\/"},{"@type":"ListItem","position":3,"name":"Gartenm\u00f6bel","item":"https:\/\/objektmobiliar.ch\/moebel\/outdoor-moebel-pflegeheime\/"},{"@type":"ListItem","position":4,"name":"Lounge Sessel Miami"}]},{"@type":"WebSite","@id":"https:\/\/objektmobiliar.ch\/#website","url":"https:\/\/objektmobiliar.ch\/","name":"OZG HEALTHCARE","description":"Mobilier de collectivit\u00e9 pour les soins, les bureaux, les cabinets m\u00e9dicaux et l'h\u00f4tellerie","potentialAction":[{"@type":"SearchAction","target":{"@type":"EntryPoint","urlTemplate":"https:\/\/objektmobiliar.ch\/?s={search_term_string}"},"query-input":{"@type":"PropertyValueSpecification","valueRequired":true,"valueName":"search_term_string"}}],"inLanguage":"fr-FR"}]}},"coauthors":[],"author_meta":{"author_link":"https:\/\/objektmobiliar.ch\/fr\/author\/isa-dahmen\/","display_name":"Isa Dahmen"},"relative_dates":{"created":"Publi\u00e9 1 an il y a","modified":"Mis \u00e0 jour 1 an il y a"},"absolute_dates":{"created":"Publi\u00e9 le mars 31, 2025","modified":"Mise \u00e0 jour le avril 1, 2025"},"absolute_dates_time":{"created":"Publi\u00e9 le mars 31, 2025 2:25 pm","modified":"Mise \u00e0 jour le avril 1, 2025 12:28 pm"},"featured_img_caption":"","featured_img":false,"series_order":"","_links":{"self":[{"href":"https:\/\/objektmobiliar.ch\/fr\/wp-json\/wp\/v2\/pages\/5127","targetHints":{"allow":["GET"]}}],"collection":[{"href":"https:\/\/objektmobiliar.ch\/fr\/wp-json\/wp\/v2\/pages"}],"about":[{"href":"https:\/\/objektmobiliar.ch\/fr\/wp-json\/wp\/v2\/types\/page"}],"author":[{"embeddable":true,"href":"https:\/\/objektmobiliar.ch\/fr\/wp-json\/wp\/v2\/users\/4"}],"replies":[{"embeddable":true,"href":"https:\/\/objektmobiliar.ch\/fr\/wp-json\/wp\/v2\/comments?post=5127"}],"version-history":[{"count":6,"href":"https:\/\/objektmobiliar.ch\/fr\/wp-json\/wp\/v2\/pages\/5127\/revisions"}],"predecessor-version":[{"id":5177,"href":"https:\/\/objektmobiliar.ch\/fr\/wp-json\/wp\/v2\/pages\/5127\/revisions\/5177"}],"up":[{"embeddable":true,"href":"https:\/\/objektmobiliar.ch\/fr\/wp-json\/wp\/v2\/pages\/749"}],"wp:attachment":[{"href":"https:\/\/objektmobiliar.ch\/fr\/wp-json\/wp\/v2\/media?parent=5127"}],"curies":[{"name":"wp","href":"https:\/\/api.w.org\/{rel}","templated":true}]}}