{"id":5110,"date":"2025-03-31T13:17:09","date_gmt":"2025-03-31T13:17:09","guid":{"rendered":"https:\/\/objektmobiliar.ch\/?page_id=5110"},"modified":"2025-04-01T12:28:18","modified_gmt":"2025-04-01T12:28:18","slug":"table-basse-lounge","status":"publish","type":"page","link":"https:\/\/objektmobiliar.ch\/fr\/moebel\/outdoor-moebel-pflegeheime\/niedriger-lounge-tisch\/","title":{"rendered":"Table de jardin Miami"},"content":{"rendered":"<div class=\"lazyblock-produkt-detail-ozg-etF74 wp-block-lazyblock-produkt-detail-ozg\"><section class=\"sct\">\r\n      <div class=\"cnt\">\r\n        <div class=\"elmnt-product-desc\">\r\n          <div class=\"product-desc-box\"><img decoding=\"async\" src=\"https:\/\/objektmobiliar.ch\/wp-content\/uploads\/2025\/03\/Niedriger-Lounge-Tisch-in-Rattan-Optik.jpg\" loading=\"lazy\" alt=\"\" class=\"product-desc-img\"><\/div>\r\n          <div class=\"product-desc-txt\">\r\n            <h1 class=\"txt-product-headline\">Table de salon Miami<\/h1>\r\n            <h2 class=\"txt-product-subline\">Table basse lounge en rotin<\/h2>\r\n            <div class=\"w-richtext\">\r\n              <p>Le mod\u00e8le \"Miama\" est une table basse en rotin qui compl\u00e8te id\u00e9alement nos meubles d'assise de la s\u00e9rie \"Miama\" pour cr\u00e9er des lounges confortables \u00e0 l'ext\u00e9rieur. Elle est fabriqu\u00e9e en rotin synth\u00e9tique r\u00e9sistant aux intemp\u00e9ries, ce qui la rend particuli\u00e8rement facile \u00e0 entretenir. Outre la table de salon, la s\u00e9rie comprend \u00e9galement une table d'appoint plus petite. Les deux mod\u00e8les sont disponibles en trois couleurs : anthracite, marron et blanc.<\/p>\r\n            <\/div>\r\n            <a onclick=\"splite_loader();\" class=\"btn\">Demander un produit<\/a>\r\n          <\/div>\r\n        <\/div>\r\n      <\/div>\r\n    <\/section><\/div>\n\n<div class=\"lazyblock-produkt-slider-ozg-ZOhwty wp-block-lazyblock-produkt-slider-ozg\"><section class=\"sct\">\r\n  <div class=\"cnt semi\">\r\n    <div class=\"intro-txt\">\r\n        <h2>Mod\u00e8les et versions<\/h2>\r\n    <\/div>\r\n    \r\n    <div class=\"elmnt-similar-products\">\r\n      <div class=\"similar-product\"><img decoding=\"async\" src=\"https:\/\/objektmobiliar.ch\/wp-content\/uploads\/2025\/03\/Niedriger-Lounge-Tisch-Rattan-Anthrazit.jpg\" loading=\"eager\" alt=\"\" class=\"similar-product-img\">\r\n        <div class=\"center\">\r\n          <div class=\"w-richtext\">\r\n            <p>251-0014\/S<br>Table de salon Miami, anthracite<\/p>\r\n          <\/div>\r\n          \r\n        <\/div>\r\n      <\/div>\r\n      <div class=\"similar-product\"><img decoding=\"async\" src=\"https:\/\/objektmobiliar.ch\/wp-content\/uploads\/2025\/03\/Niedriger-Lounge-Tisch-Rattan-Braun.jpg\" loading=\"eager\" alt=\"\" class=\"similar-product-img\">\r\n        <div class=\"center\">\r\n          <div class=\"w-richtext\">\r\n            <p>251-0014\/S<br>Table de salon Miami, marron<\/p>\r\n          <\/div>\r\n          \r\n        <\/div>\r\n      <\/div>\r\n      <div class=\"similar-product\"><img decoding=\"async\" src=\"https:\/\/objektmobiliar.ch\/wp-content\/uploads\/2025\/03\/Niedriger-Lounge-Tisch-Rattan-Weiss.jpg\" loading=\"eager\" alt=\"\" class=\"similar-product-img\">\r\n        <div class=\"center\">\r\n          <div class=\"w-richtext\">\r\n            <p>251-0014\/S<br>Table de salon Miami, blanc<\/p>\r\n          <\/div>\r\n          \r\n        <\/div>\r\n      <\/div>\r\n      <div class=\"similar-product\"><img decoding=\"async\" src=\"https:\/\/objektmobiliar.ch\/wp-content\/uploads\/2025\/03\/Niedriger-Beistelltisch-Rattan-Anthrazit.jpg\" loading=\"eager\" alt=\"\" class=\"similar-product-img\">\r\n        <div class=\"center\">\r\n          <div class=\"w-richtext\">\r\n            <p>251-0013\/S<br>Table d'appoint Miami, anthracite<\/p>\r\n          <\/div>\r\n          \r\n        <\/div>\r\n      <\/div>\r\n      <div class=\"similar-product\"><img decoding=\"async\" src=\"https:\/\/objektmobiliar.ch\/wp-content\/uploads\/2025\/03\/Niedriger-Beistelltisch-Rattan-Braun.jpg\" loading=\"eager\" alt=\"\" class=\"similar-product-img\">\r\n        <div class=\"center\">\r\n          <div class=\"w-richtext\">\r\n            <p>251-0013\/S<br>Table d'appoint Miami, marron<\/p>\r\n          <\/div>\r\n          \r\n        <\/div>\r\n      <\/div>\r\n      <div class=\"similar-product\"><img decoding=\"async\" src=\"https:\/\/objektmobiliar.ch\/wp-content\/uploads\/2025\/03\/Niedriger-Beistelltisch-Rattan-Weiss.jpg\" loading=\"eager\" alt=\"\" class=\"similar-product-img\">\r\n        <div class=\"center\">\r\n          <div class=\"w-richtext\">\r\n            <p>251-0013\/S<br>Table d'appoint Miami, blanc<\/p>\r\n          <\/div>\r\n          \r\n        <\/div>\r\n      <\/div>\r\n    <\/div>\r\n  <\/div>\r\n  \r\n  <div class=\"cnt narrow\">\r\n    <div class=\"similar-products-nav-pos\">\r\n      <div class=\"w-embed\">\r\n        \r\n      <\/div>\r\n    <\/div>\r\n  <\/div>\r\n<\/section><\/div>\n\n<section class=\"sct\">\r\n      <div class=\"cnt semi\">\r\n        <div class=\"introtxt\">\r\n        <div class=\"w-richtext\">\r\n            <h2>Description du produit<\/h2>\r\n        <\/div>\r\n        <\/div>\r\n        \r\n          \n\n\n<figure class=\"wp-block-table\"><table class=\"has-fixed-layout\"><thead><tr><th>Art. No.<\/th><th>D\u00e9signation<\/th><th>Dimensions<\/th><\/tr><\/thead><tbody><tr><td>251-0014\/S<\/td><td>Miami Lounge Table <\/td><td>H 45cm, L 92cm, P53cm<\/td><\/tr><tr><td>251-0013\/S<\/td><td>Miami Table d'appoint<\/td><td>H 45cm, L 45cm, P 45cm<\/td><\/tr><tr><td>251-0015\/S<\/td><td>Chaise de jardin Miami<\/td><td><a href=\"https:\/\/objektmobiliar.ch\/fr\/meubles\/meubles-dexterieur-maisons-de-retraite\/fauteuil-dexterieur\/\">Passer au produit<\/a><\/td><\/tr><tr><td>251-0017\/S<\/td><td>Banc de jardin Miami<\/td><td><a href=\"https:\/\/objektmobiliar.ch\/fr\/meubles\/meubles-dexterieur-maisons-de-retraite\/fauteuil-dexterieur\/\">Passer au produit<\/a><\/td><\/tr><tr><td>251-0012\/S<\/td><td>Ensemble de meubles de jardin Miami<\/td><td><a href=\"https:\/\/objektmobiliar.ch\/fr\/meubles\/meubles-dexterieur-maisons-de-retraite\/ensemble-de-meubles-de-jardin\/\">Passer au produit<\/a><\/td><\/tr><\/tbody><\/table><\/figure>\n\n\n<\/div><\/section>\n\n<div class=\"lazyblock-text-modul-ozg-Z2fEsTQ wp-block-lazyblock-text-modul-ozg\"><section class=\"sct\">\r\n      <div class=\"cnt semi\">\r\n        <div class=\"w-richtext\">\r\n            <h2 id=\"niedriger-lounge-tisch-in-rattan-optik\">Table basse lounge en rotin<\/h2>\n<p>Le mod\u00e8le \"Miama\" est une table de salon classique \u00e0 l'aspect rotin. Elle est fabriqu\u00e9e en rotin synth\u00e9tique r\u00e9sistant aux intemp\u00e9ries. Outre la table de salon, la s\u00e9rie comprend \u00e9galement une table d'appoint plus petite.<\/p>\n<p><strong>Les deux mod\u00e8les sont disponibles en trois couleurs :<\/strong>\u00a0Anthracite, marron et blanc.<\/p>\r\n        <\/div>\r\n      <\/div>\r\n    <\/section><\/div>\n\n<div class=\"lazyblock-text-modul-ozg-ZW5GVs wp-block-lazyblock-text-modul-ozg\"><section class=\"sct\">\r\n      <div class=\"cnt semi\">\r\n        <div class=\"w-richtext\">\r\n            <h2 id=\"attraktive-gartensitzgruppe-komplett-set\">S\u00e9duisant salon de jardin - set complet<\/h2>\n<p>Combinez la table lounge \"Miami\" avec notre fauteuil lounge et notre banc de jardin pour cr\u00e9er un coin salon de jardin attrayant - ou commandez directement l'ensemble complet.<\/p>\n<p>&nbsp;<\/p>\n<p><img loading=\"lazy\" decoding=\"async\" class=\"alignnone size-full wp-image-5139\" src=\"https:\/\/objektmobiliar.ch\/wp-content\/uploads\/2025\/03\/Lounge-Sitzgruppe-Set-Kunstrattan.png\" alt=\"\" width=\"1000\" height=\"399\" srcset=\"https:\/\/objektmobiliar.ch\/wp-content\/uploads\/2025\/03\/Lounge-Sitzgruppe-Set-Kunstrattan.png 1000w, https:\/\/objektmobiliar.ch\/wp-content\/uploads\/2025\/03\/Lounge-Sitzgruppe-Set-Kunstrattan-800x319.png 800w, https:\/\/objektmobiliar.ch\/wp-content\/uploads\/2025\/03\/Lounge-Sitzgruppe-Set-Kunstrattan-768x306.png 768w, https:\/\/objektmobiliar.ch\/wp-content\/uploads\/2025\/03\/Lounge-Sitzgruppe-Set-Kunstrattan-18x7.png 18w\" sizes=\"auto, (max-width: 1000px) 100vw, 1000px\" \/><\/p>\r\n        <\/div>\r\n            <div class=\"center\"><a href=\"\" class=\"btn\" >Vers le kit complet<\/a><\/div>\r\n      <\/div>\r\n    <\/section><\/div><style class=\"advgb-styles-renderer\">\r\n            .similar-products-nav li {\r\n              overflow: hidden;\r\n              margin: 0px !important;\r\n              flex-grow: 0 !important;\r\n              flex-shrink: 1 !important;\r\n              flex-basis: 12.5% !important;\r\n              border-style: solid;\r\n              border-width: 2px;\r\n              border-color: transparent;\r\n              border-radius: 8px;\r\n              transition-property: border-color;\r\n              transition-duration: 600ms;\r\n              transition-timing-function: ease;\r\n              cursor: pointer;\r\n            }\r\n            .similar-products-nav li.slick-active {\r\n              border-color: #dde7ef;\r\n            }\r\n            @media screen and (max-width:767px) {\r\n              .similar-products-nav li {\r\n                flex-basis: auto !important;\r\n                border-radius: 8px;\r\n                padding-top: 8px;\r\n                padding-right: 16px;\r\n                padding-bottom: 6px;\r\n                padding-left: 16px;\r\n              }\r\n              .similar-products-nav li.slick-active {\r\n                background-color: #dde7ef;\r\n                transition-property: background-color, border-color;\r\n                transition-duration: 600ms, 200ms;\r\n                transition-timing-function: ease, ease;\r\n                color: #426b8a;\r\n              }\r\n            }\r\n          <\/style>","protected":false},"excerpt":{"rendered":"<p>Art. Nr. Bezeichnung Abmessung 251-0014\/S Miami Lounge Tisch H 45cm, B 92cm, T53cm 251-0013\/S Miami Beistelltisch H 45cm, B 45cm, T45cm 251-0015\/S Miami Gartenstuhl Zum Produkt wechseln 251-0017\/S Miami Gartenbank Zum Produkt wechseln 251-0012\/S Miami Gartenm\u00f6bel Set Zum Produkt wechseln<\/p>","protected":false},"author":4,"featured_media":0,"parent":749,"menu_order":0,"comment_status":"closed","ping_status":"closed","template":"","meta":{"advgb_blocks_editor_width":"","advgb_blocks_columns_visual_guide":"","footnotes":""},"class_list":["post-5110","page","type-page","status-publish","hentry"],"yoast_head":"<!-- This site is optimized with the Yoast SEO plugin v27.4 - https:\/\/yoast.com\/product\/yoast-seo-wordpress\/ -->\n<title>Niedriger Lounge Tisch in Rattan-Optik - bei OZG kaufen<\/title>\n<meta name=\"description\" content=\"Niedriger Lounge Tisch in Rattan-Optik f\u00fcr gem\u00fctliche Lounges. Aus wetterfestem, pflegeleichtem Kunst-Rattan. Farben: Anthrazit, Braun, Weiss\" \/>\n<meta name=\"robots\" content=\"index, follow, max-snippet:-1, max-image-preview:large, max-video-preview:-1\" \/>\n<link rel=\"canonical\" href=\"https:\/\/objektmobiliar.ch\/fr\/meubles\/meubles-dexterieur-maisons-de-retraite\/table-basse-lounge\/\" \/>\n<meta property=\"og:locale\" content=\"fr_FR\" \/>\n<meta property=\"og:type\" content=\"article\" \/>\n<meta property=\"og:title\" content=\"Niedriger Lounge Tisch in Rattan-Optik - bei OZG kaufen\" \/>\n<meta property=\"og:description\" content=\"Niedriger Lounge Tisch in Rattan-Optik f\u00fcr gem\u00fctliche Lounges. Aus wetterfestem, pflegeleichtem Kunst-Rattan. Farben: Anthrazit, Braun, Weiss\" \/>\n<meta property=\"og:url\" content=\"https:\/\/objektmobiliar.ch\/fr\/meubles\/meubles-dexterieur-maisons-de-retraite\/table-basse-lounge\/\" \/>\n<meta property=\"og:site_name\" content=\"OZG HEALTHCARE\" \/>\n<meta property=\"article:modified_time\" content=\"2025-04-01T12:28:18+00:00\" \/>\n<meta name=\"twitter:card\" content=\"summary_large_image\" \/>\n<meta name=\"twitter:label1\" content=\"Dur\u00e9e de lecture estim\u00e9e\" \/>\n\t<meta name=\"twitter:data1\" content=\"3 minutes\" \/>\n<script type=\"application\/ld+json\" class=\"yoast-schema-graph\">{\"@context\":\"https:\\\/\\\/schema.org\",\"@graph\":[{\"@type\":\"WebPage\",\"@id\":\"https:\\\/\\\/objektmobiliar.ch\\\/moebel\\\/outdoor-moebel-pflegeheime\\\/niedriger-lounge-tisch\\\/\",\"url\":\"https:\\\/\\\/objektmobiliar.ch\\\/moebel\\\/outdoor-moebel-pflegeheime\\\/niedriger-lounge-tisch\\\/\",\"name\":\"Niedriger Lounge Tisch in Rattan-Optik - bei OZG kaufen\",\"isPartOf\":{\"@id\":\"https:\\\/\\\/objektmobiliar.ch\\\/#website\"},\"datePublished\":\"2025-03-31T13:17:09+00:00\",\"dateModified\":\"2025-04-01T12:28:18+00:00\",\"description\":\"Niedriger Lounge Tisch in Rattan-Optik f\u00fcr gem\u00fctliche Lounges. Aus wetterfestem, pflegeleichtem Kunst-Rattan. Farben: Anthrazit, Braun, Weiss\",\"breadcrumb\":{\"@id\":\"https:\\\/\\\/objektmobiliar.ch\\\/moebel\\\/outdoor-moebel-pflegeheime\\\/niedriger-lounge-tisch\\\/#breadcrumb\"},\"inLanguage\":\"fr-FR\",\"potentialAction\":[{\"@type\":\"ReadAction\",\"target\":[\"https:\\\/\\\/objektmobiliar.ch\\\/moebel\\\/outdoor-moebel-pflegeheime\\\/niedriger-lounge-tisch\\\/\"]}]},{\"@type\":\"BreadcrumbList\",\"@id\":\"https:\\\/\\\/objektmobiliar.ch\\\/moebel\\\/outdoor-moebel-pflegeheime\\\/niedriger-lounge-tisch\\\/#breadcrumb\",\"itemListElement\":[{\"@type\":\"ListItem\",\"position\":1,\"name\":\"Startseite\",\"item\":\"https:\\\/\\\/objektmobiliar.ch\\\/\"},{\"@type\":\"ListItem\",\"position\":2,\"name\":\"M\u00f6bel\",\"item\":\"https:\\\/\\\/objektmobiliar.ch\\\/moebel\\\/\"},{\"@type\":\"ListItem\",\"position\":3,\"name\":\"Gartenm\u00f6bel\",\"item\":\"https:\\\/\\\/objektmobiliar.ch\\\/moebel\\\/outdoor-moebel-pflegeheime\\\/\"},{\"@type\":\"ListItem\",\"position\":4,\"name\":\"Gartentisch Miami\"}]},{\"@type\":\"WebSite\",\"@id\":\"https:\\\/\\\/objektmobiliar.ch\\\/#website\",\"url\":\"https:\\\/\\\/objektmobiliar.ch\\\/\",\"name\":\"OZG HEALTHCARE\",\"description\":\"Objektmobiliar f\u00fcr Pflege, B\u00fcro, Praxis &amp; Hotellerie\",\"potentialAction\":[{\"@type\":\"SearchAction\",\"target\":{\"@type\":\"EntryPoint\",\"urlTemplate\":\"https:\\\/\\\/objektmobiliar.ch\\\/?s={search_term_string}\"},\"query-input\":{\"@type\":\"PropertyValueSpecification\",\"valueRequired\":true,\"valueName\":\"search_term_string\"}}],\"inLanguage\":\"fr-FR\"}]}<\/script>\n<!-- \/ Yoast SEO plugin. -->","yoast_head_json":{"title":"Table basse lounge aspect rotin - acheter chez OZG","description":"Table lounge basse en aspect rotin pour des lounges confortables. En rotin synth\u00e9tique r\u00e9sistant aux intemp\u00e9ries et facile d'entretien. Couleurs : blanc, rouge et bleu : Anthracite, brun, blanc","robots":{"index":"index","follow":"follow","max-snippet":"max-snippet:-1","max-image-preview":"max-image-preview:large","max-video-preview":"max-video-preview:-1"},"canonical":"https:\/\/objektmobiliar.ch\/fr\/meubles\/meubles-dexterieur-maisons-de-retraite\/table-basse-lounge\/","og_locale":"fr_FR","og_type":"article","og_title":"Niedriger Lounge Tisch in Rattan-Optik - bei OZG kaufen","og_description":"Niedriger Lounge Tisch in Rattan-Optik f\u00fcr gem\u00fctliche Lounges. Aus wetterfestem, pflegeleichtem Kunst-Rattan. Farben: Anthrazit, Braun, Weiss","og_url":"https:\/\/objektmobiliar.ch\/fr\/meubles\/meubles-dexterieur-maisons-de-retraite\/table-basse-lounge\/","og_site_name":"OZG HEALTHCARE","article_modified_time":"2025-04-01T12:28:18+00:00","twitter_card":"summary_large_image","twitter_misc":{"Dur\u00e9e de lecture estim\u00e9e":"3 minutes"},"schema":{"@context":"https:\/\/schema.org","@graph":[{"@type":"WebPage","@id":"https:\/\/objektmobiliar.ch\/moebel\/outdoor-moebel-pflegeheime\/niedriger-lounge-tisch\/","url":"https:\/\/objektmobiliar.ch\/moebel\/outdoor-moebel-pflegeheime\/niedriger-lounge-tisch\/","name":"Table basse lounge aspect rotin - acheter chez OZG","isPartOf":{"@id":"https:\/\/objektmobiliar.ch\/#website"},"datePublished":"2025-03-31T13:17:09+00:00","dateModified":"2025-04-01T12:28:18+00:00","description":"Table lounge basse en aspect rotin pour des lounges confortables. En rotin synth\u00e9tique r\u00e9sistant aux intemp\u00e9ries et facile d'entretien. Couleurs : blanc, rouge et bleu : Anthracite, brun, blanc","breadcrumb":{"@id":"https:\/\/objektmobiliar.ch\/moebel\/outdoor-moebel-pflegeheime\/niedriger-lounge-tisch\/#breadcrumb"},"inLanguage":"fr-FR","potentialAction":[{"@type":"ReadAction","target":["https:\/\/objektmobiliar.ch\/moebel\/outdoor-moebel-pflegeheime\/niedriger-lounge-tisch\/"]}]},{"@type":"BreadcrumbList","@id":"https:\/\/objektmobiliar.ch\/moebel\/outdoor-moebel-pflegeheime\/niedriger-lounge-tisch\/#breadcrumb","itemListElement":[{"@type":"ListItem","position":1,"name":"Startseite","item":"https:\/\/objektmobiliar.ch\/"},{"@type":"ListItem","position":2,"name":"M\u00f6bel","item":"https:\/\/objektmobiliar.ch\/moebel\/"},{"@type":"ListItem","position":3,"name":"Gartenm\u00f6bel","item":"https:\/\/objektmobiliar.ch\/moebel\/outdoor-moebel-pflegeheime\/"},{"@type":"ListItem","position":4,"name":"Gartentisch Miami"}]},{"@type":"WebSite","@id":"https:\/\/objektmobiliar.ch\/#website","url":"https:\/\/objektmobiliar.ch\/","name":"OZG HEALTHCARE","description":"Mobilier de collectivit\u00e9 pour les soins, les bureaux, les cabinets m\u00e9dicaux et l'h\u00f4tellerie","potentialAction":[{"@type":"SearchAction","target":{"@type":"EntryPoint","urlTemplate":"https:\/\/objektmobiliar.ch\/?s={search_term_string}"},"query-input":{"@type":"PropertyValueSpecification","valueRequired":true,"valueName":"search_term_string"}}],"inLanguage":"fr-FR"}]}},"coauthors":[],"author_meta":{"author_link":"https:\/\/objektmobiliar.ch\/fr\/author\/isa-dahmen\/","display_name":"Isa Dahmen"},"relative_dates":{"created":"Publi\u00e9 1 an il y a","modified":"Mis \u00e0 jour 1 an il y a"},"absolute_dates":{"created":"Publi\u00e9 le mars 31, 2025","modified":"Mise \u00e0 jour le avril 1, 2025"},"absolute_dates_time":{"created":"Publi\u00e9 le mars 31, 2025 1:17 pm","modified":"Mise \u00e0 jour le avril 1, 2025 12:28 pm"},"featured_img_caption":"","featured_img":false,"series_order":"","_links":{"self":[{"href":"https:\/\/objektmobiliar.ch\/fr\/wp-json\/wp\/v2\/pages\/5110","targetHints":{"allow":["GET"]}}],"collection":[{"href":"https:\/\/objektmobiliar.ch\/fr\/wp-json\/wp\/v2\/pages"}],"about":[{"href":"https:\/\/objektmobiliar.ch\/fr\/wp-json\/wp\/v2\/types\/page"}],"author":[{"embeddable":true,"href":"https:\/\/objektmobiliar.ch\/fr\/wp-json\/wp\/v2\/users\/4"}],"replies":[{"embeddable":true,"href":"https:\/\/objektmobiliar.ch\/fr\/wp-json\/wp\/v2\/comments?post=5110"}],"version-history":[{"count":8,"href":"https:\/\/objektmobiliar.ch\/fr\/wp-json\/wp\/v2\/pages\/5110\/revisions"}],"predecessor-version":[{"id":5176,"href":"https:\/\/objektmobiliar.ch\/fr\/wp-json\/wp\/v2\/pages\/5110\/revisions\/5176"}],"up":[{"embeddable":true,"href":"https:\/\/objektmobiliar.ch\/fr\/wp-json\/wp\/v2\/pages\/749"}],"wp:attachment":[{"href":"https:\/\/objektmobiliar.ch\/fr\/wp-json\/wp\/v2\/media?parent=5110"}],"curies":[{"name":"wp","href":"https:\/\/api.w.org\/{rel}","templated":true}]}}