{"id":5090,"date":"2025-03-31T12:26:10","date_gmt":"2025-03-31T12:26:10","guid":{"rendered":"https:\/\/objektmobiliar.ch\/?page_id=5090"},"modified":"2026-01-28T10:37:40","modified_gmt":"2026-01-28T10:37:40","slug":"table-de-jardin-en-rotin-synthetique","status":"publish","type":"page","link":"https:\/\/objektmobiliar.ch\/fr\/moebel\/outdoor-moebel-pflegeheime\/gartentisch-kunst-rattan\/","title":{"rendered":"Table de jardin Ibiza"},"content":{"rendered":"<div class=\"lazyblock-produkt-detail-ozg-2h69SM wp-block-lazyblock-produkt-detail-ozg\"><section class=\"sct\">\r\n      <div class=\"cnt\">\r\n        <div class=\"elmnt-product-desc\">\r\n          <div class=\"product-desc-box\"><img decoding=\"async\" src=\"https:\/\/objektmobiliar.ch\/wp-content\/uploads\/2025\/03\/Gartentisch-Ibiza-aus-Kunstrattan.jpg\" loading=\"lazy\" alt=\"\" class=\"product-desc-img\"><\/div>\r\n          <div class=\"product-desc-txt\">\r\n            <h1 class=\"txt-product-headline\">Table de jardin Ibiza<\/h1>\r\n            <h2 class=\"txt-product-subline\">Table de jardin en rotin synth\u00e9tique<\/h2>\r\n            <div class=\"w-richtext\">\r\n              <p>Table de jardin styl\u00e9e en rotin synth\u00e9tique assortie \u00e0 notre <a href=\"https:\/\/objektmobiliar.ch\/fr\/meubles\/meubles-dexterieur-maisons-de-retraite\/chaise-de-jardin-en-rotin-synthetique\/\">Chaise de jardin Ibiza<\/a>. La table est disponible en trois tailles, avec un plateau carr\u00e9 ou rectangulaire. Les pieds de table \u00e9vas\u00e9s, qui se croisent de mani\u00e8re originale sous le plateau de table, constituent un d\u00e9tail captivant. Le rotin synth\u00e9tique est robuste, r\u00e9sistant aux intemp\u00e9ries et particuli\u00e8rement facile d'entretien.\u00a0<\/p>\n<p><strong>Couleurs disponibles : <\/strong>Anthracite, brun ou blanc<\/p>\r\n            <\/div>\r\n            <a onclick=\"splite_loader();\" class=\"btn\">Demander un produit<\/a>\r\n          <\/div>\r\n        <\/div>\r\n      <\/div>\r\n    <\/section><\/div>\n\n<div class=\"lazyblock-produkt-slider-ozg-ZtRWlj wp-block-lazyblock-produkt-slider-ozg\"><section class=\"sct\">\r\n  <div class=\"cnt semi\">\r\n    <div class=\"intro-txt\">\r\n        <h2>Mod\u00e8les et versions<\/h2>\r\n    <\/div>\r\n    \r\n    <div class=\"elmnt-similar-products\">\r\n      <div class=\"similar-product\"><img decoding=\"async\" src=\"https:\/\/objektmobiliar.ch\/wp-content\/uploads\/2025\/03\/Gartentisch-Kunstrattan-rechteckig-anthrazit.jpg\" loading=\"eager\" alt=\"\" class=\"similar-product-img\">\r\n        <div class=\"center\">\r\n          <div class=\"w-richtext\">\r\n            <p>Table de jardin Ibiza<br>rectangulaire, anthracite<\/p>\r\n          <\/div>\r\n          \r\n        <\/div>\r\n      <\/div>\r\n      <div class=\"similar-product\"><img decoding=\"async\" src=\"https:\/\/objektmobiliar.ch\/wp-content\/uploads\/2025\/03\/Gartentisch-Kunstrattan-rechteckig-braun.jpg\" loading=\"eager\" alt=\"\" class=\"similar-product-img\">\r\n        <div class=\"center\">\r\n          <div class=\"w-richtext\">\r\n            <p>Table de jardin Ibiza<br>rectangulaire, brun<\/p>\r\n          <\/div>\r\n          \r\n        <\/div>\r\n      <\/div>\r\n      <div class=\"similar-product\"><img decoding=\"async\" src=\"https:\/\/objektmobiliar.ch\/wp-content\/uploads\/2025\/03\/Gartentisch-Kunstrattan-rechteckig-weiss.jpg\" loading=\"eager\" alt=\"\" class=\"similar-product-img\">\r\n        <div class=\"center\">\r\n          <div class=\"w-richtext\">\r\n            <p>Table de jardin Ibiza<br>rectangulaire, blanc<\/p>\r\n          <\/div>\r\n          \r\n        <\/div>\r\n      <\/div>\r\n      <div class=\"similar-product\"><img decoding=\"async\" src=\"https:\/\/objektmobiliar.ch\/wp-content\/uploads\/2025\/03\/Gartentisch-Kunstrattan-quadratisch-anthrazit.jpg\" loading=\"eager\" alt=\"\" class=\"similar-product-img\">\r\n        <div class=\"center\">\r\n          <div class=\"w-richtext\">\r\n            <p>Table de jardin Ibiza<br>carr\u00e9, anthracite<\/p>\r\n          <\/div>\r\n          \r\n        <\/div>\r\n      <\/div>\r\n      <div class=\"similar-product\"><img decoding=\"async\" src=\"https:\/\/objektmobiliar.ch\/wp-content\/uploads\/2025\/03\/Gartentisch-Kunstrattan-quadratisch-braun.jpg\" loading=\"eager\" alt=\"\" class=\"similar-product-img\">\r\n        <div class=\"center\">\r\n          <div class=\"w-richtext\">\r\n            <p>Table de jardin Ibiza<br>rectangulaire, brun<\/p>\r\n          <\/div>\r\n          \r\n        <\/div>\r\n      <\/div>\r\n      <div class=\"similar-product\"><img decoding=\"async\" src=\"https:\/\/objektmobiliar.ch\/wp-content\/uploads\/2025\/03\/Gartentisch-Kunstrattan-quadratisch-weiss.jpg\" loading=\"eager\" alt=\"\" class=\"similar-product-img\">\r\n        <div class=\"center\">\r\n          <div class=\"w-richtext\">\r\n            <p>Table de jardin Ibiza<br>rectangulaire, blanc<\/p>\r\n          <\/div>\r\n          \r\n        <\/div>\r\n      <\/div>\r\n    <\/div>\r\n  <\/div>\r\n  \r\n  <div class=\"cnt narrow\">\r\n    <div class=\"similar-products-nav-pos\">\r\n      <div class=\"w-embed\">\r\n        \r\n      <\/div>\r\n    <\/div>\r\n  <\/div>\r\n<\/section><\/div>\n\n<div class=\"lazyblock-text-modul-ozg-Z1d0Wxp wp-block-lazyblock-text-modul-ozg\"><section class=\"sct\">\r\n      <div class=\"cnt narrow\">\r\n        <div class=\"w-richtext\">\r\n            <p><img loading=\"lazy\" decoding=\"async\" class=\"alignnone size-full wp-image-5792\" src=\"https:\/\/objektmobiliar.ch\/wp-content\/uploads\/2026\/01\/OZG-Kunstrattan-Farben-Gartenmoebel.jpg\" alt=\"\" width=\"1166\" height=\"350\" srcset=\"https:\/\/objektmobiliar.ch\/wp-content\/uploads\/2026\/01\/OZG-Kunstrattan-Farben-Gartenmoebel.jpg 1166w, https:\/\/objektmobiliar.ch\/wp-content\/uploads\/2026\/01\/OZG-Kunstrattan-Farben-Gartenmoebel-800x240.jpg 800w, https:\/\/objektmobiliar.ch\/wp-content\/uploads\/2026\/01\/OZG-Kunstrattan-Farben-Gartenmoebel-768x231.jpg 768w, https:\/\/objektmobiliar.ch\/wp-content\/uploads\/2026\/01\/OZG-Kunstrattan-Farben-Gartenmoebel-18x5.jpg 18w\" sizes=\"auto, (max-width: 1166px) 100vw, 1166px\" \/><\/p>\n<p>Gartentisch Ibiza: In drei Kunstrattan-Farben erh\u00e4ltlich<\/p>\r\n        <\/div>\r\n      <\/div>\r\n    <\/section><\/div>\n\n<section class=\"sct\">\r\n      <div class=\"cnt narrow\">\r\n        <div class=\"introtxt\">\r\n        <div class=\"w-richtext\">\r\n            <h2>Description du produit<\/h2>\r\n        <\/div>\r\n        <\/div>\r\n        \r\n          \n\n\n<figure class=\"wp-block-table\"><table class=\"has-fixed-layout\"><thead><tr><th>Art. No.<\/th><th>D\u00e9signation<\/th><th>Dimensions<\/th><\/tr><\/thead><tbody><tr><td>211-1330\/S<\/td><td>Table de jardin Ibiza, carr\u00e9e<\/td><td>80\u00d780 cm<\/td><\/tr><tr><td>211-1331\/S<\/td><td>Table de jardin Ibiza, rectangulaire<\/td><td>140\u00d780 cm<\/td><\/tr><tr><td>211-1333\/S<\/td><td>Table de jardin Ibiza, rectangulaire<\/td><td>180\u00d790 cm<\/td><\/tr><\/tbody><\/table><\/figure>\n\n\n<\/div><\/section>\n\n<div class=\"lazyblock-text-modul-ozg-1b7ULV wp-block-lazyblock-text-modul-ozg\"><section class=\"sct\">\r\n      <div class=\"cnt narrow\">\r\n        <div class=\"w-richtext\">\r\n            <h2>Table de jardin en rotin synth\u00e9tique<\/h2>\n<p>Notre table de jardin attrayante en rotin synth\u00e9tique \"Ibiza\" donne l'impression d'\u00eatre aux Bal\u00e9ares et apporte une touche de vacances sur les terrasses et les balcons. La table est le compl\u00e9ment id\u00e9al de notre <a href=\"https:\/\/objektmobiliar.ch\/fr\/meubles\/meubles-dexterieur-maisons-de-retraite\/chaise-de-jardin-en-rotin-synthetique\/\">Chaise de jardin \"Ibiza<\/a>. Les pieds de table \u00e9lanc\u00e9s, qui se croisent de mani\u00e8re captivante sous le plateau de table, constituent un d\u00e9tail particulier. Ils font de cette table un point de mire absolu dans votre espace ext\u00e9rieur.<\/p>\n<h3>Le mod\u00e8le de votre choix<\/h3>\n<p>La table de jardin en rotin synth\u00e9tique est disponible en diff\u00e9rentes dimensions. Selon le nombre de personnes qu'elle accueillera, la table carr\u00e9e ou rectangulaire sera plus adapt\u00e9e \u00e0 votre int\u00e9rieur. Pour s'int\u00e9grer parfaitement dans votre int\u00e9rieur, la table de jardin Ibiza est \u00e9galement disponible en trois couleurs : <strong>Anthracite, brun et blanc<\/strong>.<\/p>\n<h3 id=\"vielseitig-und-wetterbestandig\">Polyvalent et r\u00e9sistant aux intemp\u00e9ries<\/h3>\n<p>La table est fabriqu\u00e9e en rotin synth\u00e9tique, un mat\u00e9riau r\u00e9sistant aux intemp\u00e9ries et aux salissures, ce qui minimise l'entretien et augmente la dur\u00e9e de vie du meuble. Le rotin synth\u00e9tique \u00e9tant un mat\u00e9riau l\u00e9ger, la table peut \u00eatre facilement d\u00e9plac\u00e9e.<\/p>\n<h3 id=\"weitere-outdoor-mobel-von-ozg\">Autres meubles d'ext\u00e9rieur de OZG<\/h3>\n<p>Vous \u00eates \u00e0 la recherche d'autres meubles pour vos terrasses, balcons ou jardins ? Vous trouverez dans notre assortiment un grand choix d'autres <a href=\"https:\/\/objektmobiliar.ch\/fr\/meubles\/meubles-dexterieur-maisons-de-retraite\/\" target=\"_blank\" rel=\"noopener\">Chaises et tables d'ext\u00e9rieur<\/a>.<\/p>\r\n        <\/div>\r\n            <div ><a href=\"https:\/\/objektmobiliar.ch\/fr\/meubles\/meubles-dexterieur-maisons-de-retraite\/\" class=\"btn\" >Autres meubles d'ext\u00e9rieur<\/a><\/div>\r\n      <\/div>\r\n    <\/section><\/div><style class=\"advgb-styles-renderer\">\r\n            .similar-products-nav li {\r\n              overflow: hidden;\r\n              margin: 0px !important;\r\n              flex-grow: 0 !important;\r\n              flex-shrink: 1 !important;\r\n              flex-basis: 12.5% !important;\r\n              border-style: solid;\r\n              border-width: 2px;\r\n              border-color: transparent;\r\n              border-radius: 8px;\r\n              transition-property: border-color;\r\n              transition-duration: 600ms;\r\n              transition-timing-function: ease;\r\n              cursor: pointer;\r\n            }\r\n            .similar-products-nav li.slick-active {\r\n              border-color: #dde7ef;\r\n            }\r\n            @media screen and (max-width:767px) {\r\n              .similar-products-nav li {\r\n                flex-basis: auto !important;\r\n                border-radius: 8px;\r\n                padding-top: 8px;\r\n                padding-right: 16px;\r\n                padding-bottom: 6px;\r\n                padding-left: 16px;\r\n              }\r\n              .similar-products-nav li.slick-active {\r\n                background-color: #dde7ef;\r\n                transition-property: background-color, border-color;\r\n                transition-duration: 600ms, 200ms;\r\n                transition-timing-function: ease, ease;\r\n                color: #426b8a;\r\n              }\r\n            }\r\n          <\/style>","protected":false},"excerpt":{"rendered":"<p>Art. Nr. Bezeichnung Abmessung 211-1330\/S Gartentisch Ibiza, quadratisch 80&#215;80 cm 211-1331\/S Gartentisch Ibiza, rechteckig 140&#215;80 cm 211-1333\/S Gartentisch Ibiza, rechteckig 180&#215;90 cm<\/p>","protected":false},"author":4,"featured_media":0,"parent":749,"menu_order":0,"comment_status":"closed","ping_status":"closed","template":"","meta":{"advgb_blocks_editor_width":"","advgb_blocks_columns_visual_guide":"","footnotes":""},"class_list":["post-5090","page","type-page","status-publish","hentry"],"yoast_head":"<!-- This site is optimized with the Yoast SEO plugin v27.4 - https:\/\/yoast.com\/product\/yoast-seo-wordpress\/ -->\n<title>Gartentisch aus Kunst-Rattan - bei OZG kaufen<\/title>\n<meta name=\"description\" content=\"Stylischer Gartentisch aus Kunst-Rattan. Verf\u00fcgbar in drei Gr\u00f6ssen und Farben. Robust, wetterfest und besonders pflegeleicht.\" \/>\n<meta name=\"robots\" content=\"index, follow, max-snippet:-1, max-image-preview:large, max-video-preview:-1\" \/>\n<link rel=\"canonical\" href=\"https:\/\/objektmobiliar.ch\/fr\/meubles\/meubles-dexterieur-maisons-de-retraite\/table-de-jardin-en-rotin-synthetique\/\" \/>\n<meta property=\"og:locale\" content=\"fr_FR\" \/>\n<meta property=\"og:type\" content=\"article\" \/>\n<meta property=\"og:title\" content=\"Gartentisch aus Kunst-Rattan - bei OZG kaufen\" \/>\n<meta property=\"og:description\" content=\"Stylischer Gartentisch aus Kunst-Rattan. Verf\u00fcgbar in drei Gr\u00f6ssen und Farben. Robust, wetterfest und besonders pflegeleicht.\" \/>\n<meta property=\"og:url\" content=\"https:\/\/objektmobiliar.ch\/fr\/meubles\/meubles-dexterieur-maisons-de-retraite\/table-de-jardin-en-rotin-synthetique\/\" \/>\n<meta property=\"og:site_name\" content=\"OZG HEALTHCARE\" \/>\n<meta property=\"article:modified_time\" content=\"2026-01-28T10:37:40+00:00\" \/>\n<meta name=\"twitter:card\" content=\"summary_large_image\" \/>\n<meta name=\"twitter:label1\" content=\"Dur\u00e9e de lecture estim\u00e9e\" \/>\n\t<meta name=\"twitter:data1\" content=\"4 minutes\" \/>\n<script type=\"application\/ld+json\" class=\"yoast-schema-graph\">{\"@context\":\"https:\\\/\\\/schema.org\",\"@graph\":[{\"@type\":\"WebPage\",\"@id\":\"https:\\\/\\\/objektmobiliar.ch\\\/moebel\\\/outdoor-moebel-pflegeheime\\\/gartentisch-kunst-rattan\\\/\",\"url\":\"https:\\\/\\\/objektmobiliar.ch\\\/moebel\\\/outdoor-moebel-pflegeheime\\\/gartentisch-kunst-rattan\\\/\",\"name\":\"Gartentisch aus Kunst-Rattan - bei OZG kaufen\",\"isPartOf\":{\"@id\":\"https:\\\/\\\/objektmobiliar.ch\\\/#website\"},\"datePublished\":\"2025-03-31T12:26:10+00:00\",\"dateModified\":\"2026-01-28T10:37:40+00:00\",\"description\":\"Stylischer Gartentisch aus Kunst-Rattan. Verf\u00fcgbar in drei Gr\u00f6ssen und Farben. Robust, wetterfest und besonders pflegeleicht.\",\"breadcrumb\":{\"@id\":\"https:\\\/\\\/objektmobiliar.ch\\\/moebel\\\/outdoor-moebel-pflegeheime\\\/gartentisch-kunst-rattan\\\/#breadcrumb\"},\"inLanguage\":\"fr-FR\",\"potentialAction\":[{\"@type\":\"ReadAction\",\"target\":[\"https:\\\/\\\/objektmobiliar.ch\\\/moebel\\\/outdoor-moebel-pflegeheime\\\/gartentisch-kunst-rattan\\\/\"]}]},{\"@type\":\"BreadcrumbList\",\"@id\":\"https:\\\/\\\/objektmobiliar.ch\\\/moebel\\\/outdoor-moebel-pflegeheime\\\/gartentisch-kunst-rattan\\\/#breadcrumb\",\"itemListElement\":[{\"@type\":\"ListItem\",\"position\":1,\"name\":\"Startseite\",\"item\":\"https:\\\/\\\/objektmobiliar.ch\\\/\"},{\"@type\":\"ListItem\",\"position\":2,\"name\":\"M\u00f6bel\",\"item\":\"https:\\\/\\\/objektmobiliar.ch\\\/moebel\\\/\"},{\"@type\":\"ListItem\",\"position\":3,\"name\":\"Gartenm\u00f6bel\",\"item\":\"https:\\\/\\\/objektmobiliar.ch\\\/moebel\\\/outdoor-moebel-pflegeheime\\\/\"},{\"@type\":\"ListItem\",\"position\":4,\"name\":\"Gartentisch Ibiza\"}]},{\"@type\":\"WebSite\",\"@id\":\"https:\\\/\\\/objektmobiliar.ch\\\/#website\",\"url\":\"https:\\\/\\\/objektmobiliar.ch\\\/\",\"name\":\"OZG HEALTHCARE\",\"description\":\"Objektmobiliar f\u00fcr Pflege, B\u00fcro, Praxis &amp; Hotellerie\",\"potentialAction\":[{\"@type\":\"SearchAction\",\"target\":{\"@type\":\"EntryPoint\",\"urlTemplate\":\"https:\\\/\\\/objektmobiliar.ch\\\/?s={search_term_string}\"},\"query-input\":{\"@type\":\"PropertyValueSpecification\",\"valueRequired\":true,\"valueName\":\"search_term_string\"}}],\"inLanguage\":\"fr-FR\"}]}<\/script>\n<!-- \/ Yoast SEO plugin. -->","yoast_head_json":{"title":"Table de jardin en rotin synth\u00e9tique - buy in OZG","description":"Table de jardin styl\u00e9e en rotin synth\u00e9tique. Disponible en trois tailles et couleurs. Robuste, r\u00e9sistante aux intemp\u00e9ries et particuli\u00e8rement facile d'entretien.","robots":{"index":"index","follow":"follow","max-snippet":"max-snippet:-1","max-image-preview":"max-image-preview:large","max-video-preview":"max-video-preview:-1"},"canonical":"https:\/\/objektmobiliar.ch\/fr\/meubles\/meubles-dexterieur-maisons-de-retraite\/table-de-jardin-en-rotin-synthetique\/","og_locale":"fr_FR","og_type":"article","og_title":"Gartentisch aus Kunst-Rattan - bei OZG kaufen","og_description":"Stylischer Gartentisch aus Kunst-Rattan. Verf\u00fcgbar in drei Gr\u00f6ssen und Farben. Robust, wetterfest und besonders pflegeleicht.","og_url":"https:\/\/objektmobiliar.ch\/fr\/meubles\/meubles-dexterieur-maisons-de-retraite\/table-de-jardin-en-rotin-synthetique\/","og_site_name":"OZG HEALTHCARE","article_modified_time":"2026-01-28T10:37:40+00:00","twitter_card":"summary_large_image","twitter_misc":{"Dur\u00e9e de lecture estim\u00e9e":"4 minutes"},"schema":{"@context":"https:\/\/schema.org","@graph":[{"@type":"WebPage","@id":"https:\/\/objektmobiliar.ch\/moebel\/outdoor-moebel-pflegeheime\/gartentisch-kunst-rattan\/","url":"https:\/\/objektmobiliar.ch\/moebel\/outdoor-moebel-pflegeheime\/gartentisch-kunst-rattan\/","name":"Table de jardin en rotin synth\u00e9tique - buy in OZG","isPartOf":{"@id":"https:\/\/objektmobiliar.ch\/#website"},"datePublished":"2025-03-31T12:26:10+00:00","dateModified":"2026-01-28T10:37:40+00:00","description":"Table de jardin styl\u00e9e en rotin synth\u00e9tique. Disponible en trois tailles et couleurs. Robuste, r\u00e9sistante aux intemp\u00e9ries et particuli\u00e8rement facile d'entretien.","breadcrumb":{"@id":"https:\/\/objektmobiliar.ch\/moebel\/outdoor-moebel-pflegeheime\/gartentisch-kunst-rattan\/#breadcrumb"},"inLanguage":"fr-FR","potentialAction":[{"@type":"ReadAction","target":["https:\/\/objektmobiliar.ch\/moebel\/outdoor-moebel-pflegeheime\/gartentisch-kunst-rattan\/"]}]},{"@type":"BreadcrumbList","@id":"https:\/\/objektmobiliar.ch\/moebel\/outdoor-moebel-pflegeheime\/gartentisch-kunst-rattan\/#breadcrumb","itemListElement":[{"@type":"ListItem","position":1,"name":"Startseite","item":"https:\/\/objektmobiliar.ch\/"},{"@type":"ListItem","position":2,"name":"M\u00f6bel","item":"https:\/\/objektmobiliar.ch\/moebel\/"},{"@type":"ListItem","position":3,"name":"Gartenm\u00f6bel","item":"https:\/\/objektmobiliar.ch\/moebel\/outdoor-moebel-pflegeheime\/"},{"@type":"ListItem","position":4,"name":"Gartentisch Ibiza"}]},{"@type":"WebSite","@id":"https:\/\/objektmobiliar.ch\/#website","url":"https:\/\/objektmobiliar.ch\/","name":"OZG HEALTHCARE","description":"Mobilier de collectivit\u00e9 pour les soins, les bureaux, les cabinets m\u00e9dicaux et l'h\u00f4tellerie","potentialAction":[{"@type":"SearchAction","target":{"@type":"EntryPoint","urlTemplate":"https:\/\/objektmobiliar.ch\/?s={search_term_string}"},"query-input":{"@type":"PropertyValueSpecification","valueRequired":true,"valueName":"search_term_string"}}],"inLanguage":"fr-FR"}]}},"coauthors":[],"author_meta":{"author_link":"https:\/\/objektmobiliar.ch\/fr\/author\/isa-dahmen\/","display_name":"Isa Dahmen"},"relative_dates":{"created":"Publi\u00e9 1 an il y a","modified":"Mis \u00e0 jour 3 mois il y a"},"absolute_dates":{"created":"Publi\u00e9 le mars 31, 2025","modified":"Mise \u00e0 jour le janvier 28, 2026"},"absolute_dates_time":{"created":"Publi\u00e9 le mars 31, 2025 12:26 pm","modified":"Mise \u00e0 jour le janvier 28, 2026 10:37 am"},"featured_img_caption":"","featured_img":false,"series_order":"","_links":{"self":[{"href":"https:\/\/objektmobiliar.ch\/fr\/wp-json\/wp\/v2\/pages\/5090","targetHints":{"allow":["GET"]}}],"collection":[{"href":"https:\/\/objektmobiliar.ch\/fr\/wp-json\/wp\/v2\/pages"}],"about":[{"href":"https:\/\/objektmobiliar.ch\/fr\/wp-json\/wp\/v2\/types\/page"}],"author":[{"embeddable":true,"href":"https:\/\/objektmobiliar.ch\/fr\/wp-json\/wp\/v2\/users\/4"}],"replies":[{"embeddable":true,"href":"https:\/\/objektmobiliar.ch\/fr\/wp-json\/wp\/v2\/comments?post=5090"}],"version-history":[{"count":7,"href":"https:\/\/objektmobiliar.ch\/fr\/wp-json\/wp\/v2\/pages\/5090\/revisions"}],"predecessor-version":[{"id":5795,"href":"https:\/\/objektmobiliar.ch\/fr\/wp-json\/wp\/v2\/pages\/5090\/revisions\/5795"}],"up":[{"embeddable":true,"href":"https:\/\/objektmobiliar.ch\/fr\/wp-json\/wp\/v2\/pages\/749"}],"wp:attachment":[{"href":"https:\/\/objektmobiliar.ch\/fr\/wp-json\/wp\/v2\/media?parent=5090"}],"curies":[{"name":"wp","href":"https:\/\/api.w.org\/{rel}","templated":true}]}}