{"id":509,"date":"2023-10-15T00:29:05","date_gmt":"2023-10-15T00:29:05","guid":{"rendered":"https:\/\/dev.objektmobiliar.ch\/?page_id=509"},"modified":"2024-09-12T07:52:06","modified_gmt":"2024-09-12T07:52:06","slug":"fauteuils-de-style","status":"publish","type":"page","link":"https:\/\/objektmobiliar.ch\/fr\/moebel\/pflegegerechte-polstermoebel\/stilvolle-sessel\/","title":{"rendered":"Piet"},"content":{"rendered":"<div class=\"lazyblock-produkt-detail-ozg-Z1Vji6j wp-block-lazyblock-produkt-detail-ozg\"><section class=\"sct\">\r\n      <div class=\"cnt\">\r\n        <div class=\"elmnt-product-desc\">\r\n          <div class=\"product-desc-box\"><img decoding=\"async\" src=\"https:\/\/objektmobiliar.ch\/wp-content\/uploads\/2023\/10\/piet-typ2.jpg\" loading=\"lazy\" alt=\"\" class=\"product-desc-img\"><\/div>\r\n          <div class=\"product-desc-txt\">\r\n            <h1 class=\"txt-product-headline\">Piet<\/h1>\r\n            <h2 class=\"txt-product-subline\">Le fauteuil styl\u00e9 pour les \u00e9tablissements de soins<\/h2>\r\n            <div class=\"w-richtext\">\r\n              <p>Le fauteuil styl\u00e9 pour \u00e9tablissements de soins Piet est contemporain, simple mais d'une pr\u00e9sence remarquable. Il est disponible dans une grande vari\u00e9t\u00e9 de teintes de bois et de tissus. Le style est lin\u00e9aire et tr\u00e8s confortable. Toute la collection est en bois massif, qui peut \u00eatre recouvert de tissus de diverses couleurs et mati\u00e8res. La collection Piet, disponible en fauteuil et en canap\u00e9 2 places, ouvre de multiples possibilit\u00e9s d'am\u00e9nagement pour des espaces accueillants et confortables.<\/p>\r\n            <\/div>\r\n            <a onclick=\"splite_loader();\" class=\"btn\">Demander un produit<\/a>\r\n          <\/div>\r\n        <\/div>\r\n      <\/div>\r\n    <\/section><\/div>\n\n\n<div class=\"wp-block-group\"><div class=\"wp-block-group__inner-container is-layout-constrained wp-block-group-is-layout-constrained\"><section class=\"sct\">\r\n      <div class=\"cnt narrow\">\r\n        <div class=\"introtxt\">\r\n        <div class=\"w-richtext\">\r\n            <h2>Description du produit<\/h2>\r\n        <\/div>\r\n        <\/div>\r\n        \r\n          \n\n\n<figure class=\"wp-block-table is-style-regular\"><table><thead><tr><th>Art. No.<\/th><th>Description<\/th><th><\/th><\/tr><\/thead><tbody><tr><td>220-0630\/S<\/td><td>Fauteuil Piet type 1<\/td><td><\/td><\/tr><tr><td>220-0631\/S<\/td><td>Fauteuil Piet type 1H (avec accoudoirs en bois)<\/td><td><\/td><\/tr><tr><td>220-0632\/S<\/td><td>Fauteuil Piet type 2<\/td><td><a href=\"https:\/\/objektmobiliar.ch\/fr\/meubles\/meubles-rembourres-faciles-a-entretenir\/fauteuils-de-style\/\">Passer au produit<\/a><\/td><\/tr><tr><td>220-0633\/S<\/td><td>Canap\u00e9 2 places Piet type 2<\/td><td><a href=\"https:\/\/objektmobiliar.ch\/fr\/meubles\/meubles-rembourres-faciles-a-entretenir\/le-canape-style-piet\/\">Passer au produit<\/a><\/td><\/tr><\/tbody><\/table><\/figure>\n\n\n<\/div><\/section><\/div><\/div>\n\n\n<div class=\"lazyblock-produkt-slider-ozg-Z2wLAny wp-block-lazyblock-produkt-slider-ozg\"><section class=\"sct\">\r\n  <div class=\"cnt semi\">\r\n    <div class=\"intro-txt\">\r\n        <h2>Mod\u00e8les et versions<\/h2>\r\n    <\/div>\r\n    \r\n    <div class=\"elmnt-similar-products\">\r\n      <div class=\"similar-product\"><img decoding=\"async\" src=\"https:\/\/objektmobiliar.ch\/wp-content\/uploads\/2023\/10\/piet-typ1.jpg\" loading=\"eager\" alt=\"Fauteuil Piet type 1\" class=\"similar-product-img\">\r\n        <div class=\"center\">\r\n          <div class=\"w-richtext\">\r\n            <p><strong>Fauteuil Piet type 1<\/strong><br>R\u00e9f. 220-0630\/S<\/p>\r\n          <\/div>\r\n          \r\n        <\/div>\r\n      <\/div>\r\n      <div class=\"similar-product\"><img decoding=\"async\" src=\"https:\/\/objektmobiliar.ch\/wp-content\/uploads\/2023\/10\/piet-typ1h.jpg\" loading=\"eager\" alt=\"Fauteuil Piet type 1H\" class=\"similar-product-img\">\r\n        <div class=\"center\">\r\n          <div class=\"w-richtext\">\r\n            <p><strong>Fauteuil Piet type 1H<\/strong><br>R\u00e9f. 220-0631\/S<\/p>\r\n          <\/div>\r\n          \r\n        <\/div>\r\n      <\/div>\r\n      <div class=\"similar-product\"><img decoding=\"async\" src=\"https:\/\/objektmobiliar.ch\/wp-content\/uploads\/2023\/10\/piet-typ2.jpg\" loading=\"eager\" alt=\"Le fauteuil \u00e9l\u00e9gant Piet pour les \u00e9tablissements de soins\" class=\"similar-product-img\">\r\n        <div class=\"center\">\r\n          <div class=\"w-richtext\">\r\n            <p><strong>Fauteuil Piet type 2<\/strong><br>R\u00e9f. 220-0632\/S<\/p>\r\n          <\/div>\r\n          <a href=\"https:\/\/objektmobiliar.ch\/fr\/meubles\/meubles-rembourres-faciles-a-entretenir\/fauteuils-de-style\/\" class=\"btn similarproducts\">Passer au produit<\/a>\r\n        <\/div>\r\n      <\/div>\r\n      <div class=\"similar-product\"><img decoding=\"async\" src=\"https:\/\/objektmobiliar.ch\/wp-content\/uploads\/2023\/10\/piet-sofa-typ2.jpg\" loading=\"eager\" alt=\"Le canap\u00e9 styl\u00e9 pour les \u00e9tablissements de soins\" class=\"similar-product-img\">\r\n        <div class=\"center\">\r\n          <div class=\"w-richtext\">\r\n            <p><strong>Canap\u00e9 2 places Piet type 2<\/strong><br>R\u00e9f. 220-0633\/S<\/p>\r\n          <\/div>\r\n          <a href=\"https:\/\/objektmobiliar.ch\/fr\/meubles\/meubles-rembourres-faciles-a-entretenir\/le-canape-style-piet\/\" class=\"btn similarproducts\">Passer au produit<\/a>\r\n        <\/div>\r\n      <\/div>\r\n    <\/div>\r\n  <\/div>\r\n  \r\n  <div class=\"cnt narrow\">\r\n    <div class=\"similar-products-nav-pos\">\r\n      <div class=\"w-embed\">\r\n        \r\n      <\/div>\r\n    <\/div>\r\n  <\/div>\r\n<\/section><\/div>\n\n<div class=\"lazyblock-text-modul-ozg-XK9Qd wp-block-lazyblock-text-modul-ozg\"><section class=\"sct\">\r\n      <div class=\"cnt narrow\">\r\n        <div class=\"w-richtext\">\r\n            <h3>Le fauteuil styl\u00e9 pour les \u00e9tablissements de soins Piet<\/h3>\n<p>L'\u00e9l\u00e9gant fauteuil Piet pour \u00e9tablissements de soins, sp\u00e9cialement con\u00e7u pour les maisons de retraite et de soins, allie un design moderne \u00e0 des caract\u00e9ristiques fonctionnelles. Sa forme sobre et \u00e9l\u00e9gante s'int\u00e8gre harmonieusement dans chaque am\u00e9nagement de pi\u00e8ce, tandis que le rembourrage moelleux offre un grand confort d'assise. Les lignes \u00e9pur\u00e9es conf\u00e8rent au fauteuil un aspect contemporain sans \u00eatre envahissant. La collection Piet est disponible aussi bien en fauteuil qu'en canap\u00e9 2 places et permet de multiples possibilit\u00e9s d'am\u00e9nagement pour des espaces de s\u00e9jour confortables et accueillants dans les maisons de soins. L'option de choisir le fauteuil styl\u00e9 pour les \u00e9tablissements de soins avec des accoudoirs en bois robustes, qui facilitent le nettoyage et favorisent la long\u00e9vit\u00e9 du produit, est particuli\u00e8rement pratique.<\/p>\n<h3>Un choix vari\u00e9 de mat\u00e9riaux et de couleurs\u00a0<\/h3>\n<p>Toute la collection est en bois massif, qui peut \u00eatre recouvert de tissus de diff\u00e9rentes couleurs et mati\u00e8res. Pour les rev\u00eatements, des tissus en microfibre r\u00e9sistants, du similicuir ainsi que du cuir v\u00e9ritable sont disponibles. Ces mat\u00e9riaux faciles \u00e0 entretenir et robustes sont id\u00e9aux pour les maisons de retraite. La palette de couleurs va de tons neutres apaisants \u00e0 des couleurs vives qui cr\u00e9ent une atmosph\u00e8re conviviale et accueillante. Les \u00e9l\u00e9ments en bois du fauteuil sont \u00e9galement disponibles dans diff\u00e9rentes teintes de bois afin de cr\u00e9er un environnement chaleureux et harmonieux. Choisissez parmi diff\u00e9rents <a href=\"https:\/\/objektmobiliar.ch\/fr\/inspiration\/materiaux-et-couleurs\/\">Mat\u00e9riaux et couleurs<\/a> le design qui convient le mieux \u00e0 votre int\u00e9rieur ou demandez-nous des conseils personnalis\u00e9s.<\/p>\r\n        <\/div>\r\n      <\/div>\r\n    <\/section><\/div><style class=\"advgb-styles-renderer\">\r\n            .similar-products-nav li {\r\n              overflow: hidden;\r\n              margin: 0px !important;\r\n              flex-grow: 0 !important;\r\n              flex-shrink: 1 !important;\r\n              flex-basis: 12.5% !important;\r\n              border-style: solid;\r\n              border-width: 2px;\r\n              border-color: transparent;\r\n              border-radius: 8px;\r\n              transition-property: border-color;\r\n              transition-duration: 600ms;\r\n              transition-timing-function: ease;\r\n              cursor: pointer;\r\n            }\r\n            .similar-products-nav li.slick-active {\r\n              border-color: #dde7ef;\r\n            }\r\n            @media screen and (max-width:767px) {\r\n              .similar-products-nav li {\r\n                flex-basis: auto !important;\r\n                border-radius: 8px;\r\n                padding-top: 8px;\r\n                padding-right: 16px;\r\n                padding-bottom: 6px;\r\n                padding-left: 16px;\r\n              }\r\n              .similar-products-nav li.slick-active {\r\n                background-color: #dde7ef;\r\n                transition-property: background-color, border-color;\r\n                transition-duration: 600ms, 200ms;\r\n                transition-timing-function: ease, ease;\r\n                color: #426b8a;\r\n              }\r\n            }\r\n          <\/style>","protected":false},"excerpt":{"rendered":"<p>Die Kollektion Piet \u2013 stilvoll, zeitgem\u00e4ss, schlicht und doch von bemerkenswerter Pr\u00e4senz \u2013 ist in einer Vielzahl von Holzbeint\u00f6nen und Stoffen erh\u00e4ltlich.<\/p>","protected":false},"author":7,"featured_media":512,"parent":220,"menu_order":0,"comment_status":"closed","ping_status":"closed","template":"","meta":{"advgb_blocks_editor_width":"","advgb_blocks_columns_visual_guide":"","footnotes":""},"class_list":["post-509","page","type-page","status-publish","has-post-thumbnail","hentry"],"yoast_head":"<!-- This site is optimized with the Yoast SEO plugin v27.4 - https:\/\/yoast.com\/product\/yoast-seo-wordpress\/ -->\n<title>Der stilvolle Sessel f\u00fcr Pflegeeinrichtungen bei OZG<\/title>\n<meta name=\"description\" content=\"Der stilvolle Sessel f\u00fcr Pflegeeinrichtungen Piet besteht aus massivem Holz,, das mit Stoffen in diversen Farben bezogen werden kann.\" \/>\n<meta name=\"robots\" content=\"index, follow, max-snippet:-1, max-image-preview:large, max-video-preview:-1\" \/>\n<link rel=\"canonical\" href=\"https:\/\/objektmobiliar.ch\/fr\/meubles\/meubles-rembourres-faciles-a-entretenir\/fauteuils-de-style\/\" \/>\n<meta property=\"og:locale\" content=\"fr_FR\" \/>\n<meta property=\"og:type\" content=\"article\" \/>\n<meta property=\"og:title\" content=\"Der stilvolle Sessel f\u00fcr Pflegeeinrichtungen bei OZG\" \/>\n<meta property=\"og:description\" content=\"Der stilvolle Sessel f\u00fcr Pflegeeinrichtungen Piet besteht aus massivem Holz,, das mit Stoffen in diversen Farben bezogen werden kann.\" \/>\n<meta property=\"og:url\" content=\"https:\/\/objektmobiliar.ch\/fr\/meubles\/meubles-rembourres-faciles-a-entretenir\/fauteuils-de-style\/\" \/>\n<meta property=\"og:site_name\" content=\"OZG HEALTHCARE\" \/>\n<meta property=\"article:modified_time\" content=\"2024-09-12T07:52:06+00:00\" \/>\n<meta property=\"og:image\" content=\"https:\/\/objektmobiliar.ch\/wp-content\/uploads\/2023\/10\/piet-typ2.jpg\" \/>\n\t<meta property=\"og:image:width\" content=\"1000\" \/>\n\t<meta property=\"og:image:height\" content=\"1000\" \/>\n\t<meta property=\"og:image:type\" content=\"image\/jpeg\" \/>\n<meta name=\"twitter:card\" content=\"summary_large_image\" \/>\n<meta name=\"twitter:label1\" content=\"Dur\u00e9e de lecture estim\u00e9e\" \/>\n\t<meta name=\"twitter:data1\" content=\"4 minutes\" \/>\n<script type=\"application\/ld+json\" class=\"yoast-schema-graph\">{\"@context\":\"https:\\\/\\\/schema.org\",\"@graph\":[{\"@type\":\"WebPage\",\"@id\":\"https:\\\/\\\/objektmobiliar.ch\\\/moebel\\\/pflegegerechte-polstermoebel\\\/stilvolle-sessel\\\/\",\"url\":\"https:\\\/\\\/objektmobiliar.ch\\\/moebel\\\/pflegegerechte-polstermoebel\\\/stilvolle-sessel\\\/\",\"name\":\"Der stilvolle Sessel f\u00fcr Pflegeeinrichtungen bei OZG\",\"isPartOf\":{\"@id\":\"https:\\\/\\\/objektmobiliar.ch\\\/#website\"},\"primaryImageOfPage\":{\"@id\":\"https:\\\/\\\/objektmobiliar.ch\\\/moebel\\\/pflegegerechte-polstermoebel\\\/stilvolle-sessel\\\/#primaryimage\"},\"image\":{\"@id\":\"https:\\\/\\\/objektmobiliar.ch\\\/moebel\\\/pflegegerechte-polstermoebel\\\/stilvolle-sessel\\\/#primaryimage\"},\"thumbnailUrl\":\"https:\\\/\\\/objektmobiliar.ch\\\/wp-content\\\/uploads\\\/2023\\\/10\\\/piet-typ2.jpg\",\"datePublished\":\"2023-10-15T00:29:05+00:00\",\"dateModified\":\"2024-09-12T07:52:06+00:00\",\"description\":\"Der stilvolle Sessel f\u00fcr Pflegeeinrichtungen Piet besteht aus massivem Holz,, das mit Stoffen in diversen Farben bezogen werden kann.\",\"breadcrumb\":{\"@id\":\"https:\\\/\\\/objektmobiliar.ch\\\/moebel\\\/pflegegerechte-polstermoebel\\\/stilvolle-sessel\\\/#breadcrumb\"},\"inLanguage\":\"fr-FR\",\"potentialAction\":[{\"@type\":\"ReadAction\",\"target\":[\"https:\\\/\\\/objektmobiliar.ch\\\/moebel\\\/pflegegerechte-polstermoebel\\\/stilvolle-sessel\\\/\"]}]},{\"@type\":\"ImageObject\",\"inLanguage\":\"fr-FR\",\"@id\":\"https:\\\/\\\/objektmobiliar.ch\\\/moebel\\\/pflegegerechte-polstermoebel\\\/stilvolle-sessel\\\/#primaryimage\",\"url\":\"https:\\\/\\\/objektmobiliar.ch\\\/wp-content\\\/uploads\\\/2023\\\/10\\\/piet-typ2.jpg\",\"contentUrl\":\"https:\\\/\\\/objektmobiliar.ch\\\/wp-content\\\/uploads\\\/2023\\\/10\\\/piet-typ2.jpg\",\"width\":1000,\"height\":1000,\"caption\":\"Der stilvolle Sessel Piet f\u00fcr Pflegeeinrichtungen\"},{\"@type\":\"BreadcrumbList\",\"@id\":\"https:\\\/\\\/objektmobiliar.ch\\\/moebel\\\/pflegegerechte-polstermoebel\\\/stilvolle-sessel\\\/#breadcrumb\",\"itemListElement\":[{\"@type\":\"ListItem\",\"position\":1,\"name\":\"Startseite\",\"item\":\"https:\\\/\\\/objektmobiliar.ch\\\/\"},{\"@type\":\"ListItem\",\"position\":2,\"name\":\"M\u00f6bel\",\"item\":\"https:\\\/\\\/objektmobiliar.ch\\\/moebel\\\/\"},{\"@type\":\"ListItem\",\"position\":3,\"name\":\"Polsterm\u00f6bel\",\"item\":\"https:\\\/\\\/objektmobiliar.ch\\\/moebel\\\/pflegegerechte-polstermoebel\\\/\"},{\"@type\":\"ListItem\",\"position\":4,\"name\":\"Piet\"}]},{\"@type\":\"WebSite\",\"@id\":\"https:\\\/\\\/objektmobiliar.ch\\\/#website\",\"url\":\"https:\\\/\\\/objektmobiliar.ch\\\/\",\"name\":\"OZG HEALTHCARE\",\"description\":\"Objektmobiliar f\u00fcr Pflege, B\u00fcro, Praxis &amp; Hotellerie\",\"potentialAction\":[{\"@type\":\"SearchAction\",\"target\":{\"@type\":\"EntryPoint\",\"urlTemplate\":\"https:\\\/\\\/objektmobiliar.ch\\\/?s={search_term_string}\"},\"query-input\":{\"@type\":\"PropertyValueSpecification\",\"valueRequired\":true,\"valueName\":\"search_term_string\"}}],\"inLanguage\":\"fr-FR\"}]}<\/script>\n<!-- \/ Yoast SEO plugin. -->","yoast_head_json":{"title":"Le fauteuil styl\u00e9 pour les \u00e9tablissements de soins chez OZG","description":"Le fauteuil \u00e9l\u00e9gant pour les \u00e9tablissements de soins Piet est en bois massif, qui peut \u00eatre recouvert de tissus de diff\u00e9rentes couleurs.","robots":{"index":"index","follow":"follow","max-snippet":"max-snippet:-1","max-image-preview":"max-image-preview:large","max-video-preview":"max-video-preview:-1"},"canonical":"https:\/\/objektmobiliar.ch\/fr\/meubles\/meubles-rembourres-faciles-a-entretenir\/fauteuils-de-style\/","og_locale":"fr_FR","og_type":"article","og_title":"Der stilvolle Sessel f\u00fcr Pflegeeinrichtungen bei OZG","og_description":"Der stilvolle Sessel f\u00fcr Pflegeeinrichtungen Piet besteht aus massivem Holz,, das mit Stoffen in diversen Farben bezogen werden kann.","og_url":"https:\/\/objektmobiliar.ch\/fr\/meubles\/meubles-rembourres-faciles-a-entretenir\/fauteuils-de-style\/","og_site_name":"OZG HEALTHCARE","article_modified_time":"2024-09-12T07:52:06+00:00","og_image":[{"width":1000,"height":1000,"url":"https:\/\/objektmobiliar.ch\/wp-content\/uploads\/2023\/10\/piet-typ2.jpg","type":"image\/jpeg"}],"twitter_card":"summary_large_image","twitter_misc":{"Dur\u00e9e de lecture estim\u00e9e":"4 minutes"},"schema":{"@context":"https:\/\/schema.org","@graph":[{"@type":"WebPage","@id":"https:\/\/objektmobiliar.ch\/moebel\/pflegegerechte-polstermoebel\/stilvolle-sessel\/","url":"https:\/\/objektmobiliar.ch\/moebel\/pflegegerechte-polstermoebel\/stilvolle-sessel\/","name":"Le fauteuil styl\u00e9 pour les \u00e9tablissements de soins chez OZG","isPartOf":{"@id":"https:\/\/objektmobiliar.ch\/#website"},"primaryImageOfPage":{"@id":"https:\/\/objektmobiliar.ch\/moebel\/pflegegerechte-polstermoebel\/stilvolle-sessel\/#primaryimage"},"image":{"@id":"https:\/\/objektmobiliar.ch\/moebel\/pflegegerechte-polstermoebel\/stilvolle-sessel\/#primaryimage"},"thumbnailUrl":"https:\/\/objektmobiliar.ch\/wp-content\/uploads\/2023\/10\/piet-typ2.jpg","datePublished":"2023-10-15T00:29:05+00:00","dateModified":"2024-09-12T07:52:06+00:00","description":"Le fauteuil \u00e9l\u00e9gant pour les \u00e9tablissements de soins Piet est en bois massif, qui peut \u00eatre recouvert de tissus de diff\u00e9rentes couleurs.","breadcrumb":{"@id":"https:\/\/objektmobiliar.ch\/moebel\/pflegegerechte-polstermoebel\/stilvolle-sessel\/#breadcrumb"},"inLanguage":"fr-FR","potentialAction":[{"@type":"ReadAction","target":["https:\/\/objektmobiliar.ch\/moebel\/pflegegerechte-polstermoebel\/stilvolle-sessel\/"]}]},{"@type":"ImageObject","inLanguage":"fr-FR","@id":"https:\/\/objektmobiliar.ch\/moebel\/pflegegerechte-polstermoebel\/stilvolle-sessel\/#primaryimage","url":"https:\/\/objektmobiliar.ch\/wp-content\/uploads\/2023\/10\/piet-typ2.jpg","contentUrl":"https:\/\/objektmobiliar.ch\/wp-content\/uploads\/2023\/10\/piet-typ2.jpg","width":1000,"height":1000,"caption":"Der stilvolle Sessel Piet f\u00fcr Pflegeeinrichtungen"},{"@type":"BreadcrumbList","@id":"https:\/\/objektmobiliar.ch\/moebel\/pflegegerechte-polstermoebel\/stilvolle-sessel\/#breadcrumb","itemListElement":[{"@type":"ListItem","position":1,"name":"Startseite","item":"https:\/\/objektmobiliar.ch\/"},{"@type":"ListItem","position":2,"name":"M\u00f6bel","item":"https:\/\/objektmobiliar.ch\/moebel\/"},{"@type":"ListItem","position":3,"name":"Polsterm\u00f6bel","item":"https:\/\/objektmobiliar.ch\/moebel\/pflegegerechte-polstermoebel\/"},{"@type":"ListItem","position":4,"name":"Piet"}]},{"@type":"WebSite","@id":"https:\/\/objektmobiliar.ch\/#website","url":"https:\/\/objektmobiliar.ch\/","name":"OZG HEALTHCARE","description":"Mobilier de collectivit\u00e9 pour les soins, les bureaux, les cabinets m\u00e9dicaux et l'h\u00f4tellerie","potentialAction":[{"@type":"SearchAction","target":{"@type":"EntryPoint","urlTemplate":"https:\/\/objektmobiliar.ch\/?s={search_term_string}"},"query-input":{"@type":"PropertyValueSpecification","valueRequired":true,"valueName":"search_term_string"}}],"inLanguage":"fr-FR"}]}},"coauthors":[],"author_meta":{"author_link":"https:\/\/objektmobiliar.ch\/fr\/author\/henni\/","display_name":"Henriette Saade"},"relative_dates":{"created":"Publi\u00e9 3 ans il y a","modified":"Mis \u00e0 jour 2 ans il y a"},"absolute_dates":{"created":"Publi\u00e9 le octobre 15, 2023","modified":"Mise \u00e0 jour le septembre 12, 2024"},"absolute_dates_time":{"created":"Publi\u00e9 le octobre 15, 2023 12:29 am","modified":"Mise \u00e0 jour le septembre 12, 2024 7:52 am"},"featured_img_caption":"","featured_img":"https:\/\/objektmobiliar.ch\/wp-content\/uploads\/2023\/10\/piet-typ2-825x510.jpg","series_order":"","_links":{"self":[{"href":"https:\/\/objektmobiliar.ch\/fr\/wp-json\/wp\/v2\/pages\/509","targetHints":{"allow":["GET"]}}],"collection":[{"href":"https:\/\/objektmobiliar.ch\/fr\/wp-json\/wp\/v2\/pages"}],"about":[{"href":"https:\/\/objektmobiliar.ch\/fr\/wp-json\/wp\/v2\/types\/page"}],"author":[{"embeddable":true,"href":"https:\/\/objektmobiliar.ch\/fr\/wp-json\/wp\/v2\/users\/7"}],"replies":[{"embeddable":true,"href":"https:\/\/objektmobiliar.ch\/fr\/wp-json\/wp\/v2\/comments?post=509"}],"version-history":[{"count":29,"href":"https:\/\/objektmobiliar.ch\/fr\/wp-json\/wp\/v2\/pages\/509\/revisions"}],"predecessor-version":[{"id":4372,"href":"https:\/\/objektmobiliar.ch\/fr\/wp-json\/wp\/v2\/pages\/509\/revisions\/4372"}],"up":[{"embeddable":true,"href":"https:\/\/objektmobiliar.ch\/fr\/wp-json\/wp\/v2\/pages\/220"}],"wp:featuredmedia":[{"embeddable":true,"href":"https:\/\/objektmobiliar.ch\/fr\/wp-json\/wp\/v2\/media\/512"}],"wp:attachment":[{"href":"https:\/\/objektmobiliar.ch\/fr\/wp-json\/wp\/v2\/media?parent=509"}],"curies":[{"name":"wp","href":"https:\/\/api.w.org\/{rel}","templated":true}]}}