{"id":5048,"date":"2025-03-31T09:44:06","date_gmt":"2025-03-31T09:44:06","guid":{"rendered":"https:\/\/objektmobiliar.ch\/?page_id=5048"},"modified":"2026-01-28T10:31:01","modified_gmt":"2026-01-28T10:31:01","slug":"table-pliante-stable-en-metal","status":"publish","type":"page","link":"https:\/\/objektmobiliar.ch\/fr\/moebel\/outdoor-moebel-pflegeheime\/stabiler-metallklapptisch\/","title":{"rendered":"Table de jardin Fiorino"},"content":{"rendered":"<div class=\"lazyblock-produkt-detail-ozg-NdFah wp-block-lazyblock-produkt-detail-ozg\"><section class=\"sct\">\r\n      <div class=\"cnt\">\r\n        <div class=\"elmnt-product-desc\">\r\n          <div class=\"product-desc-box\"><img decoding=\"async\" src=\"https:\/\/objektmobiliar.ch\/wp-content\/uploads\/2025\/03\/Gartentisch-Stahl-Mittelsaeule-Lochmuster.jpg\" loading=\"lazy\" alt=\"\" class=\"product-desc-img\"><\/div>\r\n          <div class=\"product-desc-txt\">\r\n            <h1 class=\"txt-product-headline\">Table de jardin Fiorino<\/h1>\r\n            <h2 class=\"txt-product-subline\">Table pliante romantique et stable en m\u00e9tal<\/h2>\r\n            <div class=\"w-richtext\">\r\n              <p>Fiorino est une table pliante m\u00e9tallique romantique et stable avec une colonne centrale ou deux pieds en T. Son mat\u00e9riau robuste la rend id\u00e9ale pour l'ext\u00e9rieur, pour les terrasses, les balcons ou le jardin. Elle se distingue par son motif ajour\u00e9 d\u00e9coratif ainsi que par son m\u00e9canisme de basculement pratique \u00e0 une main.\u00a0<\/p>\n<p><strong>Couleurs disponibles :<\/strong> Gris m\u00e9tallis\u00e9, carbone, vert, bleu-gris, cuivre, vert roseau<\/p>\n<p><img loading=\"lazy\" decoding=\"async\" class=\"alignnone size-full wp-image-5786\" src=\"https:\/\/objektmobiliar.ch\/wp-content\/uploads\/2026\/01\/Farben-Worb_neu.jpg\" alt=\"\" width=\"667\" height=\"161\" srcset=\"https:\/\/objektmobiliar.ch\/wp-content\/uploads\/2026\/01\/Farben-Worb_neu.jpg 667w, https:\/\/objektmobiliar.ch\/wp-content\/uploads\/2026\/01\/Farben-Worb_neu-18x4.jpg 18w\" sizes=\"auto, (max-width: 667px) 100vw, 667px\" \/><\/p>\r\n            <\/div>\r\n            <a onclick=\"splite_loader();\" class=\"btn\">Demander un produit<\/a>\r\n          <\/div>\r\n        <\/div>\r\n      <\/div>\r\n    <\/section><\/div>\n\n<div class=\"lazyblock-produkt-slider-ozg-Z1S1tlY wp-block-lazyblock-produkt-slider-ozg\"><section class=\"sct\">\r\n  <div class=\"cnt semi\">\r\n    <div class=\"intro-txt\">\r\n        <h2>Mod\u00e8les et versions<\/h2>\r\n    <\/div>\r\n    \r\n    <div class=\"elmnt-similar-products\">\r\n      <div class=\"similar-product\"><img decoding=\"async\" src=\"https:\/\/objektmobiliar.ch\/wp-content\/uploads\/2025\/03\/Metallklapptisch-mit-T-Fuessen-grau.jpg\" loading=\"eager\" alt=\"\" class=\"similar-product-img\">\r\n        <div class=\"center\">\r\n          <div class=\"w-richtext\">\r\n            <p>252-0017<br>Fiorino 145\u00d785 cm, gris<\/p>\r\n          <\/div>\r\n          \r\n        <\/div>\r\n      <\/div>\r\n      <div class=\"similar-product\"><img decoding=\"async\" src=\"https:\/\/objektmobiliar.ch\/wp-content\/uploads\/2025\/03\/Metallklapptisch-mit-T-Fuessen-gruen.jpg\" loading=\"eager\" alt=\"\" class=\"similar-product-img\">\r\n        <div class=\"center\">\r\n          <div class=\"w-richtext\">\r\n            <p>252-0017<br>Fiorino 145\u00d785 cm, vert<\/p>\r\n          <\/div>\r\n          \r\n        <\/div>\r\n      <\/div>\r\n      <div class=\"similar-product\"><img decoding=\"async\" src=\"https:\/\/objektmobiliar.ch\/wp-content\/uploads\/2025\/03\/Metallklapptisch-mit-Lochmuster.jpg\" loading=\"eager\" alt=\"\" class=\"similar-product-img\">\r\n        <div class=\"center\">\r\n          <div class=\"w-richtext\">\r\n            <p>Motif d\u00e9coratif ajour\u00e9<\/p>\r\n          <\/div>\r\n          \r\n        <\/div>\r\n      <\/div>\r\n      <div class=\"similar-product\"><img decoding=\"async\" src=\"https:\/\/objektmobiliar.ch\/wp-content\/uploads\/2025\/03\/Metallklapptisch-mit-Mittelsaeule-grau.jpg\" loading=\"eager\" alt=\"\" class=\"similar-product-img\">\r\n        <div class=\"center\">\r\n          <div class=\"w-richtext\">\r\n            <p>252-0016<br>Fiorino 85\u00d785 cm, gris<\/p>\r\n          <\/div>\r\n          \r\n        <\/div>\r\n      <\/div>\r\n      <div class=\"similar-product\"><img decoding=\"async\" src=\"https:\/\/objektmobiliar.ch\/wp-content\/uploads\/2025\/03\/Metallklapptisch-mit-Mittelsaeule-gruen.jpg\" loading=\"eager\" alt=\"\" class=\"similar-product-img\">\r\n        <div class=\"center\">\r\n          <div class=\"w-richtext\">\r\n            <p>252-0016<br>Fiorino 85\u00d785 cm, vert<\/p>\r\n          <\/div>\r\n          \r\n        <\/div>\r\n      <\/div>\r\n    <\/div>\r\n  <\/div>\r\n  \r\n  <div class=\"cnt narrow\">\r\n    <div class=\"similar-products-nav-pos\">\r\n      <div class=\"w-embed\">\r\n        \r\n      <\/div>\r\n    <\/div>\r\n  <\/div>\r\n<\/section><\/div>\n\n<section class=\"sct\">\r\n      <div class=\"cnt narrow\">\r\n        <div class=\"introtxt\">\r\n        <div class=\"w-richtext\">\r\n            <h2>Description du produit<\/h2>\r\n        <\/div>\r\n        <\/div>\r\n        \r\n          \n\n\n<figure class=\"wp-block-table\"><table class=\"has-fixed-layout\"><thead><tr><th>Art. No.<\/th><th>D\u00e9signation<\/th><th>Dimensions<\/th><\/tr><\/thead><tbody><tr><td>252-0016<\/td><td>Fiorino Table pliante en m\u00e9tal avec colonne centrale<\/td><td>85\u00d785 cm<\/td><\/tr><tr><td>252-0017<\/td><td>Fiorino Table pliante en m\u00e9tal avec pieds en T<\/td><td>145\u00d785 cm<\/td><\/tr><\/tbody><\/table><\/figure>\n\n\n<\/div><\/section>\n\n<div class=\"lazyblock-text-modul-ozg-1gVD1o wp-block-lazyblock-text-modul-ozg\"><section class=\"sct\">\r\n      <div class=\"cnt narrow\">\r\n        <div class=\"w-richtext\">\r\n            <h2>Table pliante romantique et stable en m\u00e9tal<\/h2>\n<p>Fiorino est une table pliante romantique et stable en m\u00e9tal. Elle est disponible avec un plateau de table carr\u00e9 et une colonne centrale ou avec un plateau de table rectangulaire et deux pieds en T. Choisissez le mod\u00e8le de table en fonction des besoins dans votre \u00e9tablissement de soins et, bien s\u00fbr, en accord avec le concept d'am\u00e9nagement. Pour ce faire, vous pouvez choisir le mat\u00e9riau en diff\u00e9rentes couleurs.<\/p>\n<p><strong>Couleurs disponibles :<\/strong>\u00a0Gris m\u00e9tallis\u00e9, carbone, vert, bleu-gris, cuivre, vert roseau<\/p>\n<h3>M\u00e9canisme basculant \u00e0 une main &amp; d\u00e9tails romantiques<\/h3>\n<p>Gr\u00e2ce au m\u00e9canisme de basculement pratique \u00e0 une main, cette table de jardin se rabat facilement et se range sans prendre de place. Les d\u00e9tails romantiques, comme le pied d\u00e9cor\u00e9 ou le motif d\u00e9coratif perfor\u00e9 dans le plateau de table, font de la table Fiorino un v\u00e9ritable accroche-regard. Le meuble en acier est fabriqu\u00e9 \u00e0 partir d'un mat\u00e9riau de base de haute qualit\u00e9, tr\u00e8s r\u00e9sistant et durablement adapt\u00e9 aux fortes sollicitations. Toutes les surfaces sont rev\u00eatues par poudre. Le mat\u00e9riau r\u00e9siste aux intemp\u00e9ries et peut \u00eatre utilis\u00e9 sans crainte \u00e0 l'ext\u00e9rieur.\u00a0<\/p>\n<h3 id=\"weitere-outdoor-stuhle-und-tische\">Autres chaises et tables d'ext\u00e9rieur<\/h3>\n<p>Vous \u00eates \u00e0 la recherche d'autres meubles pour vos terrasses, balcons ou jardins ? Vous trouverez dans notre assortiment un grand choix de\u00a0<a href=\"https:\/\/objektmobiliar.ch\/fr\/meubles\/meubles-dexterieur-maisons-de-retraite\/\" target=\"_blank\" rel=\"noopener\">Chaises et tables d'ext\u00e9rieur<\/a>.<\/p>\r\n        <\/div>\r\n            <div ><a href=\"https:\/\/objektmobiliar.ch\/fr\/meubles\/meubles-dexterieur-maisons-de-retraite\/\" class=\"btn\" >Plus de tables de jardin<\/a><\/div>\r\n      <\/div>\r\n    <\/section><\/div><style class=\"advgb-styles-renderer\">\r\n            .similar-products-nav li {\r\n              overflow: hidden;\r\n              margin: 0px !important;\r\n              flex-grow: 0 !important;\r\n              flex-shrink: 1 !important;\r\n              flex-basis: 12.5% !important;\r\n              border-style: solid;\r\n              border-width: 2px;\r\n              border-color: transparent;\r\n              border-radius: 8px;\r\n              transition-property: border-color;\r\n              transition-duration: 600ms;\r\n              transition-timing-function: ease;\r\n              cursor: pointer;\r\n            }\r\n            .similar-products-nav li.slick-active {\r\n              border-color: #dde7ef;\r\n            }\r\n            @media screen and (max-width:767px) {\r\n              .similar-products-nav li {\r\n                flex-basis: auto !important;\r\n                border-radius: 8px;\r\n                padding-top: 8px;\r\n                padding-right: 16px;\r\n                padding-bottom: 6px;\r\n                padding-left: 16px;\r\n              }\r\n              .similar-products-nav li.slick-active {\r\n                background-color: #dde7ef;\r\n                transition-property: background-color, border-color;\r\n                transition-duration: 600ms, 200ms;\r\n                transition-timing-function: ease, ease;\r\n                color: #426b8a;\r\n              }\r\n            }\r\n          <\/style>","protected":false},"excerpt":{"rendered":"<p>Art. Nr. Bezeichnung Abmessung 252-0016 Fiorino Metallklapptisch mit Mittels\u00e4ule 85&#215;85 cm 252-0017 Fiorino Metallklapptisch mit T-F\u00fcssen 145&#215;85 cm<\/p>","protected":false},"author":4,"featured_media":0,"parent":749,"menu_order":0,"comment_status":"closed","ping_status":"closed","template":"","meta":{"advgb_blocks_editor_width":"","advgb_blocks_columns_visual_guide":"","footnotes":""},"class_list":["post-5048","page","type-page","status-publish","hentry"],"yoast_head":"<!-- This site is optimized with the Yoast SEO plugin v27.4 - https:\/\/yoast.com\/product\/yoast-seo-wordpress\/ -->\n<title>Romantischer stabiler Metallklapptisch - bei OZG<\/title>\n<meta name=\"description\" content=\"Romantischer stabiler Metallklapptisch mit Mittels\u00e4ule und dekorativem Lochmuster. Mit Einhand-Kippmechanik. Diverse Farben erh\u00e4ltlich.\" \/>\n<meta name=\"robots\" content=\"index, follow, max-snippet:-1, max-image-preview:large, max-video-preview:-1\" \/>\n<link rel=\"canonical\" href=\"https:\/\/objektmobiliar.ch\/fr\/meubles\/meubles-dexterieur-maisons-de-retraite\/table-pliante-stable-en-metal\/\" \/>\n<meta property=\"og:locale\" content=\"fr_FR\" \/>\n<meta property=\"og:type\" content=\"article\" \/>\n<meta property=\"og:title\" content=\"Romantischer stabiler Metallklapptisch - bei OZG\" \/>\n<meta property=\"og:description\" content=\"Romantischer stabiler Metallklapptisch mit Mittels\u00e4ule und dekorativem Lochmuster. Mit Einhand-Kippmechanik. Diverse Farben erh\u00e4ltlich.\" \/>\n<meta property=\"og:url\" content=\"https:\/\/objektmobiliar.ch\/fr\/meubles\/meubles-dexterieur-maisons-de-retraite\/table-pliante-stable-en-metal\/\" \/>\n<meta property=\"og:site_name\" content=\"OZG HEALTHCARE\" \/>\n<meta property=\"article:modified_time\" content=\"2026-01-28T10:31:01+00:00\" \/>\n<meta name=\"twitter:card\" content=\"summary_large_image\" \/>\n<meta name=\"twitter:label1\" content=\"Dur\u00e9e de lecture estim\u00e9e\" \/>\n\t<meta name=\"twitter:data1\" content=\"3 minutes\" \/>\n<script type=\"application\/ld+json\" class=\"yoast-schema-graph\">{\"@context\":\"https:\\\/\\\/schema.org\",\"@graph\":[{\"@type\":\"WebPage\",\"@id\":\"https:\\\/\\\/objektmobiliar.ch\\\/moebel\\\/outdoor-moebel-pflegeheime\\\/stabiler-metallklapptisch\\\/\",\"url\":\"https:\\\/\\\/objektmobiliar.ch\\\/moebel\\\/outdoor-moebel-pflegeheime\\\/stabiler-metallklapptisch\\\/\",\"name\":\"Romantischer stabiler Metallklapptisch - bei OZG\",\"isPartOf\":{\"@id\":\"https:\\\/\\\/objektmobiliar.ch\\\/#website\"},\"datePublished\":\"2025-03-31T09:44:06+00:00\",\"dateModified\":\"2026-01-28T10:31:01+00:00\",\"description\":\"Romantischer stabiler Metallklapptisch mit Mittels\u00e4ule und dekorativem Lochmuster. Mit Einhand-Kippmechanik. Diverse Farben erh\u00e4ltlich.\",\"breadcrumb\":{\"@id\":\"https:\\\/\\\/objektmobiliar.ch\\\/moebel\\\/outdoor-moebel-pflegeheime\\\/stabiler-metallklapptisch\\\/#breadcrumb\"},\"inLanguage\":\"fr-FR\",\"potentialAction\":[{\"@type\":\"ReadAction\",\"target\":[\"https:\\\/\\\/objektmobiliar.ch\\\/moebel\\\/outdoor-moebel-pflegeheime\\\/stabiler-metallklapptisch\\\/\"]}]},{\"@type\":\"BreadcrumbList\",\"@id\":\"https:\\\/\\\/objektmobiliar.ch\\\/moebel\\\/outdoor-moebel-pflegeheime\\\/stabiler-metallklapptisch\\\/#breadcrumb\",\"itemListElement\":[{\"@type\":\"ListItem\",\"position\":1,\"name\":\"Startseite\",\"item\":\"https:\\\/\\\/objektmobiliar.ch\\\/\"},{\"@type\":\"ListItem\",\"position\":2,\"name\":\"M\u00f6bel\",\"item\":\"https:\\\/\\\/objektmobiliar.ch\\\/moebel\\\/\"},{\"@type\":\"ListItem\",\"position\":3,\"name\":\"Gartenm\u00f6bel\",\"item\":\"https:\\\/\\\/objektmobiliar.ch\\\/moebel\\\/outdoor-moebel-pflegeheime\\\/\"},{\"@type\":\"ListItem\",\"position\":4,\"name\":\"Gartentisch Fiorino\"}]},{\"@type\":\"WebSite\",\"@id\":\"https:\\\/\\\/objektmobiliar.ch\\\/#website\",\"url\":\"https:\\\/\\\/objektmobiliar.ch\\\/\",\"name\":\"OZG HEALTHCARE\",\"description\":\"Objektmobiliar f\u00fcr Pflege, B\u00fcro, Praxis &amp; Hotellerie\",\"potentialAction\":[{\"@type\":\"SearchAction\",\"target\":{\"@type\":\"EntryPoint\",\"urlTemplate\":\"https:\\\/\\\/objektmobiliar.ch\\\/?s={search_term_string}\"},\"query-input\":{\"@type\":\"PropertyValueSpecification\",\"valueRequired\":true,\"valueName\":\"search_term_string\"}}],\"inLanguage\":\"fr-FR\"}]}<\/script>\n<!-- \/ Yoast SEO plugin. -->","yoast_head_json":{"title":"Table pliante romantique en m\u00e9tal stable - chez OZG","description":"Table pliante romantique en m\u00e9tal stable avec colonne centrale et motif perfor\u00e9 d\u00e9coratif. Avec m\u00e9canisme de basculement d'une seule main. Diverses couleurs disponibles.","robots":{"index":"index","follow":"follow","max-snippet":"max-snippet:-1","max-image-preview":"max-image-preview:large","max-video-preview":"max-video-preview:-1"},"canonical":"https:\/\/objektmobiliar.ch\/fr\/meubles\/meubles-dexterieur-maisons-de-retraite\/table-pliante-stable-en-metal\/","og_locale":"fr_FR","og_type":"article","og_title":"Romantischer stabiler Metallklapptisch - bei OZG","og_description":"Romantischer stabiler Metallklapptisch mit Mittels\u00e4ule und dekorativem Lochmuster. Mit Einhand-Kippmechanik. Diverse Farben erh\u00e4ltlich.","og_url":"https:\/\/objektmobiliar.ch\/fr\/meubles\/meubles-dexterieur-maisons-de-retraite\/table-pliante-stable-en-metal\/","og_site_name":"OZG HEALTHCARE","article_modified_time":"2026-01-28T10:31:01+00:00","twitter_card":"summary_large_image","twitter_misc":{"Dur\u00e9e de lecture estim\u00e9e":"3 minutes"},"schema":{"@context":"https:\/\/schema.org","@graph":[{"@type":"WebPage","@id":"https:\/\/objektmobiliar.ch\/moebel\/outdoor-moebel-pflegeheime\/stabiler-metallklapptisch\/","url":"https:\/\/objektmobiliar.ch\/moebel\/outdoor-moebel-pflegeheime\/stabiler-metallklapptisch\/","name":"Table pliante romantique en m\u00e9tal stable - chez OZG","isPartOf":{"@id":"https:\/\/objektmobiliar.ch\/#website"},"datePublished":"2025-03-31T09:44:06+00:00","dateModified":"2026-01-28T10:31:01+00:00","description":"Table pliante romantique en m\u00e9tal stable avec colonne centrale et motif perfor\u00e9 d\u00e9coratif. Avec m\u00e9canisme de basculement d'une seule main. Diverses couleurs disponibles.","breadcrumb":{"@id":"https:\/\/objektmobiliar.ch\/moebel\/outdoor-moebel-pflegeheime\/stabiler-metallklapptisch\/#breadcrumb"},"inLanguage":"fr-FR","potentialAction":[{"@type":"ReadAction","target":["https:\/\/objektmobiliar.ch\/moebel\/outdoor-moebel-pflegeheime\/stabiler-metallklapptisch\/"]}]},{"@type":"BreadcrumbList","@id":"https:\/\/objektmobiliar.ch\/moebel\/outdoor-moebel-pflegeheime\/stabiler-metallklapptisch\/#breadcrumb","itemListElement":[{"@type":"ListItem","position":1,"name":"Startseite","item":"https:\/\/objektmobiliar.ch\/"},{"@type":"ListItem","position":2,"name":"M\u00f6bel","item":"https:\/\/objektmobiliar.ch\/moebel\/"},{"@type":"ListItem","position":3,"name":"Gartenm\u00f6bel","item":"https:\/\/objektmobiliar.ch\/moebel\/outdoor-moebel-pflegeheime\/"},{"@type":"ListItem","position":4,"name":"Gartentisch Fiorino"}]},{"@type":"WebSite","@id":"https:\/\/objektmobiliar.ch\/#website","url":"https:\/\/objektmobiliar.ch\/","name":"OZG HEALTHCARE","description":"Mobilier de collectivit\u00e9 pour les soins, les bureaux, les cabinets m\u00e9dicaux et l'h\u00f4tellerie","potentialAction":[{"@type":"SearchAction","target":{"@type":"EntryPoint","urlTemplate":"https:\/\/objektmobiliar.ch\/?s={search_term_string}"},"query-input":{"@type":"PropertyValueSpecification","valueRequired":true,"valueName":"search_term_string"}}],"inLanguage":"fr-FR"}]}},"coauthors":[],"author_meta":{"author_link":"https:\/\/objektmobiliar.ch\/fr\/author\/isa-dahmen\/","display_name":"Isa Dahmen"},"relative_dates":{"created":"Publi\u00e9 1 an il y a","modified":"Mis \u00e0 jour 3 mois il y a"},"absolute_dates":{"created":"Publi\u00e9 le mars 31, 2025","modified":"Mise \u00e0 jour le janvier 28, 2026"},"absolute_dates_time":{"created":"Publi\u00e9 le mars 31, 2025 9:44 am","modified":"Mise \u00e0 jour le janvier 28, 2026 10:31 am"},"featured_img_caption":"","featured_img":false,"series_order":"","_links":{"self":[{"href":"https:\/\/objektmobiliar.ch\/fr\/wp-json\/wp\/v2\/pages\/5048","targetHints":{"allow":["GET"]}}],"collection":[{"href":"https:\/\/objektmobiliar.ch\/fr\/wp-json\/wp\/v2\/pages"}],"about":[{"href":"https:\/\/objektmobiliar.ch\/fr\/wp-json\/wp\/v2\/types\/page"}],"author":[{"embeddable":true,"href":"https:\/\/objektmobiliar.ch\/fr\/wp-json\/wp\/v2\/users\/4"}],"replies":[{"embeddable":true,"href":"https:\/\/objektmobiliar.ch\/fr\/wp-json\/wp\/v2\/comments?post=5048"}],"version-history":[{"count":10,"href":"https:\/\/objektmobiliar.ch\/fr\/wp-json\/wp\/v2\/pages\/5048\/revisions"}],"predecessor-version":[{"id":5791,"href":"https:\/\/objektmobiliar.ch\/fr\/wp-json\/wp\/v2\/pages\/5048\/revisions\/5791"}],"up":[{"embeddable":true,"href":"https:\/\/objektmobiliar.ch\/fr\/wp-json\/wp\/v2\/pages\/749"}],"wp:attachment":[{"href":"https:\/\/objektmobiliar.ch\/fr\/wp-json\/wp\/v2\/media?parent=5048"}],"curies":[{"name":"wp","href":"https:\/\/api.w.org\/{rel}","templated":true}]}}