{"id":504,"date":"2023-10-15T00:18:24","date_gmt":"2023-10-15T00:18:24","guid":{"rendered":"https:\/\/dev.objektmobiliar.ch\/?page_id=504"},"modified":"2024-08-27T15:51:07","modified_gmt":"2024-08-27T15:51:07","slug":"fauteuil-avec-dossier-incline","status":"publish","type":"page","link":"https:\/\/objektmobiliar.ch\/fr\/moebel\/pflegegerechte-polstermoebel\/polstermobel-mit-stuetzender-rueckenlehne\/","title":{"rendered":"Pedro+"},"content":{"rendered":"<div class=\"lazyblock-produkt-detail-ozg-Z20l0sv wp-block-lazyblock-produkt-detail-ozg\"><section class=\"sct\">\r\n      <div class=\"cnt\">\r\n        <div class=\"elmnt-product-desc\">\r\n          <div class=\"product-desc-box\"><img decoding=\"async\" src=\"https:\/\/objektmobiliar.ch\/wp-content\/uploads\/2023\/10\/pedro-sessel.jpg\" loading=\"lazy\" alt=\"\" class=\"product-desc-img\"><\/div>\r\n          <div class=\"product-desc-txt\">\r\n            <h1 class=\"txt-product-headline\">S\u00e9rie Pedro+<\/h1>\r\n            <h2 class=\"txt-product-subline\">Meubles rembourr\u00e9s avec dossier de soutien<\/h2>\r\n            <div class=\"w-richtext\">\r\n              <p>Gr\u00e2ce \u00e0 un rembourrage ferme et \u00e0 un dossier de soutien, les meubles rembourr\u00e9s offrent un grand confort d'assise pour toutes les g\u00e9n\u00e9rations. La s\u00e9rie PEDRO+ peut \u00eatre configur\u00e9e de multiples fa\u00e7ons en termes de mat\u00e9riaux et de variations de couleurs et est disponible en diff\u00e9rentes largeurs. N'h\u00e9sitez pas \u00e0 nous faire part de vos souhaits.<\/p>\r\n            <\/div>\r\n            <a onclick=\"splite_loader();\" class=\"btn\">Demander un produit<\/a>\r\n          <\/div>\r\n        <\/div>\r\n      <\/div>\r\n    <\/section><\/div>\n\n<div class=\"lazyblock-produkt-slider-ozg-1EwLiV wp-block-lazyblock-produkt-slider-ozg\"><section class=\"sct\">\r\n  <div class=\"cnt semi\">\r\n    <div class=\"intro-txt\">\r\n        <h2>Meubles rembourr\u00e9s avec dossier de soutien : mod\u00e8les et finitions<\/h2>\r\n    <\/div>\r\n    \r\n    <div class=\"elmnt-similar-products\">\r\n      <div class=\"similar-product\"><img decoding=\"async\" src=\"https:\/\/objektmobiliar.ch\/wp-content\/uploads\/2023\/10\/pedro-sessel-02.jpg\" loading=\"eager\" alt=\"Fauteuil Pedro - Un classique tr\u00e8s appr\u00e9ci\u00e9\" class=\"similar-product-img\">\r\n        <div class=\"center\">\r\n          <div class=\"w-richtext\">\r\n            <p><strong>Fauteuil Pedro+ 2.0<\/strong><br>Art. N\u00b0 220-0205\/S<\/p>\r\n          <\/div>\r\n          \r\n        <\/div>\r\n      <\/div>\r\n      <div class=\"similar-product\"><img decoding=\"async\" src=\"https:\/\/objektmobiliar.ch\/wp-content\/uploads\/2023\/10\/pedro-2er-sofa-e1724885559193.jpg\" loading=\"eager\" alt=\"Canap\u00e9 Pedro - Un classique populaire pour les maisons de retraite\" class=\"similar-product-img\">\r\n        <div class=\"center\">\r\n          <div class=\"w-richtext\">\r\n            <p><strong>Canap\u00e9 2 places Pedro+ 2.0,<\/strong><br>Art. N\u00b0 220-0206\/S<\/p>\r\n          <\/div>\r\n          \r\n        <\/div>\r\n      <\/div>\r\n      <div class=\"similar-product\"><img decoding=\"async\" src=\"https:\/\/objektmobiliar.ch\/wp-content\/uploads\/2023\/10\/pedro-sofa.jpg\" loading=\"eager\" alt=\"Canap\u00e9 Pedro - Un classique tr\u00e8s appr\u00e9ci\u00e9\" class=\"similar-product-img\">\r\n        <div class=\"center\">\r\n          <div class=\"w-richtext\">\r\n            <p><strong>Canap\u00e9 3 places Pedro+ 2.0,<\/strong><br>Art. N\u00b0 220-0207\/S<\/p>\r\n          <\/div>\r\n          \r\n        <\/div>\r\n      <\/div>\r\n    <\/div>\r\n  <\/div>\r\n  \r\n  <div class=\"cnt narrow\">\r\n    <div class=\"similar-products-nav-pos\">\r\n      <div class=\"w-embed\">\r\n        \r\n      <\/div>\r\n    <\/div>\r\n  <\/div>\r\n<\/section><\/div>\n\n<div class=\"lazyblock-text-modul-ozg-JstzF wp-block-lazyblock-text-modul-ozg\"><section class=\"sct\">\r\n      <div class=\"cnt semi\">\r\n        <div class=\"w-richtext\">\r\n            <p><img loading=\"lazy\" decoding=\"async\" class=\"alignnone size-full wp-image-503\" src=\"https:\/\/objektmobiliar.ch\/wp-content\/uploads\/2023\/10\/pedro-plus.jpg\" alt=\"\" width=\"1200\" height=\"800\" srcset=\"https:\/\/objektmobiliar.ch\/wp-content\/uploads\/2023\/10\/pedro-plus.jpg 1200w, https:\/\/objektmobiliar.ch\/wp-content\/uploads\/2023\/10\/pedro-plus-800x533.jpg 800w, https:\/\/objektmobiliar.ch\/wp-content\/uploads\/2023\/10\/pedro-plus-768x512.jpg 768w\" sizes=\"auto, (max-width: 1200px) 100vw, 1200px\" \/><\/p>\n<p><strong>Fauteuil Pedro+ 2.0,<\/strong><br \/>N\u00b0 d'art. 220-0205\/S<\/p>\r\n        <\/div>\r\n      <\/div>\r\n    <\/section><\/div>\n\n\n<div class=\"wp-block-group\"><div class=\"wp-block-group__inner-container is-layout-constrained wp-block-group-is-layout-constrained\"><section class=\"sct\">\r\n      <div class=\"cnt narrow\">\r\n        <div class=\"introtxt\">\r\n        <div class=\"w-richtext\">\r\n            <h2>Description du produit<\/h2>\r\n        <\/div>\r\n        <\/div>\r\n        \r\n          \n\n\n<figure class=\"wp-block-table is-style-regular\"><table><thead><tr><th>Art. No.<\/th><th>Description<\/th><\/tr><\/thead><tbody><tr><td>220-0205\/S<\/td><td>Fauteuil Pedro+ 2.0<\/td><\/tr><tr><td>220-0206\/S<\/td><td>Canap\u00e9 2 places Pedro+ 2.0<\/td><\/tr><tr><td>220-0207\/S<\/td><td>Canap\u00e9 3 places Pedro+ 2.0<\/td><\/tr><\/tbody><\/table><\/figure>\n\n\n<\/div><\/section><\/div><\/div>\n\n\n<div class=\"lazyblock-text-modul-ozg-PyEcj wp-block-lazyblock-text-modul-ozg\"><section class=\"sct\">\r\n      <div class=\"cnt narrow\">\r\n        <div class=\"w-richtext\">\r\n            <h2>Meubles rembourr\u00e9s avec dossier de soutien<\/h2>\n<p>La s\u00e9rie PEDRO+ comprend des meubles rembourr\u00e9s avec un dossier de soutien et un rembourrage agr\u00e9ablement ferme. Les canap\u00e9s et les fauteuils de la s\u00e9rie sont sp\u00e9cialement adapt\u00e9s aux \u00e9tablissements de soins et offrent un confort d'assise agr\u00e9able \u00e0 toutes les g\u00e9n\u00e9rations. Ces meubles rembourr\u00e9s faciles \u00e0 entretenir vous permettent d'am\u00e9nager individuellement votre ensemble pour les groupes d'habitation, les salons ou les salles communes. Les oreilles incurv\u00e9es et les accoudoirs roul\u00e9s sont des d\u00e9tails particuliers qui conf\u00e8rent \u00e0 l'ensemble de la s\u00e9rie de meubles un look classique et pourtant tr\u00e8s particulier. La s\u00e9rie PEDRO+ se caract\u00e9rise en outre par sa flexibilit\u00e9.\u00a0<\/p>\n<h3>Pour un concept d'habitat harmonieux dans les \u00e9tablissements de soins<\/h3>\n<p>Configurez les fauteuils et les canap\u00e9s \u00e0 votre guise et enti\u00e8rement selon les besoins de vos r\u00e9sidents. Les meubles sont disponibles en diff\u00e9rentes largeurs. De plus, la grande vari\u00e9t\u00e9 de couleurs permet une int\u00e9gration harmonieuse des meubles dans diff\u00e9rents concepts d'habitat. Faites votre choix parmi une large palette de <a href=\"https:\/\/objektmobiliar.ch\/fr\/inspiration\/materiaux-et-couleurs\/\">Mat\u00e9riaux et couleurs<\/a> celle qui s'adapte parfaitement \u00e0 votre int\u00e9rieur existant.<\/p>\n<h3>Adapter les couleurs et les mat\u00e9riaux selon les souhaits<\/h3>\n<p>Qu'il s'agisse de microfibres, de similicuir, de cuir ou d'autres mat\u00e9riaux de rev\u00eatement, nous r\u00e9pondons volontiers \u00e0 vos souhaits et vous conseillons de mani\u00e8re d\u00e9taill\u00e9e sur le rev\u00eatement le plus appropri\u00e9. Vous pouvez \u00e9galement choisir parmi une vari\u00e9t\u00e9 presque infinie de couleurs, de motifs et de structures. Les \u00e9l\u00e9ments en bois massif peuvent \u00eatre configur\u00e9s dans des teintes de bois assorties. Il vous suffit de nous faire part de vos besoins concrets.<\/p>\r\n        <\/div>\r\n      <\/div>\r\n    <\/section><\/div><style class=\"advgb-styles-renderer\">\r\n            .similar-products-nav li {\r\n              overflow: hidden;\r\n              margin: 0px !important;\r\n              flex-grow: 0 !important;\r\n              flex-shrink: 1 !important;\r\n              flex-basis: 12.5% !important;\r\n              border-style: solid;\r\n              border-width: 2px;\r\n              border-color: transparent;\r\n              border-radius: 8px;\r\n              transition-property: border-color;\r\n              transition-duration: 600ms;\r\n              transition-timing-function: ease;\r\n              cursor: pointer;\r\n            }\r\n            .similar-products-nav li.slick-active {\r\n              border-color: #dde7ef;\r\n            }\r\n            @media screen and (max-width:767px) {\r\n              .similar-products-nav li {\r\n                flex-basis: auto !important;\r\n                border-radius: 8px;\r\n                padding-top: 8px;\r\n                padding-right: 16px;\r\n                padding-bottom: 6px;\r\n                padding-left: 16px;\r\n              }\r\n              .similar-products-nav li.slick-active {\r\n                background-color: #dde7ef;\r\n                transition-property: background-color, border-color;\r\n                transition-duration: 600ms, 200ms;\r\n                transition-timing-function: ease, ease;\r\n                color: #426b8a;\r\n              }\r\n            }\r\n          <\/style>","protected":false},"excerpt":{"rendered":"<p>Dank seiner festen Polster und st\u00fctzender R\u00fcckenlehnen bietet der Sessel einen hohen Sitzkomfort auch f\u00fcr \u00e4ltere Menschen.<\/p>","protected":false},"author":2,"featured_media":502,"parent":220,"menu_order":0,"comment_status":"closed","ping_status":"closed","template":"","meta":{"advgb_blocks_editor_width":"","advgb_blocks_columns_visual_guide":"","footnotes":""},"class_list":["post-504","page","type-page","status-publish","has-post-thumbnail","hentry"],"yoast_head":"<!-- This site is optimized with the Yoast SEO plugin v27.4 - https:\/\/yoast.com\/product\/yoast-seo-wordpress\/ -->\n<title>Polsterm\u00f6bel mit st\u00fctzender R\u00fcckenlehne bei OZG<\/title>\n<meta name=\"description\" content=\"Polsterm\u00f6bel mit st\u00fctzender R\u00fcckenlehne: Die Sessel und Sofas der Serie PEDRO+ sind ideal geeignet f\u00fcr die Ausstattung von Pflegeheimen.\" \/>\n<meta name=\"robots\" content=\"index, follow, max-snippet:-1, max-image-preview:large, max-video-preview:-1\" \/>\n<link rel=\"canonical\" href=\"https:\/\/objektmobiliar.ch\/fr\/meubles\/meubles-rembourres-faciles-a-entretenir\/fauteuil-avec-dossier-incline\/\" \/>\n<meta property=\"og:locale\" content=\"fr_FR\" \/>\n<meta property=\"og:type\" content=\"article\" \/>\n<meta property=\"og:title\" content=\"Polsterm\u00f6bel mit st\u00fctzender R\u00fcckenlehne bei OZG\" \/>\n<meta property=\"og:description\" content=\"Polsterm\u00f6bel mit st\u00fctzender R\u00fcckenlehne: Die Sessel und Sofas der Serie PEDRO+ sind ideal geeignet f\u00fcr die Ausstattung von Pflegeheimen.\" \/>\n<meta property=\"og:url\" content=\"https:\/\/objektmobiliar.ch\/fr\/meubles\/meubles-rembourres-faciles-a-entretenir\/fauteuil-avec-dossier-incline\/\" \/>\n<meta property=\"og:site_name\" content=\"OZG HEALTHCARE\" \/>\n<meta property=\"article:modified_time\" content=\"2024-08-27T15:51:07+00:00\" \/>\n<meta property=\"og:image\" content=\"https:\/\/objektmobiliar.ch\/wp-content\/uploads\/2023\/10\/pedro-sessel.jpg\" \/>\n\t<meta property=\"og:image:width\" content=\"1000\" \/>\n\t<meta property=\"og:image:height\" content=\"1000\" \/>\n\t<meta property=\"og:image:type\" content=\"image\/jpeg\" \/>\n<meta name=\"twitter:card\" content=\"summary_large_image\" \/>\n<meta name=\"twitter:label1\" content=\"Dur\u00e9e de lecture estim\u00e9e\" \/>\n\t<meta name=\"twitter:data1\" content=\"3 minutes\" \/>\n<script type=\"application\/ld+json\" class=\"yoast-schema-graph\">{\"@context\":\"https:\\\/\\\/schema.org\",\"@graph\":[{\"@type\":\"WebPage\",\"@id\":\"https:\\\/\\\/objektmobiliar.ch\\\/moebel\\\/pflegegerechte-polstermoebel\\\/polstermobel-mit-stuetzender-rueckenlehne\\\/\",\"url\":\"https:\\\/\\\/objektmobiliar.ch\\\/moebel\\\/pflegegerechte-polstermoebel\\\/polstermobel-mit-stuetzender-rueckenlehne\\\/\",\"name\":\"Polsterm\u00f6bel mit st\u00fctzender R\u00fcckenlehne bei OZG\",\"isPartOf\":{\"@id\":\"https:\\\/\\\/objektmobiliar.ch\\\/#website\"},\"primaryImageOfPage\":{\"@id\":\"https:\\\/\\\/objektmobiliar.ch\\\/moebel\\\/pflegegerechte-polstermoebel\\\/polstermobel-mit-stuetzender-rueckenlehne\\\/#primaryimage\"},\"image\":{\"@id\":\"https:\\\/\\\/objektmobiliar.ch\\\/moebel\\\/pflegegerechte-polstermoebel\\\/polstermobel-mit-stuetzender-rueckenlehne\\\/#primaryimage\"},\"thumbnailUrl\":\"https:\\\/\\\/objektmobiliar.ch\\\/wp-content\\\/uploads\\\/2023\\\/10\\\/pedro-sessel.jpg\",\"datePublished\":\"2023-10-15T00:18:24+00:00\",\"dateModified\":\"2024-08-27T15:51:07+00:00\",\"description\":\"Polsterm\u00f6bel mit st\u00fctzender R\u00fcckenlehne: Die Sessel und Sofas der Serie PEDRO+ sind ideal geeignet f\u00fcr die Ausstattung von Pflegeheimen.\",\"breadcrumb\":{\"@id\":\"https:\\\/\\\/objektmobiliar.ch\\\/moebel\\\/pflegegerechte-polstermoebel\\\/polstermobel-mit-stuetzender-rueckenlehne\\\/#breadcrumb\"},\"inLanguage\":\"fr-FR\",\"potentialAction\":[{\"@type\":\"ReadAction\",\"target\":[\"https:\\\/\\\/objektmobiliar.ch\\\/moebel\\\/pflegegerechte-polstermoebel\\\/polstermobel-mit-stuetzender-rueckenlehne\\\/\"]}]},{\"@type\":\"ImageObject\",\"inLanguage\":\"fr-FR\",\"@id\":\"https:\\\/\\\/objektmobiliar.ch\\\/moebel\\\/pflegegerechte-polstermoebel\\\/polstermobel-mit-stuetzender-rueckenlehne\\\/#primaryimage\",\"url\":\"https:\\\/\\\/objektmobiliar.ch\\\/wp-content\\\/uploads\\\/2023\\\/10\\\/pedro-sessel.jpg\",\"contentUrl\":\"https:\\\/\\\/objektmobiliar.ch\\\/wp-content\\\/uploads\\\/2023\\\/10\\\/pedro-sessel.jpg\",\"width\":1000,\"height\":1000,\"caption\":\"PEDRO+ \u2013 Ein Klassiker f\u00fcr Pflegeeinrichtungen\"},{\"@type\":\"BreadcrumbList\",\"@id\":\"https:\\\/\\\/objektmobiliar.ch\\\/moebel\\\/pflegegerechte-polstermoebel\\\/polstermobel-mit-stuetzender-rueckenlehne\\\/#breadcrumb\",\"itemListElement\":[{\"@type\":\"ListItem\",\"position\":1,\"name\":\"Startseite\",\"item\":\"https:\\\/\\\/objektmobiliar.ch\\\/\"},{\"@type\":\"ListItem\",\"position\":2,\"name\":\"M\u00f6bel\",\"item\":\"https:\\\/\\\/objektmobiliar.ch\\\/moebel\\\/\"},{\"@type\":\"ListItem\",\"position\":3,\"name\":\"Polsterm\u00f6bel\",\"item\":\"https:\\\/\\\/objektmobiliar.ch\\\/moebel\\\/pflegegerechte-polstermoebel\\\/\"},{\"@type\":\"ListItem\",\"position\":4,\"name\":\"Pedro+\"}]},{\"@type\":\"WebSite\",\"@id\":\"https:\\\/\\\/objektmobiliar.ch\\\/#website\",\"url\":\"https:\\\/\\\/objektmobiliar.ch\\\/\",\"name\":\"OZG HEALTHCARE\",\"description\":\"Objektmobiliar f\u00fcr Pflege, B\u00fcro, Praxis &amp; Hotellerie\",\"potentialAction\":[{\"@type\":\"SearchAction\",\"target\":{\"@type\":\"EntryPoint\",\"urlTemplate\":\"https:\\\/\\\/objektmobiliar.ch\\\/?s={search_term_string}\"},\"query-input\":{\"@type\":\"PropertyValueSpecification\",\"valueRequired\":true,\"valueName\":\"search_term_string\"}}],\"inLanguage\":\"fr-FR\"}]}<\/script>\n<!-- \/ Yoast SEO plugin. -->","yoast_head_json":{"title":"Meubles rembourr\u00e9s avec dossier de soutien chez OZG","description":"Meubles rembourr\u00e9s avec dossier de soutien : les fauteuils et canap\u00e9s de la s\u00e9rie PEDRO+ conviennent parfaitement \u00e0 l'\u00e9quipement des maisons de soins.","robots":{"index":"index","follow":"follow","max-snippet":"max-snippet:-1","max-image-preview":"max-image-preview:large","max-video-preview":"max-video-preview:-1"},"canonical":"https:\/\/objektmobiliar.ch\/fr\/meubles\/meubles-rembourres-faciles-a-entretenir\/fauteuil-avec-dossier-incline\/","og_locale":"fr_FR","og_type":"article","og_title":"Polsterm\u00f6bel mit st\u00fctzender R\u00fcckenlehne bei OZG","og_description":"Polsterm\u00f6bel mit st\u00fctzender R\u00fcckenlehne: Die Sessel und Sofas der Serie PEDRO+ sind ideal geeignet f\u00fcr die Ausstattung von Pflegeheimen.","og_url":"https:\/\/objektmobiliar.ch\/fr\/meubles\/meubles-rembourres-faciles-a-entretenir\/fauteuil-avec-dossier-incline\/","og_site_name":"OZG HEALTHCARE","article_modified_time":"2024-08-27T15:51:07+00:00","og_image":[{"width":1000,"height":1000,"url":"https:\/\/objektmobiliar.ch\/wp-content\/uploads\/2023\/10\/pedro-sessel.jpg","type":"image\/jpeg"}],"twitter_card":"summary_large_image","twitter_misc":{"Dur\u00e9e de lecture estim\u00e9e":"3 minutes"},"schema":{"@context":"https:\/\/schema.org","@graph":[{"@type":"WebPage","@id":"https:\/\/objektmobiliar.ch\/moebel\/pflegegerechte-polstermoebel\/polstermobel-mit-stuetzender-rueckenlehne\/","url":"https:\/\/objektmobiliar.ch\/moebel\/pflegegerechte-polstermoebel\/polstermobel-mit-stuetzender-rueckenlehne\/","name":"Meubles rembourr\u00e9s avec dossier de soutien chez OZG","isPartOf":{"@id":"https:\/\/objektmobiliar.ch\/#website"},"primaryImageOfPage":{"@id":"https:\/\/objektmobiliar.ch\/moebel\/pflegegerechte-polstermoebel\/polstermobel-mit-stuetzender-rueckenlehne\/#primaryimage"},"image":{"@id":"https:\/\/objektmobiliar.ch\/moebel\/pflegegerechte-polstermoebel\/polstermobel-mit-stuetzender-rueckenlehne\/#primaryimage"},"thumbnailUrl":"https:\/\/objektmobiliar.ch\/wp-content\/uploads\/2023\/10\/pedro-sessel.jpg","datePublished":"2023-10-15T00:18:24+00:00","dateModified":"2024-08-27T15:51:07+00:00","description":"Meubles rembourr\u00e9s avec dossier de soutien : les fauteuils et canap\u00e9s de la s\u00e9rie PEDRO+ conviennent parfaitement \u00e0 l'\u00e9quipement des maisons de soins.","breadcrumb":{"@id":"https:\/\/objektmobiliar.ch\/moebel\/pflegegerechte-polstermoebel\/polstermobel-mit-stuetzender-rueckenlehne\/#breadcrumb"},"inLanguage":"fr-FR","potentialAction":[{"@type":"ReadAction","target":["https:\/\/objektmobiliar.ch\/moebel\/pflegegerechte-polstermoebel\/polstermobel-mit-stuetzender-rueckenlehne\/"]}]},{"@type":"ImageObject","inLanguage":"fr-FR","@id":"https:\/\/objektmobiliar.ch\/moebel\/pflegegerechte-polstermoebel\/polstermobel-mit-stuetzender-rueckenlehne\/#primaryimage","url":"https:\/\/objektmobiliar.ch\/wp-content\/uploads\/2023\/10\/pedro-sessel.jpg","contentUrl":"https:\/\/objektmobiliar.ch\/wp-content\/uploads\/2023\/10\/pedro-sessel.jpg","width":1000,"height":1000,"caption":"PEDRO+ \u2013 Ein Klassiker f\u00fcr Pflegeeinrichtungen"},{"@type":"BreadcrumbList","@id":"https:\/\/objektmobiliar.ch\/moebel\/pflegegerechte-polstermoebel\/polstermobel-mit-stuetzender-rueckenlehne\/#breadcrumb","itemListElement":[{"@type":"ListItem","position":1,"name":"Startseite","item":"https:\/\/objektmobiliar.ch\/"},{"@type":"ListItem","position":2,"name":"M\u00f6bel","item":"https:\/\/objektmobiliar.ch\/moebel\/"},{"@type":"ListItem","position":3,"name":"Polsterm\u00f6bel","item":"https:\/\/objektmobiliar.ch\/moebel\/pflegegerechte-polstermoebel\/"},{"@type":"ListItem","position":4,"name":"Pedro+"}]},{"@type":"WebSite","@id":"https:\/\/objektmobiliar.ch\/#website","url":"https:\/\/objektmobiliar.ch\/","name":"OZG HEALTHCARE","description":"Mobilier de collectivit\u00e9 pour les soins, les bureaux, les cabinets m\u00e9dicaux et l'h\u00f4tellerie","potentialAction":[{"@type":"SearchAction","target":{"@type":"EntryPoint","urlTemplate":"https:\/\/objektmobiliar.ch\/?s={search_term_string}"},"query-input":{"@type":"PropertyValueSpecification","valueRequired":true,"valueName":"search_term_string"}}],"inLanguage":"fr-FR"}]}},"coauthors":[],"author_meta":{"author_link":"https:\/\/objektmobiliar.ch\/fr\/author\/alex\/","display_name":"Alex"},"relative_dates":{"created":"Publi\u00e9 3 ans il y a","modified":"Mis \u00e0 jour 2 ans il y a"},"absolute_dates":{"created":"Publi\u00e9 le octobre 15, 2023","modified":"Mise \u00e0 jour le ao\u00fbt 27, 2024"},"absolute_dates_time":{"created":"Publi\u00e9 le octobre 15, 2023 12:18 am","modified":"Mise \u00e0 jour le ao\u00fbt 27, 2024 3:51 pm"},"featured_img_caption":"","featured_img":"https:\/\/objektmobiliar.ch\/wp-content\/uploads\/2023\/10\/pedro-sessel-825x510.jpg","series_order":"","_links":{"self":[{"href":"https:\/\/objektmobiliar.ch\/fr\/wp-json\/wp\/v2\/pages\/504","targetHints":{"allow":["GET"]}}],"collection":[{"href":"https:\/\/objektmobiliar.ch\/fr\/wp-json\/wp\/v2\/pages"}],"about":[{"href":"https:\/\/objektmobiliar.ch\/fr\/wp-json\/wp\/v2\/types\/page"}],"author":[{"embeddable":true,"href":"https:\/\/objektmobiliar.ch\/fr\/wp-json\/wp\/v2\/users\/2"}],"replies":[{"embeddable":true,"href":"https:\/\/objektmobiliar.ch\/fr\/wp-json\/wp\/v2\/comments?post=504"}],"version-history":[{"count":9,"href":"https:\/\/objektmobiliar.ch\/fr\/wp-json\/wp\/v2\/pages\/504\/revisions"}],"predecessor-version":[{"id":3884,"href":"https:\/\/objektmobiliar.ch\/fr\/wp-json\/wp\/v2\/pages\/504\/revisions\/3884"}],"up":[{"embeddable":true,"href":"https:\/\/objektmobiliar.ch\/fr\/wp-json\/wp\/v2\/pages\/220"}],"wp:featuredmedia":[{"embeddable":true,"href":"https:\/\/objektmobiliar.ch\/fr\/wp-json\/wp\/v2\/media\/502"}],"wp:attachment":[{"href":"https:\/\/objektmobiliar.ch\/fr\/wp-json\/wp\/v2\/media?parent=504"}],"curies":[{"name":"wp","href":"https:\/\/api.w.org\/{rel}","templated":true}]}}