{"id":5020,"date":"2025-03-27T15:54:11","date_gmt":"2025-03-27T15:54:11","guid":{"rendered":"https:\/\/objektmobiliar.ch\/?page_id=5020"},"modified":"2026-01-28T10:29:12","modified_gmt":"2026-01-28T10:29:12","slug":"chaise-de-jardin-en-fer-forge","status":"publish","type":"page","link":"https:\/\/objektmobiliar.ch\/fr\/moebel\/outdoor-moebel-pflegeheime\/gartenstuhl-aus-schmiedeeisen\/","title":{"rendered":"Chaise de jardin Worb"},"content":{"rendered":"<div class=\"lazyblock-produkt-detail-ozg-2nKbQi wp-block-lazyblock-produkt-detail-ozg\"><section class=\"sct\">\r\n      <div class=\"cnt\">\r\n        <div class=\"elmnt-product-desc\">\r\n          <div class=\"product-desc-box\"><img decoding=\"async\" src=\"https:\/\/objektmobiliar.ch\/wp-content\/uploads\/2025\/03\/Eleganter-Gartenstuhl-Worb.jpg\" loading=\"lazy\" alt=\"\" class=\"product-desc-img\"><\/div>\r\n          <div class=\"product-desc-txt\">\r\n            <h1 class=\"txt-product-headline\">Gartenstuhl Worb<\/h1>\r\n            <h2 class=\"txt-product-subline\">Eleganter Gartenstuhl, schmiedeeisern<\/h2>\r\n            <div class=\"w-richtext\">\r\n              <p>Das Modell Worb ist ein eleganter Gartenstuhl aus Schmiedeeisen mit schlanken Beinen, stilvoll geschwungenen Armlehnen und attraktiven Details als Blickfang. F\u00fcr mehr Sitzkomfort ist ein Sitzkissen erh\u00e4ltlich.<\/p>\n<p><strong>Das Stuhlgestell ist in folgenden Farben lieferbar:<\/strong> Gr\u00fcn, Grau Metallic,\u00a0Carbon, Blaugrau, Kupfer, Schilfgr\u00fcn<\/p>\n<p><img loading=\"lazy\" decoding=\"async\" class=\"alignnone size-full wp-image-5786\" src=\"https:\/\/objektmobiliar.ch\/wp-content\/uploads\/2026\/01\/Farben-Worb_neu.jpg\" alt=\"\" width=\"667\" height=\"161\" srcset=\"https:\/\/objektmobiliar.ch\/wp-content\/uploads\/2026\/01\/Farben-Worb_neu.jpg 667w, https:\/\/objektmobiliar.ch\/wp-content\/uploads\/2026\/01\/Farben-Worb_neu-18x4.jpg 18w\" sizes=\"auto, (max-width: 667px) 100vw, 667px\" \/><\/p>\r\n            <\/div>\r\n            <a onclick=\"splite_loader();\" class=\"btn\">Produkt anfragen<\/a>\r\n          <\/div>\r\n        <\/div>\r\n      <\/div>\r\n    <\/section><\/div>\n\n<div class=\"lazyblock-produkt-slider-ozg-Z1pN7sh wp-block-lazyblock-produkt-slider-ozg\"><section class=\"sct\">\r\n  <div class=\"cnt semi\">\r\n    <div class=\"intro-txt\">\r\n        <h2>Modelle und Ausf\u00fchrungen<\/h2>\r\n    <\/div>\r\n    \r\n    <div class=\"elmnt-similar-products\">\r\n      <div class=\"similar-product\"><img decoding=\"async\" src=\"https:\/\/objektmobiliar.ch\/wp-content\/uploads\/2025\/03\/Eleganter-Gartenstuhl-Schmiedeeisen.jpg\" loading=\"eager\" alt=\"\" class=\"similar-product-img\">\r\n        <div class=\"center\">\r\n          <div class=\"w-richtext\">\r\n            <p>251-0008\/S<br>Gartenstuhl schmiedeeisern, grau<\/p>\r\n          <\/div>\r\n          \r\n        <\/div>\r\n      <\/div>\r\n      <div class=\"similar-product\"><img decoding=\"async\" src=\"https:\/\/objektmobiliar.ch\/wp-content\/uploads\/2025\/03\/Eleganter-Gartenstuhl-Worb-gruen-1.jpg\" loading=\"eager\" alt=\"\" class=\"similar-product-img\">\r\n        <div class=\"center\">\r\n          <div class=\"w-richtext\">\r\n            <p>251-0008\/S<br>Gartenstuhl schmiedeeisern, gr\u00fcn<\/p>\r\n          <\/div>\r\n          \r\n        <\/div>\r\n      <\/div>\r\n      <div class=\"similar-product\"><img decoding=\"async\" src=\"https:\/\/objektmobiliar.ch\/wp-content\/uploads\/2025\/03\/Eleganter-Gartenstuhl-Worb-schwarz-1.jpg\" loading=\"eager\" alt=\"\" class=\"similar-product-img\">\r\n        <div class=\"center\">\r\n          <div class=\"w-richtext\">\r\n            <p>251-0008\/S<br>Gartenstuhl schmiedeeisern, carbon<\/p>\r\n          <\/div>\r\n          \r\n        <\/div>\r\n      <\/div>\r\n      <div class=\"similar-product\"><img decoding=\"async\" src=\"https:\/\/objektmobiliar.ch\/wp-content\/uploads\/2026\/01\/Gartenstuhl-Worb-Sitzkissen.jpg\" loading=\"eager\" alt=\"\" class=\"similar-product-img\">\r\n        <div class=\"center\">\r\n          <div class=\"w-richtext\">\r\n            <p>Sitzkissen zu Gartenstuhl Worb<\/p>\r\n          <\/div>\r\n          \r\n        <\/div>\r\n      <\/div>\r\n      <div class=\"similar-product\"><img decoding=\"async\" src=\"https:\/\/objektmobiliar.ch\/wp-content\/uploads\/2026\/01\/Gartenstuhl-Worb-Sitzlehnenkissen-1.jpg\" loading=\"eager\" alt=\"\" class=\"similar-product-img\">\r\n        <div class=\"center\">\r\n          <div class=\"w-richtext\">\r\n            <p>Sitzlehnenkissen zu Gartenstuhl Worb<\/p>\r\n          <\/div>\r\n          \r\n        <\/div>\r\n      <\/div>\r\n    <\/div>\r\n  <\/div>\r\n  \r\n  <div class=\"cnt narrow\">\r\n    <div class=\"similar-products-nav-pos\">\r\n      <div class=\"w-embed\">\r\n        \r\n      <\/div>\r\n    <\/div>\r\n  <\/div>\r\n<\/section><\/div>\n\n<section class=\"sct\">\r\n      <div class=\"cnt narrow\">\r\n        <div class=\"introtxt\">\r\n        <div class=\"w-richtext\">\r\n            <h2>Produktbeschreibung<\/h2>\r\n        <\/div>\r\n        <\/div>\r\n        \r\n          \n\n\n<figure class=\"wp-block-table\"><table class=\"has-fixed-layout\"><thead><tr><th>Art. Nr. <\/th><th>Bezeichnung<\/th><th>Abmessung<\/th><\/tr><\/thead><tbody><tr><td>251-0008\/S<\/td><td>Gartenstuhl Worb, mit Armlehnen<\/td><td>H 100cm, B 55cm, T 65cm, SH 43cm<\/td><\/tr><tr><td>251-0008AA<\/td><td>Sitzkissen zu Gartenstuhl Worb<\/td><td><\/td><\/tr><\/tbody><\/table><\/figure>\n\n\n<\/div><\/section>\n\n<div class=\"lazyblock-bildergalerie-lightbox-ozg-1mw1Qv wp-block-lazyblock-bildergalerie-lightbox-ozg\"><section class=\"sct\">\r\n  <div class=\"cnt semi\">\r\n    <div class=\"introtxt\">\r\n    <div class=\"w-richtext\">\r\n        <h2>Referenzen f\u00fcr unseren eleganten Gartenstuhl Worb<\/h2>\r\n    <\/div>\r\n    <\/div>\r\n  \r\n    <div class=\"elmnt-imggallery\">\r\n      <a href=\"#\" class=\"imggallery-link w-inline-block w-lightbox\">\r\n        <img decoding=\"async\" src=\"https:\/\/objektmobiliar.ch\/wp-content\/uploads\/2025\/03\/Eleganter-Gartenstuhl-mit-beigem-Sitzkissen.jpg\" loading=\"lazy\" alt=\"\" class=\"imggallery-img\">\r\n        <script type=\"application\/json\" class=\"w-json\">\r\n            {\r\n              \"items\": [{\r\n\r\n                \"url\": \"https:\/\/objektmobiliar.ch\/wp-content\/uploads\/2025\/03\/Eleganter-Gartenstuhl-mit-beigem-Sitzkissen.jpg\",\r\n                \"caption\": \"\",\r\n                \"type\": \"image\"\r\n              }],\r\n              \"group\": \"\"\r\n            }\r\n          <\/script>\r\n      <\/a>\r\n      <a href=\"#\" class=\"imggallery-link w-inline-block w-lightbox\">\r\n        <img decoding=\"async\" src=\"https:\/\/objektmobiliar.ch\/wp-content\/uploads\/2025\/03\/Eleganter-Gartenstuhl-mit-gruenem-Sitzkissen.jpg\" loading=\"lazy\" alt=\"\" class=\"imggallery-img\">\r\n        <script type=\"application\/json\" class=\"w-json\">\r\n            {\r\n              \"items\": [{\r\n\r\n                \"url\": \"https:\/\/objektmobiliar.ch\/wp-content\/uploads\/2025\/03\/Eleganter-Gartenstuhl-mit-gruenem-Sitzkissen.jpg\",\r\n                \"caption\": \"\",\r\n                \"type\": \"image\"\r\n              }],\r\n              \"group\": \"\"\r\n            }\r\n          <\/script>\r\n      <\/a>\r\n      <a href=\"#\" class=\"imggallery-link w-inline-block w-lightbox\">\r\n        <img decoding=\"async\" src=\"https:\/\/objektmobiliar.ch\/wp-content\/uploads\/2025\/03\/Eleganter-Gartenstuhl-mit-rotem-Sitzkissen.jpg\" loading=\"lazy\" alt=\"\" class=\"imggallery-img\">\r\n        <script type=\"application\/json\" class=\"w-json\">\r\n            {\r\n              \"items\": [{\r\n\r\n                \"url\": \"https:\/\/objektmobiliar.ch\/wp-content\/uploads\/2025\/03\/Eleganter-Gartenstuhl-mit-rotem-Sitzkissen.jpg\",\r\n                \"caption\": \"\",\r\n                \"type\": \"image\"\r\n              }],\r\n              \"group\": \"\"\r\n            }\r\n          <\/script>\r\n      <\/a>\r\n    <\/div>\r\n    \r\n  <\/div>\r\n<\/section><\/div>\n\n<div class=\"lazyblock-text-modul-ozg-knwKJ wp-block-lazyblock-text-modul-ozg\"><section class=\"sct\">\r\n      <div class=\"cnt narrow\">\r\n        <div class=\"w-richtext\">\r\n            <h2>Schlank, stilvoll, elegant<\/h2>\n<p>Das Modell Worb ist ein eleganter Gartenstuhl aus Schmiedeeisen. Seine schlanken Beinen, die stilvoll geschwungenen Armlehnen und andere attraktive Details machen diesen Stuhl zu einem besonderen Blickfang auf Ihrer Terrasse oder den Aussenbereichen von Caf\u00e9s, Bistros oder anderen gastronomischen Einrichtungen. F\u00fcr mehr Sitzkomfort ist optional ein bequemes Sitzkissen erh\u00e4ltlich, das mit Klettverschl\u00fcssen am Stuhl befestigt werden kann.<\/p>\n<p><strong>Das Stuhlgestell ist in folgenden Farben lieferbar:<\/strong>\u00a0Gr\u00fcn, Grau Metallic,\u00a0Carbon, Blaugrau, Kupfer, Schilfgr\u00fcn<\/p>\n<h3>Schmiedeeisern, f\u00fcr starke Beanspruchung<\/h3>\n<p>Das Stahl-M\u00f6bel ist aus hochwertigem Vormaterial gefertigt, hochfest und dauerhaft f\u00fcr starke Beanspruchung geeignet. Alle Teile werden durch Raupenschweissung miteinander verbunden und die Oberfl\u00e4che pulverbeschichtet. Das Material ist wetterfest und kann bedenkenlos im Freien verwendet werden. Die St\u00fchle der Serie sind stapelbar und verf\u00fcgen \u00fcber einen entsprechenden Stapelschutz, f\u00fcr eine platzsparende, einfache Lagerung.<\/p>\n<h3 id=\"weitere-outdoor-stuhle-und-tische\">Weitere Outdoor St\u00fchle und Tische<\/h3>\n<p>Sie sind auf der Suche nach weiteren M\u00f6beln f\u00fcr Ihre Terrassen, Balkone oder G\u00e4rten? In unserem Sortiment finden Sie eine grosse Auswahl an\u00a0<a href=\"https:\/\/objektmobiliar.ch\/moebel\/outdoor-moebel-pflegeheime\/\" target=\"_blank\" rel=\"noopener\">Outdoor St\u00fchlen und Tischen<\/a>.<\/p>\r\n        <\/div>\r\n            <div ><a href=\"https:\/\/objektmobiliar.ch\/moebel\/outdoor-moebel-pflegeheime\/\" class=\"btn\" >Weitere Outdoor M\u00f6bel<\/a><\/div>\r\n      <\/div>\r\n    <\/section><\/div><style class=\"advgb-styles-renderer\">\r\n            .similar-products-nav li {\r\n              overflow: hidden;\r\n              margin: 0px !important;\r\n              flex-grow: 0 !important;\r\n              flex-shrink: 1 !important;\r\n              flex-basis: 12.5% !important;\r\n              border-style: solid;\r\n              border-width: 2px;\r\n              border-color: transparent;\r\n              border-radius: 8px;\r\n              transition-property: border-color;\r\n              transition-duration: 600ms;\r\n              transition-timing-function: ease;\r\n              cursor: pointer;\r\n            }\r\n            .similar-products-nav li.slick-active {\r\n              border-color: #dde7ef;\r\n            }\r\n            @media screen and (max-width:767px) {\r\n              .similar-products-nav li {\r\n                flex-basis: auto !important;\r\n                border-radius: 8px;\r\n                padding-top: 8px;\r\n                padding-right: 16px;\r\n                padding-bottom: 6px;\r\n                padding-left: 16px;\r\n              }\r\n              .similar-products-nav li.slick-active {\r\n                background-color: #dde7ef;\r\n                transition-property: background-color, border-color;\r\n                transition-duration: 600ms, 200ms;\r\n                transition-timing-function: ease, ease;\r\n                color: #426b8a;\r\n              }\r\n            }\r\n          <\/style>","protected":false},"excerpt":{"rendered":"<p>Art. Nr. Bezeichnung Abmessung 251-0008\/S Gartenstuhl Worb, mit Armlehnen H 100cm, B 55cm, T 65cm, SH 43cm 251-0008AA Sitzkissen zu Gartenstuhl Worb<\/p>","protected":false},"author":4,"featured_media":0,"parent":749,"menu_order":0,"comment_status":"closed","ping_status":"closed","template":"","meta":{"advgb_blocks_editor_width":"","advgb_blocks_columns_visual_guide":"","footnotes":""},"class_list":["post-5020","page","type-page","status-publish","hentry"],"yoast_head":"<!-- This site is optimized with the Yoast SEO plugin v27.4 - https:\/\/yoast.com\/product\/yoast-seo-wordpress\/ -->\n<title>Eleganter Gartenstuhl aus Schmiedeeisen - bei OZG kaufen<\/title>\n<meta name=\"description\" content=\"Eleganter Gartenstuhl aus Schmiedeeisen mit schlanken Beinen, geschwungenen Armlehnen, attraktiven Details. Mit Sitzkissen f\u00fcr mehr Komfort.\" \/>\n<meta name=\"robots\" content=\"index, follow, max-snippet:-1, max-image-preview:large, max-video-preview:-1\" \/>\n<link rel=\"canonical\" href=\"https:\/\/objektmobiliar.ch\/fr\/meubles\/meubles-dexterieur-maisons-de-retraite\/chaise-de-jardin-en-fer-forge\/\" \/>\n<meta property=\"og:locale\" content=\"fr_FR\" \/>\n<meta property=\"og:type\" content=\"article\" \/>\n<meta property=\"og:title\" content=\"Eleganter Gartenstuhl aus Schmiedeeisen - bei OZG kaufen\" \/>\n<meta property=\"og:description\" content=\"Eleganter Gartenstuhl aus Schmiedeeisen mit schlanken Beinen, geschwungenen Armlehnen, attraktiven Details. Mit Sitzkissen f\u00fcr mehr Komfort.\" \/>\n<meta property=\"og:url\" content=\"https:\/\/objektmobiliar.ch\/fr\/meubles\/meubles-dexterieur-maisons-de-retraite\/chaise-de-jardin-en-fer-forge\/\" \/>\n<meta property=\"og:site_name\" content=\"OZG HEALTHCARE\" \/>\n<meta property=\"article:modified_time\" content=\"2026-01-28T10:29:12+00:00\" \/>\n<meta name=\"twitter:card\" content=\"summary_large_image\" \/>\n<meta name=\"twitter:label1\" content=\"Dur\u00e9e de lecture estim\u00e9e\" \/>\n\t<meta name=\"twitter:data1\" content=\"4 minutes\" \/>\n<script type=\"application\/ld+json\" class=\"yoast-schema-graph\">{\"@context\":\"https:\\\/\\\/schema.org\",\"@graph\":[{\"@type\":\"WebPage\",\"@id\":\"https:\\\/\\\/objektmobiliar.ch\\\/moebel\\\/outdoor-moebel-pflegeheime\\\/gartenstuhl-aus-schmiedeeisen\\\/\",\"url\":\"https:\\\/\\\/objektmobiliar.ch\\\/moebel\\\/outdoor-moebel-pflegeheime\\\/gartenstuhl-aus-schmiedeeisen\\\/\",\"name\":\"Eleganter Gartenstuhl aus Schmiedeeisen - bei OZG kaufen\",\"isPartOf\":{\"@id\":\"https:\\\/\\\/objektmobiliar.ch\\\/#website\"},\"datePublished\":\"2025-03-27T15:54:11+00:00\",\"dateModified\":\"2026-01-28T10:29:12+00:00\",\"description\":\"Eleganter Gartenstuhl aus Schmiedeeisen mit schlanken Beinen, geschwungenen Armlehnen, attraktiven Details. Mit Sitzkissen f\u00fcr mehr Komfort.\",\"breadcrumb\":{\"@id\":\"https:\\\/\\\/objektmobiliar.ch\\\/moebel\\\/outdoor-moebel-pflegeheime\\\/gartenstuhl-aus-schmiedeeisen\\\/#breadcrumb\"},\"inLanguage\":\"fr-FR\",\"potentialAction\":[{\"@type\":\"ReadAction\",\"target\":[\"https:\\\/\\\/objektmobiliar.ch\\\/moebel\\\/outdoor-moebel-pflegeheime\\\/gartenstuhl-aus-schmiedeeisen\\\/\"]}]},{\"@type\":\"BreadcrumbList\",\"@id\":\"https:\\\/\\\/objektmobiliar.ch\\\/moebel\\\/outdoor-moebel-pflegeheime\\\/gartenstuhl-aus-schmiedeeisen\\\/#breadcrumb\",\"itemListElement\":[{\"@type\":\"ListItem\",\"position\":1,\"name\":\"Startseite\",\"item\":\"https:\\\/\\\/objektmobiliar.ch\\\/\"},{\"@type\":\"ListItem\",\"position\":2,\"name\":\"M\u00f6bel\",\"item\":\"https:\\\/\\\/objektmobiliar.ch\\\/moebel\\\/\"},{\"@type\":\"ListItem\",\"position\":3,\"name\":\"Gartenm\u00f6bel\",\"item\":\"https:\\\/\\\/objektmobiliar.ch\\\/moebel\\\/outdoor-moebel-pflegeheime\\\/\"},{\"@type\":\"ListItem\",\"position\":4,\"name\":\"Gartenstuhl Worb\"}]},{\"@type\":\"WebSite\",\"@id\":\"https:\\\/\\\/objektmobiliar.ch\\\/#website\",\"url\":\"https:\\\/\\\/objektmobiliar.ch\\\/\",\"name\":\"OZG HEALTHCARE\",\"description\":\"Objektmobiliar f\u00fcr Pflege, B\u00fcro, Praxis &amp; Hotellerie\",\"potentialAction\":[{\"@type\":\"SearchAction\",\"target\":{\"@type\":\"EntryPoint\",\"urlTemplate\":\"https:\\\/\\\/objektmobiliar.ch\\\/?s={search_term_string}\"},\"query-input\":{\"@type\":\"PropertyValueSpecification\",\"valueRequired\":true,\"valueName\":\"search_term_string\"}}],\"inLanguage\":\"fr-FR\"}]}<\/script>\n<!-- \/ Yoast SEO plugin. -->","yoast_head_json":{"title":"Chaise de jardin \u00e9l\u00e9gante en fer forg\u00e9 - acheter chez OZG","description":"El\u00e9gante chaise de jardin en fer forg\u00e9 avec des pieds fins, des accoudoirs courb\u00e9s, des d\u00e9tails attrayants. Avec coussin d'assise pour plus de confort.","robots":{"index":"index","follow":"follow","max-snippet":"max-snippet:-1","max-image-preview":"max-image-preview:large","max-video-preview":"max-video-preview:-1"},"canonical":"https:\/\/objektmobiliar.ch\/fr\/meubles\/meubles-dexterieur-maisons-de-retraite\/chaise-de-jardin-en-fer-forge\/","og_locale":"fr_FR","og_type":"article","og_title":"Eleganter Gartenstuhl aus Schmiedeeisen - bei OZG kaufen","og_description":"Eleganter Gartenstuhl aus Schmiedeeisen mit schlanken Beinen, geschwungenen Armlehnen, attraktiven Details. Mit Sitzkissen f\u00fcr mehr Komfort.","og_url":"https:\/\/objektmobiliar.ch\/fr\/meubles\/meubles-dexterieur-maisons-de-retraite\/chaise-de-jardin-en-fer-forge\/","og_site_name":"OZG HEALTHCARE","article_modified_time":"2026-01-28T10:29:12+00:00","twitter_card":"summary_large_image","twitter_misc":{"Dur\u00e9e de lecture estim\u00e9e":"4 minutes"},"schema":{"@context":"https:\/\/schema.org","@graph":[{"@type":"WebPage","@id":"https:\/\/objektmobiliar.ch\/moebel\/outdoor-moebel-pflegeheime\/gartenstuhl-aus-schmiedeeisen\/","url":"https:\/\/objektmobiliar.ch\/moebel\/outdoor-moebel-pflegeheime\/gartenstuhl-aus-schmiedeeisen\/","name":"Chaise de jardin \u00e9l\u00e9gante en fer forg\u00e9 - acheter chez OZG","isPartOf":{"@id":"https:\/\/objektmobiliar.ch\/#website"},"datePublished":"2025-03-27T15:54:11+00:00","dateModified":"2026-01-28T10:29:12+00:00","description":"El\u00e9gante chaise de jardin en fer forg\u00e9 avec des pieds fins, des accoudoirs courb\u00e9s, des d\u00e9tails attrayants. Avec coussin d'assise pour plus de confort.","breadcrumb":{"@id":"https:\/\/objektmobiliar.ch\/moebel\/outdoor-moebel-pflegeheime\/gartenstuhl-aus-schmiedeeisen\/#breadcrumb"},"inLanguage":"fr-FR","potentialAction":[{"@type":"ReadAction","target":["https:\/\/objektmobiliar.ch\/moebel\/outdoor-moebel-pflegeheime\/gartenstuhl-aus-schmiedeeisen\/"]}]},{"@type":"BreadcrumbList","@id":"https:\/\/objektmobiliar.ch\/moebel\/outdoor-moebel-pflegeheime\/gartenstuhl-aus-schmiedeeisen\/#breadcrumb","itemListElement":[{"@type":"ListItem","position":1,"name":"Startseite","item":"https:\/\/objektmobiliar.ch\/"},{"@type":"ListItem","position":2,"name":"M\u00f6bel","item":"https:\/\/objektmobiliar.ch\/moebel\/"},{"@type":"ListItem","position":3,"name":"Gartenm\u00f6bel","item":"https:\/\/objektmobiliar.ch\/moebel\/outdoor-moebel-pflegeheime\/"},{"@type":"ListItem","position":4,"name":"Gartenstuhl Worb"}]},{"@type":"WebSite","@id":"https:\/\/objektmobiliar.ch\/#website","url":"https:\/\/objektmobiliar.ch\/","name":"OZG HEALTHCARE","description":"Mobilier de collectivit\u00e9 pour les soins, les bureaux, les cabinets m\u00e9dicaux et l'h\u00f4tellerie","potentialAction":[{"@type":"SearchAction","target":{"@type":"EntryPoint","urlTemplate":"https:\/\/objektmobiliar.ch\/?s={search_term_string}"},"query-input":{"@type":"PropertyValueSpecification","valueRequired":true,"valueName":"search_term_string"}}],"inLanguage":"fr-FR"}]}},"coauthors":[],"author_meta":{"author_link":"https:\/\/objektmobiliar.ch\/fr\/author\/isa-dahmen\/","display_name":"Isa Dahmen"},"relative_dates":{"created":"Publi\u00e9 1 an il y a","modified":"Mis \u00e0 jour 3 mois il y a"},"absolute_dates":{"created":"Publi\u00e9 le mars 27, 2025","modified":"Mise \u00e0 jour le janvier 28, 2026"},"absolute_dates_time":{"created":"Publi\u00e9 le mars 27, 2025 3:54 pm","modified":"Mise \u00e0 jour le janvier 28, 2026 10:29 am"},"featured_img_caption":"","featured_img":false,"series_order":"","_links":{"self":[{"href":"https:\/\/objektmobiliar.ch\/fr\/wp-json\/wp\/v2\/pages\/5020","targetHints":{"allow":["GET"]}}],"collection":[{"href":"https:\/\/objektmobiliar.ch\/fr\/wp-json\/wp\/v2\/pages"}],"about":[{"href":"https:\/\/objektmobiliar.ch\/fr\/wp-json\/wp\/v2\/types\/page"}],"author":[{"embeddable":true,"href":"https:\/\/objektmobiliar.ch\/fr\/wp-json\/wp\/v2\/users\/4"}],"replies":[{"embeddable":true,"href":"https:\/\/objektmobiliar.ch\/fr\/wp-json\/wp\/v2\/comments?post=5020"}],"version-history":[{"count":14,"href":"https:\/\/objektmobiliar.ch\/fr\/wp-json\/wp\/v2\/pages\/5020\/revisions"}],"predecessor-version":[{"id":5789,"href":"https:\/\/objektmobiliar.ch\/fr\/wp-json\/wp\/v2\/pages\/5020\/revisions\/5789"}],"up":[{"embeddable":true,"href":"https:\/\/objektmobiliar.ch\/fr\/wp-json\/wp\/v2\/pages\/749"}],"wp:attachment":[{"href":"https:\/\/objektmobiliar.ch\/fr\/wp-json\/wp\/v2\/media?parent=5020"}],"curies":[{"name":"wp","href":"https:\/\/api.w.org\/{rel}","templated":true}]}}