{"id":4964,"date":"2025-03-27T12:18:26","date_gmt":"2025-03-27T12:18:26","guid":{"rendered":"https:\/\/objektmobiliar.ch\/?page_id=4964"},"modified":"2025-03-27T12:19:06","modified_gmt":"2025-03-27T12:19:06","slug":"bain-de-soleil-empilable","status":"publish","type":"page","link":"https:\/\/objektmobiliar.ch\/fr\/moebel\/outdoor-moebel-pflegeheime\/stapelbare-sonnenliege\/","title":{"rendered":"Bain de soleil Flums"},"content":{"rendered":"<div class=\"lazyblock-produkt-detail-ozg-71QQz wp-block-lazyblock-produkt-detail-ozg\"><section class=\"sct\">\r\n      <div class=\"cnt\">\r\n        <div class=\"elmnt-product-desc\">\r\n          <div class=\"product-desc-box\"><img decoding=\"async\" src=\"https:\/\/objektmobiliar.ch\/wp-content\/uploads\/2025\/03\/Stapelbare-Leichte-Sonnenliege.jpg\" loading=\"lazy\" alt=\"\" class=\"product-desc-img\"><\/div>\r\n          <div class=\"product-desc-txt\">\r\n            <h1 class=\"txt-product-headline\">Sonnenliege Flums<\/h1>\r\n            <h2 class=\"txt-product-subline\">F\u00fcr Entspannung im Freien<\/h2>\r\n            <div class=\"w-richtext\">\r\n              <p>Die stapelbare leichte Sonnenliege Flums besitzt eine k\u00f6rperfreundliche Liegeh\u00f6he von 50 cm. Sie erm\u00f6glicht damit ein einfaches Aufstehen \u2013 f\u00fcr das Extra-Plus an Komfort. Die R\u00fcckenlehne ist h\u00f6henverstellbar.\u00a0<\/p>\n<p><strong>Alu-Gestell Farben: <\/strong>Weiss,\u00a0Champagne, Grau Met, Silber, Platin, Coralle, Honig, Blaugrau, Kupfer, Ozeanblau, Rubinrot, Schilfgr\u00fcn, Zitronengelb<\/p>\n<p><strong>Bespannung Farben: <\/strong>Carbon, Bordeaux , Blau, Weiss, Schwarz, Ozeanblau, Kupfer, Rubinrot, Olive, Crema, Grau, Zitronengelb, Honig, Coralle, Kirschrot, Taupe<\/p>\r\n            <\/div>\r\n            <a onclick=\"splite_loader();\" class=\"btn\">Produkt anfragen<\/a>\r\n          <\/div>\r\n        <\/div>\r\n      <\/div>\r\n    <\/section><\/div>\n\n<div class=\"lazyblock-produkt-slider-ozg-20WkFH wp-block-lazyblock-produkt-slider-ozg\"><section class=\"sct\">\r\n  <div class=\"cnt semi\">\r\n    <div class=\"intro-txt\">\r\n        <h2>Modelle und Ausf\u00fchrungen<\/h2>\r\n    <\/div>\r\n    \r\n    <div class=\"elmnt-similar-products\">\r\n      <div class=\"similar-product\"><img decoding=\"async\" src=\"https:\/\/objektmobiliar.ch\/wp-content\/uploads\/2025\/03\/Leichte-Sonnenliege-Bordeaux.jpg\" loading=\"eager\" alt=\"\" class=\"similar-product-img\">\r\n        <div class=\"center\">\r\n          <div class=\"w-richtext\">\r\n            <p>254-0003\/S<br>Sonnenliege Bordeaux<\/p>\r\n          <\/div>\r\n          \r\n        <\/div>\r\n      <\/div>\r\n      <div class=\"similar-product\"><img decoding=\"async\" src=\"https:\/\/objektmobiliar.ch\/wp-content\/uploads\/2025\/03\/Leichte-Sonnenliege-Dunkelblau.jpg\" loading=\"eager\" alt=\"\" class=\"similar-product-img\">\r\n        <div class=\"center\">\r\n          <div class=\"w-richtext\">\r\n            <p>254-0003\/S<br>Sonnenliege Blau<\/p>\r\n          <\/div>\r\n          \r\n        <\/div>\r\n      <\/div>\r\n      <div class=\"similar-product\"><img decoding=\"async\" src=\"https:\/\/objektmobiliar.ch\/wp-content\/uploads\/2025\/03\/Leichte-Sonnenliege-Gelb.jpg\" loading=\"eager\" alt=\"\" class=\"similar-product-img\">\r\n        <div class=\"center\">\r\n          <div class=\"w-richtext\">\r\n            <p>254-0003\/S<br>Sonnenliege Blau<\/p>\r\n          <\/div>\r\n          \r\n        <\/div>\r\n      <\/div>\r\n      <div class=\"similar-product\"><img decoding=\"async\" src=\"https:\/\/objektmobiliar.ch\/wp-content\/uploads\/2025\/03\/Leichte-Sonnenliege-Grau.jpg\" loading=\"eager\" alt=\"\" class=\"similar-product-img\">\r\n        <div class=\"center\">\r\n          <div class=\"w-richtext\">\r\n            <p>254-0003\/S<br>Sonnenliege Grau<\/p>\r\n          <\/div>\r\n          \r\n        <\/div>\r\n      <\/div>\r\n      <div class=\"similar-product\"><img decoding=\"async\" src=\"https:\/\/objektmobiliar.ch\/wp-content\/uploads\/2025\/03\/Leichte-Sonnenliege-Gruen.jpg\" loading=\"eager\" alt=\"\" class=\"similar-product-img\">\r\n        <div class=\"center\">\r\n          <div class=\"w-richtext\">\r\n            <p>254-0003\/S<br>Sonnenliege Gr\u00fcn<\/p>\r\n          <\/div>\r\n          \r\n        <\/div>\r\n      <\/div>\r\n      <div class=\"similar-product\"><img decoding=\"async\" src=\"https:\/\/objektmobiliar.ch\/wp-content\/uploads\/2025\/03\/Leichte-Sonnenliege-Orange.jpg\" loading=\"eager\" alt=\"\" class=\"similar-product-img\">\r\n        <div class=\"center\">\r\n          <div class=\"w-richtext\">\r\n            <p>254-0003\/S<br>Sonnenliege Orange<\/p>\r\n          <\/div>\r\n          \r\n        <\/div>\r\n      <\/div>\r\n    <\/div>\r\n  <\/div>\r\n  \r\n  <div class=\"cnt narrow\">\r\n    <div class=\"similar-products-nav-pos\">\r\n      <div class=\"w-embed\">\r\n        \r\n      <\/div>\r\n    <\/div>\r\n  <\/div>\r\n<\/section><\/div>\n\n<section class=\"sct\">\r\n      <div class=\"cnt semi\">\r\n        <div class=\"introtxt\">\r\n        <div class=\"w-richtext\">\r\n            <h2>Produktbeschreibung<\/h2>\r\n        <\/div>\r\n        <\/div>\r\n        \r\n          \n\n\n<figure class=\"wp-block-table\"><table class=\"has-fixed-layout\"><thead><tr><th>Art. Nr.<\/th><th>Bezeichnung<\/th><th>Abmessung<\/th><\/tr><\/thead><tbody><tr><td>254-0003\/S<\/td><td>Sonnenliege Flums<\/td><td>H 113cm, B 73cm, L 197cm, LH 50cm<\/td><\/tr><\/tbody><\/table><\/figure>\n\n\n<\/div><\/section>\n\n<div class=\"lazyblock-bildergalerie-lightbox-ozg-Z2qveyp wp-block-lazyblock-bildergalerie-lightbox-ozg\"><section class=\"sct\">\r\n  <div class=\"cnt semi\">\r\n    <div class=\"introtxt\">\r\n    <div class=\"w-richtext\">\r\n        <h2>Referenzen f\u00fcr die stapelbare leichte Sonnenliege<\/h2>\r\n    <\/div>\r\n    <\/div>\r\n  \r\n    <div class=\"elmnt-imggallery\">\r\n      <a href=\"#\" class=\"imggallery-link w-inline-block w-lightbox\">\r\n        <img decoding=\"async\" src=\"https:\/\/objektmobiliar.ch\/wp-content\/uploads\/2025\/03\/Stapelbare-Leichte-Sonnenliege-Terrasse.jpg\" loading=\"lazy\" alt=\"\" class=\"imggallery-img\">\r\n        <script type=\"application\/json\" class=\"w-json\">\r\n            {\r\n              \"items\": [{\r\n\r\n                \"url\": \"https:\/\/objektmobiliar.ch\/wp-content\/uploads\/2025\/03\/Stapelbare-Leichte-Sonnenliege-Terrasse.jpg\",\r\n                \"caption\": \"\",\r\n                \"type\": \"image\"\r\n              }],\r\n              \"group\": \"\"\r\n            }\r\n          <\/script>\r\n      <\/a>\r\n      <a href=\"#\" class=\"imggallery-link w-inline-block w-lightbox\">\r\n        <img decoding=\"async\" src=\"https:\/\/objektmobiliar.ch\/wp-content\/uploads\/2025\/03\/Flums-Gartenliege-Ambiente-3.jpeg\" loading=\"lazy\" alt=\"\" class=\"imggallery-img\">\r\n        <script type=\"application\/json\" class=\"w-json\">\r\n            {\r\n              \"items\": [{\r\n\r\n                \"url\": \"https:\/\/objektmobiliar.ch\/wp-content\/uploads\/2025\/03\/Flums-Gartenliege-Ambiente-3.jpeg\",\r\n                \"caption\": \"\",\r\n                \"type\": \"image\"\r\n              }],\r\n              \"group\": \"\"\r\n            }\r\n          <\/script>\r\n      <\/a>\r\n    <\/div>\r\n    \r\n  <\/div>\r\n<\/section><\/div>\n\n<div class=\"lazyblock-text-modul-ozg-Zv60fo wp-block-lazyblock-text-modul-ozg\"><section class=\"sct\">\r\n      <div class=\"cnt semi\">\r\n        <div class=\"w-richtext\">\r\n            <h2>Grosse Auswahl an Farbkombinationen<\/h2>\n<p>Bei unserem Modell &#8220;Flums&#8221; handelt es sich um eine leichte, stapelbare Sonnenliege f\u00fcr eine gem\u00fctliche, entspannte Zeit im Freien. Sie eignet sich durch Ihre wetterfesten Eigenschaften ideal f\u00fcr den Aussenbereich &#8211; f\u00fcr Ihre Terrassen, Balkone oder den Garten. Der Rahmen ist aus leichtem Aluminium gefertigt. Die Bespannung besteht aus einem strapazierf\u00e4higen, pflegeleichten Gewebe. W\u00e4hlen Sie dabei die f\u00fcr Ihre Einrichtung perfekt passende Farbkomination aus:<\/p>\n<p><strong>Alu-Gestell Farben:\u00a0<\/strong>Weiss,\u00a0Champagne, Grau Met, Silber, Platin, Coralle, Honig, Blaugrau, Kupfer, Ozeanblau, Rubinrot, Schilfgr\u00fcn, Zitronengelb<\/p>\n<p><strong>Bespannung Farben:\u00a0<\/strong>Carbon, Bordeaux , Blau, Weiss, Schwarz, Ozeanblau, Kupfer, Rubinrot, Olive, Crema, Grau, Zitronengelb, Honig, Coralle, Kirschrot, Taupe<\/p>\n<h3>K\u00f6rperfreundliche Liegeh\u00f6he<\/h3>\n<p>Die Sonnenliege besitzt eine k\u00f6rperfreundliche Liegeh\u00f6he von 50 cm. Sie erm\u00f6glicht damit ein einfaches Aufstehen \u2013 f\u00fcr das Extra-Plus an Komfort. Die R\u00fcckenlehne ist h\u00f6henverstellbar. Dank ihr findet jeder seine ideale Sitz- oder Liegeposition. F\u00fcr gr\u00f6sste Bequemlichkeit sorgen die komfortable Bespannung sowie die breiten Armauflagen.<\/p>\n<h3 id=\"weitere-outdoor-stuhle-und-tische\">Weitere Outdoor St\u00fchle und Tische<\/h3>\n<p>Sie sind auf der Suche nach weiteren M\u00f6beln f\u00fcr Ihre Terrassen, Balkone oder G\u00e4rten? In unserem Sortiment finden Sie eine grosse Auswahl an\u00a0<a href=\"https:\/\/objektmobiliar.ch\/moebel\/outdoor-moebel-pflegeheime\/\" target=\"_blank\" rel=\"noopener\">Outdoor St\u00fchlen und Tischen<\/a>.<\/p>\r\n        <\/div>\r\n            <div ><a href=\"https:\/\/objektmobiliar.ch\/moebel\/outdoor-moebel-pflegeheime\/\" class=\"btn\" >Weitere Outdoor M\u00f6bel<\/a><\/div>\r\n      <\/div>\r\n    <\/section><\/div><style class=\"advgb-styles-renderer\">\r\n            .similar-products-nav li {\r\n              overflow: hidden;\r\n              margin: 0px !important;\r\n              flex-grow: 0 !important;\r\n              flex-shrink: 1 !important;\r\n              flex-basis: 12.5% !important;\r\n              border-style: solid;\r\n              border-width: 2px;\r\n              border-color: transparent;\r\n              border-radius: 8px;\r\n              transition-property: border-color;\r\n              transition-duration: 600ms;\r\n              transition-timing-function: ease;\r\n              cursor: pointer;\r\n            }\r\n            .similar-products-nav li.slick-active {\r\n              border-color: #dde7ef;\r\n            }\r\n            @media screen and (max-width:767px) {\r\n              .similar-products-nav li {\r\n                flex-basis: auto !important;\r\n                border-radius: 8px;\r\n                padding-top: 8px;\r\n                padding-right: 16px;\r\n                padding-bottom: 6px;\r\n                padding-left: 16px;\r\n              }\r\n              .similar-products-nav li.slick-active {\r\n                background-color: #dde7ef;\r\n                transition-property: background-color, border-color;\r\n                transition-duration: 600ms, 200ms;\r\n                transition-timing-function: ease, ease;\r\n                color: #426b8a;\r\n              }\r\n            }\r\n          <\/style>","protected":false},"excerpt":{"rendered":"<p>Art. Nr. Bezeichnung Abmessung 254-0003\/S Sonnenliege Flums H 113cm, B 73cm, L 197cm, LH 50cm<\/p>","protected":false},"author":4,"featured_media":0,"parent":749,"menu_order":0,"comment_status":"closed","ping_status":"closed","template":"","meta":{"advgb_blocks_editor_width":"","advgb_blocks_columns_visual_guide":"","footnotes":""},"class_list":["post-4964","page","type-page","status-publish","hentry"],"yoast_head":"<!-- This site is optimized with the Yoast SEO plugin v27.4 - https:\/\/yoast.com\/product\/yoast-seo-wordpress\/ -->\n<title>Stapelbare leichte Sonnenliegen - OZG Objektmobiliar<\/title>\n<meta name=\"description\" content=\"Stapelbare leichte Sonnenliege mit k\u00f6rperfreundlicher Liegeh\u00f6he, h\u00f6henverstellbarer R\u00fcckenlehne, breiten Armlehnen. Grosse Farbauswahl.\" \/>\n<meta name=\"robots\" content=\"index, follow, max-snippet:-1, max-image-preview:large, max-video-preview:-1\" \/>\n<link rel=\"canonical\" href=\"https:\/\/objektmobiliar.ch\/fr\/meubles\/meubles-dexterieur-maisons-de-retraite\/bain-de-soleil-empilable\/\" \/>\n<meta property=\"og:locale\" content=\"fr_FR\" \/>\n<meta property=\"og:type\" content=\"article\" \/>\n<meta property=\"og:title\" content=\"Stapelbare leichte Sonnenliegen - OZG Objektmobiliar\" \/>\n<meta property=\"og:description\" content=\"Stapelbare leichte Sonnenliege mit k\u00f6rperfreundlicher Liegeh\u00f6he, h\u00f6henverstellbarer R\u00fcckenlehne, breiten Armlehnen. Grosse Farbauswahl.\" \/>\n<meta property=\"og:url\" content=\"https:\/\/objektmobiliar.ch\/fr\/meubles\/meubles-dexterieur-maisons-de-retraite\/bain-de-soleil-empilable\/\" \/>\n<meta property=\"og:site_name\" content=\"OZG HEALTHCARE\" \/>\n<meta property=\"article:modified_time\" content=\"2025-03-27T12:19:06+00:00\" \/>\n<meta name=\"twitter:card\" content=\"summary_large_image\" \/>\n<meta name=\"twitter:label1\" content=\"Dur\u00e9e de lecture estim\u00e9e\" \/>\n\t<meta name=\"twitter:data1\" content=\"4 minutes\" \/>\n<script type=\"application\/ld+json\" class=\"yoast-schema-graph\">{\"@context\":\"https:\\\/\\\/schema.org\",\"@graph\":[{\"@type\":\"WebPage\",\"@id\":\"https:\\\/\\\/objektmobiliar.ch\\\/moebel\\\/outdoor-moebel-pflegeheime\\\/stapelbare-sonnenliege\\\/\",\"url\":\"https:\\\/\\\/objektmobiliar.ch\\\/moebel\\\/outdoor-moebel-pflegeheime\\\/stapelbare-sonnenliege\\\/\",\"name\":\"Stapelbare leichte Sonnenliegen - OZG Objektmobiliar\",\"isPartOf\":{\"@id\":\"https:\\\/\\\/objektmobiliar.ch\\\/#website\"},\"datePublished\":\"2025-03-27T12:18:26+00:00\",\"dateModified\":\"2025-03-27T12:19:06+00:00\",\"description\":\"Stapelbare leichte Sonnenliege mit k\u00f6rperfreundlicher Liegeh\u00f6he, h\u00f6henverstellbarer R\u00fcckenlehne, breiten Armlehnen. Grosse Farbauswahl.\",\"breadcrumb\":{\"@id\":\"https:\\\/\\\/objektmobiliar.ch\\\/moebel\\\/outdoor-moebel-pflegeheime\\\/stapelbare-sonnenliege\\\/#breadcrumb\"},\"inLanguage\":\"fr-FR\",\"potentialAction\":[{\"@type\":\"ReadAction\",\"target\":[\"https:\\\/\\\/objektmobiliar.ch\\\/moebel\\\/outdoor-moebel-pflegeheime\\\/stapelbare-sonnenliege\\\/\"]}]},{\"@type\":\"BreadcrumbList\",\"@id\":\"https:\\\/\\\/objektmobiliar.ch\\\/moebel\\\/outdoor-moebel-pflegeheime\\\/stapelbare-sonnenliege\\\/#breadcrumb\",\"itemListElement\":[{\"@type\":\"ListItem\",\"position\":1,\"name\":\"Startseite\",\"item\":\"https:\\\/\\\/objektmobiliar.ch\\\/\"},{\"@type\":\"ListItem\",\"position\":2,\"name\":\"M\u00f6bel\",\"item\":\"https:\\\/\\\/objektmobiliar.ch\\\/moebel\\\/\"},{\"@type\":\"ListItem\",\"position\":3,\"name\":\"Gartenm\u00f6bel\",\"item\":\"https:\\\/\\\/objektmobiliar.ch\\\/moebel\\\/outdoor-moebel-pflegeheime\\\/\"},{\"@type\":\"ListItem\",\"position\":4,\"name\":\"Sonnenliege Flums\"}]},{\"@type\":\"WebSite\",\"@id\":\"https:\\\/\\\/objektmobiliar.ch\\\/#website\",\"url\":\"https:\\\/\\\/objektmobiliar.ch\\\/\",\"name\":\"OZG HEALTHCARE\",\"description\":\"Objektmobiliar f\u00fcr Pflege, B\u00fcro, Praxis &amp; Hotellerie\",\"potentialAction\":[{\"@type\":\"SearchAction\",\"target\":{\"@type\":\"EntryPoint\",\"urlTemplate\":\"https:\\\/\\\/objektmobiliar.ch\\\/?s={search_term_string}\"},\"query-input\":{\"@type\":\"PropertyValueSpecification\",\"valueRequired\":true,\"valueName\":\"search_term_string\"}}],\"inLanguage\":\"fr-FR\"}]}<\/script>\n<!-- \/ Yoast SEO plugin. -->","yoast_head_json":{"title":"Bains de soleil l\u00e9gers empilables - OZG Objektmobiliar","description":"Bain de soleil l\u00e9ger empilable avec hauteur de couchage adapt\u00e9e au corps, dossier r\u00e9glable en hauteur, larges accoudoirs. Grand choix de couleurs.","robots":{"index":"index","follow":"follow","max-snippet":"max-snippet:-1","max-image-preview":"max-image-preview:large","max-video-preview":"max-video-preview:-1"},"canonical":"https:\/\/objektmobiliar.ch\/fr\/meubles\/meubles-dexterieur-maisons-de-retraite\/bain-de-soleil-empilable\/","og_locale":"fr_FR","og_type":"article","og_title":"Stapelbare leichte Sonnenliegen - OZG Objektmobiliar","og_description":"Stapelbare leichte Sonnenliege mit k\u00f6rperfreundlicher Liegeh\u00f6he, h\u00f6henverstellbarer R\u00fcckenlehne, breiten Armlehnen. Grosse Farbauswahl.","og_url":"https:\/\/objektmobiliar.ch\/fr\/meubles\/meubles-dexterieur-maisons-de-retraite\/bain-de-soleil-empilable\/","og_site_name":"OZG HEALTHCARE","article_modified_time":"2025-03-27T12:19:06+00:00","twitter_card":"summary_large_image","twitter_misc":{"Dur\u00e9e de lecture estim\u00e9e":"4 minutes"},"schema":{"@context":"https:\/\/schema.org","@graph":[{"@type":"WebPage","@id":"https:\/\/objektmobiliar.ch\/moebel\/outdoor-moebel-pflegeheime\/stapelbare-sonnenliege\/","url":"https:\/\/objektmobiliar.ch\/moebel\/outdoor-moebel-pflegeheime\/stapelbare-sonnenliege\/","name":"Bains de soleil l\u00e9gers empilables - OZG Objektmobiliar","isPartOf":{"@id":"https:\/\/objektmobiliar.ch\/#website"},"datePublished":"2025-03-27T12:18:26+00:00","dateModified":"2025-03-27T12:19:06+00:00","description":"Bain de soleil l\u00e9ger empilable avec hauteur de couchage adapt\u00e9e au corps, dossier r\u00e9glable en hauteur, larges accoudoirs. Grand choix de couleurs.","breadcrumb":{"@id":"https:\/\/objektmobiliar.ch\/moebel\/outdoor-moebel-pflegeheime\/stapelbare-sonnenliege\/#breadcrumb"},"inLanguage":"fr-FR","potentialAction":[{"@type":"ReadAction","target":["https:\/\/objektmobiliar.ch\/moebel\/outdoor-moebel-pflegeheime\/stapelbare-sonnenliege\/"]}]},{"@type":"BreadcrumbList","@id":"https:\/\/objektmobiliar.ch\/moebel\/outdoor-moebel-pflegeheime\/stapelbare-sonnenliege\/#breadcrumb","itemListElement":[{"@type":"ListItem","position":1,"name":"Startseite","item":"https:\/\/objektmobiliar.ch\/"},{"@type":"ListItem","position":2,"name":"M\u00f6bel","item":"https:\/\/objektmobiliar.ch\/moebel\/"},{"@type":"ListItem","position":3,"name":"Gartenm\u00f6bel","item":"https:\/\/objektmobiliar.ch\/moebel\/outdoor-moebel-pflegeheime\/"},{"@type":"ListItem","position":4,"name":"Sonnenliege Flums"}]},{"@type":"WebSite","@id":"https:\/\/objektmobiliar.ch\/#website","url":"https:\/\/objektmobiliar.ch\/","name":"OZG HEALTHCARE","description":"Mobilier de collectivit\u00e9 pour les soins, les bureaux, les cabinets m\u00e9dicaux et l'h\u00f4tellerie","potentialAction":[{"@type":"SearchAction","target":{"@type":"EntryPoint","urlTemplate":"https:\/\/objektmobiliar.ch\/?s={search_term_string}"},"query-input":{"@type":"PropertyValueSpecification","valueRequired":true,"valueName":"search_term_string"}}],"inLanguage":"fr-FR"}]}},"coauthors":[],"author_meta":{"author_link":"https:\/\/objektmobiliar.ch\/fr\/author\/isa-dahmen\/","display_name":"Isa Dahmen"},"relative_dates":{"created":"Publi\u00e9 1 an il y a","modified":"Mis \u00e0 jour 1 an il y a"},"absolute_dates":{"created":"Publi\u00e9 le mars 27, 2025","modified":"Mise \u00e0 jour le mars 27, 2025"},"absolute_dates_time":{"created":"Publi\u00e9 le mars 27, 2025 12:18 pm","modified":"Mise \u00e0 jour le mars 27, 2025 12:19 pm"},"featured_img_caption":"","featured_img":false,"series_order":"","_links":{"self":[{"href":"https:\/\/objektmobiliar.ch\/fr\/wp-json\/wp\/v2\/pages\/4964","targetHints":{"allow":["GET"]}}],"collection":[{"href":"https:\/\/objektmobiliar.ch\/fr\/wp-json\/wp\/v2\/pages"}],"about":[{"href":"https:\/\/objektmobiliar.ch\/fr\/wp-json\/wp\/v2\/types\/page"}],"author":[{"embeddable":true,"href":"https:\/\/objektmobiliar.ch\/fr\/wp-json\/wp\/v2\/users\/4"}],"replies":[{"embeddable":true,"href":"https:\/\/objektmobiliar.ch\/fr\/wp-json\/wp\/v2\/comments?post=4964"}],"version-history":[{"count":5,"href":"https:\/\/objektmobiliar.ch\/fr\/wp-json\/wp\/v2\/pages\/4964\/revisions"}],"predecessor-version":[{"id":4981,"href":"https:\/\/objektmobiliar.ch\/fr\/wp-json\/wp\/v2\/pages\/4964\/revisions\/4981"}],"up":[{"embeddable":true,"href":"https:\/\/objektmobiliar.ch\/fr\/wp-json\/wp\/v2\/pages\/749"}],"wp:attachment":[{"href":"https:\/\/objektmobiliar.ch\/fr\/wp-json\/wp\/v2\/media?parent=4964"}],"curies":[{"name":"wp","href":"https:\/\/api.w.org\/{rel}","templated":true}]}}