{"id":4946,"date":"2025-03-25T16:26:23","date_gmt":"2025-03-25T16:26:23","guid":{"rendered":"https:\/\/objektmobiliar.ch\/?page_id=4946"},"modified":"2026-01-28T10:53:02","modified_gmt":"2026-01-28T10:53:02","slug":"chaise-en-alu-avec-toile","status":"publish","type":"page","link":"https:\/\/objektmobiliar.ch\/fr\/moebel\/outdoor-moebel-pflegeheime\/alu-stuhl-mit-bespannung\/","title":{"rendered":"Chaise d'ext\u00e9rieur Cortana"},"content":{"rendered":"<div class=\"lazyblock-produkt-detail-ozg-1hTSyl wp-block-lazyblock-produkt-detail-ozg\"><section class=\"sct\">\r\n      <div class=\"cnt\">\r\n        <div class=\"elmnt-product-desc\">\r\n          <div class=\"product-desc-box\"><img decoding=\"async\" src=\"https:\/\/objektmobiliar.ch\/wp-content\/uploads\/2025\/03\/Alu-Stuhl-mit-wetterfester-Bespannung.jpg\" loading=\"lazy\" alt=\"\" class=\"product-desc-img\"><\/div>\r\n          <div class=\"product-desc-txt\">\r\n            <h1 class=\"txt-product-headline\">Outdoor Stuhl Cortana<\/h1>\r\n            <h2 class=\"txt-product-subline\">Leicht und wetterfest<\/h2>\r\n            <div class=\"w-richtext\">\r\n              <p>Das Modell Cortana ist ein leichter Alu-Stuhl mit wetterfester Bespannung. Es besitzt standardm\u00e4ssig eine ergonomisch geformte R\u00fcckenlehne und Knierolle sowie Armlehnen. Der Outdoor Stuhl ist stapelbar. Die objektbew\u00e4hrte Profi-Bespannung ist in diversen Farben verf\u00fcgbar.<\/p>\n<p><strong>Alu-Gestell Farben: <\/strong>Grau Metallic,\u00a0Silber, Carbon, Platin, Kupfer, Schilfgr\u00fcn<\/p>\n<p><strong>Bespannung Farben: <\/strong>Carbon, Bordeaux, Weiss, Hellgrau, Schwarz, Kupfer, Crema, Coralle, Taupe<\/p>\r\n            <\/div>\r\n            <a onclick=\"splite_loader();\" class=\"btn\">Produkt anfragen<\/a>\r\n          <\/div>\r\n        <\/div>\r\n      <\/div>\r\n    <\/section><\/div>\n\n<div class=\"lazyblock-text-modul-ozg-ga2wx wp-block-lazyblock-text-modul-ozg\"><section class=\"sct\">\r\n      <div class=\"cnt narrow\">\r\n        <div class=\"w-richtext\">\r\n            <p><strong>Farben f\u00fcr die Bespannung:<\/strong><\/p>\n<p><img loading=\"lazy\" decoding=\"async\" class=\"alignnone size-full wp-image-5799\" src=\"https:\/\/objektmobiliar.ch\/wp-content\/uploads\/2026\/01\/Bespannung-Cortana.jpg\" alt=\"\" width=\"1365\" height=\"161\" srcset=\"https:\/\/objektmobiliar.ch\/wp-content\/uploads\/2026\/01\/Bespannung-Cortana.jpg 1365w, https:\/\/objektmobiliar.ch\/wp-content\/uploads\/2026\/01\/Bespannung-Cortana-800x94.jpg 800w, https:\/\/objektmobiliar.ch\/wp-content\/uploads\/2026\/01\/Bespannung-Cortana-768x91.jpg 768w, https:\/\/objektmobiliar.ch\/wp-content\/uploads\/2026\/01\/Bespannung-Cortana-18x2.jpg 18w\" sizes=\"auto, (max-width: 1365px) 100vw, 1365px\" \/><\/p>\n<p><strong>Farben f\u00fcr das Gestell:<\/strong><\/p>\n<p><img loading=\"lazy\" decoding=\"async\" class=\"alignnone size-full wp-image-5800\" src=\"https:\/\/objektmobiliar.ch\/wp-content\/uploads\/2026\/01\/Gestellfarben-Cortana.jpg\" alt=\"\" width=\"1365\" height=\"161\" srcset=\"https:\/\/objektmobiliar.ch\/wp-content\/uploads\/2026\/01\/Gestellfarben-Cortana.jpg 1365w, https:\/\/objektmobiliar.ch\/wp-content\/uploads\/2026\/01\/Gestellfarben-Cortana-800x94.jpg 800w, https:\/\/objektmobiliar.ch\/wp-content\/uploads\/2026\/01\/Gestellfarben-Cortana-768x91.jpg 768w, https:\/\/objektmobiliar.ch\/wp-content\/uploads\/2026\/01\/Gestellfarben-Cortana-18x2.jpg 18w\" sizes=\"auto, (max-width: 1365px) 100vw, 1365px\" \/><\/p>\r\n        <\/div>\r\n      <\/div>\r\n    <\/section><\/div>\n\n<div class=\"lazyblock-produkt-slider-ozg-lJ4Fj wp-block-lazyblock-produkt-slider-ozg\"><section class=\"sct\">\r\n  <div class=\"cnt semi\">\r\n    <div class=\"intro-txt\">\r\n        <h2>Modelle und Ausf\u00fchrungen<\/h2>\r\n    <\/div>\r\n    \r\n    <div class=\"elmnt-similar-products\">\r\n      <div class=\"similar-product\"><img decoding=\"async\" src=\"https:\/\/objektmobiliar.ch\/wp-content\/uploads\/2025\/03\/Alu-Stuhl-fuer-Pflegeheime.jpg\" loading=\"eager\" alt=\"\" class=\"similar-product-img\">\r\n        <div class=\"center\">\r\n          <div class=\"w-richtext\">\r\n            <p>251-0005\/S<br>Mit Armlehnen<\/p>\r\n          <\/div>\r\n          \r\n        <\/div>\r\n      <\/div>\r\n      <div class=\"similar-product\"><img decoding=\"async\" src=\"https:\/\/objektmobiliar.ch\/wp-content\/uploads\/2025\/03\/Alu-Stuhl-mit-robuster-Bespannung.jpg\" loading=\"eager\" alt=\"\" class=\"similar-product-img\">\r\n        <div class=\"center\">\r\n          <div class=\"w-richtext\">\r\n            <p>251-0005\/S<br>Mit Armlehnen<\/p>\r\n          <\/div>\r\n          \r\n        <\/div>\r\n      <\/div>\r\n      <div class=\"similar-product\"><img decoding=\"async\" src=\"https:\/\/objektmobiliar.ch\/wp-content\/uploads\/2025\/03\/Leichter-robuster-Alu-Gartenstuhl.jpg\" loading=\"eager\" alt=\"\" class=\"similar-product-img\">\r\n        <div class=\"center\">\r\n          <div class=\"w-richtext\">\r\n            <p>251-0005\/S<br>Mit Armlehnen<\/p>\r\n          <\/div>\r\n          \r\n        <\/div>\r\n      <\/div>\r\n      <div class=\"similar-product\"><img decoding=\"async\" src=\"https:\/\/objektmobiliar.ch\/wp-content\/uploads\/2025\/03\/Leichter-robuster-Gartenstuhl-aus-Alu.jpg\" loading=\"eager\" alt=\"\" class=\"similar-product-img\">\r\n        <div class=\"center\">\r\n          <div class=\"w-richtext\">\r\n            <p>251-0005\/S<br>Detailansicht<\/p>\r\n          <\/div>\r\n          \r\n        <\/div>\r\n      <\/div>\r\n    <\/div>\r\n  <\/div>\r\n  \r\n  <div class=\"cnt narrow\">\r\n    <div class=\"similar-products-nav-pos\">\r\n      <div class=\"w-embed\">\r\n        \r\n      <\/div>\r\n    <\/div>\r\n  <\/div>\r\n<\/section><\/div>\n\n<section class=\"sct\">\r\n      <div class=\"cnt narrow\">\r\n        <div class=\"introtxt\">\r\n        <div class=\"w-richtext\">\r\n            <h2>Produktbeschreibung<\/h2>\r\n        <\/div>\r\n        <\/div>\r\n        \r\n          \n\n\n<figure class=\"wp-block-table\"><table class=\"has-fixed-layout\"><thead><tr><th>Art. Nr.<\/th><th>Bezeichnung<\/th><th>Abmessung<\/th><\/tr><\/thead><tbody><tr><td>251-0005\/S<\/td><td>Gartenstuhl Cortana, mit Armlehnen<\/td><td>H 88 cm, B 56 cm, T 62cm, SH 46cm<\/td><\/tr><\/tbody><\/table><\/figure>\n\n\n<\/div><\/section>\n\n<div class=\"lazyblock-bildergalerie-lightbox-ozg-Z5Lcea wp-block-lazyblock-bildergalerie-lightbox-ozg\"><section class=\"sct\">\r\n  <div class=\"cnt semi\">\r\n    <div class=\"introtxt\">\r\n    <div class=\"w-richtext\">\r\n        <h2>Referenzen zum Alu-Stuhl mit wetterfester Bespannung<\/h2>\r\n    <\/div>\r\n    <\/div>\r\n  \r\n    <div class=\"elmnt-imggallery\">\r\n      <a href=\"#\" class=\"imggallery-link w-inline-block w-lightbox\">\r\n        <img decoding=\"async\" src=\"https:\/\/objektmobiliar.ch\/wp-content\/uploads\/2025\/03\/Alu-Stuhl-fuer-Terrasse.jpg\" loading=\"lazy\" alt=\"\" class=\"imggallery-img\">\r\n        <script type=\"application\/json\" class=\"w-json\">\r\n            {\r\n              \"items\": [{\r\n\r\n                \"url\": \"https:\/\/objektmobiliar.ch\/wp-content\/uploads\/2025\/03\/Alu-Stuhl-fuer-Terrasse.jpg\",\r\n                \"caption\": \"\",\r\n                \"type\": \"image\"\r\n              }],\r\n              \"group\": \"\"\r\n            }\r\n          <\/script>\r\n      <\/a>\r\n      <a href=\"#\" class=\"imggallery-link w-inline-block w-lightbox\">\r\n        <img decoding=\"async\" src=\"https:\/\/objektmobiliar.ch\/wp-content\/uploads\/2025\/03\/Leichter-robuster-Alu-Terrassenstuhl.jpg\" loading=\"lazy\" alt=\"\" class=\"imggallery-img\">\r\n        <script type=\"application\/json\" class=\"w-json\">\r\n            {\r\n              \"items\": [{\r\n\r\n                \"url\": \"https:\/\/objektmobiliar.ch\/wp-content\/uploads\/2025\/03\/Leichter-robuster-Alu-Terrassenstuhl.jpg\",\r\n                \"caption\": \"\",\r\n                \"type\": \"image\"\r\n              }],\r\n              \"group\": \"\"\r\n            }\r\n          <\/script>\r\n      <\/a>\r\n    <\/div>\r\n    \r\n  <\/div>\r\n<\/section><\/div>\n\n<div class=\"lazyblock-text-modul-ozg-4ktOO wp-block-lazyblock-text-modul-ozg\"><section class=\"sct\">\r\n      <div class=\"cnt narrow\">\r\n        <div class=\"w-richtext\">\r\n            <h2>Trendiges Top Alu-Modell<\/h2>\n<p>Der Cortana Outdoor Stuhl ist ein trendiges Top Alu-Modell in erstklassiger Verarbeitung. Er ist komplett verschweisst und mit einem sogenannten Stapelschutz versehen. Sowohl die robuste Profi-Bespannung mit unserem objektbew\u00e4hrten Gewebe als auch das leichte Alu-Gestell sind in diversen Farben erh\u00e4ltlich:<\/p>\n<p><strong>Alu-Gestell Farben:\u00a0<\/strong>Grau Metallic,\u00a0Silber, Carbon, Platin, Kupfer, Schilfgr\u00fcn<\/p>\n<p><strong>Bespannung Farben:\u00a0<\/strong>Carbon, Bordeaux, Weiss, Hellgrau, Schwarz, Kupfer, Crema, Coralle, Taupe<\/p>\n<h3>Hoher Komfort f\u00fcr Drinnen und Draussen<\/h3>\n<p>Als leichter Alu-Stuhl mit wetterfester Bespannung eignet sich Cortana sowohl f\u00fcr den Innen- wie Aussenbereich. Seine ergonomisch geformte R\u00fcckenlehne bietet beste Unterst\u00fctzung beim Sitzen f\u00fcr Ihre Bewohnerinnen und Bewohner. Die Knierolle am unteren Ende der Sitzfl\u00e4che entlastet die Kniekehlen beim Sitzen. Das Standardmodell besitzt zudem Armlehnen f\u00fcr mehr Sicherheit beim Aufstehen und Hinsetzen.\u00a0<\/p>\n<h3 id=\"weitere-outdoor-stuhle-und-tische\">Weitere Outdoor St\u00fchle und Tische<\/h3>\n<p>Sie sind auf der Suche nach weiteren M\u00f6beln f\u00fcr Ihre Terrassen, Balkone oder G\u00e4rten? In unserem Sortiment finden Sie eine grosse Auswahl an\u00a0<a href=\"https:\/\/objektmobiliar.ch\/moebel\/outdoor-moebel-pflegeheime\/\" target=\"_blank\" rel=\"noopener\">Outdoor St\u00fchlen und Tischen<\/a>.<\/p>\r\n        <\/div>\r\n            <div ><a href=\"https:\/\/objektmobiliar.ch\/moebel\/outdoor-moebel-pflegeheime\/\" class=\"btn\" >Weitere Outdoor M\u00f6bel<\/a><\/div>\r\n      <\/div>\r\n    <\/section><\/div><style class=\"advgb-styles-renderer\">\r\n            .similar-products-nav li {\r\n              overflow: hidden;\r\n              margin: 0px !important;\r\n              flex-grow: 0 !important;\r\n              flex-shrink: 1 !important;\r\n              flex-basis: 12.5% !important;\r\n              border-style: solid;\r\n              border-width: 2px;\r\n              border-color: transparent;\r\n              border-radius: 8px;\r\n              transition-property: border-color;\r\n              transition-duration: 600ms;\r\n              transition-timing-function: ease;\r\n              cursor: pointer;\r\n            }\r\n            .similar-products-nav li.slick-active {\r\n              border-color: #dde7ef;\r\n            }\r\n            @media screen and (max-width:767px) {\r\n              .similar-products-nav li {\r\n                flex-basis: auto !important;\r\n                border-radius: 8px;\r\n                padding-top: 8px;\r\n                padding-right: 16px;\r\n                padding-bottom: 6px;\r\n                padding-left: 16px;\r\n              }\r\n              .similar-products-nav li.slick-active {\r\n                background-color: #dde7ef;\r\n                transition-property: background-color, border-color;\r\n                transition-duration: 600ms, 200ms;\r\n                transition-timing-function: ease, ease;\r\n                color: #426b8a;\r\n              }\r\n            }\r\n          <\/style>","protected":false},"excerpt":{"rendered":"<p>Art. Nr. Bezeichnung Abmessung 251-0005\/S Gartenstuhl Cortana, mit Armlehnen H 88 cm, B 56 cm, T 62cm, SH 46cm<\/p>","protected":false},"author":4,"featured_media":0,"parent":749,"menu_order":0,"comment_status":"closed","ping_status":"closed","template":"","meta":{"advgb_blocks_editor_width":"","advgb_blocks_columns_visual_guide":"","footnotes":""},"class_list":["post-4946","page","type-page","status-publish","hentry"],"yoast_head":"<!-- This site is optimized with the Yoast SEO plugin v27.4 - https:\/\/yoast.com\/product\/yoast-seo-wordpress\/ -->\n<title>Alu-Stuhl mit wetterfester Bespannung - OZG<\/title>\n<meta name=\"description\" content=\"Leichter Alu-Stuhl mit wetterfester Bespannung, Armlehnen, ergonomisch geformter R\u00fcckenlehne und Knierolle. Verf\u00fcgbar in vielen Farben.\" \/>\n<meta name=\"robots\" content=\"index, follow, max-snippet:-1, max-image-preview:large, max-video-preview:-1\" \/>\n<link rel=\"canonical\" href=\"https:\/\/objektmobiliar.ch\/fr\/meubles\/meubles-dexterieur-maisons-de-retraite\/chaise-en-alu-avec-toile\/\" \/>\n<meta property=\"og:locale\" content=\"fr_FR\" \/>\n<meta property=\"og:type\" content=\"article\" \/>\n<meta property=\"og:title\" content=\"Alu-Stuhl mit wetterfester Bespannung - OZG\" \/>\n<meta property=\"og:description\" content=\"Leichter Alu-Stuhl mit wetterfester Bespannung, Armlehnen, ergonomisch geformter R\u00fcckenlehne und Knierolle. Verf\u00fcgbar in vielen Farben.\" \/>\n<meta property=\"og:url\" content=\"https:\/\/objektmobiliar.ch\/fr\/meubles\/meubles-dexterieur-maisons-de-retraite\/chaise-en-alu-avec-toile\/\" \/>\n<meta property=\"og:site_name\" content=\"OZG HEALTHCARE\" \/>\n<meta property=\"article:modified_time\" content=\"2026-01-28T10:53:02+00:00\" \/>\n<meta name=\"twitter:card\" content=\"summary_large_image\" \/>\n<meta name=\"twitter:label1\" content=\"Dur\u00e9e de lecture estim\u00e9e\" \/>\n\t<meta name=\"twitter:data1\" content=\"4 minutes\" \/>\n<script type=\"application\/ld+json\" class=\"yoast-schema-graph\">{\"@context\":\"https:\\\/\\\/schema.org\",\"@graph\":[{\"@type\":\"WebPage\",\"@id\":\"https:\\\/\\\/objektmobiliar.ch\\\/moebel\\\/outdoor-moebel-pflegeheime\\\/alu-stuhl-mit-bespannung\\\/\",\"url\":\"https:\\\/\\\/objektmobiliar.ch\\\/moebel\\\/outdoor-moebel-pflegeheime\\\/alu-stuhl-mit-bespannung\\\/\",\"name\":\"Alu-Stuhl mit wetterfester Bespannung - OZG\",\"isPartOf\":{\"@id\":\"https:\\\/\\\/objektmobiliar.ch\\\/#website\"},\"datePublished\":\"2025-03-25T16:26:23+00:00\",\"dateModified\":\"2026-01-28T10:53:02+00:00\",\"description\":\"Leichter Alu-Stuhl mit wetterfester Bespannung, Armlehnen, ergonomisch geformter R\u00fcckenlehne und Knierolle. Verf\u00fcgbar in vielen Farben.\",\"breadcrumb\":{\"@id\":\"https:\\\/\\\/objektmobiliar.ch\\\/moebel\\\/outdoor-moebel-pflegeheime\\\/alu-stuhl-mit-bespannung\\\/#breadcrumb\"},\"inLanguage\":\"fr-FR\",\"potentialAction\":[{\"@type\":\"ReadAction\",\"target\":[\"https:\\\/\\\/objektmobiliar.ch\\\/moebel\\\/outdoor-moebel-pflegeheime\\\/alu-stuhl-mit-bespannung\\\/\"]}]},{\"@type\":\"BreadcrumbList\",\"@id\":\"https:\\\/\\\/objektmobiliar.ch\\\/moebel\\\/outdoor-moebel-pflegeheime\\\/alu-stuhl-mit-bespannung\\\/#breadcrumb\",\"itemListElement\":[{\"@type\":\"ListItem\",\"position\":1,\"name\":\"Startseite\",\"item\":\"https:\\\/\\\/objektmobiliar.ch\\\/\"},{\"@type\":\"ListItem\",\"position\":2,\"name\":\"M\u00f6bel\",\"item\":\"https:\\\/\\\/objektmobiliar.ch\\\/moebel\\\/\"},{\"@type\":\"ListItem\",\"position\":3,\"name\":\"Gartenm\u00f6bel\",\"item\":\"https:\\\/\\\/objektmobiliar.ch\\\/moebel\\\/outdoor-moebel-pflegeheime\\\/\"},{\"@type\":\"ListItem\",\"position\":4,\"name\":\"Outdoorstuhl Cortana\"}]},{\"@type\":\"WebSite\",\"@id\":\"https:\\\/\\\/objektmobiliar.ch\\\/#website\",\"url\":\"https:\\\/\\\/objektmobiliar.ch\\\/\",\"name\":\"OZG HEALTHCARE\",\"description\":\"Objektmobiliar f\u00fcr Pflege, B\u00fcro, Praxis &amp; Hotellerie\",\"potentialAction\":[{\"@type\":\"SearchAction\",\"target\":{\"@type\":\"EntryPoint\",\"urlTemplate\":\"https:\\\/\\\/objektmobiliar.ch\\\/?s={search_term_string}\"},\"query-input\":{\"@type\":\"PropertyValueSpecification\",\"valueRequired\":true,\"valueName\":\"search_term_string\"}}],\"inLanguage\":\"fr-FR\"}]}<\/script>\n<!-- \/ Yoast SEO plugin. -->","yoast_head_json":{"title":"Chaise en aluminium avec rev\u00eatement r\u00e9sistant aux intemp\u00e9ries - OZG","description":"Chaise l\u00e9g\u00e8re en aluminium avec toile r\u00e9sistante aux intemp\u00e9ries, accoudoirs, dossier ergonomique et genouill\u00e8re. Disponible en plusieurs couleurs.","robots":{"index":"index","follow":"follow","max-snippet":"max-snippet:-1","max-image-preview":"max-image-preview:large","max-video-preview":"max-video-preview:-1"},"canonical":"https:\/\/objektmobiliar.ch\/fr\/meubles\/meubles-dexterieur-maisons-de-retraite\/chaise-en-alu-avec-toile\/","og_locale":"fr_FR","og_type":"article","og_title":"Alu-Stuhl mit wetterfester Bespannung - OZG","og_description":"Leichter Alu-Stuhl mit wetterfester Bespannung, Armlehnen, ergonomisch geformter R\u00fcckenlehne und Knierolle. Verf\u00fcgbar in vielen Farben.","og_url":"https:\/\/objektmobiliar.ch\/fr\/meubles\/meubles-dexterieur-maisons-de-retraite\/chaise-en-alu-avec-toile\/","og_site_name":"OZG HEALTHCARE","article_modified_time":"2026-01-28T10:53:02+00:00","twitter_card":"summary_large_image","twitter_misc":{"Dur\u00e9e de lecture estim\u00e9e":"4 minutes"},"schema":{"@context":"https:\/\/schema.org","@graph":[{"@type":"WebPage","@id":"https:\/\/objektmobiliar.ch\/moebel\/outdoor-moebel-pflegeheime\/alu-stuhl-mit-bespannung\/","url":"https:\/\/objektmobiliar.ch\/moebel\/outdoor-moebel-pflegeheime\/alu-stuhl-mit-bespannung\/","name":"Chaise en aluminium avec rev\u00eatement r\u00e9sistant aux intemp\u00e9ries - OZG","isPartOf":{"@id":"https:\/\/objektmobiliar.ch\/#website"},"datePublished":"2025-03-25T16:26:23+00:00","dateModified":"2026-01-28T10:53:02+00:00","description":"Chaise l\u00e9g\u00e8re en aluminium avec toile r\u00e9sistante aux intemp\u00e9ries, accoudoirs, dossier ergonomique et genouill\u00e8re. Disponible en plusieurs couleurs.","breadcrumb":{"@id":"https:\/\/objektmobiliar.ch\/moebel\/outdoor-moebel-pflegeheime\/alu-stuhl-mit-bespannung\/#breadcrumb"},"inLanguage":"fr-FR","potentialAction":[{"@type":"ReadAction","target":["https:\/\/objektmobiliar.ch\/moebel\/outdoor-moebel-pflegeheime\/alu-stuhl-mit-bespannung\/"]}]},{"@type":"BreadcrumbList","@id":"https:\/\/objektmobiliar.ch\/moebel\/outdoor-moebel-pflegeheime\/alu-stuhl-mit-bespannung\/#breadcrumb","itemListElement":[{"@type":"ListItem","position":1,"name":"Startseite","item":"https:\/\/objektmobiliar.ch\/"},{"@type":"ListItem","position":2,"name":"M\u00f6bel","item":"https:\/\/objektmobiliar.ch\/moebel\/"},{"@type":"ListItem","position":3,"name":"Gartenm\u00f6bel","item":"https:\/\/objektmobiliar.ch\/moebel\/outdoor-moebel-pflegeheime\/"},{"@type":"ListItem","position":4,"name":"Outdoorstuhl Cortana"}]},{"@type":"WebSite","@id":"https:\/\/objektmobiliar.ch\/#website","url":"https:\/\/objektmobiliar.ch\/","name":"OZG HEALTHCARE","description":"Mobilier de collectivit\u00e9 pour les soins, les bureaux, les cabinets m\u00e9dicaux et l'h\u00f4tellerie","potentialAction":[{"@type":"SearchAction","target":{"@type":"EntryPoint","urlTemplate":"https:\/\/objektmobiliar.ch\/?s={search_term_string}"},"query-input":{"@type":"PropertyValueSpecification","valueRequired":true,"valueName":"search_term_string"}}],"inLanguage":"fr-FR"}]}},"coauthors":[],"author_meta":{"author_link":"https:\/\/objektmobiliar.ch\/fr\/author\/isa-dahmen\/","display_name":"Isa Dahmen"},"relative_dates":{"created":"Publi\u00e9 1 an il y a","modified":"Mis \u00e0 jour 3 mois il y a"},"absolute_dates":{"created":"Publi\u00e9 le mars 25, 2025","modified":"Mise \u00e0 jour le janvier 28, 2026"},"absolute_dates_time":{"created":"Publi\u00e9 le mars 25, 2025 4:26 pm","modified":"Mise \u00e0 jour le janvier 28, 2026 10:53 am"},"featured_img_caption":"","featured_img":false,"series_order":"","_links":{"self":[{"href":"https:\/\/objektmobiliar.ch\/fr\/wp-json\/wp\/v2\/pages\/4946","targetHints":{"allow":["GET"]}}],"collection":[{"href":"https:\/\/objektmobiliar.ch\/fr\/wp-json\/wp\/v2\/pages"}],"about":[{"href":"https:\/\/objektmobiliar.ch\/fr\/wp-json\/wp\/v2\/types\/page"}],"author":[{"embeddable":true,"href":"https:\/\/objektmobiliar.ch\/fr\/wp-json\/wp\/v2\/users\/4"}],"replies":[{"embeddable":true,"href":"https:\/\/objektmobiliar.ch\/fr\/wp-json\/wp\/v2\/comments?post=4946"}],"version-history":[{"count":8,"href":"https:\/\/objektmobiliar.ch\/fr\/wp-json\/wp\/v2\/pages\/4946\/revisions"}],"predecessor-version":[{"id":5801,"href":"https:\/\/objektmobiliar.ch\/fr\/wp-json\/wp\/v2\/pages\/4946\/revisions\/5801"}],"up":[{"embeddable":true,"href":"https:\/\/objektmobiliar.ch\/fr\/wp-json\/wp\/v2\/pages\/749"}],"wp:attachment":[{"href":"https:\/\/objektmobiliar.ch\/fr\/wp-json\/wp\/v2\/media?parent=4946"}],"curies":[{"name":"wp","href":"https:\/\/api.w.org\/{rel}","templated":true}]}}